{"id":5508,"date":"2025-10-02T12:35:12","date_gmt":"2025-10-02T10:35:12","guid":{"rendered":"https:\/\/dlb-aoer.de\/neu-isenburg\/?page_id=5508"},"modified":"2025-10-02T12:35:13","modified_gmt":"2025-10-02T10:35:13","slug":"papierkoerbe-und-dogstations","status":"publish","type":"page","link":"https:\/\/dlb-aoer.de\/neu-isenburg\/strassen\/strassenreinigung\/papierkoerbe-und-dogstations\/","title":{"rendered":"Papierk\u00f6rbe und Dogstations"},"content":{"rendered":"\t\t<div data-elementor-type=\"wp-post\" data-elementor-id=\"5508\" class=\"elementor elementor-5508\">\n\t\t\t\t\t\t\t\t\t<section class=\"elementor-section elementor-top-section elementor-element elementor-element-675b372 elementor-section-stretched elementor-section-boxed elementor-section-height-default elementor-section-height-default\" data-id=\"675b372\" data-element_type=\"section\" data-settings=\"{&quot;stretch_section&quot;:&quot;section-stretched&quot;}\">\n\t\t\t\t\t\t<div class=\"elementor-container elementor-column-gap-default\">\n\t\t\t\t\t<div class=\"elementor-column elementor-col-100 elementor-top-column elementor-element elementor-element-acf855d border-plus-margin\" data-id=\"acf855d\" data-element_type=\"column\">\n\t\t\t<div class=\"elementor-widget-wrap elementor-element-populated\">\n\t\t\t\t\t\t\t\t<section class=\"elementor-section elementor-inner-section elementor-element elementor-element-b4b63ba border-plus-margin elementor-section-boxed elementor-section-height-default elementor-section-height-default\" data-id=\"b4b63ba\" data-element_type=\"section\">\n\t\t\t\t\t\t<div class=\"elementor-container elementor-column-gap-default\">\n\t\t\t\t\t<div class=\"elementor-column elementor-col-50 elementor-inner-column elementor-element elementor-element-1501ac2\" data-id=\"1501ac2\" data-element_type=\"column\">\n\t\t\t<div class=\"elementor-widget-wrap elementor-element-populated\">\n\t\t\t\t\t\t\t\t<div class=\"elementor-element elementor-element-3705211 elementor-widget elementor-widget-image\" data-id=\"3705211\" data-element_type=\"widget\" data-widget_type=\"image.default\">\n\t\t\t\t<div class=\"elementor-widget-container\">\n\t\t\t\t\t\t\t\t\t\t\t\t\t\t\t<img loading=\"lazy\" decoding=\"async\" width=\"1024\" height=\"387\" src=\"https:\/\/dlb-aoer.de\/neu-isenburg\/wp-content\/uploads\/sites\/2\/2025\/10\/Titel-Papierkoerbe-1024x387.jpg\" class=\"attachment-large size-large wp-image-5534\" alt=\"Foto eines Papierkorbes. Grauer Papierkorb aus Kunststoff, mit orangem Decke. In der Mitte ein Aufkleber mit der Aufschrift &quot;Bitte f\u00fcttern&quot;\" srcset=\"https:\/\/dlb-aoer.de\/neu-isenburg\/wp-content\/uploads\/sites\/2\/2025\/10\/Titel-Papierkoerbe-1024x387.jpg 1024w, https:\/\/dlb-aoer.de\/neu-isenburg\/wp-content\/uploads\/sites\/2\/2025\/10\/Titel-Papierkoerbe-300x113.jpg 300w, https:\/\/dlb-aoer.de\/neu-isenburg\/wp-content\/uploads\/sites\/2\/2025\/10\/Titel-Papierkoerbe-768x290.jpg 768w, https:\/\/dlb-aoer.de\/neu-isenburg\/wp-content\/uploads\/sites\/2\/2025\/10\/Titel-Papierkoerbe-1536x580.jpg 1536w, https:\/\/dlb-aoer.de\/neu-isenburg\/wp-content\/uploads\/sites\/2\/2025\/10\/Titel-Papierkoerbe-2048x774.jpg 2048w, https:\/\/dlb-aoer.de\/neu-isenburg\/wp-content\/uploads\/sites\/2\/2025\/10\/Titel-Papierkoerbe-1000x378.jpg 1000w, https:\/\/dlb-aoer.de\/neu-isenburg\/wp-content\/uploads\/sites\/2\/2025\/10\/Titel-Papierkoerbe-230x87.jpg 230w, https:\/\/dlb-aoer.de\/neu-isenburg\/wp-content\/uploads\/sites\/2\/2025\/10\/Titel-Papierkoerbe-350x132.jpg 350w, https:\/\/dlb-aoer.de\/neu-isenburg\/wp-content\/uploads\/sites\/2\/2025\/10\/Titel-Papierkoerbe-480x181.jpg 480w\" sizes=\"auto, (max-width: 1024px) 100vw, 1024px\" \/>\t\t\t\t\t\t\t\t\t\t\t\t\t\t\t<\/div>\n\t\t\t\t<\/div>\n\t\t\t\t\t<\/div>\n\t\t<\/div>\n\t\t\t\t<div class=\"elementor-column elementor-col-50 elementor-inner-column elementor-element elementor-element-74a8db4\" data-id=\"74a8db4\" data-element_type=\"column\">\n\t\t\t<div class=\"elementor-widget-wrap elementor-element-populated\">\n\t\t\t\t\t\t\t\t<div class=\"elementor-element elementor-element-8eff328 elementor-widget elementor-widget-text-editor\" data-id=\"8eff328\" data-element_type=\"widget\" data-widget_type=\"text-editor.default\">\n\t\t\t\t<div class=\"elementor-widget-container\">\n\t\t\t\t\t\t\t<p><strong style=\"background-color: transparent;\">Ansprechpartner<\/strong><\/p><p>Tel. 06102-3702-0<\/p><p><a href=\"mailto:strassenreinigung@dlb-aoer.de\"><img loading=\"lazy\" decoding=\"async\" class=\"alignnone wp-image-2828\" src=\"https:\/\/dlb-aoer.de\/dreieich\/wp-content\/uploads\/sites\/4\/2022\/08\/Email3.png\" alt=\"E-Mail schreiben\" width=\"45\" height=\"37\" \/><\/a><\/p>\t\t\t\t\t\t<\/div>\n\t\t\t\t<\/div>\n\t\t\t\t\t<\/div>\n\t\t<\/div>\n\t\t\t\t\t\t\t<\/div>\n\t\t<\/section>\n\t\t\t\t<section class=\"elementor-section elementor-inner-section elementor-element elementor-element-2f69906 elementor-section-boxed elementor-section-height-default elementor-section-height-default\" data-id=\"2f69906\" data-element_type=\"section\">\n\t\t\t\t\t\t<div class=\"elementor-container elementor-column-gap-default\">\n\t\t\t\t\t<div class=\"elementor-column elementor-col-50 elementor-inner-column elementor-element elementor-element-6325c17\" data-id=\"6325c17\" data-element_type=\"column\">\n\t\t\t<div class=\"elementor-widget-wrap elementor-element-populated\">\n\t\t\t\t\t\t\t\t<div class=\"elementor-element elementor-element-e9980cf elementor-widget elementor-widget-text-editor\" data-id=\"e9980cf\" data-element_type=\"widget\" data-widget_type=\"text-editor.default\">\n\t\t\t\t<div class=\"elementor-widget-container\">\n\t\t\t\t\t\t\t<p>S\u00e4mtliche Papierk\u00f6rbe im \u00f6ffentlichen Stra\u00dfenraum liegen in unserem Zust\u00e4ndigkeitsbereich. Ebenso betreuen wir die Hundekotstationen (Dog-Stations), d.h. wir \u00fcbernehmen die Bef\u00fcllung mit Beuteln und Leeren die Beh\u00e4lter.<\/p><p>Ein Verzeichnis aller Dog-Stations finden Sie im <a href=\"https:\/\/dlb-aoer.de\/neu-isenburg\/wp-content\/uploads\/sites\/2\/2020\/11\/DLB-Flyer-Hundestadtfuehrer_WEB-Ge\u00e4ndert.pdf\" target=\"_blank\" rel=\"noopener\">DLB-Flyer-Hundestadtfuehrer <\/a>oder im <a href=\"https:\/\/neu-isenburg.mein-abfallkalender.online\/containerstandorte_os\" target=\"_blank\" rel=\"noopener\">Abfallkalender Online<\/a>\u00a0in der Rubrik Containerstandorte.<\/p><p>Sollten Papierk\u00f6rbe oder Dogstations \u00fcberf\u00fcllt oder defekt sein, k\u00f6nnen Sie eine M\u00e4ngelmeldung \u00fcber den Onlinemelder der Stadt Neu-Isenburg\u00a0 &#8222;<a href=\"https:\/\/neu-isenburg.maengelmelder.dlb-aoer.de\/#pageid=1&amp;organizationid=595\">Sag&#8217;s uns<\/a>&#8220; abgeben.<\/p><p>\u00a0<\/p>\t\t\t\t\t\t<\/div>\n\t\t\t\t<\/div>\n\t\t\t\t\t<\/div>\n\t\t<\/div>\n\t\t\t\t<div class=\"elementor-column elementor-col-50 elementor-inner-column elementor-element elementor-element-c43a2c7\" data-id=\"c43a2c7\" data-element_type=\"column\">\n\t\t\t<div class=\"elementor-widget-wrap elementor-element-populated\">\n\t\t\t\t\t\t\t\t<div class=\"elementor-element elementor-element-5393da3 elementor-widget elementor-widget-image\" data-id=\"5393da3\" data-element_type=\"widget\" data-widget_type=\"image.default\">\n\t\t\t\t<div class=\"elementor-widget-container\">\n\t\t\t\t\t\t\t\t\t\t\t\t\t\t\t<img decoding=\"async\" src=\"https:\/\/dlb-aoer.de\/dreieich\/wp-content\/uploads\/sites\/4\/2021\/12\/DLB-Mascot-Pose-14-transparent.png\" title=\"\" alt=\"\" loading=\"lazy\" \/>\t\t\t\t\t\t\t\t\t\t\t\t\t\t\t<\/div>\n\t\t\t\t<\/div>\n\t\t\t\t\t<\/div>\n\t\t<\/div>\n\t\t\t\t\t\t\t<\/div>\n\t\t<\/section>\n\t\t\t\t\t<\/div>\n\t\t<\/div>\n\t\t\t\t\t\t\t<\/div>\n\t\t<\/section>\n\t\t\t\t\t\t\t<\/div>\n\t\t","protected":false},"excerpt":{"rendered":"<p>Ansprechpartner Tel. 06102-3702-0 S\u00e4mtliche Papierk\u00f6rbe im \u00f6ffentlichen Stra\u00dfenraum liegen in unserem Zust\u00e4ndigkeitsbereich. Ebenso betreuen wir die Hundekotstationen (Dog-Stations), d.h. wir \u00fcbernehmen die [&hellip;]<\/p>\n","protected":false},"author":2,"featured_media":5534,"parent":323,"menu_order":1,"comment_status":"closed","ping_status":"closed","template":"","meta":{"inline_featured_image":false,"footnotes":"","_links_to":"","_links_to_target":""},"class_list":["post-5508","page","type-page","status-publish","has-post-thumbnail","hentry"],"yoast_head":"<!-- This site is optimized with the Yoast SEO plugin v21.6 - https:\/\/yoast.com\/wordpress\/plugins\/seo\/ -->\n<title>Papierk\u00f6rbe und Dogstations - DLB Neu-Isenburg<\/title>\n<meta name=\"robots\" content=\"index, follow, max-snippet:-1, max-image-preview:large, max-video-preview:-1\" \/>\n<link rel=\"canonical\" href=\"https:\/\/dlb-aoer.de\/neu-isenburg\/strassen\/strassenreinigung\/papierkoerbe-und-dogstations\/\" \/>\n<meta property=\"og:locale\" content=\"de_DE\" \/>\n<meta property=\"og:type\" content=\"article\" \/>\n<meta property=\"og:title\" content=\"Papierk\u00f6rbe und Dogstations - DLB Neu-Isenburg\" \/>\n<meta property=\"og:description\" content=\"Ansprechpartner Tel. 06102-3702-0 S\u00e4mtliche Papierk\u00f6rbe im \u00f6ffentlichen Stra\u00dfenraum liegen in unserem Zust\u00e4ndigkeitsbereich. Ebenso betreuen wir die Hundekotstationen (Dog-Stations), d.h. wir \u00fcbernehmen die [&hellip;]\" \/>\n<meta property=\"og:url\" content=\"https:\/\/dlb-aoer.de\/neu-isenburg\/strassen\/strassenreinigung\/papierkoerbe-und-dogstations\/\" \/>\n<meta property=\"og:site_name\" content=\"DLB Neu-Isenburg\" \/>\n<meta property=\"article:modified_time\" content=\"2025-10-02T10:35:13+00:00\" \/>\n<meta property=\"og:image\" content=\"https:\/\/dlb-aoer.de\/neu-isenburg\/wp-content\/uploads\/sites\/2\/2025\/10\/Titel-Papierkoerbe-scaled.jpg\" \/>\n\t<meta property=\"og:image:width\" content=\"2560\" \/>\n\t<meta property=\"og:image:height\" content=\"967\" \/>\n\t<meta property=\"og:image:type\" content=\"image\/jpeg\" \/>\n<meta name=\"twitter:card\" content=\"summary_large_image\" \/>\n<meta name=\"twitter:label1\" content=\"Gesch\u00e4tzte Lesezeit\" \/>\n\t<meta name=\"twitter:data1\" content=\"1\u00a0Minute\" \/>\n<script type=\"application\/ld+json\" class=\"yoast-schema-graph\">{\"@context\":\"https:\/\/schema.org\",\"@graph\":[{\"@type\":\"WebPage\",\"@id\":\"https:\/\/dlb-aoer.de\/neu-isenburg\/strassen\/strassenreinigung\/papierkoerbe-und-dogstations\/\",\"url\":\"https:\/\/dlb-aoer.de\/neu-isenburg\/strassen\/strassenreinigung\/papierkoerbe-und-dogstations\/\",\"name\":\"Papierk\u00f6rbe und Dogstations - DLB Neu-Isenburg\",\"isPartOf\":{\"@id\":\"https:\/\/dlb-aoer.de\/neu-isenburg\/#website\"},\"datePublished\":\"2025-10-02T10:35:12+00:00\",\"dateModified\":\"2025-10-02T10:35:13+00:00\",\"breadcrumb\":{\"@id\":\"https:\/\/dlb-aoer.de\/neu-isenburg\/strassen\/strassenreinigung\/papierkoerbe-und-dogstations\/#breadcrumb\"},\"inLanguage\":\"de\",\"potentialAction\":[{\"@type\":\"ReadAction\",\"target\":[\"https:\/\/dlb-aoer.de\/neu-isenburg\/strassen\/strassenreinigung\/papierkoerbe-und-dogstations\/\"]}]},{\"@type\":\"BreadcrumbList\",\"@id\":\"https:\/\/dlb-aoer.de\/neu-isenburg\/strassen\/strassenreinigung\/papierkoerbe-und-dogstations\/#breadcrumb\",\"itemListElement\":[{\"@type\":\"ListItem\",\"position\":1,\"name\":\"Startseite\",\"item\":\"https:\/\/dlb-aoer.de\/neu-isenburg\/\"},{\"@type\":\"ListItem\",\"position\":2,\"name\":\"Stra\u00dfen\",\"item\":\"https:\/\/dlb-aoer.de\/neu-isenburg\/strassen\/\"},{\"@type\":\"ListItem\",\"position\":3,\"name\":\"Stra\u00dfenreinigung\",\"item\":\"https:\/\/dlb-aoer.de\/neu-isenburg\/strassen\/strassenreinigung\/\"},{\"@type\":\"ListItem\",\"position\":4,\"name\":\"Papierk\u00f6rbe und Dogstations\"}]},{\"@type\":\"WebSite\",\"@id\":\"https:\/\/dlb-aoer.de\/neu-isenburg\/#website\",\"url\":\"https:\/\/dlb-aoer.de\/neu-isenburg\/\",\"name\":\"DLB Neu-Isenburg\",\"description\":\"\",\"publisher\":{\"@id\":\"https:\/\/dlb-aoer.de\/neu-isenburg\/#organization\"},\"potentialAction\":[{\"@type\":\"SearchAction\",\"target\":{\"@type\":\"EntryPoint\",\"urlTemplate\":\"https:\/\/dlb-aoer.de\/neu-isenburg\/?s={search_term_string}\"},\"query-input\":\"required name=search_term_string\"}],\"inLanguage\":\"de\"},{\"@type\":\"Organization\",\"@id\":\"https:\/\/dlb-aoer.de\/neu-isenburg\/#organization\",\"name\":\"Dienstleistungsbetrieb Dreieich und Neu-Isenburg A\u00f6R\",\"url\":\"https:\/\/dlb-aoer.de\/neu-isenburg\/\",\"logo\":{\"@type\":\"ImageObject\",\"inLanguage\":\"de\",\"@id\":\"https:\/\/dlb-aoer.de\/neu-isenburg\/#\/schema\/logo\/image\/\",\"url\":\"https:\/\/dlb-aoer.de\/neu-isenburg\/wp-content\/uploads\/sites\/2\/2019\/10\/DLB_Logo_orange.svg\",\"contentUrl\":\"https:\/\/dlb-aoer.de\/neu-isenburg\/wp-content\/uploads\/sites\/2\/2019\/10\/DLB_Logo_orange.svg\",\"width\":1,\"height\":1,\"caption\":\"Dienstleistungsbetrieb Dreieich und Neu-Isenburg A\u00f6R\"},\"image\":{\"@id\":\"https:\/\/dlb-aoer.de\/neu-isenburg\/#\/schema\/logo\/image\/\"}}]}<\/script>\n<!-- \/ Yoast SEO plugin. -->","yoast_head_json":{"title":"Papierk\u00f6rbe und Dogstations - DLB Neu-Isenburg","robots":{"index":"index","follow":"follow","max-snippet":"max-snippet:-1","max-image-preview":"max-image-preview:large","max-video-preview":"max-video-preview:-1"},"canonical":"https:\/\/dlb-aoer.de\/neu-isenburg\/strassen\/strassenreinigung\/papierkoerbe-und-dogstations\/","og_locale":"de_DE","og_type":"article","og_title":"Papierk\u00f6rbe und Dogstations - DLB Neu-Isenburg","og_description":"Ansprechpartner Tel. 06102-3702-0 S\u00e4mtliche Papierk\u00f6rbe im \u00f6ffentlichen Stra\u00dfenraum liegen in unserem Zust\u00e4ndigkeitsbereich. Ebenso betreuen wir die Hundekotstationen (Dog-Stations), d.h. wir \u00fcbernehmen die [&hellip;]","og_url":"https:\/\/dlb-aoer.de\/neu-isenburg\/strassen\/strassenreinigung\/papierkoerbe-und-dogstations\/","og_site_name":"DLB Neu-Isenburg","article_modified_time":"2025-10-02T10:35:13+00:00","og_image":[{"width":2560,"height":967,"url":"https:\/\/dlb-aoer.de\/neu-isenburg\/wp-content\/uploads\/sites\/2\/2025\/10\/Titel-Papierkoerbe-scaled.jpg","type":"image\/jpeg"}],"twitter_card":"summary_large_image","twitter_misc":{"Gesch\u00e4tzte Lesezeit":"1\u00a0Minute"},"schema":{"@context":"https:\/\/schema.org","@graph":[{"@type":"WebPage","@id":"https:\/\/dlb-aoer.de\/neu-isenburg\/strassen\/strassenreinigung\/papierkoerbe-und-dogstations\/","url":"https:\/\/dlb-aoer.de\/neu-isenburg\/strassen\/strassenreinigung\/papierkoerbe-und-dogstations\/","name":"Papierk\u00f6rbe und Dogstations - DLB Neu-Isenburg","isPartOf":{"@id":"https:\/\/dlb-aoer.de\/neu-isenburg\/#website"},"datePublished":"2025-10-02T10:35:12+00:00","dateModified":"2025-10-02T10:35:13+00:00","breadcrumb":{"@id":"https:\/\/dlb-aoer.de\/neu-isenburg\/strassen\/strassenreinigung\/papierkoerbe-und-dogstations\/#breadcrumb"},"inLanguage":"de","potentialAction":[{"@type":"ReadAction","target":["https:\/\/dlb-aoer.de\/neu-isenburg\/strassen\/strassenreinigung\/papierkoerbe-und-dogstations\/"]}]},{"@type":"BreadcrumbList","@id":"https:\/\/dlb-aoer.de\/neu-isenburg\/strassen\/strassenreinigung\/papierkoerbe-und-dogstations\/#breadcrumb","itemListElement":[{"@type":"ListItem","position":1,"name":"Startseite","item":"https:\/\/dlb-aoer.de\/neu-isenburg\/"},{"@type":"ListItem","position":2,"name":"Stra\u00dfen","item":"https:\/\/dlb-aoer.de\/neu-isenburg\/strassen\/"},{"@type":"ListItem","position":3,"name":"Stra\u00dfenreinigung","item":"https:\/\/dlb-aoer.de\/neu-isenburg\/strassen\/strassenreinigung\/"},{"@type":"ListItem","position":4,"name":"Papierk\u00f6rbe und Dogstations"}]},{"@type":"WebSite","@id":"https:\/\/dlb-aoer.de\/neu-isenburg\/#website","url":"https:\/\/dlb-aoer.de\/neu-isenburg\/","name":"DLB Neu-Isenburg","description":"","publisher":{"@id":"https:\/\/dlb-aoer.de\/neu-isenburg\/#organization"},"potentialAction":[{"@type":"SearchAction","target":{"@type":"EntryPoint","urlTemplate":"https:\/\/dlb-aoer.de\/neu-isenburg\/?s={search_term_string}"},"query-input":"required name=search_term_string"}],"inLanguage":"de"},{"@type":"Organization","@id":"https:\/\/dlb-aoer.de\/neu-isenburg\/#organization","name":"Dienstleistungsbetrieb Dreieich und Neu-Isenburg A\u00f6R","url":"https:\/\/dlb-aoer.de\/neu-isenburg\/","logo":{"@type":"ImageObject","inLanguage":"de","@id":"https:\/\/dlb-aoer.de\/neu-isenburg\/#\/schema\/logo\/image\/","url":"https:\/\/dlb-aoer.de\/neu-isenburg\/wp-content\/uploads\/sites\/2\/2019\/10\/DLB_Logo_orange.svg","contentUrl":"https:\/\/dlb-aoer.de\/neu-isenburg\/wp-content\/uploads\/sites\/2\/2019\/10\/DLB_Logo_orange.svg","width":1,"height":1,"caption":"Dienstleistungsbetrieb Dreieich und Neu-Isenburg A\u00f6R"},"image":{"@id":"https:\/\/dlb-aoer.de\/neu-isenburg\/#\/schema\/logo\/image\/"}}]}},"_links":{"self":[{"href":"https:\/\/dlb-aoer.de\/neu-isenburg\/wp-json\/wp\/v2\/pages\/5508","targetHints":{"allow":["GET"]}}],"collection":[{"href":"https:\/\/dlb-aoer.de\/neu-isenburg\/wp-json\/wp\/v2\/pages"}],"about":[{"href":"https:\/\/dlb-aoer.de\/neu-isenburg\/wp-json\/wp\/v2\/types\/page"}],"author":[{"embeddable":true,"href":"https:\/\/dlb-aoer.de\/neu-isenburg\/wp-json\/wp\/v2\/users\/2"}],"replies":[{"embeddable":true,"href":"https:\/\/dlb-aoer.de\/neu-isenburg\/wp-json\/wp\/v2\/comments?post=5508"}],"version-history":[{"count":10,"href":"https:\/\/dlb-aoer.de\/neu-isenburg\/wp-json\/wp\/v2\/pages\/5508\/revisions"}],"predecessor-version":[{"id":5537,"href":"https:\/\/dlb-aoer.de\/neu-isenburg\/wp-json\/wp\/v2\/pages\/5508\/revisions\/5537"}],"up":[{"embeddable":true,"href":"https:\/\/dlb-aoer.de\/neu-isenburg\/wp-json\/wp\/v2\/pages\/323"}],"wp:featuredmedia":[{"embeddable":true,"href":"https:\/\/dlb-aoer.de\/neu-isenburg\/wp-json\/wp\/v2\/media\/5534"}],"wp:attachment":[{"href":"https:\/\/dlb-aoer.de\/neu-isenburg\/wp-json\/wp\/v2\/media?parent=5508"}],"curies":[{"name":"wp","href":"https:\/\/api.w.org\/{rel}","templated":true}]}}