{"id":5497,"date":"2025-10-02T12:38:13","date_gmt":"2025-10-02T10:38:13","guid":{"rendered":"https:\/\/dlb-aoer.de\/neu-isenburg\/?page_id=5497"},"modified":"2025-10-02T13:55:49","modified_gmt":"2025-10-02T11:55:49","slug":"anliegerreinigung","status":"publish","type":"page","link":"https:\/\/dlb-aoer.de\/neu-isenburg\/strassen\/strassenreinigung\/anliegerreinigung\/","title":{"rendered":"Anliegerreinigung"},"content":{"rendered":"\t\t<div data-elementor-type=\"wp-post\" data-elementor-id=\"5497\" class=\"elementor elementor-5497\">\n\t\t\t\t\t\t\t\t\t<section class=\"elementor-section elementor-top-section elementor-element elementor-element-786ad7a elementor-section-stretched elementor-section-boxed elementor-section-height-default elementor-section-height-default\" data-id=\"786ad7a\" data-element_type=\"section\" data-settings=\"{&quot;stretch_section&quot;:&quot;section-stretched&quot;}\">\n\t\t\t\t\t\t<div class=\"elementor-container elementor-column-gap-default\">\n\t\t\t\t\t<div class=\"elementor-column elementor-col-100 elementor-top-column elementor-element elementor-element-748f74f\" data-id=\"748f74f\" data-element_type=\"column\">\n\t\t\t<div class=\"elementor-widget-wrap elementor-element-populated\">\n\t\t\t\t\t\t\t\t<section class=\"elementor-section elementor-inner-section elementor-element elementor-element-250ed61 border-plus-margin elementor-section-boxed elementor-section-height-default elementor-section-height-default\" data-id=\"250ed61\" data-element_type=\"section\">\n\t\t\t\t\t\t<div class=\"elementor-container elementor-column-gap-default\">\n\t\t\t\t\t<div class=\"elementor-column elementor-col-50 elementor-inner-column elementor-element elementor-element-c2a8dfb\" data-id=\"c2a8dfb\" data-element_type=\"column\">\n\t\t\t<div class=\"elementor-widget-wrap elementor-element-populated\">\n\t\t\t\t\t\t\t\t<div class=\"elementor-element elementor-element-94aa351 elementor-widget elementor-widget-image\" data-id=\"94aa351\" data-element_type=\"widget\" data-widget_type=\"image.default\">\n\t\t\t\t<div class=\"elementor-widget-container\">\n\t\t\t\t\t\t\t\t\t\t\t\t\t\t\t<img loading=\"lazy\" decoding=\"async\" width=\"1024\" height=\"387\" src=\"https:\/\/dlb-aoer.de\/neu-isenburg\/wp-content\/uploads\/sites\/2\/2025\/10\/Titel-Anliegerreinigung-1024x387.jpg\" class=\"attachment-large size-large wp-image-5527\" alt=\"Foto eines Besens der Kehricht zusammenfegt.\" srcset=\"https:\/\/dlb-aoer.de\/neu-isenburg\/wp-content\/uploads\/sites\/2\/2025\/10\/Titel-Anliegerreinigung-1024x387.jpg 1024w, https:\/\/dlb-aoer.de\/neu-isenburg\/wp-content\/uploads\/sites\/2\/2025\/10\/Titel-Anliegerreinigung-300x113.jpg 300w, https:\/\/dlb-aoer.de\/neu-isenburg\/wp-content\/uploads\/sites\/2\/2025\/10\/Titel-Anliegerreinigung-768x290.jpg 768w, https:\/\/dlb-aoer.de\/neu-isenburg\/wp-content\/uploads\/sites\/2\/2025\/10\/Titel-Anliegerreinigung-1536x580.jpg 1536w, https:\/\/dlb-aoer.de\/neu-isenburg\/wp-content\/uploads\/sites\/2\/2025\/10\/Titel-Anliegerreinigung-2048x774.jpg 2048w, https:\/\/dlb-aoer.de\/neu-isenburg\/wp-content\/uploads\/sites\/2\/2025\/10\/Titel-Anliegerreinigung-1000x378.jpg 1000w, https:\/\/dlb-aoer.de\/neu-isenburg\/wp-content\/uploads\/sites\/2\/2025\/10\/Titel-Anliegerreinigung-230x87.jpg 230w, https:\/\/dlb-aoer.de\/neu-isenburg\/wp-content\/uploads\/sites\/2\/2025\/10\/Titel-Anliegerreinigung-350x132.jpg 350w, https:\/\/dlb-aoer.de\/neu-isenburg\/wp-content\/uploads\/sites\/2\/2025\/10\/Titel-Anliegerreinigung-480x181.jpg 480w\" sizes=\"auto, (max-width: 1024px) 100vw, 1024px\" \/>\t\t\t\t\t\t\t\t\t\t\t\t\t\t\t<\/div>\n\t\t\t\t<\/div>\n\t\t\t\t\t<\/div>\n\t\t<\/div>\n\t\t\t\t<div class=\"elementor-column elementor-col-50 elementor-inner-column elementor-element elementor-element-1c77d89\" data-id=\"1c77d89\" data-element_type=\"column\">\n\t\t\t<div class=\"elementor-widget-wrap elementor-element-populated\">\n\t\t\t\t\t\t\t\t<div class=\"elementor-element elementor-element-1638986 elementor-widget elementor-widget-text-editor\" data-id=\"1638986\" data-element_type=\"widget\" data-widget_type=\"text-editor.default\">\n\t\t\t\t<div class=\"elementor-widget-container\">\n\t\t\t\t\t\t\t<p><strong style=\"background-color: transparent;\">Ansprechpartner<\/strong><\/p><p>Tel. 06102-3702-0<\/p><p><a href=\"mailto:strassenreinigung@dlb-aoer.de\"><img loading=\"lazy\" decoding=\"async\" class=\"alignnone wp-image-2828\" src=\"https:\/\/dlb-aoer.de\/dreieich\/wp-content\/uploads\/sites\/4\/2022\/08\/Email3.png\" alt=\"E-Mail schreiben\" width=\"45\" height=\"37\" \/><\/a><\/p><p><a href=\"https:\/\/dlb-aoer.de\/neu-isenburg\/wp-content\/uploads\/sites\/2\/2019\/05\/3-1_strassenreinigung_1403.pdf\">Stra\u00dfenreinigungssatzung<\/a><\/p>\t\t\t\t\t\t<\/div>\n\t\t\t\t<\/div>\n\t\t\t\t\t<\/div>\n\t\t<\/div>\n\t\t\t\t\t\t\t<\/div>\n\t\t<\/section>\n\t\t\t\t<section class=\"elementor-section elementor-inner-section elementor-element elementor-element-046e49e border-plus-margin elementor-section-boxed elementor-section-height-default elementor-section-height-default\" data-id=\"046e49e\" data-element_type=\"section\">\n\t\t\t\t\t\t<div class=\"elementor-container elementor-column-gap-default\">\n\t\t\t\t\t<div class=\"elementor-column elementor-col-100 elementor-inner-column elementor-element elementor-element-cefa4a5\" data-id=\"cefa4a5\" data-element_type=\"column\">\n\t\t\t<div class=\"elementor-widget-wrap elementor-element-populated\">\n\t\t\t\t\t\t\t\t<div class=\"elementor-element elementor-element-d7733a4 elementor-widget elementor-widget-heading\" data-id=\"d7733a4\" data-element_type=\"widget\" data-widget_type=\"heading.default\">\n\t\t\t\t<div class=\"elementor-widget-container\">\n\t\t\t<h2 class=\"elementor-heading-title elementor-size-default\">Informationen zur Stra\u00dfen-\/Gehwegreinigung durch Anlieger\n<\/h2>\t\t<\/div>\n\t\t\t\t<\/div>\n\t\t\t\t<div class=\"elementor-element elementor-element-3cd3d35 elementor-widget elementor-widget-text-editor\" data-id=\"3cd3d35\" data-element_type=\"widget\" data-widget_type=\"text-editor.default\">\n\t\t\t\t<div class=\"elementor-widget-container\">\n\t\t\t\t\t\t\t<p>In Neu-Isenburg ist die Verpflichtung zur Reinigung der Gehwege und Stra\u00dfen per Satzung auf die Anlieger bzw. Grundst\u00fcckseigent\u00fcmer \u00fcbertragen. In welcher Form diese ausgef\u00fchrt werden muss, ist konkret der Stra\u00dfenreinigungssatzung zu entnehmen. Nachfolgend sind die wichtigsten Regelungen zusammengefasst.<\/p><p>\u00a0<\/p>\t\t\t\t\t\t<\/div>\n\t\t\t\t<\/div>\n\t\t\t\t<div class=\"elementor-element elementor-element-48dd479 elementor-widget elementor-widget-heading\" data-id=\"48dd479\" data-element_type=\"widget\" data-widget_type=\"heading.default\">\n\t\t\t\t<div class=\"elementor-widget-container\">\n\t\t\t<h3 class=\"elementor-heading-title elementor-size-default\">Wer ist f\u00fcr die Stra\u00dfen- und Gehwegreinigung zust\u00e4ndig?<\/h3>\t\t<\/div>\n\t\t\t\t<\/div>\n\t\t\t\t<div class=\"elementor-element elementor-element-4f4826c elementor-widget elementor-widget-text-editor\" data-id=\"4f4826c\" data-element_type=\"widget\" data-widget_type=\"text-editor.default\">\n\t\t\t\t<div class=\"elementor-widget-container\">\n\t\t\t\t\t\t\t<p>Wer f\u00fcr die Stra\u00dfen- und Gehwegreinigung zust\u00e4ndig ist, ergibt sich aus der Stra\u00dfenreinigungssatzung der Stadt Neu-Isenburg. Hierin ist geregelt, dass innerhalb der geschlossenen Ortslage die Stra\u00dfen- und Gehwegreinigung den Anliegern \u00fcbertragen ist.<\/p>\n<p>Anlieger sind Eigent\u00fcmer deren Grundst\u00fccke an der Stra\u00dfe\/Gehweg anliegen oder die durch diese erschlossen sind.<\/p>\t\t\t\t\t\t<\/div>\n\t\t\t\t<\/div>\n\t\t\t\t\t<\/div>\n\t\t<\/div>\n\t\t\t\t\t\t\t<\/div>\n\t\t<\/section>\n\t\t\t\t<section class=\"elementor-section elementor-inner-section elementor-element elementor-element-b9f7dd8 border-plus-margin elementor-section-boxed elementor-section-height-default elementor-section-height-default\" data-id=\"b9f7dd8\" data-element_type=\"section\">\n\t\t\t\t\t\t<div class=\"elementor-container elementor-column-gap-default\">\n\t\t\t\t\t<div class=\"elementor-column elementor-col-100 elementor-inner-column elementor-element elementor-element-9195bc2\" data-id=\"9195bc2\" data-element_type=\"column\">\n\t\t\t<div class=\"elementor-widget-wrap elementor-element-populated\">\n\t\t\t\t\t\t\t\t<div class=\"elementor-element elementor-element-85d7d97 elementor-widget elementor-widget-heading\" data-id=\"85d7d97\" data-element_type=\"widget\" data-widget_type=\"heading.default\">\n\t\t\t\t<div class=\"elementor-widget-container\">\n\t\t\t<h3 class=\"elementor-heading-title elementor-size-default\">Was umfasst die Stra\u00dfenreinigungspflicht?<\/h3>\t\t<\/div>\n\t\t\t\t<\/div>\n\t\t\t\t<div class=\"elementor-element elementor-element-c85a231 elementor-widget elementor-widget-text-editor\" data-id=\"c85a231\" data-element_type=\"widget\" data-widget_type=\"text-editor.default\">\n\t\t\t\t<div class=\"elementor-widget-container\">\n\t\t\t\t\t\t\t<p>Die Stra\u00dfenreinigungspflicht umfasst:<\/p>\n<ul>\n<li>eine Reinigung aller \u00f6ffentlichen Stra\u00dfen, Wege und Pl\u00e4tze innerhalb der geschlossenen Ortslage einschlie\u00dflich der Fahrbahnen, Geh- und Radwege, Stra\u00dfenrinnen, Parkpl\u00e4tze\/Parkstreifen, Fu\u00dfg\u00e4ngerstra\u00dfen, \u00dcberwege, B\u00f6schungen, St\u00fctzmauern und \u00c4hnliches.<\/li>\n<li>die Beseitigung von Gras, Unkraut, Laub, Kehricht, Schlamm und sonstigen Unrats jeglicher Art.<\/li>\n<li>die ordnungsgem\u00e4\u00dfe Beseitigung des Stra\u00dfenkehrichts<\/li>\n<\/ul>\t\t\t\t\t\t<\/div>\n\t\t\t\t<\/div>\n\t\t\t\t\t<\/div>\n\t\t<\/div>\n\t\t\t\t\t\t\t<\/div>\n\t\t<\/section>\n\t\t\t\t<section class=\"elementor-section elementor-inner-section elementor-element elementor-element-65ec6bd border-plus-margin elementor-section-boxed elementor-section-height-default elementor-section-height-default\" data-id=\"65ec6bd\" data-element_type=\"section\">\n\t\t\t\t\t\t<div class=\"elementor-container elementor-column-gap-default\">\n\t\t\t\t\t<div class=\"elementor-column elementor-col-100 elementor-inner-column elementor-element elementor-element-e8bfc23\" data-id=\"e8bfc23\" data-element_type=\"column\">\n\t\t\t<div class=\"elementor-widget-wrap elementor-element-populated\">\n\t\t\t\t\t\t\t\t<div class=\"elementor-element elementor-element-e8abff9 elementor-widget elementor-widget-heading\" data-id=\"e8abff9\" data-element_type=\"widget\" data-widget_type=\"heading.default\">\n\t\t\t\t<div class=\"elementor-widget-container\">\n\t\t\t<h3 class=\"elementor-heading-title elementor-size-default\">In welchem Umfang ist zu reinigen?<\/h3>\t\t<\/div>\n\t\t\t\t<\/div>\n\t\t\t\t<div class=\"elementor-element elementor-element-6becbe6 elementor-widget elementor-widget-text-editor\" data-id=\"6becbe6\" data-element_type=\"widget\" data-widget_type=\"text-editor.default\">\n\t\t\t\t<div class=\"elementor-widget-container\">\n\t\t\t\t\t\t\t<ul>\n<li>Die Reinigungsarbeiten sind bei Bedarf, mindestens jedoch einmal w\u00f6chentlich durchzuf\u00fchren.<\/li>\n<li>Die zu reinigende Fl\u00e4che erstreckt sich vom Grundst\u00fcck aus &#8211; in der Breite, in der es zu einer oder mehreren Stra\u00dfen hin liegt &#8211; bis zum Ende des Gehwegrandes mit Stra\u00dfenrinne bis zur Stra\u00dfenmitte. Bei Eckgrundst\u00fccken vergr\u00f6\u00dfert sich die Reinigungsfl\u00e4che dementsprechend<\/li>\n<\/ul>\t\t\t\t\t\t<\/div>\n\t\t\t\t<\/div>\n\t\t\t\t\t<\/div>\n\t\t<\/div>\n\t\t\t\t\t\t\t<\/div>\n\t\t<\/section>\n\t\t\t\t<section class=\"elementor-section elementor-inner-section elementor-element elementor-element-09ed404 border-plus-margin elementor-section-boxed elementor-section-height-default elementor-section-height-default\" data-id=\"09ed404\" data-element_type=\"section\">\n\t\t\t\t\t\t<div class=\"elementor-container elementor-column-gap-default\">\n\t\t\t\t\t<div class=\"elementor-column elementor-col-100 elementor-inner-column elementor-element elementor-element-087d8e7\" data-id=\"087d8e7\" data-element_type=\"column\">\n\t\t\t<div class=\"elementor-widget-wrap elementor-element-populated\">\n\t\t\t\t\t\t\t\t<div class=\"elementor-element elementor-element-62327c8 elementor-widget elementor-widget-heading\" data-id=\"62327c8\" data-element_type=\"widget\" data-widget_type=\"heading.default\">\n\t\t\t\t<div class=\"elementor-widget-container\">\n\t\t\t<h3 class=\"elementor-heading-title elementor-size-default\">Darf ich die Reinigungspflicht auf Mieter \u00fcbertragen?<\/h3>\t\t<\/div>\n\t\t\t\t<\/div>\n\t\t\t\t<div class=\"elementor-element elementor-element-6557276 elementor-widget elementor-widget-text-editor\" data-id=\"6557276\" data-element_type=\"widget\" data-widget_type=\"text-editor.default\">\n\t\t\t\t<div class=\"elementor-widget-container\">\n\t\t\t\t\t\t\t<p>Die Reinigungspflicht kann auf die Mieter \u00fcbertragen werden. Verantwortlich f\u00fcr die Reinigung ist jedoch immer der Grundst\u00fcckseigent\u00fcmer. Ihm obliegt daher weiterhin eine \u00dcberwachungspflicht, ob die Stra\u00dfenreinigung auch tats\u00e4chlich durchgef\u00fchrt wird.<\/p>\t\t\t\t\t\t<\/div>\n\t\t\t\t<\/div>\n\t\t\t\t\t<\/div>\n\t\t<\/div>\n\t\t\t\t\t\t\t<\/div>\n\t\t<\/section>\n\t\t\t\t<section class=\"elementor-section elementor-inner-section elementor-element elementor-element-504112d border-plus-margin elementor-section-boxed elementor-section-height-default elementor-section-height-default\" data-id=\"504112d\" data-element_type=\"section\">\n\t\t\t\t\t\t<div class=\"elementor-container elementor-column-gap-default\">\n\t\t\t\t\t<div class=\"elementor-column elementor-col-100 elementor-inner-column elementor-element elementor-element-7c264c7\" data-id=\"7c264c7\" data-element_type=\"column\">\n\t\t\t<div class=\"elementor-widget-wrap elementor-element-populated\">\n\t\t\t\t\t\t\t\t<div class=\"elementor-element elementor-element-0b3837a elementor-widget elementor-widget-heading\" data-id=\"0b3837a\" data-element_type=\"widget\" data-widget_type=\"heading.default\">\n\t\t\t\t<div class=\"elementor-widget-container\">\n\t\t\t<h3 class=\"elementor-heading-title elementor-size-default\">Laubbeseitigung<\/h3>\t\t<\/div>\n\t\t\t\t<\/div>\n\t\t\t\t<div class=\"elementor-element elementor-element-cd5ae79 elementor-widget elementor-widget-text-editor\" data-id=\"cd5ae79\" data-element_type=\"widget\" data-widget_type=\"text-editor.default\">\n\t\t\t\t<div class=\"elementor-widget-container\">\n\t\t\t\t\t\t\t<p>Die Laubbeseitigung ist laut Stra\u00dfenreinigungssatzung Bestandteil der Reinigungspflicht. Teilweise unterscheiden Anlieger bei der Ausf\u00fchrung ihrer Reinigungspflichten zwischen dem Laub von privaten und \u201est\u00e4dtischen\u201c B\u00e4umen. Die Reinigungspflicht jedoch unterscheidet hier nicht nach der Herkunft von Bl\u00e4ttern. Das gesamte Herbstlaub ist ebenso wie sonstiger Stra\u00dfenkehricht bei \u00dcbertragung der Reinigungspflichten auf die Anlieger durch diese aufzunehmen und selbst zu entsorgen.<\/p>\t\t\t\t\t\t<\/div>\n\t\t\t\t<\/div>\n\t\t\t\t\t<\/div>\n\t\t<\/div>\n\t\t\t\t\t\t\t<\/div>\n\t\t<\/section>\n\t\t\t\t\t<\/div>\n\t\t<\/div>\n\t\t\t\t\t\t\t<\/div>\n\t\t<\/section>\n\t\t\t\t\t\t\t<\/div>\n\t\t","protected":false},"excerpt":{"rendered":"<p>Ansprechpartner Tel. 06102-3702-0 Stra\u00dfenreinigungssatzung Informationen zur Stra\u00dfen-\/Gehwegreinigung durch Anlieger In Neu-Isenburg ist die Verpflichtung zur Reinigung der Gehwege und Stra\u00dfen per Satzung [&hellip;]<\/p>\n","protected":false},"author":2,"featured_media":5527,"parent":323,"menu_order":1,"comment_status":"closed","ping_status":"closed","template":"","meta":{"inline_featured_image":false,"footnotes":"","_links_to":"","_links_to_target":""},"class_list":["post-5497","page","type-page","status-publish","has-post-thumbnail","hentry"],"yoast_head":"<!-- This site is optimized with the Yoast SEO plugin v21.6 - https:\/\/yoast.com\/wordpress\/plugins\/seo\/ -->\n<title>Anliegerreinigung - DLB Neu-Isenburg<\/title>\n<meta name=\"robots\" content=\"index, follow, max-snippet:-1, max-image-preview:large, max-video-preview:-1\" \/>\n<link rel=\"canonical\" href=\"https:\/\/dlb-aoer.de\/neu-isenburg\/strassen\/strassenreinigung\/anliegerreinigung\/\" \/>\n<meta property=\"og:locale\" content=\"de_DE\" \/>\n<meta property=\"og:type\" content=\"article\" \/>\n<meta property=\"og:title\" content=\"Anliegerreinigung - DLB Neu-Isenburg\" \/>\n<meta property=\"og:description\" content=\"Ansprechpartner Tel. 06102-3702-0 Stra\u00dfenreinigungssatzung Informationen zur Stra\u00dfen-\/Gehwegreinigung durch Anlieger In Neu-Isenburg ist die Verpflichtung zur Reinigung der Gehwege und Stra\u00dfen per Satzung [&hellip;]\" \/>\n<meta property=\"og:url\" content=\"https:\/\/dlb-aoer.de\/neu-isenburg\/strassen\/strassenreinigung\/anliegerreinigung\/\" \/>\n<meta property=\"og:site_name\" content=\"DLB Neu-Isenburg\" \/>\n<meta property=\"article:modified_time\" content=\"2025-10-02T11:55:49+00:00\" \/>\n<meta property=\"og:image\" content=\"https:\/\/dlb-aoer.de\/neu-isenburg\/wp-content\/uploads\/sites\/2\/2025\/10\/Titel-Anliegerreinigung-scaled.jpg\" \/>\n\t<meta property=\"og:image:width\" content=\"2560\" \/>\n\t<meta property=\"og:image:height\" content=\"967\" \/>\n\t<meta property=\"og:image:type\" content=\"image\/jpeg\" \/>\n<meta name=\"twitter:card\" content=\"summary_large_image\" \/>\n<meta name=\"twitter:label1\" content=\"Gesch\u00e4tzte Lesezeit\" \/>\n\t<meta name=\"twitter:data1\" content=\"3\u00a0Minuten\" \/>\n<script type=\"application\/ld+json\" class=\"yoast-schema-graph\">{\"@context\":\"https:\/\/schema.org\",\"@graph\":[{\"@type\":\"WebPage\",\"@id\":\"https:\/\/dlb-aoer.de\/neu-isenburg\/strassen\/strassenreinigung\/anliegerreinigung\/\",\"url\":\"https:\/\/dlb-aoer.de\/neu-isenburg\/strassen\/strassenreinigung\/anliegerreinigung\/\",\"name\":\"Anliegerreinigung - DLB Neu-Isenburg\",\"isPartOf\":{\"@id\":\"https:\/\/dlb-aoer.de\/neu-isenburg\/#website\"},\"datePublished\":\"2025-10-02T10:38:13+00:00\",\"dateModified\":\"2025-10-02T11:55:49+00:00\",\"breadcrumb\":{\"@id\":\"https:\/\/dlb-aoer.de\/neu-isenburg\/strassen\/strassenreinigung\/anliegerreinigung\/#breadcrumb\"},\"inLanguage\":\"de\",\"potentialAction\":[{\"@type\":\"ReadAction\",\"target\":[\"https:\/\/dlb-aoer.de\/neu-isenburg\/strassen\/strassenreinigung\/anliegerreinigung\/\"]}]},{\"@type\":\"BreadcrumbList\",\"@id\":\"https:\/\/dlb-aoer.de\/neu-isenburg\/strassen\/strassenreinigung\/anliegerreinigung\/#breadcrumb\",\"itemListElement\":[{\"@type\":\"ListItem\",\"position\":1,\"name\":\"Startseite\",\"item\":\"https:\/\/dlb-aoer.de\/neu-isenburg\/\"},{\"@type\":\"ListItem\",\"position\":2,\"name\":\"Stra\u00dfen\",\"item\":\"https:\/\/dlb-aoer.de\/neu-isenburg\/strassen\/\"},{\"@type\":\"ListItem\",\"position\":3,\"name\":\"Stra\u00dfenreinigung\",\"item\":\"https:\/\/dlb-aoer.de\/neu-isenburg\/strassen\/strassenreinigung\/\"},{\"@type\":\"ListItem\",\"position\":4,\"name\":\"Anliegerreinigung\"}]},{\"@type\":\"WebSite\",\"@id\":\"https:\/\/dlb-aoer.de\/neu-isenburg\/#website\",\"url\":\"https:\/\/dlb-aoer.de\/neu-isenburg\/\",\"name\":\"DLB Neu-Isenburg\",\"description\":\"\",\"publisher\":{\"@id\":\"https:\/\/dlb-aoer.de\/neu-isenburg\/#organization\"},\"potentialAction\":[{\"@type\":\"SearchAction\",\"target\":{\"@type\":\"EntryPoint\",\"urlTemplate\":\"https:\/\/dlb-aoer.de\/neu-isenburg\/?s={search_term_string}\"},\"query-input\":\"required name=search_term_string\"}],\"inLanguage\":\"de\"},{\"@type\":\"Organization\",\"@id\":\"https:\/\/dlb-aoer.de\/neu-isenburg\/#organization\",\"name\":\"Dienstleistungsbetrieb Dreieich und Neu-Isenburg A\u00f6R\",\"url\":\"https:\/\/dlb-aoer.de\/neu-isenburg\/\",\"logo\":{\"@type\":\"ImageObject\",\"inLanguage\":\"de\",\"@id\":\"https:\/\/dlb-aoer.de\/neu-isenburg\/#\/schema\/logo\/image\/\",\"url\":\"https:\/\/dlb-aoer.de\/neu-isenburg\/wp-content\/uploads\/sites\/2\/2019\/10\/DLB_Logo_orange.svg\",\"contentUrl\":\"https:\/\/dlb-aoer.de\/neu-isenburg\/wp-content\/uploads\/sites\/2\/2019\/10\/DLB_Logo_orange.svg\",\"width\":1,\"height\":1,\"caption\":\"Dienstleistungsbetrieb Dreieich und Neu-Isenburg A\u00f6R\"},\"image\":{\"@id\":\"https:\/\/dlb-aoer.de\/neu-isenburg\/#\/schema\/logo\/image\/\"}}]}<\/script>\n<!-- \/ Yoast SEO plugin. -->","yoast_head_json":{"title":"Anliegerreinigung - DLB Neu-Isenburg","robots":{"index":"index","follow":"follow","max-snippet":"max-snippet:-1","max-image-preview":"max-image-preview:large","max-video-preview":"max-video-preview:-1"},"canonical":"https:\/\/dlb-aoer.de\/neu-isenburg\/strassen\/strassenreinigung\/anliegerreinigung\/","og_locale":"de_DE","og_type":"article","og_title":"Anliegerreinigung - DLB Neu-Isenburg","og_description":"Ansprechpartner Tel. 06102-3702-0 Stra\u00dfenreinigungssatzung Informationen zur Stra\u00dfen-\/Gehwegreinigung durch Anlieger In Neu-Isenburg ist die Verpflichtung zur Reinigung der Gehwege und Stra\u00dfen per Satzung [&hellip;]","og_url":"https:\/\/dlb-aoer.de\/neu-isenburg\/strassen\/strassenreinigung\/anliegerreinigung\/","og_site_name":"DLB Neu-Isenburg","article_modified_time":"2025-10-02T11:55:49+00:00","og_image":[{"width":2560,"height":967,"url":"https:\/\/dlb-aoer.de\/neu-isenburg\/wp-content\/uploads\/sites\/2\/2025\/10\/Titel-Anliegerreinigung-scaled.jpg","type":"image\/jpeg"}],"twitter_card":"summary_large_image","twitter_misc":{"Gesch\u00e4tzte Lesezeit":"3\u00a0Minuten"},"schema":{"@context":"https:\/\/schema.org","@graph":[{"@type":"WebPage","@id":"https:\/\/dlb-aoer.de\/neu-isenburg\/strassen\/strassenreinigung\/anliegerreinigung\/","url":"https:\/\/dlb-aoer.de\/neu-isenburg\/strassen\/strassenreinigung\/anliegerreinigung\/","name":"Anliegerreinigung - DLB Neu-Isenburg","isPartOf":{"@id":"https:\/\/dlb-aoer.de\/neu-isenburg\/#website"},"datePublished":"2025-10-02T10:38:13+00:00","dateModified":"2025-10-02T11:55:49+00:00","breadcrumb":{"@id":"https:\/\/dlb-aoer.de\/neu-isenburg\/strassen\/strassenreinigung\/anliegerreinigung\/#breadcrumb"},"inLanguage":"de","potentialAction":[{"@type":"ReadAction","target":["https:\/\/dlb-aoer.de\/neu-isenburg\/strassen\/strassenreinigung\/anliegerreinigung\/"]}]},{"@type":"BreadcrumbList","@id":"https:\/\/dlb-aoer.de\/neu-isenburg\/strassen\/strassenreinigung\/anliegerreinigung\/#breadcrumb","itemListElement":[{"@type":"ListItem","position":1,"name":"Startseite","item":"https:\/\/dlb-aoer.de\/neu-isenburg\/"},{"@type":"ListItem","position":2,"name":"Stra\u00dfen","item":"https:\/\/dlb-aoer.de\/neu-isenburg\/strassen\/"},{"@type":"ListItem","position":3,"name":"Stra\u00dfenreinigung","item":"https:\/\/dlb-aoer.de\/neu-isenburg\/strassen\/strassenreinigung\/"},{"@type":"ListItem","position":4,"name":"Anliegerreinigung"}]},{"@type":"WebSite","@id":"https:\/\/dlb-aoer.de\/neu-isenburg\/#website","url":"https:\/\/dlb-aoer.de\/neu-isenburg\/","name":"DLB Neu-Isenburg","description":"","publisher":{"@id":"https:\/\/dlb-aoer.de\/neu-isenburg\/#organization"},"potentialAction":[{"@type":"SearchAction","target":{"@type":"EntryPoint","urlTemplate":"https:\/\/dlb-aoer.de\/neu-isenburg\/?s={search_term_string}"},"query-input":"required name=search_term_string"}],"inLanguage":"de"},{"@type":"Organization","@id":"https:\/\/dlb-aoer.de\/neu-isenburg\/#organization","name":"Dienstleistungsbetrieb Dreieich und Neu-Isenburg A\u00f6R","url":"https:\/\/dlb-aoer.de\/neu-isenburg\/","logo":{"@type":"ImageObject","inLanguage":"de","@id":"https:\/\/dlb-aoer.de\/neu-isenburg\/#\/schema\/logo\/image\/","url":"https:\/\/dlb-aoer.de\/neu-isenburg\/wp-content\/uploads\/sites\/2\/2019\/10\/DLB_Logo_orange.svg","contentUrl":"https:\/\/dlb-aoer.de\/neu-isenburg\/wp-content\/uploads\/sites\/2\/2019\/10\/DLB_Logo_orange.svg","width":1,"height":1,"caption":"Dienstleistungsbetrieb Dreieich und Neu-Isenburg A\u00f6R"},"image":{"@id":"https:\/\/dlb-aoer.de\/neu-isenburg\/#\/schema\/logo\/image\/"}}]}},"_links":{"self":[{"href":"https:\/\/dlb-aoer.de\/neu-isenburg\/wp-json\/wp\/v2\/pages\/5497","targetHints":{"allow":["GET"]}}],"collection":[{"href":"https:\/\/dlb-aoer.de\/neu-isenburg\/wp-json\/wp\/v2\/pages"}],"about":[{"href":"https:\/\/dlb-aoer.de\/neu-isenburg\/wp-json\/wp\/v2\/types\/page"}],"author":[{"embeddable":true,"href":"https:\/\/dlb-aoer.de\/neu-isenburg\/wp-json\/wp\/v2\/users\/2"}],"replies":[{"embeddable":true,"href":"https:\/\/dlb-aoer.de\/neu-isenburg\/wp-json\/wp\/v2\/comments?post=5497"}],"version-history":[{"count":28,"href":"https:\/\/dlb-aoer.de\/neu-isenburg\/wp-json\/wp\/v2\/pages\/5497\/revisions"}],"predecessor-version":[{"id":5555,"href":"https:\/\/dlb-aoer.de\/neu-isenburg\/wp-json\/wp\/v2\/pages\/5497\/revisions\/5555"}],"up":[{"embeddable":true,"href":"https:\/\/dlb-aoer.de\/neu-isenburg\/wp-json\/wp\/v2\/pages\/323"}],"wp:featuredmedia":[{"embeddable":true,"href":"https:\/\/dlb-aoer.de\/neu-isenburg\/wp-json\/wp\/v2\/media\/5527"}],"wp:attachment":[{"href":"https:\/\/dlb-aoer.de\/neu-isenburg\/wp-json\/wp\/v2\/media?parent=5497"}],"curies":[{"name":"wp","href":"https:\/\/api.w.org\/{rel}","templated":true}]}}