{"id":339,"date":"2019-05-12T18:57:53","date_gmt":"2019-05-12T16:57:53","guid":{"rendered":"https:\/\/www.dlb-aoer.de\/neu-isenburg\/?page_id=339"},"modified":"2026-02-26T14:30:11","modified_gmt":"2026-02-26T13:30:11","slug":"verwaltungsrat-des-dlb","status":"publish","type":"page","link":"https:\/\/dlb-aoer.de\/neu-isenburg\/ueber-den-dlb\/verwaltungsrat-des-dlb\/","title":{"rendered":"Verwaltungsrat des DLB"},"content":{"rendered":"\t\t<div data-elementor-type=\"wp-post\" data-elementor-id=\"339\" class=\"elementor elementor-339\">\n\t\t\t\t\t\t\t\t\t<section class=\"elementor-section elementor-top-section elementor-element elementor-element-789ab6c elementor-section-stretched elementor-section-boxed elementor-section-height-default elementor-section-height-default\" data-id=\"789ab6c\" data-element_type=\"section\" data-settings=\"{&quot;stretch_section&quot;:&quot;section-stretched&quot;}\">\n\t\t\t\t\t\t<div class=\"elementor-container elementor-column-gap-default\">\n\t\t\t\t\t<div class=\"elementor-column elementor-col-100 elementor-top-column elementor-element elementor-element-8ef7f29\" data-id=\"8ef7f29\" data-element_type=\"column\">\n\t\t\t<div class=\"elementor-widget-wrap elementor-element-populated\">\n\t\t\t\t\t\t\t\t<section class=\"elementor-section elementor-inner-section elementor-element elementor-element-1190904 border-plus-margin content-column elementor-section-boxed elementor-section-height-default elementor-section-height-default\" data-id=\"1190904\" data-element_type=\"section\">\n\t\t\t\t\t\t<div class=\"elementor-container elementor-column-gap-default\">\n\t\t\t\t\t<div class=\"elementor-column elementor-col-100 elementor-inner-column elementor-element elementor-element-7032ac1\" data-id=\"7032ac1\" data-element_type=\"column\">\n\t\t\t<div class=\"elementor-widget-wrap elementor-element-populated\">\n\t\t\t\t\t\t\t\t<div class=\"elementor-element elementor-element-11cfebc elementor-widget elementor-widget-text-editor\" data-id=\"11cfebc\" data-element_type=\"widget\" data-widget_type=\"text-editor.default\">\n\t\t\t\t<div class=\"elementor-widget-container\">\n\t\t\t\t\t\t\t<p>Verwaltungsrat des DLB Dreieich und Neu-Isenburg A\u00f6R fungiert als Aufsichtsgremium und setzt sich aus den Ersten Stadtr\u00e4ten der St\u00e4dte Dreieich und Neu-Isenburg sowie den von den jeweiligen Stadtverordnetenversammlungen entsendeten Mitgliedern zusammen. Als Repr\u00e4sentanten der Kommunen wurden f\u00fcr die Stadt Neu-Isenburg Herr Erster Stadtrat Stefan Schmitt und f\u00fcr die Stadt Dreieich Herr Erster Stadtrat Holger Dechert benannt.<\/p>\t\t\t\t\t\t<\/div>\n\t\t\t\t<\/div>\n\t\t\t\t\t<\/div>\n\t\t<\/div>\n\t\t\t\t\t\t\t<\/div>\n\t\t<\/section>\n\t\t\t\t<section class=\"elementor-section elementor-inner-section elementor-element elementor-element-5408294 border-plus-margin content-column elementor-section-boxed elementor-section-height-default elementor-section-height-default\" data-id=\"5408294\" data-element_type=\"section\">\n\t\t\t\t\t\t<div class=\"elementor-container elementor-column-gap-default\">\n\t\t\t\t\t<div class=\"elementor-column elementor-col-100 elementor-inner-column elementor-element elementor-element-5b04f96\" data-id=\"5b04f96\" data-element_type=\"column\">\n\t\t\t<div class=\"elementor-widget-wrap elementor-element-populated\">\n\t\t\t\t\t\t\t\t<div class=\"elementor-element elementor-element-f9e7b04 elementor-widget elementor-widget-heading\" data-id=\"f9e7b04\" data-element_type=\"widget\" data-widget_type=\"heading.default\">\n\t\t\t\t<div class=\"elementor-widget-container\">\n\t\t\t<h2 class=\"elementor-heading-title elementor-size-default\">Verwaltungsratsmitglieder der Stadt Neu-Isenburg<\/h2>\t\t<\/div>\n\t\t\t\t<\/div>\n\t\t\t\t<div class=\"elementor-element elementor-element-1a113e2 elementor-widget elementor-widget-text-editor\" data-id=\"1a113e2\" data-element_type=\"widget\" data-widget_type=\"text-editor.default\">\n\t\t\t\t<div class=\"elementor-widget-container\">\n\t\t\t\t\t\t\t<p>Herr Peter Leitermann, Herr Benjamin Schenk, Frau Inge Manus, Frau Inga Mielmann-Seipel, Herr Bernd Vohl<\/p><p>Und deren Stellvertretungen:<\/p><p>Herr Dr. Peter Overmann, Frau Ute Marschalk, Herr Sebastian Stern, Herr Hans-Joachim Neumann, Herr Arno Gro\u00df<\/p>\t\t\t\t\t\t<\/div>\n\t\t\t\t<\/div>\n\t\t\t\t\t<\/div>\n\t\t<\/div>\n\t\t\t\t\t\t\t<\/div>\n\t\t<\/section>\n\t\t\t\t<section class=\"elementor-section elementor-inner-section elementor-element elementor-element-19cbf4e border-plus-margin content-column elementor-section-boxed elementor-section-height-default elementor-section-height-default\" data-id=\"19cbf4e\" data-element_type=\"section\">\n\t\t\t\t\t\t<div class=\"elementor-container elementor-column-gap-default\">\n\t\t\t\t\t<div class=\"elementor-column elementor-col-100 elementor-inner-column elementor-element elementor-element-0b3a68c\" data-id=\"0b3a68c\" data-element_type=\"column\">\n\t\t\t<div class=\"elementor-widget-wrap elementor-element-populated\">\n\t\t\t\t\t\t\t\t<div class=\"elementor-element elementor-element-43e30c9 elementor-widget elementor-widget-heading\" data-id=\"43e30c9\" data-element_type=\"widget\" data-widget_type=\"heading.default\">\n\t\t\t\t<div class=\"elementor-widget-container\">\n\t\t\t<h2 class=\"elementor-heading-title elementor-size-default\">Verwaltungsratsmitglieder der Stadt Dreieich<\/h2>\t\t<\/div>\n\t\t\t\t<\/div>\n\t\t\t\t<div class=\"elementor-element elementor-element-b0df594 elementor-widget elementor-widget-text-editor\" data-id=\"b0df594\" data-element_type=\"widget\" data-widget_type=\"text-editor.default\">\n\t\t\t\t<div class=\"elementor-widget-container\">\n\t\t\t\t\t\t\t<p>Herr Joachim Greul, Herr Kevin Knecht, Herr Maik Zimmer, Herr Oliver B\u00f6se, Herr Peter Dommermuth<\/p><p>Und deren Stellvertretungen:<\/p><p>Frau Johanna Scheiner, Herr Volker Kuch, Herr Alexander Deierling, Herr Nico Beilharz, Herr Marco Lang<\/p>\t\t\t\t\t\t<\/div>\n\t\t\t\t<\/div>\n\t\t\t\t\t<\/div>\n\t\t<\/div>\n\t\t\t\t\t\t\t<\/div>\n\t\t<\/section>\n\t\t\t\t<section class=\"elementor-section elementor-inner-section elementor-element elementor-element-a4279bd border-plus-margin content-column elementor-section-boxed elementor-section-height-default elementor-section-height-default\" data-id=\"a4279bd\" data-element_type=\"section\">\n\t\t\t\t\t\t<div class=\"elementor-container elementor-column-gap-default\">\n\t\t\t\t\t<div class=\"elementor-column elementor-col-100 elementor-inner-column elementor-element elementor-element-c37c9f1\" data-id=\"c37c9f1\" data-element_type=\"column\">\n\t\t\t<div class=\"elementor-widget-wrap elementor-element-populated\">\n\t\t\t\t\t\t\t\t<div class=\"elementor-element elementor-element-53b5306 elementor-widget elementor-widget-heading\" data-id=\"53b5306\" data-element_type=\"widget\" data-widget_type=\"heading.default\">\n\t\t\t\t<div class=\"elementor-widget-container\">\n\t\t\t<h2 class=\"elementor-heading-title elementor-size-default\">Vorsitz<\/h2>\t\t<\/div>\n\t\t\t\t<\/div>\n\t\t\t\t<div class=\"elementor-element elementor-element-d212216 elementor-widget elementor-widget-text-editor\" data-id=\"d212216\" data-element_type=\"widget\" data-widget_type=\"text-editor.default\">\n\t\t\t\t<div class=\"elementor-widget-container\">\n\t\t\t\t\t\t\t<p>Der Vorsitz im Verwaltungsrat wechselt laut Satzung j\u00e4hrlich zwischen beiden Anstaltstr\u00e4gerinnen.<\/p><p>Verwaltungsratsvorsitzender ist Herr Stefan Schmitt, Erster Stadtrat der Stadt Neu-Isenburg.<\/p><p>Vorstand der A\u00f6R ist Frau Petra Klink.<\/p>\t\t\t\t\t\t<\/div>\n\t\t\t\t<\/div>\n\t\t\t\t\t<\/div>\n\t\t<\/div>\n\t\t\t\t\t\t\t<\/div>\n\t\t<\/section>\n\t\t\t\t<section class=\"elementor-section elementor-inner-section elementor-element elementor-element-f2d78b5 border-plus-margin content-column elementor-section-boxed elementor-section-height-default elementor-section-height-default\" data-id=\"f2d78b5\" data-element_type=\"section\">\n\t\t\t\t\t\t<div class=\"elementor-container elementor-column-gap-default\">\n\t\t\t\t\t<div class=\"elementor-column elementor-col-100 elementor-inner-column elementor-element elementor-element-3c653f6\" data-id=\"3c653f6\" data-element_type=\"column\">\n\t\t\t<div class=\"elementor-widget-wrap elementor-element-populated\">\n\t\t\t\t\t\t\t\t<div class=\"elementor-element elementor-element-0750b6d elementor-widget elementor-widget-heading\" data-id=\"0750b6d\" data-element_type=\"widget\" data-widget_type=\"heading.default\">\n\t\t\t\t<div class=\"elementor-widget-container\">\n\t\t\t<h2 class=\"elementor-heading-title elementor-size-default\">Aktuelles<\/h2>\t\t<\/div>\n\t\t\t\t<\/div>\n\t\t\t\t<div class=\"elementor-element elementor-element-12e61c0 elementor-widget elementor-widget-text-editor\" data-id=\"12e61c0\" data-element_type=\"widget\" data-widget_type=\"text-editor.default\">\n\t\t\t\t<div class=\"elementor-widget-container\">\n\t\t\t\t\t\t\t<p>Die n\u00e4chste Verwaltungsratssitzung findet am 10. M\u00e4rz 2026 statt.<\/p><p><a href=\"https:\/\/dlb-aoer.de\/neu-isenburg\/wp-content\/uploads\/sites\/2\/2026\/02\/VWRE26-01mit-Unterschrift.pdf\">Einladung Verwaltungsrat<\/a><\/p>\t\t\t\t\t\t<\/div>\n\t\t\t\t<\/div>\n\t\t\t\t\t<\/div>\n\t\t<\/div>\n\t\t\t\t\t\t\t<\/div>\n\t\t<\/section>\n\t\t\t\t\t<\/div>\n\t\t<\/div>\n\t\t\t\t\t\t\t<\/div>\n\t\t<\/section>\n\t\t\t\t\t\t\t<\/div>\n\t\t","protected":false},"excerpt":{"rendered":"<p>Verwaltungsrat des DLB Dreieich und Neu-Isenburg A\u00f6R fungiert als Aufsichtsgremium und setzt sich aus den Ersten Stadtr\u00e4ten der St\u00e4dte Dreieich und Neu-Isenburg sowie den von den jeweiligen <\/p>\n","protected":false},"author":2,"featured_media":2231,"parent":21,"menu_order":4,"comment_status":"closed","ping_status":"closed","template":"","meta":{"inline_featured_image":false,"footnotes":"","_links_to":"","_links_to_target":""},"class_list":["post-339","page","type-page","status-publish","has-post-thumbnail","hentry"],"yoast_head":"<!-- This site is optimized with the Yoast SEO plugin v21.6 - https:\/\/yoast.com\/wordpress\/plugins\/seo\/ -->\n<title>Verwaltungsrat des DLB - DLB Neu-Isenburg<\/title>\n<meta name=\"robots\" content=\"index, follow, max-snippet:-1, max-image-preview:large, max-video-preview:-1\" \/>\n<link rel=\"canonical\" href=\"https:\/\/dlb-aoer.de\/neu-isenburg\/ueber-den-dlb\/verwaltungsrat-des-dlb\/\" \/>\n<meta property=\"og:locale\" content=\"de_DE\" \/>\n<meta property=\"og:type\" content=\"article\" \/>\n<meta property=\"og:title\" content=\"Verwaltungsrat des DLB - DLB Neu-Isenburg\" \/>\n<meta property=\"og:description\" content=\"Verwaltungsrat des DLB Dreieich und Neu-Isenburg A\u00f6R fungiert als Aufsichtsgremium und setzt sich aus den Ersten Stadtr\u00e4ten der St\u00e4dte Dreieich und Neu-Isenburg sowie den von den jeweiligen\" \/>\n<meta property=\"og:url\" content=\"https:\/\/dlb-aoer.de\/neu-isenburg\/ueber-den-dlb\/verwaltungsrat-des-dlb\/\" \/>\n<meta property=\"og:site_name\" content=\"DLB Neu-Isenburg\" \/>\n<meta property=\"article:modified_time\" content=\"2026-02-26T13:30:11+00:00\" \/>\n<meta property=\"og:image\" content=\"https:\/\/dlb-aoer.de\/neu-isenburg\/wp-content\/uploads\/sites\/2\/2021\/12\/pen-g316fffbe1_1920.jpg\" \/>\n\t<meta property=\"og:image:width\" content=\"1920\" \/>\n\t<meta property=\"og:image:height\" content=\"1280\" \/>\n\t<meta property=\"og:image:type\" content=\"image\/jpeg\" \/>\n<meta name=\"twitter:card\" content=\"summary_large_image\" \/>\n<meta name=\"twitter:label1\" content=\"Gesch\u00e4tzte Lesezeit\" \/>\n\t<meta name=\"twitter:data1\" content=\"1\u00a0Minute\" \/>\n<script type=\"application\/ld+json\" class=\"yoast-schema-graph\">{\"@context\":\"https:\/\/schema.org\",\"@graph\":[{\"@type\":\"WebPage\",\"@id\":\"https:\/\/dlb-aoer.de\/neu-isenburg\/ueber-den-dlb\/verwaltungsrat-des-dlb\/\",\"url\":\"https:\/\/dlb-aoer.de\/neu-isenburg\/ueber-den-dlb\/verwaltungsrat-des-dlb\/\",\"name\":\"Verwaltungsrat des DLB - DLB Neu-Isenburg\",\"isPartOf\":{\"@id\":\"https:\/\/dlb-aoer.de\/neu-isenburg\/#website\"},\"datePublished\":\"2019-05-12T16:57:53+00:00\",\"dateModified\":\"2026-02-26T13:30:11+00:00\",\"breadcrumb\":{\"@id\":\"https:\/\/dlb-aoer.de\/neu-isenburg\/ueber-den-dlb\/verwaltungsrat-des-dlb\/#breadcrumb\"},\"inLanguage\":\"de\",\"potentialAction\":[{\"@type\":\"ReadAction\",\"target\":[\"https:\/\/dlb-aoer.de\/neu-isenburg\/ueber-den-dlb\/verwaltungsrat-des-dlb\/\"]}]},{\"@type\":\"BreadcrumbList\",\"@id\":\"https:\/\/dlb-aoer.de\/neu-isenburg\/ueber-den-dlb\/verwaltungsrat-des-dlb\/#breadcrumb\",\"itemListElement\":[{\"@type\":\"ListItem\",\"position\":1,\"name\":\"Startseite\",\"item\":\"https:\/\/dlb-aoer.de\/neu-isenburg\/\"},{\"@type\":\"ListItem\",\"position\":2,\"name\":\"\u00dcber den DLB\",\"item\":\"https:\/\/dlb-aoer.de\/neu-isenburg\/ueber-den-dlb\/\"},{\"@type\":\"ListItem\",\"position\":3,\"name\":\"Verwaltungsrat des DLB\"}]},{\"@type\":\"WebSite\",\"@id\":\"https:\/\/dlb-aoer.de\/neu-isenburg\/#website\",\"url\":\"https:\/\/dlb-aoer.de\/neu-isenburg\/\",\"name\":\"DLB Neu-Isenburg\",\"description\":\"\",\"publisher\":{\"@id\":\"https:\/\/dlb-aoer.de\/neu-isenburg\/#organization\"},\"potentialAction\":[{\"@type\":\"SearchAction\",\"target\":{\"@type\":\"EntryPoint\",\"urlTemplate\":\"https:\/\/dlb-aoer.de\/neu-isenburg\/?s={search_term_string}\"},\"query-input\":\"required name=search_term_string\"}],\"inLanguage\":\"de\"},{\"@type\":\"Organization\",\"@id\":\"https:\/\/dlb-aoer.de\/neu-isenburg\/#organization\",\"name\":\"Dienstleistungsbetrieb Dreieich und Neu-Isenburg A\u00f6R\",\"url\":\"https:\/\/dlb-aoer.de\/neu-isenburg\/\",\"logo\":{\"@type\":\"ImageObject\",\"inLanguage\":\"de\",\"@id\":\"https:\/\/dlb-aoer.de\/neu-isenburg\/#\/schema\/logo\/image\/\",\"url\":\"https:\/\/dlb-aoer.de\/neu-isenburg\/wp-content\/uploads\/sites\/2\/2019\/10\/DLB_Logo_orange.svg\",\"contentUrl\":\"https:\/\/dlb-aoer.de\/neu-isenburg\/wp-content\/uploads\/sites\/2\/2019\/10\/DLB_Logo_orange.svg\",\"width\":1,\"height\":1,\"caption\":\"Dienstleistungsbetrieb Dreieich und Neu-Isenburg A\u00f6R\"},\"image\":{\"@id\":\"https:\/\/dlb-aoer.de\/neu-isenburg\/#\/schema\/logo\/image\/\"}}]}<\/script>\n<!-- \/ Yoast SEO plugin. -->","yoast_head_json":{"title":"Verwaltungsrat des DLB - DLB Neu-Isenburg","robots":{"index":"index","follow":"follow","max-snippet":"max-snippet:-1","max-image-preview":"max-image-preview:large","max-video-preview":"max-video-preview:-1"},"canonical":"https:\/\/dlb-aoer.de\/neu-isenburg\/ueber-den-dlb\/verwaltungsrat-des-dlb\/","og_locale":"de_DE","og_type":"article","og_title":"Verwaltungsrat des DLB - DLB Neu-Isenburg","og_description":"Verwaltungsrat des DLB Dreieich und Neu-Isenburg A\u00f6R fungiert als Aufsichtsgremium und setzt sich aus den Ersten Stadtr\u00e4ten der St\u00e4dte Dreieich und Neu-Isenburg sowie den von den jeweiligen","og_url":"https:\/\/dlb-aoer.de\/neu-isenburg\/ueber-den-dlb\/verwaltungsrat-des-dlb\/","og_site_name":"DLB Neu-Isenburg","article_modified_time":"2026-02-26T13:30:11+00:00","og_image":[{"width":1920,"height":1280,"url":"https:\/\/dlb-aoer.de\/neu-isenburg\/wp-content\/uploads\/sites\/2\/2021\/12\/pen-g316fffbe1_1920.jpg","type":"image\/jpeg"}],"twitter_card":"summary_large_image","twitter_misc":{"Gesch\u00e4tzte Lesezeit":"1\u00a0Minute"},"schema":{"@context":"https:\/\/schema.org","@graph":[{"@type":"WebPage","@id":"https:\/\/dlb-aoer.de\/neu-isenburg\/ueber-den-dlb\/verwaltungsrat-des-dlb\/","url":"https:\/\/dlb-aoer.de\/neu-isenburg\/ueber-den-dlb\/verwaltungsrat-des-dlb\/","name":"Verwaltungsrat des DLB - DLB Neu-Isenburg","isPartOf":{"@id":"https:\/\/dlb-aoer.de\/neu-isenburg\/#website"},"datePublished":"2019-05-12T16:57:53+00:00","dateModified":"2026-02-26T13:30:11+00:00","breadcrumb":{"@id":"https:\/\/dlb-aoer.de\/neu-isenburg\/ueber-den-dlb\/verwaltungsrat-des-dlb\/#breadcrumb"},"inLanguage":"de","potentialAction":[{"@type":"ReadAction","target":["https:\/\/dlb-aoer.de\/neu-isenburg\/ueber-den-dlb\/verwaltungsrat-des-dlb\/"]}]},{"@type":"BreadcrumbList","@id":"https:\/\/dlb-aoer.de\/neu-isenburg\/ueber-den-dlb\/verwaltungsrat-des-dlb\/#breadcrumb","itemListElement":[{"@type":"ListItem","position":1,"name":"Startseite","item":"https:\/\/dlb-aoer.de\/neu-isenburg\/"},{"@type":"ListItem","position":2,"name":"\u00dcber den DLB","item":"https:\/\/dlb-aoer.de\/neu-isenburg\/ueber-den-dlb\/"},{"@type":"ListItem","position":3,"name":"Verwaltungsrat des DLB"}]},{"@type":"WebSite","@id":"https:\/\/dlb-aoer.de\/neu-isenburg\/#website","url":"https:\/\/dlb-aoer.de\/neu-isenburg\/","name":"DLB Neu-Isenburg","description":"","publisher":{"@id":"https:\/\/dlb-aoer.de\/neu-isenburg\/#organization"},"potentialAction":[{"@type":"SearchAction","target":{"@type":"EntryPoint","urlTemplate":"https:\/\/dlb-aoer.de\/neu-isenburg\/?s={search_term_string}"},"query-input":"required name=search_term_string"}],"inLanguage":"de"},{"@type":"Organization","@id":"https:\/\/dlb-aoer.de\/neu-isenburg\/#organization","name":"Dienstleistungsbetrieb Dreieich und Neu-Isenburg A\u00f6R","url":"https:\/\/dlb-aoer.de\/neu-isenburg\/","logo":{"@type":"ImageObject","inLanguage":"de","@id":"https:\/\/dlb-aoer.de\/neu-isenburg\/#\/schema\/logo\/image\/","url":"https:\/\/dlb-aoer.de\/neu-isenburg\/wp-content\/uploads\/sites\/2\/2019\/10\/DLB_Logo_orange.svg","contentUrl":"https:\/\/dlb-aoer.de\/neu-isenburg\/wp-content\/uploads\/sites\/2\/2019\/10\/DLB_Logo_orange.svg","width":1,"height":1,"caption":"Dienstleistungsbetrieb Dreieich und Neu-Isenburg A\u00f6R"},"image":{"@id":"https:\/\/dlb-aoer.de\/neu-isenburg\/#\/schema\/logo\/image\/"}}]}},"_links":{"self":[{"href":"https:\/\/dlb-aoer.de\/neu-isenburg\/wp-json\/wp\/v2\/pages\/339","targetHints":{"allow":["GET"]}}],"collection":[{"href":"https:\/\/dlb-aoer.de\/neu-isenburg\/wp-json\/wp\/v2\/pages"}],"about":[{"href":"https:\/\/dlb-aoer.de\/neu-isenburg\/wp-json\/wp\/v2\/types\/page"}],"author":[{"embeddable":true,"href":"https:\/\/dlb-aoer.de\/neu-isenburg\/wp-json\/wp\/v2\/users\/2"}],"replies":[{"embeddable":true,"href":"https:\/\/dlb-aoer.de\/neu-isenburg\/wp-json\/wp\/v2\/comments?post=339"}],"version-history":[{"count":153,"href":"https:\/\/dlb-aoer.de\/neu-isenburg\/wp-json\/wp\/v2\/pages\/339\/revisions"}],"predecessor-version":[{"id":5762,"href":"https:\/\/dlb-aoer.de\/neu-isenburg\/wp-json\/wp\/v2\/pages\/339\/revisions\/5762"}],"up":[{"embeddable":true,"href":"https:\/\/dlb-aoer.de\/neu-isenburg\/wp-json\/wp\/v2\/pages\/21"}],"wp:featuredmedia":[{"embeddable":true,"href":"https:\/\/dlb-aoer.de\/neu-isenburg\/wp-json\/wp\/v2\/media\/2231"}],"wp:attachment":[{"href":"https:\/\/dlb-aoer.de\/neu-isenburg\/wp-json\/wp\/v2\/media?parent=339"}],"curies":[{"name":"wp","href":"https:\/\/api.w.org\/{rel}","templated":true}]}}