{"id":284,"date":"2019-05-12T18:45:24","date_gmt":"2019-05-12T16:45:24","guid":{"rendered":"https:\/\/www.dlb-aoer.de\/neu-isenburg\/?page_id=284"},"modified":"2023-09-05T08:24:29","modified_gmt":"2023-09-05T06:24:29","slug":"eichenprozessionsspinner","status":"publish","type":"page","link":"https:\/\/dlb-aoer.de\/neu-isenburg\/gruen-spiel-sport\/baeume\/eichenprozessionsspinner\/","title":{"rendered":"Eichenprozessionsspinner"},"content":{"rendered":"\t\t<div data-elementor-type=\"wp-post\" data-elementor-id=\"284\" class=\"elementor elementor-284\">\n\t\t\t\t\t\t\t\t\t<section class=\"elementor-section elementor-top-section elementor-element elementor-element-6bd2620 elementor-section-stretched elementor-section-boxed elementor-section-height-default elementor-section-height-default\" data-id=\"6bd2620\" data-element_type=\"section\" data-settings=\"{&quot;stretch_section&quot;:&quot;section-stretched&quot;}\">\n\t\t\t\t\t\t<div class=\"elementor-container elementor-column-gap-default\">\n\t\t\t\t\t<div class=\"elementor-column elementor-col-100 elementor-top-column elementor-element elementor-element-0f1c16d\" data-id=\"0f1c16d\" data-element_type=\"column\">\n\t\t\t<div class=\"elementor-widget-wrap elementor-element-populated\">\n\t\t\t\t\t\t\t\t<section class=\"elementor-section elementor-inner-section elementor-element elementor-element-7accea3 border-plus-margin elementor-section-boxed elementor-section-height-default elementor-section-height-default\" data-id=\"7accea3\" data-element_type=\"section\">\n\t\t\t\t\t\t<div class=\"elementor-container elementor-column-gap-default\">\n\t\t\t\t\t<div class=\"elementor-column elementor-col-50 elementor-inner-column elementor-element elementor-element-7330db2\" data-id=\"7330db2\" data-element_type=\"column\">\n\t\t\t<div class=\"elementor-widget-wrap elementor-element-populated\">\n\t\t\t\t\t\t\t\t<div class=\"elementor-element elementor-element-fe8389e elementor-widget elementor-widget-image\" data-id=\"fe8389e\" data-element_type=\"widget\" data-widget_type=\"image.default\">\n\t\t\t\t<div class=\"elementor-widget-container\">\n\t\t\t\t\t\t\t\t\t\t\t\t\t\t\t<img loading=\"lazy\" decoding=\"async\" width=\"1024\" height=\"387\" src=\"https:\/\/dlb-aoer.de\/neu-isenburg\/wp-content\/uploads\/sites\/2\/2022\/02\/4-1024x387.jpg\" class=\"attachment-large size-large wp-image-2500\" alt=\"Raupen des Eichenprozessionsspinners an einem Baumstamm.\" srcset=\"https:\/\/dlb-aoer.de\/neu-isenburg\/wp-content\/uploads\/sites\/2\/2022\/02\/4-1024x387.jpg 1024w, https:\/\/dlb-aoer.de\/neu-isenburg\/wp-content\/uploads\/sites\/2\/2022\/02\/4-300x113.jpg 300w, https:\/\/dlb-aoer.de\/neu-isenburg\/wp-content\/uploads\/sites\/2\/2022\/02\/4-768x290.jpg 768w, https:\/\/dlb-aoer.de\/neu-isenburg\/wp-content\/uploads\/sites\/2\/2022\/02\/4-1536x580.jpg 1536w, https:\/\/dlb-aoer.de\/neu-isenburg\/wp-content\/uploads\/sites\/2\/2022\/02\/4-2048x774.jpg 2048w, https:\/\/dlb-aoer.de\/neu-isenburg\/wp-content\/uploads\/sites\/2\/2022\/02\/4-830x314.jpg 830w, https:\/\/dlb-aoer.de\/neu-isenburg\/wp-content\/uploads\/sites\/2\/2022\/02\/4-230x87.jpg 230w, https:\/\/dlb-aoer.de\/neu-isenburg\/wp-content\/uploads\/sites\/2\/2022\/02\/4-350x132.jpg 350w, https:\/\/dlb-aoer.de\/neu-isenburg\/wp-content\/uploads\/sites\/2\/2022\/02\/4-480x181.jpg 480w\" sizes=\"auto, (max-width: 1024px) 100vw, 1024px\" \/>\t\t\t\t\t\t\t\t\t\t\t\t\t\t\t<\/div>\n\t\t\t\t<\/div>\n\t\t\t\t\t<\/div>\n\t\t<\/div>\n\t\t\t\t<div class=\"elementor-column elementor-col-50 elementor-inner-column elementor-element elementor-element-9b33da2\" data-id=\"9b33da2\" data-element_type=\"column\">\n\t\t\t<div class=\"elementor-widget-wrap elementor-element-populated\">\n\t\t\t\t\t\t\t\t<div class=\"elementor-element elementor-element-dc49655 elementor-widget elementor-widget-text-editor\" data-id=\"dc49655\" data-element_type=\"widget\" data-widget_type=\"text-editor.default\">\n\t\t\t\t<div class=\"elementor-widget-container\">\n\t\t\t\t\t\t\t<p><strong>Ansprechpartner:<\/strong><\/p><p>Donald Baum<br \/>Tel. 06102-3702-353<\/p><p><a href=\"mailto:gruen-spiel-sport@dlb-aoer.de\"><img loading=\"lazy\" decoding=\"async\" class=\"alignnone wp-image-2828\" src=\"https:\/\/dlb-aoer.de\/dreieich\/wp-content\/uploads\/sites\/4\/2022\/08\/Email3.png\" alt=\"E-Mail schreiben\" width=\"45\" height=\"37\" \/><\/a><\/p>\t\t\t\t\t\t<\/div>\n\t\t\t\t<\/div>\n\t\t\t\t\t<\/div>\n\t\t<\/div>\n\t\t\t\t\t\t\t<\/div>\n\t\t<\/section>\n\t\t\t\t<section class=\"elementor-section elementor-inner-section elementor-element elementor-element-16030f6 border-plus-margin elementor-section-boxed elementor-section-height-default elementor-section-height-default\" data-id=\"16030f6\" data-element_type=\"section\">\n\t\t\t\t\t\t<div class=\"elementor-container elementor-column-gap-default\">\n\t\t\t\t\t<div class=\"elementor-column elementor-col-100 elementor-inner-column elementor-element elementor-element-780e11d\" data-id=\"780e11d\" data-element_type=\"column\">\n\t\t\t<div class=\"elementor-widget-wrap elementor-element-populated\">\n\t\t\t\t\t\t\t\t<div class=\"elementor-element elementor-element-29e010e elementor-widget elementor-widget-text-editor\" data-id=\"29e010e\" data-element_type=\"widget\" data-widget_type=\"text-editor.default\">\n\t\t\t\t<div class=\"elementor-widget-container\">\n\t\t\t\t\t\t\t<p>Seit einigen Jahren ist in Stadtgebieten Dreieichs und Neu-Isenburgs ein verst\u00e4rkter Befall durch den Eichenprozessionsspinner (Thaumetopoea processionea) festzustellen. Ein Kontakt mit den Raupen des Nachtfalters kann zu massiven gesundheitlichen Sch\u00e4den f\u00fchren. In Abh\u00e4ngigkeit von der jeweiligen Zulassungssituation von Bek\u00e4mpfungsmitteln werden die Raupen in Dreieich und Neu-Isenburg vorsorglich mit biologischen Mitteln bek\u00e4mpft. In Befallssituationen werden die Raupen mechanisch entfernt.<\/p><p><u>Wann treten die Raupen des Eichenprozessionsspinners auf?<\/u><\/p><p>Die Raupen des Eichenprozessionsspinners schl\u00fcpfen je nach Witterung ab April bis etwa Anfang Mai und durchlaufen bis Ende Juni\/Anfang Juli sechs Larvenstadien. Nach einer 3 bis 5-w\u00f6chigen Verpuppung, schl\u00fcpfen die Raupen als Falter.<\/p><p><u>Wie sehen die Raupen des Eichenprozessionsspinners aus?<\/u><\/p><p>Die Raupen durchlaufen in ihren sechs Larvenstadien Gr\u00f6\u00dfen von wenigen Millimetern bis ca. 5 cm. W\u00e4hrend der Entwicklungsstadien sind die Raupen unterschiedlich stark behaart. Zun\u00e4chst sind sie gelblich-braun, sp\u00e4ter schw\u00e4rzlich-graublau gef\u00e4rbt. Sobald die Raupen schw\u00e4rzlich-graublau sind, tragen sie eine dunkle R\u00fcckenlinie mit braunen, behaarten Warzen, graublauen Flanken und einer gr\u00fcnlich-hellgrauen Unterseite. Der Falter selbst ist ein Nachtfalter und eher unscheinbar.<\/p><p><u>Wo kommen die Raupen des Eichenprozessionsspinners vor?<\/u><\/p><p>Die Raupen des Eichenprozessionsspinners kommen an verschiedenen Eichenarten vor, haupts\u00e4chlich an Stiel- und Traubeneichen. Sie sind an den Eichenbl\u00e4ttern und -zweigen zu finden. Sp\u00e4ter sammeln sich die Raupen h\u00e4ufig unter Astgabeln und am Stamm.<\/p><p><u>Was kann beim Kontakt mit dem Eichenprozessionsspinner passieren?<\/u><\/p><p>Ab dem 3. Larvenstadium bilden die Raupen des Eichenprozessionsspinners Brennhaare aus. Abh\u00e4ngig vom Immunsystem k\u00f6nnen Juckreiz, Hautentz\u00fcndung bis zu allergischen Schockreaktionen bei \u00fcberempfindlichen Personen auftreten. Daher sollten die mit Eichenprozessionsspinner befallenen Bereiche gemieden werden. Die Haut sollte mit Kleidung bedeckt sein, um den Kontakt mit den Brennhaaren zu verringern. Je nach Intensit\u00e4t der Symptome ist ein Arzt hinzuzuziehen, der ggf. Medikamente verabreicht. Die Wirksamkeit der Brennhaare bleibt \u00fcber mehrere Jahre erhalten.<\/p><p><u>Welche Ma\u00dfnahmen gibt es gegen den Eichenprozessionsspinner?<\/u><\/p><p>Zu den allgemeinen vorsorgenden Ma\u00dfnahmen geh\u00f6rt die F\u00f6rderung der nat\u00fcrlichen Gegenspieler wie z.B. Meisen, Stare und Kuckuck.<\/p><p>Weitere vorsorgende und mechanische Ma\u00dfnahmen gegen die Raupen des Eichenprozessionsspinners sind nur mit entsprechender Sachkenntnis und Ausstattung durchzuf\u00fchren.<\/p>\t\t\t\t\t\t<\/div>\n\t\t\t\t<\/div>\n\t\t\t\t\t<\/div>\n\t\t<\/div>\n\t\t\t\t\t\t\t<\/div>\n\t\t<\/section>\n\t\t\t\t\t<\/div>\n\t\t<\/div>\n\t\t\t\t\t\t\t<\/div>\n\t\t<\/section>\n\t\t\t\t\t\t\t<\/div>\n\t\t","protected":false},"excerpt":{"rendered":"<p>In den letzten Jahren ist der Eichenprozessionsspinner von S\u00fcden her auch nach Neu-Isenburg eingewandert. Im Sp\u00e4tsommer k\u00f6nnen die <\/p>\n","protected":false},"author":2,"featured_media":3229,"parent":268,"menu_order":5,"comment_status":"closed","ping_status":"closed","template":"","meta":{"inline_featured_image":false,"footnotes":"","_links_to":"","_links_to_target":""},"class_list":["post-284","page","type-page","status-publish","has-post-thumbnail","hentry"],"yoast_head":"<!-- This site is optimized with the Yoast SEO plugin v21.6 - https:\/\/yoast.com\/wordpress\/plugins\/seo\/ -->\n<title>Eichenprozessionsspinner - DLB Neu-Isenburg<\/title>\n<meta name=\"robots\" content=\"index, follow, max-snippet:-1, max-image-preview:large, max-video-preview:-1\" \/>\n<link rel=\"canonical\" href=\"https:\/\/dlb-aoer.de\/neu-isenburg\/gruen-spiel-sport\/baeume\/eichenprozessionsspinner\/\" \/>\n<meta property=\"og:locale\" content=\"de_DE\" \/>\n<meta property=\"og:type\" content=\"article\" \/>\n<meta property=\"og:title\" content=\"Eichenprozessionsspinner - DLB Neu-Isenburg\" \/>\n<meta property=\"og:description\" content=\"In den letzten Jahren ist der Eichenprozessionsspinner von S\u00fcden her auch nach Neu-Isenburg eingewandert. Im Sp\u00e4tsommer k\u00f6nnen die\" \/>\n<meta property=\"og:url\" content=\"https:\/\/dlb-aoer.de\/neu-isenburg\/gruen-spiel-sport\/baeume\/eichenprozessionsspinner\/\" \/>\n<meta property=\"og:site_name\" content=\"DLB Neu-Isenburg\" \/>\n<meta property=\"article:modified_time\" content=\"2023-09-05T06:24:29+00:00\" \/>\n<meta property=\"og:image\" content=\"https:\/\/dlb-aoer.de\/neu-isenburg\/wp-content\/uploads\/sites\/2\/2022\/08\/Eichenprozessionsspinner-Nest-H\u00e4utungsreste-Foto-DLB.jpg\" \/>\n\t<meta property=\"og:image:width\" content=\"1536\" \/>\n\t<meta property=\"og:image:height\" content=\"2048\" \/>\n\t<meta property=\"og:image:type\" content=\"image\/jpeg\" \/>\n<meta name=\"twitter:card\" content=\"summary_large_image\" \/>\n<meta name=\"twitter:label1\" content=\"Gesch\u00e4tzte Lesezeit\" \/>\n\t<meta name=\"twitter:data1\" content=\"2\u00a0Minuten\" \/>\n<script type=\"application\/ld+json\" class=\"yoast-schema-graph\">{\"@context\":\"https:\/\/schema.org\",\"@graph\":[{\"@type\":\"WebPage\",\"@id\":\"https:\/\/dlb-aoer.de\/neu-isenburg\/gruen-spiel-sport\/baeume\/eichenprozessionsspinner\/\",\"url\":\"https:\/\/dlb-aoer.de\/neu-isenburg\/gruen-spiel-sport\/baeume\/eichenprozessionsspinner\/\",\"name\":\"Eichenprozessionsspinner - DLB Neu-Isenburg\",\"isPartOf\":{\"@id\":\"https:\/\/dlb-aoer.de\/neu-isenburg\/#website\"},\"datePublished\":\"2019-05-12T16:45:24+00:00\",\"dateModified\":\"2023-09-05T06:24:29+00:00\",\"breadcrumb\":{\"@id\":\"https:\/\/dlb-aoer.de\/neu-isenburg\/gruen-spiel-sport\/baeume\/eichenprozessionsspinner\/#breadcrumb\"},\"inLanguage\":\"de\",\"potentialAction\":[{\"@type\":\"ReadAction\",\"target\":[\"https:\/\/dlb-aoer.de\/neu-isenburg\/gruen-spiel-sport\/baeume\/eichenprozessionsspinner\/\"]}]},{\"@type\":\"BreadcrumbList\",\"@id\":\"https:\/\/dlb-aoer.de\/neu-isenburg\/gruen-spiel-sport\/baeume\/eichenprozessionsspinner\/#breadcrumb\",\"itemListElement\":[{\"@type\":\"ListItem\",\"position\":1,\"name\":\"Startseite\",\"item\":\"https:\/\/dlb-aoer.de\/neu-isenburg\/\"},{\"@type\":\"ListItem\",\"position\":2,\"name\":\"Gr\u00fcn\/Spiel\/Sport\",\"item\":\"https:\/\/dlb-aoer.de\/neu-isenburg\/gruen-spiel-sport\/\"},{\"@type\":\"ListItem\",\"position\":3,\"name\":\"B\u00e4ume\",\"item\":\"https:\/\/dlb-aoer.de\/neu-isenburg\/gruen-spiel-sport\/baeume\/\"},{\"@type\":\"ListItem\",\"position\":4,\"name\":\"Eichenprozessionsspinner\"}]},{\"@type\":\"WebSite\",\"@id\":\"https:\/\/dlb-aoer.de\/neu-isenburg\/#website\",\"url\":\"https:\/\/dlb-aoer.de\/neu-isenburg\/\",\"name\":\"DLB Neu-Isenburg\",\"description\":\"\",\"publisher\":{\"@id\":\"https:\/\/dlb-aoer.de\/neu-isenburg\/#organization\"},\"potentialAction\":[{\"@type\":\"SearchAction\",\"target\":{\"@type\":\"EntryPoint\",\"urlTemplate\":\"https:\/\/dlb-aoer.de\/neu-isenburg\/?s={search_term_string}\"},\"query-input\":\"required name=search_term_string\"}],\"inLanguage\":\"de\"},{\"@type\":\"Organization\",\"@id\":\"https:\/\/dlb-aoer.de\/neu-isenburg\/#organization\",\"name\":\"Dienstleistungsbetrieb Dreieich und Neu-Isenburg A\u00f6R\",\"url\":\"https:\/\/dlb-aoer.de\/neu-isenburg\/\",\"logo\":{\"@type\":\"ImageObject\",\"inLanguage\":\"de\",\"@id\":\"https:\/\/dlb-aoer.de\/neu-isenburg\/#\/schema\/logo\/image\/\",\"url\":\"https:\/\/dlb-aoer.de\/neu-isenburg\/wp-content\/uploads\/sites\/2\/2019\/10\/DLB_Logo_orange.svg\",\"contentUrl\":\"https:\/\/dlb-aoer.de\/neu-isenburg\/wp-content\/uploads\/sites\/2\/2019\/10\/DLB_Logo_orange.svg\",\"width\":1,\"height\":1,\"caption\":\"Dienstleistungsbetrieb Dreieich und Neu-Isenburg A\u00f6R\"},\"image\":{\"@id\":\"https:\/\/dlb-aoer.de\/neu-isenburg\/#\/schema\/logo\/image\/\"}}]}<\/script>\n<!-- \/ Yoast SEO plugin. -->","yoast_head_json":{"title":"Eichenprozessionsspinner - DLB Neu-Isenburg","robots":{"index":"index","follow":"follow","max-snippet":"max-snippet:-1","max-image-preview":"max-image-preview:large","max-video-preview":"max-video-preview:-1"},"canonical":"https:\/\/dlb-aoer.de\/neu-isenburg\/gruen-spiel-sport\/baeume\/eichenprozessionsspinner\/","og_locale":"de_DE","og_type":"article","og_title":"Eichenprozessionsspinner - DLB Neu-Isenburg","og_description":"In den letzten Jahren ist der Eichenprozessionsspinner von S\u00fcden her auch nach Neu-Isenburg eingewandert. Im Sp\u00e4tsommer k\u00f6nnen die","og_url":"https:\/\/dlb-aoer.de\/neu-isenburg\/gruen-spiel-sport\/baeume\/eichenprozessionsspinner\/","og_site_name":"DLB Neu-Isenburg","article_modified_time":"2023-09-05T06:24:29+00:00","og_image":[{"width":1536,"height":2048,"url":"https:\/\/dlb-aoer.de\/neu-isenburg\/wp-content\/uploads\/sites\/2\/2022\/08\/Eichenprozessionsspinner-Nest-H\u00e4utungsreste-Foto-DLB.jpg","type":"image\/jpeg"}],"twitter_card":"summary_large_image","twitter_misc":{"Gesch\u00e4tzte Lesezeit":"2\u00a0Minuten"},"schema":{"@context":"https:\/\/schema.org","@graph":[{"@type":"WebPage","@id":"https:\/\/dlb-aoer.de\/neu-isenburg\/gruen-spiel-sport\/baeume\/eichenprozessionsspinner\/","url":"https:\/\/dlb-aoer.de\/neu-isenburg\/gruen-spiel-sport\/baeume\/eichenprozessionsspinner\/","name":"Eichenprozessionsspinner - DLB Neu-Isenburg","isPartOf":{"@id":"https:\/\/dlb-aoer.de\/neu-isenburg\/#website"},"datePublished":"2019-05-12T16:45:24+00:00","dateModified":"2023-09-05T06:24:29+00:00","breadcrumb":{"@id":"https:\/\/dlb-aoer.de\/neu-isenburg\/gruen-spiel-sport\/baeume\/eichenprozessionsspinner\/#breadcrumb"},"inLanguage":"de","potentialAction":[{"@type":"ReadAction","target":["https:\/\/dlb-aoer.de\/neu-isenburg\/gruen-spiel-sport\/baeume\/eichenprozessionsspinner\/"]}]},{"@type":"BreadcrumbList","@id":"https:\/\/dlb-aoer.de\/neu-isenburg\/gruen-spiel-sport\/baeume\/eichenprozessionsspinner\/#breadcrumb","itemListElement":[{"@type":"ListItem","position":1,"name":"Startseite","item":"https:\/\/dlb-aoer.de\/neu-isenburg\/"},{"@type":"ListItem","position":2,"name":"Gr\u00fcn\/Spiel\/Sport","item":"https:\/\/dlb-aoer.de\/neu-isenburg\/gruen-spiel-sport\/"},{"@type":"ListItem","position":3,"name":"B\u00e4ume","item":"https:\/\/dlb-aoer.de\/neu-isenburg\/gruen-spiel-sport\/baeume\/"},{"@type":"ListItem","position":4,"name":"Eichenprozessionsspinner"}]},{"@type":"WebSite","@id":"https:\/\/dlb-aoer.de\/neu-isenburg\/#website","url":"https:\/\/dlb-aoer.de\/neu-isenburg\/","name":"DLB Neu-Isenburg","description":"","publisher":{"@id":"https:\/\/dlb-aoer.de\/neu-isenburg\/#organization"},"potentialAction":[{"@type":"SearchAction","target":{"@type":"EntryPoint","urlTemplate":"https:\/\/dlb-aoer.de\/neu-isenburg\/?s={search_term_string}"},"query-input":"required name=search_term_string"}],"inLanguage":"de"},{"@type":"Organization","@id":"https:\/\/dlb-aoer.de\/neu-isenburg\/#organization","name":"Dienstleistungsbetrieb Dreieich und Neu-Isenburg A\u00f6R","url":"https:\/\/dlb-aoer.de\/neu-isenburg\/","logo":{"@type":"ImageObject","inLanguage":"de","@id":"https:\/\/dlb-aoer.de\/neu-isenburg\/#\/schema\/logo\/image\/","url":"https:\/\/dlb-aoer.de\/neu-isenburg\/wp-content\/uploads\/sites\/2\/2019\/10\/DLB_Logo_orange.svg","contentUrl":"https:\/\/dlb-aoer.de\/neu-isenburg\/wp-content\/uploads\/sites\/2\/2019\/10\/DLB_Logo_orange.svg","width":1,"height":1,"caption":"Dienstleistungsbetrieb Dreieich und Neu-Isenburg A\u00f6R"},"image":{"@id":"https:\/\/dlb-aoer.de\/neu-isenburg\/#\/schema\/logo\/image\/"}}]}},"_links":{"self":[{"href":"https:\/\/dlb-aoer.de\/neu-isenburg\/wp-json\/wp\/v2\/pages\/284","targetHints":{"allow":["GET"]}}],"collection":[{"href":"https:\/\/dlb-aoer.de\/neu-isenburg\/wp-json\/wp\/v2\/pages"}],"about":[{"href":"https:\/\/dlb-aoer.de\/neu-isenburg\/wp-json\/wp\/v2\/types\/page"}],"author":[{"embeddable":true,"href":"https:\/\/dlb-aoer.de\/neu-isenburg\/wp-json\/wp\/v2\/users\/2"}],"replies":[{"embeddable":true,"href":"https:\/\/dlb-aoer.de\/neu-isenburg\/wp-json\/wp\/v2\/comments?post=284"}],"version-history":[{"count":14,"href":"https:\/\/dlb-aoer.de\/neu-isenburg\/wp-json\/wp\/v2\/pages\/284\/revisions"}],"predecessor-version":[{"id":4156,"href":"https:\/\/dlb-aoer.de\/neu-isenburg\/wp-json\/wp\/v2\/pages\/284\/revisions\/4156"}],"up":[{"embeddable":true,"href":"https:\/\/dlb-aoer.de\/neu-isenburg\/wp-json\/wp\/v2\/pages\/268"}],"wp:featuredmedia":[{"embeddable":true,"href":"https:\/\/dlb-aoer.de\/neu-isenburg\/wp-json\/wp\/v2\/media\/3229"}],"wp:attachment":[{"href":"https:\/\/dlb-aoer.de\/neu-isenburg\/wp-json\/wp\/v2\/media?parent=284"}],"curies":[{"name":"wp","href":"https:\/\/api.w.org\/{rel}","templated":true}]}}