{"id":276,"date":"2019-05-12T18:44:34","date_gmt":"2019-05-12T16:44:34","guid":{"rendered":"https:\/\/www.dlb-aoer.de\/neu-isenburg\/?page_id=276"},"modified":"2024-07-05T09:28:11","modified_gmt":"2024-07-05T07:28:11","slug":"baumschutzsatzung","status":"publish","type":"page","link":"https:\/\/dlb-aoer.de\/neu-isenburg\/gruen-spiel-sport\/baeume\/baumschutzsatzung\/","title":{"rendered":"Baumschutzsatzung"},"content":{"rendered":"\t\t<div data-elementor-type=\"wp-post\" data-elementor-id=\"276\" class=\"elementor elementor-276\">\n\t\t\t\t\t\t\t\t\t<section class=\"elementor-section elementor-top-section elementor-element elementor-element-dfcc7c2 elementor-section-stretched elementor-section-boxed elementor-section-height-default elementor-section-height-default\" data-id=\"dfcc7c2\" data-element_type=\"section\" data-settings=\"{&quot;stretch_section&quot;:&quot;section-stretched&quot;}\">\n\t\t\t\t\t\t<div class=\"elementor-container elementor-column-gap-default\">\n\t\t\t\t\t<div class=\"elementor-column elementor-col-100 elementor-top-column elementor-element elementor-element-9306ce1\" data-id=\"9306ce1\" data-element_type=\"column\">\n\t\t\t<div class=\"elementor-widget-wrap elementor-element-populated\">\n\t\t\t\t\t\t\t\t<section class=\"elementor-section elementor-inner-section elementor-element elementor-element-fac8416 border-plus-margin elementor-section-boxed elementor-section-height-default elementor-section-height-default\" data-id=\"fac8416\" data-element_type=\"section\">\n\t\t\t\t\t\t<div class=\"elementor-container elementor-column-gap-default\">\n\t\t\t\t\t<div class=\"elementor-column elementor-col-50 elementor-inner-column elementor-element elementor-element-75ba2c6\" data-id=\"75ba2c6\" data-element_type=\"column\">\n\t\t\t<div class=\"elementor-widget-wrap elementor-element-populated\">\n\t\t\t\t\t\t\t\t<div class=\"elementor-element elementor-element-72ac6bf elementor-widget elementor-widget-image\" data-id=\"72ac6bf\" data-element_type=\"widget\" data-widget_type=\"image.default\">\n\t\t\t\t<div class=\"elementor-widget-container\">\n\t\t\t\t\t\t\t\t\t\t\t\t\t\t\t<img decoding=\"async\" src=\"https:\/\/dlb-aoer.de\/dreieich\/wp-content\/uploads\/sites\/4\/2021\/02\/1-scaled.jpg\" title=\"\" alt=\"\" loading=\"lazy\" \/>\t\t\t\t\t\t\t\t\t\t\t\t\t\t\t<\/div>\n\t\t\t\t<\/div>\n\t\t\t\t\t<\/div>\n\t\t<\/div>\n\t\t\t\t<div class=\"elementor-column elementor-col-50 elementor-inner-column elementor-element elementor-element-1540342\" data-id=\"1540342\" data-element_type=\"column\">\n\t\t\t<div class=\"elementor-widget-wrap elementor-element-populated\">\n\t\t\t\t\t\t\t\t<div class=\"elementor-element elementor-element-03f610c elementor-widget elementor-widget-text-editor\" data-id=\"03f610c\" data-element_type=\"widget\" data-widget_type=\"text-editor.default\">\n\t\t\t\t<div class=\"elementor-widget-container\">\n\t\t\t\t\t\t\t<p><strong>Ansprechpartner:<\/strong><\/p><p>Donald Baum<br \/>Tel. 06102-3702-353<\/p><p><a href=\"mailto:gruen-spiel-sport@dlb-aoer.de\"><img loading=\"lazy\" decoding=\"async\" class=\"alignnone wp-image-2828\" src=\"https:\/\/dlb-aoer.de\/dreieich\/wp-content\/uploads\/sites\/4\/2022\/08\/Email3.png\" alt=\"E-Mail schreiben\" width=\"45\" height=\"37\" \/><\/a><\/p><p><a href=\"https:\/\/dlb-aoer.de\/neu-isenburg\/wp-content\/uploads\/sites\/2\/2020\/04\/200319_baumschutzsatzung_gueltige_fassung.pdf\">Baumschutzsatzung<\/a><br \/><a href=\"https:\/\/dlb-aoer.de\/neu-isenburg\/wp-content\/uploads\/sites\/2\/2020\/04\/Antragsformular-Baumf\u00e4llung-NI.pdf\">Formular F\u00e4llantrag<\/a><br \/><a href=\"https:\/\/dlb-aoer.de\/neu-isenburg\/wp-content\/uploads\/sites\/2\/2024\/07\/Merkblatt-Baumschutz-DLB-24.pdf\">Merkblatt Baumschutz<\/a><\/p>\t\t\t\t\t\t<\/div>\n\t\t\t\t<\/div>\n\t\t\t\t\t<\/div>\n\t\t<\/div>\n\t\t\t\t\t\t\t<\/div>\n\t\t<\/section>\n\t\t\t\t<section class=\"elementor-section elementor-inner-section elementor-element elementor-element-eecfa74 border-plus-margin elementor-section-boxed elementor-section-height-default elementor-section-height-default\" data-id=\"eecfa74\" data-element_type=\"section\">\n\t\t\t\t\t\t<div class=\"elementor-container elementor-column-gap-default\">\n\t\t\t\t\t<div class=\"elementor-column elementor-col-100 elementor-inner-column elementor-element elementor-element-fd3ed73\" data-id=\"fd3ed73\" data-element_type=\"column\">\n\t\t\t<div class=\"elementor-widget-wrap elementor-element-populated\">\n\t\t\t\t\t\t\t\t<div class=\"elementor-element elementor-element-5112e60 elementor-widget elementor-widget-heading\" data-id=\"5112e60\" data-element_type=\"widget\" data-widget_type=\"heading.default\">\n\t\t\t\t<div class=\"elementor-widget-container\">\n\t\t\t<h2 class=\"elementor-heading-title elementor-size-default\">Baumschutzsatzung<\/h2>\t\t<\/div>\n\t\t\t\t<\/div>\n\t\t\t\t<div class=\"elementor-element elementor-element-801774c elementor-widget elementor-widget-text-editor\" data-id=\"801774c\" data-element_type=\"widget\" data-widget_type=\"text-editor.default\">\n\t\t\t\t<div class=\"elementor-widget-container\">\n\t\t\t\t\t\t\t<p>Gro\u00dfe und alte Laubb\u00e4ume spielen bei der Durchgr\u00fcnung des Stadt\u00adgebietes eine zentrale Rolle. Sie tragen in besonderem Ma\u00dfe zur Verbesserung des Stadtbildes und der Stadt\u00f6ko\u00adlogie bei. Im Gegensatz zu anderen Gr\u00fcnbest\u00e4nden ben\u00f6tigen sie einen langen Zeit\u00adraum, um ihren \u00f6kologischen Wert zu erlangen.<\/p><p>Neben den st\u00e4dtischen B\u00e4umen entlang von Stra\u00dfen, in Gr\u00fcnanlagen, Sportanlagen und Kinderg\u00e4rten besitzen auch Privatb\u00e4ume in Hausg\u00e4rten und Gewerbefl\u00e4chen wertvolle Funktionen f\u00fcr das st\u00e4dtische Gr\u00fcn.<\/p><p>Die Stadt Neu-Isenburg verfolgt das Ziel, den durchgr\u00fcnten Charakter ihrer Wohn- und Gewerbefl\u00e4chen zu erhalten und weiterzuentwickeln. Entsprechend wichtig ist deshalb die Durchgr\u00fcnung der Stadt, was die Stadt Neu-Isenburg bereits im Jahr 2003 veranlasste eine Satzung zum Schutz von B\u00e4umen zu erlassen.<\/p><p>Unter Schutz stehen\u00a0<strong>Laubb\u00e4ume ab einem Stammumfang von 90 cm und Waldkiefern ab einem Stammumfang von 120 cm <\/strong>im bebauten Innenbereich.<strong>\u00a0<\/strong><\/p><p>Liegen Gr\u00fcnde vor, die eine Baumf\u00e4llung unumg\u00e4nglich machen, so muss nach der\u00a0<a href=\"https:\/\/dlb-aoer.de\/neu-isenburg\/wp-content\/uploads\/sites\/2\/2020\/04\/200319_baumschutzsatzung_gueltige_fassung.pdf\">Baumschutzsatzung<\/a>\u00a0Ersatz gepflanzt werden.<\/p>\t\t\t\t\t\t<\/div>\n\t\t\t\t<\/div>\n\t\t\t\t\t<\/div>\n\t\t<\/div>\n\t\t\t\t\t\t\t<\/div>\n\t\t<\/section>\n\t\t\t\t<section class=\"elementor-section elementor-inner-section elementor-element elementor-element-6ded931 border-plus-margin elementor-section-boxed elementor-section-height-default elementor-section-height-default\" data-id=\"6ded931\" data-element_type=\"section\">\n\t\t\t\t\t\t<div class=\"elementor-container elementor-column-gap-default\">\n\t\t\t\t\t<div class=\"elementor-column elementor-col-100 elementor-inner-column elementor-element elementor-element-02c90e6\" data-id=\"02c90e6\" data-element_type=\"column\">\n\t\t\t<div class=\"elementor-widget-wrap elementor-element-populated\">\n\t\t\t\t\t\t\t\t<div class=\"elementor-element elementor-element-99bc79e elementor-widget elementor-widget-heading\" data-id=\"99bc79e\" data-element_type=\"widget\" data-widget_type=\"heading.default\">\n\t\t\t\t<div class=\"elementor-widget-container\">\n\t\t\t<h2 class=\"elementor-heading-title elementor-size-default\">F\u00e4llantrag<\/h2>\t\t<\/div>\n\t\t\t\t<\/div>\n\t\t\t\t<div class=\"elementor-element elementor-element-54c0888 elementor-widget elementor-widget-text-editor\" data-id=\"54c0888\" data-element_type=\"widget\" data-widget_type=\"text-editor.default\">\n\t\t\t\t<div class=\"elementor-widget-container\">\n\t\t\t\t\t\t\t<p>Ein Antrag zur F\u00e4llung von gesch\u00fctzten B\u00e4umen oder eines wesentlichen Eingriffs in Krone oder Wurzelraum kann nur vom Baumeigent\u00fcmer gestellt werden. Der Antrag ist schriftlich zu stellen. Anschlie\u00dfend erfolgt ein Ortstermin zur Einsch\u00e4tzung des Eingriffs. Bei Vorlage aussagekr\u00e4ftiger digitaler Bildnachweise kann dieser entbehrlich sein. Die Arbeiten d\u00fcrfen erst nach erteilter Genehmigung begonnen werden.<\/p><p>Bitte senden Sie uns Ihren\u00a0<a href=\"https:\/\/dlb-aoer.de\/neu-isenburg\/wp-content\/uploads\/sites\/2\/2020\/04\/Antragsformular-Baumf\u00e4llung-NI.pdf\">Antrag <\/a>per <a href=\"mailto:faellantrag@dlb-aoer.de\">E-Mail<\/a> oder Fax an 06102 \/ 3702-499.<\/p>\t\t\t\t\t\t<\/div>\n\t\t\t\t<\/div>\n\t\t\t\t\t<\/div>\n\t\t<\/div>\n\t\t\t\t\t\t\t<\/div>\n\t\t<\/section>\n\t\t\t\t<section class=\"elementor-section elementor-inner-section elementor-element elementor-element-4995ce4 border-plus-margin elementor-section-boxed elementor-section-height-default elementor-section-height-default\" data-id=\"4995ce4\" data-element_type=\"section\">\n\t\t\t\t\t\t<div class=\"elementor-container elementor-column-gap-default\">\n\t\t\t\t\t<div class=\"elementor-column elementor-col-100 elementor-inner-column elementor-element elementor-element-1055438\" data-id=\"1055438\" data-element_type=\"column\">\n\t\t\t<div class=\"elementor-widget-wrap elementor-element-populated\">\n\t\t\t\t\t\t\t\t<div class=\"elementor-element elementor-element-a5d0581 elementor-widget elementor-widget-heading\" data-id=\"a5d0581\" data-element_type=\"widget\" data-widget_type=\"heading.default\">\n\t\t\t\t<div class=\"elementor-widget-container\">\n\t\t\t<h2 class=\"elementor-heading-title elementor-size-default\">Baumschutz auf Baustellen<\/h2>\t\t<\/div>\n\t\t\t\t<\/div>\n\t\t\t\t<div class=\"elementor-element elementor-element-d2973e9 elementor-widget elementor-widget-text-editor\" data-id=\"d2973e9\" data-element_type=\"widget\" data-widget_type=\"text-editor.default\">\n\t\t\t\t<div class=\"elementor-widget-container\">\n\t\t\t\t\t\t\t<p>B\u00e4ume werden durch Bauma\u00dfnahmen h\u00e4ufig nachhaltig gesch\u00e4digt. Das kann leicht vermieden werden, wenn rechtzeitig Vorkehrungen zum Schutz der B\u00e4ume auf einer Baustelle getroffen werden. Die nachfolgenden Informationen sollen helfen die n\u00f6tigen Schutzma\u00dfnahmen vor Baubeginn durchzuf\u00fchren.<\/p><p>Sch\u00e4digungen am Baumbestand k\u00f6nnen als Ordnungswidrigkeit mit einer Geldbu\u00dfe belegt werden.<\/p><p><a href=\"https:\/\/dlb-aoer.de\/neu-isenburg\/wp-content\/uploads\/sites\/2\/2024\/07\/Merkblatt-Baumschutz-DLB-24.pdf\">Merkblatt Baumschutz<\/a><\/p>\t\t\t\t\t\t<\/div>\n\t\t\t\t<\/div>\n\t\t\t\t\t<\/div>\n\t\t<\/div>\n\t\t\t\t\t\t\t<\/div>\n\t\t<\/section>\n\t\t\t\t\t<\/div>\n\t\t<\/div>\n\t\t\t\t\t\t\t<\/div>\n\t\t<\/section>\n\t\t\t\t\t\t\t<\/div>\n\t\t","protected":false},"excerpt":{"rendered":"<p>Gro\u00dfe und alte Laubb\u00e4ume spielen bei der Durchgr\u00fcnung des Stadt\u00adgebietes eine zentrale Rolle. Sie tragen in besonderem Ma\u00dfe zur Verbesserung des Stadtbildes und der Stadt\u00f6ko\u00adlogie bei.<\/p>\n","protected":false},"author":2,"featured_media":1257,"parent":268,"menu_order":1,"comment_status":"closed","ping_status":"closed","template":"","meta":{"inline_featured_image":false,"footnotes":"","_links_to":"","_links_to_target":""},"class_list":["post-276","page","type-page","status-publish","has-post-thumbnail","hentry"],"yoast_head":"<!-- This site is optimized with the Yoast SEO plugin v21.6 - https:\/\/yoast.com\/wordpress\/plugins\/seo\/ -->\n<title>Baumschutzsatzung - DLB Neu-Isenburg<\/title>\n<meta name=\"robots\" content=\"index, follow, max-snippet:-1, max-image-preview:large, max-video-preview:-1\" \/>\n<link rel=\"canonical\" href=\"https:\/\/dlb-aoer.de\/neu-isenburg\/gruen-spiel-sport\/baeume\/baumschutzsatzung\/\" \/>\n<meta property=\"og:locale\" content=\"de_DE\" \/>\n<meta property=\"og:type\" content=\"article\" \/>\n<meta property=\"og:title\" content=\"Baumschutzsatzung - DLB Neu-Isenburg\" \/>\n<meta property=\"og:description\" content=\"Gro\u00dfe und alte Laubb\u00e4ume spielen bei der Durchgr\u00fcnung des Stadt\u00adgebietes eine zentrale Rolle. Sie tragen in besonderem Ma\u00dfe zur Verbesserung des Stadtbildes und der Stadt\u00f6ko\u00adlogie bei.\" \/>\n<meta property=\"og:url\" content=\"https:\/\/dlb-aoer.de\/neu-isenburg\/gruen-spiel-sport\/baeume\/baumschutzsatzung\/\" \/>\n<meta property=\"og:site_name\" content=\"DLB Neu-Isenburg\" \/>\n<meta property=\"article:modified_time\" content=\"2024-07-05T07:28:11+00:00\" \/>\n<meta property=\"og:image\" content=\"https:\/\/dlb-aoer.de\/neu-isenburg\/wp-content\/uploads\/sites\/2\/2020\/05\/Kastanien-Sickergrube-scaled.jpg\" \/>\n\t<meta property=\"og:image:width\" content=\"2560\" \/>\n\t<meta property=\"og:image:height\" content=\"1920\" \/>\n\t<meta property=\"og:image:type\" content=\"image\/jpeg\" \/>\n<meta name=\"twitter:card\" content=\"summary_large_image\" \/>\n<meta name=\"twitter:label1\" content=\"Gesch\u00e4tzte Lesezeit\" \/>\n\t<meta name=\"twitter:data1\" content=\"2\u00a0Minuten\" \/>\n<script type=\"application\/ld+json\" class=\"yoast-schema-graph\">{\"@context\":\"https:\/\/schema.org\",\"@graph\":[{\"@type\":\"WebPage\",\"@id\":\"https:\/\/dlb-aoer.de\/neu-isenburg\/gruen-spiel-sport\/baeume\/baumschutzsatzung\/\",\"url\":\"https:\/\/dlb-aoer.de\/neu-isenburg\/gruen-spiel-sport\/baeume\/baumschutzsatzung\/\",\"name\":\"Baumschutzsatzung - DLB Neu-Isenburg\",\"isPartOf\":{\"@id\":\"https:\/\/dlb-aoer.de\/neu-isenburg\/#website\"},\"datePublished\":\"2019-05-12T16:44:34+00:00\",\"dateModified\":\"2024-07-05T07:28:11+00:00\",\"breadcrumb\":{\"@id\":\"https:\/\/dlb-aoer.de\/neu-isenburg\/gruen-spiel-sport\/baeume\/baumschutzsatzung\/#breadcrumb\"},\"inLanguage\":\"de\",\"potentialAction\":[{\"@type\":\"ReadAction\",\"target\":[\"https:\/\/dlb-aoer.de\/neu-isenburg\/gruen-spiel-sport\/baeume\/baumschutzsatzung\/\"]}]},{\"@type\":\"BreadcrumbList\",\"@id\":\"https:\/\/dlb-aoer.de\/neu-isenburg\/gruen-spiel-sport\/baeume\/baumschutzsatzung\/#breadcrumb\",\"itemListElement\":[{\"@type\":\"ListItem\",\"position\":1,\"name\":\"Startseite\",\"item\":\"https:\/\/dlb-aoer.de\/neu-isenburg\/\"},{\"@type\":\"ListItem\",\"position\":2,\"name\":\"Gr\u00fcn\/Spiel\/Sport\",\"item\":\"https:\/\/dlb-aoer.de\/neu-isenburg\/gruen-spiel-sport\/\"},{\"@type\":\"ListItem\",\"position\":3,\"name\":\"B\u00e4ume\",\"item\":\"https:\/\/dlb-aoer.de\/neu-isenburg\/gruen-spiel-sport\/baeume\/\"},{\"@type\":\"ListItem\",\"position\":4,\"name\":\"Baumschutzsatzung\"}]},{\"@type\":\"WebSite\",\"@id\":\"https:\/\/dlb-aoer.de\/neu-isenburg\/#website\",\"url\":\"https:\/\/dlb-aoer.de\/neu-isenburg\/\",\"name\":\"DLB Neu-Isenburg\",\"description\":\"\",\"publisher\":{\"@id\":\"https:\/\/dlb-aoer.de\/neu-isenburg\/#organization\"},\"potentialAction\":[{\"@type\":\"SearchAction\",\"target\":{\"@type\":\"EntryPoint\",\"urlTemplate\":\"https:\/\/dlb-aoer.de\/neu-isenburg\/?s={search_term_string}\"},\"query-input\":\"required name=search_term_string\"}],\"inLanguage\":\"de\"},{\"@type\":\"Organization\",\"@id\":\"https:\/\/dlb-aoer.de\/neu-isenburg\/#organization\",\"name\":\"Dienstleistungsbetrieb Dreieich und Neu-Isenburg A\u00f6R\",\"url\":\"https:\/\/dlb-aoer.de\/neu-isenburg\/\",\"logo\":{\"@type\":\"ImageObject\",\"inLanguage\":\"de\",\"@id\":\"https:\/\/dlb-aoer.de\/neu-isenburg\/#\/schema\/logo\/image\/\",\"url\":\"https:\/\/dlb-aoer.de\/neu-isenburg\/wp-content\/uploads\/sites\/2\/2019\/10\/DLB_Logo_orange.svg\",\"contentUrl\":\"https:\/\/dlb-aoer.de\/neu-isenburg\/wp-content\/uploads\/sites\/2\/2019\/10\/DLB_Logo_orange.svg\",\"width\":1,\"height\":1,\"caption\":\"Dienstleistungsbetrieb Dreieich und Neu-Isenburg A\u00f6R\"},\"image\":{\"@id\":\"https:\/\/dlb-aoer.de\/neu-isenburg\/#\/schema\/logo\/image\/\"}}]}<\/script>\n<!-- \/ Yoast SEO plugin. -->","yoast_head_json":{"title":"Baumschutzsatzung - DLB Neu-Isenburg","robots":{"index":"index","follow":"follow","max-snippet":"max-snippet:-1","max-image-preview":"max-image-preview:large","max-video-preview":"max-video-preview:-1"},"canonical":"https:\/\/dlb-aoer.de\/neu-isenburg\/gruen-spiel-sport\/baeume\/baumschutzsatzung\/","og_locale":"de_DE","og_type":"article","og_title":"Baumschutzsatzung - DLB Neu-Isenburg","og_description":"Gro\u00dfe und alte Laubb\u00e4ume spielen bei der Durchgr\u00fcnung des Stadt\u00adgebietes eine zentrale Rolle. Sie tragen in besonderem Ma\u00dfe zur Verbesserung des Stadtbildes und der Stadt\u00f6ko\u00adlogie bei.","og_url":"https:\/\/dlb-aoer.de\/neu-isenburg\/gruen-spiel-sport\/baeume\/baumschutzsatzung\/","og_site_name":"DLB Neu-Isenburg","article_modified_time":"2024-07-05T07:28:11+00:00","og_image":[{"width":2560,"height":1920,"url":"https:\/\/dlb-aoer.de\/neu-isenburg\/wp-content\/uploads\/sites\/2\/2020\/05\/Kastanien-Sickergrube-scaled.jpg","type":"image\/jpeg"}],"twitter_card":"summary_large_image","twitter_misc":{"Gesch\u00e4tzte Lesezeit":"2\u00a0Minuten"},"schema":{"@context":"https:\/\/schema.org","@graph":[{"@type":"WebPage","@id":"https:\/\/dlb-aoer.de\/neu-isenburg\/gruen-spiel-sport\/baeume\/baumschutzsatzung\/","url":"https:\/\/dlb-aoer.de\/neu-isenburg\/gruen-spiel-sport\/baeume\/baumschutzsatzung\/","name":"Baumschutzsatzung - DLB Neu-Isenburg","isPartOf":{"@id":"https:\/\/dlb-aoer.de\/neu-isenburg\/#website"},"datePublished":"2019-05-12T16:44:34+00:00","dateModified":"2024-07-05T07:28:11+00:00","breadcrumb":{"@id":"https:\/\/dlb-aoer.de\/neu-isenburg\/gruen-spiel-sport\/baeume\/baumschutzsatzung\/#breadcrumb"},"inLanguage":"de","potentialAction":[{"@type":"ReadAction","target":["https:\/\/dlb-aoer.de\/neu-isenburg\/gruen-spiel-sport\/baeume\/baumschutzsatzung\/"]}]},{"@type":"BreadcrumbList","@id":"https:\/\/dlb-aoer.de\/neu-isenburg\/gruen-spiel-sport\/baeume\/baumschutzsatzung\/#breadcrumb","itemListElement":[{"@type":"ListItem","position":1,"name":"Startseite","item":"https:\/\/dlb-aoer.de\/neu-isenburg\/"},{"@type":"ListItem","position":2,"name":"Gr\u00fcn\/Spiel\/Sport","item":"https:\/\/dlb-aoer.de\/neu-isenburg\/gruen-spiel-sport\/"},{"@type":"ListItem","position":3,"name":"B\u00e4ume","item":"https:\/\/dlb-aoer.de\/neu-isenburg\/gruen-spiel-sport\/baeume\/"},{"@type":"ListItem","position":4,"name":"Baumschutzsatzung"}]},{"@type":"WebSite","@id":"https:\/\/dlb-aoer.de\/neu-isenburg\/#website","url":"https:\/\/dlb-aoer.de\/neu-isenburg\/","name":"DLB Neu-Isenburg","description":"","publisher":{"@id":"https:\/\/dlb-aoer.de\/neu-isenburg\/#organization"},"potentialAction":[{"@type":"SearchAction","target":{"@type":"EntryPoint","urlTemplate":"https:\/\/dlb-aoer.de\/neu-isenburg\/?s={search_term_string}"},"query-input":"required name=search_term_string"}],"inLanguage":"de"},{"@type":"Organization","@id":"https:\/\/dlb-aoer.de\/neu-isenburg\/#organization","name":"Dienstleistungsbetrieb Dreieich und Neu-Isenburg A\u00f6R","url":"https:\/\/dlb-aoer.de\/neu-isenburg\/","logo":{"@type":"ImageObject","inLanguage":"de","@id":"https:\/\/dlb-aoer.de\/neu-isenburg\/#\/schema\/logo\/image\/","url":"https:\/\/dlb-aoer.de\/neu-isenburg\/wp-content\/uploads\/sites\/2\/2019\/10\/DLB_Logo_orange.svg","contentUrl":"https:\/\/dlb-aoer.de\/neu-isenburg\/wp-content\/uploads\/sites\/2\/2019\/10\/DLB_Logo_orange.svg","width":1,"height":1,"caption":"Dienstleistungsbetrieb Dreieich und Neu-Isenburg A\u00f6R"},"image":{"@id":"https:\/\/dlb-aoer.de\/neu-isenburg\/#\/schema\/logo\/image\/"}}]}},"_links":{"self":[{"href":"https:\/\/dlb-aoer.de\/neu-isenburg\/wp-json\/wp\/v2\/pages\/276","targetHints":{"allow":["GET"]}}],"collection":[{"href":"https:\/\/dlb-aoer.de\/neu-isenburg\/wp-json\/wp\/v2\/pages"}],"about":[{"href":"https:\/\/dlb-aoer.de\/neu-isenburg\/wp-json\/wp\/v2\/types\/page"}],"author":[{"embeddable":true,"href":"https:\/\/dlb-aoer.de\/neu-isenburg\/wp-json\/wp\/v2\/users\/2"}],"replies":[{"embeddable":true,"href":"https:\/\/dlb-aoer.de\/neu-isenburg\/wp-json\/wp\/v2\/comments?post=276"}],"version-history":[{"count":34,"href":"https:\/\/dlb-aoer.de\/neu-isenburg\/wp-json\/wp\/v2\/pages\/276\/revisions"}],"predecessor-version":[{"id":4835,"href":"https:\/\/dlb-aoer.de\/neu-isenburg\/wp-json\/wp\/v2\/pages\/276\/revisions\/4835"}],"up":[{"embeddable":true,"href":"https:\/\/dlb-aoer.de\/neu-isenburg\/wp-json\/wp\/v2\/pages\/268"}],"wp:featuredmedia":[{"embeddable":true,"href":"https:\/\/dlb-aoer.de\/neu-isenburg\/wp-json\/wp\/v2\/media\/1257"}],"wp:attachment":[{"href":"https:\/\/dlb-aoer.de\/neu-isenburg\/wp-json\/wp\/v2\/media?parent=276"}],"curies":[{"name":"wp","href":"https:\/\/api.w.org\/{rel}","templated":true}]}}