{"id":274,"date":"2019-05-12T18:44:02","date_gmt":"2019-05-12T16:44:02","guid":{"rendered":"https:\/\/www.dlb-aoer.de\/neu-isenburg\/?page_id=274"},"modified":"2025-04-22T12:38:04","modified_gmt":"2025-04-22T10:38:04","slug":"sport","status":"publish","type":"page","link":"https:\/\/dlb-aoer.de\/neu-isenburg\/gruen-spiel-sport\/sport\/","title":{"rendered":"Sport"},"content":{"rendered":"\t\t<div data-elementor-type=\"wp-post\" data-elementor-id=\"274\" class=\"elementor elementor-274\">\n\t\t\t\t\t\t\t\t\t<section class=\"elementor-section elementor-top-section elementor-element elementor-element-43d4167 elementor-section-boxed elementor-section-height-default elementor-section-height-default\" data-id=\"43d4167\" data-element_type=\"section\">\n\t\t\t\t\t\t<div class=\"elementor-container elementor-column-gap-default\">\n\t\t\t\t\t<div class=\"elementor-column elementor-col-100 elementor-top-column elementor-element elementor-element-5dc6b2f\" data-id=\"5dc6b2f\" data-element_type=\"column\">\n\t\t\t<div class=\"elementor-widget-wrap elementor-element-populated\">\n\t\t\t\t\t\t\t\t<div class=\"elementor-element elementor-element-44eb8ab elementor-widget elementor-widget-heading\" data-id=\"44eb8ab\" data-element_type=\"widget\" data-widget_type=\"heading.default\">\n\t\t\t\t<div class=\"elementor-widget-container\">\n\t\t\t<h1 class=\"elementor-heading-title elementor-size-default\">Sportanlagen f\u00fcr Neu-Isenburg<\/h1>\t\t<\/div>\n\t\t\t\t<\/div>\n\t\t\t\t<section class=\"elementor-section elementor-inner-section elementor-element elementor-element-7b4216e border-plus-margin elementor-section-boxed elementor-section-height-default elementor-section-height-default\" data-id=\"7b4216e\" data-element_type=\"section\">\n\t\t\t\t\t\t<div class=\"elementor-container elementor-column-gap-default\">\n\t\t\t\t\t<div class=\"elementor-column elementor-col-50 elementor-inner-column elementor-element elementor-element-0e59901\" data-id=\"0e59901\" data-element_type=\"column\">\n\t\t\t<div class=\"elementor-widget-wrap elementor-element-populated\">\n\t\t\t\t\t\t\t\t<div class=\"elementor-element elementor-element-c542996 elementor-widget elementor-widget-image\" data-id=\"c542996\" data-element_type=\"widget\" data-widget_type=\"image.default\">\n\t\t\t\t<div class=\"elementor-widget-container\">\n\t\t\t\t\t\t\t\t\t\t\t\t\t\t\t<img loading=\"lazy\" decoding=\"async\" width=\"1024\" height=\"387\" src=\"https:\/\/dlb-aoer.de\/neu-isenburg\/wp-content\/uploads\/sites\/2\/2022\/02\/Sport1-1024x387.jpg\" class=\"attachment-large size-large wp-image-2477\" alt=\"Nahaufnahme wei\u00dfer Linien auf einem gr\u00fcnen Fu\u00dfballplatz.\" srcset=\"https:\/\/dlb-aoer.de\/neu-isenburg\/wp-content\/uploads\/sites\/2\/2022\/02\/Sport1-1024x387.jpg 1024w, https:\/\/dlb-aoer.de\/neu-isenburg\/wp-content\/uploads\/sites\/2\/2022\/02\/Sport1-300x113.jpg 300w, https:\/\/dlb-aoer.de\/neu-isenburg\/wp-content\/uploads\/sites\/2\/2022\/02\/Sport1-768x290.jpg 768w, https:\/\/dlb-aoer.de\/neu-isenburg\/wp-content\/uploads\/sites\/2\/2022\/02\/Sport1-1536x580.jpg 1536w, https:\/\/dlb-aoer.de\/neu-isenburg\/wp-content\/uploads\/sites\/2\/2022\/02\/Sport1-2048x774.jpg 2048w, https:\/\/dlb-aoer.de\/neu-isenburg\/wp-content\/uploads\/sites\/2\/2022\/02\/Sport1-830x314.jpg 830w, https:\/\/dlb-aoer.de\/neu-isenburg\/wp-content\/uploads\/sites\/2\/2022\/02\/Sport1-230x87.jpg 230w, https:\/\/dlb-aoer.de\/neu-isenburg\/wp-content\/uploads\/sites\/2\/2022\/02\/Sport1-350x132.jpg 350w, https:\/\/dlb-aoer.de\/neu-isenburg\/wp-content\/uploads\/sites\/2\/2022\/02\/Sport1-480x181.jpg 480w\" sizes=\"auto, (max-width: 1024px) 100vw, 1024px\" \/>\t\t\t\t\t\t\t\t\t\t\t\t\t\t\t<\/div>\n\t\t\t\t<\/div>\n\t\t\t\t\t<\/div>\n\t\t<\/div>\n\t\t\t\t<div class=\"elementor-column elementor-col-50 elementor-inner-column elementor-element elementor-element-a8c034c\" data-id=\"a8c034c\" data-element_type=\"column\">\n\t\t\t<div class=\"elementor-widget-wrap elementor-element-populated\">\n\t\t\t\t\t\t\t\t<div class=\"elementor-element elementor-element-8227f3d elementor-widget elementor-widget-text-editor\" data-id=\"8227f3d\" data-element_type=\"widget\" data-widget_type=\"text-editor.default\">\n\t\t\t\t<div class=\"elementor-widget-container\">\n\t\t\t\t\t\t\t<p><strong>Ansprechpartnerin:<\/strong><\/p><p>Erika M\u00f6ller<br \/>Tel. 06102-3702-356<\/p><p><a href=\"mailto:gruen-spiel-sport@dlb-aoer.de\"><img loading=\"lazy\" decoding=\"async\" class=\"alignnone wp-image-2828\" src=\"https:\/\/dlb-aoer.de\/dreieich\/wp-content\/uploads\/sites\/4\/2022\/08\/Email3.png\" alt=\"E-Mail schreiben\" width=\"45\" height=\"37\" \/><\/a><\/p>\t\t\t\t\t\t<\/div>\n\t\t\t\t<\/div>\n\t\t\t\t\t<\/div>\n\t\t<\/div>\n\t\t\t\t\t\t\t<\/div>\n\t\t<\/section>\n\t\t\t\t<section class=\"elementor-section elementor-inner-section elementor-element elementor-element-e80ebad border-plus-margin elementor-section-boxed elementor-section-height-default elementor-section-height-default\" data-id=\"e80ebad\" data-element_type=\"section\">\n\t\t\t\t\t\t<div class=\"elementor-container elementor-column-gap-default\">\n\t\t\t\t\t<div class=\"elementor-column elementor-col-100 elementor-inner-column elementor-element elementor-element-904daff\" data-id=\"904daff\" data-element_type=\"column\">\n\t\t\t<div class=\"elementor-widget-wrap elementor-element-populated\">\n\t\t\t\t\t\t\t\t<div class=\"elementor-element elementor-element-0f85c9c elementor-widget elementor-widget-heading\" data-id=\"0f85c9c\" data-element_type=\"widget\" data-widget_type=\"heading.default\">\n\t\t\t\t<div class=\"elementor-widget-container\">\n\t\t\t<h2 class=\"elementor-heading-title elementor-size-default\">Nutzung<\/h2>\t\t<\/div>\n\t\t\t\t<\/div>\n\t\t\t\t<div class=\"elementor-element elementor-element-8fe2352 elementor-widget elementor-widget-text-editor\" data-id=\"8fe2352\" data-element_type=\"widget\" data-widget_type=\"text-editor.default\">\n\t\t\t\t<div class=\"elementor-widget-container\">\n\t\t\t\t\t\t\t<p>Die Zuweisung der Pl\u00e4tze, Hallen, Umkleidem\u00f6glichkeiten, Belegungen und Veranstaltungsmanagement sind Aufgabe des\u00a0<a href=\"http:\/\/www.neu-isenburg.de\/erlebniswelt\/sport\" target=\"_blank\" rel=\"noopener\">Fachbereichs Sport der Stadtverwaltung<\/a>.<\/p><p>Die Organisation der Vereine erfolgt in deren Eigenregie. In Neu-Isenburg gibt es eine Vielzahl verschiedener Vereine, die sportwillige Menschen gerne als Mitglieder aufnehmen. Informationen \u00fcber Vereine finden Sie unter <a href=\"http:\/\/www.neu-isenburg.de\/de\/erlebniswelt\/vereine\" target=\"_blank\" rel=\"noopener\">www.neu-isenburg.de.<\/a><\/p><p>Das Schwimmbad betreiben die\u00a0<a href=\"http:\/\/www.swni.de\/\" target=\"_blank\" rel=\"noopener\">Stadtwerke Neu-Isenburg<\/a>.<\/p><p>Der <strong>DLB ist Ansprechpartner<\/strong> f\u00fcr die angestellten Platz- und Hallenwarte, sowie Fragen zur Unterhaltung und Pflege der Sportanlagen. Folgende Sportanlagen werden durch den DLB betreut:<\/p><ul><li>Sportpark Alicestra\u00dfe (neun Pl\u00e4tzen und einer Halle)<\/li><li>Geschwister-Scholl-Halle<\/li><li>Zeppelinheim (zwei Pl\u00e4tze und eine Halle)<\/li><li>Buchenbusch (zwei Pl\u00e4tze und eine Halle)<\/li><li>Gravenbruch (zwei Pl\u00e4tze)<\/li><\/ul>\t\t\t\t\t\t<\/div>\n\t\t\t\t<\/div>\n\t\t\t\t\t<\/div>\n\t\t<\/div>\n\t\t\t\t\t\t\t<\/div>\n\t\t<\/section>\n\t\t\t\t<section class=\"elementor-section elementor-inner-section elementor-element elementor-element-2a15b87 border-plus-margin elementor-section-boxed elementor-section-height-default elementor-section-height-default\" data-id=\"2a15b87\" data-element_type=\"section\">\n\t\t\t\t\t\t<div class=\"elementor-container elementor-column-gap-default\">\n\t\t\t\t\t<div class=\"elementor-column elementor-col-100 elementor-inner-column elementor-element elementor-element-d52bfac\" data-id=\"d52bfac\" data-element_type=\"column\">\n\t\t\t<div class=\"elementor-widget-wrap elementor-element-populated\">\n\t\t\t\t\t\t\t\t<div class=\"elementor-element elementor-element-3289e2a elementor-widget elementor-widget-heading\" data-id=\"3289e2a\" data-element_type=\"widget\" data-widget_type=\"heading.default\">\n\t\t\t\t<div class=\"elementor-widget-container\">\n\t\t\t<h2 class=\"elementor-heading-title elementor-size-default\">Aufgaben<\/h2>\t\t<\/div>\n\t\t\t\t<\/div>\n\t\t\t\t<div class=\"elementor-element elementor-element-bc0d428 elementor-widget elementor-widget-text-editor\" data-id=\"bc0d428\" data-element_type=\"widget\" data-widget_type=\"text-editor.default\">\n\t\t\t\t<div class=\"elementor-widget-container\">\n\t\t\t\t\t\t\t<p>Die vom Fachbereich Sport der Stadt Neu-Isenburg organisierten Veranstaltungen, werden vom DLB vorbereitet, begleitet und nachbearbeitet. Dies k\u00f6nnen Sportveranstaltungen wie der Hugenottenlauf, das Deutsche Turnfest oder auch kulturelle Veranstaltungen in den Sportanlagen sein.<\/p>\t\t\t\t\t\t<\/div>\n\t\t\t\t<\/div>\n\t\t\t\t<div class=\"elementor-element elementor-element-84a6c96 elementor-widget elementor-widget-text-editor\" data-id=\"84a6c96\" data-element_type=\"widget\" data-widget_type=\"text-editor.default\">\n\t\t\t\t<div class=\"elementor-widget-container\">\n\t\t\t\t\t\t\t<p>W\u00e4hrend der Nutzungszeit sind unsere Mitarbeiter vor Ort im Schichtbetrieb f\u00fcr Sie t\u00e4tig. Fr\u00fch-, Sp\u00e4t- und Wochenendschicht garantieren umfassende Pr\u00e4senz. Die Platz- und Hallenwarte stehen den Nutzern und Nutzerinnen mit Rat und Tat zur Seite. Sie \u00fcben das Hausrecht f\u00fcr die Stadt Neu-Isenburg aus, ihren Anweisungen in den Sportanlagen ist Folge zu leisten.<\/p><p>Im\u00a0<strong>Sportpark<\/strong>\u00a0ist der Hallenwartraum (Schl\u00fcsselausgabe) im Eingangsbereich der Sporthalle zu finden (linke Seite). Telefon: 06102 \/ 367851 (l\u00e4nger klingeln lassen, schaltet um auf das Handy).<\/p><p>In der\u00a0<strong>Sportanlage im Buchenbusch<\/strong>\u00a0befindet sich der Hallenwartraum an der Sporthalle (Eingang Sporthalle \u2013 letzte T\u00fcr auf der linken Seite). Hallentelefon: 06102 \/ 34186.<\/p><p>In\u00a0<strong>Zeppelinheim<\/strong>\u00a0befindet sich der Hallenwartraum im Hauptzugang \u2013 letzte T\u00fcr auf der linken Seite.<br \/>Hallentelefon: 069 \/ 692174.<\/p><p>In der\u00a0<strong>Geschwister Scholl Halle<\/strong>\u00a0befindet sich der Hallenwartraum im vorderen Eingang (letzte T\u00fcr auf der rechten Seite). Hallentelefon: 06102 \/ 327962.<\/p>\t\t\t\t\t\t<\/div>\n\t\t\t\t<\/div>\n\t\t\t\t\t<\/div>\n\t\t<\/div>\n\t\t\t\t\t\t\t<\/div>\n\t\t<\/section>\n\t\t\t\t\t<\/div>\n\t\t<\/div>\n\t\t\t\t\t\t\t<\/div>\n\t\t<\/section>\n\t\t\t\t\t\t\t<\/div>\n\t\t","protected":false},"excerpt":{"rendered":"<p>Sportanlagen f\u00fcr Neu-Isenburg Ansprechpartnerin: Erika M\u00f6llerTel. 06102-3702-356 Nutzung Die Zuweisung der Pl\u00e4tze, Hallen, Umkleidem\u00f6glichkeiten, Belegungen und Veranstaltungsmanagement sind Aufgabe des\u00a0Fachbereichs Sport der [&hellip;]<\/p>\n","protected":false},"author":2,"featured_media":693,"parent":17,"menu_order":4,"comment_status":"closed","ping_status":"closed","template":"elementor_header_footer","meta":{"inline_featured_image":false,"footnotes":"","_links_to":"","_links_to_target":""},"class_list":["post-274","page","type-page","status-publish","has-post-thumbnail","hentry"],"yoast_head":"<!-- This site is optimized with the Yoast SEO plugin v21.6 - https:\/\/yoast.com\/wordpress\/plugins\/seo\/ -->\n<title>Sport - DLB Neu-Isenburg<\/title>\n<meta name=\"robots\" content=\"index, follow, max-snippet:-1, max-image-preview:large, max-video-preview:-1\" \/>\n<link rel=\"canonical\" href=\"https:\/\/dlb-aoer.de\/neu-isenburg\/gruen-spiel-sport\/sport\/\" \/>\n<meta property=\"og:locale\" content=\"de_DE\" \/>\n<meta property=\"og:type\" content=\"article\" \/>\n<meta property=\"og:title\" content=\"Sport - DLB Neu-Isenburg\" \/>\n<meta property=\"og:description\" content=\"Sportanlagen f\u00fcr Neu-Isenburg Ansprechpartnerin: Erika M\u00f6llerTel. 06102-3702-356 Nutzung Die Zuweisung der Pl\u00e4tze, Hallen, Umkleidem\u00f6glichkeiten, Belegungen und Veranstaltungsmanagement sind Aufgabe des\u00a0Fachbereichs Sport der [&hellip;]\" \/>\n<meta property=\"og:url\" content=\"https:\/\/dlb-aoer.de\/neu-isenburg\/gruen-spiel-sport\/sport\/\" \/>\n<meta property=\"og:site_name\" content=\"DLB Neu-Isenburg\" \/>\n<meta property=\"article:modified_time\" content=\"2025-04-22T10:38:04+00:00\" \/>\n<meta property=\"og:image\" content=\"https:\/\/dlb-aoer.de\/neu-isenburg\/wp-content\/uploads\/sites\/2\/2019\/05\/Gruen_Sport.jpg\" \/>\n\t<meta property=\"og:image:width\" content=\"600\" \/>\n\t<meta property=\"og:image:height\" content=\"450\" \/>\n\t<meta property=\"og:image:type\" content=\"image\/jpeg\" \/>\n<meta name=\"twitter:card\" content=\"summary_large_image\" \/>\n<meta name=\"twitter:label1\" content=\"Gesch\u00e4tzte Lesezeit\" \/>\n\t<meta name=\"twitter:data1\" content=\"2\u00a0Minuten\" \/>\n<script type=\"application\/ld+json\" class=\"yoast-schema-graph\">{\"@context\":\"https:\/\/schema.org\",\"@graph\":[{\"@type\":\"WebPage\",\"@id\":\"https:\/\/dlb-aoer.de\/neu-isenburg\/gruen-spiel-sport\/sport\/\",\"url\":\"https:\/\/dlb-aoer.de\/neu-isenburg\/gruen-spiel-sport\/sport\/\",\"name\":\"Sport - DLB Neu-Isenburg\",\"isPartOf\":{\"@id\":\"https:\/\/dlb-aoer.de\/neu-isenburg\/#website\"},\"datePublished\":\"2019-05-12T16:44:02+00:00\",\"dateModified\":\"2025-04-22T10:38:04+00:00\",\"breadcrumb\":{\"@id\":\"https:\/\/dlb-aoer.de\/neu-isenburg\/gruen-spiel-sport\/sport\/#breadcrumb\"},\"inLanguage\":\"de\",\"potentialAction\":[{\"@type\":\"ReadAction\",\"target\":[\"https:\/\/dlb-aoer.de\/neu-isenburg\/gruen-spiel-sport\/sport\/\"]}]},{\"@type\":\"BreadcrumbList\",\"@id\":\"https:\/\/dlb-aoer.de\/neu-isenburg\/gruen-spiel-sport\/sport\/#breadcrumb\",\"itemListElement\":[{\"@type\":\"ListItem\",\"position\":1,\"name\":\"Startseite\",\"item\":\"https:\/\/dlb-aoer.de\/neu-isenburg\/\"},{\"@type\":\"ListItem\",\"position\":2,\"name\":\"Gr\u00fcn\/Spiel\/Sport\",\"item\":\"https:\/\/dlb-aoer.de\/neu-isenburg\/gruen-spiel-sport\/\"},{\"@type\":\"ListItem\",\"position\":3,\"name\":\"Sport\"}]},{\"@type\":\"WebSite\",\"@id\":\"https:\/\/dlb-aoer.de\/neu-isenburg\/#website\",\"url\":\"https:\/\/dlb-aoer.de\/neu-isenburg\/\",\"name\":\"DLB Neu-Isenburg\",\"description\":\"\",\"publisher\":{\"@id\":\"https:\/\/dlb-aoer.de\/neu-isenburg\/#organization\"},\"potentialAction\":[{\"@type\":\"SearchAction\",\"target\":{\"@type\":\"EntryPoint\",\"urlTemplate\":\"https:\/\/dlb-aoer.de\/neu-isenburg\/?s={search_term_string}\"},\"query-input\":\"required name=search_term_string\"}],\"inLanguage\":\"de\"},{\"@type\":\"Organization\",\"@id\":\"https:\/\/dlb-aoer.de\/neu-isenburg\/#organization\",\"name\":\"Dienstleistungsbetrieb Dreieich und Neu-Isenburg A\u00f6R\",\"url\":\"https:\/\/dlb-aoer.de\/neu-isenburg\/\",\"logo\":{\"@type\":\"ImageObject\",\"inLanguage\":\"de\",\"@id\":\"https:\/\/dlb-aoer.de\/neu-isenburg\/#\/schema\/logo\/image\/\",\"url\":\"https:\/\/dlb-aoer.de\/neu-isenburg\/wp-content\/uploads\/sites\/2\/2019\/10\/DLB_Logo_orange.svg\",\"contentUrl\":\"https:\/\/dlb-aoer.de\/neu-isenburg\/wp-content\/uploads\/sites\/2\/2019\/10\/DLB_Logo_orange.svg\",\"width\":1,\"height\":1,\"caption\":\"Dienstleistungsbetrieb Dreieich und Neu-Isenburg A\u00f6R\"},\"image\":{\"@id\":\"https:\/\/dlb-aoer.de\/neu-isenburg\/#\/schema\/logo\/image\/\"}}]}<\/script>\n<!-- \/ Yoast SEO plugin. -->","yoast_head_json":{"title":"Sport - DLB Neu-Isenburg","robots":{"index":"index","follow":"follow","max-snippet":"max-snippet:-1","max-image-preview":"max-image-preview:large","max-video-preview":"max-video-preview:-1"},"canonical":"https:\/\/dlb-aoer.de\/neu-isenburg\/gruen-spiel-sport\/sport\/","og_locale":"de_DE","og_type":"article","og_title":"Sport - DLB Neu-Isenburg","og_description":"Sportanlagen f\u00fcr Neu-Isenburg Ansprechpartnerin: Erika M\u00f6llerTel. 06102-3702-356 Nutzung Die Zuweisung der Pl\u00e4tze, Hallen, Umkleidem\u00f6glichkeiten, Belegungen und Veranstaltungsmanagement sind Aufgabe des\u00a0Fachbereichs Sport der [&hellip;]","og_url":"https:\/\/dlb-aoer.de\/neu-isenburg\/gruen-spiel-sport\/sport\/","og_site_name":"DLB Neu-Isenburg","article_modified_time":"2025-04-22T10:38:04+00:00","og_image":[{"width":600,"height":450,"url":"https:\/\/dlb-aoer.de\/neu-isenburg\/wp-content\/uploads\/sites\/2\/2019\/05\/Gruen_Sport.jpg","type":"image\/jpeg"}],"twitter_card":"summary_large_image","twitter_misc":{"Gesch\u00e4tzte Lesezeit":"2\u00a0Minuten"},"schema":{"@context":"https:\/\/schema.org","@graph":[{"@type":"WebPage","@id":"https:\/\/dlb-aoer.de\/neu-isenburg\/gruen-spiel-sport\/sport\/","url":"https:\/\/dlb-aoer.de\/neu-isenburg\/gruen-spiel-sport\/sport\/","name":"Sport - DLB Neu-Isenburg","isPartOf":{"@id":"https:\/\/dlb-aoer.de\/neu-isenburg\/#website"},"datePublished":"2019-05-12T16:44:02+00:00","dateModified":"2025-04-22T10:38:04+00:00","breadcrumb":{"@id":"https:\/\/dlb-aoer.de\/neu-isenburg\/gruen-spiel-sport\/sport\/#breadcrumb"},"inLanguage":"de","potentialAction":[{"@type":"ReadAction","target":["https:\/\/dlb-aoer.de\/neu-isenburg\/gruen-spiel-sport\/sport\/"]}]},{"@type":"BreadcrumbList","@id":"https:\/\/dlb-aoer.de\/neu-isenburg\/gruen-spiel-sport\/sport\/#breadcrumb","itemListElement":[{"@type":"ListItem","position":1,"name":"Startseite","item":"https:\/\/dlb-aoer.de\/neu-isenburg\/"},{"@type":"ListItem","position":2,"name":"Gr\u00fcn\/Spiel\/Sport","item":"https:\/\/dlb-aoer.de\/neu-isenburg\/gruen-spiel-sport\/"},{"@type":"ListItem","position":3,"name":"Sport"}]},{"@type":"WebSite","@id":"https:\/\/dlb-aoer.de\/neu-isenburg\/#website","url":"https:\/\/dlb-aoer.de\/neu-isenburg\/","name":"DLB Neu-Isenburg","description":"","publisher":{"@id":"https:\/\/dlb-aoer.de\/neu-isenburg\/#organization"},"potentialAction":[{"@type":"SearchAction","target":{"@type":"EntryPoint","urlTemplate":"https:\/\/dlb-aoer.de\/neu-isenburg\/?s={search_term_string}"},"query-input":"required name=search_term_string"}],"inLanguage":"de"},{"@type":"Organization","@id":"https:\/\/dlb-aoer.de\/neu-isenburg\/#organization","name":"Dienstleistungsbetrieb Dreieich und Neu-Isenburg A\u00f6R","url":"https:\/\/dlb-aoer.de\/neu-isenburg\/","logo":{"@type":"ImageObject","inLanguage":"de","@id":"https:\/\/dlb-aoer.de\/neu-isenburg\/#\/schema\/logo\/image\/","url":"https:\/\/dlb-aoer.de\/neu-isenburg\/wp-content\/uploads\/sites\/2\/2019\/10\/DLB_Logo_orange.svg","contentUrl":"https:\/\/dlb-aoer.de\/neu-isenburg\/wp-content\/uploads\/sites\/2\/2019\/10\/DLB_Logo_orange.svg","width":1,"height":1,"caption":"Dienstleistungsbetrieb Dreieich und Neu-Isenburg A\u00f6R"},"image":{"@id":"https:\/\/dlb-aoer.de\/neu-isenburg\/#\/schema\/logo\/image\/"}}]}},"_links":{"self":[{"href":"https:\/\/dlb-aoer.de\/neu-isenburg\/wp-json\/wp\/v2\/pages\/274","targetHints":{"allow":["GET"]}}],"collection":[{"href":"https:\/\/dlb-aoer.de\/neu-isenburg\/wp-json\/wp\/v2\/pages"}],"about":[{"href":"https:\/\/dlb-aoer.de\/neu-isenburg\/wp-json\/wp\/v2\/types\/page"}],"author":[{"embeddable":true,"href":"https:\/\/dlb-aoer.de\/neu-isenburg\/wp-json\/wp\/v2\/users\/2"}],"replies":[{"embeddable":true,"href":"https:\/\/dlb-aoer.de\/neu-isenburg\/wp-json\/wp\/v2\/comments?post=274"}],"version-history":[{"count":14,"href":"https:\/\/dlb-aoer.de\/neu-isenburg\/wp-json\/wp\/v2\/pages\/274\/revisions"}],"predecessor-version":[{"id":5273,"href":"https:\/\/dlb-aoer.de\/neu-isenburg\/wp-json\/wp\/v2\/pages\/274\/revisions\/5273"}],"up":[{"embeddable":true,"href":"https:\/\/dlb-aoer.de\/neu-isenburg\/wp-json\/wp\/v2\/pages\/17"}],"wp:featuredmedia":[{"embeddable":true,"href":"https:\/\/dlb-aoer.de\/neu-isenburg\/wp-json\/wp\/v2\/media\/693"}],"wp:attachment":[{"href":"https:\/\/dlb-aoer.de\/neu-isenburg\/wp-json\/wp\/v2\/media?parent=274"}],"curies":[{"name":"wp","href":"https:\/\/api.w.org\/{rel}","templated":true}]}}