{"id":2724,"date":"2022-03-11T08:59:59","date_gmt":"2022-03-11T07:59:59","guid":{"rendered":"https:\/\/dlb-aoer.de\/neu-isenburg\/?page_id=2724"},"modified":"2023-08-08T11:57:02","modified_gmt":"2023-08-08T09:57:02","slug":"ein-schoener-ort-kennt-keinen-muell","status":"publish","type":"page","link":"https:\/\/dlb-aoer.de\/neu-isenburg\/strassen\/strassenreinigung\/ein-schoener-ort-kennt-keinen-muell\/","title":{"rendered":"Ein sch\u00f6ner Ort kennt keinen M\u00fcll"},"content":{"rendered":"\t\t<div data-elementor-type=\"wp-post\" data-elementor-id=\"2724\" class=\"elementor elementor-2724\">\n\t\t\t\t\t\t\t\t\t<section class=\"elementor-section elementor-top-section elementor-element elementor-element-786ad7a elementor-section-stretched elementor-section-boxed elementor-section-height-default elementor-section-height-default\" data-id=\"786ad7a\" data-element_type=\"section\" data-settings=\"{&quot;stretch_section&quot;:&quot;section-stretched&quot;}\">\n\t\t\t\t\t\t<div class=\"elementor-container elementor-column-gap-default\">\n\t\t\t\t\t<div class=\"elementor-column elementor-col-100 elementor-top-column elementor-element elementor-element-748f74f\" data-id=\"748f74f\" data-element_type=\"column\">\n\t\t\t<div class=\"elementor-widget-wrap elementor-element-populated\">\n\t\t\t\t\t\t\t\t<section class=\"elementor-section elementor-inner-section elementor-element elementor-element-c362d16 border-plus-margin elementor-section-boxed elementor-section-height-default elementor-section-height-default\" data-id=\"c362d16\" data-element_type=\"section\">\n\t\t\t\t\t\t<div class=\"elementor-container elementor-column-gap-default\">\n\t\t\t\t\t<div class=\"elementor-column elementor-col-50 elementor-inner-column elementor-element elementor-element-92202d8\" data-id=\"92202d8\" data-element_type=\"column\">\n\t\t\t<div class=\"elementor-widget-wrap elementor-element-populated\">\n\t\t\t\t\t\t\t\t<div class=\"elementor-element elementor-element-e7eaec5 elementor-widget elementor-widget-heading\" data-id=\"e7eaec5\" data-element_type=\"widget\" data-widget_type=\"heading.default\">\n\t\t\t\t<div class=\"elementor-widget-container\">\n\t\t\t<h2 class=\"elementor-heading-title elementor-size-default\">Das Projekt<\/h2>\t\t<\/div>\n\t\t\t\t<\/div>\n\t\t\t\t<div class=\"elementor-element elementor-element-b429516 elementor-widget elementor-widget-text-editor\" data-id=\"b429516\" data-element_type=\"widget\" data-widget_type=\"text-editor.default\">\n\t\t\t\t<div class=\"elementor-widget-container\">\n\t\t\t\t\t\t\t<p>Unter dem Motto \u201eEin sch\u00f6ner Ort kennt keinen M\u00fcll\u201c startete die DLB Dreieich und Neu-Isenburg A\u00f6R ein Modellprojekt gegen Littering in Dreieich und Neu-Isenburg.\u00a0<\/p><p>Im April 2020 wurden gr\u00f6\u00dfere Tonnen mit Einwurf Schlitz und Motiv aufgestellt. Die Aufschrift \u201eEin sch\u00f6ner Ort kennt keinen M\u00fcll\u201c soll gemeinsam mit dem Maskottchen des DLB \u201eLutz van Putz\u201c ein Eyecatcher werden und die B\u00fcrgerinnen und B\u00fcrger dazu animieren, den M\u00fcll zu entsorgen.<\/p><p>Eine erste Auswertung hat ergeben, dass die aufgestellten Beh\u00e4lter in Neu-Isenburg am Rosenauplatz und rund um die Hugenottenhalle (HuHa) gut genutzt werden. Wohingegen die Tonnen in der Fu\u00dfg\u00e4ngerzone Bahnhofstra\u00dfe er m\u00e4\u00dfig bef\u00fcllt sind. In Dreieich stehen die Aktions-M\u00fcllbeh\u00e4lter rund um die Hayner Burg in Dreieichenhain. Auch hier k\u00f6nnen erste Erfolge vermeldet werden. Vielfach findet der mitgebrachte M\u00fcll den Weg in die seit 01. April bereitgestellten Tonnen.<\/p><p>Der DLB ist guter Dinge, dass sich diese Entwicklung fortsetzen wird und beobachtet fortlaufend die Situation vor Ort.<\/p>\t\t\t\t\t\t<\/div>\n\t\t\t\t<\/div>\n\t\t\t\t\t<\/div>\n\t\t<\/div>\n\t\t\t\t<div class=\"elementor-column elementor-col-50 elementor-inner-column elementor-element elementor-element-9729456\" data-id=\"9729456\" data-element_type=\"column\">\n\t\t\t<div class=\"elementor-widget-wrap elementor-element-populated\">\n\t\t\t\t\t\t\t\t<div class=\"elementor-element elementor-element-d509887 elementor-widget elementor-widget-image\" data-id=\"d509887\" data-element_type=\"widget\" data-widget_type=\"image.default\">\n\t\t\t\t<div class=\"elementor-widget-container\">\n\t\t\t\t\t\t\t\t\t\t\t\t\t\t\t<img loading=\"lazy\" decoding=\"async\" width=\"753\" height=\"846\" src=\"https:\/\/dlb-aoer.de\/neu-isenburg\/wp-content\/uploads\/sites\/2\/2022\/03\/Ein-sch\u00f6ner-Ort....jpg\" class=\"attachment-sydney-large-thumb size-sydney-large-thumb wp-image-2722\" alt=\"Restm\u00fclltonne auf dem Rosenauplatz vor der Huha. Die M\u00fclltonne tr\u00e4gt die Aufschrift: &quot;Ein sch\u00f6ner Ort kennt keinen M\u00fcll&quot;. Darunter ist das DLB-Maskottchen mit einem Besen abgebildet.\" srcset=\"https:\/\/dlb-aoer.de\/neu-isenburg\/wp-content\/uploads\/sites\/2\/2022\/03\/Ein-sch\u00f6ner-Ort....jpg 753w, https:\/\/dlb-aoer.de\/neu-isenburg\/wp-content\/uploads\/sites\/2\/2022\/03\/Ein-sch\u00f6ner-Ort...-267x300.jpg 267w, https:\/\/dlb-aoer.de\/neu-isenburg\/wp-content\/uploads\/sites\/2\/2022\/03\/Ein-sch\u00f6ner-Ort...-230x258.jpg 230w, https:\/\/dlb-aoer.de\/neu-isenburg\/wp-content\/uploads\/sites\/2\/2022\/03\/Ein-sch\u00f6ner-Ort...-350x393.jpg 350w, https:\/\/dlb-aoer.de\/neu-isenburg\/wp-content\/uploads\/sites\/2\/2022\/03\/Ein-sch\u00f6ner-Ort...-480x539.jpg 480w\" sizes=\"auto, (max-width: 753px) 100vw, 753px\" \/>\t\t\t\t\t\t\t\t\t\t\t\t\t\t\t<\/div>\n\t\t\t\t<\/div>\n\t\t\t\t\t<\/div>\n\t\t<\/div>\n\t\t\t\t\t\t\t<\/div>\n\t\t<\/section>\n\t\t\t\t<section class=\"elementor-section elementor-inner-section elementor-element elementor-element-6eb32d8 border-plus-margin elementor-section-boxed elementor-section-height-default elementor-section-height-default\" data-id=\"6eb32d8\" data-element_type=\"section\" data-settings=\"{&quot;background_background&quot;:&quot;classic&quot;}\">\n\t\t\t\t\t\t<div class=\"elementor-container elementor-column-gap-default\">\n\t\t\t\t\t<div class=\"elementor-column elementor-col-100 elementor-inner-column elementor-element elementor-element-b87a599\" data-id=\"b87a599\" data-element_type=\"column\">\n\t\t\t<div class=\"elementor-widget-wrap elementor-element-populated\">\n\t\t\t\t\t\t\t\t<div class=\"elementor-element elementor-element-48d794c elementor-widget elementor-widget-heading\" data-id=\"48d794c\" data-element_type=\"widget\" data-widget_type=\"heading.default\">\n\t\t\t\t<div class=\"elementor-widget-container\">\n\t\t\t<h2 class=\"elementor-heading-title elementor-size-default\">Modellprojekt im April 2020 gestartet<\/h2>\t\t<\/div>\n\t\t\t\t<\/div>\n\t\t\t\t<div class=\"elementor-element elementor-element-04ebb29 elementor-widget elementor-widget-text-editor\" data-id=\"04ebb29\" data-element_type=\"widget\" data-widget_type=\"text-editor.default\">\n\t\t\t\t<div class=\"elementor-widget-container\">\n\t\t\t\t\t\t\t<p>Unter dem Motto \u201eEin sch\u00f6ner Ort kennt keinen M\u00fcll\u201c startet die DLB Dreieich und Neu-Isenburg A\u00f6R ein Modellprojekt gegen Littering in Dreieich und Neu-Isenburg.<br \/>Littering beschreibt das achtlose Wegwerfen oder Liegenlassen von M\u00fcll im \u00f6ffentlichen Raum. Nicht nur in Gro\u00dfst\u00e4dten hat sich der \u00f6ffentliche Raum zunehmend zum allgemeinen Papierkorb entwickelt. Auch Neu-Isenburg und Dreieich bleiben von dieser Entwicklung nicht unber\u00fchrt. An Parkb\u00e4nken, Bushaltestellen, Spielpl\u00e4tzen, \u00fcberall wo sich Menschen in der Stadt aufhalten, ist der M\u00fcll scheinbar vorprogrammiert. Besonders verst\u00e4rkt wird dieser Effekt durch die derzeitige Corona-Situation. Eine Vielzahl von To-Go-Verpackungen (Kaffeebecher, Pizzakartons, etc.) werden nach dem Verzehr einfach zur\u00fcckgelassen. Die DLB Dreieich und Neu-Isenburg A\u00f6R kennt die stark besuchten und hiervon betroffenen Bereiche besonders gut, weshalb nun ein erstes Modellprojekt an stark betroffenen Punkten der St\u00e4dte startet.<\/p><p>Kern der Aktion ist es, die Menschen auf Entsorgungsm\u00f6glichkeiten in der Stadt aufmerksam zu machen. Der M\u00fcll soll nicht an Ort und Stelle liegen gelassen werden, sondern in einem M\u00fcllbeh\u00e4lter landen. Dazu stellt der DLB an den neuralgischen Punkten der St\u00e4dte gro\u00dfe, un\u00fcbersehbare M\u00fcllbeh\u00e4lter mit entsprechendem Aufdruck auf. Die Aufschrift \u201eEin sch\u00f6ner Ort kennt keinen M\u00fcll\u201c soll gemeinsam mit dem Maskottchen des DLB \u201eLutz van Putz\u201c ein Eyecatcher werden und die B\u00fcrgerinnen und B\u00fcrger dazu animieren, den M\u00fcll zu entsorgen. Daf\u00fcr werden die bereits aufgestellten Tonnen mit einem bedruckten Tonnenstrumpf nachger\u00fcstet. Die Deckel haben einen Einwurf Schlitz. Dieser Schlitz ist klein genug, sodass keine Hausm\u00fclls\u00e4cke hineinpassen, aber gro\u00df genug, dass gefaltete Pizzakartons problemlos entsorgt werden k\u00f6nnen.<\/p><p>In Neu-Isenburg wurde der Rosenauplatz und das Areal rund um die Hugenottenhalle (HuHa) ausgew\u00e4hlt. W\u00e4hrend der Corona-Zeit hat hier das M\u00fcllvolumen durch \u201eTo-go\u201c-Verpackungen wie Einwegbecher und Pizzakartons deutlich zugenommen. \u201eDeswegen wurden hier bereits in der vergangenen Woche die ersten vier der neuen Aktions-M\u00fcllbeh\u00e4lter aufgestellt\u201c, berichtet Erster Stadtrat Stefan Schmitt. Die Leerung der M\u00fcllbeh\u00e4lter findet in regelm\u00e4\u00dfigen Abst\u00e4nden statt, zudem wird der DLB an den Wochenenden von den Kolleginnen und Kollegen der Hugenottenhalle unterst\u00fctzt. Parallel wird in Zusammenarbeit mit dem Kulturb\u00fcro der Stadt Neu-Isenburg eine Kunstaktion rund um das Thema M\u00fcll ins Leben gerufen. Kunstschaffende sollen eine k\u00fcnstlerische Botschaft gegen die Verm\u00fcllung des HuHa-Areals entwerfen. Die entstehenden Kunstwerke k\u00f6nnen daraufhin rund um die HuHa ausgestellt werden.<\/p><p>In Dreieich soll das Projekt an der Hayner Burg in Dreieichenhain umgesetzt werden. Sch\u00f6ne Orte laden zum Verweilen ein, gerade rund um die Burg halten sich viele Menschen auf und verursachen leider zu viel M\u00fcll. Die Aktions-M\u00fcllbeh\u00e4lter werden ab Gr\u00fcndonnerstag rund um die Burg aufgestellt, um un\u00fcbersehbare M\u00f6glichkeiten der M\u00fcllentsorgung zu schaffen. Die regelm\u00e4\u00dfigen Leerungen \u00fcbernimmt der DLB. Dar\u00fcber hinaus wird sich der G\u00e4rtner des Geschichts- und Heimatvereins um die Wochenendleerungen k\u00fcmmern. &#8222;Unsere idyllische Dreieichenhainer Altstadt sowie die Burg sind ein echter Publikumsmagnet, was leider auch immer mehr M\u00fcll bedeutet. Die klasse DLB-Aktion wird hoffentlich die Besucherinnen und Besucher vor Ort zu einem verantwortungsvollen Umgang mit ihrem M\u00fcll motivieren&#8220;, sagt B\u00fcrgermeister Martin Burlon.<\/p><p>In Kooperation mit den B\u00fcrgerh\u00e4usern Dreieich wird auch f\u00fcr Dreieich ein Kunstprojekt ins Leben gerufen. Die B\u00fcrgerh\u00e4user Dreieich und das Kulturb\u00fcro Neu-Isenburg arbeiten wie auch schon in der Vergangenheit eng zusammen und m\u00f6chten viele K\u00fcnstlerinnen und K\u00fcnstler dazu bewegen, das Thema M\u00fcll in den Fokus zu r\u00fccken. Die Kunstwerke erg\u00e4nzen das Projekt und werden rund um die Burg und in der Dreieicher Altstadt ausgestellt.<\/p><p>Mit diesem Modellprojekt erhofft sich Petra Klink, Vorstand des DLB, eine Verbesserung der M\u00fcllsituation: \u201eAuch wenn wir damit nicht die Ursache des Problems bek\u00e4mpfen, wird es uns hoffentlich gelingen, mehr Sauberkeit an unsere sch\u00f6nen Orte zu zaubern!\u201c<\/p>\t\t\t\t\t\t<\/div>\n\t\t\t\t<\/div>\n\t\t\t\t\t<\/div>\n\t\t<\/div>\n\t\t\t\t\t\t\t<\/div>\n\t\t<\/section>\n\t\t\t\t\t<\/div>\n\t\t<\/div>\n\t\t\t\t\t\t\t<\/div>\n\t\t<\/section>\n\t\t\t\t\t\t\t<\/div>\n\t\t","protected":false},"excerpt":{"rendered":"<p>Das Projekt Unter dem Motto \u201eEin sch\u00f6ner Ort kennt keinen M\u00fcll\u201c startete die DLB Dreieich und Neu-Isenburg A\u00f6R ein Modellprojekt gegen Littering [&hellip;]<\/p>\n","protected":false},"author":2,"featured_media":2723,"parent":323,"menu_order":6,"comment_status":"closed","ping_status":"closed","template":"","meta":{"inline_featured_image":false,"footnotes":"","_links_to":"","_links_to_target":""},"class_list":["post-2724","page","type-page","status-publish","has-post-thumbnail","hentry"],"yoast_head":"<!-- This site is optimized with the Yoast SEO plugin v21.6 - https:\/\/yoast.com\/wordpress\/plugins\/seo\/ -->\n<title>Ein sch\u00f6ner Ort kennt keinen M\u00fcll - DLB Neu-Isenburg<\/title>\n<meta name=\"robots\" content=\"index, follow, max-snippet:-1, max-image-preview:large, max-video-preview:-1\" \/>\n<link rel=\"canonical\" href=\"https:\/\/dlb-aoer.de\/neu-isenburg\/strassen\/strassenreinigung\/ein-schoener-ort-kennt-keinen-muell\/\" \/>\n<meta property=\"og:locale\" content=\"de_DE\" \/>\n<meta property=\"og:type\" content=\"article\" \/>\n<meta property=\"og:title\" content=\"Ein sch\u00f6ner Ort kennt keinen M\u00fcll - DLB Neu-Isenburg\" \/>\n<meta property=\"og:description\" content=\"Das Projekt Unter dem Motto \u201eEin sch\u00f6ner Ort kennt keinen M\u00fcll\u201c startete die DLB Dreieich und Neu-Isenburg A\u00f6R ein Modellprojekt gegen Littering [&hellip;]\" \/>\n<meta property=\"og:url\" content=\"https:\/\/dlb-aoer.de\/neu-isenburg\/strassen\/strassenreinigung\/ein-schoener-ort-kennt-keinen-muell\/\" \/>\n<meta property=\"og:site_name\" content=\"DLB Neu-Isenburg\" \/>\n<meta property=\"article:modified_time\" content=\"2023-08-08T09:57:02+00:00\" \/>\n<meta property=\"og:image\" content=\"https:\/\/dlb-aoer.de\/neu-isenburg\/wp-content\/uploads\/sites\/2\/2022\/03\/Ein-sch\u00f6ner-Ort-kennt-....jpg\" \/>\n\t<meta property=\"og:image:width\" content=\"746\" \/>\n\t<meta property=\"og:image:height\" content=\"708\" \/>\n\t<meta property=\"og:image:type\" content=\"image\/jpeg\" \/>\n<meta name=\"twitter:card\" content=\"summary_large_image\" \/>\n<meta name=\"twitter:label1\" content=\"Gesch\u00e4tzte Lesezeit\" \/>\n\t<meta name=\"twitter:data1\" content=\"4\u00a0Minuten\" \/>\n<script type=\"application\/ld+json\" class=\"yoast-schema-graph\">{\"@context\":\"https:\/\/schema.org\",\"@graph\":[{\"@type\":\"WebPage\",\"@id\":\"https:\/\/dlb-aoer.de\/neu-isenburg\/strassen\/strassenreinigung\/ein-schoener-ort-kennt-keinen-muell\/\",\"url\":\"https:\/\/dlb-aoer.de\/neu-isenburg\/strassen\/strassenreinigung\/ein-schoener-ort-kennt-keinen-muell\/\",\"name\":\"Ein sch\u00f6ner Ort kennt keinen M\u00fcll - DLB Neu-Isenburg\",\"isPartOf\":{\"@id\":\"https:\/\/dlb-aoer.de\/neu-isenburg\/#website\"},\"datePublished\":\"2022-03-11T07:59:59+00:00\",\"dateModified\":\"2023-08-08T09:57:02+00:00\",\"breadcrumb\":{\"@id\":\"https:\/\/dlb-aoer.de\/neu-isenburg\/strassen\/strassenreinigung\/ein-schoener-ort-kennt-keinen-muell\/#breadcrumb\"},\"inLanguage\":\"de\",\"potentialAction\":[{\"@type\":\"ReadAction\",\"target\":[\"https:\/\/dlb-aoer.de\/neu-isenburg\/strassen\/strassenreinigung\/ein-schoener-ort-kennt-keinen-muell\/\"]}]},{\"@type\":\"BreadcrumbList\",\"@id\":\"https:\/\/dlb-aoer.de\/neu-isenburg\/strassen\/strassenreinigung\/ein-schoener-ort-kennt-keinen-muell\/#breadcrumb\",\"itemListElement\":[{\"@type\":\"ListItem\",\"position\":1,\"name\":\"Startseite\",\"item\":\"https:\/\/dlb-aoer.de\/neu-isenburg\/\"},{\"@type\":\"ListItem\",\"position\":2,\"name\":\"Stra\u00dfen\",\"item\":\"https:\/\/dlb-aoer.de\/neu-isenburg\/strassen\/\"},{\"@type\":\"ListItem\",\"position\":3,\"name\":\"Stra\u00dfenreinigung\",\"item\":\"https:\/\/dlb-aoer.de\/neu-isenburg\/strassen\/strassenreinigung\/\"},{\"@type\":\"ListItem\",\"position\":4,\"name\":\"Ein sch\u00f6ner Ort kennt keinen M\u00fcll\"}]},{\"@type\":\"WebSite\",\"@id\":\"https:\/\/dlb-aoer.de\/neu-isenburg\/#website\",\"url\":\"https:\/\/dlb-aoer.de\/neu-isenburg\/\",\"name\":\"DLB Neu-Isenburg\",\"description\":\"\",\"publisher\":{\"@id\":\"https:\/\/dlb-aoer.de\/neu-isenburg\/#organization\"},\"potentialAction\":[{\"@type\":\"SearchAction\",\"target\":{\"@type\":\"EntryPoint\",\"urlTemplate\":\"https:\/\/dlb-aoer.de\/neu-isenburg\/?s={search_term_string}\"},\"query-input\":\"required name=search_term_string\"}],\"inLanguage\":\"de\"},{\"@type\":\"Organization\",\"@id\":\"https:\/\/dlb-aoer.de\/neu-isenburg\/#organization\",\"name\":\"Dienstleistungsbetrieb Dreieich und Neu-Isenburg A\u00f6R\",\"url\":\"https:\/\/dlb-aoer.de\/neu-isenburg\/\",\"logo\":{\"@type\":\"ImageObject\",\"inLanguage\":\"de\",\"@id\":\"https:\/\/dlb-aoer.de\/neu-isenburg\/#\/schema\/logo\/image\/\",\"url\":\"https:\/\/dlb-aoer.de\/neu-isenburg\/wp-content\/uploads\/sites\/2\/2019\/10\/DLB_Logo_orange.svg\",\"contentUrl\":\"https:\/\/dlb-aoer.de\/neu-isenburg\/wp-content\/uploads\/sites\/2\/2019\/10\/DLB_Logo_orange.svg\",\"width\":1,\"height\":1,\"caption\":\"Dienstleistungsbetrieb Dreieich und Neu-Isenburg A\u00f6R\"},\"image\":{\"@id\":\"https:\/\/dlb-aoer.de\/neu-isenburg\/#\/schema\/logo\/image\/\"}}]}<\/script>\n<!-- \/ Yoast SEO plugin. -->","yoast_head_json":{"title":"Ein sch\u00f6ner Ort kennt keinen M\u00fcll - DLB Neu-Isenburg","robots":{"index":"index","follow":"follow","max-snippet":"max-snippet:-1","max-image-preview":"max-image-preview:large","max-video-preview":"max-video-preview:-1"},"canonical":"https:\/\/dlb-aoer.de\/neu-isenburg\/strassen\/strassenreinigung\/ein-schoener-ort-kennt-keinen-muell\/","og_locale":"de_DE","og_type":"article","og_title":"Ein sch\u00f6ner Ort kennt keinen M\u00fcll - DLB Neu-Isenburg","og_description":"Das Projekt Unter dem Motto \u201eEin sch\u00f6ner Ort kennt keinen M\u00fcll\u201c startete die DLB Dreieich und Neu-Isenburg A\u00f6R ein Modellprojekt gegen Littering [&hellip;]","og_url":"https:\/\/dlb-aoer.de\/neu-isenburg\/strassen\/strassenreinigung\/ein-schoener-ort-kennt-keinen-muell\/","og_site_name":"DLB Neu-Isenburg","article_modified_time":"2023-08-08T09:57:02+00:00","og_image":[{"width":746,"height":708,"url":"https:\/\/dlb-aoer.de\/neu-isenburg\/wp-content\/uploads\/sites\/2\/2022\/03\/Ein-sch\u00f6ner-Ort-kennt-....jpg","type":"image\/jpeg"}],"twitter_card":"summary_large_image","twitter_misc":{"Gesch\u00e4tzte Lesezeit":"4\u00a0Minuten"},"schema":{"@context":"https:\/\/schema.org","@graph":[{"@type":"WebPage","@id":"https:\/\/dlb-aoer.de\/neu-isenburg\/strassen\/strassenreinigung\/ein-schoener-ort-kennt-keinen-muell\/","url":"https:\/\/dlb-aoer.de\/neu-isenburg\/strassen\/strassenreinigung\/ein-schoener-ort-kennt-keinen-muell\/","name":"Ein sch\u00f6ner Ort kennt keinen M\u00fcll - DLB Neu-Isenburg","isPartOf":{"@id":"https:\/\/dlb-aoer.de\/neu-isenburg\/#website"},"datePublished":"2022-03-11T07:59:59+00:00","dateModified":"2023-08-08T09:57:02+00:00","breadcrumb":{"@id":"https:\/\/dlb-aoer.de\/neu-isenburg\/strassen\/strassenreinigung\/ein-schoener-ort-kennt-keinen-muell\/#breadcrumb"},"inLanguage":"de","potentialAction":[{"@type":"ReadAction","target":["https:\/\/dlb-aoer.de\/neu-isenburg\/strassen\/strassenreinigung\/ein-schoener-ort-kennt-keinen-muell\/"]}]},{"@type":"BreadcrumbList","@id":"https:\/\/dlb-aoer.de\/neu-isenburg\/strassen\/strassenreinigung\/ein-schoener-ort-kennt-keinen-muell\/#breadcrumb","itemListElement":[{"@type":"ListItem","position":1,"name":"Startseite","item":"https:\/\/dlb-aoer.de\/neu-isenburg\/"},{"@type":"ListItem","position":2,"name":"Stra\u00dfen","item":"https:\/\/dlb-aoer.de\/neu-isenburg\/strassen\/"},{"@type":"ListItem","position":3,"name":"Stra\u00dfenreinigung","item":"https:\/\/dlb-aoer.de\/neu-isenburg\/strassen\/strassenreinigung\/"},{"@type":"ListItem","position":4,"name":"Ein sch\u00f6ner Ort kennt keinen M\u00fcll"}]},{"@type":"WebSite","@id":"https:\/\/dlb-aoer.de\/neu-isenburg\/#website","url":"https:\/\/dlb-aoer.de\/neu-isenburg\/","name":"DLB Neu-Isenburg","description":"","publisher":{"@id":"https:\/\/dlb-aoer.de\/neu-isenburg\/#organization"},"potentialAction":[{"@type":"SearchAction","target":{"@type":"EntryPoint","urlTemplate":"https:\/\/dlb-aoer.de\/neu-isenburg\/?s={search_term_string}"},"query-input":"required name=search_term_string"}],"inLanguage":"de"},{"@type":"Organization","@id":"https:\/\/dlb-aoer.de\/neu-isenburg\/#organization","name":"Dienstleistungsbetrieb Dreieich und Neu-Isenburg A\u00f6R","url":"https:\/\/dlb-aoer.de\/neu-isenburg\/","logo":{"@type":"ImageObject","inLanguage":"de","@id":"https:\/\/dlb-aoer.de\/neu-isenburg\/#\/schema\/logo\/image\/","url":"https:\/\/dlb-aoer.de\/neu-isenburg\/wp-content\/uploads\/sites\/2\/2019\/10\/DLB_Logo_orange.svg","contentUrl":"https:\/\/dlb-aoer.de\/neu-isenburg\/wp-content\/uploads\/sites\/2\/2019\/10\/DLB_Logo_orange.svg","width":1,"height":1,"caption":"Dienstleistungsbetrieb Dreieich und Neu-Isenburg A\u00f6R"},"image":{"@id":"https:\/\/dlb-aoer.de\/neu-isenburg\/#\/schema\/logo\/image\/"}}]}},"_links":{"self":[{"href":"https:\/\/dlb-aoer.de\/neu-isenburg\/wp-json\/wp\/v2\/pages\/2724","targetHints":{"allow":["GET"]}}],"collection":[{"href":"https:\/\/dlb-aoer.de\/neu-isenburg\/wp-json\/wp\/v2\/pages"}],"about":[{"href":"https:\/\/dlb-aoer.de\/neu-isenburg\/wp-json\/wp\/v2\/types\/page"}],"author":[{"embeddable":true,"href":"https:\/\/dlb-aoer.de\/neu-isenburg\/wp-json\/wp\/v2\/users\/2"}],"replies":[{"embeddable":true,"href":"https:\/\/dlb-aoer.de\/neu-isenburg\/wp-json\/wp\/v2\/comments?post=2724"}],"version-history":[{"count":5,"href":"https:\/\/dlb-aoer.de\/neu-isenburg\/wp-json\/wp\/v2\/pages\/2724\/revisions"}],"predecessor-version":[{"id":3305,"href":"https:\/\/dlb-aoer.de\/neu-isenburg\/wp-json\/wp\/v2\/pages\/2724\/revisions\/3305"}],"up":[{"embeddable":true,"href":"https:\/\/dlb-aoer.de\/neu-isenburg\/wp-json\/wp\/v2\/pages\/323"}],"wp:featuredmedia":[{"embeddable":true,"href":"https:\/\/dlb-aoer.de\/neu-isenburg\/wp-json\/wp\/v2\/media\/2723"}],"wp:attachment":[{"href":"https:\/\/dlb-aoer.de\/neu-isenburg\/wp-json\/wp\/v2\/media?parent=2724"}],"curies":[{"name":"wp","href":"https:\/\/api.w.org\/{rel}","templated":true}]}}