{"id":2711,"date":"2022-03-11T08:30:56","date_gmt":"2022-03-11T07:30:56","guid":{"rendered":"https:\/\/dlb-aoer.de\/neu-isenburg\/?page_id=2711"},"modified":"2025-12-03T13:05:13","modified_gmt":"2025-12-03T12:05:13","slug":"sauberhafter-schulweg","status":"publish","type":"page","link":"https:\/\/dlb-aoer.de\/neu-isenburg\/strassen\/strassenreinigung\/sauberhafter-schulweg\/","title":{"rendered":"Sauberhafter Schulweg"},"content":{"rendered":"\t\t<div data-elementor-type=\"wp-post\" data-elementor-id=\"2711\" class=\"elementor elementor-2711\">\n\t\t\t\t\t\t\t\t\t<section class=\"elementor-section elementor-top-section elementor-element elementor-element-786ad7a elementor-section-stretched elementor-section-boxed elementor-section-height-default elementor-section-height-default\" data-id=\"786ad7a\" data-element_type=\"section\" data-settings=\"{&quot;stretch_section&quot;:&quot;section-stretched&quot;}\">\n\t\t\t\t\t\t<div class=\"elementor-container elementor-column-gap-default\">\n\t\t\t\t\t<div class=\"elementor-column elementor-col-100 elementor-top-column elementor-element elementor-element-748f74f\" data-id=\"748f74f\" data-element_type=\"column\">\n\t\t\t<div class=\"elementor-widget-wrap elementor-element-populated\">\n\t\t\t\t\t\t\t\t<section class=\"elementor-section elementor-inner-section elementor-element elementor-element-d0b2541 border-plus-margin elementor-section-boxed elementor-section-height-default elementor-section-height-default\" data-id=\"d0b2541\" data-element_type=\"section\" data-settings=\"{&quot;background_background&quot;:&quot;classic&quot;}\">\n\t\t\t\t\t\t<div class=\"elementor-container elementor-column-gap-default\">\n\t\t\t\t\t<div class=\"elementor-column elementor-col-50 elementor-inner-column elementor-element elementor-element-b2fa48f bo\" data-id=\"b2fa48f\" data-element_type=\"column\">\n\t\t\t<div class=\"elementor-widget-wrap elementor-element-populated\">\n\t\t\t\t\t\t\t\t<div class=\"elementor-element elementor-element-a9f258c elementor-widget elementor-widget-heading\" data-id=\"a9f258c\" data-element_type=\"widget\" data-widget_type=\"heading.default\">\n\t\t\t\t<div class=\"elementor-widget-container\">\n\t\t\t<h2 class=\"elementor-heading-title elementor-size-default\">Am 23. Juni 2026 ist es wieder soweit!<\/h2>\t\t<\/div>\n\t\t\t\t<\/div>\n\t\t\t\t<div class=\"elementor-element elementor-element-a4f503f elementor-widget elementor-widget-text-editor\" data-id=\"a4f503f\" data-element_type=\"widget\" data-widget_type=\"text-editor.default\">\n\t\t\t\t<div class=\"elementor-widget-container\">\n\t\t\t\t\t\t\t<p>Der sauberhafte Schulweg ist eine Aktion der hessischen Umweltkampagne \u201e<a href=\"https:\/\/sauberhaftes-hessen.de\/\">Sauberhaftes Hessen<\/a>\u201c. Ziel der Kampagne ist es, das Bewusstsein f\u00fcr eine intakte Umwelt, den Wert von Ressourcen und die Wichtigkeit von Abfallvermeidung zu sch\u00e4rfen.<\/p><p>Am sauberhaften Schulweg sammeln Kinder und Jugendliche aus Schulen in ganz Hessen achtlos weggeworfenen M\u00fcll.\u00a0<\/p>\t\t\t\t\t\t<\/div>\n\t\t\t\t<\/div>\n\t\t\t\t\t<\/div>\n\t\t<\/div>\n\t\t\t\t<div class=\"elementor-column elementor-col-50 elementor-inner-column elementor-element elementor-element-6e8516e\" data-id=\"6e8516e\" data-element_type=\"column\">\n\t\t\t<div class=\"elementor-widget-wrap elementor-element-populated\">\n\t\t\t\t\t\t\t\t<div class=\"elementor-element elementor-element-adcee25 elementor-widget elementor-widget-image\" data-id=\"adcee25\" data-element_type=\"widget\" data-widget_type=\"image.default\">\n\t\t\t\t<div class=\"elementor-widget-container\">\n\t\t\t\t\t\t\t\t\t\t\t\t\t\t\t<img decoding=\"async\" src=\"https:\/\/dlb-aoer.de\/dreieich\/wp-content\/uploads\/sites\/4\/2022\/03\/Stadtsauberkeit.jpg\" title=\"\" alt=\"\" loading=\"lazy\" \/>\t\t\t\t\t\t\t\t\t\t\t\t\t\t\t<\/div>\n\t\t\t\t<\/div>\n\t\t\t\t\t<\/div>\n\t\t<\/div>\n\t\t\t\t\t\t\t<\/div>\n\t\t<\/section>\n\t\t\t\t<section class=\"elementor-section elementor-inner-section elementor-element elementor-element-a7daa9d border-plus-margin elementor-section-boxed elementor-section-height-default elementor-section-height-default\" data-id=\"a7daa9d\" data-element_type=\"section\">\n\t\t\t\t\t\t<div class=\"elementor-container elementor-column-gap-default\">\n\t\t\t\t\t<div class=\"elementor-column elementor-col-100 elementor-inner-column elementor-element elementor-element-221b402\" data-id=\"221b402\" data-element_type=\"column\">\n\t\t\t<div class=\"elementor-widget-wrap elementor-element-populated\">\n\t\t\t\t\t\t\t\t<div class=\"elementor-element elementor-element-8b31bcf elementor-widget elementor-widget-heading\" data-id=\"8b31bcf\" data-element_type=\"widget\" data-widget_type=\"heading.default\">\n\t\t\t\t<div class=\"elementor-widget-container\">\n\t\t\t<h3 class=\"elementor-heading-title elementor-size-default\">Machen Sie mit!<\/h3>\t\t<\/div>\n\t\t\t\t<\/div>\n\t\t\t\t<div class=\"elementor-element elementor-element-5a8905e elementor-widget elementor-widget-text-editor\" data-id=\"5a8905e\" data-element_type=\"widget\" data-widget_type=\"text-editor.default\">\n\t\t\t\t<div class=\"elementor-widget-container\">\n\t\t\t\t\t\t\t<p>Die DLB Dreieich und Neu-Isenburg unterst\u00fctzt gern bei der Organisation der Sammelaktion. Wir stellen Materialien wie Zangen, Handschuhe und M\u00fclls\u00e4cke zur Verf\u00fcgung und k\u00fcmmern uns um die Entsorgung des gesammelten M\u00fclls!<\/p>\t\t\t\t\t\t<\/div>\n\t\t\t\t<\/div>\n\t\t\t\t<div class=\"elementor-element elementor-element-4ea420b elementor-widget elementor-widget-heading\" data-id=\"4ea420b\" data-element_type=\"widget\" data-widget_type=\"heading.default\">\n\t\t\t\t<div class=\"elementor-widget-container\">\n\t\t\t<h3 class=\"elementor-heading-title elementor-size-default\">Was m\u00fcssen Sie tun?<\/h3>\t\t<\/div>\n\t\t\t\t<\/div>\n\t\t\t\t<div class=\"elementor-element elementor-element-ff44009 elementor-widget elementor-widget-text-editor\" data-id=\"ff44009\" data-element_type=\"widget\" data-widget_type=\"text-editor.default\">\n\t\t\t\t<div class=\"elementor-widget-container\">\n\t\t\t\t\t\t\t<p>Melden Sie sich an! Die Anmeldung geht ganz schnell und einfach \u00fcber unser <a href=\"https:\/\/dlb-aoer.de\/neu-isenburg\/strassen\/strassenreinigung\/anmeldung-muell-sammelaktion\/\">Online Formular<\/a> oder per <a href=\"mailto:kontakt@dlb-aoer.de\">Mail<\/a> oder telefonisch unter 06102-3702-0.<\/p><p>Weiterhin k\u00f6nnen Sie Ihre Aktion auf der Homepage &#8222;<a href=\"https:\/\/sauberhaftes-hessen.de\/\">Sauberhaftes Hessen<\/a>&#8220; registrieren. Dort gibt es Informationsmaterialien zur Aktion sowie Vorlagen f\u00fcr Elternbriefe und Einverst\u00e4ndniserkl\u00e4rungen.<\/p><p>Hier finden Sie das aktuelle Einladungsschreiben an die Schulen.<\/p>\t\t\t\t\t\t<\/div>\n\t\t\t\t<\/div>\n\t\t\t\t\t<\/div>\n\t\t<\/div>\n\t\t\t\t\t\t\t<\/div>\n\t\t<\/section>\n\t\t\t\t<section class=\"elementor-section elementor-inner-section elementor-element elementor-element-546b67f border-plus-margin elementor-section-boxed elementor-section-height-default elementor-section-height-default\" data-id=\"546b67f\" data-element_type=\"section\" data-settings=\"{&quot;background_background&quot;:&quot;classic&quot;}\">\n\t\t\t\t\t\t<div class=\"elementor-container elementor-column-gap-default\">\n\t\t\t\t\t<div class=\"elementor-column elementor-col-100 elementor-inner-column elementor-element elementor-element-bb4a7c8\" data-id=\"bb4a7c8\" data-element_type=\"column\">\n\t\t\t<div class=\"elementor-widget-wrap elementor-element-populated\">\n\t\t\t\t\t\t\t\t<div class=\"elementor-element elementor-element-ea36478 elementor-widget elementor-widget-heading\" data-id=\"ea36478\" data-element_type=\"widget\" data-widget_type=\"heading.default\">\n\t\t\t\t<div class=\"elementor-widget-container\">\n\t\t\t<h3 class=\"elementor-heading-title elementor-size-default\">Das war der sauberhafte Schulweg 2025!<\/h3>\t\t<\/div>\n\t\t\t\t<\/div>\n\t\t\t\t<div class=\"elementor-element elementor-element-51cb399 elementor-widget elementor-widget-text-editor\" data-id=\"51cb399\" data-element_type=\"widget\" data-widget_type=\"text-editor.default\">\n\t\t\t\t<div class=\"elementor-widget-container\">\n\t\t\t\t\t\t\t<p>Die DLB Dreieich und Neu-Isenburg hat gern bei der Organisation der Sammelaktion unterst\u00fctzt. Wir haben Materialien wie Zangen, Handschuhe und M\u00fclls\u00e4cke zur Verf\u00fcgung gestellt und uns um die Entsorgung des gesammelten M\u00fclls gek\u00fcmmert!<\/p><p>In Neu-Isenburg waren 5 Schulen mit insgesamt ca. 500 Sch\u00fclerinnen und Sch\u00fclern unterwegs. Die Kinder und Jugendlichen waren hochmotiviert und sind ausger\u00fcstet mit Handschuhen und M\u00fcllzangen auf die Jagd nach M\u00fcll gegangen.<\/p><p>Wir bedanken uns bei allen Schulen f\u00fcr die Teilnahme!<\/p>\t\t\t\t\t\t<\/div>\n\t\t\t\t<\/div>\n\t\t\t\t<div class=\"elementor-element elementor-element-f7c9eb2 elementor-widget elementor-widget-heading\" data-id=\"f7c9eb2\" data-element_type=\"widget\" data-widget_type=\"heading.default\">\n\t\t\t\t<div class=\"elementor-widget-container\">\n\t\t\t<h3 class=\"elementor-heading-title elementor-size-default\">Wir waren am 01. Juli dabei!<\/h3>\t\t<\/div>\n\t\t\t\t<\/div>\n\t\t\t\t<div class=\"elementor-element elementor-element-fa2f6d5 elementor-widget elementor-widget-text-editor\" data-id=\"fa2f6d5\" data-element_type=\"widget\" data-widget_type=\"text-editor.default\">\n\t\t\t\t<div class=\"elementor-widget-container\">\n\t\t\t\t\t\t\t<ul><li>Hans-Christian-Andersen Schule<\/li><li>Hundertmorgenschule Zeppelinheim<\/li><li>Wilhelm-Hauff-Schule <\/li><li>Uhlandschule<\/li><li>Fr\u00f6belschule<\/li><\/ul>\t\t\t\t\t\t<\/div>\n\t\t\t\t<\/div>\n\t\t\t\t\t<\/div>\n\t\t<\/div>\n\t\t\t\t\t\t\t<\/div>\n\t\t<\/section>\n\t\t\t\t\t<\/div>\n\t\t<\/div>\n\t\t\t\t\t\t\t<\/div>\n\t\t<\/section>\n\t\t\t\t\t\t\t<\/div>\n\t\t","protected":false},"excerpt":{"rendered":"<p>am 19. Juli 2022<\/p>\n","protected":false},"author":2,"featured_media":3136,"parent":323,"menu_order":5,"comment_status":"closed","ping_status":"closed","template":"","meta":{"inline_featured_image":false,"footnotes":"","_links_to":"","_links_to_target":""},"class_list":["post-2711","page","type-page","status-publish","has-post-thumbnail","hentry"],"yoast_head":"<!-- This site is optimized with the Yoast SEO plugin v21.6 - https:\/\/yoast.com\/wordpress\/plugins\/seo\/ -->\n<title>Sauberhafter Schulweg - DLB Neu-Isenburg<\/title>\n<meta name=\"robots\" content=\"index, follow, max-snippet:-1, max-image-preview:large, max-video-preview:-1\" \/>\n<link rel=\"canonical\" href=\"https:\/\/dlb-aoer.de\/neu-isenburg\/strassen\/strassenreinigung\/sauberhafter-schulweg\/\" \/>\n<meta property=\"og:locale\" content=\"de_DE\" \/>\n<meta property=\"og:type\" content=\"article\" \/>\n<meta property=\"og:title\" content=\"Sauberhafter Schulweg - DLB Neu-Isenburg\" \/>\n<meta property=\"og:description\" content=\"am 19. Juli 2022\" \/>\n<meta property=\"og:url\" content=\"https:\/\/dlb-aoer.de\/neu-isenburg\/strassen\/strassenreinigung\/sauberhafter-schulweg\/\" \/>\n<meta property=\"og:site_name\" content=\"DLB Neu-Isenburg\" \/>\n<meta property=\"article:modified_time\" content=\"2025-12-03T12:05:13+00:00\" \/>\n<meta property=\"og:image\" content=\"https:\/\/dlb-aoer.de\/neu-isenburg\/wp-content\/uploads\/sites\/2\/2022\/07\/Sauberhafter-Schulweg.png\" \/>\n\t<meta property=\"og:image:width\" content=\"825\" \/>\n\t<meta property=\"og:image:height\" content=\"600\" \/>\n\t<meta property=\"og:image:type\" content=\"image\/png\" \/>\n<meta name=\"twitter:card\" content=\"summary_large_image\" \/>\n<meta name=\"twitter:label1\" content=\"Gesch\u00e4tzte Lesezeit\" \/>\n\t<meta name=\"twitter:data1\" content=\"2\u00a0Minuten\" \/>\n<script type=\"application\/ld+json\" class=\"yoast-schema-graph\">{\"@context\":\"https:\/\/schema.org\",\"@graph\":[{\"@type\":\"WebPage\",\"@id\":\"https:\/\/dlb-aoer.de\/neu-isenburg\/strassen\/strassenreinigung\/sauberhafter-schulweg\/\",\"url\":\"https:\/\/dlb-aoer.de\/neu-isenburg\/strassen\/strassenreinigung\/sauberhafter-schulweg\/\",\"name\":\"Sauberhafter Schulweg - DLB Neu-Isenburg\",\"isPartOf\":{\"@id\":\"https:\/\/dlb-aoer.de\/neu-isenburg\/#website\"},\"datePublished\":\"2022-03-11T07:30:56+00:00\",\"dateModified\":\"2025-12-03T12:05:13+00:00\",\"breadcrumb\":{\"@id\":\"https:\/\/dlb-aoer.de\/neu-isenburg\/strassen\/strassenreinigung\/sauberhafter-schulweg\/#breadcrumb\"},\"inLanguage\":\"de\",\"potentialAction\":[{\"@type\":\"ReadAction\",\"target\":[\"https:\/\/dlb-aoer.de\/neu-isenburg\/strassen\/strassenreinigung\/sauberhafter-schulweg\/\"]}]},{\"@type\":\"BreadcrumbList\",\"@id\":\"https:\/\/dlb-aoer.de\/neu-isenburg\/strassen\/strassenreinigung\/sauberhafter-schulweg\/#breadcrumb\",\"itemListElement\":[{\"@type\":\"ListItem\",\"position\":1,\"name\":\"Startseite\",\"item\":\"https:\/\/dlb-aoer.de\/neu-isenburg\/\"},{\"@type\":\"ListItem\",\"position\":2,\"name\":\"Stra\u00dfen\",\"item\":\"https:\/\/dlb-aoer.de\/neu-isenburg\/strassen\/\"},{\"@type\":\"ListItem\",\"position\":3,\"name\":\"Stra\u00dfenreinigung\",\"item\":\"https:\/\/dlb-aoer.de\/neu-isenburg\/strassen\/strassenreinigung\/\"},{\"@type\":\"ListItem\",\"position\":4,\"name\":\"Sauberhafter Schulweg\"}]},{\"@type\":\"WebSite\",\"@id\":\"https:\/\/dlb-aoer.de\/neu-isenburg\/#website\",\"url\":\"https:\/\/dlb-aoer.de\/neu-isenburg\/\",\"name\":\"DLB Neu-Isenburg\",\"description\":\"\",\"publisher\":{\"@id\":\"https:\/\/dlb-aoer.de\/neu-isenburg\/#organization\"},\"potentialAction\":[{\"@type\":\"SearchAction\",\"target\":{\"@type\":\"EntryPoint\",\"urlTemplate\":\"https:\/\/dlb-aoer.de\/neu-isenburg\/?s={search_term_string}\"},\"query-input\":\"required name=search_term_string\"}],\"inLanguage\":\"de\"},{\"@type\":\"Organization\",\"@id\":\"https:\/\/dlb-aoer.de\/neu-isenburg\/#organization\",\"name\":\"Dienstleistungsbetrieb Dreieich und Neu-Isenburg A\u00f6R\",\"url\":\"https:\/\/dlb-aoer.de\/neu-isenburg\/\",\"logo\":{\"@type\":\"ImageObject\",\"inLanguage\":\"de\",\"@id\":\"https:\/\/dlb-aoer.de\/neu-isenburg\/#\/schema\/logo\/image\/\",\"url\":\"https:\/\/dlb-aoer.de\/neu-isenburg\/wp-content\/uploads\/sites\/2\/2019\/10\/DLB_Logo_orange.svg\",\"contentUrl\":\"https:\/\/dlb-aoer.de\/neu-isenburg\/wp-content\/uploads\/sites\/2\/2019\/10\/DLB_Logo_orange.svg\",\"width\":1,\"height\":1,\"caption\":\"Dienstleistungsbetrieb Dreieich und Neu-Isenburg A\u00f6R\"},\"image\":{\"@id\":\"https:\/\/dlb-aoer.de\/neu-isenburg\/#\/schema\/logo\/image\/\"}}]}<\/script>\n<!-- \/ Yoast SEO plugin. -->","yoast_head_json":{"title":"Sauberhafter Schulweg - DLB Neu-Isenburg","robots":{"index":"index","follow":"follow","max-snippet":"max-snippet:-1","max-image-preview":"max-image-preview:large","max-video-preview":"max-video-preview:-1"},"canonical":"https:\/\/dlb-aoer.de\/neu-isenburg\/strassen\/strassenreinigung\/sauberhafter-schulweg\/","og_locale":"de_DE","og_type":"article","og_title":"Sauberhafter Schulweg - DLB Neu-Isenburg","og_description":"am 19. Juli 2022","og_url":"https:\/\/dlb-aoer.de\/neu-isenburg\/strassen\/strassenreinigung\/sauberhafter-schulweg\/","og_site_name":"DLB Neu-Isenburg","article_modified_time":"2025-12-03T12:05:13+00:00","og_image":[{"width":825,"height":600,"url":"https:\/\/dlb-aoer.de\/neu-isenburg\/wp-content\/uploads\/sites\/2\/2022\/07\/Sauberhafter-Schulweg.png","type":"image\/png"}],"twitter_card":"summary_large_image","twitter_misc":{"Gesch\u00e4tzte Lesezeit":"2\u00a0Minuten"},"schema":{"@context":"https:\/\/schema.org","@graph":[{"@type":"WebPage","@id":"https:\/\/dlb-aoer.de\/neu-isenburg\/strassen\/strassenreinigung\/sauberhafter-schulweg\/","url":"https:\/\/dlb-aoer.de\/neu-isenburg\/strassen\/strassenreinigung\/sauberhafter-schulweg\/","name":"Sauberhafter Schulweg - DLB Neu-Isenburg","isPartOf":{"@id":"https:\/\/dlb-aoer.de\/neu-isenburg\/#website"},"datePublished":"2022-03-11T07:30:56+00:00","dateModified":"2025-12-03T12:05:13+00:00","breadcrumb":{"@id":"https:\/\/dlb-aoer.de\/neu-isenburg\/strassen\/strassenreinigung\/sauberhafter-schulweg\/#breadcrumb"},"inLanguage":"de","potentialAction":[{"@type":"ReadAction","target":["https:\/\/dlb-aoer.de\/neu-isenburg\/strassen\/strassenreinigung\/sauberhafter-schulweg\/"]}]},{"@type":"BreadcrumbList","@id":"https:\/\/dlb-aoer.de\/neu-isenburg\/strassen\/strassenreinigung\/sauberhafter-schulweg\/#breadcrumb","itemListElement":[{"@type":"ListItem","position":1,"name":"Startseite","item":"https:\/\/dlb-aoer.de\/neu-isenburg\/"},{"@type":"ListItem","position":2,"name":"Stra\u00dfen","item":"https:\/\/dlb-aoer.de\/neu-isenburg\/strassen\/"},{"@type":"ListItem","position":3,"name":"Stra\u00dfenreinigung","item":"https:\/\/dlb-aoer.de\/neu-isenburg\/strassen\/strassenreinigung\/"},{"@type":"ListItem","position":4,"name":"Sauberhafter Schulweg"}]},{"@type":"WebSite","@id":"https:\/\/dlb-aoer.de\/neu-isenburg\/#website","url":"https:\/\/dlb-aoer.de\/neu-isenburg\/","name":"DLB Neu-Isenburg","description":"","publisher":{"@id":"https:\/\/dlb-aoer.de\/neu-isenburg\/#organization"},"potentialAction":[{"@type":"SearchAction","target":{"@type":"EntryPoint","urlTemplate":"https:\/\/dlb-aoer.de\/neu-isenburg\/?s={search_term_string}"},"query-input":"required name=search_term_string"}],"inLanguage":"de"},{"@type":"Organization","@id":"https:\/\/dlb-aoer.de\/neu-isenburg\/#organization","name":"Dienstleistungsbetrieb Dreieich und Neu-Isenburg A\u00f6R","url":"https:\/\/dlb-aoer.de\/neu-isenburg\/","logo":{"@type":"ImageObject","inLanguage":"de","@id":"https:\/\/dlb-aoer.de\/neu-isenburg\/#\/schema\/logo\/image\/","url":"https:\/\/dlb-aoer.de\/neu-isenburg\/wp-content\/uploads\/sites\/2\/2019\/10\/DLB_Logo_orange.svg","contentUrl":"https:\/\/dlb-aoer.de\/neu-isenburg\/wp-content\/uploads\/sites\/2\/2019\/10\/DLB_Logo_orange.svg","width":1,"height":1,"caption":"Dienstleistungsbetrieb Dreieich und Neu-Isenburg A\u00f6R"},"image":{"@id":"https:\/\/dlb-aoer.de\/neu-isenburg\/#\/schema\/logo\/image\/"}}]}},"_links":{"self":[{"href":"https:\/\/dlb-aoer.de\/neu-isenburg\/wp-json\/wp\/v2\/pages\/2711","targetHints":{"allow":["GET"]}}],"collection":[{"href":"https:\/\/dlb-aoer.de\/neu-isenburg\/wp-json\/wp\/v2\/pages"}],"about":[{"href":"https:\/\/dlb-aoer.de\/neu-isenburg\/wp-json\/wp\/v2\/types\/page"}],"author":[{"embeddable":true,"href":"https:\/\/dlb-aoer.de\/neu-isenburg\/wp-json\/wp\/v2\/users\/2"}],"replies":[{"embeddable":true,"href":"https:\/\/dlb-aoer.de\/neu-isenburg\/wp-json\/wp\/v2\/comments?post=2711"}],"version-history":[{"count":69,"href":"https:\/\/dlb-aoer.de\/neu-isenburg\/wp-json\/wp\/v2\/pages\/2711\/revisions"}],"predecessor-version":[{"id":5657,"href":"https:\/\/dlb-aoer.de\/neu-isenburg\/wp-json\/wp\/v2\/pages\/2711\/revisions\/5657"}],"up":[{"embeddable":true,"href":"https:\/\/dlb-aoer.de\/neu-isenburg\/wp-json\/wp\/v2\/pages\/323"}],"wp:featuredmedia":[{"embeddable":true,"href":"https:\/\/dlb-aoer.de\/neu-isenburg\/wp-json\/wp\/v2\/media\/3136"}],"wp:attachment":[{"href":"https:\/\/dlb-aoer.de\/neu-isenburg\/wp-json\/wp\/v2\/media?parent=2711"}],"curies":[{"name":"wp","href":"https:\/\/api.w.org\/{rel}","templated":true}]}}