{"id":270,"date":"2019-05-12T18:43:41","date_gmt":"2019-05-12T16:43:41","guid":{"rendered":"https:\/\/www.dlb-aoer.de\/neu-isenburg\/?page_id=270"},"modified":"2022-07-05T07:19:43","modified_gmt":"2022-07-05T05:19:43","slug":"gruenflaechen","status":"publish","type":"page","link":"https:\/\/dlb-aoer.de\/neu-isenburg\/gruen-spiel-sport\/gruenflaechen\/","title":{"rendered":"Gr\u00fcnfl\u00e4chen"},"content":{"rendered":"\t\t<div data-elementor-type=\"wp-post\" data-elementor-id=\"270\" class=\"elementor elementor-270\">\n\t\t\t\t\t\t\t\t\t<section class=\"elementor-section elementor-top-section elementor-element elementor-element-6860763 elementor-section-boxed elementor-section-height-default elementor-section-height-default\" data-id=\"6860763\" data-element_type=\"section\">\n\t\t\t\t\t\t<div class=\"elementor-container elementor-column-gap-default\">\n\t\t\t\t\t<div class=\"elementor-column elementor-col-100 elementor-top-column elementor-element elementor-element-2374f86\" data-id=\"2374f86\" data-element_type=\"column\">\n\t\t\t<div class=\"elementor-widget-wrap elementor-element-populated\">\n\t\t\t\t\t\t\t\t<div class=\"elementor-element elementor-element-5e778c2 elementor-widget elementor-widget-heading\" data-id=\"5e778c2\" data-element_type=\"widget\" data-widget_type=\"heading.default\">\n\t\t\t\t<div class=\"elementor-widget-container\">\n\t\t\t<h1 class=\"elementor-heading-title elementor-size-default\">Gr\u00fcnfl\u00e4chen Neu-Isenburg<\/h1>\t\t<\/div>\n\t\t\t\t<\/div>\n\t\t\t\t<div class=\"elementor-element elementor-element-d2c5ee0 elementor-widget elementor-widget-eael-post-grid\" data-id=\"d2c5ee0\" data-element_type=\"widget\" data-widget_type=\"eael-post-grid.default\">\n\t\t\t\t<div class=\"elementor-widget-container\">\n\t\t\t\t\t<div id=\"eael-post-grid-d2c5ee0\" class=\"eael-post-grid-container eael-col-2\">\n\t\t    <div class=\"eael-post-grid eael-post-appender-d2c5ee0\">\n\t\t\t<article class=\"eael-grid-post eael-post-grid-column\">\n    <div class=\"eael-grid-post-holder\">\n        <div class=\"eael-grid-post-holder-inner\">\n                            <div class=\"eael-entry-medianone\">\n                                            <div class=\"eael-entry-overlay fade-in\">\n                                                            <i class=\"fa fa-long-arrow-right\" aria-hidden=\"true\"><\/i>\n                                                        <a href=\"https:\/\/dlb-aoer.de\/neu-isenburg\/gruen-spiel-sport\/gruenflaechen\/gewaechshaus\/\"><\/a>\n                        <\/div>\n                    \n                                            <div class=\"eael-entry-thumbnail\">\n                            <img decoding=\"async\" src=\"https:\/\/dlb-aoer.de\/neu-isenburg\/wp-content\/uploads\/sites\/2\/2019\/05\/Gruenpflege_Gewaechs-550x400.jpg\" alt=\"DLB Gew\u00e4chshaus mit vielen bunten Blumen.\">\n                        <\/div>\n                                    <\/div>\n            \n                            <div class=\"eael-entry-wrapper\">\n                    <header class=\"eael-entry-header\">\n                                                    <h2 class=\"eael-entry-title\"><a class=\"eael-grid-post-link\" href=\"https:\/\/dlb-aoer.de\/neu-isenburg\/gruen-spiel-sport\/gruenflaechen\/gewaechshaus\/\" title=\"Gew\u00e4chshaus\">Gew\u00e4chshaus<\/a><\/h2>\n                        \n                                            <\/header>\n\n                                    <\/div>\n\n                                    <\/div>\n    <\/div>\n<\/article>\n<article class=\"eael-grid-post eael-post-grid-column\">\n    <div class=\"eael-grid-post-holder\">\n        <div class=\"eael-grid-post-holder-inner\">\n                            <div class=\"eael-entry-medianone\">\n                                            <div class=\"eael-entry-overlay fade-in\">\n                                                            <i class=\"fa fa-long-arrow-right\" aria-hidden=\"true\"><\/i>\n                                                        <a href=\"https:\/\/dlb-aoer.de\/neu-isenburg\/gruen-spiel-sport\/gruenflaechen\/natur-pur-gruenregister\/\"><\/a>\n                        <\/div>\n                    \n                                            <div class=\"eael-entry-thumbnail\">\n                            <img decoding=\"async\" src=\"https:\/\/dlb-aoer.de\/neu-isenburg\/wp-content\/uploads\/sites\/2\/2021\/05\/Gr\u00fcnNI-550x400.jpg\" alt=\"Natur Pur Gr\u00fcnregister - eine Staudenmischpflanzung in unterschiedlichen Farben bl\u00fchend.\">\n                        <\/div>\n                                    <\/div>\n            \n                            <div class=\"eael-entry-wrapper\">\n                    <header class=\"eael-entry-header\">\n                                                    <h2 class=\"eael-entry-title\"><a class=\"eael-grid-post-link\" href=\"https:\/\/dlb-aoer.de\/neu-isenburg\/gruen-spiel-sport\/gruenflaechen\/natur-pur-gruenregister\/\" title=\"Natur Pur &#8211; Gr\u00fcnregister\">Natur Pur &#8211; Gr\u00fcnregister<\/a><\/h2>\n                        \n                                            <\/header>\n\n                                    <\/div>\n\n                                    <\/div>\n    <\/div>\n<\/article>\n\t\t    <\/div>\n\t\t    <div class=\"clearfix\"><\/div>\n\t\t<\/div>\n\t\t\t\t<\/div>\n\t\t\t\t<\/div>\n\t\t\t\t\t<\/div>\n\t\t<\/div>\n\t\t\t\t\t\t\t<\/div>\n\t\t<\/section>\n\t\t\t\t\t\t\t<\/div>\n\t\t","protected":false},"excerpt":{"rendered":"<p>Gr\u00fcnfl\u00e4chen Neu-Isenburg Gew\u00e4chshaus Natur Pur \u2013 Gr\u00fcnregister<\/p>\n","protected":false},"author":2,"featured_media":3089,"parent":17,"menu_order":2,"comment_status":"closed","ping_status":"closed","template":"elementor_header_footer","meta":{"inline_featured_image":false,"footnotes":"","_links_to":"","_links_to_target":""},"class_list":["post-270","page","type-page","status-publish","has-post-thumbnail","hentry"],"yoast_head":"<!-- This site is optimized with the Yoast SEO plugin v21.6 - https:\/\/yoast.com\/wordpress\/plugins\/seo\/ -->\n<title>Gr\u00fcnfl\u00e4chen - DLB Neu-Isenburg<\/title>\n<meta name=\"robots\" content=\"index, follow, max-snippet:-1, max-image-preview:large, max-video-preview:-1\" \/>\n<link rel=\"canonical\" href=\"https:\/\/dlb-aoer.de\/neu-isenburg\/gruen-spiel-sport\/gruenflaechen\/\" \/>\n<meta property=\"og:locale\" content=\"de_DE\" \/>\n<meta property=\"og:type\" content=\"article\" \/>\n<meta property=\"og:title\" content=\"Gr\u00fcnfl\u00e4chen - DLB Neu-Isenburg\" \/>\n<meta property=\"og:description\" content=\"Gr\u00fcnfl\u00e4chen Neu-Isenburg Gew\u00e4chshaus Natur Pur \u2013 Gr\u00fcnregister\" \/>\n<meta property=\"og:url\" content=\"https:\/\/dlb-aoer.de\/neu-isenburg\/gruen-spiel-sport\/gruenflaechen\/\" \/>\n<meta property=\"og:site_name\" content=\"DLB Neu-Isenburg\" \/>\n<meta property=\"article:modified_time\" content=\"2022-07-05T05:19:43+00:00\" \/>\n<meta property=\"og:image\" content=\"https:\/\/dlb-aoer.de\/neu-isenburg\/wp-content\/uploads\/sites\/2\/2022\/07\/Wiese-N-I-Nachtigallenstr-Vorschau-Gr\u00fcn-NI.jpg\" \/>\n\t<meta property=\"og:image:width\" content=\"1600\" \/>\n\t<meta property=\"og:image:height\" content=\"1200\" \/>\n\t<meta property=\"og:image:type\" content=\"image\/jpeg\" \/>\n<meta name=\"twitter:card\" content=\"summary_large_image\" \/>\n<script type=\"application\/ld+json\" class=\"yoast-schema-graph\">{\"@context\":\"https:\/\/schema.org\",\"@graph\":[{\"@type\":\"WebPage\",\"@id\":\"https:\/\/dlb-aoer.de\/neu-isenburg\/gruen-spiel-sport\/gruenflaechen\/\",\"url\":\"https:\/\/dlb-aoer.de\/neu-isenburg\/gruen-spiel-sport\/gruenflaechen\/\",\"name\":\"Gr\u00fcnfl\u00e4chen - DLB Neu-Isenburg\",\"isPartOf\":{\"@id\":\"https:\/\/dlb-aoer.de\/neu-isenburg\/#website\"},\"datePublished\":\"2019-05-12T16:43:41+00:00\",\"dateModified\":\"2022-07-05T05:19:43+00:00\",\"breadcrumb\":{\"@id\":\"https:\/\/dlb-aoer.de\/neu-isenburg\/gruen-spiel-sport\/gruenflaechen\/#breadcrumb\"},\"inLanguage\":\"de\",\"potentialAction\":[{\"@type\":\"ReadAction\",\"target\":[\"https:\/\/dlb-aoer.de\/neu-isenburg\/gruen-spiel-sport\/gruenflaechen\/\"]}]},{\"@type\":\"BreadcrumbList\",\"@id\":\"https:\/\/dlb-aoer.de\/neu-isenburg\/gruen-spiel-sport\/gruenflaechen\/#breadcrumb\",\"itemListElement\":[{\"@type\":\"ListItem\",\"position\":1,\"name\":\"Startseite\",\"item\":\"https:\/\/dlb-aoer.de\/neu-isenburg\/\"},{\"@type\":\"ListItem\",\"position\":2,\"name\":\"Gr\u00fcn\/Spiel\/Sport\",\"item\":\"https:\/\/dlb-aoer.de\/neu-isenburg\/gruen-spiel-sport\/\"},{\"@type\":\"ListItem\",\"position\":3,\"name\":\"Gr\u00fcnfl\u00e4chen\"}]},{\"@type\":\"WebSite\",\"@id\":\"https:\/\/dlb-aoer.de\/neu-isenburg\/#website\",\"url\":\"https:\/\/dlb-aoer.de\/neu-isenburg\/\",\"name\":\"DLB Neu-Isenburg\",\"description\":\"\",\"publisher\":{\"@id\":\"https:\/\/dlb-aoer.de\/neu-isenburg\/#organization\"},\"potentialAction\":[{\"@type\":\"SearchAction\",\"target\":{\"@type\":\"EntryPoint\",\"urlTemplate\":\"https:\/\/dlb-aoer.de\/neu-isenburg\/?s={search_term_string}\"},\"query-input\":\"required name=search_term_string\"}],\"inLanguage\":\"de\"},{\"@type\":\"Organization\",\"@id\":\"https:\/\/dlb-aoer.de\/neu-isenburg\/#organization\",\"name\":\"Dienstleistungsbetrieb Dreieich und Neu-Isenburg A\u00f6R\",\"url\":\"https:\/\/dlb-aoer.de\/neu-isenburg\/\",\"logo\":{\"@type\":\"ImageObject\",\"inLanguage\":\"de\",\"@id\":\"https:\/\/dlb-aoer.de\/neu-isenburg\/#\/schema\/logo\/image\/\",\"url\":\"https:\/\/dlb-aoer.de\/neu-isenburg\/wp-content\/uploads\/sites\/2\/2019\/10\/DLB_Logo_orange.svg\",\"contentUrl\":\"https:\/\/dlb-aoer.de\/neu-isenburg\/wp-content\/uploads\/sites\/2\/2019\/10\/DLB_Logo_orange.svg\",\"width\":1,\"height\":1,\"caption\":\"Dienstleistungsbetrieb Dreieich und Neu-Isenburg A\u00f6R\"},\"image\":{\"@id\":\"https:\/\/dlb-aoer.de\/neu-isenburg\/#\/schema\/logo\/image\/\"}}]}<\/script>\n<!-- \/ Yoast SEO plugin. -->","yoast_head_json":{"title":"Gr\u00fcnfl\u00e4chen - DLB Neu-Isenburg","robots":{"index":"index","follow":"follow","max-snippet":"max-snippet:-1","max-image-preview":"max-image-preview:large","max-video-preview":"max-video-preview:-1"},"canonical":"https:\/\/dlb-aoer.de\/neu-isenburg\/gruen-spiel-sport\/gruenflaechen\/","og_locale":"de_DE","og_type":"article","og_title":"Gr\u00fcnfl\u00e4chen - DLB Neu-Isenburg","og_description":"Gr\u00fcnfl\u00e4chen Neu-Isenburg Gew\u00e4chshaus Natur Pur \u2013 Gr\u00fcnregister","og_url":"https:\/\/dlb-aoer.de\/neu-isenburg\/gruen-spiel-sport\/gruenflaechen\/","og_site_name":"DLB Neu-Isenburg","article_modified_time":"2022-07-05T05:19:43+00:00","og_image":[{"width":1600,"height":1200,"url":"https:\/\/dlb-aoer.de\/neu-isenburg\/wp-content\/uploads\/sites\/2\/2022\/07\/Wiese-N-I-Nachtigallenstr-Vorschau-Gr\u00fcn-NI.jpg","type":"image\/jpeg"}],"twitter_card":"summary_large_image","schema":{"@context":"https:\/\/schema.org","@graph":[{"@type":"WebPage","@id":"https:\/\/dlb-aoer.de\/neu-isenburg\/gruen-spiel-sport\/gruenflaechen\/","url":"https:\/\/dlb-aoer.de\/neu-isenburg\/gruen-spiel-sport\/gruenflaechen\/","name":"Gr\u00fcnfl\u00e4chen - DLB Neu-Isenburg","isPartOf":{"@id":"https:\/\/dlb-aoer.de\/neu-isenburg\/#website"},"datePublished":"2019-05-12T16:43:41+00:00","dateModified":"2022-07-05T05:19:43+00:00","breadcrumb":{"@id":"https:\/\/dlb-aoer.de\/neu-isenburg\/gruen-spiel-sport\/gruenflaechen\/#breadcrumb"},"inLanguage":"de","potentialAction":[{"@type":"ReadAction","target":["https:\/\/dlb-aoer.de\/neu-isenburg\/gruen-spiel-sport\/gruenflaechen\/"]}]},{"@type":"BreadcrumbList","@id":"https:\/\/dlb-aoer.de\/neu-isenburg\/gruen-spiel-sport\/gruenflaechen\/#breadcrumb","itemListElement":[{"@type":"ListItem","position":1,"name":"Startseite","item":"https:\/\/dlb-aoer.de\/neu-isenburg\/"},{"@type":"ListItem","position":2,"name":"Gr\u00fcn\/Spiel\/Sport","item":"https:\/\/dlb-aoer.de\/neu-isenburg\/gruen-spiel-sport\/"},{"@type":"ListItem","position":3,"name":"Gr\u00fcnfl\u00e4chen"}]},{"@type":"WebSite","@id":"https:\/\/dlb-aoer.de\/neu-isenburg\/#website","url":"https:\/\/dlb-aoer.de\/neu-isenburg\/","name":"DLB Neu-Isenburg","description":"","publisher":{"@id":"https:\/\/dlb-aoer.de\/neu-isenburg\/#organization"},"potentialAction":[{"@type":"SearchAction","target":{"@type":"EntryPoint","urlTemplate":"https:\/\/dlb-aoer.de\/neu-isenburg\/?s={search_term_string}"},"query-input":"required name=search_term_string"}],"inLanguage":"de"},{"@type":"Organization","@id":"https:\/\/dlb-aoer.de\/neu-isenburg\/#organization","name":"Dienstleistungsbetrieb Dreieich und Neu-Isenburg A\u00f6R","url":"https:\/\/dlb-aoer.de\/neu-isenburg\/","logo":{"@type":"ImageObject","inLanguage":"de","@id":"https:\/\/dlb-aoer.de\/neu-isenburg\/#\/schema\/logo\/image\/","url":"https:\/\/dlb-aoer.de\/neu-isenburg\/wp-content\/uploads\/sites\/2\/2019\/10\/DLB_Logo_orange.svg","contentUrl":"https:\/\/dlb-aoer.de\/neu-isenburg\/wp-content\/uploads\/sites\/2\/2019\/10\/DLB_Logo_orange.svg","width":1,"height":1,"caption":"Dienstleistungsbetrieb Dreieich und Neu-Isenburg A\u00f6R"},"image":{"@id":"https:\/\/dlb-aoer.de\/neu-isenburg\/#\/schema\/logo\/image\/"}}]}},"_links":{"self":[{"href":"https:\/\/dlb-aoer.de\/neu-isenburg\/wp-json\/wp\/v2\/pages\/270","targetHints":{"allow":["GET"]}}],"collection":[{"href":"https:\/\/dlb-aoer.de\/neu-isenburg\/wp-json\/wp\/v2\/pages"}],"about":[{"href":"https:\/\/dlb-aoer.de\/neu-isenburg\/wp-json\/wp\/v2\/types\/page"}],"author":[{"embeddable":true,"href":"https:\/\/dlb-aoer.de\/neu-isenburg\/wp-json\/wp\/v2\/users\/2"}],"replies":[{"embeddable":true,"href":"https:\/\/dlb-aoer.de\/neu-isenburg\/wp-json\/wp\/v2\/comments?post=270"}],"version-history":[{"count":15,"href":"https:\/\/dlb-aoer.de\/neu-isenburg\/wp-json\/wp\/v2\/pages\/270\/revisions"}],"predecessor-version":[{"id":3090,"href":"https:\/\/dlb-aoer.de\/neu-isenburg\/wp-json\/wp\/v2\/pages\/270\/revisions\/3090"}],"up":[{"embeddable":true,"href":"https:\/\/dlb-aoer.de\/neu-isenburg\/wp-json\/wp\/v2\/pages\/17"}],"wp:featuredmedia":[{"embeddable":true,"href":"https:\/\/dlb-aoer.de\/neu-isenburg\/wp-json\/wp\/v2\/media\/3089"}],"wp:attachment":[{"href":"https:\/\/dlb-aoer.de\/neu-isenburg\/wp-json\/wp\/v2\/media?parent=270"}],"curies":[{"name":"wp","href":"https:\/\/api.w.org\/{rel}","templated":true}]}}