{"id":2480,"date":"2022-02-07T11:59:17","date_gmt":"2022-02-07T10:59:17","guid":{"rendered":"https:\/\/dlb-aoer.de\/neu-isenburg\/?page_id=2480"},"modified":"2022-08-05T11:40:12","modified_gmt":"2022-08-05T09:40:12","slug":"bauen-entwaesserungsantrag","status":"publish","type":"page","link":"https:\/\/dlb-aoer.de\/neu-isenburg\/abwasser\/bauen-entwaesserungsantrag\/","title":{"rendered":"Bauen \/ Entw\u00e4sserungsantrag"},"content":{"rendered":"\t\t<div data-elementor-type=\"wp-post\" data-elementor-id=\"2480\" class=\"elementor elementor-2480\">\n\t\t\t\t\t\t\t\t\t<section class=\"elementor-section elementor-top-section elementor-element elementor-element-85842b7 elementor-section-stretched elementor-section-boxed elementor-section-height-default elementor-section-height-default\" data-id=\"85842b7\" data-element_type=\"section\" data-settings=\"{&quot;stretch_section&quot;:&quot;section-stretched&quot;}\">\n\t\t\t\t\t\t<div class=\"elementor-container elementor-column-gap-default\">\n\t\t\t\t\t<div class=\"elementor-column elementor-col-100 elementor-top-column elementor-element elementor-element-ae59aba\" data-id=\"ae59aba\" data-element_type=\"column\">\n\t\t\t<div class=\"elementor-widget-wrap elementor-element-populated\">\n\t\t\t\t\t\t\t\t<section class=\"elementor-section elementor-inner-section elementor-element elementor-element-9b0f0d7 border-plus-margin elementor-section-boxed elementor-section-height-default elementor-section-height-default\" data-id=\"9b0f0d7\" data-element_type=\"section\">\n\t\t\t\t\t\t<div class=\"elementor-container elementor-column-gap-default\">\n\t\t\t\t\t<div class=\"elementor-column elementor-col-50 elementor-inner-column elementor-element elementor-element-3325b84\" data-id=\"3325b84\" data-element_type=\"column\">\n\t\t\t<div class=\"elementor-widget-wrap elementor-element-populated\">\n\t\t\t\t\t\t\t\t<div class=\"elementor-element elementor-element-7314d7b elementor-widget elementor-widget-image\" data-id=\"7314d7b\" data-element_type=\"widget\" data-widget_type=\"image.default\">\n\t\t\t\t<div class=\"elementor-widget-container\">\n\t\t\t\t\t\t\t\t\t\t\t\t\t\t\t<img loading=\"lazy\" decoding=\"async\" width=\"2560\" height=\"967\" src=\"https:\/\/dlb-aoer.de\/neu-isenburg\/wp-content\/uploads\/sites\/2\/2022\/02\/Kanal1a-scaled.jpg\" class=\"attachment-full size-full wp-image-2603\" alt=\"Bauen und Entw\u00e4sserungsantrag - Baustelle im Fu\u00dfboden eines Hauses. Zu sehen sind verschiedene Rohr und rote Backsteine. Ein Handwerker mauert einen Schacht.\" srcset=\"https:\/\/dlb-aoer.de\/neu-isenburg\/wp-content\/uploads\/sites\/2\/2022\/02\/Kanal1a-scaled.jpg 2560w, https:\/\/dlb-aoer.de\/neu-isenburg\/wp-content\/uploads\/sites\/2\/2022\/02\/Kanal1a-300x113.jpg 300w, https:\/\/dlb-aoer.de\/neu-isenburg\/wp-content\/uploads\/sites\/2\/2022\/02\/Kanal1a-1024x387.jpg 1024w, https:\/\/dlb-aoer.de\/neu-isenburg\/wp-content\/uploads\/sites\/2\/2022\/02\/Kanal1a-768x290.jpg 768w, https:\/\/dlb-aoer.de\/neu-isenburg\/wp-content\/uploads\/sites\/2\/2022\/02\/Kanal1a-1536x580.jpg 1536w, https:\/\/dlb-aoer.de\/neu-isenburg\/wp-content\/uploads\/sites\/2\/2022\/02\/Kanal1a-2048x774.jpg 2048w, https:\/\/dlb-aoer.de\/neu-isenburg\/wp-content\/uploads\/sites\/2\/2022\/02\/Kanal1a-830x314.jpg 830w, https:\/\/dlb-aoer.de\/neu-isenburg\/wp-content\/uploads\/sites\/2\/2022\/02\/Kanal1a-230x87.jpg 230w, https:\/\/dlb-aoer.de\/neu-isenburg\/wp-content\/uploads\/sites\/2\/2022\/02\/Kanal1a-350x132.jpg 350w, https:\/\/dlb-aoer.de\/neu-isenburg\/wp-content\/uploads\/sites\/2\/2022\/02\/Kanal1a-480x181.jpg 480w\" sizes=\"auto, (max-width: 2560px) 100vw, 2560px\" \/>\t\t\t\t\t\t\t\t\t\t\t\t\t\t\t<\/div>\n\t\t\t\t<\/div>\n\t\t\t\t\t<\/div>\n\t\t<\/div>\n\t\t\t\t<div class=\"elementor-column elementor-col-50 elementor-inner-column elementor-element elementor-element-2f9790d\" data-id=\"2f9790d\" data-element_type=\"column\">\n\t\t\t<div class=\"elementor-widget-wrap elementor-element-populated\">\n\t\t\t\t\t\t\t\t<div class=\"elementor-element elementor-element-cee317d elementor-widget elementor-widget-text-editor\" data-id=\"cee317d\" data-element_type=\"widget\" data-widget_type=\"text-editor.default\">\n\t\t\t\t<div class=\"elementor-widget-container\">\n\t\t\t\t\t\t\t<p><strong style=\"background-color: transparent;\">Ansprechpartner:<\/strong><\/p><p>Fachbereich Stadtentw\u00e4sserung<br \/>Tel. 06102-3702-419<\/p><p><a href=\"mailto:stadtentwaesserung@dlb-aoer.de\"><img loading=\"lazy\" decoding=\"async\" class=\"alignnone wp-image-2828\" src=\"https:\/\/dlb-aoer.de\/dreieich\/wp-content\/uploads\/sites\/4\/2022\/08\/Email3.png\" alt=\"E-Mail schreiben\" width=\"45\" height=\"37\" \/><\/a><br \/><br \/><a href=\"https:\/\/dlb-aoer.de\/neu-isenburg\/wp-content\/uploads\/sites\/2\/2021\/09\/Entw\u00e4sserungsantrag-2021.pdf\">Entw\u00e4sserungsantrag<\/a><\/p>\t\t\t\t\t\t<\/div>\n\t\t\t\t<\/div>\n\t\t\t\t\t<\/div>\n\t\t<\/div>\n\t\t\t\t\t\t\t<\/div>\n\t\t<\/section>\n\t\t\t\t<section class=\"elementor-section elementor-inner-section elementor-element elementor-element-bfb337e border-plus-margin elementor-section-boxed elementor-section-height-default elementor-section-height-default\" data-id=\"bfb337e\" data-element_type=\"section\">\n\t\t\t\t\t\t<div class=\"elementor-container elementor-column-gap-default\">\n\t\t\t\t\t<div class=\"elementor-column elementor-col-100 elementor-inner-column elementor-element elementor-element-f4c1bf0\" data-id=\"f4c1bf0\" data-element_type=\"column\">\n\t\t\t<div class=\"elementor-widget-wrap elementor-element-populated\">\n\t\t\t\t\t\t\t\t<div class=\"elementor-element elementor-element-f44c9c8 elementor-widget elementor-widget-heading\" data-id=\"f44c9c8\" data-element_type=\"widget\" data-widget_type=\"heading.default\">\n\t\t\t\t<div class=\"elementor-widget-container\">\n\t\t\t<h2 class=\"elementor-heading-title elementor-size-default\">Entw\u00e4sserungsantrag\n<\/h2>\t\t<\/div>\n\t\t\t\t<\/div>\n\t\t\t\t<div class=\"elementor-element elementor-element-7dda1b6 elementor-widget elementor-widget-text-editor\" data-id=\"7dda1b6\" data-element_type=\"widget\" data-widget_type=\"text-editor.default\">\n\t\t\t\t<div class=\"elementor-widget-container\">\n\t\t\t\t\t\t\t<p>Wenn Sie neu bauen oder \u00c4nderungen an der Entw\u00e4sserung Ihres Hauses vornehmen, ist es erforderlich einen Entw\u00e4sserungsantrag beim DLB zu stellen. F\u00fcr die Stammdaten kann das hinterlegte <a href=\"https:\/\/dlb-aoer.de\/neu-isenburg\/wp-content\/uploads\/sites\/2\/2021\/09\/Entw\u00e4sserungsantrag-2021.pdf\" target=\"_blank\" rel=\"noopener\">Formular\u00a0<\/a> benutzt werden.<\/p><p><strong>Folgende Angaben sind notwendig:<\/strong><\/p><ul><li>\u00a0\u00a0\u00a0 Baugrundst\u00fcck (Adresse, Flurangaben, Gemarkung)<\/li><li>\u00a0\u00a0\u00a0 Bauvorhaben (Nutzung)<\/li><li>\u00a0\u00a0\u00a0 Bauherr und ggf. Architekt bzw. Entwurfsverfasser<\/li><li>\u00a0\u00a0\u00a0 Menge des anfallenden Schmutzwassers (inkl. Berechnung)<\/li><li>\u00a0\u00a0\u00a0 Menge des anfallenden Regenwassers (ggf. Vergleich vor und nach Umbau)<\/li><li>\u00a0\u00a0\u00a0 Beseitigung des Schmutzwassers und des Regenwassers (z.B. Anschluss an Kanal, Versickerung)<\/li><\/ul><p><strong>Unterlagen:<\/strong><\/p><ul><li>\u00a0\u00a0\u00a0 Lageplan mit Kanalleitungen<\/li><li>\u00a0\u00a0\u00a0 ggf. Schnitte<\/li><\/ul><p>Die gesamten Unterlagen sind 1-fach beim DLB einzureichen. Sofern der Antrag innerhalb eines Bauantrages abgefasst wird, sind die daf\u00fcr geltenden Vorgaben ma\u00dfgebend.<\/p>\t\t\t\t\t\t<\/div>\n\t\t\t\t<\/div>\n\t\t\t\t\t<\/div>\n\t\t<\/div>\n\t\t\t\t\t\t\t<\/div>\n\t\t<\/section>\n\t\t\t\t<section class=\"elementor-section elementor-inner-section elementor-element elementor-element-dc279fa border-plus-margin elementor-section-boxed elementor-section-height-default elementor-section-height-default\" data-id=\"dc279fa\" data-element_type=\"section\">\n\t\t\t\t\t\t<div class=\"elementor-container elementor-column-gap-default\">\n\t\t\t\t\t<div class=\"elementor-column elementor-col-100 elementor-inner-column elementor-element elementor-element-d942fda\" data-id=\"d942fda\" data-element_type=\"column\">\n\t\t\t<div class=\"elementor-widget-wrap elementor-element-populated\">\n\t\t\t\t\t\t\t\t<div class=\"elementor-element elementor-element-7ea4ea6 elementor-widget elementor-widget-heading\" data-id=\"7ea4ea6\" data-element_type=\"widget\" data-widget_type=\"heading.default\">\n\t\t\t\t<div class=\"elementor-widget-container\">\n\t\t\t<h3 class=\"elementor-heading-title elementor-size-default\">Kanalbestandsplan<\/h3>\t\t<\/div>\n\t\t\t\t<\/div>\n\t\t\t\t<div class=\"elementor-element elementor-element-d8297a6 elementor-widget elementor-widget-text-editor\" data-id=\"d8297a6\" data-element_type=\"widget\" data-widget_type=\"text-editor.default\">\n\t\t\t\t<div class=\"elementor-widget-container\">\n\t\t\t\t\t\t\t<p>Brauchen Sie Informationen zu bestehenden \u00f6ffentlichen Kan\u00e4len? Dann k\u00f6nnen Sie bei uns einen <strong>Kanalbestandsplan<\/strong> erhalten. Tel.:\u00a006102 \/ 3702-419 oder per<a href=\"mailto:stadtentwaesserung@dlb-aoer.de\">\u00a0E-Mail<\/a>. Informationen \u00fcber den Verlauf von Hausanschlussleitungen liegen uns allerdings nicht vor.<\/p>\t\t\t\t\t\t<\/div>\n\t\t\t\t<\/div>\n\t\t\t\t\t<\/div>\n\t\t<\/div>\n\t\t\t\t\t\t\t<\/div>\n\t\t<\/section>\n\t\t\t\t<section class=\"elementor-section elementor-inner-section elementor-element elementor-element-24bf908 border-plus-margin elementor-section-boxed elementor-section-height-default elementor-section-height-default\" data-id=\"24bf908\" data-element_type=\"section\">\n\t\t\t\t\t\t<div class=\"elementor-container elementor-column-gap-default\">\n\t\t\t\t\t<div class=\"elementor-column elementor-col-100 elementor-inner-column elementor-element elementor-element-dc2748a\" data-id=\"dc2748a\" data-element_type=\"column\">\n\t\t\t<div class=\"elementor-widget-wrap elementor-element-populated\">\n\t\t\t\t\t\t\t\t<div class=\"elementor-element elementor-element-de2da08 elementor-widget elementor-widget-heading\" data-id=\"de2da08\" data-element_type=\"widget\" data-widget_type=\"heading.default\">\n\t\t\t\t<div class=\"elementor-widget-container\">\n\t\t\t<h3 class=\"elementor-heading-title elementor-size-default\">Versickerung \/ Zisterne \/Zusch\u00fcsse<\/h3>\t\t<\/div>\n\t\t\t\t<\/div>\n\t\t\t\t<div class=\"elementor-element elementor-element-98b7242 elementor-widget elementor-widget-text-editor\" data-id=\"98b7242\" data-element_type=\"widget\" data-widget_type=\"text-editor.default\">\n\t\t\t\t<div class=\"elementor-widget-container\">\n\t\t\t\t\t\t\t<p>Haben Sie schon einmal daran gedacht, das Regenwasser von Ihrem Dach und\/oder der Hoffl\u00e4che zu<strong> versickern<\/strong>? Dadurch entf\u00e4llt die Regenwassergeb\u00fchr.<br \/>Da mit Ausnahme von Gravenbruch das gesamte Stadtgebiet in einer Trinkwasserschutzzone liegt, ist vorher bei der <strong>Unteren Wasserbeh\u00f6rde des Kreises<\/strong> Offenbach (Tel.: 06074 \/ 8180-0) zu kl\u00e4ren, ob eine Genehmigung dazu erforderlich ist.<\/p>\t\t\t\t\t\t<\/div>\n\t\t\t\t<\/div>\n\t\t\t\t<div class=\"elementor-element elementor-element-5f2f219 elementor-widget elementor-widget-text-editor\" data-id=\"5f2f219\" data-element_type=\"widget\" data-widget_type=\"text-editor.default\">\n\t\t\t\t<div class=\"elementor-widget-container\">\n\t\t\t\t\t\t\t<p>Haben Sie vor, eine <strong>Zisterne<\/strong> auf Ihrem Grundst\u00fcck zu bauen? Daf\u00fcr ist es erforderlich, einen Entw\u00e4sserungsantrag beim DLB zu stellen. Durch die Nutzung einer Zisterne k\u00f6nnen Sie Trinkwasser einsparen. Deshalb gibt es f\u00fcr den Bau von Zisternen Zusch\u00fcsse von der Stadt Neu-Isenburg. (Tel.: 06102 \/ 241-0)<\/p>\t\t\t\t\t\t<\/div>\n\t\t\t\t<\/div>\n\t\t\t\t\t<\/div>\n\t\t<\/div>\n\t\t\t\t\t\t\t<\/div>\n\t\t<\/section>\n\t\t\t\t\t<\/div>\n\t\t<\/div>\n\t\t\t\t\t\t\t<\/div>\n\t\t<\/section>\n\t\t\t\t\t\t\t<\/div>\n\t\t","protected":false},"excerpt":{"rendered":"<p>Ansprechpartner: Fachbereich Stadtentw\u00e4sserungTel. 06102-3702-419 Entw\u00e4sserungsantrag Entw\u00e4sserungsantrag Wenn Sie neu bauen oder \u00c4nderungen an der Entw\u00e4sserung Ihres Hauses vornehmen, ist es erforderlich einen [&hellip;]<\/p>\n","protected":false},"author":2,"featured_media":665,"parent":15,"menu_order":2,"comment_status":"closed","ping_status":"closed","template":"","meta":{"inline_featured_image":false,"footnotes":"","_links_to":"","_links_to_target":""},"class_list":["post-2480","page","type-page","status-publish","has-post-thumbnail","hentry"],"yoast_head":"<!-- This site is optimized with the Yoast SEO plugin v21.6 - https:\/\/yoast.com\/wordpress\/plugins\/seo\/ -->\n<title>Bauen \/ Entw\u00e4sserungsantrag - DLB Neu-Isenburg<\/title>\n<meta name=\"robots\" content=\"index, follow, max-snippet:-1, max-image-preview:large, max-video-preview:-1\" \/>\n<link rel=\"canonical\" href=\"https:\/\/dlb-aoer.de\/neu-isenburg\/abwasser\/bauen-entwaesserungsantrag\/\" \/>\n<meta property=\"og:locale\" content=\"de_DE\" \/>\n<meta property=\"og:type\" content=\"article\" \/>\n<meta property=\"og:title\" content=\"Bauen \/ Entw\u00e4sserungsantrag - DLB Neu-Isenburg\" \/>\n<meta property=\"og:description\" content=\"Ansprechpartner: Fachbereich Stadtentw\u00e4sserungTel. 06102-3702-419 Entw\u00e4sserungsantrag Entw\u00e4sserungsantrag Wenn Sie neu bauen oder \u00c4nderungen an der Entw\u00e4sserung Ihres Hauses vornehmen, ist es erforderlich einen [&hellip;]\" \/>\n<meta property=\"og:url\" content=\"https:\/\/dlb-aoer.de\/neu-isenburg\/abwasser\/bauen-entwaesserungsantrag\/\" \/>\n<meta property=\"og:site_name\" content=\"DLB Neu-Isenburg\" \/>\n<meta property=\"article:modified_time\" content=\"2022-08-05T09:40:12+00:00\" \/>\n<meta property=\"og:image\" content=\"https:\/\/dlb-aoer.de\/neu-isenburg\/wp-content\/uploads\/sites\/2\/2019\/05\/Abwasser_Bauen.jpg\" \/>\n\t<meta property=\"og:image:width\" content=\"600\" \/>\n\t<meta property=\"og:image:height\" content=\"450\" \/>\n\t<meta property=\"og:image:type\" content=\"image\/jpeg\" \/>\n<meta name=\"twitter:card\" content=\"summary_large_image\" \/>\n<meta name=\"twitter:label1\" content=\"Gesch\u00e4tzte Lesezeit\" \/>\n\t<meta name=\"twitter:data1\" content=\"1\u00a0Minute\" \/>\n<script type=\"application\/ld+json\" class=\"yoast-schema-graph\">{\"@context\":\"https:\/\/schema.org\",\"@graph\":[{\"@type\":\"WebPage\",\"@id\":\"https:\/\/dlb-aoer.de\/neu-isenburg\/abwasser\/bauen-entwaesserungsantrag\/\",\"url\":\"https:\/\/dlb-aoer.de\/neu-isenburg\/abwasser\/bauen-entwaesserungsantrag\/\",\"name\":\"Bauen \/ Entw\u00e4sserungsantrag - DLB Neu-Isenburg\",\"isPartOf\":{\"@id\":\"https:\/\/dlb-aoer.de\/neu-isenburg\/#website\"},\"datePublished\":\"2022-02-07T10:59:17+00:00\",\"dateModified\":\"2022-08-05T09:40:12+00:00\",\"breadcrumb\":{\"@id\":\"https:\/\/dlb-aoer.de\/neu-isenburg\/abwasser\/bauen-entwaesserungsantrag\/#breadcrumb\"},\"inLanguage\":\"de\",\"potentialAction\":[{\"@type\":\"ReadAction\",\"target\":[\"https:\/\/dlb-aoer.de\/neu-isenburg\/abwasser\/bauen-entwaesserungsantrag\/\"]}]},{\"@type\":\"BreadcrumbList\",\"@id\":\"https:\/\/dlb-aoer.de\/neu-isenburg\/abwasser\/bauen-entwaesserungsantrag\/#breadcrumb\",\"itemListElement\":[{\"@type\":\"ListItem\",\"position\":1,\"name\":\"Startseite\",\"item\":\"https:\/\/dlb-aoer.de\/neu-isenburg\/\"},{\"@type\":\"ListItem\",\"position\":2,\"name\":\"Abwasser\",\"item\":\"https:\/\/dlb-aoer.de\/neu-isenburg\/abwasser\/\"},{\"@type\":\"ListItem\",\"position\":3,\"name\":\"Bauen \/ Entw\u00e4sserungsantrag\"}]},{\"@type\":\"WebSite\",\"@id\":\"https:\/\/dlb-aoer.de\/neu-isenburg\/#website\",\"url\":\"https:\/\/dlb-aoer.de\/neu-isenburg\/\",\"name\":\"DLB Neu-Isenburg\",\"description\":\"\",\"publisher\":{\"@id\":\"https:\/\/dlb-aoer.de\/neu-isenburg\/#organization\"},\"potentialAction\":[{\"@type\":\"SearchAction\",\"target\":{\"@type\":\"EntryPoint\",\"urlTemplate\":\"https:\/\/dlb-aoer.de\/neu-isenburg\/?s={search_term_string}\"},\"query-input\":\"required name=search_term_string\"}],\"inLanguage\":\"de\"},{\"@type\":\"Organization\",\"@id\":\"https:\/\/dlb-aoer.de\/neu-isenburg\/#organization\",\"name\":\"Dienstleistungsbetrieb Dreieich und Neu-Isenburg A\u00f6R\",\"url\":\"https:\/\/dlb-aoer.de\/neu-isenburg\/\",\"logo\":{\"@type\":\"ImageObject\",\"inLanguage\":\"de\",\"@id\":\"https:\/\/dlb-aoer.de\/neu-isenburg\/#\/schema\/logo\/image\/\",\"url\":\"https:\/\/dlb-aoer.de\/neu-isenburg\/wp-content\/uploads\/sites\/2\/2019\/10\/DLB_Logo_orange.svg\",\"contentUrl\":\"https:\/\/dlb-aoer.de\/neu-isenburg\/wp-content\/uploads\/sites\/2\/2019\/10\/DLB_Logo_orange.svg\",\"width\":1,\"height\":1,\"caption\":\"Dienstleistungsbetrieb Dreieich und Neu-Isenburg A\u00f6R\"},\"image\":{\"@id\":\"https:\/\/dlb-aoer.de\/neu-isenburg\/#\/schema\/logo\/image\/\"}}]}<\/script>\n<!-- \/ Yoast SEO plugin. -->","yoast_head_json":{"title":"Bauen \/ Entw\u00e4sserungsantrag - DLB Neu-Isenburg","robots":{"index":"index","follow":"follow","max-snippet":"max-snippet:-1","max-image-preview":"max-image-preview:large","max-video-preview":"max-video-preview:-1"},"canonical":"https:\/\/dlb-aoer.de\/neu-isenburg\/abwasser\/bauen-entwaesserungsantrag\/","og_locale":"de_DE","og_type":"article","og_title":"Bauen \/ Entw\u00e4sserungsantrag - DLB Neu-Isenburg","og_description":"Ansprechpartner: Fachbereich Stadtentw\u00e4sserungTel. 06102-3702-419 Entw\u00e4sserungsantrag Entw\u00e4sserungsantrag Wenn Sie neu bauen oder \u00c4nderungen an der Entw\u00e4sserung Ihres Hauses vornehmen, ist es erforderlich einen [&hellip;]","og_url":"https:\/\/dlb-aoer.de\/neu-isenburg\/abwasser\/bauen-entwaesserungsantrag\/","og_site_name":"DLB Neu-Isenburg","article_modified_time":"2022-08-05T09:40:12+00:00","og_image":[{"width":600,"height":450,"url":"https:\/\/dlb-aoer.de\/neu-isenburg\/wp-content\/uploads\/sites\/2\/2019\/05\/Abwasser_Bauen.jpg","type":"image\/jpeg"}],"twitter_card":"summary_large_image","twitter_misc":{"Gesch\u00e4tzte Lesezeit":"1\u00a0Minute"},"schema":{"@context":"https:\/\/schema.org","@graph":[{"@type":"WebPage","@id":"https:\/\/dlb-aoer.de\/neu-isenburg\/abwasser\/bauen-entwaesserungsantrag\/","url":"https:\/\/dlb-aoer.de\/neu-isenburg\/abwasser\/bauen-entwaesserungsantrag\/","name":"Bauen \/ Entw\u00e4sserungsantrag - DLB Neu-Isenburg","isPartOf":{"@id":"https:\/\/dlb-aoer.de\/neu-isenburg\/#website"},"datePublished":"2022-02-07T10:59:17+00:00","dateModified":"2022-08-05T09:40:12+00:00","breadcrumb":{"@id":"https:\/\/dlb-aoer.de\/neu-isenburg\/abwasser\/bauen-entwaesserungsantrag\/#breadcrumb"},"inLanguage":"de","potentialAction":[{"@type":"ReadAction","target":["https:\/\/dlb-aoer.de\/neu-isenburg\/abwasser\/bauen-entwaesserungsantrag\/"]}]},{"@type":"BreadcrumbList","@id":"https:\/\/dlb-aoer.de\/neu-isenburg\/abwasser\/bauen-entwaesserungsantrag\/#breadcrumb","itemListElement":[{"@type":"ListItem","position":1,"name":"Startseite","item":"https:\/\/dlb-aoer.de\/neu-isenburg\/"},{"@type":"ListItem","position":2,"name":"Abwasser","item":"https:\/\/dlb-aoer.de\/neu-isenburg\/abwasser\/"},{"@type":"ListItem","position":3,"name":"Bauen \/ Entw\u00e4sserungsantrag"}]},{"@type":"WebSite","@id":"https:\/\/dlb-aoer.de\/neu-isenburg\/#website","url":"https:\/\/dlb-aoer.de\/neu-isenburg\/","name":"DLB Neu-Isenburg","description":"","publisher":{"@id":"https:\/\/dlb-aoer.de\/neu-isenburg\/#organization"},"potentialAction":[{"@type":"SearchAction","target":{"@type":"EntryPoint","urlTemplate":"https:\/\/dlb-aoer.de\/neu-isenburg\/?s={search_term_string}"},"query-input":"required name=search_term_string"}],"inLanguage":"de"},{"@type":"Organization","@id":"https:\/\/dlb-aoer.de\/neu-isenburg\/#organization","name":"Dienstleistungsbetrieb Dreieich und Neu-Isenburg A\u00f6R","url":"https:\/\/dlb-aoer.de\/neu-isenburg\/","logo":{"@type":"ImageObject","inLanguage":"de","@id":"https:\/\/dlb-aoer.de\/neu-isenburg\/#\/schema\/logo\/image\/","url":"https:\/\/dlb-aoer.de\/neu-isenburg\/wp-content\/uploads\/sites\/2\/2019\/10\/DLB_Logo_orange.svg","contentUrl":"https:\/\/dlb-aoer.de\/neu-isenburg\/wp-content\/uploads\/sites\/2\/2019\/10\/DLB_Logo_orange.svg","width":1,"height":1,"caption":"Dienstleistungsbetrieb Dreieich und Neu-Isenburg A\u00f6R"},"image":{"@id":"https:\/\/dlb-aoer.de\/neu-isenburg\/#\/schema\/logo\/image\/"}}]}},"_links":{"self":[{"href":"https:\/\/dlb-aoer.de\/neu-isenburg\/wp-json\/wp\/v2\/pages\/2480","targetHints":{"allow":["GET"]}}],"collection":[{"href":"https:\/\/dlb-aoer.de\/neu-isenburg\/wp-json\/wp\/v2\/pages"}],"about":[{"href":"https:\/\/dlb-aoer.de\/neu-isenburg\/wp-json\/wp\/v2\/types\/page"}],"author":[{"embeddable":true,"href":"https:\/\/dlb-aoer.de\/neu-isenburg\/wp-json\/wp\/v2\/users\/2"}],"replies":[{"embeddable":true,"href":"https:\/\/dlb-aoer.de\/neu-isenburg\/wp-json\/wp\/v2\/comments?post=2480"}],"version-history":[{"count":14,"href":"https:\/\/dlb-aoer.de\/neu-isenburg\/wp-json\/wp\/v2\/pages\/2480\/revisions"}],"predecessor-version":[{"id":3332,"href":"https:\/\/dlb-aoer.de\/neu-isenburg\/wp-json\/wp\/v2\/pages\/2480\/revisions\/3332"}],"up":[{"embeddable":true,"href":"https:\/\/dlb-aoer.de\/neu-isenburg\/wp-json\/wp\/v2\/pages\/15"}],"wp:featuredmedia":[{"embeddable":true,"href":"https:\/\/dlb-aoer.de\/neu-isenburg\/wp-json\/wp\/v2\/media\/665"}],"wp:attachment":[{"href":"https:\/\/dlb-aoer.de\/neu-isenburg\/wp-json\/wp\/v2\/media?parent=2480"}],"curies":[{"name":"wp","href":"https:\/\/api.w.org\/{rel}","templated":true}]}}