{"id":21,"date":"2019-04-17T19:10:58","date_gmt":"2019-04-17T17:10:58","guid":{"rendered":"https:\/\/www.dlb-aoer.de\/neu-isenburg\/?page_id=21"},"modified":"2025-06-26T07:20:48","modified_gmt":"2025-06-26T05:20:48","slug":"ueber-den-dlb","status":"publish","type":"page","link":"https:\/\/dlb-aoer.de\/neu-isenburg\/ueber-den-dlb\/","title":{"rendered":"\u00dcber den DLB"},"content":{"rendered":"\t\t<div data-elementor-type=\"wp-post\" data-elementor-id=\"21\" class=\"elementor elementor-21\">\n\t\t\t\t\t\t\t\t\t<section class=\"elementor-section elementor-top-section elementor-element elementor-element-1cb0635 elementor-section-boxed elementor-section-height-default elementor-section-height-default\" data-id=\"1cb0635\" data-element_type=\"section\">\n\t\t\t\t\t\t<div class=\"elementor-container elementor-column-gap-default\">\n\t\t\t\t\t<div class=\"elementor-column elementor-col-100 elementor-top-column elementor-element elementor-element-48e6eed\" data-id=\"48e6eed\" data-element_type=\"column\">\n\t\t\t<div class=\"elementor-widget-wrap elementor-element-populated\">\n\t\t\t\t\t\t\t\t<div class=\"elementor-element elementor-element-269bcf4 elementor-widget elementor-widget-heading\" data-id=\"269bcf4\" data-element_type=\"widget\" data-widget_type=\"heading.default\">\n\t\t\t\t<div class=\"elementor-widget-container\">\n\t\t\t<h1 class=\"elementor-heading-title elementor-size-default\">Wir leben Dreieich und Isenburg ...<\/h1>\t\t<\/div>\n\t\t\t\t<\/div>\n\t\t\t\t<div class=\"elementor-element elementor-element-c6ad583 elementor-widget elementor-widget-spacer\" data-id=\"c6ad583\" data-element_type=\"widget\" data-widget_type=\"spacer.default\">\n\t\t\t\t<div class=\"elementor-widget-container\">\n\t\t\t\t\t<div class=\"elementor-spacer\">\n\t\t\t<div class=\"elementor-spacer-inner\"><\/div>\n\t\t<\/div>\n\t\t\t\t<\/div>\n\t\t\t\t<\/div>\n\t\t\t\t<div class=\"elementor-element elementor-element-ab259ba elementor-widget elementor-widget-text-editor\" data-id=\"ab259ba\" data-element_type=\"widget\" data-widget_type=\"text-editor.default\">\n\t\t\t\t<div class=\"elementor-widget-container\">\n\t\t\t\t\t\t\tDie DLB Dreieich und Neu-Isenburg A\u00f6R (Anstalt \u00f6ffentlichen Rechts) bietet mit rund 230 Mitarbeiterinnen und Mitarbeitern umfassende b\u00fcrgernahe Dienstleistungen f\u00fcr die St\u00e4dte Neu-Isenburg und Dreieich.<\/p>\t\t\t\t\t\t<\/div>\n\t\t\t\t<\/div>\n\t\t\t\t<div class=\"elementor-element elementor-element-64309fb elementor-widget elementor-widget-eael-post-grid\" data-id=\"64309fb\" data-element_type=\"widget\" data-widget_type=\"eael-post-grid.default\">\n\t\t\t\t<div class=\"elementor-widget-container\">\n\t\t\t\t\t<div id=\"eael-post-grid-64309fb\" class=\"eael-post-grid-container eael-col-3\">\n\t\t    <div class=\"eael-post-grid eael-post-appender-64309fb\">\n\t\t\t<article class=\"eael-grid-post eael-post-grid-column\">\n    <div class=\"eael-grid-post-holder\">\n        <div class=\"eael-grid-post-holder-inner\">\n                            <div class=\"eael-entry-medianone\">\n                                            <div class=\"eael-entry-overlay fade-in\">\n                                                            <i class=\"fa fa-long-arrow-right\" aria-hidden=\"true\"><\/i>\n                                                        <a href=\"https:\/\/dlb-aoer.de\/neu-isenburg\/ueber-den-dlb\/aufgabenbereiche\/\"><\/a>\n                        <\/div>\n                    \n                                            <div class=\"eael-entry-thumbnail\">\n                            <img decoding=\"async\" src=\"https:\/\/dlb-aoer.de\/neu-isenburg\/wp-content\/uploads\/sites\/2\/2022\/07\/DLB-Neu-Isenburg-550x400.jpg\" alt=\"DLB Logo zusammengesetzt aus Verschiedenen Bildern\">\n                        <\/div>\n                                    <\/div>\n            \n                            <div class=\"eael-entry-wrapper\">\n                    <header class=\"eael-entry-header\">\n                                                    <h2 class=\"eael-entry-title\"><a class=\"eael-grid-post-link\" href=\"https:\/\/dlb-aoer.de\/neu-isenburg\/ueber-den-dlb\/aufgabenbereiche\/\" title=\"Aufgabenbereiche\">Aufgabenbereiche<\/a><\/h2>\n                        \n                                            <\/header>\n\n                                            <div class=\"eael-entry-content\">\n                            <div class=\"eael-grid-post-excerpt\">\n                                <p>Sie finden bei uns kompetente Ansprechpartner in den folgenden Aufgabenbereichen:<\/p>\n                                <p><a class=\"eael-grid-post-link\" href=\"https:\/\/dlb-aoer.de\/neu-isenburg\/ueber-den-dlb\/aufgabenbereiche\/\" title=\"Aufgabenbereiche\">Weiterlesen..<\/a><\/p>\n                            <\/div>\n                        <\/div>\n                                    <\/div>\n\n                                    <\/div>\n    <\/div>\n<\/article>\n<article class=\"eael-grid-post eael-post-grid-column\">\n    <div class=\"eael-grid-post-holder\">\n        <div class=\"eael-grid-post-holder-inner\">\n                            <div class=\"eael-entry-medianone\">\n                                            <div class=\"eael-entry-overlay fade-in\">\n                                                            <i class=\"fa fa-long-arrow-right\" aria-hidden=\"true\"><\/i>\n                                                        <a href=\"https:\/\/dlb-aoer.de\/neu-isenburg\/ueber-den-dlb\/aktuelles-und-presse\/\"><\/a>\n                        <\/div>\n                    \n                                            <div class=\"eael-entry-thumbnail\">\n                            <img decoding=\"async\" src=\"https:\/\/dlb-aoer.de\/neu-isenburg\/wp-content\/uploads\/sites\/2\/2021\/11\/news-g3c059e299_1920-550x400.jpg\" alt=\"Aktuelles und Presse - Das Bild zeigt einen Laptop und eine Zeitung.\">\n                        <\/div>\n                                    <\/div>\n            \n                            <div class=\"eael-entry-wrapper\">\n                    <header class=\"eael-entry-header\">\n                                                    <h2 class=\"eael-entry-title\"><a class=\"eael-grid-post-link\" href=\"https:\/\/dlb-aoer.de\/neu-isenburg\/ueber-den-dlb\/aktuelles-und-presse\/\" title=\"Aktuelles und Presse\">Aktuelles und Presse<\/a><\/h2>\n                        \n                                            <\/header>\n\n                                            <div class=\"eael-entry-content\">\n                            <div class=\"eael-grid-post-excerpt\">\n                                <p>Hier finden Sie aktuelle Informationen und Artikel aus der Presse<\/p>\n                                <p><a class=\"eael-grid-post-link\" href=\"https:\/\/dlb-aoer.de\/neu-isenburg\/ueber-den-dlb\/aktuelles-und-presse\/\" title=\"Aktuelles und Presse\">Weiterlesen..<\/a><\/p>\n                            <\/div>\n                        <\/div>\n                                    <\/div>\n\n                                    <\/div>\n    <\/div>\n<\/article>\n<article class=\"eael-grid-post eael-post-grid-column\">\n    <div class=\"eael-grid-post-holder\">\n        <div class=\"eael-grid-post-holder-inner\">\n                            <div class=\"eael-entry-medianone\">\n                                            <div class=\"eael-entry-overlay fade-in\">\n                                                            <i class=\"fa fa-long-arrow-right\" aria-hidden=\"true\"><\/i>\n                                                        <a href=\"https:\/\/dlb-aoer.de\/neu-isenburg\/ueber-den-dlb\/ausbildung-und-stellenangebote\/\"><\/a>\n                        <\/div>\n                    \n                                            <div class=\"eael-entry-thumbnail\">\n                            <img decoding=\"async\" src=\"https:\/\/dlb-aoer.de\/neu-isenburg\/wp-content\/uploads\/sites\/2\/2022\/07\/Ausbildung-und-Stellenangebote-550x400.jpg\" alt=\"Ausbildung und Stellenangebote\">\n                        <\/div>\n                                    <\/div>\n            \n                            <div class=\"eael-entry-wrapper\">\n                    <header class=\"eael-entry-header\">\n                                                    <h2 class=\"eael-entry-title\"><a class=\"eael-grid-post-link\" href=\"https:\/\/dlb-aoer.de\/neu-isenburg\/ueber-den-dlb\/ausbildung-und-stellenangebote\/\" title=\"Ausbildung und Stellenangebote\">Ausbildung und Stellenangebote<\/a><\/h2>\n                        \n                                            <\/header>\n\n                                            <div class=\"eael-entry-content\">\n                            <div class=\"eael-grid-post-excerpt\">\n                                <p>Ein wichtiges Anliegen ist dem DLB die Ausbildung junger Menschen. \u2026<\/p>\n                                <p><a class=\"eael-grid-post-link\" href=\"https:\/\/dlb-aoer.de\/neu-isenburg\/ueber-den-dlb\/ausbildung-und-stellenangebote\/\" title=\"Ausbildung und Stellenangebote\">Weiterlesen..<\/a><\/p>\n                            <\/div>\n                        <\/div>\n                                    <\/div>\n\n                                    <\/div>\n    <\/div>\n<\/article>\n<article class=\"eael-grid-post eael-post-grid-column\">\n    <div class=\"eael-grid-post-holder\">\n        <div class=\"eael-grid-post-holder-inner\">\n                            <div class=\"eael-entry-medianone\">\n                                            <div class=\"eael-entry-overlay fade-in\">\n                                                            <i class=\"fa fa-long-arrow-right\" aria-hidden=\"true\"><\/i>\n                                                        <a href=\"https:\/\/dlb-aoer.de\/neu-isenburg\/ueber-den-dlb\/verwaltungsrat-des-dlb\/\"><\/a>\n                        <\/div>\n                    \n                                            <div class=\"eael-entry-thumbnail\">\n                            <img decoding=\"async\" src=\"https:\/\/dlb-aoer.de\/neu-isenburg\/wp-content\/uploads\/sites\/2\/2021\/12\/pen-g316fffbe1_1920-550x400.jpg\" alt=\"Formular mit Stift.\">\n                        <\/div>\n                                    <\/div>\n            \n                            <div class=\"eael-entry-wrapper\">\n                    <header class=\"eael-entry-header\">\n                                                    <h2 class=\"eael-entry-title\"><a class=\"eael-grid-post-link\" href=\"https:\/\/dlb-aoer.de\/neu-isenburg\/ueber-den-dlb\/verwaltungsrat-des-dlb\/\" title=\"Verwaltungsrat des DLB\">Verwaltungsrat des DLB<\/a><\/h2>\n                        \n                                            <\/header>\n\n                                            <div class=\"eael-entry-content\">\n                            <div class=\"eael-grid-post-excerpt\">\n                                <p>Verwaltungsrat des DLB Dreieich und Neu-Isenburg A\u00f6R fungiert als Aufsichtsgremium \u2026<\/p>\n                                <p><a class=\"eael-grid-post-link\" href=\"https:\/\/dlb-aoer.de\/neu-isenburg\/ueber-den-dlb\/verwaltungsrat-des-dlb\/\" title=\"Verwaltungsrat des DLB\">Weiterlesen..<\/a><\/p>\n                            <\/div>\n                        <\/div>\n                                    <\/div>\n\n                                    <\/div>\n    <\/div>\n<\/article>\n<article class=\"eael-grid-post eael-post-grid-column\">\n    <div class=\"eael-grid-post-holder\">\n        <div class=\"eael-grid-post-holder-inner\">\n                            <div class=\"eael-entry-medianone\">\n                                            <div class=\"eael-entry-overlay fade-in\">\n                                                            <i class=\"fa fa-long-arrow-right\" aria-hidden=\"true\"><\/i>\n                                                        <a href=\"https:\/\/dlb-aoer.de\/neu-isenburg\/ueber-den-dlb\/anfahrt\/\"><\/a>\n                        <\/div>\n                    \n                                            <div class=\"eael-entry-thumbnail\">\n                            <img decoding=\"async\" src=\"https:\/\/dlb-aoer.de\/neu-isenburg\/wp-content\/uploads\/sites\/2\/2019\/05\/Menu_Background-550x400.jpg\" alt=\"Kartenausschnitt Neu-Isenburg Kernstadt\">\n                        <\/div>\n                                    <\/div>\n            \n                            <div class=\"eael-entry-wrapper\">\n                    <header class=\"eael-entry-header\">\n                                                    <h2 class=\"eael-entry-title\"><a class=\"eael-grid-post-link\" href=\"https:\/\/dlb-aoer.de\/neu-isenburg\/ueber-den-dlb\/anfahrt\/\" title=\"Anfahrt\">Anfahrt<\/a><\/h2>\n                        \n                                            <\/header>\n\n                                            <div class=\"eael-entry-content\">\n                            <div class=\"eael-grid-post-excerpt\">\n                                <p>Dienstleistungsbetrieb Dreieich und Neu-Isenburg A\u00f6R\nOffenbacher Stra\u00dfe 174\n63263 Neu-Isenburg<\/p>\n                                <p><a class=\"eael-grid-post-link\" href=\"https:\/\/dlb-aoer.de\/neu-isenburg\/ueber-den-dlb\/anfahrt\/\" title=\"Anfahrt\">Weiterlesen..<\/a><\/p>\n                            <\/div>\n                        <\/div>\n                                    <\/div>\n\n                                    <\/div>\n    <\/div>\n<\/article>\n<article class=\"eael-grid-post eael-post-grid-column\">\n    <div class=\"eael-grid-post-holder\">\n        <div class=\"eael-grid-post-holder-inner\">\n                            <div class=\"eael-entry-medianone\">\n                                            <div class=\"eael-entry-overlay fade-in\">\n                                                            <i class=\"fa fa-long-arrow-right\" aria-hidden=\"true\"><\/i>\n                                                        <a href=\"https:\/\/dlb-aoer.de\/neu-isenburg\/ueber-den-dlb\/hinweisgeberschutz\/\"><\/a>\n                        <\/div>\n                    \n                                            <div class=\"eael-entry-thumbnail\">\n                            <img decoding=\"async\" src=\"https:\/\/dlb-aoer.de\/neu-isenburg\/wp-content\/uploads\/sites\/2\/2025\/06\/fountain-pen-1851096_1280-550x400.jpg\" alt=\"Schreibblock mit Stift\">\n                        <\/div>\n                                    <\/div>\n            \n                            <div class=\"eael-entry-wrapper\">\n                    <header class=\"eael-entry-header\">\n                                                    <h2 class=\"eael-entry-title\"><a class=\"eael-grid-post-link\" href=\"https:\/\/dlb-aoer.de\/neu-isenburg\/ueber-den-dlb\/hinweisgeberschutz\/\" title=\"Hinweisgeberschutz\">Hinweisgeberschutz<\/a><\/h2>\n                        \n                                            <\/header>\n\n                                            <div class=\"eael-entry-content\">\n                            <div class=\"eael-grid-post-excerpt\">\n                                <p>Besch\u00e4ftigten und Gesch\u00e4ftspartnern steht hier ein Hinweisgebersystem zur Verf\u00fcgung, bei \u2026<\/p>\n                                <p><a class=\"eael-grid-post-link\" href=\"https:\/\/dlb-aoer.de\/neu-isenburg\/ueber-den-dlb\/hinweisgeberschutz\/\" title=\"Hinweisgeberschutz\">Weiterlesen..<\/a><\/p>\n                            <\/div>\n                        <\/div>\n                                    <\/div>\n\n                                    <\/div>\n    <\/div>\n<\/article>\n\t\t    <\/div>\n\t\t    <div class=\"clearfix\"><\/div>\n\t\t<\/div>\n\t\t\t\t<\/div>\n\t\t\t\t<\/div>\n\t\t\t\t\t<\/div>\n\t\t<\/div>\n\t\t\t\t\t\t\t<\/div>\n\t\t<\/section>\n\t\t\t\t\t\t\t<\/div>\n\t\t","protected":false},"excerpt":{"rendered":"<p>Wir leben Dreieich und Isenburg &#8230; Die DLB Dreieich und Neu-Isenburg A\u00f6R (Anstalt \u00f6ffentlichen Rechts) bietet mit rund 230 Mitarbeiterinnen und Mitarbeitern [&hellip;]<\/p>\n","protected":false},"author":2,"featured_media":755,"parent":0,"menu_order":0,"comment_status":"closed","ping_status":"closed","template":"elementor_header_footer","meta":{"inline_featured_image":false,"footnotes":"","_links_to":"","_links_to_target":""},"class_list":["post-21","page","type-page","status-publish","has-post-thumbnail","hentry"],"yoast_head":"<!-- This site is optimized with the Yoast SEO plugin v21.6 - https:\/\/yoast.com\/wordpress\/plugins\/seo\/ -->\n<title>\u00dcber den DLB - DLB Neu-Isenburg<\/title>\n<meta name=\"robots\" content=\"index, follow, max-snippet:-1, max-image-preview:large, max-video-preview:-1\" \/>\n<link rel=\"canonical\" href=\"https:\/\/dlb-aoer.de\/neu-isenburg\/ueber-den-dlb\/\" \/>\n<meta property=\"og:locale\" content=\"de_DE\" \/>\n<meta property=\"og:type\" content=\"article\" \/>\n<meta property=\"og:title\" content=\"\u00dcber den DLB - DLB Neu-Isenburg\" \/>\n<meta property=\"og:description\" content=\"Wir leben Dreieich und Isenburg &#8230; Die DLB Dreieich und Neu-Isenburg A\u00f6R (Anstalt \u00f6ffentlichen Rechts) bietet mit rund 230 Mitarbeiterinnen und Mitarbeitern [&hellip;]\" \/>\n<meta property=\"og:url\" content=\"https:\/\/dlb-aoer.de\/neu-isenburg\/ueber-den-dlb\/\" \/>\n<meta property=\"og:site_name\" content=\"DLB Neu-Isenburg\" \/>\n<meta property=\"article:modified_time\" content=\"2025-06-26T05:20:48+00:00\" \/>\n<meta property=\"og:image\" content=\"https:\/\/dlb-aoer.de\/neu-isenburg\/wp-content\/uploads\/sites\/2\/2019\/07\/UeberDLB_header_neu-e1658828629415.jpg\" \/>\n\t<meta property=\"og:image:width\" content=\"2400\" \/>\n\t<meta property=\"og:image:height\" content=\"552\" \/>\n\t<meta property=\"og:image:type\" content=\"image\/jpeg\" \/>\n<meta name=\"twitter:card\" content=\"summary_large_image\" \/>\n<meta name=\"twitter:label1\" content=\"Gesch\u00e4tzte Lesezeit\" \/>\n\t<meta name=\"twitter:data1\" content=\"2\u00a0Minuten\" \/>\n<script type=\"application\/ld+json\" class=\"yoast-schema-graph\">{\"@context\":\"https:\/\/schema.org\",\"@graph\":[{\"@type\":\"WebPage\",\"@id\":\"https:\/\/dlb-aoer.de\/neu-isenburg\/ueber-den-dlb\/\",\"url\":\"https:\/\/dlb-aoer.de\/neu-isenburg\/ueber-den-dlb\/\",\"name\":\"\u00dcber den DLB - DLB Neu-Isenburg\",\"isPartOf\":{\"@id\":\"https:\/\/dlb-aoer.de\/neu-isenburg\/#website\"},\"datePublished\":\"2019-04-17T17:10:58+00:00\",\"dateModified\":\"2025-06-26T05:20:48+00:00\",\"breadcrumb\":{\"@id\":\"https:\/\/dlb-aoer.de\/neu-isenburg\/ueber-den-dlb\/#breadcrumb\"},\"inLanguage\":\"de\",\"potentialAction\":[{\"@type\":\"ReadAction\",\"target\":[\"https:\/\/dlb-aoer.de\/neu-isenburg\/ueber-den-dlb\/\"]}]},{\"@type\":\"BreadcrumbList\",\"@id\":\"https:\/\/dlb-aoer.de\/neu-isenburg\/ueber-den-dlb\/#breadcrumb\",\"itemListElement\":[{\"@type\":\"ListItem\",\"position\":1,\"name\":\"Startseite\",\"item\":\"https:\/\/dlb-aoer.de\/neu-isenburg\/\"},{\"@type\":\"ListItem\",\"position\":2,\"name\":\"\u00dcber den DLB\"}]},{\"@type\":\"WebSite\",\"@id\":\"https:\/\/dlb-aoer.de\/neu-isenburg\/#website\",\"url\":\"https:\/\/dlb-aoer.de\/neu-isenburg\/\",\"name\":\"DLB Neu-Isenburg\",\"description\":\"\",\"publisher\":{\"@id\":\"https:\/\/dlb-aoer.de\/neu-isenburg\/#organization\"},\"potentialAction\":[{\"@type\":\"SearchAction\",\"target\":{\"@type\":\"EntryPoint\",\"urlTemplate\":\"https:\/\/dlb-aoer.de\/neu-isenburg\/?s={search_term_string}\"},\"query-input\":\"required name=search_term_string\"}],\"inLanguage\":\"de\"},{\"@type\":\"Organization\",\"@id\":\"https:\/\/dlb-aoer.de\/neu-isenburg\/#organization\",\"name\":\"Dienstleistungsbetrieb Dreieich und Neu-Isenburg A\u00f6R\",\"url\":\"https:\/\/dlb-aoer.de\/neu-isenburg\/\",\"logo\":{\"@type\":\"ImageObject\",\"inLanguage\":\"de\",\"@id\":\"https:\/\/dlb-aoer.de\/neu-isenburg\/#\/schema\/logo\/image\/\",\"url\":\"https:\/\/dlb-aoer.de\/neu-isenburg\/wp-content\/uploads\/sites\/2\/2019\/10\/DLB_Logo_orange.svg\",\"contentUrl\":\"https:\/\/dlb-aoer.de\/neu-isenburg\/wp-content\/uploads\/sites\/2\/2019\/10\/DLB_Logo_orange.svg\",\"width\":1,\"height\":1,\"caption\":\"Dienstleistungsbetrieb Dreieich und Neu-Isenburg A\u00f6R\"},\"image\":{\"@id\":\"https:\/\/dlb-aoer.de\/neu-isenburg\/#\/schema\/logo\/image\/\"}}]}<\/script>\n<!-- \/ Yoast SEO plugin. -->","yoast_head_json":{"title":"\u00dcber den DLB - DLB Neu-Isenburg","robots":{"index":"index","follow":"follow","max-snippet":"max-snippet:-1","max-image-preview":"max-image-preview:large","max-video-preview":"max-video-preview:-1"},"canonical":"https:\/\/dlb-aoer.de\/neu-isenburg\/ueber-den-dlb\/","og_locale":"de_DE","og_type":"article","og_title":"\u00dcber den DLB - DLB Neu-Isenburg","og_description":"Wir leben Dreieich und Isenburg &#8230; Die DLB Dreieich und Neu-Isenburg A\u00f6R (Anstalt \u00f6ffentlichen Rechts) bietet mit rund 230 Mitarbeiterinnen und Mitarbeitern [&hellip;]","og_url":"https:\/\/dlb-aoer.de\/neu-isenburg\/ueber-den-dlb\/","og_site_name":"DLB Neu-Isenburg","article_modified_time":"2025-06-26T05:20:48+00:00","og_image":[{"width":2400,"height":552,"url":"https:\/\/dlb-aoer.de\/neu-isenburg\/wp-content\/uploads\/sites\/2\/2019\/07\/UeberDLB_header_neu-e1658828629415.jpg","type":"image\/jpeg"}],"twitter_card":"summary_large_image","twitter_misc":{"Gesch\u00e4tzte Lesezeit":"2\u00a0Minuten"},"schema":{"@context":"https:\/\/schema.org","@graph":[{"@type":"WebPage","@id":"https:\/\/dlb-aoer.de\/neu-isenburg\/ueber-den-dlb\/","url":"https:\/\/dlb-aoer.de\/neu-isenburg\/ueber-den-dlb\/","name":"\u00dcber den DLB - DLB Neu-Isenburg","isPartOf":{"@id":"https:\/\/dlb-aoer.de\/neu-isenburg\/#website"},"datePublished":"2019-04-17T17:10:58+00:00","dateModified":"2025-06-26T05:20:48+00:00","breadcrumb":{"@id":"https:\/\/dlb-aoer.de\/neu-isenburg\/ueber-den-dlb\/#breadcrumb"},"inLanguage":"de","potentialAction":[{"@type":"ReadAction","target":["https:\/\/dlb-aoer.de\/neu-isenburg\/ueber-den-dlb\/"]}]},{"@type":"BreadcrumbList","@id":"https:\/\/dlb-aoer.de\/neu-isenburg\/ueber-den-dlb\/#breadcrumb","itemListElement":[{"@type":"ListItem","position":1,"name":"Startseite","item":"https:\/\/dlb-aoer.de\/neu-isenburg\/"},{"@type":"ListItem","position":2,"name":"\u00dcber den DLB"}]},{"@type":"WebSite","@id":"https:\/\/dlb-aoer.de\/neu-isenburg\/#website","url":"https:\/\/dlb-aoer.de\/neu-isenburg\/","name":"DLB Neu-Isenburg","description":"","publisher":{"@id":"https:\/\/dlb-aoer.de\/neu-isenburg\/#organization"},"potentialAction":[{"@type":"SearchAction","target":{"@type":"EntryPoint","urlTemplate":"https:\/\/dlb-aoer.de\/neu-isenburg\/?s={search_term_string}"},"query-input":"required name=search_term_string"}],"inLanguage":"de"},{"@type":"Organization","@id":"https:\/\/dlb-aoer.de\/neu-isenburg\/#organization","name":"Dienstleistungsbetrieb Dreieich und Neu-Isenburg A\u00f6R","url":"https:\/\/dlb-aoer.de\/neu-isenburg\/","logo":{"@type":"ImageObject","inLanguage":"de","@id":"https:\/\/dlb-aoer.de\/neu-isenburg\/#\/schema\/logo\/image\/","url":"https:\/\/dlb-aoer.de\/neu-isenburg\/wp-content\/uploads\/sites\/2\/2019\/10\/DLB_Logo_orange.svg","contentUrl":"https:\/\/dlb-aoer.de\/neu-isenburg\/wp-content\/uploads\/sites\/2\/2019\/10\/DLB_Logo_orange.svg","width":1,"height":1,"caption":"Dienstleistungsbetrieb Dreieich und Neu-Isenburg A\u00f6R"},"image":{"@id":"https:\/\/dlb-aoer.de\/neu-isenburg\/#\/schema\/logo\/image\/"}}]}},"_links":{"self":[{"href":"https:\/\/dlb-aoer.de\/neu-isenburg\/wp-json\/wp\/v2\/pages\/21","targetHints":{"allow":["GET"]}}],"collection":[{"href":"https:\/\/dlb-aoer.de\/neu-isenburg\/wp-json\/wp\/v2\/pages"}],"about":[{"href":"https:\/\/dlb-aoer.de\/neu-isenburg\/wp-json\/wp\/v2\/types\/page"}],"author":[{"embeddable":true,"href":"https:\/\/dlb-aoer.de\/neu-isenburg\/wp-json\/wp\/v2\/users\/2"}],"replies":[{"embeddable":true,"href":"https:\/\/dlb-aoer.de\/neu-isenburg\/wp-json\/wp\/v2\/comments?post=21"}],"version-history":[{"count":29,"href":"https:\/\/dlb-aoer.de\/neu-isenburg\/wp-json\/wp\/v2\/pages\/21\/revisions"}],"predecessor-version":[{"id":5361,"href":"https:\/\/dlb-aoer.de\/neu-isenburg\/wp-json\/wp\/v2\/pages\/21\/revisions\/5361"}],"wp:featuredmedia":[{"embeddable":true,"href":"https:\/\/dlb-aoer.de\/neu-isenburg\/wp-json\/wp\/v2\/media\/755"}],"wp:attachment":[{"href":"https:\/\/dlb-aoer.de\/neu-isenburg\/wp-json\/wp\/v2\/media?parent=21"}],"curies":[{"name":"wp","href":"https:\/\/api.w.org\/{rel}","templated":true}]}}