{"id":206,"date":"2019-05-12T18:32:34","date_gmt":"2019-05-12T16:32:34","guid":{"rendered":"https:\/\/www.dlb-aoer.de\/neu-isenburg\/?page_id=206"},"modified":"2022-08-05T11:24:51","modified_gmt":"2022-08-05T09:24:51","slug":"abwasser-im-keller","status":"publish","type":"page","link":"https:\/\/dlb-aoer.de\/neu-isenburg\/abwasser\/abflussprobleme\/abwasser-im-keller\/","title":{"rendered":"Abwasser im Keller"},"content":{"rendered":"\t\t<div data-elementor-type=\"wp-post\" data-elementor-id=\"206\" class=\"elementor elementor-206\">\n\t\t\t\t\t\t\t\t\t<section class=\"elementor-section elementor-top-section elementor-element elementor-element-cf780fe elementor-section-stretched elementor-section-boxed elementor-section-height-default elementor-section-height-default\" data-id=\"cf780fe\" data-element_type=\"section\" data-settings=\"{&quot;stretch_section&quot;:&quot;section-stretched&quot;}\">\n\t\t\t\t\t\t<div class=\"elementor-container elementor-column-gap-default\">\n\t\t\t\t\t<div class=\"elementor-column elementor-col-100 elementor-top-column elementor-element elementor-element-3280314\" data-id=\"3280314\" data-element_type=\"column\">\n\t\t\t<div class=\"elementor-widget-wrap elementor-element-populated\">\n\t\t\t\t\t\t\t\t<section class=\"elementor-section elementor-inner-section elementor-element elementor-element-46e17ff border-plus-margin elementor-section-boxed elementor-section-height-default elementor-section-height-default\" data-id=\"46e17ff\" data-element_type=\"section\">\n\t\t\t\t\t\t<div class=\"elementor-container elementor-column-gap-default\">\n\t\t\t\t\t<div class=\"elementor-column elementor-col-50 elementor-inner-column elementor-element elementor-element-2175ca5\" data-id=\"2175ca5\" data-element_type=\"column\">\n\t\t\t<div class=\"elementor-widget-wrap elementor-element-populated\">\n\t\t\t\t\t\t\t\t<div class=\"elementor-element elementor-element-1e6dea6 elementor-widget elementor-widget-image\" data-id=\"1e6dea6\" data-element_type=\"widget\" data-widget_type=\"image.default\">\n\t\t\t\t<div class=\"elementor-widget-container\">\n\t\t\t\t\t\t\t\t\t\t\t\t\t\t\t<img loading=\"lazy\" decoding=\"async\" width=\"1024\" height=\"387\" src=\"https:\/\/dlb-aoer.de\/neu-isenburg\/wp-content\/uploads\/sites\/2\/2022\/02\/Starkregen-1024x387.jpg\" class=\"attachment-large size-large wp-image-2635\" alt=\"Gro\u00dfe Pf\u00fctze mit vielen Wassertropfen.\" srcset=\"https:\/\/dlb-aoer.de\/neu-isenburg\/wp-content\/uploads\/sites\/2\/2022\/02\/Starkregen-1024x387.jpg 1024w, https:\/\/dlb-aoer.de\/neu-isenburg\/wp-content\/uploads\/sites\/2\/2022\/02\/Starkregen-300x113.jpg 300w, https:\/\/dlb-aoer.de\/neu-isenburg\/wp-content\/uploads\/sites\/2\/2022\/02\/Starkregen-768x290.jpg 768w, https:\/\/dlb-aoer.de\/neu-isenburg\/wp-content\/uploads\/sites\/2\/2022\/02\/Starkregen-1536x580.jpg 1536w, https:\/\/dlb-aoer.de\/neu-isenburg\/wp-content\/uploads\/sites\/2\/2022\/02\/Starkregen-2048x774.jpg 2048w, https:\/\/dlb-aoer.de\/neu-isenburg\/wp-content\/uploads\/sites\/2\/2022\/02\/Starkregen-830x314.jpg 830w, https:\/\/dlb-aoer.de\/neu-isenburg\/wp-content\/uploads\/sites\/2\/2022\/02\/Starkregen-230x87.jpg 230w, https:\/\/dlb-aoer.de\/neu-isenburg\/wp-content\/uploads\/sites\/2\/2022\/02\/Starkregen-350x132.jpg 350w, https:\/\/dlb-aoer.de\/neu-isenburg\/wp-content\/uploads\/sites\/2\/2022\/02\/Starkregen-480x181.jpg 480w\" sizes=\"auto, (max-width: 1024px) 100vw, 1024px\" \/>\t\t\t\t\t\t\t\t\t\t\t\t\t\t\t<\/div>\n\t\t\t\t<\/div>\n\t\t\t\t\t<\/div>\n\t\t<\/div>\n\t\t\t\t<div class=\"elementor-column elementor-col-50 elementor-inner-column elementor-element elementor-element-46c23e2\" data-id=\"46c23e2\" data-element_type=\"column\">\n\t\t\t<div class=\"elementor-widget-wrap elementor-element-populated\">\n\t\t\t\t\t\t\t\t<div class=\"elementor-element elementor-element-e49a72f elementor-widget elementor-widget-text-editor\" data-id=\"e49a72f\" data-element_type=\"widget\" data-widget_type=\"text-editor.default\">\n\t\t\t\t<div class=\"elementor-widget-container\">\n\t\t\t\t\t\t\t<p><strong style=\"background-color: transparent;\">Ansprechpartner:<\/strong><\/p><p>Fachbereich Stadtentw\u00e4sserung<br \/>Tel. 06102-3702-419<br \/>Fax. 06102-3702-499<\/p><p><a href=\"mailto:stadtentwaesserung@dlb-aoer.de\"><img loading=\"lazy\" decoding=\"async\" class=\"alignnone wp-image-2828\" src=\"https:\/\/dlb-aoer.de\/dreieich\/wp-content\/uploads\/sites\/4\/2022\/08\/Email3.png\" alt=\"E-Mail schreiben\" width=\"45\" height=\"37\" \/><\/a><\/p><p><a href=\"\/neu-isenburg\/wp-content\/uploads\/sites\/2\/2019\/05\/Merkblatt-zu-Rueckstausicherungen_2018.pdf\" target=\"_blank\" rel=\"noopener\">Merkblatt zu R\u00fcckstausicherungen (PDF)\u00a0<\/a><\/p>\t\t\t\t\t\t<\/div>\n\t\t\t\t<\/div>\n\t\t\t\t\t<\/div>\n\t\t<\/div>\n\t\t\t\t\t\t\t<\/div>\n\t\t<\/section>\n\t\t\t\t<section class=\"elementor-section elementor-inner-section elementor-element elementor-element-044365f elementor-section-boxed elementor-section-height-default elementor-section-height-default\" data-id=\"044365f\" data-element_type=\"section\" data-settings=\"{&quot;background_background&quot;:&quot;classic&quot;}\">\n\t\t\t\t\t\t<div class=\"elementor-container elementor-column-gap-default\">\n\t\t\t\t\t<div class=\"elementor-column elementor-col-100 elementor-inner-column elementor-element elementor-element-f6a1d54\" data-id=\"f6a1d54\" data-element_type=\"column\" data-settings=\"{&quot;background_background&quot;:&quot;classic&quot;}\">\n\t\t\t<div class=\"elementor-widget-wrap elementor-element-populated\">\n\t\t\t\t\t\t\t\t<div class=\"elementor-element elementor-element-f011920 elementor-widget elementor-widget-text-editor\" data-id=\"f011920\" data-element_type=\"widget\" data-widget_type=\"text-editor.default\">\n\t\t\t\t<div class=\"elementor-widget-container\">\n\t\t\t\t\t\t\t<p><br \/>Gegen Abwasser im Keller hilft eine funktionst\u00fcchtige R\u00fcckstausicherung, wie Sie auch in der Entw\u00e4sserungssatzung der Stadt Neu-Isenburg vorgeschrieben ist.<br \/>Weitere Infos dazu gehen aus dem\u00a0<a href=\"\/neu-isenburg\/wp-content\/uploads\/sites\/2\/2019\/05\/Merkblatt-zu-Rueckstausicherungen_2018.pdf\" target=\"_blank\" rel=\"noopener\">Merkblatt zu R\u00fcckstausicherungen (PDF)\u00a0<\/a>hervor.<\/p><p>Das Thema R\u00fcckstausicherung ist komplex, es gibt Vieles dabei zu beachten. Das Ingenieurb\u00fcro Aqua-Bautechnik hat auf seiner <a href=\"https:\/\/www.aqua-ing.de\/\">Homepage<\/a>\u00a0ein frei verf\u00fcgbares R\u00fcckstauhandbuch herausgegeben, das sehr zu empfehlen ist.<\/p>\t\t\t\t\t\t<\/div>\n\t\t\t\t<\/div>\n\t\t\t\t\t<\/div>\n\t\t<\/div>\n\t\t\t\t\t\t\t<\/div>\n\t\t<\/section>\n\t\t\t\t<section class=\"elementor-section elementor-inner-section elementor-element elementor-element-7840209 elementor-section-boxed elementor-section-height-default elementor-section-height-default\" data-id=\"7840209\" data-element_type=\"section\" data-settings=\"{&quot;background_background&quot;:&quot;classic&quot;}\">\n\t\t\t\t\t\t<div class=\"elementor-container elementor-column-gap-default\">\n\t\t\t\t\t<div class=\"elementor-column elementor-col-100 elementor-inner-column elementor-element elementor-element-bb76899\" data-id=\"bb76899\" data-element_type=\"column\">\n\t\t\t<div class=\"elementor-widget-wrap elementor-element-populated\">\n\t\t\t\t\t\t\t\t<div class=\"elementor-element elementor-element-e09c65c elementor-widget elementor-widget-heading\" data-id=\"e09c65c\" data-element_type=\"widget\" data-widget_type=\"heading.default\">\n\t\t\t\t<div class=\"elementor-widget-container\">\n\t\t\t<h2 class=\"elementor-heading-title elementor-size-default\">R\u00fcckstausicherung <\/h2>\t\t<\/div>\n\t\t\t\t<\/div>\n\t\t\t\t<div class=\"elementor-element elementor-element-1ceb7a8 elementor-widget elementor-widget-text-editor\" data-id=\"1ceb7a8\" data-element_type=\"widget\" data-widget_type=\"text-editor.default\">\n\t\t\t\t<div class=\"elementor-widget-container\">\n\t\t\t\t\t\t\t<p>Jede Kanal\u00f6ffnung, die unterhalb der Stra\u00dfenoberkante liegt, muss gegen R\u00fcckstau gesichert werden. Ist eine \u00d6ffnung nicht gesichert, kann bei R\u00fcckstau das Abwasser aus dem Kanal hier ins Haus eindringen. Unter \u00d6ffnungen fallen z.B. der Bodenablauf in der Waschk\u00fcche oder anderweitig, der Duschablauf, die Toilettensch\u00fcssel, das Waschbecken. Verschraubte Putz- oder Kontroll\u00f6ffnungen fallen nicht darunter.<\/p><p>Regenfallrohre d\u00fcrfen auf keinen Fall gemeinsam mit \u00d6ffnungen im Keller vor der R\u00fcckstausicherung liegen. (in Flie\u00dfrichtung des Abwassers gesehen) In diesem Fall sollten die Regenfallrohre schnellstm\u00f6glich dort abgehangen und hinter der R\u00fcckstausicherung wieder angeschlossen werden. Im R\u00fcckstaufall verschlie\u00dft n\u00e4mlich die R\u00fcckstauklappe die Leitung. Bei Regen dr\u00fcckt dann das Regenwasser vom Dach \u00fcber die \u00d6ffnungen in den Keller.<\/p><p>Sanit\u00e4re Gegenst\u00e4nde oberhalb der Stra\u00dfenoberkante d\u00fcrfen nicht gemeinsam mit den unterhalb liegenden Gegenst\u00e4nden gegen R\u00fcckstau gesichert werden. B\u00e4der, Toiletten u.\u00e4. im EG oder in h\u00f6heren Stockwerken sollen nicht gegen R\u00fcckstau gesichert werden. Auf keinen Fall darf die R\u00fcckstausicherung in den Hausanschlusskanal vor dem Geb\u00e4ude eingebaut werden, um so das gesamte Abwassersystem des Hauses gemeinsam abzusichern. Sofern sanit\u00e4re Gegenst\u00e4nde im EG oder OG in der Vergangenheit doch gemeinsam mit sanit\u00e4ren Gegenst\u00e4nden im Keller gegen R\u00fcckstau gesichert wurden, muss sichergestellt werden, dass diese Einrichtungen im EG od. OG im R\u00fcckstaufall nicht genutzt werden (also z.B. nicht das WC benutzen). Ansonsten wird das Abwasser aus dem EG oder OG durch die \u00d6ffnungen im Keller ins Haus zur\u00fcckgedr\u00fcckt.<\/p>\t\t\t\t\t\t<\/div>\n\t\t\t\t<\/div>\n\t\t\t\t\t<\/div>\n\t\t<\/div>\n\t\t\t\t\t\t\t<\/div>\n\t\t<\/section>\n\t\t\t\t\t<\/div>\n\t\t<\/div>\n\t\t\t\t\t\t\t<\/div>\n\t\t<\/section>\n\t\t\t\t\t\t\t<\/div>\n\t\t","protected":false},"excerpt":{"rendered":"<p>Ansprechpartner: Fachbereich Stadtentw\u00e4sserungTel. 06102-3702-419Fax. 06102-3702-499 Merkblatt zu R\u00fcckstausicherungen (PDF)\u00a0 Gegen Abwasser im Keller hilft eine funktionst\u00fcchtige R\u00fcckstausicherung, wie Sie auch in der [&hellip;]<\/p>\n","protected":false},"author":2,"featured_media":674,"parent":196,"menu_order":2,"comment_status":"closed","ping_status":"closed","template":"","meta":{"inline_featured_image":false,"footnotes":"","_links_to":"","_links_to_target":""},"class_list":["post-206","page","type-page","status-publish","has-post-thumbnail","hentry"],"yoast_head":"<!-- This site is optimized with the Yoast SEO plugin v21.6 - https:\/\/yoast.com\/wordpress\/plugins\/seo\/ -->\n<title>Abwasser im Keller - DLB Neu-Isenburg<\/title>\n<meta name=\"robots\" content=\"index, follow, max-snippet:-1, max-image-preview:large, max-video-preview:-1\" \/>\n<link rel=\"canonical\" href=\"https:\/\/dlb-aoer.de\/neu-isenburg\/abwasser\/abflussprobleme\/abwasser-im-keller\/\" \/>\n<meta property=\"og:locale\" content=\"de_DE\" \/>\n<meta property=\"og:type\" content=\"article\" \/>\n<meta property=\"og:title\" content=\"Abwasser im Keller - DLB Neu-Isenburg\" \/>\n<meta property=\"og:description\" content=\"Ansprechpartner: Fachbereich Stadtentw\u00e4sserungTel. 06102-3702-419Fax. 06102-3702-499 Merkblatt zu R\u00fcckstausicherungen (PDF)\u00a0 Gegen Abwasser im Keller hilft eine funktionst\u00fcchtige R\u00fcckstausicherung, wie Sie auch in der [&hellip;]\" \/>\n<meta property=\"og:url\" content=\"https:\/\/dlb-aoer.de\/neu-isenburg\/abwasser\/abflussprobleme\/abwasser-im-keller\/\" \/>\n<meta property=\"og:site_name\" content=\"DLB Neu-Isenburg\" \/>\n<meta property=\"article:modified_time\" content=\"2022-08-05T09:24:51+00:00\" \/>\n<meta property=\"og:image\" content=\"https:\/\/dlb-aoer.de\/neu-isenburg\/wp-content\/uploads\/sites\/2\/2019\/05\/Abflussprobleme_Keller.jpg\" \/>\n\t<meta property=\"og:image:width\" content=\"600\" \/>\n\t<meta property=\"og:image:height\" content=\"450\" \/>\n\t<meta property=\"og:image:type\" content=\"image\/jpeg\" \/>\n<meta name=\"twitter:card\" content=\"summary_large_image\" \/>\n<meta name=\"twitter:label1\" content=\"Gesch\u00e4tzte Lesezeit\" \/>\n\t<meta name=\"twitter:data1\" content=\"2\u00a0Minuten\" \/>\n<script type=\"application\/ld+json\" class=\"yoast-schema-graph\">{\"@context\":\"https:\/\/schema.org\",\"@graph\":[{\"@type\":\"WebPage\",\"@id\":\"https:\/\/dlb-aoer.de\/neu-isenburg\/abwasser\/abflussprobleme\/abwasser-im-keller\/\",\"url\":\"https:\/\/dlb-aoer.de\/neu-isenburg\/abwasser\/abflussprobleme\/abwasser-im-keller\/\",\"name\":\"Abwasser im Keller - DLB Neu-Isenburg\",\"isPartOf\":{\"@id\":\"https:\/\/dlb-aoer.de\/neu-isenburg\/#website\"},\"datePublished\":\"2019-05-12T16:32:34+00:00\",\"dateModified\":\"2022-08-05T09:24:51+00:00\",\"breadcrumb\":{\"@id\":\"https:\/\/dlb-aoer.de\/neu-isenburg\/abwasser\/abflussprobleme\/abwasser-im-keller\/#breadcrumb\"},\"inLanguage\":\"de\",\"potentialAction\":[{\"@type\":\"ReadAction\",\"target\":[\"https:\/\/dlb-aoer.de\/neu-isenburg\/abwasser\/abflussprobleme\/abwasser-im-keller\/\"]}]},{\"@type\":\"BreadcrumbList\",\"@id\":\"https:\/\/dlb-aoer.de\/neu-isenburg\/abwasser\/abflussprobleme\/abwasser-im-keller\/#breadcrumb\",\"itemListElement\":[{\"@type\":\"ListItem\",\"position\":1,\"name\":\"Startseite\",\"item\":\"https:\/\/dlb-aoer.de\/neu-isenburg\/\"},{\"@type\":\"ListItem\",\"position\":2,\"name\":\"Abwasser\",\"item\":\"https:\/\/dlb-aoer.de\/neu-isenburg\/abwasser\/\"},{\"@type\":\"ListItem\",\"position\":3,\"name\":\"Abflussprobleme\",\"item\":\"https:\/\/dlb-aoer.de\/neu-isenburg\/abwasser\/abflussprobleme\/\"},{\"@type\":\"ListItem\",\"position\":4,\"name\":\"Abwasser im Keller\"}]},{\"@type\":\"WebSite\",\"@id\":\"https:\/\/dlb-aoer.de\/neu-isenburg\/#website\",\"url\":\"https:\/\/dlb-aoer.de\/neu-isenburg\/\",\"name\":\"DLB Neu-Isenburg\",\"description\":\"\",\"publisher\":{\"@id\":\"https:\/\/dlb-aoer.de\/neu-isenburg\/#organization\"},\"potentialAction\":[{\"@type\":\"SearchAction\",\"target\":{\"@type\":\"EntryPoint\",\"urlTemplate\":\"https:\/\/dlb-aoer.de\/neu-isenburg\/?s={search_term_string}\"},\"query-input\":\"required name=search_term_string\"}],\"inLanguage\":\"de\"},{\"@type\":\"Organization\",\"@id\":\"https:\/\/dlb-aoer.de\/neu-isenburg\/#organization\",\"name\":\"Dienstleistungsbetrieb Dreieich und Neu-Isenburg A\u00f6R\",\"url\":\"https:\/\/dlb-aoer.de\/neu-isenburg\/\",\"logo\":{\"@type\":\"ImageObject\",\"inLanguage\":\"de\",\"@id\":\"https:\/\/dlb-aoer.de\/neu-isenburg\/#\/schema\/logo\/image\/\",\"url\":\"https:\/\/dlb-aoer.de\/neu-isenburg\/wp-content\/uploads\/sites\/2\/2019\/10\/DLB_Logo_orange.svg\",\"contentUrl\":\"https:\/\/dlb-aoer.de\/neu-isenburg\/wp-content\/uploads\/sites\/2\/2019\/10\/DLB_Logo_orange.svg\",\"width\":1,\"height\":1,\"caption\":\"Dienstleistungsbetrieb Dreieich und Neu-Isenburg A\u00f6R\"},\"image\":{\"@id\":\"https:\/\/dlb-aoer.de\/neu-isenburg\/#\/schema\/logo\/image\/\"}}]}<\/script>\n<!-- \/ Yoast SEO plugin. -->","yoast_head_json":{"title":"Abwasser im Keller - DLB Neu-Isenburg","robots":{"index":"index","follow":"follow","max-snippet":"max-snippet:-1","max-image-preview":"max-image-preview:large","max-video-preview":"max-video-preview:-1"},"canonical":"https:\/\/dlb-aoer.de\/neu-isenburg\/abwasser\/abflussprobleme\/abwasser-im-keller\/","og_locale":"de_DE","og_type":"article","og_title":"Abwasser im Keller - DLB Neu-Isenburg","og_description":"Ansprechpartner: Fachbereich Stadtentw\u00e4sserungTel. 06102-3702-419Fax. 06102-3702-499 Merkblatt zu R\u00fcckstausicherungen (PDF)\u00a0 Gegen Abwasser im Keller hilft eine funktionst\u00fcchtige R\u00fcckstausicherung, wie Sie auch in der [&hellip;]","og_url":"https:\/\/dlb-aoer.de\/neu-isenburg\/abwasser\/abflussprobleme\/abwasser-im-keller\/","og_site_name":"DLB Neu-Isenburg","article_modified_time":"2022-08-05T09:24:51+00:00","og_image":[{"width":600,"height":450,"url":"https:\/\/dlb-aoer.de\/neu-isenburg\/wp-content\/uploads\/sites\/2\/2019\/05\/Abflussprobleme_Keller.jpg","type":"image\/jpeg"}],"twitter_card":"summary_large_image","twitter_misc":{"Gesch\u00e4tzte Lesezeit":"2\u00a0Minuten"},"schema":{"@context":"https:\/\/schema.org","@graph":[{"@type":"WebPage","@id":"https:\/\/dlb-aoer.de\/neu-isenburg\/abwasser\/abflussprobleme\/abwasser-im-keller\/","url":"https:\/\/dlb-aoer.de\/neu-isenburg\/abwasser\/abflussprobleme\/abwasser-im-keller\/","name":"Abwasser im Keller - DLB Neu-Isenburg","isPartOf":{"@id":"https:\/\/dlb-aoer.de\/neu-isenburg\/#website"},"datePublished":"2019-05-12T16:32:34+00:00","dateModified":"2022-08-05T09:24:51+00:00","breadcrumb":{"@id":"https:\/\/dlb-aoer.de\/neu-isenburg\/abwasser\/abflussprobleme\/abwasser-im-keller\/#breadcrumb"},"inLanguage":"de","potentialAction":[{"@type":"ReadAction","target":["https:\/\/dlb-aoer.de\/neu-isenburg\/abwasser\/abflussprobleme\/abwasser-im-keller\/"]}]},{"@type":"BreadcrumbList","@id":"https:\/\/dlb-aoer.de\/neu-isenburg\/abwasser\/abflussprobleme\/abwasser-im-keller\/#breadcrumb","itemListElement":[{"@type":"ListItem","position":1,"name":"Startseite","item":"https:\/\/dlb-aoer.de\/neu-isenburg\/"},{"@type":"ListItem","position":2,"name":"Abwasser","item":"https:\/\/dlb-aoer.de\/neu-isenburg\/abwasser\/"},{"@type":"ListItem","position":3,"name":"Abflussprobleme","item":"https:\/\/dlb-aoer.de\/neu-isenburg\/abwasser\/abflussprobleme\/"},{"@type":"ListItem","position":4,"name":"Abwasser im Keller"}]},{"@type":"WebSite","@id":"https:\/\/dlb-aoer.de\/neu-isenburg\/#website","url":"https:\/\/dlb-aoer.de\/neu-isenburg\/","name":"DLB Neu-Isenburg","description":"","publisher":{"@id":"https:\/\/dlb-aoer.de\/neu-isenburg\/#organization"},"potentialAction":[{"@type":"SearchAction","target":{"@type":"EntryPoint","urlTemplate":"https:\/\/dlb-aoer.de\/neu-isenburg\/?s={search_term_string}"},"query-input":"required name=search_term_string"}],"inLanguage":"de"},{"@type":"Organization","@id":"https:\/\/dlb-aoer.de\/neu-isenburg\/#organization","name":"Dienstleistungsbetrieb Dreieich und Neu-Isenburg A\u00f6R","url":"https:\/\/dlb-aoer.de\/neu-isenburg\/","logo":{"@type":"ImageObject","inLanguage":"de","@id":"https:\/\/dlb-aoer.de\/neu-isenburg\/#\/schema\/logo\/image\/","url":"https:\/\/dlb-aoer.de\/neu-isenburg\/wp-content\/uploads\/sites\/2\/2019\/10\/DLB_Logo_orange.svg","contentUrl":"https:\/\/dlb-aoer.de\/neu-isenburg\/wp-content\/uploads\/sites\/2\/2019\/10\/DLB_Logo_orange.svg","width":1,"height":1,"caption":"Dienstleistungsbetrieb Dreieich und Neu-Isenburg A\u00f6R"},"image":{"@id":"https:\/\/dlb-aoer.de\/neu-isenburg\/#\/schema\/logo\/image\/"}}]}},"_links":{"self":[{"href":"https:\/\/dlb-aoer.de\/neu-isenburg\/wp-json\/wp\/v2\/pages\/206","targetHints":{"allow":["GET"]}}],"collection":[{"href":"https:\/\/dlb-aoer.de\/neu-isenburg\/wp-json\/wp\/v2\/pages"}],"about":[{"href":"https:\/\/dlb-aoer.de\/neu-isenburg\/wp-json\/wp\/v2\/types\/page"}],"author":[{"embeddable":true,"href":"https:\/\/dlb-aoer.de\/neu-isenburg\/wp-json\/wp\/v2\/users\/2"}],"replies":[{"embeddable":true,"href":"https:\/\/dlb-aoer.de\/neu-isenburg\/wp-json\/wp\/v2\/comments?post=206"}],"version-history":[{"count":10,"href":"https:\/\/dlb-aoer.de\/neu-isenburg\/wp-json\/wp\/v2\/pages\/206\/revisions"}],"predecessor-version":[{"id":3329,"href":"https:\/\/dlb-aoer.de\/neu-isenburg\/wp-json\/wp\/v2\/pages\/206\/revisions\/3329"}],"up":[{"embeddable":true,"href":"https:\/\/dlb-aoer.de\/neu-isenburg\/wp-json\/wp\/v2\/pages\/196"}],"wp:featuredmedia":[{"embeddable":true,"href":"https:\/\/dlb-aoer.de\/neu-isenburg\/wp-json\/wp\/v2\/media\/674"}],"wp:attachment":[{"href":"https:\/\/dlb-aoer.de\/neu-isenburg\/wp-json\/wp\/v2\/media?parent=206"}],"curies":[{"name":"wp","href":"https:\/\/api.w.org\/{rel}","templated":true}]}}