{"id":196,"date":"2019-05-12T18:30:55","date_gmt":"2019-05-12T16:30:55","guid":{"rendered":"https:\/\/www.dlb-aoer.de\/neu-isenburg\/?page_id=196"},"modified":"2022-08-05T10:56:27","modified_gmt":"2022-08-05T08:56:27","slug":"abflussprobleme","status":"publish","type":"page","link":"https:\/\/dlb-aoer.de\/neu-isenburg\/abwasser\/abflussprobleme\/","title":{"rendered":"Abflussprobleme"},"content":{"rendered":"\t\t<div data-elementor-type=\"wp-post\" data-elementor-id=\"196\" class=\"elementor elementor-196\">\n\t\t\t\t\t\t\t\t\t<section class=\"elementor-section elementor-top-section elementor-element elementor-element-dc019eb elementor-section-stretched elementor-section-boxed elementor-section-height-default elementor-section-height-default\" data-id=\"dc019eb\" data-element_type=\"section\" data-settings=\"{&quot;stretch_section&quot;:&quot;section-stretched&quot;}\">\n\t\t\t\t\t\t<div class=\"elementor-container elementor-column-gap-default\">\n\t\t\t\t\t<div class=\"elementor-column elementor-col-100 elementor-top-column elementor-element elementor-element-fb43156\" data-id=\"fb43156\" data-element_type=\"column\">\n\t\t\t<div class=\"elementor-widget-wrap elementor-element-populated\">\n\t\t\t\t\t\t\t\t<div class=\"elementor-element elementor-element-de13a2f elementor-widget elementor-widget-eael-post-grid\" data-id=\"de13a2f\" data-element_type=\"widget\" data-widget_type=\"eael-post-grid.default\">\n\t\t\t\t<div class=\"elementor-widget-container\">\n\t\t\t\t\t<div id=\"eael-post-grid-de13a2f\" class=\"eael-post-grid-container eael-col-4\">\n\t\t    <div class=\"eael-post-grid eael-post-appender-de13a2f\">\n\t\t\t<article class=\"eael-grid-post eael-post-grid-column\">\n    <div class=\"eael-grid-post-holder\">\n        <div class=\"eael-grid-post-holder-inner\">\n                            <div class=\"eael-entry-medianone\">\n                                            <div class=\"eael-entry-overlay fade-in\">\n                                                            <i class=\"fa fa-long-arrow-right\" aria-hidden=\"true\"><\/i>\n                                                        <a href=\"https:\/\/dlb-aoer.de\/neu-isenburg\/abwasser\/abflussprobleme\/kanalverstopfung\/\"><\/a>\n                        <\/div>\n                    \n                                            <div class=\"eael-entry-thumbnail\">\n                            <img decoding=\"async\" src=\"https:\/\/dlb-aoer.de\/neu-isenburg\/wp-content\/uploads\/sites\/2\/2019\/05\/Abflussprobleme_Kanalverstopfun-550x400.jpg\" alt=\"\">\n                        <\/div>\n                                    <\/div>\n            \n                            <div class=\"eael-entry-wrapper\">\n                    <header class=\"eael-entry-header\">\n                                                    <h2 class=\"eael-entry-title\"><a class=\"eael-grid-post-link\" href=\"https:\/\/dlb-aoer.de\/neu-isenburg\/abwasser\/abflussprobleme\/kanalverstopfung\/\" title=\"Kanalverstopfung\">Kanalverstopfung<\/a><\/h2>\n                        \n                                            <\/header>\n\n                                    <\/div>\n\n                                    <\/div>\n    <\/div>\n<\/article>\n<article class=\"eael-grid-post eael-post-grid-column\">\n    <div class=\"eael-grid-post-holder\">\n        <div class=\"eael-grid-post-holder-inner\">\n                            <div class=\"eael-entry-medianone\">\n                                            <div class=\"eael-entry-overlay fade-in\">\n                                                            <i class=\"fa fa-long-arrow-right\" aria-hidden=\"true\"><\/i>\n                                                        <a href=\"https:\/\/dlb-aoer.de\/neu-isenburg\/abwasser\/abflussprobleme\/abwasser-im-keller\/\"><\/a>\n                        <\/div>\n                    \n                                            <div class=\"eael-entry-thumbnail\">\n                            <img decoding=\"async\" src=\"https:\/\/dlb-aoer.de\/neu-isenburg\/wp-content\/uploads\/sites\/2\/2019\/05\/Abflussprobleme_Keller-550x400.jpg\" alt=\"\">\n                        <\/div>\n                                    <\/div>\n            \n                            <div class=\"eael-entry-wrapper\">\n                    <header class=\"eael-entry-header\">\n                                                    <h2 class=\"eael-entry-title\"><a class=\"eael-grid-post-link\" href=\"https:\/\/dlb-aoer.de\/neu-isenburg\/abwasser\/abflussprobleme\/abwasser-im-keller\/\" title=\"Abwasser im Keller\">Abwasser im Keller<\/a><\/h2>\n                        \n                                            <\/header>\n\n                                    <\/div>\n\n                                    <\/div>\n    <\/div>\n<\/article>\n<article class=\"eael-grid-post eael-post-grid-column\">\n    <div class=\"eael-grid-post-holder\">\n        <div class=\"eael-grid-post-holder-inner\">\n                            <div class=\"eael-entry-medianone\">\n                                            <div class=\"eael-entry-overlay fade-in\">\n                                                            <i class=\"fa fa-long-arrow-right\" aria-hidden=\"true\"><\/i>\n                                                        <a href=\"https:\/\/dlb-aoer.de\/neu-isenburg\/abwasser\/abflussprobleme\/kanalreinigung\/\"><\/a>\n                        <\/div>\n                    \n                                            <div class=\"eael-entry-thumbnail\">\n                            <img decoding=\"async\" src=\"https:\/\/dlb-aoer.de\/neu-isenburg\/wp-content\/uploads\/sites\/2\/2022\/02\/Kanalreinigung-550x400.jpg\" alt=\"Kanlareinigung - Runder Kanalschacht auf der Stra\u00dfe, in den der Schlauch eines Kanalsp\u00fclwagens eingef\u00fchrt wurde.\">\n                        <\/div>\n                                    <\/div>\n            \n                            <div class=\"eael-entry-wrapper\">\n                    <header class=\"eael-entry-header\">\n                                                    <h2 class=\"eael-entry-title\"><a class=\"eael-grid-post-link\" href=\"https:\/\/dlb-aoer.de\/neu-isenburg\/abwasser\/abflussprobleme\/kanalreinigung\/\" title=\"Kanalreinigung\">Kanalreinigung<\/a><\/h2>\n                        \n                                            <\/header>\n\n                                    <\/div>\n\n                                    <\/div>\n    <\/div>\n<\/article>\n<article class=\"eael-grid-post eael-post-grid-column\">\n    <div class=\"eael-grid-post-holder\">\n        <div class=\"eael-grid-post-holder-inner\">\n                            <div class=\"eael-entry-medianone\">\n                                            <div class=\"eael-entry-overlay fade-in\">\n                                                            <i class=\"fa fa-long-arrow-right\" aria-hidden=\"true\"><\/i>\n                                                        <a href=\"https:\/\/dlb-aoer.de\/neu-isenburg\/abwasser\/abflussprobleme\/verstopfte-strassenablaeufe\/\"><\/a>\n                        <\/div>\n                    \n                                            <div class=\"eael-entry-thumbnail\">\n                            <img decoding=\"async\" src=\"https:\/\/dlb-aoer.de\/neu-isenburg\/wp-content\/uploads\/sites\/2\/2022\/09\/drain-4049284_1920-550x400.jpg\" alt=\"Stra\u00dfenablauf\">\n                        <\/div>\n                                    <\/div>\n            \n                            <div class=\"eael-entry-wrapper\">\n                    <header class=\"eael-entry-header\">\n                                                    <h2 class=\"eael-entry-title\"><a class=\"eael-grid-post-link\" href=\"https:\/\/dlb-aoer.de\/neu-isenburg\/abwasser\/abflussprobleme\/verstopfte-strassenablaeufe\/\" title=\"Verstopfte Stra\u00dfenabl\u00e4ufe\">Verstopfte Stra\u00dfenabl\u00e4ufe<\/a><\/h2>\n                        \n                                            <\/header>\n\n                                    <\/div>\n\n                                    <\/div>\n    <\/div>\n<\/article>\n\t\t    <\/div>\n\t\t    <div class=\"clearfix\"><\/div>\n\t\t<\/div>\n\t\t\t\t<\/div>\n\t\t\t\t<\/div>\n\t\t\t\t\t<\/div>\n\t\t<\/div>\n\t\t\t\t\t\t\t<\/div>\n\t\t<\/section>\n\t\t\t\t\t\t\t<\/div>\n\t\t","protected":false},"excerpt":{"rendered":"<p>Tel. 06102-3702-419 oder au\u00dferhalb B\u00fcrozeiten (Notfalltelefon): 06102-3702-140<\/p>\n","protected":false},"author":2,"featured_media":664,"parent":15,"menu_order":1,"comment_status":"closed","ping_status":"closed","template":"","meta":{"inline_featured_image":false,"footnotes":"","_links_to":"","_links_to_target":""},"class_list":["post-196","page","type-page","status-publish","has-post-thumbnail","hentry"],"yoast_head":"<!-- This site is optimized with the Yoast SEO plugin v21.6 - https:\/\/yoast.com\/wordpress\/plugins\/seo\/ -->\n<title>Abflussprobleme - DLB Neu-Isenburg<\/title>\n<meta name=\"robots\" content=\"index, follow, max-snippet:-1, max-image-preview:large, max-video-preview:-1\" \/>\n<link rel=\"canonical\" href=\"https:\/\/dlb-aoer.de\/neu-isenburg\/abwasser\/abflussprobleme\/\" \/>\n<meta property=\"og:locale\" content=\"de_DE\" \/>\n<meta property=\"og:type\" content=\"article\" \/>\n<meta property=\"og:title\" content=\"Abflussprobleme - DLB Neu-Isenburg\" \/>\n<meta property=\"og:description\" content=\"Tel. 06102-3702-419 oder au\u00dferhalb B\u00fcrozeiten (Notfalltelefon): 06102-3702-140\" \/>\n<meta property=\"og:url\" content=\"https:\/\/dlb-aoer.de\/neu-isenburg\/abwasser\/abflussprobleme\/\" \/>\n<meta property=\"og:site_name\" content=\"DLB Neu-Isenburg\" \/>\n<meta property=\"article:modified_time\" content=\"2022-08-05T08:56:27+00:00\" \/>\n<meta property=\"og:image\" content=\"https:\/\/dlb-aoer.de\/neu-isenburg\/wp-content\/uploads\/sites\/2\/2019\/05\/Abwasser_Abflussprobleme.jpg\" \/>\n\t<meta property=\"og:image:width\" content=\"600\" \/>\n\t<meta property=\"og:image:height\" content=\"450\" \/>\n\t<meta property=\"og:image:type\" content=\"image\/jpeg\" \/>\n<meta name=\"twitter:card\" content=\"summary_large_image\" \/>\n<script type=\"application\/ld+json\" class=\"yoast-schema-graph\">{\"@context\":\"https:\/\/schema.org\",\"@graph\":[{\"@type\":\"WebPage\",\"@id\":\"https:\/\/dlb-aoer.de\/neu-isenburg\/abwasser\/abflussprobleme\/\",\"url\":\"https:\/\/dlb-aoer.de\/neu-isenburg\/abwasser\/abflussprobleme\/\",\"name\":\"Abflussprobleme - DLB Neu-Isenburg\",\"isPartOf\":{\"@id\":\"https:\/\/dlb-aoer.de\/neu-isenburg\/#website\"},\"datePublished\":\"2019-05-12T16:30:55+00:00\",\"dateModified\":\"2022-08-05T08:56:27+00:00\",\"breadcrumb\":{\"@id\":\"https:\/\/dlb-aoer.de\/neu-isenburg\/abwasser\/abflussprobleme\/#breadcrumb\"},\"inLanguage\":\"de\",\"potentialAction\":[{\"@type\":\"ReadAction\",\"target\":[\"https:\/\/dlb-aoer.de\/neu-isenburg\/abwasser\/abflussprobleme\/\"]}]},{\"@type\":\"BreadcrumbList\",\"@id\":\"https:\/\/dlb-aoer.de\/neu-isenburg\/abwasser\/abflussprobleme\/#breadcrumb\",\"itemListElement\":[{\"@type\":\"ListItem\",\"position\":1,\"name\":\"Startseite\",\"item\":\"https:\/\/dlb-aoer.de\/neu-isenburg\/\"},{\"@type\":\"ListItem\",\"position\":2,\"name\":\"Abwasser\",\"item\":\"https:\/\/dlb-aoer.de\/neu-isenburg\/abwasser\/\"},{\"@type\":\"ListItem\",\"position\":3,\"name\":\"Abflussprobleme\"}]},{\"@type\":\"WebSite\",\"@id\":\"https:\/\/dlb-aoer.de\/neu-isenburg\/#website\",\"url\":\"https:\/\/dlb-aoer.de\/neu-isenburg\/\",\"name\":\"DLB Neu-Isenburg\",\"description\":\"\",\"publisher\":{\"@id\":\"https:\/\/dlb-aoer.de\/neu-isenburg\/#organization\"},\"potentialAction\":[{\"@type\":\"SearchAction\",\"target\":{\"@type\":\"EntryPoint\",\"urlTemplate\":\"https:\/\/dlb-aoer.de\/neu-isenburg\/?s={search_term_string}\"},\"query-input\":\"required name=search_term_string\"}],\"inLanguage\":\"de\"},{\"@type\":\"Organization\",\"@id\":\"https:\/\/dlb-aoer.de\/neu-isenburg\/#organization\",\"name\":\"Dienstleistungsbetrieb Dreieich und Neu-Isenburg A\u00f6R\",\"url\":\"https:\/\/dlb-aoer.de\/neu-isenburg\/\",\"logo\":{\"@type\":\"ImageObject\",\"inLanguage\":\"de\",\"@id\":\"https:\/\/dlb-aoer.de\/neu-isenburg\/#\/schema\/logo\/image\/\",\"url\":\"https:\/\/dlb-aoer.de\/neu-isenburg\/wp-content\/uploads\/sites\/2\/2019\/10\/DLB_Logo_orange.svg\",\"contentUrl\":\"https:\/\/dlb-aoer.de\/neu-isenburg\/wp-content\/uploads\/sites\/2\/2019\/10\/DLB_Logo_orange.svg\",\"width\":1,\"height\":1,\"caption\":\"Dienstleistungsbetrieb Dreieich und Neu-Isenburg A\u00f6R\"},\"image\":{\"@id\":\"https:\/\/dlb-aoer.de\/neu-isenburg\/#\/schema\/logo\/image\/\"}}]}<\/script>\n<!-- \/ Yoast SEO plugin. -->","yoast_head_json":{"title":"Abflussprobleme - DLB Neu-Isenburg","robots":{"index":"index","follow":"follow","max-snippet":"max-snippet:-1","max-image-preview":"max-image-preview:large","max-video-preview":"max-video-preview:-1"},"canonical":"https:\/\/dlb-aoer.de\/neu-isenburg\/abwasser\/abflussprobleme\/","og_locale":"de_DE","og_type":"article","og_title":"Abflussprobleme - DLB Neu-Isenburg","og_description":"Tel. 06102-3702-419 oder au\u00dferhalb B\u00fcrozeiten (Notfalltelefon): 06102-3702-140","og_url":"https:\/\/dlb-aoer.de\/neu-isenburg\/abwasser\/abflussprobleme\/","og_site_name":"DLB Neu-Isenburg","article_modified_time":"2022-08-05T08:56:27+00:00","og_image":[{"width":600,"height":450,"url":"https:\/\/dlb-aoer.de\/neu-isenburg\/wp-content\/uploads\/sites\/2\/2019\/05\/Abwasser_Abflussprobleme.jpg","type":"image\/jpeg"}],"twitter_card":"summary_large_image","schema":{"@context":"https:\/\/schema.org","@graph":[{"@type":"WebPage","@id":"https:\/\/dlb-aoer.de\/neu-isenburg\/abwasser\/abflussprobleme\/","url":"https:\/\/dlb-aoer.de\/neu-isenburg\/abwasser\/abflussprobleme\/","name":"Abflussprobleme - DLB Neu-Isenburg","isPartOf":{"@id":"https:\/\/dlb-aoer.de\/neu-isenburg\/#website"},"datePublished":"2019-05-12T16:30:55+00:00","dateModified":"2022-08-05T08:56:27+00:00","breadcrumb":{"@id":"https:\/\/dlb-aoer.de\/neu-isenburg\/abwasser\/abflussprobleme\/#breadcrumb"},"inLanguage":"de","potentialAction":[{"@type":"ReadAction","target":["https:\/\/dlb-aoer.de\/neu-isenburg\/abwasser\/abflussprobleme\/"]}]},{"@type":"BreadcrumbList","@id":"https:\/\/dlb-aoer.de\/neu-isenburg\/abwasser\/abflussprobleme\/#breadcrumb","itemListElement":[{"@type":"ListItem","position":1,"name":"Startseite","item":"https:\/\/dlb-aoer.de\/neu-isenburg\/"},{"@type":"ListItem","position":2,"name":"Abwasser","item":"https:\/\/dlb-aoer.de\/neu-isenburg\/abwasser\/"},{"@type":"ListItem","position":3,"name":"Abflussprobleme"}]},{"@type":"WebSite","@id":"https:\/\/dlb-aoer.de\/neu-isenburg\/#website","url":"https:\/\/dlb-aoer.de\/neu-isenburg\/","name":"DLB Neu-Isenburg","description":"","publisher":{"@id":"https:\/\/dlb-aoer.de\/neu-isenburg\/#organization"},"potentialAction":[{"@type":"SearchAction","target":{"@type":"EntryPoint","urlTemplate":"https:\/\/dlb-aoer.de\/neu-isenburg\/?s={search_term_string}"},"query-input":"required name=search_term_string"}],"inLanguage":"de"},{"@type":"Organization","@id":"https:\/\/dlb-aoer.de\/neu-isenburg\/#organization","name":"Dienstleistungsbetrieb Dreieich und Neu-Isenburg A\u00f6R","url":"https:\/\/dlb-aoer.de\/neu-isenburg\/","logo":{"@type":"ImageObject","inLanguage":"de","@id":"https:\/\/dlb-aoer.de\/neu-isenburg\/#\/schema\/logo\/image\/","url":"https:\/\/dlb-aoer.de\/neu-isenburg\/wp-content\/uploads\/sites\/2\/2019\/10\/DLB_Logo_orange.svg","contentUrl":"https:\/\/dlb-aoer.de\/neu-isenburg\/wp-content\/uploads\/sites\/2\/2019\/10\/DLB_Logo_orange.svg","width":1,"height":1,"caption":"Dienstleistungsbetrieb Dreieich und Neu-Isenburg A\u00f6R"},"image":{"@id":"https:\/\/dlb-aoer.de\/neu-isenburg\/#\/schema\/logo\/image\/"}}]}},"_links":{"self":[{"href":"https:\/\/dlb-aoer.de\/neu-isenburg\/wp-json\/wp\/v2\/pages\/196","targetHints":{"allow":["GET"]}}],"collection":[{"href":"https:\/\/dlb-aoer.de\/neu-isenburg\/wp-json\/wp\/v2\/pages"}],"about":[{"href":"https:\/\/dlb-aoer.de\/neu-isenburg\/wp-json\/wp\/v2\/types\/page"}],"author":[{"embeddable":true,"href":"https:\/\/dlb-aoer.de\/neu-isenburg\/wp-json\/wp\/v2\/users\/2"}],"replies":[{"embeddable":true,"href":"https:\/\/dlb-aoer.de\/neu-isenburg\/wp-json\/wp\/v2\/comments?post=196"}],"version-history":[{"count":14,"href":"https:\/\/dlb-aoer.de\/neu-isenburg\/wp-json\/wp\/v2\/pages\/196\/revisions"}],"predecessor-version":[{"id":3325,"href":"https:\/\/dlb-aoer.de\/neu-isenburg\/wp-json\/wp\/v2\/pages\/196\/revisions\/3325"}],"up":[{"embeddable":true,"href":"https:\/\/dlb-aoer.de\/neu-isenburg\/wp-json\/wp\/v2\/pages\/15"}],"wp:featuredmedia":[{"embeddable":true,"href":"https:\/\/dlb-aoer.de\/neu-isenburg\/wp-json\/wp\/v2\/media\/664"}],"wp:attachment":[{"href":"https:\/\/dlb-aoer.de\/neu-isenburg\/wp-json\/wp\/v2\/media?parent=196"}],"curies":[{"name":"wp","href":"https:\/\/api.w.org\/{rel}","templated":true}]}}