{"id":1687,"date":"2021-03-03T11:27:55","date_gmt":"2021-03-03T10:27:55","guid":{"rendered":"https:\/\/dlb-aoer.de\/neu-isenburg\/?page_id=1687"},"modified":"2021-06-22T10:04:07","modified_gmt":"2021-06-22T08:04:07","slug":"k3-hugenottenallee-kreisel","status":"publish","type":"page","link":"https:\/\/dlb-aoer.de\/neu-isenburg\/gruen-spiel-sport\/gruenflaechen\/k3-hugenottenallee-kreisel\/","title":{"rendered":"Kernstadt \u2013 K3-Hugenottenallee\/Kreisel"},"content":{"rendered":"\t\t<div data-elementor-type=\"wp-post\" data-elementor-id=\"1687\" class=\"elementor elementor-1687\">\n\t\t\t\t\t\t\t\t\t<section class=\"elementor-section elementor-top-section elementor-element elementor-element-6860763 elementor-section-boxed elementor-section-height-default elementor-section-height-default\" data-id=\"6860763\" data-element_type=\"section\">\n\t\t\t\t\t\t<div class=\"elementor-container elementor-column-gap-default\">\n\t\t\t\t\t<div class=\"elementor-column elementor-col-100 elementor-top-column elementor-element elementor-element-2374f86\" data-id=\"2374f86\" data-element_type=\"column\">\n\t\t\t<div class=\"elementor-widget-wrap elementor-element-populated\">\n\t\t\t\t\t\t\t\t<div class=\"elementor-element elementor-element-5e778c2 elementor-widget elementor-widget-heading\" data-id=\"5e778c2\" data-element_type=\"widget\" data-widget_type=\"heading.default\">\n\t\t\t\t<div class=\"elementor-widget-container\">\n\t\t\t<h2 class=\"elementor-heading-title elementor-size-default\">Kernstadt \u2013 K3-Hugenottenallee\/Kreisel<\/h2>\t\t<\/div>\n\t\t\t\t<\/div>\n\t\t\t\t<section class=\"elementor-section elementor-inner-section elementor-element elementor-element-bfebca4 elementor-section-boxed elementor-section-height-default elementor-section-height-default\" data-id=\"bfebca4\" data-element_type=\"section\">\n\t\t\t\t\t\t<div class=\"elementor-container elementor-column-gap-default\">\n\t\t\t\t\t<div class=\"elementor-column elementor-col-33 elementor-inner-column elementor-element elementor-element-e0d9c13\" data-id=\"e0d9c13\" data-element_type=\"column\">\n\t\t\t<div class=\"elementor-widget-wrap elementor-element-populated\">\n\t\t\t\t\t\t\t\t<div class=\"elementor-element elementor-element-88be8a4 elementor-widget elementor-widget-image\" data-id=\"88be8a4\" data-element_type=\"widget\" data-widget_type=\"image.default\">\n\t\t\t\t<div class=\"elementor-widget-container\">\n\t\t\t\t\t\t\t\t\t\t\t\t<figure class=\"wp-caption\">\n\t\t\t\t\t\t\t\t\t\t\t<a href=\"https:\/\/dlb-aoer.de\/neu-isenburg\/wp-content\/uploads\/sites\/2\/2021\/04\/K3-Hugenottenallee-Vorher.jpg\" data-elementor-open-lightbox=\"yes\" data-elementor-lightbox-title=\"K3 Hugenottenallee: Vorher\" data-e-action-hash=\"#elementor-action%3Aaction%3Dlightbox%26settings%3DeyJpZCI6MTgzMSwidXJsIjoiaHR0cHM6XC9cL2RsYi1hb2VyLmRlXC9uZXUtaXNlbmJ1cmdcL3dwLWNvbnRlbnRcL3VwbG9hZHNcL3NpdGVzXC8yXC8yMDIxXC8wNFwvSzMtSHVnZW5vdHRlbmFsbGVlLVZvcmhlci5qcGcifQ%3D%3D\">\n\t\t\t\t\t\t\t<img loading=\"lazy\" decoding=\"async\" width=\"591\" height=\"591\" src=\"https:\/\/dlb-aoer.de\/neu-isenburg\/wp-content\/uploads\/sites\/2\/2021\/04\/K3-Hugenottenallee-Vorher.jpg\" class=\"attachment-large size-large wp-image-1831\" alt=\"Erdh\u00fcgel ohne Bepflanzung. In der Mitte ist der H\u00fcgel erg\u00e4nzt mit Natursteinen um die zuk\u00fcnftigen Pflanzfl\u00e4chen h\u00f6her zu legen.\" srcset=\"https:\/\/dlb-aoer.de\/neu-isenburg\/wp-content\/uploads\/sites\/2\/2021\/04\/K3-Hugenottenallee-Vorher.jpg 591w, https:\/\/dlb-aoer.de\/neu-isenburg\/wp-content\/uploads\/sites\/2\/2021\/04\/K3-Hugenottenallee-Vorher-300x300.jpg 300w, https:\/\/dlb-aoer.de\/neu-isenburg\/wp-content\/uploads\/sites\/2\/2021\/04\/K3-Hugenottenallee-Vorher-150x150.jpg 150w, https:\/\/dlb-aoer.de\/neu-isenburg\/wp-content\/uploads\/sites\/2\/2021\/04\/K3-Hugenottenallee-Vorher-230x230.jpg 230w, https:\/\/dlb-aoer.de\/neu-isenburg\/wp-content\/uploads\/sites\/2\/2021\/04\/K3-Hugenottenallee-Vorher-350x350.jpg 350w, https:\/\/dlb-aoer.de\/neu-isenburg\/wp-content\/uploads\/sites\/2\/2021\/04\/K3-Hugenottenallee-Vorher-480x480.jpg 480w\" sizes=\"auto, (max-width: 591px) 100vw, 591px\" \/>\t\t\t\t\t\t\t\t<\/a>\n\t\t\t\t\t\t\t\t\t\t\t<figcaption class=\"widget-image-caption wp-caption-text\">Vorher<\/figcaption>\n\t\t\t\t\t\t\t\t\t\t<\/figure>\n\t\t\t\t\t\t\t\t\t<\/div>\n\t\t\t\t<\/div>\n\t\t\t\t\t<\/div>\n\t\t<\/div>\n\t\t\t\t<div class=\"elementor-column elementor-col-33 elementor-inner-column elementor-element elementor-element-4bba562\" data-id=\"4bba562\" data-element_type=\"column\">\n\t\t\t<div class=\"elementor-widget-wrap elementor-element-populated\">\n\t\t\t\t\t\t\t\t<div class=\"elementor-element elementor-element-02350ce elementor-widget elementor-widget-image\" data-id=\"02350ce\" data-element_type=\"widget\" data-widget_type=\"image.default\">\n\t\t\t\t<div class=\"elementor-widget-container\">\n\t\t\t\t\t\t\t\t\t\t\t\t<figure class=\"wp-caption\">\n\t\t\t\t\t\t\t\t\t\t\t<a href=\"https:\/\/dlb-aoer.de\/neu-isenburg\/wp-content\/uploads\/sites\/2\/2021\/06\/K3-Hugenottenallee-Nachher.jpg\" data-elementor-open-lightbox=\"yes\" data-elementor-lightbox-title=\"K3 Hugenottenallee: Nachher\" data-e-action-hash=\"#elementor-action%3Aaction%3Dlightbox%26settings%3DeyJpZCI6MjA0NSwidXJsIjoiaHR0cHM6XC9cL2RsYi1hb2VyLmRlXC9uZXUtaXNlbmJ1cmdcL3dwLWNvbnRlbnRcL3VwbG9hZHNcL3NpdGVzXC8yXC8yMDIxXC8wNlwvSzMtSHVnZW5vdHRlbmFsbGVlLU5hY2hoZXIuanBnIn0%3D\">\n\t\t\t\t\t\t\t<img loading=\"lazy\" decoding=\"async\" width=\"591\" height=\"591\" src=\"https:\/\/dlb-aoer.de\/neu-isenburg\/wp-content\/uploads\/sites\/2\/2021\/06\/K3-Hugenottenallee-Nachher.jpg\" class=\"attachment-large size-large wp-image-2045\" alt=\"In der Mitte es Kreisverkehrs befindet sich ein h\u00fcgelartiges rundes Beet. Dort bl\u00fchen zahlreiche Stauden in den sch\u00f6nsten Farben.\" srcset=\"https:\/\/dlb-aoer.de\/neu-isenburg\/wp-content\/uploads\/sites\/2\/2021\/06\/K3-Hugenottenallee-Nachher.jpg 591w, https:\/\/dlb-aoer.de\/neu-isenburg\/wp-content\/uploads\/sites\/2\/2021\/06\/K3-Hugenottenallee-Nachher-300x300.jpg 300w, https:\/\/dlb-aoer.de\/neu-isenburg\/wp-content\/uploads\/sites\/2\/2021\/06\/K3-Hugenottenallee-Nachher-150x150.jpg 150w, https:\/\/dlb-aoer.de\/neu-isenburg\/wp-content\/uploads\/sites\/2\/2021\/06\/K3-Hugenottenallee-Nachher-230x230.jpg 230w, https:\/\/dlb-aoer.de\/neu-isenburg\/wp-content\/uploads\/sites\/2\/2021\/06\/K3-Hugenottenallee-Nachher-350x350.jpg 350w, https:\/\/dlb-aoer.de\/neu-isenburg\/wp-content\/uploads\/sites\/2\/2021\/06\/K3-Hugenottenallee-Nachher-480x480.jpg 480w\" sizes=\"auto, (max-width: 591px) 100vw, 591px\" \/>\t\t\t\t\t\t\t\t<\/a>\n\t\t\t\t\t\t\t\t\t\t\t<figcaption class=\"widget-image-caption wp-caption-text\">Nachher<\/figcaption>\n\t\t\t\t\t\t\t\t\t\t<\/figure>\n\t\t\t\t\t\t\t\t\t<\/div>\n\t\t\t\t<\/div>\n\t\t\t\t\t<\/div>\n\t\t<\/div>\n\t\t\t\t<div class=\"elementor-column elementor-col-33 elementor-inner-column elementor-element elementor-element-e766fd3\" data-id=\"e766fd3\" data-element_type=\"column\">\n\t\t\t<div class=\"elementor-widget-wrap\">\n\t\t\t\t\t\t\t\t\t<\/div>\n\t\t<\/div>\n\t\t\t\t\t\t\t<\/div>\n\t\t<\/section>\n\t\t\t\t\t<\/div>\n\t\t<\/div>\n\t\t\t\t\t\t\t<\/div>\n\t\t<\/section>\n\t\t\t\t<section class=\"elementor-section elementor-top-section elementor-element elementor-element-2255b15 elementor-section-boxed elementor-section-height-default elementor-section-height-default\" data-id=\"2255b15\" data-element_type=\"section\">\n\t\t\t\t\t\t<div class=\"elementor-container elementor-column-gap-default\">\n\t\t\t\t\t<div class=\"elementor-column elementor-col-100 elementor-top-column elementor-element elementor-element-364cbe4\" data-id=\"364cbe4\" data-element_type=\"column\">\n\t\t\t<div class=\"elementor-widget-wrap elementor-element-populated\">\n\t\t\t\t\t\t\t\t<div class=\"elementor-element elementor-element-c38e720 elementor-widget elementor-widget-text-editor\" data-id=\"c38e720\" data-element_type=\"widget\" data-widget_type=\"text-editor.default\">\n\t\t\t\t<div class=\"elementor-widget-container\">\n\t\t\t\t\t\t\t<p><span style=\"text-decoration: underline;\"><strong>Neu angelegt in:<\/strong><\/span> 2020<\/p><p><span style=\"text-decoration: underline;\"><strong>Funktion:<\/strong> <\/span>Ansprechendes Entre in die Stadt, Staudenmischpflanzung als Insektenmagnet, F\u00f6rderung biologische Vielfalt<\/p><p><span style=\"text-decoration: underline;\"><strong>Standortbedingungen:<\/strong><\/span><\/p><ul><li>Sonnig<\/li><li>Vertr\u00e4gt l\u00e4nger anhaltende Hitze<\/li><li>Anspruchslos und pflegeleicht<\/li><\/ul><p><span style=\"text-decoration: underline;\"><strong>Pflanzliste verwendeter Pflanzenarten:<\/strong><\/span> \u00dcbersicht als <a href=\"https:\/\/dlb-aoer.de\/neu-isenburg\/wp-content\/uploads\/sites\/2\/2021\/05\/K3-Hugenottenallee_Kreisel.pdf\">PDF-Datei<\/a>.<span style=\"text-decoration: underline;\"><strong><br \/><\/strong><\/span><\/p>\t\t\t\t\t\t<\/div>\n\t\t\t\t<\/div>\n\t\t\t\t\t<\/div>\n\t\t<\/div>\n\t\t\t\t\t\t\t<\/div>\n\t\t<\/section>\n\t\t\t\t\t\t\t<\/div>\n\t\t","protected":false},"excerpt":{"rendered":"<p>Gr\u00fcnfl\u00e4chen mit dem Label Natur Pur k\u00f6nnen hier demn\u00e4chst eingesehen werden. Sie sehen Details zu den Standorten und deren Bepflanzung.<\/p>\n","protected":false},"author":2,"featured_media":1597,"parent":270,"menu_order":6,"comment_status":"closed","ping_status":"closed","template":"elementor_header_footer","meta":{"inline_featured_image":false,"footnotes":"","_links_to":"","_links_to_target":""},"class_list":["post-1687","page","type-page","status-publish","has-post-thumbnail","hentry"],"yoast_head":"<!-- This site is optimized with the Yoast SEO plugin v21.6 - https:\/\/yoast.com\/wordpress\/plugins\/seo\/ -->\n<title>Kernstadt \u2013 K3-Hugenottenallee\/Kreisel - DLB Neu-Isenburg<\/title>\n<meta name=\"robots\" content=\"index, follow, max-snippet:-1, max-image-preview:large, max-video-preview:-1\" \/>\n<link rel=\"canonical\" href=\"https:\/\/dlb-aoer.de\/neu-isenburg\/gruen-spiel-sport\/gruenflaechen\/k3-hugenottenallee-kreisel\/\" \/>\n<meta property=\"og:locale\" content=\"de_DE\" \/>\n<meta property=\"og:type\" content=\"article\" \/>\n<meta property=\"og:title\" content=\"Kernstadt \u2013 K3-Hugenottenallee\/Kreisel - DLB Neu-Isenburg\" \/>\n<meta property=\"og:description\" content=\"Gr\u00fcnfl\u00e4chen mit dem Label Natur Pur k\u00f6nnen hier demn\u00e4chst eingesehen werden. Sie sehen Details zu den Standorten und deren Bepflanzung.\" \/>\n<meta property=\"og:url\" content=\"https:\/\/dlb-aoer.de\/neu-isenburg\/gruen-spiel-sport\/gruenflaechen\/k3-hugenottenallee-kreisel\/\" \/>\n<meta property=\"og:site_name\" content=\"DLB Neu-Isenburg\" \/>\n<meta property=\"article:modified_time\" content=\"2021-06-22T08:04:07+00:00\" \/>\n<meta property=\"og:image\" content=\"https:\/\/dlb-aoer.de\/neu-isenburg\/wp-content\/uploads\/sites\/2\/2020\/12\/4Stauden-Kurt-Schumacher-Stra\u00dfe-e1608717237577.jpg\" \/>\n\t<meta property=\"og:image:width\" content=\"1194\" \/>\n\t<meta property=\"og:image:height\" content=\"1090\" \/>\n\t<meta property=\"og:image:type\" content=\"image\/jpeg\" \/>\n<meta name=\"twitter:card\" content=\"summary_large_image\" \/>\n<script type=\"application\/ld+json\" class=\"yoast-schema-graph\">{\"@context\":\"https:\/\/schema.org\",\"@graph\":[{\"@type\":\"WebPage\",\"@id\":\"https:\/\/dlb-aoer.de\/neu-isenburg\/gruen-spiel-sport\/gruenflaechen\/k3-hugenottenallee-kreisel\/\",\"url\":\"https:\/\/dlb-aoer.de\/neu-isenburg\/gruen-spiel-sport\/gruenflaechen\/k3-hugenottenallee-kreisel\/\",\"name\":\"Kernstadt \u2013 K3-Hugenottenallee\/Kreisel - DLB Neu-Isenburg\",\"isPartOf\":{\"@id\":\"https:\/\/dlb-aoer.de\/neu-isenburg\/#website\"},\"datePublished\":\"2021-03-03T10:27:55+00:00\",\"dateModified\":\"2021-06-22T08:04:07+00:00\",\"breadcrumb\":{\"@id\":\"https:\/\/dlb-aoer.de\/neu-isenburg\/gruen-spiel-sport\/gruenflaechen\/k3-hugenottenallee-kreisel\/#breadcrumb\"},\"inLanguage\":\"de\",\"potentialAction\":[{\"@type\":\"ReadAction\",\"target\":[\"https:\/\/dlb-aoer.de\/neu-isenburg\/gruen-spiel-sport\/gruenflaechen\/k3-hugenottenallee-kreisel\/\"]}]},{\"@type\":\"BreadcrumbList\",\"@id\":\"https:\/\/dlb-aoer.de\/neu-isenburg\/gruen-spiel-sport\/gruenflaechen\/k3-hugenottenallee-kreisel\/#breadcrumb\",\"itemListElement\":[{\"@type\":\"ListItem\",\"position\":1,\"name\":\"Startseite\",\"item\":\"https:\/\/dlb-aoer.de\/neu-isenburg\/\"},{\"@type\":\"ListItem\",\"position\":2,\"name\":\"Gr\u00fcn\/Spiel\/Sport\",\"item\":\"https:\/\/dlb-aoer.de\/neu-isenburg\/gruen-spiel-sport\/\"},{\"@type\":\"ListItem\",\"position\":3,\"name\":\"Gr\u00fcnfl\u00e4chen\",\"item\":\"https:\/\/dlb-aoer.de\/neu-isenburg\/gruen-spiel-sport\/gruenflaechen\/\"},{\"@type\":\"ListItem\",\"position\":4,\"name\":\"Kernstadt \u2013 K3-Hugenottenallee\/Kreisel\"}]},{\"@type\":\"WebSite\",\"@id\":\"https:\/\/dlb-aoer.de\/neu-isenburg\/#website\",\"url\":\"https:\/\/dlb-aoer.de\/neu-isenburg\/\",\"name\":\"DLB Neu-Isenburg\",\"description\":\"\",\"publisher\":{\"@id\":\"https:\/\/dlb-aoer.de\/neu-isenburg\/#organization\"},\"potentialAction\":[{\"@type\":\"SearchAction\",\"target\":{\"@type\":\"EntryPoint\",\"urlTemplate\":\"https:\/\/dlb-aoer.de\/neu-isenburg\/?s={search_term_string}\"},\"query-input\":\"required name=search_term_string\"}],\"inLanguage\":\"de\"},{\"@type\":\"Organization\",\"@id\":\"https:\/\/dlb-aoer.de\/neu-isenburg\/#organization\",\"name\":\"Dienstleistungsbetrieb Dreieich und Neu-Isenburg A\u00f6R\",\"url\":\"https:\/\/dlb-aoer.de\/neu-isenburg\/\",\"logo\":{\"@type\":\"ImageObject\",\"inLanguage\":\"de\",\"@id\":\"https:\/\/dlb-aoer.de\/neu-isenburg\/#\/schema\/logo\/image\/\",\"url\":\"https:\/\/dlb-aoer.de\/neu-isenburg\/wp-content\/uploads\/sites\/2\/2019\/10\/DLB_Logo_orange.svg\",\"contentUrl\":\"https:\/\/dlb-aoer.de\/neu-isenburg\/wp-content\/uploads\/sites\/2\/2019\/10\/DLB_Logo_orange.svg\",\"width\":1,\"height\":1,\"caption\":\"Dienstleistungsbetrieb Dreieich und Neu-Isenburg A\u00f6R\"},\"image\":{\"@id\":\"https:\/\/dlb-aoer.de\/neu-isenburg\/#\/schema\/logo\/image\/\"}}]}<\/script>\n<!-- \/ Yoast SEO plugin. -->","yoast_head_json":{"title":"Kernstadt \u2013 K3-Hugenottenallee\/Kreisel - DLB Neu-Isenburg","robots":{"index":"index","follow":"follow","max-snippet":"max-snippet:-1","max-image-preview":"max-image-preview:large","max-video-preview":"max-video-preview:-1"},"canonical":"https:\/\/dlb-aoer.de\/neu-isenburg\/gruen-spiel-sport\/gruenflaechen\/k3-hugenottenallee-kreisel\/","og_locale":"de_DE","og_type":"article","og_title":"Kernstadt \u2013 K3-Hugenottenallee\/Kreisel - DLB Neu-Isenburg","og_description":"Gr\u00fcnfl\u00e4chen mit dem Label Natur Pur k\u00f6nnen hier demn\u00e4chst eingesehen werden. Sie sehen Details zu den Standorten und deren Bepflanzung.","og_url":"https:\/\/dlb-aoer.de\/neu-isenburg\/gruen-spiel-sport\/gruenflaechen\/k3-hugenottenallee-kreisel\/","og_site_name":"DLB Neu-Isenburg","article_modified_time":"2021-06-22T08:04:07+00:00","og_image":[{"width":1194,"height":1090,"url":"https:\/\/dlb-aoer.de\/neu-isenburg\/wp-content\/uploads\/sites\/2\/2020\/12\/4Stauden-Kurt-Schumacher-Stra\u00dfe-e1608717237577.jpg","type":"image\/jpeg"}],"twitter_card":"summary_large_image","schema":{"@context":"https:\/\/schema.org","@graph":[{"@type":"WebPage","@id":"https:\/\/dlb-aoer.de\/neu-isenburg\/gruen-spiel-sport\/gruenflaechen\/k3-hugenottenallee-kreisel\/","url":"https:\/\/dlb-aoer.de\/neu-isenburg\/gruen-spiel-sport\/gruenflaechen\/k3-hugenottenallee-kreisel\/","name":"Kernstadt \u2013 K3-Hugenottenallee\/Kreisel - DLB Neu-Isenburg","isPartOf":{"@id":"https:\/\/dlb-aoer.de\/neu-isenburg\/#website"},"datePublished":"2021-03-03T10:27:55+00:00","dateModified":"2021-06-22T08:04:07+00:00","breadcrumb":{"@id":"https:\/\/dlb-aoer.de\/neu-isenburg\/gruen-spiel-sport\/gruenflaechen\/k3-hugenottenallee-kreisel\/#breadcrumb"},"inLanguage":"de","potentialAction":[{"@type":"ReadAction","target":["https:\/\/dlb-aoer.de\/neu-isenburg\/gruen-spiel-sport\/gruenflaechen\/k3-hugenottenallee-kreisel\/"]}]},{"@type":"BreadcrumbList","@id":"https:\/\/dlb-aoer.de\/neu-isenburg\/gruen-spiel-sport\/gruenflaechen\/k3-hugenottenallee-kreisel\/#breadcrumb","itemListElement":[{"@type":"ListItem","position":1,"name":"Startseite","item":"https:\/\/dlb-aoer.de\/neu-isenburg\/"},{"@type":"ListItem","position":2,"name":"Gr\u00fcn\/Spiel\/Sport","item":"https:\/\/dlb-aoer.de\/neu-isenburg\/gruen-spiel-sport\/"},{"@type":"ListItem","position":3,"name":"Gr\u00fcnfl\u00e4chen","item":"https:\/\/dlb-aoer.de\/neu-isenburg\/gruen-spiel-sport\/gruenflaechen\/"},{"@type":"ListItem","position":4,"name":"Kernstadt \u2013 K3-Hugenottenallee\/Kreisel"}]},{"@type":"WebSite","@id":"https:\/\/dlb-aoer.de\/neu-isenburg\/#website","url":"https:\/\/dlb-aoer.de\/neu-isenburg\/","name":"DLB Neu-Isenburg","description":"","publisher":{"@id":"https:\/\/dlb-aoer.de\/neu-isenburg\/#organization"},"potentialAction":[{"@type":"SearchAction","target":{"@type":"EntryPoint","urlTemplate":"https:\/\/dlb-aoer.de\/neu-isenburg\/?s={search_term_string}"},"query-input":"required name=search_term_string"}],"inLanguage":"de"},{"@type":"Organization","@id":"https:\/\/dlb-aoer.de\/neu-isenburg\/#organization","name":"Dienstleistungsbetrieb Dreieich und Neu-Isenburg A\u00f6R","url":"https:\/\/dlb-aoer.de\/neu-isenburg\/","logo":{"@type":"ImageObject","inLanguage":"de","@id":"https:\/\/dlb-aoer.de\/neu-isenburg\/#\/schema\/logo\/image\/","url":"https:\/\/dlb-aoer.de\/neu-isenburg\/wp-content\/uploads\/sites\/2\/2019\/10\/DLB_Logo_orange.svg","contentUrl":"https:\/\/dlb-aoer.de\/neu-isenburg\/wp-content\/uploads\/sites\/2\/2019\/10\/DLB_Logo_orange.svg","width":1,"height":1,"caption":"Dienstleistungsbetrieb Dreieich und Neu-Isenburg A\u00f6R"},"image":{"@id":"https:\/\/dlb-aoer.de\/neu-isenburg\/#\/schema\/logo\/image\/"}}]}},"_links":{"self":[{"href":"https:\/\/dlb-aoer.de\/neu-isenburg\/wp-json\/wp\/v2\/pages\/1687","targetHints":{"allow":["GET"]}}],"collection":[{"href":"https:\/\/dlb-aoer.de\/neu-isenburg\/wp-json\/wp\/v2\/pages"}],"about":[{"href":"https:\/\/dlb-aoer.de\/neu-isenburg\/wp-json\/wp\/v2\/types\/page"}],"author":[{"embeddable":true,"href":"https:\/\/dlb-aoer.de\/neu-isenburg\/wp-json\/wp\/v2\/users\/2"}],"replies":[{"embeddable":true,"href":"https:\/\/dlb-aoer.de\/neu-isenburg\/wp-json\/wp\/v2\/comments?post=1687"}],"version-history":[{"count":10,"href":"https:\/\/dlb-aoer.de\/neu-isenburg\/wp-json\/wp\/v2\/pages\/1687\/revisions"}],"predecessor-version":[{"id":2046,"href":"https:\/\/dlb-aoer.de\/neu-isenburg\/wp-json\/wp\/v2\/pages\/1687\/revisions\/2046"}],"up":[{"embeddable":true,"href":"https:\/\/dlb-aoer.de\/neu-isenburg\/wp-json\/wp\/v2\/pages\/270"}],"wp:featuredmedia":[{"embeddable":true,"href":"https:\/\/dlb-aoer.de\/neu-isenburg\/wp-json\/wp\/v2\/media\/1597"}],"wp:attachment":[{"href":"https:\/\/dlb-aoer.de\/neu-isenburg\/wp-json\/wp\/v2\/media?parent=1687"}],"curies":[{"name":"wp","href":"https:\/\/api.w.org\/{rel}","templated":true}]}}