{"id":153,"date":"2019-05-12T18:06:59","date_gmt":"2019-05-12T16:06:59","guid":{"rendered":"https:\/\/www.dlb-aoer.de\/neu-isenburg\/?page_id=153"},"modified":"2026-01-15T09:28:13","modified_gmt":"2026-01-15T08:28:13","slug":"abfallgebuehren","status":"publish","type":"page","link":"https:\/\/dlb-aoer.de\/neu-isenburg\/abfall\/abfallgebuehren\/","title":{"rendered":"Abfallgeb\u00fchren\/ Satzung"},"content":{"rendered":"\t\t<div data-elementor-type=\"wp-post\" data-elementor-id=\"153\" class=\"elementor elementor-153\">\n\t\t\t\t\t\t\t\t\t<section class=\"elementor-section elementor-top-section elementor-element elementor-element-5a5895a elementor-section-stretched elementor-section-boxed elementor-section-height-default elementor-section-height-default\" data-id=\"5a5895a\" data-element_type=\"section\" data-settings=\"{&quot;stretch_section&quot;:&quot;section-stretched&quot;}\">\n\t\t\t\t\t\t<div class=\"elementor-container elementor-column-gap-default\">\n\t\t\t\t\t<div class=\"elementor-column elementor-col-100 elementor-top-column elementor-element elementor-element-6563bd1\" data-id=\"6563bd1\" data-element_type=\"column\">\n\t\t\t<div class=\"elementor-widget-wrap elementor-element-populated\">\n\t\t\t\t\t\t\t\t<section class=\"elementor-section elementor-inner-section elementor-element elementor-element-c91306f border-plus-margin elementor-section-boxed elementor-section-height-default elementor-section-height-default\" data-id=\"c91306f\" data-element_type=\"section\">\n\t\t\t\t\t\t<div class=\"elementor-container elementor-column-gap-default\">\n\t\t\t\t\t<div class=\"elementor-column elementor-col-100 elementor-inner-column elementor-element elementor-element-ec55ed0\" data-id=\"ec55ed0\" data-element_type=\"column\">\n\t\t\t<div class=\"elementor-widget-wrap elementor-element-populated\">\n\t\t\t\t\t\t\t\t<div class=\"elementor-element elementor-element-262cbda elementor-widget elementor-widget-heading\" data-id=\"262cbda\" data-element_type=\"widget\" data-widget_type=\"heading.default\">\n\t\t\t\t<div class=\"elementor-widget-container\">\n\t\t\t<h2 class=\"elementor-heading-title elementor-size-default\">Abfallsatzung<\/h2>\t\t<\/div>\n\t\t\t\t<\/div>\n\t\t\t\t<div class=\"elementor-element elementor-element-61c446b elementor-widget elementor-widget-text-editor\" data-id=\"61c446b\" data-element_type=\"widget\" data-widget_type=\"text-editor.default\">\n\t\t\t\t<div class=\"elementor-widget-container\">\n\t\t\t\t\t\t\t<div class=\"ce_text noborder nomargin block\"><p>Die Abfallwirtschaft der Stadt Neu-Isenburg wird in der\u00a0 <a href=\"https:\/\/dlb-aoer.de\/neu-isenburg\/wp-content\/uploads\/sites\/2\/2026\/01\/Abfallsatzung-Neu-Isenburg-ab-2026-Lesefassung.pdf\">Abfallsatzung<\/a> \u00a0geregelt.<\/p><p>Gem\u00e4\u00df der\u00a0<a href=\"https:\/\/dlb-aoer.de\/neu-isenburg\/wp-content\/uploads\/sites\/2\/2026\/01\/Abfallsatzung-Neu-Isenburg-ab-2026-Lesefassung.pdf\">Abfallsatzung<\/a> der Stadt Neu-Isenburg h\u00e4ngt die H\u00f6he Ihrer Abfallgeb\u00fchr von der Gr\u00f6\u00dfe des von Ihnen genutzten Hausm\u00fcllgef\u00e4\u00dfes ab. Dieses muss mit einem Chip und einem Etikett versehen sein.<\/p><\/div>\t\t\t\t\t\t<\/div>\n\t\t\t\t<\/div>\n\t\t\t\t\t<\/div>\n\t\t<\/div>\n\t\t\t\t\t\t\t<\/div>\n\t\t<\/section>\n\t\t\t\t\t<\/div>\n\t\t<\/div>\n\t\t\t\t\t\t\t<\/div>\n\t\t<\/section>\n\t\t\t\t<section class=\"elementor-section elementor-top-section elementor-element elementor-element-8f5018e elementor-section-stretched elementor-section-boxed elementor-section-height-default elementor-section-height-default\" data-id=\"8f5018e\" data-element_type=\"section\" data-settings=\"{&quot;stretch_section&quot;:&quot;section-stretched&quot;}\">\n\t\t\t\t\t\t<div class=\"elementor-container elementor-column-gap-default\">\n\t\t\t\t\t<div class=\"elementor-column elementor-col-100 elementor-top-column elementor-element elementor-element-4f1a851 border-plus-margin\" data-id=\"4f1a851\" data-element_type=\"column\">\n\t\t\t<div class=\"elementor-widget-wrap elementor-element-populated\">\n\t\t\t\t\t\t\t\t<div class=\"elementor-element elementor-element-2082f9e elementor-widget elementor-widget-heading\" data-id=\"2082f9e\" data-element_type=\"widget\" data-widget_type=\"heading.default\">\n\t\t\t\t<div class=\"elementor-widget-container\">\n\t\t\t<h2 class=\"elementor-heading-title elementor-size-default\">Abfallgeb\u00fchren<\/h2>\t\t<\/div>\n\t\t\t\t<\/div>\n\t\t\t\t<section class=\"elementor-section elementor-inner-section elementor-element elementor-element-6038fc9 elementor-section-boxed elementor-section-height-default elementor-section-height-default\" data-id=\"6038fc9\" data-element_type=\"section\">\n\t\t\t\t\t\t<div class=\"elementor-container elementor-column-gap-default\">\n\t\t\t\t\t<div class=\"elementor-column elementor-col-100 elementor-inner-column elementor-element elementor-element-b7cd40f\" data-id=\"b7cd40f\" data-element_type=\"column\">\n\t\t\t<div class=\"elementor-widget-wrap elementor-element-populated\">\n\t\t\t\t\t\t\t\t<div class=\"elementor-element elementor-element-07d13cf elementor-widget elementor-widget-text-editor\" data-id=\"07d13cf\" data-element_type=\"widget\" data-widget_type=\"text-editor.default\">\n\t\t\t\t<div class=\"elementor-widget-container\">\n\t\t\t\t\t\t\t<h5><strong>Entsorgungsgeb\u00fchr ab 01.01.2026<\/strong><\/h5>\n<table>\n<tbody>\n<tr align=\"left\">\n<td>&nbsp;<\/td>\n<td>&nbsp;<\/td>\n<\/tr>\n<tr align=\"left\">\n<td><table style=\"background-color: rgb(242, 242, 242); width: 414.208px;\"><tbody><tr align=\"left\"><td>40 Liter<\/td><td>6,39 \u20ac\/Monat &#8211; bei 14t\u00e4glicher Leerung<\/td><\/tr><tr align=\"left\"><td>60 Liter<\/td><td>9,59 \u20ac\/Monat \u2013 bei 14t\u00e4glicher Leerung<\/td><\/tr><tr align=\"left\"><td>80 Liter<\/td><td>12,78 \u20ac\/Monat \u2013 bei 14t\u00e4glicher Leerung<\/td><\/tr><tr align=\"left\"><td>120 Liter<\/td><td>19,18 \u20ac\/Monat \u2013 bei 14t\u00e4glicher Leerung<\/td><\/tr><tr align=\"left\"><td>240 Liter<\/td><td>38,36 \u20ac\/Monat \u2013 bei 14t\u00e4glicher Leerung<\/td><\/tr><tr align=\"left\"><td>&nbsp;<\/td><td>76,72 \u20ac\/Monat \u2013 bei w\u00f6chentlicher Leerung<\/td><\/tr><tr align=\"left\"><td><span style=\"font-weight: 600;\">Container<\/span><\/td><td>&nbsp;<\/td><\/tr><tr align=\"left\"><td>770 Liter<\/td><td>123,07 \u20ac\/Monat \u2013 bei 14t\u00e4glicher Leerung<\/td><\/tr><tr align=\"left\"><td>&nbsp;<\/td><td>246,14 \u20ac\/Monat \u2013 bei w\u00f6chentlicher Leerung<\/td><\/tr><tr align=\"left\"><td>1.100 Liter<\/td><td>175,81 \u20ac\/Monat \u2013 bei 14t\u00e4glicher Leerung<\/td><\/tr><tr align=\"left\"><td>&nbsp;<\/td><td>351,62 \u20ac\/Monat \u2013 bei w\u00f6chentlicher Leerung<br><br><\/td><\/tr><\/tbody><\/table><\/td><td><br><\/td><\/tr>\n<\/tbody>\n<\/table>\t\t\t\t\t\t<\/div>\n\t\t\t\t<\/div>\n\t\t\t\t\t<\/div>\n\t\t<\/div>\n\t\t\t\t\t\t\t<\/div>\n\t\t<\/section>\n\t\t\t\t<div class=\"elementor-element elementor-element-d4cb7be elementor-widget elementor-widget-toggle\" data-id=\"d4cb7be\" data-element_type=\"widget\" data-widget_type=\"toggle.default\">\n\t\t\t\t<div class=\"elementor-widget-container\">\n\t\t\t\t\t<div class=\"elementor-toggle\">\n\t\t\t\t\t\t\t<div class=\"elementor-toggle-item\">\n\t\t\t\t\t<div id=\"elementor-tab-title-2231\" class=\"elementor-tab-title\" data-tab=\"1\" role=\"button\" aria-controls=\"elementor-tab-content-2231\" aria-expanded=\"false\">\n\t\t\t\t\t\t\t\t\t\t\t\t<span class=\"elementor-toggle-icon elementor-toggle-icon-left\" aria-hidden=\"true\">\n\t\t\t\t\t\t\t\t\t\t\t\t\t\t\t<span class=\"elementor-toggle-icon-closed\"><i class=\"fas fa-caret-right\"><\/i><\/span>\n\t\t\t\t\t\t\t\t<span class=\"elementor-toggle-icon-opened\"><i class=\"elementor-toggle-icon-opened fas fa-caret-up\"><\/i><\/span>\n\t\t\t\t\t\t\t\t\t\t\t\t\t<\/span>\n\t\t\t\t\t\t\t\t\t\t\t\t<a class=\"elementor-toggle-title\" tabindex=\"0\">Entsorgungsgeb\u00fchr bis 31.12.2025<\/a>\n\t\t\t\t\t<\/div>\n\n\t\t\t\t\t<div id=\"elementor-tab-content-2231\" class=\"elementor-tab-content elementor-clearfix\" data-tab=\"1\" role=\"region\" aria-labelledby=\"elementor-tab-title-2231\"><p>\u00a0<\/p><table style=\"background-color: #f2f2f2; width: 414.208px;\"><tbody><tr align=\"left\"><td>40 Liter<\/td><td>6,04 \u20ac\/Monat &#8211; bei 14t\u00e4glicherLeerung<\/td><\/tr><tr align=\"left\"><td>60 Liter<\/td><td>9,06 \u20ac\/Monat \u2013 bei 14t\u00e4glicher Leerung<\/td><\/tr><tr align=\"left\"><td>80 Liter<\/td><td>12,08 \u20ac\/Monat \u2013 bei 14t\u00e4glicher Leerung<\/td><\/tr><tr align=\"left\"><td>120 Liter<\/td><td>18,12 \u20ac\/Monat \u2013 bei 14t\u00e4glicher Leerung<\/td><\/tr><tr align=\"left\"><td>240 Liter<\/td><td>36,24 \u20ac\/Monat \u2013 bei 14t\u00e4glicher Leerung<\/td><\/tr><tr align=\"left\"><td>\u00a0<\/td><td>72,48 \u20ac\/Monat \u2013 bei w\u00f6chentlicher Leerung<\/td><\/tr><tr align=\"left\"><td><span style=\"font-weight: 600;\">Container<\/span><\/td><td>\u00a0<\/td><\/tr><tr align=\"left\"><td>770 Liter<\/td><td>116,27 \u20ac\/Monat \u2013 bei 14t\u00e4glicher Leerung<\/td><\/tr><tr align=\"left\"><td>\u00a0<\/td><td>232,54 \u20ac\/Monat \u2013 bei w\u00f6chentlicher Leerung<\/td><\/tr><tr align=\"left\"><td>1.100 Liter<\/td><td>166,10 \u20ac\/Monat \u2013 bei 14t\u00e4glicher Leerung<\/td><\/tr><tr align=\"left\"><td>\u00a0<\/td><td>332,20 \u20ac\/Monat \u2013 bei w\u00f6chentlicher Leerung<\/td><\/tr><\/tbody><\/table><\/div>\n\t\t\t\t<\/div>\n\t\t\t\t\t\t\t\t<\/div>\n\t\t\t\t<\/div>\n\t\t\t\t<\/div>\n\t\t\t\t<div class=\"elementor-element elementor-element-dcbe12c elementor-widget elementor-widget-text-editor\" data-id=\"dcbe12c\" data-element_type=\"widget\" data-widget_type=\"text-editor.default\">\n\t\t\t\t<div class=\"elementor-widget-container\">\n\t\t\t\t\t\t\t<div>\u00a0<\/div><div class=\"clearing\">Fragen zu Abfallgeb\u00fchren beantworten wir Ihnen gerne unter der 06102 \/ 3702-349.<\/div><div class=\"clearing\">Fragen zu Ihren Geb\u00fchrenbescheiden und deren Berechnung werden Ihnen unter der Tel.Nr. 06102 \/ 241-0, Fachbereich Finanzen, Steuerabteilung der Stadt Neu-Isenburg beantwortet.<\/div>\t\t\t\t\t\t<\/div>\n\t\t\t\t<\/div>\n\t\t\t\t\t<\/div>\n\t\t<\/div>\n\t\t\t\t\t\t\t<\/div>\n\t\t<\/section>\n\t\t\t\t<section class=\"elementor-section elementor-top-section elementor-element elementor-element-47645b1 elementor-section-stretched elementor-section-boxed elementor-section-height-default elementor-section-height-default\" data-id=\"47645b1\" data-element_type=\"section\" data-settings=\"{&quot;stretch_section&quot;:&quot;section-stretched&quot;}\">\n\t\t\t\t\t\t<div class=\"elementor-container elementor-column-gap-default\">\n\t\t\t\t\t<div class=\"elementor-column elementor-col-100 elementor-top-column elementor-element elementor-element-5d1daed\" data-id=\"5d1daed\" data-element_type=\"column\">\n\t\t\t<div class=\"elementor-widget-wrap elementor-element-populated\">\n\t\t\t\t\t\t\t\t<section class=\"elementor-section elementor-inner-section elementor-element elementor-element-9b086b0 border-plus-margin elementor-section-boxed elementor-section-height-default elementor-section-height-default\" data-id=\"9b086b0\" data-element_type=\"section\">\n\t\t\t\t\t\t<div class=\"elementor-container elementor-column-gap-default\">\n\t\t\t\t\t<div class=\"elementor-column elementor-col-100 elementor-inner-column elementor-element elementor-element-ae4d48e\" data-id=\"ae4d48e\" data-element_type=\"column\">\n\t\t\t<div class=\"elementor-widget-wrap elementor-element-populated\">\n\t\t\t\t\t\t\t\t<div class=\"elementor-element elementor-element-2d7a9e3 elementor-widget elementor-widget-heading\" data-id=\"2d7a9e3\" data-element_type=\"widget\" data-widget_type=\"heading.default\">\n\t\t\t\t<div class=\"elementor-widget-container\">\n\t\t\t<h2 class=\"elementor-heading-title elementor-size-default\">Sonderleerung<\/h2>\t\t<\/div>\n\t\t\t\t<\/div>\n\t\t\t\t<div class=\"elementor-element elementor-element-f39dfee elementor-widget elementor-widget-text-editor\" data-id=\"f39dfee\" data-element_type=\"widget\" data-widget_type=\"text-editor.default\">\n\t\t\t\t<div class=\"elementor-widget-container\">\n\t\t\t\t\t\t\t<div>Sollte eine Leerung des Restm\u00fcllgef\u00e4\u00dfes au\u00dferhalb des regul\u00e4ren Leerungsrhythmus erfolgen, so werden Geb\u00fchren f\u00fcr eine Sonderleerung erhoben. Eine solche Sonderleerung muss schriftlich bei der DLB Dreieich und Neu-Isenburg A\u00f6R beantragt werden.<\/div><div>\u00a0<\/div><div class=\"ce_text noborder nomargin block\">Die Geb\u00fchr f\u00fcr eine einmalige Sonderleerung betr\u00e4gt:<\/div><div class=\"ce_text noborder nominheight block\"><table><tbody><tr><td>bis 240 Liter<\/td><td align=\"right\">20,00 \u20ac<\/td><\/tr><tr><td>770 Liter<\/td><td align=\"right\">85,00 \u20ac<\/td><\/tr><tr><td>1.100 Liter<\/td><td align=\"right\">85,00 \u20ac<\/td><\/tr><\/tbody><\/table><p>Fragen zu Sonderleerungen beantworten wir Ihnen gerne unter der 06102 \/ 3702-349.<\/p><\/div>\t\t\t\t\t\t<\/div>\n\t\t\t\t<\/div>\n\t\t\t\t\t<\/div>\n\t\t<\/div>\n\t\t\t\t\t\t\t<\/div>\n\t\t<\/section>\n\t\t\t\t<section class=\"elementor-section elementor-inner-section elementor-element elementor-element-48d0d92 border-plus-margin elementor-section-boxed elementor-section-height-default elementor-section-height-default\" data-id=\"48d0d92\" data-element_type=\"section\">\n\t\t\t\t\t\t<div class=\"elementor-container elementor-column-gap-default\">\n\t\t\t\t\t<div class=\"elementor-column elementor-col-100 elementor-inner-column elementor-element elementor-element-ac78c02\" data-id=\"ac78c02\" data-element_type=\"column\">\n\t\t\t<div class=\"elementor-widget-wrap elementor-element-populated\">\n\t\t\t\t\t\t\t\t<div class=\"elementor-element elementor-element-8fcd40d elementor-widget elementor-widget-heading\" data-id=\"8fcd40d\" data-element_type=\"widget\" data-widget_type=\"heading.default\">\n\t\t\t\t<div class=\"elementor-widget-container\">\n\t\t\t<h2 class=\"elementor-heading-title elementor-size-default\">Zus\u00e4tzliche Biotonne<\/h2>\t\t<\/div>\n\t\t\t\t<\/div>\n\t\t\t\t<div class=\"elementor-element elementor-element-6354288 elementor-widget elementor-widget-text-editor\" data-id=\"6354288\" data-element_type=\"widget\" data-widget_type=\"text-editor.default\">\n\t\t\t\t<div class=\"elementor-widget-container\">\n\t\t\t\t\t\t\t<div class=\"ce_text noborder nominheight block\"><p>Die Regelausstattung mit Biotonnen ist kostenlos. F\u00fcr die auf Wunsch des Anschlusspflichtigen \u00fcber die Regelausstattung hinaus zugeteilten Bio-Tonnen werden folgende zus\u00e4tzlichen Geb\u00fchren erhoben:\u00a0<\/p><p>120 Liter 4,50 \u20ac\/Monat<br \/>240 Liter 9,00 \u20ac\/Monat<\/p><p>Fragen zur zus\u00e4tzlichen Biotonne beantworten wir Ihnen gerne unter der 06102 \/ 3702-349.<\/p><\/div>\t\t\t\t\t\t<\/div>\n\t\t\t\t<\/div>\n\t\t\t\t\t<\/div>\n\t\t<\/div>\n\t\t\t\t\t\t\t<\/div>\n\t\t<\/section>\n\t\t\t\t\t<\/div>\n\t\t<\/div>\n\t\t\t\t\t\t\t<\/div>\n\t\t<\/section>\n\t\t\t\t\t\t\t<\/div>\n\t\t","protected":false},"excerpt":{"rendered":"<p>Hier finden Sie die aktuellen Abfallgeb\u00fchren.<\/p>\n","protected":false},"author":2,"featured_media":3360,"parent":13,"menu_order":6,"comment_status":"closed","ping_status":"closed","template":"","meta":{"inline_featured_image":false,"footnotes":"","_links_to":"","_links_to_target":""},"class_list":["post-153","page","type-page","status-publish","has-post-thumbnail","hentry"],"yoast_head":"<!-- This site is optimized with the Yoast SEO plugin v21.6 - https:\/\/yoast.com\/wordpress\/plugins\/seo\/ -->\n<title>Abfallgeb\u00fchren\/ Satzung - DLB Neu-Isenburg<\/title>\n<meta name=\"robots\" content=\"index, follow, max-snippet:-1, max-image-preview:large, max-video-preview:-1\" \/>\n<link rel=\"canonical\" href=\"https:\/\/dlb-aoer.de\/neu-isenburg\/abfall\/abfallgebuehren\/\" \/>\n<meta property=\"og:locale\" content=\"de_DE\" \/>\n<meta property=\"og:type\" content=\"article\" \/>\n<meta property=\"og:title\" content=\"Abfallgeb\u00fchren\/ Satzung - DLB Neu-Isenburg\" \/>\n<meta property=\"og:description\" content=\"Hier finden Sie die aktuellen Abfallgeb\u00fchren.\" \/>\n<meta property=\"og:url\" content=\"https:\/\/dlb-aoer.de\/neu-isenburg\/abfall\/abfallgebuehren\/\" \/>\n<meta property=\"og:site_name\" content=\"DLB Neu-Isenburg\" \/>\n<meta property=\"article:modified_time\" content=\"2026-01-15T08:28:13+00:00\" \/>\n<meta property=\"og:image\" content=\"https:\/\/dlb-aoer.de\/neu-isenburg\/wp-content\/uploads\/sites\/2\/2022\/08\/Geb\u00fchren.jpg\" \/>\n\t<meta property=\"og:image:width\" content=\"1920\" \/>\n\t<meta property=\"og:image:height\" content=\"1441\" \/>\n\t<meta property=\"og:image:type\" content=\"image\/jpeg\" \/>\n<meta name=\"twitter:card\" content=\"summary_large_image\" \/>\n<meta name=\"twitter:label1\" content=\"Gesch\u00e4tzte Lesezeit\" \/>\n\t<meta name=\"twitter:data1\" content=\"2\u00a0Minuten\" \/>\n<script type=\"application\/ld+json\" class=\"yoast-schema-graph\">{\"@context\":\"https:\/\/schema.org\",\"@graph\":[{\"@type\":\"WebPage\",\"@id\":\"https:\/\/dlb-aoer.de\/neu-isenburg\/abfall\/abfallgebuehren\/\",\"url\":\"https:\/\/dlb-aoer.de\/neu-isenburg\/abfall\/abfallgebuehren\/\",\"name\":\"Abfallgeb\u00fchren\/ Satzung - DLB Neu-Isenburg\",\"isPartOf\":{\"@id\":\"https:\/\/dlb-aoer.de\/neu-isenburg\/#website\"},\"datePublished\":\"2019-05-12T16:06:59+00:00\",\"dateModified\":\"2026-01-15T08:28:13+00:00\",\"breadcrumb\":{\"@id\":\"https:\/\/dlb-aoer.de\/neu-isenburg\/abfall\/abfallgebuehren\/#breadcrumb\"},\"inLanguage\":\"de\",\"potentialAction\":[{\"@type\":\"ReadAction\",\"target\":[\"https:\/\/dlb-aoer.de\/neu-isenburg\/abfall\/abfallgebuehren\/\"]}]},{\"@type\":\"BreadcrumbList\",\"@id\":\"https:\/\/dlb-aoer.de\/neu-isenburg\/abfall\/abfallgebuehren\/#breadcrumb\",\"itemListElement\":[{\"@type\":\"ListItem\",\"position\":1,\"name\":\"Startseite\",\"item\":\"https:\/\/dlb-aoer.de\/neu-isenburg\/\"},{\"@type\":\"ListItem\",\"position\":2,\"name\":\"Abfall\",\"item\":\"https:\/\/dlb-aoer.de\/neu-isenburg\/abfall\/\"},{\"@type\":\"ListItem\",\"position\":3,\"name\":\"Abfallgeb\u00fchren\/ Satzung\"}]},{\"@type\":\"WebSite\",\"@id\":\"https:\/\/dlb-aoer.de\/neu-isenburg\/#website\",\"url\":\"https:\/\/dlb-aoer.de\/neu-isenburg\/\",\"name\":\"DLB Neu-Isenburg\",\"description\":\"\",\"publisher\":{\"@id\":\"https:\/\/dlb-aoer.de\/neu-isenburg\/#organization\"},\"potentialAction\":[{\"@type\":\"SearchAction\",\"target\":{\"@type\":\"EntryPoint\",\"urlTemplate\":\"https:\/\/dlb-aoer.de\/neu-isenburg\/?s={search_term_string}\"},\"query-input\":\"required name=search_term_string\"}],\"inLanguage\":\"de\"},{\"@type\":\"Organization\",\"@id\":\"https:\/\/dlb-aoer.de\/neu-isenburg\/#organization\",\"name\":\"Dienstleistungsbetrieb Dreieich und Neu-Isenburg A\u00f6R\",\"url\":\"https:\/\/dlb-aoer.de\/neu-isenburg\/\",\"logo\":{\"@type\":\"ImageObject\",\"inLanguage\":\"de\",\"@id\":\"https:\/\/dlb-aoer.de\/neu-isenburg\/#\/schema\/logo\/image\/\",\"url\":\"https:\/\/dlb-aoer.de\/neu-isenburg\/wp-content\/uploads\/sites\/2\/2019\/10\/DLB_Logo_orange.svg\",\"contentUrl\":\"https:\/\/dlb-aoer.de\/neu-isenburg\/wp-content\/uploads\/sites\/2\/2019\/10\/DLB_Logo_orange.svg\",\"width\":1,\"height\":1,\"caption\":\"Dienstleistungsbetrieb Dreieich und Neu-Isenburg A\u00f6R\"},\"image\":{\"@id\":\"https:\/\/dlb-aoer.de\/neu-isenburg\/#\/schema\/logo\/image\/\"}}]}<\/script>\n<!-- \/ Yoast SEO plugin. -->","yoast_head_json":{"title":"Abfallgeb\u00fchren\/ Satzung - DLB Neu-Isenburg","robots":{"index":"index","follow":"follow","max-snippet":"max-snippet:-1","max-image-preview":"max-image-preview:large","max-video-preview":"max-video-preview:-1"},"canonical":"https:\/\/dlb-aoer.de\/neu-isenburg\/abfall\/abfallgebuehren\/","og_locale":"de_DE","og_type":"article","og_title":"Abfallgeb\u00fchren\/ Satzung - DLB Neu-Isenburg","og_description":"Hier finden Sie die aktuellen Abfallgeb\u00fchren.","og_url":"https:\/\/dlb-aoer.de\/neu-isenburg\/abfall\/abfallgebuehren\/","og_site_name":"DLB Neu-Isenburg","article_modified_time":"2026-01-15T08:28:13+00:00","og_image":[{"width":1920,"height":1441,"url":"https:\/\/dlb-aoer.de\/neu-isenburg\/wp-content\/uploads\/sites\/2\/2022\/08\/Geb\u00fchren.jpg","type":"image\/jpeg"}],"twitter_card":"summary_large_image","twitter_misc":{"Gesch\u00e4tzte Lesezeit":"2\u00a0Minuten"},"schema":{"@context":"https:\/\/schema.org","@graph":[{"@type":"WebPage","@id":"https:\/\/dlb-aoer.de\/neu-isenburg\/abfall\/abfallgebuehren\/","url":"https:\/\/dlb-aoer.de\/neu-isenburg\/abfall\/abfallgebuehren\/","name":"Abfallgeb\u00fchren\/ Satzung - DLB Neu-Isenburg","isPartOf":{"@id":"https:\/\/dlb-aoer.de\/neu-isenburg\/#website"},"datePublished":"2019-05-12T16:06:59+00:00","dateModified":"2026-01-15T08:28:13+00:00","breadcrumb":{"@id":"https:\/\/dlb-aoer.de\/neu-isenburg\/abfall\/abfallgebuehren\/#breadcrumb"},"inLanguage":"de","potentialAction":[{"@type":"ReadAction","target":["https:\/\/dlb-aoer.de\/neu-isenburg\/abfall\/abfallgebuehren\/"]}]},{"@type":"BreadcrumbList","@id":"https:\/\/dlb-aoer.de\/neu-isenburg\/abfall\/abfallgebuehren\/#breadcrumb","itemListElement":[{"@type":"ListItem","position":1,"name":"Startseite","item":"https:\/\/dlb-aoer.de\/neu-isenburg\/"},{"@type":"ListItem","position":2,"name":"Abfall","item":"https:\/\/dlb-aoer.de\/neu-isenburg\/abfall\/"},{"@type":"ListItem","position":3,"name":"Abfallgeb\u00fchren\/ Satzung"}]},{"@type":"WebSite","@id":"https:\/\/dlb-aoer.de\/neu-isenburg\/#website","url":"https:\/\/dlb-aoer.de\/neu-isenburg\/","name":"DLB Neu-Isenburg","description":"","publisher":{"@id":"https:\/\/dlb-aoer.de\/neu-isenburg\/#organization"},"potentialAction":[{"@type":"SearchAction","target":{"@type":"EntryPoint","urlTemplate":"https:\/\/dlb-aoer.de\/neu-isenburg\/?s={search_term_string}"},"query-input":"required name=search_term_string"}],"inLanguage":"de"},{"@type":"Organization","@id":"https:\/\/dlb-aoer.de\/neu-isenburg\/#organization","name":"Dienstleistungsbetrieb Dreieich und Neu-Isenburg A\u00f6R","url":"https:\/\/dlb-aoer.de\/neu-isenburg\/","logo":{"@type":"ImageObject","inLanguage":"de","@id":"https:\/\/dlb-aoer.de\/neu-isenburg\/#\/schema\/logo\/image\/","url":"https:\/\/dlb-aoer.de\/neu-isenburg\/wp-content\/uploads\/sites\/2\/2019\/10\/DLB_Logo_orange.svg","contentUrl":"https:\/\/dlb-aoer.de\/neu-isenburg\/wp-content\/uploads\/sites\/2\/2019\/10\/DLB_Logo_orange.svg","width":1,"height":1,"caption":"Dienstleistungsbetrieb Dreieich und Neu-Isenburg A\u00f6R"},"image":{"@id":"https:\/\/dlb-aoer.de\/neu-isenburg\/#\/schema\/logo\/image\/"}}]}},"_links":{"self":[{"href":"https:\/\/dlb-aoer.de\/neu-isenburg\/wp-json\/wp\/v2\/pages\/153","targetHints":{"allow":["GET"]}}],"collection":[{"href":"https:\/\/dlb-aoer.de\/neu-isenburg\/wp-json\/wp\/v2\/pages"}],"about":[{"href":"https:\/\/dlb-aoer.de\/neu-isenburg\/wp-json\/wp\/v2\/types\/page"}],"author":[{"embeddable":true,"href":"https:\/\/dlb-aoer.de\/neu-isenburg\/wp-json\/wp\/v2\/users\/2"}],"replies":[{"embeddable":true,"href":"https:\/\/dlb-aoer.de\/neu-isenburg\/wp-json\/wp\/v2\/comments?post=153"}],"version-history":[{"count":46,"href":"https:\/\/dlb-aoer.de\/neu-isenburg\/wp-json\/wp\/v2\/pages\/153\/revisions"}],"predecessor-version":[{"id":5704,"href":"https:\/\/dlb-aoer.de\/neu-isenburg\/wp-json\/wp\/v2\/pages\/153\/revisions\/5704"}],"up":[{"embeddable":true,"href":"https:\/\/dlb-aoer.de\/neu-isenburg\/wp-json\/wp\/v2\/pages\/13"}],"wp:featuredmedia":[{"embeddable":true,"href":"https:\/\/dlb-aoer.de\/neu-isenburg\/wp-json\/wp\/v2\/media\/3360"}],"wp:attachment":[{"href":"https:\/\/dlb-aoer.de\/neu-isenburg\/wp-json\/wp\/v2\/media?parent=153"}],"curies":[{"name":"wp","href":"https:\/\/api.w.org\/{rel}","templated":true}]}}