{"id":151,"date":"2019-05-12T18:06:43","date_gmt":"2019-05-12T16:06:43","guid":{"rendered":"https:\/\/www.dlb-aoer.de\/neu-isenburg\/?page_id=151"},"modified":"2025-11-24T11:45:22","modified_gmt":"2025-11-24T10:45:22","slug":"muellgefaesse-saecke","status":"publish","type":"page","link":"https:\/\/dlb-aoer.de\/neu-isenburg\/abfall\/muellgefaesse-saecke\/","title":{"rendered":"M\u00fcllgef\u00e4\u00dfe und S\u00e4cke"},"content":{"rendered":"\t\t<div data-elementor-type=\"wp-post\" data-elementor-id=\"151\" class=\"elementor elementor-151\">\n\t\t\t\t\t\t\t\t\t<section class=\"elementor-section elementor-top-section elementor-element elementor-element-bd2b87c elementor-section-stretched elementor-section-boxed elementor-section-height-default elementor-section-height-default\" data-id=\"bd2b87c\" data-element_type=\"section\" data-settings=\"{&quot;stretch_section&quot;:&quot;section-stretched&quot;,&quot;background_background&quot;:&quot;classic&quot;}\">\n\t\t\t\t\t\t<div class=\"elementor-container elementor-column-gap-default\">\n\t\t\t\t\t<div class=\"elementor-column elementor-col-100 elementor-top-column elementor-element elementor-element-fc808aa\" data-id=\"fc808aa\" data-element_type=\"column\" data-settings=\"{&quot;background_background&quot;:&quot;classic&quot;}\">\n\t\t\t<div class=\"elementor-widget-wrap elementor-element-populated\">\n\t\t\t\t\t\t\t\t<section class=\"elementor-section elementor-inner-section elementor-element elementor-element-cb49533 border-plus-margin elementor-section-boxed elementor-section-height-default elementor-section-height-default\" data-id=\"cb49533\" data-element_type=\"section\">\n\t\t\t\t\t\t<div class=\"elementor-container elementor-column-gap-default\">\n\t\t\t\t\t<div class=\"elementor-column elementor-col-50 elementor-inner-column elementor-element elementor-element-a3874c7\" data-id=\"a3874c7\" data-element_type=\"column\">\n\t\t\t<div class=\"elementor-widget-wrap elementor-element-populated\">\n\t\t\t\t\t\t\t\t<div class=\"elementor-element elementor-element-d0405ea elementor-widget elementor-widget-image\" data-id=\"d0405ea\" data-element_type=\"widget\" data-widget_type=\"image.default\">\n\t\t\t\t<div class=\"elementor-widget-container\">\n\t\t\t\t\t\t\t\t\t\t\t\t\t\t\t<img loading=\"lazy\" decoding=\"async\" width=\"1024\" height=\"387\" src=\"https:\/\/dlb-aoer.de\/neu-isenburg\/wp-content\/uploads\/sites\/2\/2021\/12\/DLB-August-2010-529-3977x1503-1-1024x387.jpg\" class=\"attachment-large size-large wp-image-2292\" alt=\"M\u00fcllgef\u00e4\u00dfe und S\u00e4cke - drei M\u00fcllgro\u00dfbeh\u00e4lter in den Farben Gelb, Grau und Blau\" srcset=\"https:\/\/dlb-aoer.de\/neu-isenburg\/wp-content\/uploads\/sites\/2\/2021\/12\/DLB-August-2010-529-3977x1503-1-1024x387.jpg 1024w, https:\/\/dlb-aoer.de\/neu-isenburg\/wp-content\/uploads\/sites\/2\/2021\/12\/DLB-August-2010-529-3977x1503-1-300x113.jpg 300w, https:\/\/dlb-aoer.de\/neu-isenburg\/wp-content\/uploads\/sites\/2\/2021\/12\/DLB-August-2010-529-3977x1503-1-768x290.jpg 768w, https:\/\/dlb-aoer.de\/neu-isenburg\/wp-content\/uploads\/sites\/2\/2021\/12\/DLB-August-2010-529-3977x1503-1-1536x580.jpg 1536w, https:\/\/dlb-aoer.de\/neu-isenburg\/wp-content\/uploads\/sites\/2\/2021\/12\/DLB-August-2010-529-3977x1503-1-2048x774.jpg 2048w, https:\/\/dlb-aoer.de\/neu-isenburg\/wp-content\/uploads\/sites\/2\/2021\/12\/DLB-August-2010-529-3977x1503-1-830x314.jpg 830w, https:\/\/dlb-aoer.de\/neu-isenburg\/wp-content\/uploads\/sites\/2\/2021\/12\/DLB-August-2010-529-3977x1503-1-230x87.jpg 230w, https:\/\/dlb-aoer.de\/neu-isenburg\/wp-content\/uploads\/sites\/2\/2021\/12\/DLB-August-2010-529-3977x1503-1-350x132.jpg 350w, https:\/\/dlb-aoer.de\/neu-isenburg\/wp-content\/uploads\/sites\/2\/2021\/12\/DLB-August-2010-529-3977x1503-1-480x181.jpg 480w\" sizes=\"auto, (max-width: 1024px) 100vw, 1024px\" \/>\t\t\t\t\t\t\t\t\t\t\t\t\t\t\t<\/div>\n\t\t\t\t<\/div>\n\t\t\t\t\t<\/div>\n\t\t<\/div>\n\t\t\t\t<div class=\"elementor-column elementor-col-50 elementor-inner-column elementor-element elementor-element-34a660b\" data-id=\"34a660b\" data-element_type=\"column\">\n\t\t\t<div class=\"elementor-widget-wrap elementor-element-populated\">\n\t\t\t\t\t\t\t\t<div class=\"elementor-element elementor-element-a5880cb elementor-widget elementor-widget-text-editor\" data-id=\"a5880cb\" data-element_type=\"widget\" data-widget_type=\"text-editor.default\">\n\t\t\t\t<div class=\"elementor-widget-container\">\n\t\t\t\t\t\t\t<p><strong style=\"background-color: transparent;\">Ansprechpartner:<\/strong><\/p><p>Tel. 06102-3702-349<br \/>Fax. 06102-3702-499<\/p><p><a href=\"mailto:abfallwirtschaft@dlb-aoer.de\"><img loading=\"lazy\" decoding=\"async\" class=\"alignnone wp-image-2828\" src=\"https:\/\/dlb-aoer.de\/dreieich\/wp-content\/uploads\/sites\/4\/2022\/08\/Email3.png\" alt=\"E-Mail schreiben\" width=\"45\" height=\"37\" \/><\/a><\/p><p><a href=\"https:\/\/dlb-aoer.de\/neu-isenburg\/abfall\/formulare-downloads\/\">Antragsformulare<\/a><\/p>\t\t\t\t\t\t<\/div>\n\t\t\t\t<\/div>\n\t\t\t\t\t<\/div>\n\t\t<\/div>\n\t\t\t\t\t\t\t<\/div>\n\t\t<\/section>\n\t\t\t\t<section class=\"elementor-section elementor-inner-section elementor-element elementor-element-e033a77 border-plus-margin elementor-section-boxed elementor-section-height-default elementor-section-height-default\" data-id=\"e033a77\" data-element_type=\"section\">\n\t\t\t\t\t\t<div class=\"elementor-container elementor-column-gap-default\">\n\t\t\t\t\t<div class=\"elementor-column elementor-col-100 elementor-inner-column elementor-element elementor-element-7eaf20c\" data-id=\"7eaf20c\" data-element_type=\"column\">\n\t\t\t<div class=\"elementor-widget-wrap elementor-element-populated\">\n\t\t\t\t\t\t\t\t<div class=\"elementor-element elementor-element-f5d870c elementor-widget elementor-widget-heading\" data-id=\"f5d870c\" data-element_type=\"widget\" data-widget_type=\"heading.default\">\n\t\t\t\t<div class=\"elementor-widget-container\">\n\t\t\t<h2 class=\"elementor-heading-title elementor-size-default\">Arten und Gr\u00f6\u00dfen von M\u00fcllgef\u00e4\u00dfen<\/h2>\t\t<\/div>\n\t\t\t\t<\/div>\n\t\t\t\t<div class=\"elementor-element elementor-element-e37bc67 elementor-widget elementor-widget-text-editor\" data-id=\"e37bc67\" data-element_type=\"widget\" data-widget_type=\"text-editor.default\">\n\t\t\t\t<div class=\"elementor-widget-container\">\n\t\t\t\t\t\t\t<table style=\"height: 196px;\" width=\"253\"><tbody><tr><td>Restm\u00fcll:<\/td><td>40, 60, 80, 120, 240, 770 oder 1.100 Liter<\/td><\/tr><tr><td>Biom\u00fcll<\/td><td>120 oder 240 Liter<\/td><\/tr><tr><td>Altpapier:<\/td><td>240 oder 1.100 Liter<\/td><\/tr><tr><td>Gelber Sack:<\/td><td>\u00a0770 oder 1.100 Liter<\/td><\/tr><tr><td>\u00a0<\/td><td>\u00a0<\/td><\/tr><\/tbody><\/table><p>Bei allen Gr\u00f6\u00dfen handelt es sich um Kunststoffbeh\u00e4lter &#8211; Metallbeh\u00e4lter werden nicht mehr ausgegeben. Informationen zu den Geb\u00fchren der jeweiligen Beh\u00e4ltergr\u00f6\u00dfen entnehmen Sie bitte der Rubrik <a href=\"\/neu-isenburg\/abfall\/abfallgebuehren\/\">Abfallgeb\u00fchren<\/a>.<\/p>\t\t\t\t\t\t<\/div>\n\t\t\t\t<\/div>\n\t\t\t\t\t<\/div>\n\t\t<\/div>\n\t\t\t\t\t\t\t<\/div>\n\t\t<\/section>\n\t\t\t\t<section class=\"elementor-section elementor-inner-section elementor-element elementor-element-b718385 border-plus-margin elementor-section-boxed elementor-section-height-default elementor-section-height-default\" data-id=\"b718385\" data-element_type=\"section\">\n\t\t\t\t\t\t<div class=\"elementor-container elementor-column-gap-default\">\n\t\t\t\t\t<div class=\"elementor-column elementor-col-100 elementor-inner-column elementor-element elementor-element-4fb2f72\" data-id=\"4fb2f72\" data-element_type=\"column\">\n\t\t\t<div class=\"elementor-widget-wrap elementor-element-populated\">\n\t\t\t\t\t\t\t\t<div class=\"elementor-element elementor-element-69c9da1 elementor-widget elementor-widget-heading\" data-id=\"69c9da1\" data-element_type=\"widget\" data-widget_type=\"heading.default\">\n\t\t\t\t<div class=\"elementor-widget-container\">\n\t\t\t<h2 class=\"elementor-heading-title elementor-size-default\">Anmeldung\/ Abmeldung\/ Ummeldung eines M\u00fcllgef\u00e4\u00dfes<\/h2>\t\t<\/div>\n\t\t\t\t<\/div>\n\t\t\t\t<div class=\"elementor-element elementor-element-26c6948 elementor-widget elementor-widget-text-editor\" data-id=\"26c6948\" data-element_type=\"widget\" data-widget_type=\"text-editor.default\">\n\t\t\t\t<div class=\"elementor-widget-container\">\n\t\t\t\t\t\t\t<p>Voraussetzung: Sie m\u00fcssen Eigent\u00fcmer\/in bzw. Bevollm\u00e4chtigte\/r der jeweiligen Liegenschaft sein.<\/p><p>Ist diese Voraussetzung erf\u00fcllt, so senden Sie uns einen formlosen <a href=\"https:\/\/dlb-aoer.de\/neu-isenburg\/abfall\/formulare-downloads\/\">\u00c4nderungsantrag<\/a> mit Ihren Kontaktdaten per <a href=\"mailto:abfallwirtschaft@dlb-aoer.de\">E-Mail<\/a>, Post oder Fax zu und Ihr Antrag wird schnellstm\u00f6glich bearbeitet. Gern k\u00f6nnen Sie auch pers\u00f6nlich vorbeikommen und uns Ihren \u00c4nderungswunsch mitteilen.<br \/>Fragen beantworten wir Ihnen gerne unter 06102 \/ 3702-349<\/p><p>Bitte beachten Sie die Abfallsatzung der Stadt Neu-Isenburg, die ein Mindestvolumen von 10 Liter pro angemeldeter Person und Woche f\u00fcr Ihr Restm\u00fcllgef\u00e4\u00df vorgibt.<\/p>\t\t\t\t\t\t<\/div>\n\t\t\t\t<\/div>\n\t\t\t\t\t<\/div>\n\t\t<\/div>\n\t\t\t\t\t\t\t<\/div>\n\t\t<\/section>\n\t\t\t\t<section class=\"elementor-section elementor-inner-section elementor-element elementor-element-5732d89 border-plus-margin elementor-section-boxed elementor-section-height-default elementor-section-height-default\" data-id=\"5732d89\" data-element_type=\"section\">\n\t\t\t\t\t\t<div class=\"elementor-container elementor-column-gap-default\">\n\t\t\t\t\t<div class=\"elementor-column elementor-col-100 elementor-inner-column elementor-element elementor-element-b52ec19\" data-id=\"b52ec19\" data-element_type=\"column\">\n\t\t\t<div class=\"elementor-widget-wrap elementor-element-populated\">\n\t\t\t\t\t\t\t\t<div class=\"elementor-element elementor-element-2d26ed0 elementor-widget elementor-widget-heading\" data-id=\"2d26ed0\" data-element_type=\"widget\" data-widget_type=\"heading.default\">\n\t\t\t\t<div class=\"elementor-widget-container\">\n\t\t\t<h2 class=\"elementor-heading-title elementor-size-default\">Anschaffung M\u00fcllbeh\u00e4lter<\/h2>\t\t<\/div>\n\t\t\t\t<\/div>\n\t\t\t\t<div class=\"elementor-element elementor-element-72f2e18 elementor-widget elementor-widget-text-editor\" data-id=\"72f2e18\" data-element_type=\"widget\" data-widget_type=\"text-editor.default\">\n\t\t\t\t<div class=\"elementor-widget-container\">\n\t\t\t\t\t\t\t<table><tbody><tr align=\"left\" valign=\"top\"><td valign=\"top\">Restm\u00fcll, Biom\u00fcll und Altpapier:<\/td><td valign=\"top\">werden kostenlos bereitgestellt (Leihgabe des DLB)<\/td><\/tr><tr><td valign=\"top\">Gelber Sack:<\/td><td valign=\"top\">770 oder 1.100 Liter Miete; Preis auf Anfrage unter 06102 \/ 3702-349<\/td><\/tr><\/tbody><\/table>\t\t\t\t\t\t<\/div>\n\t\t\t\t<\/div>\n\t\t\t\t\t<\/div>\n\t\t<\/div>\n\t\t\t\t\t\t\t<\/div>\n\t\t<\/section>\n\t\t\t\t<section class=\"elementor-section elementor-inner-section elementor-element elementor-element-b57063f border-plus-margin elementor-section-boxed elementor-section-height-default elementor-section-height-default\" data-id=\"b57063f\" data-element_type=\"section\">\n\t\t\t\t\t\t<div class=\"elementor-container elementor-column-gap-default\">\n\t\t\t\t\t<div class=\"elementor-column elementor-col-100 elementor-inner-column elementor-element elementor-element-f42957a\" data-id=\"f42957a\" data-element_type=\"column\">\n\t\t\t<div class=\"elementor-widget-wrap elementor-element-populated\">\n\t\t\t\t\t\t\t\t<div class=\"elementor-element elementor-element-34cdce2 elementor-widget elementor-widget-heading\" data-id=\"34cdce2\" data-element_type=\"widget\" data-widget_type=\"heading.default\">\n\t\t\t\t<div class=\"elementor-widget-container\">\n\t\t\t<h2 class=\"elementor-heading-title elementor-size-default\">M\u00fclls\u00e4cke, Biom\u00fclls\u00e4cke, Windels\u00e4cke, Laubs\u00e4cke<\/h2>\t\t<\/div>\n\t\t\t\t<\/div>\n\t\t\t\t<div class=\"elementor-element elementor-element-6ae8f65 elementor-widget elementor-widget-text-editor\" data-id=\"6ae8f65\" data-element_type=\"widget\" data-widget_type=\"text-editor.default\">\n\t\t\t\t<div class=\"elementor-widget-container\">\n\t\t\t\t\t\t\t<table><tbody><tr><td valign=\"top\">M\u00fclls\u00e4cke:<\/td><td><p>bei gelegentlichem Mehraufkommen von Restm\u00fcll<br \/>60 l Sack zum St\u00fcckpreis von 3,50 \u20ac<br \/>die Abfuhr erfolgt gemeinsam mit der Restm\u00fcllabfuhr<\/p><\/td><\/tr><tr><td valign=\"top\">Biom\u00fclls\u00e4cke<\/td><td><p>optional zur Vorsortierung im Haushalt, 1,50\u20ac\/20Stk.<\/p><\/td><\/tr><tr><td valign=\"top\">Windels\u00e4cke:<\/td><td><p>2,00 \u20ac\/Stk.<br \/>Erhalt bei Nachweis von Geburt oder Pflegefall<br \/>die Abfuhr erfolgt gemeinsam mit der Restm\u00fcllabfuhr<\/p><\/td><\/tr><tr><td valign=\"top\">Laubs\u00e4cke:<\/td><td><p>f\u00fcr Laub und Gr\u00fcnschnitt<br \/>60 l Sack zum St\u00fcckpreis von 1,25 \u20ac<br \/>die Abfuhr erfolgt 2x j\u00e4hrlich (siehe\u00a0<a href=\"https:\/\/dlb-aoer.de\/neu-isenburg\/abfall\/abfallkalender\/\">Abfallkalender<\/a>)<\/p><\/td><\/tr><\/tbody><\/table><p>Die aufgef\u00fchrten S\u00e4cke erhalten Sie beim DLB, beim B\u00fcrgeramt und den Verwaltungsstellen in Gravenbruch und Zeppelinheim.<\/p>\t\t\t\t\t\t<\/div>\n\t\t\t\t<\/div>\n\t\t\t\t\t<\/div>\n\t\t<\/div>\n\t\t\t\t\t\t\t<\/div>\n\t\t<\/section>\n\t\t\t\t\t<\/div>\n\t\t<\/div>\n\t\t\t\t\t\t\t<\/div>\n\t\t<\/section>\n\t\t\t\t\t\t\t<\/div>\n\t\t","protected":false},"excerpt":{"rendered":"<p>Informationen zu Arten und Gr\u00f6\u00dfen von M\u00fcllgef\u00e4\u00dfen, sowie deren An-,Ab-,Ummeldung.<\/p>\n","protected":false},"author":2,"featured_media":431,"parent":13,"menu_order":5,"comment_status":"closed","ping_status":"closed","template":"","meta":{"inline_featured_image":false,"footnotes":"","_links_to":"","_links_to_target":""},"class_list":["post-151","page","type-page","status-publish","has-post-thumbnail","hentry"],"yoast_head":"<!-- This site is optimized with the Yoast SEO plugin v21.6 - https:\/\/yoast.com\/wordpress\/plugins\/seo\/ -->\n<title>M\u00fcllgef\u00e4\u00dfe und S\u00e4cke - DLB Neu-Isenburg<\/title>\n<meta name=\"robots\" content=\"index, follow, max-snippet:-1, max-image-preview:large, max-video-preview:-1\" \/>\n<link rel=\"canonical\" href=\"https:\/\/dlb-aoer.de\/neu-isenburg\/abfall\/muellgefaesse-saecke\/\" \/>\n<meta property=\"og:locale\" content=\"de_DE\" \/>\n<meta property=\"og:type\" content=\"article\" \/>\n<meta property=\"og:title\" content=\"M\u00fcllgef\u00e4\u00dfe und S\u00e4cke - DLB Neu-Isenburg\" \/>\n<meta property=\"og:description\" content=\"Informationen zu Arten und Gr\u00f6\u00dfen von M\u00fcllgef\u00e4\u00dfen, sowie deren An-,Ab-,Ummeldung.\" \/>\n<meta property=\"og:url\" content=\"https:\/\/dlb-aoer.de\/neu-isenburg\/abfall\/muellgefaesse-saecke\/\" \/>\n<meta property=\"og:site_name\" content=\"DLB Neu-Isenburg\" \/>\n<meta property=\"article:modified_time\" content=\"2025-11-24T10:45:22+00:00\" \/>\n<meta property=\"og:image\" content=\"https:\/\/dlb-aoer.de\/neu-isenburg\/wp-content\/uploads\/sites\/2\/2019\/05\/Abfall_Muellgefaesse.jpg\" \/>\n\t<meta property=\"og:image:width\" content=\"600\" \/>\n\t<meta property=\"og:image:height\" content=\"450\" \/>\n\t<meta property=\"og:image:type\" content=\"image\/jpeg\" \/>\n<meta name=\"twitter:card\" content=\"summary_large_image\" \/>\n<meta name=\"twitter:label1\" content=\"Gesch\u00e4tzte Lesezeit\" \/>\n\t<meta name=\"twitter:data1\" content=\"2\u00a0Minuten\" \/>\n<script type=\"application\/ld+json\" class=\"yoast-schema-graph\">{\"@context\":\"https:\/\/schema.org\",\"@graph\":[{\"@type\":\"WebPage\",\"@id\":\"https:\/\/dlb-aoer.de\/neu-isenburg\/abfall\/muellgefaesse-saecke\/\",\"url\":\"https:\/\/dlb-aoer.de\/neu-isenburg\/abfall\/muellgefaesse-saecke\/\",\"name\":\"M\u00fcllgef\u00e4\u00dfe und S\u00e4cke - DLB Neu-Isenburg\",\"isPartOf\":{\"@id\":\"https:\/\/dlb-aoer.de\/neu-isenburg\/#website\"},\"datePublished\":\"2019-05-12T16:06:43+00:00\",\"dateModified\":\"2025-11-24T10:45:22+00:00\",\"breadcrumb\":{\"@id\":\"https:\/\/dlb-aoer.de\/neu-isenburg\/abfall\/muellgefaesse-saecke\/#breadcrumb\"},\"inLanguage\":\"de\",\"potentialAction\":[{\"@type\":\"ReadAction\",\"target\":[\"https:\/\/dlb-aoer.de\/neu-isenburg\/abfall\/muellgefaesse-saecke\/\"]}]},{\"@type\":\"BreadcrumbList\",\"@id\":\"https:\/\/dlb-aoer.de\/neu-isenburg\/abfall\/muellgefaesse-saecke\/#breadcrumb\",\"itemListElement\":[{\"@type\":\"ListItem\",\"position\":1,\"name\":\"Startseite\",\"item\":\"https:\/\/dlb-aoer.de\/neu-isenburg\/\"},{\"@type\":\"ListItem\",\"position\":2,\"name\":\"Abfall\",\"item\":\"https:\/\/dlb-aoer.de\/neu-isenburg\/abfall\/\"},{\"@type\":\"ListItem\",\"position\":3,\"name\":\"M\u00fcllgef\u00e4\u00dfe und S\u00e4cke\"}]},{\"@type\":\"WebSite\",\"@id\":\"https:\/\/dlb-aoer.de\/neu-isenburg\/#website\",\"url\":\"https:\/\/dlb-aoer.de\/neu-isenburg\/\",\"name\":\"DLB Neu-Isenburg\",\"description\":\"\",\"publisher\":{\"@id\":\"https:\/\/dlb-aoer.de\/neu-isenburg\/#organization\"},\"potentialAction\":[{\"@type\":\"SearchAction\",\"target\":{\"@type\":\"EntryPoint\",\"urlTemplate\":\"https:\/\/dlb-aoer.de\/neu-isenburg\/?s={search_term_string}\"},\"query-input\":\"required name=search_term_string\"}],\"inLanguage\":\"de\"},{\"@type\":\"Organization\",\"@id\":\"https:\/\/dlb-aoer.de\/neu-isenburg\/#organization\",\"name\":\"Dienstleistungsbetrieb Dreieich und Neu-Isenburg A\u00f6R\",\"url\":\"https:\/\/dlb-aoer.de\/neu-isenburg\/\",\"logo\":{\"@type\":\"ImageObject\",\"inLanguage\":\"de\",\"@id\":\"https:\/\/dlb-aoer.de\/neu-isenburg\/#\/schema\/logo\/image\/\",\"url\":\"https:\/\/dlb-aoer.de\/neu-isenburg\/wp-content\/uploads\/sites\/2\/2019\/10\/DLB_Logo_orange.svg\",\"contentUrl\":\"https:\/\/dlb-aoer.de\/neu-isenburg\/wp-content\/uploads\/sites\/2\/2019\/10\/DLB_Logo_orange.svg\",\"width\":1,\"height\":1,\"caption\":\"Dienstleistungsbetrieb Dreieich und Neu-Isenburg A\u00f6R\"},\"image\":{\"@id\":\"https:\/\/dlb-aoer.de\/neu-isenburg\/#\/schema\/logo\/image\/\"}}]}<\/script>\n<!-- \/ Yoast SEO plugin. -->","yoast_head_json":{"title":"M\u00fcllgef\u00e4\u00dfe und S\u00e4cke - DLB Neu-Isenburg","robots":{"index":"index","follow":"follow","max-snippet":"max-snippet:-1","max-image-preview":"max-image-preview:large","max-video-preview":"max-video-preview:-1"},"canonical":"https:\/\/dlb-aoer.de\/neu-isenburg\/abfall\/muellgefaesse-saecke\/","og_locale":"de_DE","og_type":"article","og_title":"M\u00fcllgef\u00e4\u00dfe und S\u00e4cke - DLB Neu-Isenburg","og_description":"Informationen zu Arten und Gr\u00f6\u00dfen von M\u00fcllgef\u00e4\u00dfen, sowie deren An-,Ab-,Ummeldung.","og_url":"https:\/\/dlb-aoer.de\/neu-isenburg\/abfall\/muellgefaesse-saecke\/","og_site_name":"DLB Neu-Isenburg","article_modified_time":"2025-11-24T10:45:22+00:00","og_image":[{"width":600,"height":450,"url":"https:\/\/dlb-aoer.de\/neu-isenburg\/wp-content\/uploads\/sites\/2\/2019\/05\/Abfall_Muellgefaesse.jpg","type":"image\/jpeg"}],"twitter_card":"summary_large_image","twitter_misc":{"Gesch\u00e4tzte Lesezeit":"2\u00a0Minuten"},"schema":{"@context":"https:\/\/schema.org","@graph":[{"@type":"WebPage","@id":"https:\/\/dlb-aoer.de\/neu-isenburg\/abfall\/muellgefaesse-saecke\/","url":"https:\/\/dlb-aoer.de\/neu-isenburg\/abfall\/muellgefaesse-saecke\/","name":"M\u00fcllgef\u00e4\u00dfe und S\u00e4cke - DLB Neu-Isenburg","isPartOf":{"@id":"https:\/\/dlb-aoer.de\/neu-isenburg\/#website"},"datePublished":"2019-05-12T16:06:43+00:00","dateModified":"2025-11-24T10:45:22+00:00","breadcrumb":{"@id":"https:\/\/dlb-aoer.de\/neu-isenburg\/abfall\/muellgefaesse-saecke\/#breadcrumb"},"inLanguage":"de","potentialAction":[{"@type":"ReadAction","target":["https:\/\/dlb-aoer.de\/neu-isenburg\/abfall\/muellgefaesse-saecke\/"]}]},{"@type":"BreadcrumbList","@id":"https:\/\/dlb-aoer.de\/neu-isenburg\/abfall\/muellgefaesse-saecke\/#breadcrumb","itemListElement":[{"@type":"ListItem","position":1,"name":"Startseite","item":"https:\/\/dlb-aoer.de\/neu-isenburg\/"},{"@type":"ListItem","position":2,"name":"Abfall","item":"https:\/\/dlb-aoer.de\/neu-isenburg\/abfall\/"},{"@type":"ListItem","position":3,"name":"M\u00fcllgef\u00e4\u00dfe und S\u00e4cke"}]},{"@type":"WebSite","@id":"https:\/\/dlb-aoer.de\/neu-isenburg\/#website","url":"https:\/\/dlb-aoer.de\/neu-isenburg\/","name":"DLB Neu-Isenburg","description":"","publisher":{"@id":"https:\/\/dlb-aoer.de\/neu-isenburg\/#organization"},"potentialAction":[{"@type":"SearchAction","target":{"@type":"EntryPoint","urlTemplate":"https:\/\/dlb-aoer.de\/neu-isenburg\/?s={search_term_string}"},"query-input":"required name=search_term_string"}],"inLanguage":"de"},{"@type":"Organization","@id":"https:\/\/dlb-aoer.de\/neu-isenburg\/#organization","name":"Dienstleistungsbetrieb Dreieich und Neu-Isenburg A\u00f6R","url":"https:\/\/dlb-aoer.de\/neu-isenburg\/","logo":{"@type":"ImageObject","inLanguage":"de","@id":"https:\/\/dlb-aoer.de\/neu-isenburg\/#\/schema\/logo\/image\/","url":"https:\/\/dlb-aoer.de\/neu-isenburg\/wp-content\/uploads\/sites\/2\/2019\/10\/DLB_Logo_orange.svg","contentUrl":"https:\/\/dlb-aoer.de\/neu-isenburg\/wp-content\/uploads\/sites\/2\/2019\/10\/DLB_Logo_orange.svg","width":1,"height":1,"caption":"Dienstleistungsbetrieb Dreieich und Neu-Isenburg A\u00f6R"},"image":{"@id":"https:\/\/dlb-aoer.de\/neu-isenburg\/#\/schema\/logo\/image\/"}}]}},"_links":{"self":[{"href":"https:\/\/dlb-aoer.de\/neu-isenburg\/wp-json\/wp\/v2\/pages\/151","targetHints":{"allow":["GET"]}}],"collection":[{"href":"https:\/\/dlb-aoer.de\/neu-isenburg\/wp-json\/wp\/v2\/pages"}],"about":[{"href":"https:\/\/dlb-aoer.de\/neu-isenburg\/wp-json\/wp\/v2\/types\/page"}],"author":[{"embeddable":true,"href":"https:\/\/dlb-aoer.de\/neu-isenburg\/wp-json\/wp\/v2\/users\/2"}],"replies":[{"embeddable":true,"href":"https:\/\/dlb-aoer.de\/neu-isenburg\/wp-json\/wp\/v2\/comments?post=151"}],"version-history":[{"count":36,"href":"https:\/\/dlb-aoer.de\/neu-isenburg\/wp-json\/wp\/v2\/pages\/151\/revisions"}],"predecessor-version":[{"id":5619,"href":"https:\/\/dlb-aoer.de\/neu-isenburg\/wp-json\/wp\/v2\/pages\/151\/revisions\/5619"}],"up":[{"embeddable":true,"href":"https:\/\/dlb-aoer.de\/neu-isenburg\/wp-json\/wp\/v2\/pages\/13"}],"wp:featuredmedia":[{"embeddable":true,"href":"https:\/\/dlb-aoer.de\/neu-isenburg\/wp-json\/wp\/v2\/media\/431"}],"wp:attachment":[{"href":"https:\/\/dlb-aoer.de\/neu-isenburg\/wp-json\/wp\/v2\/media?parent=151"}],"curies":[{"name":"wp","href":"https:\/\/api.w.org\/{rel}","templated":true}]}}