{"id":1442,"date":"2020-09-10T09:01:49","date_gmt":"2020-09-10T07:01:49","guid":{"rendered":"https:\/\/dlb-aoer.de\/neu-isenburg\/?page_id=1442"},"modified":"2021-12-17T08:55:22","modified_gmt":"2021-12-17T07:55:22","slug":"plastik-ist-kein-biomuell-tag-der-nachhaltigkeit","status":"publish","type":"page","link":"https:\/\/dlb-aoer.de\/neu-isenburg\/abfall\/abfallentsorgung\/plastik-ist-kein-biomuell-tag-der-nachhaltigkeit\/","title":{"rendered":"Plastik ist kein Bioabfall"},"content":{"rendered":"\t\t<div data-elementor-type=\"wp-post\" data-elementor-id=\"1442\" class=\"elementor elementor-1442\">\n\t\t\t\t\t\t\t\t\t<section class=\"elementor-section elementor-top-section elementor-element elementor-element-c6ec078 elementor-section-stretched elementor-section-boxed elementor-section-height-default elementor-section-height-default\" data-id=\"c6ec078\" data-element_type=\"section\" data-settings=\"{&quot;stretch_section&quot;:&quot;section-stretched&quot;}\">\n\t\t\t\t\t\t<div class=\"elementor-container elementor-column-gap-default\">\n\t\t\t\t\t<div class=\"elementor-column elementor-col-100 elementor-top-column elementor-element elementor-element-d2bfc7d\" data-id=\"d2bfc7d\" data-element_type=\"column\">\n\t\t\t<div class=\"elementor-widget-wrap elementor-element-populated\">\n\t\t\t\t\t\t\t\t<div class=\"elementor-element elementor-element-deedc0e elementor-widget elementor-widget-text-editor\" data-id=\"deedc0e\" data-element_type=\"widget\" data-widget_type=\"text-editor.default\">\n\t\t\t\t<div class=\"elementor-widget-container\">\n\t\t\t\t\t\t\t<p>Bioabf\u00e4lle sind wichtig f\u00fcr den nat\u00fcrlichen Kreislauf. Die getrennte Erfassung erm\u00f6glicht es, die im Biom\u00fcll enthaltenen energiereichen Wertstoffe zu nutzen. Bioabfall ist sowohl regenerative Energieressource als auch N\u00e4hrstoff- und Humuslieferant.<\/p><p>Nach der Sammlung gehen die in Neu-Isenburg und Dreieich gesammelten Bioabfallmengen direkt in die Bioabfallbehandlungsanlage der RMB Frankfurt. Dort verg\u00e4ren sie zu Biogas und werden mittels Kraft-W\u00e4rme-Kopplung in Strom und W\u00e4rme umgewandelt. Im gleichen Prozess wird wertvoller Kompost hergestellt. Dieser Prozess wird durch Fremdstoffe im Bioabfall erschwert. Aufw\u00e4ndige Sortierprozesse vor und nach der Bioabfallbehandlung sind notwendig, um wertvollen Kompost herzustellen.<\/p><p>Die Anlagen schaffen es nicht, alles im Bioabfall enthaltenes Plastik auszusortieren. Daher gelangt so das Plastik \u00fcber den Kompost in unsere Natur.<\/p>\t\t\t\t\t\t<\/div>\n\t\t\t\t<\/div>\n\t\t\t\t<div class=\"elementor-element elementor-element-5bd6ad4 elementor-widget elementor-widget-heading\" data-id=\"5bd6ad4\" data-element_type=\"widget\" data-widget_type=\"heading.default\">\n\t\t\t\t<div class=\"elementor-widget-container\">\n\t\t\t<h4 class=\"elementor-heading-title elementor-size-default\">Informationen zur Aktion Plastik ist kein Bioabfall<\/h4>\t\t<\/div>\n\t\t\t\t<\/div>\n\t\t\t\t<div class=\"elementor-element elementor-element-77aeb73 elementor-widget elementor-widget-text-editor\" data-id=\"77aeb73\" data-element_type=\"widget\" data-widget_type=\"text-editor.default\">\n\t\t\t\t<div class=\"elementor-widget-container\">\n\t\t\t\t\t\t\t<p>Bioabf\u00e4lle sind organische Abf\u00e4lle pflanzlichen oder tierischen Ursprungs.<\/p><p><span style=\"color: #ff0000;\"><strong>Wichtig:<\/strong><\/span> Bitte achten Sie bei der Getrenntsammlung auf die korrekte Sortierung (siehe <a href=\"https:\/\/dlb-aoer.de\/neu-isenburg\/abfall\/abfallentsorgung\/biomuell\/\">Biom\u00fcll<\/a>) und <strong><span style=\"color: #ff0000;\">nutzen Sie keine Plastikt\u00fcten und keine sogenannten Bio-Plastikbeutel.<\/span><\/strong><\/p><p>Fehlbef\u00fcllte Tonnen werden nicht geleert und bekommen einen Flyer angeh\u00e4ngt.<\/p><p><img loading=\"lazy\" decoding=\"async\" class=\"alignnone size-medium wp-image-1447\" src=\"https:\/\/dlb-aoer.de\/neu-isenburg\/wp-content\/uploads\/sites\/2\/2020\/09\/Flyer-vorne-Hinten-230x300.jpg\" alt=\"\" width=\"230\" height=\"300\" srcset=\"https:\/\/dlb-aoer.de\/neu-isenburg\/wp-content\/uploads\/sites\/2\/2020\/09\/Flyer-vorne-Hinten-230x300.jpg 230w, https:\/\/dlb-aoer.de\/neu-isenburg\/wp-content\/uploads\/sites\/2\/2020\/09\/Flyer-vorne-Hinten-786x1024.jpg 786w, https:\/\/dlb-aoer.de\/neu-isenburg\/wp-content\/uploads\/sites\/2\/2020\/09\/Flyer-vorne-Hinten-768x1001.jpg 768w, https:\/\/dlb-aoer.de\/neu-isenburg\/wp-content\/uploads\/sites\/2\/2020\/09\/Flyer-vorne-Hinten-350x456.jpg 350w, https:\/\/dlb-aoer.de\/neu-isenburg\/wp-content\/uploads\/sites\/2\/2020\/09\/Flyer-vorne-Hinten-480x625.jpg 480w, https:\/\/dlb-aoer.de\/neu-isenburg\/wp-content\/uploads\/sites\/2\/2020\/09\/Flyer-vorne-Hinten.jpg 799w\" sizes=\"auto, (max-width: 230px) 100vw, 230px\" \/><\/p><p>Im Aktionszeitraum werden insbesondere mit Plastik fehlbef\u00fcllte Tonnen nicht geleert und bekommen einen Flyer angeh\u00e4ngt. Dies ist unabh\u00e4ngig von der Plastikmenge!<\/p>\t\t\t\t\t\t<\/div>\n\t\t\t\t<\/div>\n\t\t\t\t<div class=\"elementor-element elementor-element-b59c0f4 elementor-widget elementor-widget-heading\" data-id=\"b59c0f4\" data-element_type=\"widget\" data-widget_type=\"heading.default\">\n\t\t\t\t<div class=\"elementor-widget-container\">\n\t\t\t<h4 class=\"elementor-heading-title elementor-size-default\">Was tun wenn die Tonne nicht geleert wurde?<\/h4>\t\t<\/div>\n\t\t\t\t<\/div>\n\t\t\t\t<div class=\"elementor-element elementor-element-471e097 elementor-widget elementor-widget-text-editor\" data-id=\"471e097\" data-element_type=\"widget\" data-widget_type=\"text-editor.default\">\n\t\t\t\t<div class=\"elementor-widget-container\">\n\t\t\t\t\t\t\t<p>Wenn die Tonne falsch bef\u00fcllt wurde und deshalb nicht geleert wurde, gibt es zwei M\u00f6glichkeiten:<\/p><p>1. Sie sortieren selbst die Fremdstoffe heraus und stellen die Tonne zum n\u00e4chsten Leerungstermin wieder bereit.<\/p><p>2. Sie rufen unter der 06102-3702-349 an und erfragen eine kostenpflichtige Sonderleerung \u00fcber den Restm\u00fcll.<\/p>\t\t\t\t\t\t<\/div>\n\t\t\t\t<\/div>\n\t\t\t\t\t<\/div>\n\t\t<\/div>\n\t\t\t\t\t\t\t<\/div>\n\t\t<\/section>\n\t\t\t\t\t\t\t<\/div>\n\t\t","protected":false},"excerpt":{"rendered":"<p>Bioabf\u00e4lle sind wichtig f\u00fcr den nat\u00fcrlichen Kreislauf. Die getrennte Erfassung erm\u00f6glicht es, die im Biom\u00fcll enthaltenen energiereichen Wertstoffe zu nutzen. Bioabfall ist [&hellip;]<\/p>\n","protected":false},"author":2,"featured_media":0,"parent":61,"menu_order":2,"comment_status":"closed","ping_status":"closed","template":"","meta":{"inline_featured_image":false,"footnotes":"","_links_to":"","_links_to_target":""},"class_list":["post-1442","page","type-page","status-publish","hentry"],"yoast_head":"<!-- This site is optimized with the Yoast SEO plugin v21.6 - https:\/\/yoast.com\/wordpress\/plugins\/seo\/ -->\n<title>Plastik ist kein Bioabfall - DLB Neu-Isenburg<\/title>\n<meta name=\"robots\" content=\"index, follow, max-snippet:-1, max-image-preview:large, max-video-preview:-1\" \/>\n<link rel=\"canonical\" href=\"https:\/\/dlb-aoer.de\/neu-isenburg\/abfall\/abfallentsorgung\/plastik-ist-kein-biomuell-tag-der-nachhaltigkeit\/\" \/>\n<meta property=\"og:locale\" content=\"de_DE\" \/>\n<meta property=\"og:type\" content=\"article\" \/>\n<meta property=\"og:title\" content=\"Plastik ist kein Bioabfall - DLB Neu-Isenburg\" \/>\n<meta property=\"og:description\" content=\"Bioabf\u00e4lle sind wichtig f\u00fcr den nat\u00fcrlichen Kreislauf. Die getrennte Erfassung erm\u00f6glicht es, die im Biom\u00fcll enthaltenen energiereichen Wertstoffe zu nutzen. Bioabfall ist [&hellip;]\" \/>\n<meta property=\"og:url\" content=\"https:\/\/dlb-aoer.de\/neu-isenburg\/abfall\/abfallentsorgung\/plastik-ist-kein-biomuell-tag-der-nachhaltigkeit\/\" \/>\n<meta property=\"og:site_name\" content=\"DLB Neu-Isenburg\" \/>\n<meta property=\"article:modified_time\" content=\"2021-12-17T07:55:22+00:00\" \/>\n<meta property=\"og:image\" content=\"https:\/\/dlb-aoer.de\/neu-isenburg\/wp-content\/uploads\/sites\/2\/2020\/09\/Flyer-vorne-Hinten-230x300.jpg\" \/>\n<meta name=\"twitter:card\" content=\"summary_large_image\" \/>\n<meta name=\"twitter:label1\" content=\"Gesch\u00e4tzte Lesezeit\" \/>\n\t<meta name=\"twitter:data1\" content=\"1\u00a0Minute\" \/>\n<script type=\"application\/ld+json\" class=\"yoast-schema-graph\">{\"@context\":\"https:\/\/schema.org\",\"@graph\":[{\"@type\":\"WebPage\",\"@id\":\"https:\/\/dlb-aoer.de\/neu-isenburg\/abfall\/abfallentsorgung\/plastik-ist-kein-biomuell-tag-der-nachhaltigkeit\/\",\"url\":\"https:\/\/dlb-aoer.de\/neu-isenburg\/abfall\/abfallentsorgung\/plastik-ist-kein-biomuell-tag-der-nachhaltigkeit\/\",\"name\":\"Plastik ist kein Bioabfall - DLB Neu-Isenburg\",\"isPartOf\":{\"@id\":\"https:\/\/dlb-aoer.de\/neu-isenburg\/#website\"},\"datePublished\":\"2020-09-10T07:01:49+00:00\",\"dateModified\":\"2021-12-17T07:55:22+00:00\",\"breadcrumb\":{\"@id\":\"https:\/\/dlb-aoer.de\/neu-isenburg\/abfall\/abfallentsorgung\/plastik-ist-kein-biomuell-tag-der-nachhaltigkeit\/#breadcrumb\"},\"inLanguage\":\"de\",\"potentialAction\":[{\"@type\":\"ReadAction\",\"target\":[\"https:\/\/dlb-aoer.de\/neu-isenburg\/abfall\/abfallentsorgung\/plastik-ist-kein-biomuell-tag-der-nachhaltigkeit\/\"]}]},{\"@type\":\"BreadcrumbList\",\"@id\":\"https:\/\/dlb-aoer.de\/neu-isenburg\/abfall\/abfallentsorgung\/plastik-ist-kein-biomuell-tag-der-nachhaltigkeit\/#breadcrumb\",\"itemListElement\":[{\"@type\":\"ListItem\",\"position\":1,\"name\":\"Startseite\",\"item\":\"https:\/\/dlb-aoer.de\/neu-isenburg\/\"},{\"@type\":\"ListItem\",\"position\":2,\"name\":\"Abfall\",\"item\":\"https:\/\/dlb-aoer.de\/neu-isenburg\/abfall\/\"},{\"@type\":\"ListItem\",\"position\":3,\"name\":\"Abfallentsorgung\",\"item\":\"https:\/\/dlb-aoer.de\/neu-isenburg\/abfall\/abfallentsorgung\/\"},{\"@type\":\"ListItem\",\"position\":4,\"name\":\"Plastik ist kein Bioabfall\"}]},{\"@type\":\"WebSite\",\"@id\":\"https:\/\/dlb-aoer.de\/neu-isenburg\/#website\",\"url\":\"https:\/\/dlb-aoer.de\/neu-isenburg\/\",\"name\":\"DLB Neu-Isenburg\",\"description\":\"\",\"publisher\":{\"@id\":\"https:\/\/dlb-aoer.de\/neu-isenburg\/#organization\"},\"potentialAction\":[{\"@type\":\"SearchAction\",\"target\":{\"@type\":\"EntryPoint\",\"urlTemplate\":\"https:\/\/dlb-aoer.de\/neu-isenburg\/?s={search_term_string}\"},\"query-input\":\"required name=search_term_string\"}],\"inLanguage\":\"de\"},{\"@type\":\"Organization\",\"@id\":\"https:\/\/dlb-aoer.de\/neu-isenburg\/#organization\",\"name\":\"Dienstleistungsbetrieb Dreieich und Neu-Isenburg A\u00f6R\",\"url\":\"https:\/\/dlb-aoer.de\/neu-isenburg\/\",\"logo\":{\"@type\":\"ImageObject\",\"inLanguage\":\"de\",\"@id\":\"https:\/\/dlb-aoer.de\/neu-isenburg\/#\/schema\/logo\/image\/\",\"url\":\"https:\/\/dlb-aoer.de\/neu-isenburg\/wp-content\/uploads\/sites\/2\/2019\/10\/DLB_Logo_orange.svg\",\"contentUrl\":\"https:\/\/dlb-aoer.de\/neu-isenburg\/wp-content\/uploads\/sites\/2\/2019\/10\/DLB_Logo_orange.svg\",\"width\":1,\"height\":1,\"caption\":\"Dienstleistungsbetrieb Dreieich und Neu-Isenburg A\u00f6R\"},\"image\":{\"@id\":\"https:\/\/dlb-aoer.de\/neu-isenburg\/#\/schema\/logo\/image\/\"}}]}<\/script>\n<!-- \/ Yoast SEO plugin. -->","yoast_head_json":{"title":"Plastik ist kein Bioabfall - DLB Neu-Isenburg","robots":{"index":"index","follow":"follow","max-snippet":"max-snippet:-1","max-image-preview":"max-image-preview:large","max-video-preview":"max-video-preview:-1"},"canonical":"https:\/\/dlb-aoer.de\/neu-isenburg\/abfall\/abfallentsorgung\/plastik-ist-kein-biomuell-tag-der-nachhaltigkeit\/","og_locale":"de_DE","og_type":"article","og_title":"Plastik ist kein Bioabfall - DLB Neu-Isenburg","og_description":"Bioabf\u00e4lle sind wichtig f\u00fcr den nat\u00fcrlichen Kreislauf. Die getrennte Erfassung erm\u00f6glicht es, die im Biom\u00fcll enthaltenen energiereichen Wertstoffe zu nutzen. Bioabfall ist [&hellip;]","og_url":"https:\/\/dlb-aoer.de\/neu-isenburg\/abfall\/abfallentsorgung\/plastik-ist-kein-biomuell-tag-der-nachhaltigkeit\/","og_site_name":"DLB Neu-Isenburg","article_modified_time":"2021-12-17T07:55:22+00:00","og_image":[{"url":"https:\/\/dlb-aoer.de\/neu-isenburg\/wp-content\/uploads\/sites\/2\/2020\/09\/Flyer-vorne-Hinten-230x300.jpg"}],"twitter_card":"summary_large_image","twitter_misc":{"Gesch\u00e4tzte Lesezeit":"1\u00a0Minute"},"schema":{"@context":"https:\/\/schema.org","@graph":[{"@type":"WebPage","@id":"https:\/\/dlb-aoer.de\/neu-isenburg\/abfall\/abfallentsorgung\/plastik-ist-kein-biomuell-tag-der-nachhaltigkeit\/","url":"https:\/\/dlb-aoer.de\/neu-isenburg\/abfall\/abfallentsorgung\/plastik-ist-kein-biomuell-tag-der-nachhaltigkeit\/","name":"Plastik ist kein Bioabfall - DLB Neu-Isenburg","isPartOf":{"@id":"https:\/\/dlb-aoer.de\/neu-isenburg\/#website"},"datePublished":"2020-09-10T07:01:49+00:00","dateModified":"2021-12-17T07:55:22+00:00","breadcrumb":{"@id":"https:\/\/dlb-aoer.de\/neu-isenburg\/abfall\/abfallentsorgung\/plastik-ist-kein-biomuell-tag-der-nachhaltigkeit\/#breadcrumb"},"inLanguage":"de","potentialAction":[{"@type":"ReadAction","target":["https:\/\/dlb-aoer.de\/neu-isenburg\/abfall\/abfallentsorgung\/plastik-ist-kein-biomuell-tag-der-nachhaltigkeit\/"]}]},{"@type":"BreadcrumbList","@id":"https:\/\/dlb-aoer.de\/neu-isenburg\/abfall\/abfallentsorgung\/plastik-ist-kein-biomuell-tag-der-nachhaltigkeit\/#breadcrumb","itemListElement":[{"@type":"ListItem","position":1,"name":"Startseite","item":"https:\/\/dlb-aoer.de\/neu-isenburg\/"},{"@type":"ListItem","position":2,"name":"Abfall","item":"https:\/\/dlb-aoer.de\/neu-isenburg\/abfall\/"},{"@type":"ListItem","position":3,"name":"Abfallentsorgung","item":"https:\/\/dlb-aoer.de\/neu-isenburg\/abfall\/abfallentsorgung\/"},{"@type":"ListItem","position":4,"name":"Plastik ist kein Bioabfall"}]},{"@type":"WebSite","@id":"https:\/\/dlb-aoer.de\/neu-isenburg\/#website","url":"https:\/\/dlb-aoer.de\/neu-isenburg\/","name":"DLB Neu-Isenburg","description":"","publisher":{"@id":"https:\/\/dlb-aoer.de\/neu-isenburg\/#organization"},"potentialAction":[{"@type":"SearchAction","target":{"@type":"EntryPoint","urlTemplate":"https:\/\/dlb-aoer.de\/neu-isenburg\/?s={search_term_string}"},"query-input":"required name=search_term_string"}],"inLanguage":"de"},{"@type":"Organization","@id":"https:\/\/dlb-aoer.de\/neu-isenburg\/#organization","name":"Dienstleistungsbetrieb Dreieich und Neu-Isenburg A\u00f6R","url":"https:\/\/dlb-aoer.de\/neu-isenburg\/","logo":{"@type":"ImageObject","inLanguage":"de","@id":"https:\/\/dlb-aoer.de\/neu-isenburg\/#\/schema\/logo\/image\/","url":"https:\/\/dlb-aoer.de\/neu-isenburg\/wp-content\/uploads\/sites\/2\/2019\/10\/DLB_Logo_orange.svg","contentUrl":"https:\/\/dlb-aoer.de\/neu-isenburg\/wp-content\/uploads\/sites\/2\/2019\/10\/DLB_Logo_orange.svg","width":1,"height":1,"caption":"Dienstleistungsbetrieb Dreieich und Neu-Isenburg A\u00f6R"},"image":{"@id":"https:\/\/dlb-aoer.de\/neu-isenburg\/#\/schema\/logo\/image\/"}}]}},"_links":{"self":[{"href":"https:\/\/dlb-aoer.de\/neu-isenburg\/wp-json\/wp\/v2\/pages\/1442","targetHints":{"allow":["GET"]}}],"collection":[{"href":"https:\/\/dlb-aoer.de\/neu-isenburg\/wp-json\/wp\/v2\/pages"}],"about":[{"href":"https:\/\/dlb-aoer.de\/neu-isenburg\/wp-json\/wp\/v2\/types\/page"}],"author":[{"embeddable":true,"href":"https:\/\/dlb-aoer.de\/neu-isenburg\/wp-json\/wp\/v2\/users\/2"}],"replies":[{"embeddable":true,"href":"https:\/\/dlb-aoer.de\/neu-isenburg\/wp-json\/wp\/v2\/comments?post=1442"}],"version-history":[{"count":20,"href":"https:\/\/dlb-aoer.de\/neu-isenburg\/wp-json\/wp\/v2\/pages\/1442\/revisions"}],"predecessor-version":[{"id":2303,"href":"https:\/\/dlb-aoer.de\/neu-isenburg\/wp-json\/wp\/v2\/pages\/1442\/revisions\/2303"}],"up":[{"embeddable":true,"href":"https:\/\/dlb-aoer.de\/neu-isenburg\/wp-json\/wp\/v2\/pages\/61"}],"wp:attachment":[{"href":"https:\/\/dlb-aoer.de\/neu-isenburg\/wp-json\/wp\/v2\/media?parent=1442"}],"curies":[{"name":"wp","href":"https:\/\/api.w.org\/{rel}","templated":true}]}}