{"id":1134,"date":"2020-03-25T08:02:43","date_gmt":"2020-03-25T07:02:43","guid":{"rendered":"https:\/\/dlb-aoer.de\/neu-isenburg\/?page_id=1134"},"modified":"2022-04-25T12:19:14","modified_gmt":"2022-04-25T10:19:14","slug":"haeufig-gestellte-fragen-faq-corona","status":"publish","type":"page","link":"https:\/\/dlb-aoer.de\/neu-isenburg\/abfall\/haeufig-gestellte-fragen-faq-corona\/","title":{"rendered":"H\u00e4ufig gestellte Fragen FAQ &#8211; Corona"},"content":{"rendered":"\t\t<div data-elementor-type=\"wp-post\" data-elementor-id=\"1134\" class=\"elementor elementor-1134\">\n\t\t\t\t\t\t\t\t\t<section class=\"elementor-section elementor-top-section elementor-element elementor-element-78c2533 elementor-section-stretched elementor-section-boxed elementor-section-height-default elementor-section-height-default\" data-id=\"78c2533\" data-element_type=\"section\" data-settings=\"{&quot;stretch_section&quot;:&quot;section-stretched&quot;}\">\n\t\t\t\t\t\t<div class=\"elementor-container elementor-column-gap-default\">\n\t\t\t\t\t<div class=\"elementor-column elementor-col-100 elementor-top-column elementor-element elementor-element-aafe9b9\" data-id=\"aafe9b9\" data-element_type=\"column\">\n\t\t\t<div class=\"elementor-widget-wrap elementor-element-populated\">\n\t\t\t\t\t\t\t\t<div class=\"elementor-element elementor-element-71a8d14 elementor-widget elementor-widget-text-editor\" data-id=\"71a8d14\" data-element_type=\"widget\" data-widget_type=\"text-editor.default\">\n\t\t\t\t<div class=\"elementor-widget-container\">\n\t\t\t\t\t\t\t<p><span style=\"color: #ff0000;\"><em>Bitte beachten! Im Verwaltungsgeb\u00e4ude der DLB A\u00f6R gilt Maskenpflicht. Auf dem Wertstoffhof gilt die Empfehlung zum Tragen eines Mund-Nasen-Schutzes.<\/em><\/span><\/p><h4>Ist der Wertstoffhof ge\u00f6ffnet?<\/h4><p>Ja \u2013 alle zugelassenen Abf\u00e4lle d\u00fcrfen abgegeben werden. Die \u00d6ffnungszeiten und weitere Informationen finden Sie in der Rubrik\u00a0<a href=\"https:\/\/dlb-aoer.de\/neu-isenburg\/abfall\/wertstoffhof\/\">Wertstoffhof<\/a>. Die <strong>Hygieneregeln<\/strong> (Abstand, Niesetikette, etc.) m\u00fcssen eingehalten werden. Das Tragen eines Mund-Nasen-Schutzes wird empfohlen.<\/p><h4>Wo entsorge ich meine Gr\u00fcnabf\u00e4lle?<\/h4><p>Gr\u00fcnabf\u00e4lle d\u00fcrfen am <a href=\"https:\/\/dlb-aoer.de\/neu-isenburg\/abfall\/wertstoffhof\/\">Wertstoffhof<\/a>, Offenbacher Str. 174 abgegeben werden. Kleinmengen Gr\u00fcnabf\u00e4lle k\u00f6nnen \u00fcber die <a href=\"https:\/\/dlb-aoer.de\/neu-isenburg\/abfall\/abfallentsorgung\/biomuell\/\">Biotonne<\/a> entsorgt werden.<\/p><h4>Wo bekomme ich M\u00fclls\u00e4cke her?<\/h4><p>Der DLB gibt aktuell alle Arten von <a href=\"https:\/\/dlb-aoer.de\/neu-isenburg\/abfall\/muellgefaesse-saecke\/\" target=\"_blank\" rel=\"noopener\">Abfalls\u00e4cken<\/a> aus. (Windels\u00e4cke, Restm\u00fclls\u00e4cke, Laubs\u00e4cke, gelbe S\u00e4cke)<br \/><strong>Ausgabestelle:<\/strong> auf dem <a href=\"https:\/\/dlb-aoer.de\/neu-isenburg\/abfall\/wertstoffhof\/\">Wertstoffhof<\/a>, Offenbacher Str. 174, Neu-Isenburg<\/p><h4>Kommt das Schadstoffmobil zu den im Abfallkalender angegebenen Zeiten?<\/h4><p>Ja, die Schadstoffabfuhr findet zu den im <a href=\"https:\/\/dlb-aoer.de\/neu-isenburg\/abfall\/abfallkalender-pdf\/\" target=\"_blank\" rel=\"noopener\">Abfallkalender<\/a> angegebenen Zeiten statt. Das Tragen eines Mund-Nasen-Schutzes ist empfohlen. Informationen zu den <a href=\"https:\/\/rmaof.de\/schadstoffsammlung\/schadstoffannahme\/\" target=\"_blank\" rel=\"noopener\">Annahmebedingungen<\/a> finden Sie auf der Internetseite der Rhein Main Abfall GmbH.<\/p>\t\t\t\t\t\t<\/div>\n\t\t\t\t<\/div>\n\t\t\t\t\t<\/div>\n\t\t<\/div>\n\t\t\t\t\t\t\t<\/div>\n\t\t<\/section>\n\t\t\t\t\t\t\t<\/div>\n\t\t","protected":false},"excerpt":{"rendered":"<p>Regelungen Wertstoffannahme + Abfallwirtschaft &#8211; Sind die Wertstoffh\u00f6fe ge\u00f6ffnet? Wo gibt es M\u00fclls\u00e4cke? Welche Vorgaben gelten?<\/p>\n","protected":false},"author":2,"featured_media":0,"parent":13,"menu_order":7,"comment_status":"closed","ping_status":"closed","template":"","meta":{"inline_featured_image":false,"footnotes":"","_links_to":"","_links_to_target":""},"class_list":["post-1134","page","type-page","status-publish","hentry"],"yoast_head":"<!-- This site is optimized with the Yoast SEO plugin v21.6 - https:\/\/yoast.com\/wordpress\/plugins\/seo\/ -->\n<title>H\u00e4ufig gestellte Fragen FAQ - Corona - DLB Neu-Isenburg<\/title>\n<meta name=\"robots\" content=\"index, follow, max-snippet:-1, max-image-preview:large, max-video-preview:-1\" \/>\n<link rel=\"canonical\" href=\"https:\/\/dlb-aoer.de\/neu-isenburg\/abfall\/haeufig-gestellte-fragen-faq-corona\/\" \/>\n<meta property=\"og:locale\" content=\"de_DE\" \/>\n<meta property=\"og:type\" content=\"article\" \/>\n<meta property=\"og:title\" content=\"H\u00e4ufig gestellte Fragen FAQ - Corona - DLB Neu-Isenburg\" \/>\n<meta property=\"og:description\" content=\"Regelungen Wertstoffannahme + Abfallwirtschaft - Sind die Wertstoffh\u00f6fe ge\u00f6ffnet? Wo gibt es M\u00fclls\u00e4cke? Welche Vorgaben gelten?\" \/>\n<meta property=\"og:url\" content=\"https:\/\/dlb-aoer.de\/neu-isenburg\/abfall\/haeufig-gestellte-fragen-faq-corona\/\" \/>\n<meta property=\"og:site_name\" content=\"DLB Neu-Isenburg\" \/>\n<meta property=\"article:modified_time\" content=\"2022-04-25T10:19:14+00:00\" \/>\n<meta name=\"twitter:card\" content=\"summary_large_image\" \/>\n<meta name=\"twitter:label1\" content=\"Gesch\u00e4tzte Lesezeit\" \/>\n\t<meta name=\"twitter:data1\" content=\"1\u00a0Minute\" \/>\n<script type=\"application\/ld+json\" class=\"yoast-schema-graph\">{\"@context\":\"https:\/\/schema.org\",\"@graph\":[{\"@type\":\"WebPage\",\"@id\":\"https:\/\/dlb-aoer.de\/neu-isenburg\/abfall\/haeufig-gestellte-fragen-faq-corona\/\",\"url\":\"https:\/\/dlb-aoer.de\/neu-isenburg\/abfall\/haeufig-gestellte-fragen-faq-corona\/\",\"name\":\"H\u00e4ufig gestellte Fragen FAQ - Corona - DLB Neu-Isenburg\",\"isPartOf\":{\"@id\":\"https:\/\/dlb-aoer.de\/neu-isenburg\/#website\"},\"datePublished\":\"2020-03-25T07:02:43+00:00\",\"dateModified\":\"2022-04-25T10:19:14+00:00\",\"breadcrumb\":{\"@id\":\"https:\/\/dlb-aoer.de\/neu-isenburg\/abfall\/haeufig-gestellte-fragen-faq-corona\/#breadcrumb\"},\"inLanguage\":\"de\",\"potentialAction\":[{\"@type\":\"ReadAction\",\"target\":[\"https:\/\/dlb-aoer.de\/neu-isenburg\/abfall\/haeufig-gestellte-fragen-faq-corona\/\"]}]},{\"@type\":\"BreadcrumbList\",\"@id\":\"https:\/\/dlb-aoer.de\/neu-isenburg\/abfall\/haeufig-gestellte-fragen-faq-corona\/#breadcrumb\",\"itemListElement\":[{\"@type\":\"ListItem\",\"position\":1,\"name\":\"Startseite\",\"item\":\"https:\/\/dlb-aoer.de\/neu-isenburg\/\"},{\"@type\":\"ListItem\",\"position\":2,\"name\":\"Abfall\",\"item\":\"https:\/\/dlb-aoer.de\/neu-isenburg\/abfall\/\"},{\"@type\":\"ListItem\",\"position\":3,\"name\":\"H\u00e4ufig gestellte Fragen FAQ &#8211; Corona\"}]},{\"@type\":\"WebSite\",\"@id\":\"https:\/\/dlb-aoer.de\/neu-isenburg\/#website\",\"url\":\"https:\/\/dlb-aoer.de\/neu-isenburg\/\",\"name\":\"DLB Neu-Isenburg\",\"description\":\"\",\"publisher\":{\"@id\":\"https:\/\/dlb-aoer.de\/neu-isenburg\/#organization\"},\"potentialAction\":[{\"@type\":\"SearchAction\",\"target\":{\"@type\":\"EntryPoint\",\"urlTemplate\":\"https:\/\/dlb-aoer.de\/neu-isenburg\/?s={search_term_string}\"},\"query-input\":\"required name=search_term_string\"}],\"inLanguage\":\"de\"},{\"@type\":\"Organization\",\"@id\":\"https:\/\/dlb-aoer.de\/neu-isenburg\/#organization\",\"name\":\"Dienstleistungsbetrieb Dreieich und Neu-Isenburg A\u00f6R\",\"url\":\"https:\/\/dlb-aoer.de\/neu-isenburg\/\",\"logo\":{\"@type\":\"ImageObject\",\"inLanguage\":\"de\",\"@id\":\"https:\/\/dlb-aoer.de\/neu-isenburg\/#\/schema\/logo\/image\/\",\"url\":\"https:\/\/dlb-aoer.de\/neu-isenburg\/wp-content\/uploads\/sites\/2\/2019\/10\/DLB_Logo_orange.svg\",\"contentUrl\":\"https:\/\/dlb-aoer.de\/neu-isenburg\/wp-content\/uploads\/sites\/2\/2019\/10\/DLB_Logo_orange.svg\",\"width\":1,\"height\":1,\"caption\":\"Dienstleistungsbetrieb Dreieich und Neu-Isenburg A\u00f6R\"},\"image\":{\"@id\":\"https:\/\/dlb-aoer.de\/neu-isenburg\/#\/schema\/logo\/image\/\"}}]}<\/script>\n<!-- \/ Yoast SEO plugin. -->","yoast_head_json":{"title":"H\u00e4ufig gestellte Fragen FAQ - Corona - DLB Neu-Isenburg","robots":{"index":"index","follow":"follow","max-snippet":"max-snippet:-1","max-image-preview":"max-image-preview:large","max-video-preview":"max-video-preview:-1"},"canonical":"https:\/\/dlb-aoer.de\/neu-isenburg\/abfall\/haeufig-gestellte-fragen-faq-corona\/","og_locale":"de_DE","og_type":"article","og_title":"H\u00e4ufig gestellte Fragen FAQ - Corona - DLB Neu-Isenburg","og_description":"Regelungen Wertstoffannahme + Abfallwirtschaft - Sind die Wertstoffh\u00f6fe ge\u00f6ffnet? Wo gibt es M\u00fclls\u00e4cke? Welche Vorgaben gelten?","og_url":"https:\/\/dlb-aoer.de\/neu-isenburg\/abfall\/haeufig-gestellte-fragen-faq-corona\/","og_site_name":"DLB Neu-Isenburg","article_modified_time":"2022-04-25T10:19:14+00:00","twitter_card":"summary_large_image","twitter_misc":{"Gesch\u00e4tzte Lesezeit":"1\u00a0Minute"},"schema":{"@context":"https:\/\/schema.org","@graph":[{"@type":"WebPage","@id":"https:\/\/dlb-aoer.de\/neu-isenburg\/abfall\/haeufig-gestellte-fragen-faq-corona\/","url":"https:\/\/dlb-aoer.de\/neu-isenburg\/abfall\/haeufig-gestellte-fragen-faq-corona\/","name":"H\u00e4ufig gestellte Fragen FAQ - Corona - DLB Neu-Isenburg","isPartOf":{"@id":"https:\/\/dlb-aoer.de\/neu-isenburg\/#website"},"datePublished":"2020-03-25T07:02:43+00:00","dateModified":"2022-04-25T10:19:14+00:00","breadcrumb":{"@id":"https:\/\/dlb-aoer.de\/neu-isenburg\/abfall\/haeufig-gestellte-fragen-faq-corona\/#breadcrumb"},"inLanguage":"de","potentialAction":[{"@type":"ReadAction","target":["https:\/\/dlb-aoer.de\/neu-isenburg\/abfall\/haeufig-gestellte-fragen-faq-corona\/"]}]},{"@type":"BreadcrumbList","@id":"https:\/\/dlb-aoer.de\/neu-isenburg\/abfall\/haeufig-gestellte-fragen-faq-corona\/#breadcrumb","itemListElement":[{"@type":"ListItem","position":1,"name":"Startseite","item":"https:\/\/dlb-aoer.de\/neu-isenburg\/"},{"@type":"ListItem","position":2,"name":"Abfall","item":"https:\/\/dlb-aoer.de\/neu-isenburg\/abfall\/"},{"@type":"ListItem","position":3,"name":"H\u00e4ufig gestellte Fragen FAQ &#8211; Corona"}]},{"@type":"WebSite","@id":"https:\/\/dlb-aoer.de\/neu-isenburg\/#website","url":"https:\/\/dlb-aoer.de\/neu-isenburg\/","name":"DLB Neu-Isenburg","description":"","publisher":{"@id":"https:\/\/dlb-aoer.de\/neu-isenburg\/#organization"},"potentialAction":[{"@type":"SearchAction","target":{"@type":"EntryPoint","urlTemplate":"https:\/\/dlb-aoer.de\/neu-isenburg\/?s={search_term_string}"},"query-input":"required name=search_term_string"}],"inLanguage":"de"},{"@type":"Organization","@id":"https:\/\/dlb-aoer.de\/neu-isenburg\/#organization","name":"Dienstleistungsbetrieb Dreieich und Neu-Isenburg A\u00f6R","url":"https:\/\/dlb-aoer.de\/neu-isenburg\/","logo":{"@type":"ImageObject","inLanguage":"de","@id":"https:\/\/dlb-aoer.de\/neu-isenburg\/#\/schema\/logo\/image\/","url":"https:\/\/dlb-aoer.de\/neu-isenburg\/wp-content\/uploads\/sites\/2\/2019\/10\/DLB_Logo_orange.svg","contentUrl":"https:\/\/dlb-aoer.de\/neu-isenburg\/wp-content\/uploads\/sites\/2\/2019\/10\/DLB_Logo_orange.svg","width":1,"height":1,"caption":"Dienstleistungsbetrieb Dreieich und Neu-Isenburg A\u00f6R"},"image":{"@id":"https:\/\/dlb-aoer.de\/neu-isenburg\/#\/schema\/logo\/image\/"}}]}},"_links":{"self":[{"href":"https:\/\/dlb-aoer.de\/neu-isenburg\/wp-json\/wp\/v2\/pages\/1134","targetHints":{"allow":["GET"]}}],"collection":[{"href":"https:\/\/dlb-aoer.de\/neu-isenburg\/wp-json\/wp\/v2\/pages"}],"about":[{"href":"https:\/\/dlb-aoer.de\/neu-isenburg\/wp-json\/wp\/v2\/types\/page"}],"author":[{"embeddable":true,"href":"https:\/\/dlb-aoer.de\/neu-isenburg\/wp-json\/wp\/v2\/users\/2"}],"replies":[{"embeddable":true,"href":"https:\/\/dlb-aoer.de\/neu-isenburg\/wp-json\/wp\/v2\/comments?post=1134"}],"version-history":[{"count":49,"href":"https:\/\/dlb-aoer.de\/neu-isenburg\/wp-json\/wp\/v2\/pages\/1134\/revisions"}],"predecessor-version":[{"id":3681,"href":"https:\/\/dlb-aoer.de\/neu-isenburg\/wp-json\/wp\/v2\/pages\/1134\/revisions\/3681"}],"up":[{"embeddable":true,"href":"https:\/\/dlb-aoer.de\/neu-isenburg\/wp-json\/wp\/v2\/pages\/13"}],"wp:attachment":[{"href":"https:\/\/dlb-aoer.de\/neu-isenburg\/wp-json\/wp\/v2\/media?parent=1134"}],"curies":[{"name":"wp","href":"https:\/\/api.w.org\/{rel}","templated":true}]}}