{"id":876,"date":"2019-10-01T23:10:29","date_gmt":"2019-10-01T21:10:29","guid":{"rendered":"https:\/\/www.dlb-aoer.de\/dreieich\/?page_id=876"},"modified":"2025-02-12T15:38:28","modified_gmt":"2025-02-12T14:38:28","slug":"lagerhoefe-und-kompostplatz","status":"publish","type":"page","link":"https:\/\/dlb-aoer.de\/dreieich\/abfall\/wertstoffhof\/lagerhoefe-und-kompostplatz\/","title":{"rendered":"Lagerh\u00f6fe und Kompostplatz"},"content":{"rendered":"\t\t<div data-elementor-type=\"wp-post\" data-elementor-id=\"876\" class=\"elementor elementor-876\">\n\t\t\t\t\t\t\t\t\t<section class=\"elementor-section elementor-top-section elementor-element elementor-element-35e61e2 elementor-section-stretched elementor-section-boxed elementor-section-height-default elementor-section-height-default\" data-id=\"35e61e2\" data-element_type=\"section\" data-settings=\"{&quot;stretch_section&quot;:&quot;section-stretched&quot;}\">\n\t\t\t\t\t\t<div class=\"elementor-container elementor-column-gap-default\">\n\t\t\t\t\t<div class=\"elementor-column elementor-col-100 elementor-top-column elementor-element elementor-element-662a9b2\" data-id=\"662a9b2\" data-element_type=\"column\">\n\t\t\t<div class=\"elementor-widget-wrap elementor-element-populated\">\n\t\t\t\t\t\t\t\t<section class=\"elementor-section elementor-inner-section elementor-element elementor-element-d0f18ad border-plus-margin elementor-section-boxed elementor-section-height-default elementor-section-height-default\" data-id=\"d0f18ad\" data-element_type=\"section\">\n\t\t\t\t\t\t<div class=\"elementor-container elementor-column-gap-default\">\n\t\t\t\t\t<div class=\"elementor-column elementor-col-100 elementor-inner-column elementor-element elementor-element-f430b29\" data-id=\"f430b29\" data-element_type=\"column\">\n\t\t\t<div class=\"elementor-widget-wrap elementor-element-populated\">\n\t\t\t\t\t\t\t\t<div class=\"elementor-element elementor-element-6248eaa elementor-widget elementor-widget-heading\" data-id=\"6248eaa\" data-element_type=\"widget\" data-widget_type=\"heading.default\">\n\t\t\t\t<div class=\"elementor-widget-container\">\n\t\t\t<h2 class=\"elementor-heading-title elementor-size-default\">Lagerh\u00f6fe<\/h2>\t\t<\/div>\n\t\t\t\t<\/div>\n\t\t\t\t<div class=\"elementor-element elementor-element-0c5a39e elementor-widget elementor-widget-text-editor\" data-id=\"0c5a39e\" data-element_type=\"widget\" data-widget_type=\"text-editor.default\">\n\t\t\t\t<div class=\"elementor-widget-container\">\n\t\t\t\t\t\t\t<p>Auf den Lagerh\u00f6fen werden <span style=\"background-color: transparent;\">Bauschutt, Gr\u00fcnschnitt, Altmetall und Gelbe S\u00e4cke angenommen.<\/span><\/p><p>Buchschlag, an der Kl\u00e4ranlage (<strong>nur Gr\u00fcnschnitt<\/strong>)<br \/>Dreieichenhain, Daimlerstr. 7<br \/>G\u00f6tzenhain, Rheinstra\u00dfe<br \/>Offenthal, Friedhofstr.<\/p>\t\t\t\t\t\t<\/div>\n\t\t\t\t<\/div>\n\t\t\t\t<div class=\"elementor-element elementor-element-46133cf elementor-widget elementor-widget-heading\" data-id=\"46133cf\" data-element_type=\"widget\" data-widget_type=\"heading.default\">\n\t\t\t\t<div class=\"elementor-widget-container\">\n\t\t\t<h3 class=\"elementor-heading-title elementor-size-default\">\u00d6ffnungszeiten Lagerh\u00f6fe:<\/h3>\t\t<\/div>\n\t\t\t\t<\/div>\n\t\t\t\t<div class=\"elementor-element elementor-element-95b8798 elementor-widget elementor-widget-text-editor\" data-id=\"95b8798\" data-element_type=\"widget\" data-widget_type=\"text-editor.default\">\n\t\t\t\t<div class=\"elementor-widget-container\">\n\t\t\t\t\t\t\t<table style=\"height: 165px;\" width=\"296\"><tbody><tr><td>Montag<\/td><td>16.00 &#8211; 19.00 Uhr<\/td><\/tr><tr><td>Dienstag<\/td><td>geschlossen<\/td><\/tr><tr><td>Mittwoch<\/td><td>09.00 &#8211; 12.00 Uhr<\/td><\/tr><tr><td>Donnerstag<\/td><td>geschlossen<\/td><\/tr><tr><td>Freitag<\/td><td>geschlossen<\/td><\/tr><tr><td>Samstag<\/td><td>09.00 Uhr \u2013 13.00 Uhr<\/td><\/tr><\/tbody><\/table><p>In der Regel bleiben die Lagerh\u00f6fe an allen im Bundesland Hessen geltenden gesetzlichen Feiertagen geschlossen. Informationen zu weiteren Schlie\u00dfterminen werden hier stets aktuell bekannt gegeben. Am 24.12. und 31.12. bleiben die Lagerh\u00f6fe geschlossen.<\/p>\t\t\t\t\t\t<\/div>\n\t\t\t\t<\/div>\n\t\t\t\t<div class=\"elementor-element elementor-element-dc02b24 elementor-widget elementor-widget-text-editor\" data-id=\"dc02b24\" data-element_type=\"widget\" data-widget_type=\"text-editor.default\">\n\t\t\t\t<div class=\"elementor-widget-container\">\n\t\t\t\t\t\t\t\t\t\t\t\t\t<\/div>\n\t\t\t\t<\/div>\n\t\t\t\t\t<\/div>\n\t\t<\/div>\n\t\t\t\t\t\t\t<\/div>\n\t\t<\/section>\n\t\t\t\t<section class=\"elementor-section elementor-inner-section elementor-element elementor-element-f2879d6 border-plus-margin elementor-section-boxed elementor-section-height-default elementor-section-height-default\" data-id=\"f2879d6\" data-element_type=\"section\">\n\t\t\t\t\t\t<div class=\"elementor-container elementor-column-gap-default\">\n\t\t\t\t\t<div class=\"elementor-column elementor-col-100 elementor-inner-column elementor-element elementor-element-bccc97e\" data-id=\"bccc97e\" data-element_type=\"column\">\n\t\t\t<div class=\"elementor-widget-wrap elementor-element-populated\">\n\t\t\t\t\t\t\t\t<div class=\"elementor-element elementor-element-d24cd72 elementor-widget elementor-widget-heading\" data-id=\"d24cd72\" data-element_type=\"widget\" data-widget_type=\"heading.default\">\n\t\t\t\t<div class=\"elementor-widget-container\">\n\t\t\t<h2 class=\"elementor-heading-title elementor-size-default\">Kompostplatz<\/h2>\t\t<\/div>\n\t\t\t\t<\/div>\n\t\t\t\t<div class=\"elementor-element elementor-element-781d349 elementor-widget elementor-widget-text-editor\" data-id=\"781d349\" data-element_type=\"widget\" data-widget_type=\"text-editor.default\">\n\t\t\t\t<div class=\"elementor-widget-container\">\n\t\t\t\t\t\t\t<p><strong style=\"background-color: transparent;\">Gr\u00fcnabf\u00e4lle<\/strong><span style=\"background-color: transparent;\"> k\u00f6nnen Sie\u00a0 zum Kompostplatz in Sprendlingen-Bornwald Herrnr\u00f6ther Str. bzw. Odenwaldstr. bringen. <\/span>Die Annahmebedingungen f\u00fcr den Kompostplatz sind in der <a href=\"https:\/\/dlb-aoer.de\/dreieich\/wp-content\/uploads\/sites\/4\/2020\/06\/2.003-0_Kompostsatzung_Lesefassung.pdf\">Kompostplatzsatzung<\/a> geregelt.<\/p>\t\t\t\t\t\t<\/div>\n\t\t\t\t<\/div>\n\t\t\t\t<div class=\"elementor-element elementor-element-62a2c85 elementor-widget elementor-widget-heading\" data-id=\"62a2c85\" data-element_type=\"widget\" data-widget_type=\"heading.default\">\n\t\t\t\t<div class=\"elementor-widget-container\">\n\t\t\t<h3 class=\"elementor-heading-title elementor-size-default\">\u00d6ffnungszeiten Kompostplatz:<\/h3>\t\t<\/div>\n\t\t\t\t<\/div>\n\t\t\t\t<div class=\"elementor-element elementor-element-eded60e elementor-widget elementor-widget-text-editor\" data-id=\"eded60e\" data-element_type=\"widget\" data-widget_type=\"text-editor.default\">\n\t\t\t\t<div class=\"elementor-widget-container\">\n\t\t\t\t\t\t\t<p>Von 16. Februar bis 30. November gelten folgende \u00d6ffnungszeiten:<\/p><table><tbody><tr><td>Montag<\/td><td>12.00 &#8211; 18.00 Uhr<\/td><\/tr><tr><td>Dienstag<\/td><td>08.00 &#8211; 16.00 Uhr<\/td><\/tr><tr><td>Mittwoch<\/td><td>geschlossen<\/td><\/tr><tr><td>Donnerstag<\/td><td>08.00 &#8211; 16.00 Uhr<\/td><\/tr><tr><td>Freitag<\/td><td>08.00 &#8211; 16.00 Uhr<\/td><\/tr><tr><td>Samstag<\/td><td>08.00 &#8211; 14.00 Uhr<\/td><\/tr><\/tbody><\/table><p>In der Zeit vom 01. Dezember bis 15. Februar bleibt der Kompostplatz geschlossen.<\/p>\t\t\t\t\t\t<\/div>\n\t\t\t\t<\/div>\n\t\t\t\t\t<\/div>\n\t\t<\/div>\n\t\t\t\t\t\t\t<\/div>\n\t\t<\/section>\n\t\t\t\t\t<\/div>\n\t\t<\/div>\n\t\t\t\t\t\t\t<\/div>\n\t\t<\/section>\n\t\t\t\t\t\t\t<\/div>\n\t\t","protected":false},"excerpt":{"rendered":"<p>Lagerh\u00f6fe Auf den Lagerh\u00f6fen werden Bauschutt, Gr\u00fcnschnitt, Altmetall und Gelbe S\u00e4cke angenommen. Buchschlag, an der Kl\u00e4ranlage (nur Gr\u00fcnschnitt)Dreieichenhain, Daimlerstr. 7G\u00f6tzenhain, Rheinstra\u00dfeOffenthal, Friedhofstr. [&hellip;]<\/p>\n","protected":false},"author":2,"featured_media":0,"parent":155,"menu_order":1,"comment_status":"closed","ping_status":"closed","template":"","meta":{"inline_featured_image":false,"footnotes":"","_links_to":"","_links_to_target":""},"class_list":["post-876","page","type-page","status-publish","hentry"],"yoast_head":"<!-- This site is optimized with the Yoast SEO plugin v21.6 - https:\/\/yoast.com\/wordpress\/plugins\/seo\/ -->\n<title>Lagerh\u00f6fe und Kompostplatz - DLB Dreieich<\/title>\n<meta name=\"robots\" content=\"index, follow, max-snippet:-1, max-image-preview:large, max-video-preview:-1\" \/>\n<link rel=\"canonical\" href=\"https:\/\/dlb-aoer.de\/dreieich\/abfall\/wertstoffhof\/lagerhoefe-und-kompostplatz\/\" \/>\n<meta property=\"og:locale\" content=\"de_DE\" \/>\n<meta property=\"og:type\" content=\"article\" \/>\n<meta property=\"og:title\" content=\"Lagerh\u00f6fe und Kompostplatz - DLB Dreieich\" \/>\n<meta property=\"og:description\" content=\"Lagerh\u00f6fe Auf den Lagerh\u00f6fen werden Bauschutt, Gr\u00fcnschnitt, Altmetall und Gelbe S\u00e4cke angenommen. Buchschlag, an der Kl\u00e4ranlage (nur Gr\u00fcnschnitt)Dreieichenhain, Daimlerstr. 7G\u00f6tzenhain, Rheinstra\u00dfeOffenthal, Friedhofstr. [&hellip;]\" \/>\n<meta property=\"og:url\" content=\"https:\/\/dlb-aoer.de\/dreieich\/abfall\/wertstoffhof\/lagerhoefe-und-kompostplatz\/\" \/>\n<meta property=\"og:site_name\" content=\"DLB Dreieich\" \/>\n<meta property=\"article:modified_time\" content=\"2025-02-12T14:38:28+00:00\" \/>\n<meta name=\"twitter:card\" content=\"summary_large_image\" \/>\n<meta name=\"twitter:label1\" content=\"Gesch\u00e4tzte Lesezeit\" \/>\n\t<meta name=\"twitter:data1\" content=\"1\u00a0Minute\" \/>\n<script type=\"application\/ld+json\" class=\"yoast-schema-graph\">{\"@context\":\"https:\/\/schema.org\",\"@graph\":[{\"@type\":\"WebPage\",\"@id\":\"https:\/\/dlb-aoer.de\/dreieich\/abfall\/wertstoffhof\/lagerhoefe-und-kompostplatz\/\",\"url\":\"https:\/\/dlb-aoer.de\/dreieich\/abfall\/wertstoffhof\/lagerhoefe-und-kompostplatz\/\",\"name\":\"Lagerh\u00f6fe und Kompostplatz - DLB Dreieich\",\"isPartOf\":{\"@id\":\"https:\/\/dlb-aoer.de\/dreieich\/#website\"},\"datePublished\":\"2019-10-01T21:10:29+00:00\",\"dateModified\":\"2025-02-12T14:38:28+00:00\",\"breadcrumb\":{\"@id\":\"https:\/\/dlb-aoer.de\/dreieich\/abfall\/wertstoffhof\/lagerhoefe-und-kompostplatz\/#breadcrumb\"},\"inLanguage\":\"de\",\"potentialAction\":[{\"@type\":\"ReadAction\",\"target\":[\"https:\/\/dlb-aoer.de\/dreieich\/abfall\/wertstoffhof\/lagerhoefe-und-kompostplatz\/\"]}]},{\"@type\":\"BreadcrumbList\",\"@id\":\"https:\/\/dlb-aoer.de\/dreieich\/abfall\/wertstoffhof\/lagerhoefe-und-kompostplatz\/#breadcrumb\",\"itemListElement\":[{\"@type\":\"ListItem\",\"position\":1,\"name\":\"Startseite\",\"item\":\"https:\/\/dlb-aoer.de\/dreieich\/\"},{\"@type\":\"ListItem\",\"position\":2,\"name\":\"Abfall\",\"item\":\"https:\/\/dlb-aoer.de\/dreieich\/abfall\/\"},{\"@type\":\"ListItem\",\"position\":3,\"name\":\"Wertstoffhof\",\"item\":\"https:\/\/dlb-aoer.de\/dreieich\/abfall\/wertstoffhof\/\"},{\"@type\":\"ListItem\",\"position\":4,\"name\":\"Lagerh\u00f6fe und Kompostplatz\"}]},{\"@type\":\"WebSite\",\"@id\":\"https:\/\/dlb-aoer.de\/dreieich\/#website\",\"url\":\"https:\/\/dlb-aoer.de\/dreieich\/\",\"name\":\"DLB Dreieich\",\"description\":\"\",\"publisher\":{\"@id\":\"https:\/\/dlb-aoer.de\/dreieich\/#organization\"},\"potentialAction\":[{\"@type\":\"SearchAction\",\"target\":{\"@type\":\"EntryPoint\",\"urlTemplate\":\"https:\/\/dlb-aoer.de\/dreieich\/?s={search_term_string}\"},\"query-input\":\"required name=search_term_string\"}],\"inLanguage\":\"de\"},{\"@type\":\"Organization\",\"@id\":\"https:\/\/dlb-aoer.de\/dreieich\/#organization\",\"name\":\"Dienstleistungsbetrieb Dreieich und Neu-Isenburg A\u00f6R\",\"url\":\"https:\/\/dlb-aoer.de\/dreieich\/\",\"logo\":{\"@type\":\"ImageObject\",\"inLanguage\":\"de\",\"@id\":\"https:\/\/dlb-aoer.de\/dreieich\/#\/schema\/logo\/image\/\",\"url\":\"https:\/\/dlb-aoer.de\/dreieich\/wp-content\/uploads\/sites\/4\/2019\/10\/DLB_Logo_orange.svg\",\"contentUrl\":\"https:\/\/dlb-aoer.de\/dreieich\/wp-content\/uploads\/sites\/4\/2019\/10\/DLB_Logo_orange.svg\",\"width\":1,\"height\":1,\"caption\":\"Dienstleistungsbetrieb Dreieich und Neu-Isenburg A\u00f6R\"},\"image\":{\"@id\":\"https:\/\/dlb-aoer.de\/dreieich\/#\/schema\/logo\/image\/\"}}]}<\/script>\n<!-- \/ Yoast SEO plugin. -->","yoast_head_json":{"title":"Lagerh\u00f6fe und Kompostplatz - DLB Dreieich","robots":{"index":"index","follow":"follow","max-snippet":"max-snippet:-1","max-image-preview":"max-image-preview:large","max-video-preview":"max-video-preview:-1"},"canonical":"https:\/\/dlb-aoer.de\/dreieich\/abfall\/wertstoffhof\/lagerhoefe-und-kompostplatz\/","og_locale":"de_DE","og_type":"article","og_title":"Lagerh\u00f6fe und Kompostplatz - DLB Dreieich","og_description":"Lagerh\u00f6fe Auf den Lagerh\u00f6fen werden Bauschutt, Gr\u00fcnschnitt, Altmetall und Gelbe S\u00e4cke angenommen. Buchschlag, an der Kl\u00e4ranlage (nur Gr\u00fcnschnitt)Dreieichenhain, Daimlerstr. 7G\u00f6tzenhain, Rheinstra\u00dfeOffenthal, Friedhofstr. [&hellip;]","og_url":"https:\/\/dlb-aoer.de\/dreieich\/abfall\/wertstoffhof\/lagerhoefe-und-kompostplatz\/","og_site_name":"DLB Dreieich","article_modified_time":"2025-02-12T14:38:28+00:00","twitter_card":"summary_large_image","twitter_misc":{"Gesch\u00e4tzte Lesezeit":"1\u00a0Minute"},"schema":{"@context":"https:\/\/schema.org","@graph":[{"@type":"WebPage","@id":"https:\/\/dlb-aoer.de\/dreieich\/abfall\/wertstoffhof\/lagerhoefe-und-kompostplatz\/","url":"https:\/\/dlb-aoer.de\/dreieich\/abfall\/wertstoffhof\/lagerhoefe-und-kompostplatz\/","name":"Lagerh\u00f6fe und Kompostplatz - DLB Dreieich","isPartOf":{"@id":"https:\/\/dlb-aoer.de\/dreieich\/#website"},"datePublished":"2019-10-01T21:10:29+00:00","dateModified":"2025-02-12T14:38:28+00:00","breadcrumb":{"@id":"https:\/\/dlb-aoer.de\/dreieich\/abfall\/wertstoffhof\/lagerhoefe-und-kompostplatz\/#breadcrumb"},"inLanguage":"de","potentialAction":[{"@type":"ReadAction","target":["https:\/\/dlb-aoer.de\/dreieich\/abfall\/wertstoffhof\/lagerhoefe-und-kompostplatz\/"]}]},{"@type":"BreadcrumbList","@id":"https:\/\/dlb-aoer.de\/dreieich\/abfall\/wertstoffhof\/lagerhoefe-und-kompostplatz\/#breadcrumb","itemListElement":[{"@type":"ListItem","position":1,"name":"Startseite","item":"https:\/\/dlb-aoer.de\/dreieich\/"},{"@type":"ListItem","position":2,"name":"Abfall","item":"https:\/\/dlb-aoer.de\/dreieich\/abfall\/"},{"@type":"ListItem","position":3,"name":"Wertstoffhof","item":"https:\/\/dlb-aoer.de\/dreieich\/abfall\/wertstoffhof\/"},{"@type":"ListItem","position":4,"name":"Lagerh\u00f6fe und Kompostplatz"}]},{"@type":"WebSite","@id":"https:\/\/dlb-aoer.de\/dreieich\/#website","url":"https:\/\/dlb-aoer.de\/dreieich\/","name":"DLB Dreieich","description":"","publisher":{"@id":"https:\/\/dlb-aoer.de\/dreieich\/#organization"},"potentialAction":[{"@type":"SearchAction","target":{"@type":"EntryPoint","urlTemplate":"https:\/\/dlb-aoer.de\/dreieich\/?s={search_term_string}"},"query-input":"required name=search_term_string"}],"inLanguage":"de"},{"@type":"Organization","@id":"https:\/\/dlb-aoer.de\/dreieich\/#organization","name":"Dienstleistungsbetrieb Dreieich und Neu-Isenburg A\u00f6R","url":"https:\/\/dlb-aoer.de\/dreieich\/","logo":{"@type":"ImageObject","inLanguage":"de","@id":"https:\/\/dlb-aoer.de\/dreieich\/#\/schema\/logo\/image\/","url":"https:\/\/dlb-aoer.de\/dreieich\/wp-content\/uploads\/sites\/4\/2019\/10\/DLB_Logo_orange.svg","contentUrl":"https:\/\/dlb-aoer.de\/dreieich\/wp-content\/uploads\/sites\/4\/2019\/10\/DLB_Logo_orange.svg","width":1,"height":1,"caption":"Dienstleistungsbetrieb Dreieich und Neu-Isenburg A\u00f6R"},"image":{"@id":"https:\/\/dlb-aoer.de\/dreieich\/#\/schema\/logo\/image\/"}}]}},"_links":{"self":[{"href":"https:\/\/dlb-aoer.de\/dreieich\/wp-json\/wp\/v2\/pages\/876","targetHints":{"allow":["GET"]}}],"collection":[{"href":"https:\/\/dlb-aoer.de\/dreieich\/wp-json\/wp\/v2\/pages"}],"about":[{"href":"https:\/\/dlb-aoer.de\/dreieich\/wp-json\/wp\/v2\/types\/page"}],"author":[{"embeddable":true,"href":"https:\/\/dlb-aoer.de\/dreieich\/wp-json\/wp\/v2\/users\/2"}],"replies":[{"embeddable":true,"href":"https:\/\/dlb-aoer.de\/dreieich\/wp-json\/wp\/v2\/comments?post=876"}],"version-history":[{"count":44,"href":"https:\/\/dlb-aoer.de\/dreieich\/wp-json\/wp\/v2\/pages\/876\/revisions"}],"predecessor-version":[{"id":4475,"href":"https:\/\/dlb-aoer.de\/dreieich\/wp-json\/wp\/v2\/pages\/876\/revisions\/4475"}],"up":[{"embeddable":true,"href":"https:\/\/dlb-aoer.de\/dreieich\/wp-json\/wp\/v2\/pages\/155"}],"wp:attachment":[{"href":"https:\/\/dlb-aoer.de\/dreieich\/wp-json\/wp\/v2\/media?parent=876"}],"curies":[{"name":"wp","href":"https:\/\/api.w.org\/{rel}","templated":true}]}}