{"id":544,"date":"2019-05-15T11:03:24","date_gmt":"2019-05-15T09:03:24","guid":{"rendered":"https:\/\/www.dlb-aoer.de\/dreieich\/?page_id=544"},"modified":"2024-08-30T12:29:23","modified_gmt":"2024-08-30T10:29:23","slug":"impressum","status":"publish","type":"page","link":"https:\/\/dlb-aoer.de\/dreieich\/impressum\/","title":{"rendered":"Impressum"},"content":{"rendered":"\t\t<div data-elementor-type=\"wp-post\" data-elementor-id=\"544\" class=\"elementor elementor-544\">\n\t\t\t\t\t\t\t\t\t<section class=\"elementor-section elementor-top-section elementor-element elementor-element-132439a elementor-section-stretched elementor-section-boxed elementor-section-height-default elementor-section-height-default\" data-id=\"132439a\" data-element_type=\"section\" data-settings=\"{&quot;stretch_section&quot;:&quot;section-stretched&quot;}\">\n\t\t\t\t\t\t<div class=\"elementor-container elementor-column-gap-default\">\n\t\t\t\t\t<div class=\"elementor-column elementor-col-100 elementor-top-column elementor-element elementor-element-c6a1c06\" data-id=\"c6a1c06\" data-element_type=\"column\">\n\t\t\t<div class=\"elementor-widget-wrap elementor-element-populated\">\n\t\t\t\t\t\t\t\t<div class=\"elementor-element elementor-element-77cd320 elementor-widget elementor-widget-text-editor\" data-id=\"77cd320\" data-element_type=\"widget\" data-widget_type=\"text-editor.default\">\n\t\t\t\t<div class=\"elementor-widget-container\">\n\t\t\t\t\t\t\t<p><strong>Herausgeber:<\/strong><br \/>Dienstleistungsbetrieb Dreieich und Neu-Isenburg A\u00f6R<br \/>Offenbacher Stra\u00dfe 174<br \/>63263 Neu-Isenburg<\/p><p>Telefon: 06102 \/ 3702 &#8211; 0<br \/>Telefax: 06102 \/ 3702 &#8211; 498<br \/><a href=\"mailto:kontakt@dlb-aoer.de\">E-Mail<\/a><\/p><div>Steuernummer: 044 226 80245<\/div><div>USt-IdNr.: DE 293823278<\/div><div>Handelsregisternr.: HRA 42408<\/div><p><strong>Vorsitzender des Verwaltungsrats:<\/strong><\/p><p>Erster Stadtrat der Stadt Neu-Isenburg Herr Stefan Schmitt<\/p><p><strong>Vorstand:<\/strong><br \/>Dipl.-Kff. Petra Klink<\/p><p><strong>Inhaltlich verantwortlich gem\u00e4\u00df \u00a7 6 MDStV:<\/strong><br \/>Petra Klink, Vorstand<\/p><p><strong>Verbraucherstreitbeilegung: <\/strong>Wir nehmen nicht an einem Streitbeilegungsverfahren vor einer Verbraucherstreitschlichtungsstelle teil.<\/p><p><strong>Kreation:<\/strong><br \/>TEAMWERBUNG 3.0<br \/>Otto-Wels-Stra\u00dfe 2<br \/>63452 Hanau<br \/>Telefon: 06181 \/ 91 6 99-0<br \/><a href=\"mailto:welcome@teamwerbung.de\">E-Mail<\/a><br \/><a href=\"http:\/\/www.teamwerbung.de\/\">www.teamwerbung.de<\/a><\/p><p><strong>Rechtshinweise und Copyright:<\/strong><br \/>Der Dom\u00e4nenname dlb-aoer.de ist registriert auf den Dienstleistungsbetrieb Dreieich und Neu-Isenburg A\u00f6R, Offenbacher Stra\u00dfe 174, 63263 Neu-Isenburg. Die Homepage dlb-aoer.de wird kostenlos angeboten. Der Dienstleistungsbetrieb Dreieich und Neu-Isenburg A\u00f6R beh\u00e4lt sich vor, den Leistungsumfang jederzeit zu \u00e4ndern und in Teilen geb\u00fchrenpflichtig anzubieten.<\/p><p>Die auf dlb-aoer.de wiedergegebenen Texte, Bilder und audiovisuellen Inhalte sowie das Layout und Design sind urheberrechtlich gesch\u00fctzt und d\u00fcrfen ohne vorherige Zustimmung des Dienstleistungsbetriebs Dreieich und Neu-Isenburg A\u00f6R bzw. anderer Rechteinhaber nicht zu anderen als rein privaten Zwecken verwendet werden. Insbesondere ist eine \u00f6ffentliche Wiedergabe oder Ver\u00e4nderung der Inhalte unzul\u00e4ssig. Einzelne Inhalte k\u00f6nnen spezielle Urheberechtsvermerke enthalten, die zu beachten sind.<\/p><p>Trotz sorgf\u00e4ltiger inhaltlicher Kontrolle \u00fcbernehmen wir keine Haftung\/Gew\u00e4hrleistung f\u00fcr die Richtigkeit der im Rahmen dieses Internetdienstes abrufbaren Informationen. Eine Haftung f\u00fcr Sch\u00e4den, die sich aus der Verwendung der auf dlb-aoer.de ver\u00f6ffentlichten Inhalte ergeben, ist ausgeschlossen.<\/p><p>F\u00fcr den Inhalt der verlinkten Internetseiten sind ausschlie\u00dflich deren Betreiber verantwortlich. Der Dienstleistungsbetrieb Dreieich und Neu-Isenburg A\u00f6R hat keinen Einfluss auf Inhalt und Gestaltung der verlinkten Seiten. Die Nutzung von Links, die zu Seiten au\u00dferhalb von dlb-aoer.de f\u00fchren, erfolgt auf eigene Verantwortung der Nutzer.<\/p>\t\t\t\t\t\t<\/div>\n\t\t\t\t<\/div>\n\t\t\t\t\t<\/div>\n\t\t<\/div>\n\t\t\t\t\t\t\t<\/div>\n\t\t<\/section>\n\t\t\t\t\t\t\t<\/div>\n\t\t","protected":false},"excerpt":{"rendered":"<p>Herausgeber:Dienstleistungsbetrieb Dreieich und Neu-Isenburg A\u00f6ROffenbacher Stra\u00dfe 17463263 Neu-Isenburg Telefon: 06102 \/ 3702 &#8211; 0Telefax: 06102 \/ 3702 &#8211; 498E-Mail Steuernummer: 044 226 [&hellip;]<\/p>\n","protected":false},"author":2,"featured_media":34,"parent":0,"menu_order":0,"comment_status":"closed","ping_status":"closed","template":"","meta":{"inline_featured_image":false,"footnotes":"","_links_to":"","_links_to_target":""},"class_list":["post-544","page","type-page","status-publish","has-post-thumbnail","hentry"],"yoast_head":"<!-- This site is optimized with the Yoast SEO plugin v21.6 - https:\/\/yoast.com\/wordpress\/plugins\/seo\/ -->\n<title>Impressum - DLB Dreieich<\/title>\n<meta name=\"robots\" content=\"index, follow, max-snippet:-1, max-image-preview:large, max-video-preview:-1\" \/>\n<link rel=\"canonical\" href=\"https:\/\/dlb-aoer.de\/dreieich\/impressum\/\" \/>\n<meta property=\"og:locale\" content=\"de_DE\" \/>\n<meta property=\"og:type\" content=\"article\" \/>\n<meta property=\"og:title\" content=\"Impressum - DLB Dreieich\" \/>\n<meta property=\"og:description\" content=\"Herausgeber:Dienstleistungsbetrieb Dreieich und Neu-Isenburg A\u00f6ROffenbacher Stra\u00dfe 17463263 Neu-Isenburg Telefon: 06102 \/ 3702 &#8211; 0Telefax: 06102 \/ 3702 &#8211; 498E-Mail Steuernummer: 044 226 [&hellip;]\" \/>\n<meta property=\"og:url\" content=\"https:\/\/dlb-aoer.de\/dreieich\/impressum\/\" \/>\n<meta property=\"og:site_name\" content=\"DLB Dreieich\" \/>\n<meta property=\"article:modified_time\" content=\"2024-08-30T10:29:23+00:00\" \/>\n<meta property=\"og:image\" content=\"https:\/\/dlb-aoer.de\/dreieich\/wp-content\/uploads\/sites\/4\/2019\/04\/header-1.jpg\" \/>\n\t<meta property=\"og:image:width\" content=\"2400\" \/>\n\t<meta property=\"og:image:height\" content=\"628\" \/>\n\t<meta property=\"og:image:type\" content=\"image\/jpeg\" \/>\n<meta name=\"twitter:card\" content=\"summary_large_image\" \/>\n<meta name=\"twitter:label1\" content=\"Gesch\u00e4tzte Lesezeit\" \/>\n\t<meta name=\"twitter:data1\" content=\"2\u00a0Minuten\" \/>\n<script type=\"application\/ld+json\" class=\"yoast-schema-graph\">{\"@context\":\"https:\/\/schema.org\",\"@graph\":[{\"@type\":\"WebPage\",\"@id\":\"https:\/\/dlb-aoer.de\/dreieich\/impressum\/\",\"url\":\"https:\/\/dlb-aoer.de\/dreieich\/impressum\/\",\"name\":\"Impressum - DLB Dreieich\",\"isPartOf\":{\"@id\":\"https:\/\/dlb-aoer.de\/dreieich\/#website\"},\"datePublished\":\"2019-05-15T09:03:24+00:00\",\"dateModified\":\"2024-08-30T10:29:23+00:00\",\"breadcrumb\":{\"@id\":\"https:\/\/dlb-aoer.de\/dreieich\/impressum\/#breadcrumb\"},\"inLanguage\":\"de\",\"potentialAction\":[{\"@type\":\"ReadAction\",\"target\":[\"https:\/\/dlb-aoer.de\/dreieich\/impressum\/\"]}]},{\"@type\":\"BreadcrumbList\",\"@id\":\"https:\/\/dlb-aoer.de\/dreieich\/impressum\/#breadcrumb\",\"itemListElement\":[{\"@type\":\"ListItem\",\"position\":1,\"name\":\"Startseite\",\"item\":\"https:\/\/dlb-aoer.de\/dreieich\/\"},{\"@type\":\"ListItem\",\"position\":2,\"name\":\"Impressum\"}]},{\"@type\":\"WebSite\",\"@id\":\"https:\/\/dlb-aoer.de\/dreieich\/#website\",\"url\":\"https:\/\/dlb-aoer.de\/dreieich\/\",\"name\":\"DLB Dreieich\",\"description\":\"\",\"publisher\":{\"@id\":\"https:\/\/dlb-aoer.de\/dreieich\/#organization\"},\"potentialAction\":[{\"@type\":\"SearchAction\",\"target\":{\"@type\":\"EntryPoint\",\"urlTemplate\":\"https:\/\/dlb-aoer.de\/dreieich\/?s={search_term_string}\"},\"query-input\":\"required name=search_term_string\"}],\"inLanguage\":\"de\"},{\"@type\":\"Organization\",\"@id\":\"https:\/\/dlb-aoer.de\/dreieich\/#organization\",\"name\":\"Dienstleistungsbetrieb Dreieich und Neu-Isenburg A\u00f6R\",\"url\":\"https:\/\/dlb-aoer.de\/dreieich\/\",\"logo\":{\"@type\":\"ImageObject\",\"inLanguage\":\"de\",\"@id\":\"https:\/\/dlb-aoer.de\/dreieich\/#\/schema\/logo\/image\/\",\"url\":\"https:\/\/dlb-aoer.de\/dreieich\/wp-content\/uploads\/sites\/4\/2019\/10\/DLB_Logo_orange.svg\",\"contentUrl\":\"https:\/\/dlb-aoer.de\/dreieich\/wp-content\/uploads\/sites\/4\/2019\/10\/DLB_Logo_orange.svg\",\"width\":1,\"height\":1,\"caption\":\"Dienstleistungsbetrieb Dreieich und Neu-Isenburg A\u00f6R\"},\"image\":{\"@id\":\"https:\/\/dlb-aoer.de\/dreieich\/#\/schema\/logo\/image\/\"}}]}<\/script>\n<!-- \/ Yoast SEO plugin. -->","yoast_head_json":{"title":"Impressum - DLB Dreieich","robots":{"index":"index","follow":"follow","max-snippet":"max-snippet:-1","max-image-preview":"max-image-preview:large","max-video-preview":"max-video-preview:-1"},"canonical":"https:\/\/dlb-aoer.de\/dreieich\/impressum\/","og_locale":"de_DE","og_type":"article","og_title":"Impressum - DLB Dreieich","og_description":"Herausgeber:Dienstleistungsbetrieb Dreieich und Neu-Isenburg A\u00f6ROffenbacher Stra\u00dfe 17463263 Neu-Isenburg Telefon: 06102 \/ 3702 &#8211; 0Telefax: 06102 \/ 3702 &#8211; 498E-Mail Steuernummer: 044 226 [&hellip;]","og_url":"https:\/\/dlb-aoer.de\/dreieich\/impressum\/","og_site_name":"DLB Dreieich","article_modified_time":"2024-08-30T10:29:23+00:00","og_image":[{"width":2400,"height":628,"url":"https:\/\/dlb-aoer.de\/dreieich\/wp-content\/uploads\/sites\/4\/2019\/04\/header-1.jpg","type":"image\/jpeg"}],"twitter_card":"summary_large_image","twitter_misc":{"Gesch\u00e4tzte Lesezeit":"2\u00a0Minuten"},"schema":{"@context":"https:\/\/schema.org","@graph":[{"@type":"WebPage","@id":"https:\/\/dlb-aoer.de\/dreieich\/impressum\/","url":"https:\/\/dlb-aoer.de\/dreieich\/impressum\/","name":"Impressum - DLB Dreieich","isPartOf":{"@id":"https:\/\/dlb-aoer.de\/dreieich\/#website"},"datePublished":"2019-05-15T09:03:24+00:00","dateModified":"2024-08-30T10:29:23+00:00","breadcrumb":{"@id":"https:\/\/dlb-aoer.de\/dreieich\/impressum\/#breadcrumb"},"inLanguage":"de","potentialAction":[{"@type":"ReadAction","target":["https:\/\/dlb-aoer.de\/dreieich\/impressum\/"]}]},{"@type":"BreadcrumbList","@id":"https:\/\/dlb-aoer.de\/dreieich\/impressum\/#breadcrumb","itemListElement":[{"@type":"ListItem","position":1,"name":"Startseite","item":"https:\/\/dlb-aoer.de\/dreieich\/"},{"@type":"ListItem","position":2,"name":"Impressum"}]},{"@type":"WebSite","@id":"https:\/\/dlb-aoer.de\/dreieich\/#website","url":"https:\/\/dlb-aoer.de\/dreieich\/","name":"DLB Dreieich","description":"","publisher":{"@id":"https:\/\/dlb-aoer.de\/dreieich\/#organization"},"potentialAction":[{"@type":"SearchAction","target":{"@type":"EntryPoint","urlTemplate":"https:\/\/dlb-aoer.de\/dreieich\/?s={search_term_string}"},"query-input":"required name=search_term_string"}],"inLanguage":"de"},{"@type":"Organization","@id":"https:\/\/dlb-aoer.de\/dreieich\/#organization","name":"Dienstleistungsbetrieb Dreieich und Neu-Isenburg A\u00f6R","url":"https:\/\/dlb-aoer.de\/dreieich\/","logo":{"@type":"ImageObject","inLanguage":"de","@id":"https:\/\/dlb-aoer.de\/dreieich\/#\/schema\/logo\/image\/","url":"https:\/\/dlb-aoer.de\/dreieich\/wp-content\/uploads\/sites\/4\/2019\/10\/DLB_Logo_orange.svg","contentUrl":"https:\/\/dlb-aoer.de\/dreieich\/wp-content\/uploads\/sites\/4\/2019\/10\/DLB_Logo_orange.svg","width":1,"height":1,"caption":"Dienstleistungsbetrieb Dreieich und Neu-Isenburg A\u00f6R"},"image":{"@id":"https:\/\/dlb-aoer.de\/dreieich\/#\/schema\/logo\/image\/"}}]}},"_links":{"self":[{"href":"https:\/\/dlb-aoer.de\/dreieich\/wp-json\/wp\/v2\/pages\/544","targetHints":{"allow":["GET"]}}],"collection":[{"href":"https:\/\/dlb-aoer.de\/dreieich\/wp-json\/wp\/v2\/pages"}],"about":[{"href":"https:\/\/dlb-aoer.de\/dreieich\/wp-json\/wp\/v2\/types\/page"}],"author":[{"embeddable":true,"href":"https:\/\/dlb-aoer.de\/dreieich\/wp-json\/wp\/v2\/users\/2"}],"replies":[{"embeddable":true,"href":"https:\/\/dlb-aoer.de\/dreieich\/wp-json\/wp\/v2\/comments?post=544"}],"version-history":[{"count":21,"href":"https:\/\/dlb-aoer.de\/dreieich\/wp-json\/wp\/v2\/pages\/544\/revisions"}],"predecessor-version":[{"id":4297,"href":"https:\/\/dlb-aoer.de\/dreieich\/wp-json\/wp\/v2\/pages\/544\/revisions\/4297"}],"wp:featuredmedia":[{"embeddable":true,"href":"https:\/\/dlb-aoer.de\/dreieich\/wp-json\/wp\/v2\/media\/34"}],"wp:attachment":[{"href":"https:\/\/dlb-aoer.de\/dreieich\/wp-json\/wp\/v2\/media?parent=544"}],"curies":[{"name":"wp","href":"https:\/\/api.w.org\/{rel}","templated":true}]}}