{"id":4799,"date":"2025-10-02T14:35:28","date_gmt":"2025-10-02T12:35:28","guid":{"rendered":"https:\/\/dlb-aoer.de\/dreieich\/?page_id=4799"},"modified":"2025-10-02T14:46:48","modified_gmt":"2025-10-02T12:46:48","slug":"anliegerreinigung","status":"publish","type":"page","link":"https:\/\/dlb-aoer.de\/dreieich\/strassen\/strassenreinigung\/anliegerreinigung\/","title":{"rendered":"Anliegerreinigung"},"content":{"rendered":"\t\t<div data-elementor-type=\"wp-post\" data-elementor-id=\"4799\" class=\"elementor elementor-4799\">\n\t\t\t\t\t\t\t\t\t<section class=\"elementor-section elementor-top-section elementor-element elementor-element-5a9fc25 elementor-section-stretched elementor-section-boxed elementor-section-height-default elementor-section-height-default\" data-id=\"5a9fc25\" data-element_type=\"section\" data-settings=\"{&quot;stretch_section&quot;:&quot;section-stretched&quot;}\">\n\t\t\t\t\t\t<div class=\"elementor-container elementor-column-gap-default\">\n\t\t\t\t\t<div class=\"elementor-column elementor-col-100 elementor-top-column elementor-element elementor-element-4af1534\" data-id=\"4af1534\" data-element_type=\"column\">\n\t\t\t<div class=\"elementor-widget-wrap elementor-element-populated\">\n\t\t\t\t\t\t\t\t<section class=\"elementor-section elementor-inner-section elementor-element elementor-element-1b62848 border-plus-margin elementor-section-boxed elementor-section-height-default elementor-section-height-default\" data-id=\"1b62848\" data-element_type=\"section\">\n\t\t\t\t\t\t<div class=\"elementor-container elementor-column-gap-default\">\n\t\t\t\t\t<div class=\"elementor-column elementor-col-50 elementor-inner-column elementor-element elementor-element-74e53d1\" data-id=\"74e53d1\" data-element_type=\"column\">\n\t\t\t<div class=\"elementor-widget-wrap elementor-element-populated\">\n\t\t\t\t\t\t\t\t<div class=\"elementor-element elementor-element-9bd7f16 elementor-widget elementor-widget-image\" data-id=\"9bd7f16\" data-element_type=\"widget\" data-widget_type=\"image.default\">\n\t\t\t\t<div class=\"elementor-widget-container\">\n\t\t\t\t\t\t\t\t\t\t\t\t\t\t\t<img loading=\"lazy\" decoding=\"async\" width=\"1024\" height=\"387\" src=\"https:\/\/dlb-aoer.de\/dreieich\/wp-content\/uploads\/sites\/4\/2025\/10\/Titel-Anliegerreinigung-scaled-1-1024x387.jpg\" class=\"attachment-large size-large wp-image-4801\" alt=\"\" srcset=\"https:\/\/dlb-aoer.de\/dreieich\/wp-content\/uploads\/sites\/4\/2025\/10\/Titel-Anliegerreinigung-scaled-1-1024x387.jpg 1024w, https:\/\/dlb-aoer.de\/dreieich\/wp-content\/uploads\/sites\/4\/2025\/10\/Titel-Anliegerreinigung-scaled-1-300x113.jpg 300w, https:\/\/dlb-aoer.de\/dreieich\/wp-content\/uploads\/sites\/4\/2025\/10\/Titel-Anliegerreinigung-scaled-1-768x290.jpg 768w, https:\/\/dlb-aoer.de\/dreieich\/wp-content\/uploads\/sites\/4\/2025\/10\/Titel-Anliegerreinigung-scaled-1-1536x580.jpg 1536w, https:\/\/dlb-aoer.de\/dreieich\/wp-content\/uploads\/sites\/4\/2025\/10\/Titel-Anliegerreinigung-scaled-1-2048x774.jpg 2048w, https:\/\/dlb-aoer.de\/dreieich\/wp-content\/uploads\/sites\/4\/2025\/10\/Titel-Anliegerreinigung-scaled-1-1000x378.jpg 1000w, https:\/\/dlb-aoer.de\/dreieich\/wp-content\/uploads\/sites\/4\/2025\/10\/Titel-Anliegerreinigung-scaled-1-230x87.jpg 230w, https:\/\/dlb-aoer.de\/dreieich\/wp-content\/uploads\/sites\/4\/2025\/10\/Titel-Anliegerreinigung-scaled-1-350x132.jpg 350w, https:\/\/dlb-aoer.de\/dreieich\/wp-content\/uploads\/sites\/4\/2025\/10\/Titel-Anliegerreinigung-scaled-1-480x181.jpg 480w\" sizes=\"auto, (max-width: 1024px) 100vw, 1024px\" \/>\t\t\t\t\t\t\t\t\t\t\t\t\t\t\t<\/div>\n\t\t\t\t<\/div>\n\t\t\t\t\t<\/div>\n\t\t<\/div>\n\t\t\t\t<div class=\"elementor-column elementor-col-50 elementor-inner-column elementor-element elementor-element-b233542\" data-id=\"b233542\" data-element_type=\"column\">\n\t\t\t<div class=\"elementor-widget-wrap elementor-element-populated\">\n\t\t\t\t\t\t\t\t<div class=\"elementor-element elementor-element-cbacc8f elementor-widget elementor-widget-text-editor\" data-id=\"cbacc8f\" data-element_type=\"widget\" data-widget_type=\"text-editor.default\">\n\t\t\t\t<div class=\"elementor-widget-container\">\n\t\t\t\t\t\t\t<p><strong style=\"background-color: transparent;\">Ansprechpartner<\/strong><\/p><p>Tel. 06102-3702-0<\/p><p><a href=\"mailto:strassenreinigung@dlb-aoer.de\"><img loading=\"lazy\" decoding=\"async\" class=\"alignnone wp-image-2828\" src=\"https:\/\/dlb-aoer.de\/dreieich\/wp-content\/uploads\/sites\/4\/2022\/08\/Email3.png\" alt=\"E-Mail schreiben\" width=\"45\" height=\"37\" srcset=\"https:\/\/dlb-aoer.de\/dreieich\/wp-content\/uploads\/sites\/4\/2022\/08\/Email3.png 288w, https:\/\/dlb-aoer.de\/dreieich\/wp-content\/uploads\/sites\/4\/2022\/08\/Email3-230x190.png 230w\" sizes=\"auto, (max-width: 45px) 100vw, 45px\" \/><\/a><\/p><p><a href=\"https:\/\/dlb-aoer.de\/dreieich\/wp-content\/uploads\/sites\/4\/2024\/01\/6.002-neufassung-der-satzung-ueber-die-strassenreinigung-strassenreinigungssatzung-ab-01.01.2024-internet.pdf\">Strassenreinigungssatzung<\/a><\/p>\t\t\t\t\t\t<\/div>\n\t\t\t\t<\/div>\n\t\t\t\t\t<\/div>\n\t\t<\/div>\n\t\t\t\t\t\t\t<\/div>\n\t\t<\/section>\n\t\t\t\t<section class=\"elementor-section elementor-inner-section elementor-element elementor-element-2c3238b border-plus-margin elementor-section-boxed elementor-section-height-default elementor-section-height-default\" data-id=\"2c3238b\" data-element_type=\"section\">\n\t\t\t\t\t\t<div class=\"elementor-container elementor-column-gap-default\">\n\t\t\t\t\t<div class=\"elementor-column elementor-col-100 elementor-inner-column elementor-element elementor-element-da6903c\" data-id=\"da6903c\" data-element_type=\"column\">\n\t\t\t<div class=\"elementor-widget-wrap elementor-element-populated\">\n\t\t\t\t\t\t\t\t<div class=\"elementor-element elementor-element-0d74740 elementor-widget elementor-widget-heading\" data-id=\"0d74740\" data-element_type=\"widget\" data-widget_type=\"heading.default\">\n\t\t\t\t<div class=\"elementor-widget-container\">\n\t\t\t<h2 class=\"elementor-heading-title elementor-size-default\">Informationen zur Stra\u00dfen-\/Gehwegreinigung durch Anlieger\n<\/h2>\t\t<\/div>\n\t\t\t\t<\/div>\n\t\t\t\t<div class=\"elementor-element elementor-element-894f1bb elementor-widget elementor-widget-text-editor\" data-id=\"894f1bb\" data-element_type=\"widget\" data-widget_type=\"text-editor.default\">\n\t\t\t\t<div class=\"elementor-widget-container\">\n\t\t\t\t\t\t\t<p>In Dreieich ist die Verpflichtung zur Reinigung der Gehwege und Stra\u00dfen per Satzung auf die Anlieger bzw. Grundst\u00fcckseigent\u00fcmer \u00fcbertragen. In welcher Form diese ausgef\u00fchrt werden muss, ist konkret der Stra\u00dfenreinigungssatzung zu entnehmen. Nachfolgend sind die wichtigsten Regelungen zusammengefasst.<\/p>\t\t\t\t\t\t<\/div>\n\t\t\t\t<\/div>\n\t\t\t\t<div class=\"elementor-element elementor-element-70dd93e elementor-widget elementor-widget-heading\" data-id=\"70dd93e\" data-element_type=\"widget\" data-widget_type=\"heading.default\">\n\t\t\t\t<div class=\"elementor-widget-container\">\n\t\t\t<h3 class=\"elementor-heading-title elementor-size-default\">Wer ist f\u00fcr die Stra\u00dfen- und Gehwegreinigung zust\u00e4ndig?<\/h3>\t\t<\/div>\n\t\t\t\t<\/div>\n\t\t\t\t<div class=\"elementor-element elementor-element-05c8652 elementor-widget elementor-widget-text-editor\" data-id=\"05c8652\" data-element_type=\"widget\" data-widget_type=\"text-editor.default\">\n\t\t\t\t<div class=\"elementor-widget-container\">\n\t\t\t\t\t\t\t<p>Wer f\u00fcr die Stra\u00dfen- und Gehwegreinigung zust\u00e4ndig ist, ergibt sich aus der Stra\u00dfenreinigungssatzung der Stadt Dreieich. Hierin ist geregelt, dass innerhalb der geschlossenen Ortslage die Stra\u00dfen- und Gehwegreinigung den Anliegern \u00fcbertragen ist.<\/p><p>Anlieger sind Eigent\u00fcmer deren Grundst\u00fccke an der Stra\u00dfe\/Gehweg anliegen oder die durch diese erschlossen sind.<\/p>\t\t\t\t\t\t<\/div>\n\t\t\t\t<\/div>\n\t\t\t\t\t<\/div>\n\t\t<\/div>\n\t\t\t\t\t\t\t<\/div>\n\t\t<\/section>\n\t\t\t\t<section class=\"elementor-section elementor-inner-section elementor-element elementor-element-8ad659c border-plus-margin elementor-section-boxed elementor-section-height-default elementor-section-height-default\" data-id=\"8ad659c\" data-element_type=\"section\">\n\t\t\t\t\t\t<div class=\"elementor-container elementor-column-gap-default\">\n\t\t\t\t\t<div class=\"elementor-column elementor-col-100 elementor-inner-column elementor-element elementor-element-d790c49\" data-id=\"d790c49\" data-element_type=\"column\">\n\t\t\t<div class=\"elementor-widget-wrap elementor-element-populated\">\n\t\t\t\t\t\t\t\t<div class=\"elementor-element elementor-element-586ccf3 elementor-widget elementor-widget-heading\" data-id=\"586ccf3\" data-element_type=\"widget\" data-widget_type=\"heading.default\">\n\t\t\t\t<div class=\"elementor-widget-container\">\n\t\t\t<h3 class=\"elementor-heading-title elementor-size-default\">Was umfasst die Stra\u00dfenreinigungspflicht?<\/h3>\t\t<\/div>\n\t\t\t\t<\/div>\n\t\t\t\t<div class=\"elementor-element elementor-element-f3523a6 elementor-widget elementor-widget-text-editor\" data-id=\"f3523a6\" data-element_type=\"widget\" data-widget_type=\"text-editor.default\">\n\t\t\t\t<div class=\"elementor-widget-container\">\n\t\t\t\t\t\t\t<p>Die Stra\u00dfenreinigungspflicht umfasst:<\/p>\n<ul>\n<li>eine Reinigung aller \u00f6ffentlichen Stra\u00dfen, Wege und Pl\u00e4tze innerhalb der geschlossenen Ortslage einschlie\u00dflich der Fahrbahnen, Geh- und Radwege, Stra\u00dfenrinnen, Parkpl\u00e4tze\/Parkstreifen, Fu\u00dfg\u00e4ngerstra\u00dfen, \u00dcberwege, B\u00f6schungen, St\u00fctzmauern und \u00c4hnliches.<\/li>\n<li>die Beseitigung von Gras, Unkraut, Laub, Kehricht, Schlamm und sonstigen Unrats jeglicher Art.<\/li>\n<li>die ordnungsgem\u00e4\u00dfe Beseitigung des Stra\u00dfenkehrichts<\/li>\n<\/ul>\t\t\t\t\t\t<\/div>\n\t\t\t\t<\/div>\n\t\t\t\t\t<\/div>\n\t\t<\/div>\n\t\t\t\t\t\t\t<\/div>\n\t\t<\/section>\n\t\t\t\t<section class=\"elementor-section elementor-inner-section elementor-element elementor-element-b6b1252 border-plus-margin elementor-section-boxed elementor-section-height-default elementor-section-height-default\" data-id=\"b6b1252\" data-element_type=\"section\">\n\t\t\t\t\t\t<div class=\"elementor-container elementor-column-gap-default\">\n\t\t\t\t\t<div class=\"elementor-column elementor-col-100 elementor-inner-column elementor-element elementor-element-fb1017a\" data-id=\"fb1017a\" data-element_type=\"column\">\n\t\t\t<div class=\"elementor-widget-wrap elementor-element-populated\">\n\t\t\t\t\t\t\t\t<div class=\"elementor-element elementor-element-b599fe9 elementor-widget elementor-widget-heading\" data-id=\"b599fe9\" data-element_type=\"widget\" data-widget_type=\"heading.default\">\n\t\t\t\t<div class=\"elementor-widget-container\">\n\t\t\t<h3 class=\"elementor-heading-title elementor-size-default\">In welchem Umfang ist zu reinigen?<\/h3>\t\t<\/div>\n\t\t\t\t<\/div>\n\t\t\t\t<div class=\"elementor-element elementor-element-648ecb1 elementor-widget elementor-widget-text-editor\" data-id=\"648ecb1\" data-element_type=\"widget\" data-widget_type=\"text-editor.default\">\n\t\t\t\t<div class=\"elementor-widget-container\">\n\t\t\t\t\t\t\t<ul><li>Die Reinigungsarbeiten sind bei Bedarf, mindestens jedoch in jeder ungeraden Kalenderwoche eines Jahres freitags nachmittags oder samstags bis 18.00\u00a0 zu reinigen.<\/li><li>Die zu reinigende Fl\u00e4che erstreckt sich vom Grundst\u00fcck aus &#8211; in der Breite, in der es zu einer oder mehreren Stra\u00dfen hin liegt &#8211; bis zum Ende des Gehwegrandes mit Stra\u00dfenrinne bis zur Stra\u00dfenmitte. Bei Eckgrundst\u00fccken vergr\u00f6\u00dfert sich die Reinigungsfl\u00e4che dementsprechend<\/li><\/ul>\t\t\t\t\t\t<\/div>\n\t\t\t\t<\/div>\n\t\t\t\t\t<\/div>\n\t\t<\/div>\n\t\t\t\t\t\t\t<\/div>\n\t\t<\/section>\n\t\t\t\t<section class=\"elementor-section elementor-inner-section elementor-element elementor-element-7eb1290 border-plus-margin elementor-section-boxed elementor-section-height-default elementor-section-height-default\" data-id=\"7eb1290\" data-element_type=\"section\">\n\t\t\t\t\t\t<div class=\"elementor-container elementor-column-gap-default\">\n\t\t\t\t\t<div class=\"elementor-column elementor-col-100 elementor-inner-column elementor-element elementor-element-8b6aff5\" data-id=\"8b6aff5\" data-element_type=\"column\">\n\t\t\t<div class=\"elementor-widget-wrap elementor-element-populated\">\n\t\t\t\t\t\t\t\t<div class=\"elementor-element elementor-element-720cc79 elementor-widget elementor-widget-heading\" data-id=\"720cc79\" data-element_type=\"widget\" data-widget_type=\"heading.default\">\n\t\t\t\t<div class=\"elementor-widget-container\">\n\t\t\t<h3 class=\"elementor-heading-title elementor-size-default\">Darf ich die Reinigungspflicht auf Mieter \u00fcbertragen?<\/h3>\t\t<\/div>\n\t\t\t\t<\/div>\n\t\t\t\t<div class=\"elementor-element elementor-element-20d268d elementor-widget elementor-widget-text-editor\" data-id=\"20d268d\" data-element_type=\"widget\" data-widget_type=\"text-editor.default\">\n\t\t\t\t<div class=\"elementor-widget-container\">\n\t\t\t\t\t\t\t<p>Die Reinigungspflicht kann auf die Mieter \u00fcbertragen werden. Verantwortlich f\u00fcr die Reinigung ist jedoch immer der Grundst\u00fcckseigent\u00fcmer. Ihm obliegt daher weiterhin eine \u00dcberwachungspflicht, ob die Stra\u00dfenreinigung auch tats\u00e4chlich durchgef\u00fchrt wird.<\/p>\t\t\t\t\t\t<\/div>\n\t\t\t\t<\/div>\n\t\t\t\t\t<\/div>\n\t\t<\/div>\n\t\t\t\t\t\t\t<\/div>\n\t\t<\/section>\n\t\t\t\t<section class=\"elementor-section elementor-inner-section elementor-element elementor-element-a1f05e5 border-plus-margin elementor-section-boxed elementor-section-height-default elementor-section-height-default\" data-id=\"a1f05e5\" data-element_type=\"section\">\n\t\t\t\t\t\t<div class=\"elementor-container elementor-column-gap-default\">\n\t\t\t\t\t<div class=\"elementor-column elementor-col-100 elementor-inner-column elementor-element elementor-element-1476b3a\" data-id=\"1476b3a\" data-element_type=\"column\">\n\t\t\t<div class=\"elementor-widget-wrap elementor-element-populated\">\n\t\t\t\t\t\t\t\t<div class=\"elementor-element elementor-element-217b887 elementor-widget elementor-widget-heading\" data-id=\"217b887\" data-element_type=\"widget\" data-widget_type=\"heading.default\">\n\t\t\t\t<div class=\"elementor-widget-container\">\n\t\t\t<h3 class=\"elementor-heading-title elementor-size-default\">Laubbeseitigung<\/h3>\t\t<\/div>\n\t\t\t\t<\/div>\n\t\t\t\t<div class=\"elementor-element elementor-element-ff124c7 elementor-widget elementor-widget-text-editor\" data-id=\"ff124c7\" data-element_type=\"widget\" data-widget_type=\"text-editor.default\">\n\t\t\t\t<div class=\"elementor-widget-container\">\n\t\t\t\t\t\t\t<p>Die Laubbeseitigung ist laut Stra\u00dfenreinigungssatzung Bestandteil der Reinigungspflicht. Teilweise unterscheiden Anlieger bei der Ausf\u00fchrung ihrer Reinigungspflichten zwischen dem Laub von privaten und \u201est\u00e4dtischen\u201c B\u00e4umen. Die Reinigungspflicht jedoch unterscheidet hier nicht nach der Herkunft von Bl\u00e4ttern. Das gesamte Herbstlaub ist ebenso wie sonstiger Stra\u00dfenkehricht bei \u00dcbertragung der Reinigungspflichten auf die Anlieger durch diese aufzunehmen und selbst zu entsorgen.<\/p>\t\t\t\t\t\t<\/div>\n\t\t\t\t<\/div>\n\t\t\t\t\t<\/div>\n\t\t<\/div>\n\t\t\t\t\t\t\t<\/div>\n\t\t<\/section>\n\t\t\t\t\t<\/div>\n\t\t<\/div>\n\t\t\t\t\t\t\t<\/div>\n\t\t<\/section>\n\t\t\t\t\t\t\t<\/div>\n\t\t","protected":false},"excerpt":{"rendered":"<p>In Dreieich ist die Verpflichtung zur Reinigung der Gehwege und Stra\u00dfen per Satzung auf die Anlieger bzw. Grundst\u00fcckseigent\u00fcmer<\/p>\n","protected":false},"author":2,"featured_media":4801,"parent":323,"menu_order":1,"comment_status":"closed","ping_status":"closed","template":"","meta":{"inline_featured_image":false,"footnotes":"","_links_to":"","_links_to_target":""},"class_list":["post-4799","page","type-page","status-publish","has-post-thumbnail","hentry"],"yoast_head":"<!-- This site is optimized with the Yoast SEO plugin v21.6 - https:\/\/yoast.com\/wordpress\/plugins\/seo\/ -->\n<title>Anliegerreinigung - DLB Dreieich<\/title>\n<meta name=\"robots\" content=\"index, follow, max-snippet:-1, max-image-preview:large, max-video-preview:-1\" \/>\n<link rel=\"canonical\" href=\"https:\/\/dlb-aoer.de\/dreieich\/strassen\/strassenreinigung\/anliegerreinigung\/\" \/>\n<meta property=\"og:locale\" content=\"de_DE\" \/>\n<meta property=\"og:type\" content=\"article\" \/>\n<meta property=\"og:title\" content=\"Anliegerreinigung - DLB Dreieich\" \/>\n<meta property=\"og:description\" content=\"In Dreieich ist die Verpflichtung zur Reinigung der Gehwege und Stra\u00dfen per Satzung auf die Anlieger bzw. Grundst\u00fcckseigent\u00fcmer\" \/>\n<meta property=\"og:url\" content=\"https:\/\/dlb-aoer.de\/dreieich\/strassen\/strassenreinigung\/anliegerreinigung\/\" \/>\n<meta property=\"og:site_name\" content=\"DLB Dreieich\" \/>\n<meta property=\"article:modified_time\" content=\"2025-10-02T12:46:48+00:00\" \/>\n<meta property=\"og:image\" content=\"https:\/\/dlb-aoer.de\/dreieich\/wp-content\/uploads\/sites\/4\/2025\/10\/Titel-Anliegerreinigung-scaled-1.jpg\" \/>\n\t<meta property=\"og:image:width\" content=\"2560\" \/>\n\t<meta property=\"og:image:height\" content=\"967\" \/>\n\t<meta property=\"og:image:type\" content=\"image\/jpeg\" \/>\n<meta name=\"twitter:card\" content=\"summary_large_image\" \/>\n<meta name=\"twitter:label1\" content=\"Gesch\u00e4tzte Lesezeit\" \/>\n\t<meta name=\"twitter:data1\" content=\"3\u00a0Minuten\" \/>\n<script type=\"application\/ld+json\" class=\"yoast-schema-graph\">{\"@context\":\"https:\/\/schema.org\",\"@graph\":[{\"@type\":\"WebPage\",\"@id\":\"https:\/\/dlb-aoer.de\/dreieich\/strassen\/strassenreinigung\/anliegerreinigung\/\",\"url\":\"https:\/\/dlb-aoer.de\/dreieich\/strassen\/strassenreinigung\/anliegerreinigung\/\",\"name\":\"Anliegerreinigung - DLB Dreieich\",\"isPartOf\":{\"@id\":\"https:\/\/dlb-aoer.de\/dreieich\/#website\"},\"datePublished\":\"2025-10-02T12:35:28+00:00\",\"dateModified\":\"2025-10-02T12:46:48+00:00\",\"breadcrumb\":{\"@id\":\"https:\/\/dlb-aoer.de\/dreieich\/strassen\/strassenreinigung\/anliegerreinigung\/#breadcrumb\"},\"inLanguage\":\"de\",\"potentialAction\":[{\"@type\":\"ReadAction\",\"target\":[\"https:\/\/dlb-aoer.de\/dreieich\/strassen\/strassenreinigung\/anliegerreinigung\/\"]}]},{\"@type\":\"BreadcrumbList\",\"@id\":\"https:\/\/dlb-aoer.de\/dreieich\/strassen\/strassenreinigung\/anliegerreinigung\/#breadcrumb\",\"itemListElement\":[{\"@type\":\"ListItem\",\"position\":1,\"name\":\"Startseite\",\"item\":\"https:\/\/dlb-aoer.de\/dreieich\/\"},{\"@type\":\"ListItem\",\"position\":2,\"name\":\"Stra\u00dfen\",\"item\":\"https:\/\/dlb-aoer.de\/dreieich\/strassen\/\"},{\"@type\":\"ListItem\",\"position\":3,\"name\":\"Stra\u00dfenreinigung\",\"item\":\"https:\/\/dlb-aoer.de\/dreieich\/strassen\/strassenreinigung\/\"},{\"@type\":\"ListItem\",\"position\":4,\"name\":\"Anliegerreinigung\"}]},{\"@type\":\"WebSite\",\"@id\":\"https:\/\/dlb-aoer.de\/dreieich\/#website\",\"url\":\"https:\/\/dlb-aoer.de\/dreieich\/\",\"name\":\"DLB Dreieich\",\"description\":\"\",\"publisher\":{\"@id\":\"https:\/\/dlb-aoer.de\/dreieich\/#organization\"},\"potentialAction\":[{\"@type\":\"SearchAction\",\"target\":{\"@type\":\"EntryPoint\",\"urlTemplate\":\"https:\/\/dlb-aoer.de\/dreieich\/?s={search_term_string}\"},\"query-input\":\"required name=search_term_string\"}],\"inLanguage\":\"de\"},{\"@type\":\"Organization\",\"@id\":\"https:\/\/dlb-aoer.de\/dreieich\/#organization\",\"name\":\"Dienstleistungsbetrieb Dreieich und Neu-Isenburg A\u00f6R\",\"url\":\"https:\/\/dlb-aoer.de\/dreieich\/\",\"logo\":{\"@type\":\"ImageObject\",\"inLanguage\":\"de\",\"@id\":\"https:\/\/dlb-aoer.de\/dreieich\/#\/schema\/logo\/image\/\",\"url\":\"https:\/\/dlb-aoer.de\/dreieich\/wp-content\/uploads\/sites\/4\/2019\/10\/DLB_Logo_orange.svg\",\"contentUrl\":\"https:\/\/dlb-aoer.de\/dreieich\/wp-content\/uploads\/sites\/4\/2019\/10\/DLB_Logo_orange.svg\",\"width\":1,\"height\":1,\"caption\":\"Dienstleistungsbetrieb Dreieich und Neu-Isenburg A\u00f6R\"},\"image\":{\"@id\":\"https:\/\/dlb-aoer.de\/dreieich\/#\/schema\/logo\/image\/\"}}]}<\/script>\n<!-- \/ Yoast SEO plugin. -->","yoast_head_json":{"title":"Anliegerreinigung - DLB Dreieich","robots":{"index":"index","follow":"follow","max-snippet":"max-snippet:-1","max-image-preview":"max-image-preview:large","max-video-preview":"max-video-preview:-1"},"canonical":"https:\/\/dlb-aoer.de\/dreieich\/strassen\/strassenreinigung\/anliegerreinigung\/","og_locale":"de_DE","og_type":"article","og_title":"Anliegerreinigung - DLB Dreieich","og_description":"In Dreieich ist die Verpflichtung zur Reinigung der Gehwege und Stra\u00dfen per Satzung auf die Anlieger bzw. Grundst\u00fcckseigent\u00fcmer","og_url":"https:\/\/dlb-aoer.de\/dreieich\/strassen\/strassenreinigung\/anliegerreinigung\/","og_site_name":"DLB Dreieich","article_modified_time":"2025-10-02T12:46:48+00:00","og_image":[{"width":2560,"height":967,"url":"https:\/\/dlb-aoer.de\/dreieich\/wp-content\/uploads\/sites\/4\/2025\/10\/Titel-Anliegerreinigung-scaled-1.jpg","type":"image\/jpeg"}],"twitter_card":"summary_large_image","twitter_misc":{"Gesch\u00e4tzte Lesezeit":"3\u00a0Minuten"},"schema":{"@context":"https:\/\/schema.org","@graph":[{"@type":"WebPage","@id":"https:\/\/dlb-aoer.de\/dreieich\/strassen\/strassenreinigung\/anliegerreinigung\/","url":"https:\/\/dlb-aoer.de\/dreieich\/strassen\/strassenreinigung\/anliegerreinigung\/","name":"Anliegerreinigung - DLB Dreieich","isPartOf":{"@id":"https:\/\/dlb-aoer.de\/dreieich\/#website"},"datePublished":"2025-10-02T12:35:28+00:00","dateModified":"2025-10-02T12:46:48+00:00","breadcrumb":{"@id":"https:\/\/dlb-aoer.de\/dreieich\/strassen\/strassenreinigung\/anliegerreinigung\/#breadcrumb"},"inLanguage":"de","potentialAction":[{"@type":"ReadAction","target":["https:\/\/dlb-aoer.de\/dreieich\/strassen\/strassenreinigung\/anliegerreinigung\/"]}]},{"@type":"BreadcrumbList","@id":"https:\/\/dlb-aoer.de\/dreieich\/strassen\/strassenreinigung\/anliegerreinigung\/#breadcrumb","itemListElement":[{"@type":"ListItem","position":1,"name":"Startseite","item":"https:\/\/dlb-aoer.de\/dreieich\/"},{"@type":"ListItem","position":2,"name":"Stra\u00dfen","item":"https:\/\/dlb-aoer.de\/dreieich\/strassen\/"},{"@type":"ListItem","position":3,"name":"Stra\u00dfenreinigung","item":"https:\/\/dlb-aoer.de\/dreieich\/strassen\/strassenreinigung\/"},{"@type":"ListItem","position":4,"name":"Anliegerreinigung"}]},{"@type":"WebSite","@id":"https:\/\/dlb-aoer.de\/dreieich\/#website","url":"https:\/\/dlb-aoer.de\/dreieich\/","name":"DLB Dreieich","description":"","publisher":{"@id":"https:\/\/dlb-aoer.de\/dreieich\/#organization"},"potentialAction":[{"@type":"SearchAction","target":{"@type":"EntryPoint","urlTemplate":"https:\/\/dlb-aoer.de\/dreieich\/?s={search_term_string}"},"query-input":"required name=search_term_string"}],"inLanguage":"de"},{"@type":"Organization","@id":"https:\/\/dlb-aoer.de\/dreieich\/#organization","name":"Dienstleistungsbetrieb Dreieich und Neu-Isenburg A\u00f6R","url":"https:\/\/dlb-aoer.de\/dreieich\/","logo":{"@type":"ImageObject","inLanguage":"de","@id":"https:\/\/dlb-aoer.de\/dreieich\/#\/schema\/logo\/image\/","url":"https:\/\/dlb-aoer.de\/dreieich\/wp-content\/uploads\/sites\/4\/2019\/10\/DLB_Logo_orange.svg","contentUrl":"https:\/\/dlb-aoer.de\/dreieich\/wp-content\/uploads\/sites\/4\/2019\/10\/DLB_Logo_orange.svg","width":1,"height":1,"caption":"Dienstleistungsbetrieb Dreieich und Neu-Isenburg A\u00f6R"},"image":{"@id":"https:\/\/dlb-aoer.de\/dreieich\/#\/schema\/logo\/image\/"}}]}},"_links":{"self":[{"href":"https:\/\/dlb-aoer.de\/dreieich\/wp-json\/wp\/v2\/pages\/4799","targetHints":{"allow":["GET"]}}],"collection":[{"href":"https:\/\/dlb-aoer.de\/dreieich\/wp-json\/wp\/v2\/pages"}],"about":[{"href":"https:\/\/dlb-aoer.de\/dreieich\/wp-json\/wp\/v2\/types\/page"}],"author":[{"embeddable":true,"href":"https:\/\/dlb-aoer.de\/dreieich\/wp-json\/wp\/v2\/users\/2"}],"replies":[{"embeddable":true,"href":"https:\/\/dlb-aoer.de\/dreieich\/wp-json\/wp\/v2\/comments?post=4799"}],"version-history":[{"count":5,"href":"https:\/\/dlb-aoer.de\/dreieich\/wp-json\/wp\/v2\/pages\/4799\/revisions"}],"predecessor-version":[{"id":4805,"href":"https:\/\/dlb-aoer.de\/dreieich\/wp-json\/wp\/v2\/pages\/4799\/revisions\/4805"}],"up":[{"embeddable":true,"href":"https:\/\/dlb-aoer.de\/dreieich\/wp-json\/wp\/v2\/pages\/323"}],"wp:featuredmedia":[{"embeddable":true,"href":"https:\/\/dlb-aoer.de\/dreieich\/wp-json\/wp\/v2\/media\/4801"}],"wp:attachment":[{"href":"https:\/\/dlb-aoer.de\/dreieich\/wp-json\/wp\/v2\/media?parent=4799"}],"curies":[{"name":"wp","href":"https:\/\/api.w.org\/{rel}","templated":true}]}}