{"id":323,"date":"2019-05-12T18:54:54","date_gmt":"2019-05-12T16:54:54","guid":{"rendered":"https:\/\/www.dlb-aoer.de\/dreieich\/?page_id=323"},"modified":"2025-10-16T10:41:35","modified_gmt":"2025-10-16T08:41:35","slug":"strassenreinigung","status":"publish","type":"page","link":"https:\/\/dlb-aoer.de\/dreieich\/strassen\/strassenreinigung\/","title":{"rendered":"Stra\u00dfenreinigung"},"content":{"rendered":"\t\t<div data-elementor-type=\"wp-post\" data-elementor-id=\"323\" class=\"elementor elementor-323\">\n\t\t\t\t\t\t\t\t\t<section class=\"elementor-section elementor-top-section elementor-element elementor-element-786ad7a elementor-section-stretched elementor-section-boxed elementor-section-height-default elementor-section-height-default\" data-id=\"786ad7a\" data-element_type=\"section\" data-settings=\"{&quot;stretch_section&quot;:&quot;section-stretched&quot;}\">\n\t\t\t\t\t\t<div class=\"elementor-container elementor-column-gap-default\">\n\t\t\t\t\t<div class=\"elementor-column elementor-col-100 elementor-top-column elementor-element elementor-element-748f74f\" data-id=\"748f74f\" data-element_type=\"column\">\n\t\t\t<div class=\"elementor-widget-wrap elementor-element-populated\">\n\t\t\t\t\t\t\t\t<div class=\"elementor-element elementor-element-9448544 elementor-widget elementor-widget-heading\" data-id=\"9448544\" data-element_type=\"widget\" data-widget_type=\"heading.default\">\n\t\t\t\t<div class=\"elementor-widget-container\">\n\t\t\t<h1 class=\"elementor-heading-title elementor-size-default\">Wir sind stadtweit f\u00fcr saubere Stra\u00dfen unterwegs\n<\/h1>\t\t<\/div>\n\t\t\t\t<\/div>\n\t\t\t\t<section class=\"elementor-section elementor-inner-section elementor-element elementor-element-3542d37 border-plus-margin elementor-section-boxed elementor-section-height-default elementor-section-height-default\" data-id=\"3542d37\" data-element_type=\"section\">\n\t\t\t\t\t\t<div class=\"elementor-container elementor-column-gap-default\">\n\t\t\t\t\t<div class=\"elementor-column elementor-col-50 elementor-inner-column elementor-element elementor-element-5d0c2db\" data-id=\"5d0c2db\" data-element_type=\"column\">\n\t\t\t<div class=\"elementor-widget-wrap elementor-element-populated\">\n\t\t\t\t\t\t\t\t<div class=\"elementor-element elementor-element-d652117 elementor-widget elementor-widget-image\" data-id=\"d652117\" data-element_type=\"widget\" data-widget_type=\"image.default\">\n\t\t\t\t<div class=\"elementor-widget-container\">\n\t\t\t\t\t\t\t\t\t\t\t\t\t\t\t<img loading=\"lazy\" decoding=\"async\" width=\"1024\" height=\"387\" src=\"https:\/\/dlb-aoer.de\/dreieich\/wp-content\/uploads\/sites\/4\/2022\/02\/2DLB-August-2010-399-1024x387.jpg\" class=\"attachment-large size-large wp-image-2350\" alt=\"Vorderansicht einer Kehrmaschine w\u00e4hrend der Reinigung.\" srcset=\"https:\/\/dlb-aoer.de\/dreieich\/wp-content\/uploads\/sites\/4\/2022\/02\/2DLB-August-2010-399-1024x387.jpg 1024w, https:\/\/dlb-aoer.de\/dreieich\/wp-content\/uploads\/sites\/4\/2022\/02\/2DLB-August-2010-399-300x113.jpg 300w, https:\/\/dlb-aoer.de\/dreieich\/wp-content\/uploads\/sites\/4\/2022\/02\/2DLB-August-2010-399-768x290.jpg 768w, https:\/\/dlb-aoer.de\/dreieich\/wp-content\/uploads\/sites\/4\/2022\/02\/2DLB-August-2010-399-1536x580.jpg 1536w, https:\/\/dlb-aoer.de\/dreieich\/wp-content\/uploads\/sites\/4\/2022\/02\/2DLB-August-2010-399-2048x774.jpg 2048w, https:\/\/dlb-aoer.de\/dreieich\/wp-content\/uploads\/sites\/4\/2022\/02\/2DLB-August-2010-399-830x314.jpg 830w, https:\/\/dlb-aoer.de\/dreieich\/wp-content\/uploads\/sites\/4\/2022\/02\/2DLB-August-2010-399-230x87.jpg 230w, https:\/\/dlb-aoer.de\/dreieich\/wp-content\/uploads\/sites\/4\/2022\/02\/2DLB-August-2010-399-350x132.jpg 350w, https:\/\/dlb-aoer.de\/dreieich\/wp-content\/uploads\/sites\/4\/2022\/02\/2DLB-August-2010-399-480x181.jpg 480w\" sizes=\"auto, (max-width: 1024px) 100vw, 1024px\" \/>\t\t\t\t\t\t\t\t\t\t\t\t\t\t\t<\/div>\n\t\t\t\t<\/div>\n\t\t\t\t\t<\/div>\n\t\t<\/div>\n\t\t\t\t<div class=\"elementor-column elementor-col-50 elementor-inner-column elementor-element elementor-element-6a9179c\" data-id=\"6a9179c\" data-element_type=\"column\">\n\t\t\t<div class=\"elementor-widget-wrap elementor-element-populated\">\n\t\t\t\t\t\t\t\t<div class=\"elementor-element elementor-element-4deabf5 elementor-widget elementor-widget-text-editor\" data-id=\"4deabf5\" data-element_type=\"widget\" data-widget_type=\"text-editor.default\">\n\t\t\t\t<div class=\"elementor-widget-container\">\n\t\t\t\t\t\t\t<p><strong style=\"background-color: transparent;\">Ansprechpartner:<\/strong><\/p><p>Tel. 06102-3702-0<\/p><p><a href=\"mailto:strassenreinigung@dlb-aoer.de\"><img loading=\"lazy\" decoding=\"async\" class=\"alignnone wp-image-2828\" src=\"https:\/\/dlb-aoer.de\/dreieich\/wp-content\/uploads\/sites\/4\/2022\/08\/Email3.png\" alt=\"E-Mail schreiben\" width=\"45\" height=\"37\" srcset=\"https:\/\/dlb-aoer.de\/dreieich\/wp-content\/uploads\/sites\/4\/2022\/08\/Email3.png 288w, https:\/\/dlb-aoer.de\/dreieich\/wp-content\/uploads\/sites\/4\/2022\/08\/Email3-230x190.png 230w\" sizes=\"auto, (max-width: 45px) 100vw, 45px\" \/><\/a><\/p><p><a href=\"https:\/\/dlb-aoer.de\/dreieich\/wp-content\/uploads\/sites\/4\/2024\/01\/6.002-neufassung-der-satzung-ueber-die-strassenreinigung-strassenreinigungssatzung-ab-01.01.2024-internet.pdf\" target=\"_blank\" rel=\"noopener\">Stra\u00dfenreinigungssatzung<\/a><\/p>\t\t\t\t\t\t<\/div>\n\t\t\t\t<\/div>\n\t\t\t\t\t<\/div>\n\t\t<\/div>\n\t\t\t\t\t\t\t<\/div>\n\t\t<\/section>\n\t\t\t\t<section class=\"elementor-section elementor-inner-section elementor-element elementor-element-d297d3e border-plus-margin elementor-section-boxed elementor-section-height-default elementor-section-height-default\" data-id=\"d297d3e\" data-element_type=\"section\">\n\t\t\t\t\t\t<div class=\"elementor-container elementor-column-gap-default\">\n\t\t\t\t\t<div class=\"elementor-column elementor-col-100 elementor-inner-column elementor-element elementor-element-5fd8b1f\" data-id=\"5fd8b1f\" data-element_type=\"column\">\n\t\t\t<div class=\"elementor-widget-wrap elementor-element-populated\">\n\t\t\t\t\t\t\t\t<div class=\"elementor-element elementor-element-d3ec72d elementor-widget elementor-widget-heading\" data-id=\"d3ec72d\" data-element_type=\"widget\" data-widget_type=\"heading.default\">\n\t\t\t\t<div class=\"elementor-widget-container\">\n\t\t\t<h2 class=\"elementor-heading-title elementor-size-default\">Stra\u00dfenreinigung<\/h2>\t\t<\/div>\n\t\t\t\t<\/div>\n\t\t\t\t<div class=\"elementor-element elementor-element-f5c8e74 elementor-widget elementor-widget-text-editor\" data-id=\"f5c8e74\" data-element_type=\"widget\" data-widget_type=\"text-editor.default\">\n\t\t\t\t<div class=\"elementor-widget-container\">\n\t\t\t\t\t\t\t<p>In Dreieich ist die Verpflichtung zur Reinigung der Gehwege und Stra\u00dfen per Satzung auf die Anlieger bzw. Grundst\u00fcckseigent\u00fcmer \u00fcbertragen. In welcher Form diese ausgef\u00fchrt werden muss, ist konkret der\u00a0<a href=\"https:\/\/dlb-aoer.de\/dreieich\/wp-content\/uploads\/sites\/4\/2024\/01\/6.002-neufassung-der-satzung-ueber-die-strassenreinigung-strassenreinigungssatzung-ab-01.01.2024-internet.pdf\" target=\"_blank\" rel=\"noopener\">Stra\u00dfenreinigungssatzung<\/a> zu entnehmen.<\/p><p>Der DLB Dreieich reinigt im Auftrag der Stadt die Bereiche, bei denen die Stadt selbst Anlieger ist und dar\u00fcber hinaus ausgew\u00e4hlte Stra\u00dfen mit einem entsprechend hohen Verkehrsaufkommen.<\/p>\t\t\t\t\t\t<\/div>\n\t\t\t\t<\/div>\n\t\t\t\t\t<\/div>\n\t\t<\/div>\n\t\t\t\t\t\t\t<\/div>\n\t\t<\/section>\n\t\t\t\t<section class=\"elementor-section elementor-inner-section elementor-element elementor-element-451e47b elementor-section-boxed elementor-section-height-default elementor-section-height-default\" data-id=\"451e47b\" data-element_type=\"section\">\n\t\t\t\t\t\t<div class=\"elementor-container elementor-column-gap-default\">\n\t\t\t\t\t<div class=\"elementor-column elementor-col-100 elementor-inner-column elementor-element elementor-element-d00dbed\" data-id=\"d00dbed\" data-element_type=\"column\">\n\t\t\t<div class=\"elementor-widget-wrap elementor-element-populated\">\n\t\t\t\t\t\t\t\t<div class=\"elementor-element elementor-element-6f7f7e4 elementor-widget elementor-widget-eael-post-grid\" data-id=\"6f7f7e4\" data-element_type=\"widget\" data-widget_type=\"eael-post-grid.default\">\n\t\t\t\t<div class=\"elementor-widget-container\">\n\t\t\t\t\t<div id=\"eael-post-grid-6f7f7e4\" class=\"eael-post-grid-container eael-col-3\">\n\t\t    <div class=\"eael-post-grid eael-post-appender-6f7f7e4\">\n\t\t\t<article class=\"eael-grid-post eael-post-grid-column\">\n    <div class=\"eael-grid-post-holder\">\n        <div class=\"eael-grid-post-holder-inner\">\n                            <div class=\"eael-entry-medianone\">\n                                            <div class=\"eael-entry-overlay fade-in\">\n                                                            <i class=\"fa fa-long-arrow-right\" aria-hidden=\"true\"><\/i>\n                                                        <a href=\"https:\/\/dlb-aoer.de\/dreieich\/strassen\/strassenreinigung\/papierkoerbe-und-dogstations\/\"><\/a>\n                        <\/div>\n                    \n                                            <div class=\"eael-entry-thumbnail\">\n                            <img decoding=\"async\" src=\"https:\/\/dlb-aoer.de\/dreieich\/wp-content\/uploads\/sites\/4\/2025\/10\/Titel-Papierkoerbe-550x400.jpg\" alt=\"Bild eines Papierkorbes grau mit orangem Deckel und der Aufschrift \"Bitte f\u00fcttern!\"\">\n                        <\/div>\n                                    <\/div>\n            \n                            <div class=\"eael-entry-wrapper\">\n                    <header class=\"eael-entry-header\">\n                                                    <h2 class=\"eael-entry-title\"><a class=\"eael-grid-post-link\" href=\"https:\/\/dlb-aoer.de\/dreieich\/strassen\/strassenreinigung\/papierkoerbe-und-dogstations\/\" title=\"Papierk\u00f6rbe und Dogstations\">Papierk\u00f6rbe und Dogstations<\/a><\/h2>\n                        \n                                            <\/header>\n\n                                    <\/div>\n\n                                    <\/div>\n    <\/div>\n<\/article>\n<article class=\"eael-grid-post eael-post-grid-column\">\n    <div class=\"eael-grid-post-holder\">\n        <div class=\"eael-grid-post-holder-inner\">\n                            <div class=\"eael-entry-medianone\">\n                                            <div class=\"eael-entry-overlay fade-in\">\n                                                            <i class=\"fa fa-long-arrow-right\" aria-hidden=\"true\"><\/i>\n                                                        <a href=\"https:\/\/dlb-aoer.de\/dreieich\/strassen\/strassenreinigung\/anliegerreinigung\/\"><\/a>\n                        <\/div>\n                    \n                                            <div class=\"eael-entry-thumbnail\">\n                            <img decoding=\"async\" src=\"https:\/\/dlb-aoer.de\/dreieich\/wp-content\/uploads\/sites\/4\/2025\/10\/Titel-Anliegerreinigung-scaled-1-550x400.jpg\" alt=\"\">\n                        <\/div>\n                                    <\/div>\n            \n                            <div class=\"eael-entry-wrapper\">\n                    <header class=\"eael-entry-header\">\n                                                    <h2 class=\"eael-entry-title\"><a class=\"eael-grid-post-link\" href=\"https:\/\/dlb-aoer.de\/dreieich\/strassen\/strassenreinigung\/anliegerreinigung\/\" title=\"Anliegerreinigung\">Anliegerreinigung<\/a><\/h2>\n                        \n                                            <\/header>\n\n                                    <\/div>\n\n                                    <\/div>\n    <\/div>\n<\/article>\n<article class=\"eael-grid-post eael-post-grid-column\">\n    <div class=\"eael-grid-post-holder\">\n        <div class=\"eael-grid-post-holder-inner\">\n                            <div class=\"eael-entry-medianone\">\n                                            <div class=\"eael-entry-overlay fade-in\">\n                                                            <i class=\"fa fa-long-arrow-right\" aria-hidden=\"true\"><\/i>\n                                                        <a href=\"https:\/\/dlb-aoer.de\/dreieich\/strassen\/strassenreinigung\/stadtsauberkeit\/\"><\/a>\n                        <\/div>\n                    \n                                            <div class=\"eael-entry-thumbnail\">\n                            <img decoding=\"async\" src=\"https:\/\/dlb-aoer.de\/dreieich\/wp-content\/uploads\/sites\/4\/2022\/03\/Stadtsauberkeit-550x400.jpg\" alt=\"DLB Maskottchen mit Besen. Daneben der Text: \"Wir sind dabei.\"\">\n                        <\/div>\n                                    <\/div>\n            \n                            <div class=\"eael-entry-wrapper\">\n                    <header class=\"eael-entry-header\">\n                                                    <h2 class=\"eael-entry-title\"><a class=\"eael-grid-post-link\" href=\"https:\/\/dlb-aoer.de\/dreieich\/strassen\/strassenreinigung\/stadtsauberkeit\/\" title=\"Stadtsauberkeit\">Stadtsauberkeit<\/a><\/h2>\n                        \n                                            <\/header>\n\n                                    <\/div>\n\n                                    <\/div>\n    <\/div>\n<\/article>\n\t\t    <\/div>\n\t\t    <div class=\"clearfix\"><\/div>\n\t\t<\/div>\n\t\t\t\t<\/div>\n\t\t\t\t<\/div>\n\t\t\t\t\t<\/div>\n\t\t<\/div>\n\t\t\t\t\t\t\t<\/div>\n\t\t<\/section>\n\t\t\t\t\t<\/div>\n\t\t<\/div>\n\t\t\t\t\t\t\t<\/div>\n\t\t<\/section>\n\t\t\t\t\t\t\t<\/div>\n\t\t","protected":false},"excerpt":{"rendered":"<p>In Dreieich ist die Verpflichtung zur Reinigung der Gehwege und Stra\u00dfen per Satzung auf die Anlieger bzw. Grundst\u00fcckseigent\u00fcmer<\/p>\n","protected":false},"author":2,"featured_media":726,"parent":19,"menu_order":2,"comment_status":"closed","ping_status":"closed","template":"","meta":{"inline_featured_image":false,"footnotes":"","_links_to":"","_links_to_target":""},"class_list":["post-323","page","type-page","status-publish","has-post-thumbnail","hentry"],"yoast_head":"<!-- This site is optimized with the Yoast SEO plugin v21.6 - https:\/\/yoast.com\/wordpress\/plugins\/seo\/ -->\n<title>Stra\u00dfenreinigung - DLB Dreieich<\/title>\n<meta name=\"robots\" content=\"index, follow, max-snippet:-1, max-image-preview:large, max-video-preview:-1\" \/>\n<link rel=\"canonical\" href=\"https:\/\/dlb-aoer.de\/dreieich\/strassen\/strassenreinigung\/\" \/>\n<meta property=\"og:locale\" content=\"de_DE\" \/>\n<meta property=\"og:type\" content=\"article\" \/>\n<meta property=\"og:title\" content=\"Stra\u00dfenreinigung - DLB Dreieich\" \/>\n<meta property=\"og:description\" content=\"In Dreieich ist die Verpflichtung zur Reinigung der Gehwege und Stra\u00dfen per Satzung auf die Anlieger bzw. Grundst\u00fcckseigent\u00fcmer\" \/>\n<meta property=\"og:url\" content=\"https:\/\/dlb-aoer.de\/dreieich\/strassen\/strassenreinigung\/\" \/>\n<meta property=\"og:site_name\" content=\"DLB Dreieich\" \/>\n<meta property=\"article:modified_time\" content=\"2025-10-16T08:41:35+00:00\" \/>\n<meta property=\"og:image\" content=\"https:\/\/dlb-aoer.de\/dreieich\/wp-content\/uploads\/sites\/4\/2019\/05\/Strassen_Reinigung.jpg\" \/>\n\t<meta property=\"og:image:width\" content=\"600\" \/>\n\t<meta property=\"og:image:height\" content=\"450\" \/>\n\t<meta property=\"og:image:type\" content=\"image\/jpeg\" \/>\n<meta name=\"twitter:card\" content=\"summary_large_image\" \/>\n<meta name=\"twitter:label1\" content=\"Gesch\u00e4tzte Lesezeit\" \/>\n\t<meta name=\"twitter:data1\" content=\"2\u00a0Minuten\" \/>\n<script type=\"application\/ld+json\" class=\"yoast-schema-graph\">{\"@context\":\"https:\/\/schema.org\",\"@graph\":[{\"@type\":\"WebPage\",\"@id\":\"https:\/\/dlb-aoer.de\/dreieich\/strassen\/strassenreinigung\/\",\"url\":\"https:\/\/dlb-aoer.de\/dreieich\/strassen\/strassenreinigung\/\",\"name\":\"Stra\u00dfenreinigung - DLB Dreieich\",\"isPartOf\":{\"@id\":\"https:\/\/dlb-aoer.de\/dreieich\/#website\"},\"datePublished\":\"2019-05-12T16:54:54+00:00\",\"dateModified\":\"2025-10-16T08:41:35+00:00\",\"breadcrumb\":{\"@id\":\"https:\/\/dlb-aoer.de\/dreieich\/strassen\/strassenreinigung\/#breadcrumb\"},\"inLanguage\":\"de\",\"potentialAction\":[{\"@type\":\"ReadAction\",\"target\":[\"https:\/\/dlb-aoer.de\/dreieich\/strassen\/strassenreinigung\/\"]}]},{\"@type\":\"BreadcrumbList\",\"@id\":\"https:\/\/dlb-aoer.de\/dreieich\/strassen\/strassenreinigung\/#breadcrumb\",\"itemListElement\":[{\"@type\":\"ListItem\",\"position\":1,\"name\":\"Startseite\",\"item\":\"https:\/\/dlb-aoer.de\/dreieich\/\"},{\"@type\":\"ListItem\",\"position\":2,\"name\":\"Stra\u00dfen\",\"item\":\"https:\/\/dlb-aoer.de\/dreieich\/strassen\/\"},{\"@type\":\"ListItem\",\"position\":3,\"name\":\"Stra\u00dfenreinigung\"}]},{\"@type\":\"WebSite\",\"@id\":\"https:\/\/dlb-aoer.de\/dreieich\/#website\",\"url\":\"https:\/\/dlb-aoer.de\/dreieich\/\",\"name\":\"DLB Dreieich\",\"description\":\"\",\"publisher\":{\"@id\":\"https:\/\/dlb-aoer.de\/dreieich\/#organization\"},\"potentialAction\":[{\"@type\":\"SearchAction\",\"target\":{\"@type\":\"EntryPoint\",\"urlTemplate\":\"https:\/\/dlb-aoer.de\/dreieich\/?s={search_term_string}\"},\"query-input\":\"required name=search_term_string\"}],\"inLanguage\":\"de\"},{\"@type\":\"Organization\",\"@id\":\"https:\/\/dlb-aoer.de\/dreieich\/#organization\",\"name\":\"Dienstleistungsbetrieb Dreieich und Neu-Isenburg A\u00f6R\",\"url\":\"https:\/\/dlb-aoer.de\/dreieich\/\",\"logo\":{\"@type\":\"ImageObject\",\"inLanguage\":\"de\",\"@id\":\"https:\/\/dlb-aoer.de\/dreieich\/#\/schema\/logo\/image\/\",\"url\":\"https:\/\/dlb-aoer.de\/dreieich\/wp-content\/uploads\/sites\/4\/2019\/10\/DLB_Logo_orange.svg\",\"contentUrl\":\"https:\/\/dlb-aoer.de\/dreieich\/wp-content\/uploads\/sites\/4\/2019\/10\/DLB_Logo_orange.svg\",\"width\":1,\"height\":1,\"caption\":\"Dienstleistungsbetrieb Dreieich und Neu-Isenburg A\u00f6R\"},\"image\":{\"@id\":\"https:\/\/dlb-aoer.de\/dreieich\/#\/schema\/logo\/image\/\"}}]}<\/script>\n<!-- \/ Yoast SEO plugin. -->","yoast_head_json":{"title":"Stra\u00dfenreinigung - DLB Dreieich","robots":{"index":"index","follow":"follow","max-snippet":"max-snippet:-1","max-image-preview":"max-image-preview:large","max-video-preview":"max-video-preview:-1"},"canonical":"https:\/\/dlb-aoer.de\/dreieich\/strassen\/strassenreinigung\/","og_locale":"de_DE","og_type":"article","og_title":"Stra\u00dfenreinigung - DLB Dreieich","og_description":"In Dreieich ist die Verpflichtung zur Reinigung der Gehwege und Stra\u00dfen per Satzung auf die Anlieger bzw. Grundst\u00fcckseigent\u00fcmer","og_url":"https:\/\/dlb-aoer.de\/dreieich\/strassen\/strassenreinigung\/","og_site_name":"DLB Dreieich","article_modified_time":"2025-10-16T08:41:35+00:00","og_image":[{"width":600,"height":450,"url":"https:\/\/dlb-aoer.de\/dreieich\/wp-content\/uploads\/sites\/4\/2019\/05\/Strassen_Reinigung.jpg","type":"image\/jpeg"}],"twitter_card":"summary_large_image","twitter_misc":{"Gesch\u00e4tzte Lesezeit":"2\u00a0Minuten"},"schema":{"@context":"https:\/\/schema.org","@graph":[{"@type":"WebPage","@id":"https:\/\/dlb-aoer.de\/dreieich\/strassen\/strassenreinigung\/","url":"https:\/\/dlb-aoer.de\/dreieich\/strassen\/strassenreinigung\/","name":"Stra\u00dfenreinigung - DLB Dreieich","isPartOf":{"@id":"https:\/\/dlb-aoer.de\/dreieich\/#website"},"datePublished":"2019-05-12T16:54:54+00:00","dateModified":"2025-10-16T08:41:35+00:00","breadcrumb":{"@id":"https:\/\/dlb-aoer.de\/dreieich\/strassen\/strassenreinigung\/#breadcrumb"},"inLanguage":"de","potentialAction":[{"@type":"ReadAction","target":["https:\/\/dlb-aoer.de\/dreieich\/strassen\/strassenreinigung\/"]}]},{"@type":"BreadcrumbList","@id":"https:\/\/dlb-aoer.de\/dreieich\/strassen\/strassenreinigung\/#breadcrumb","itemListElement":[{"@type":"ListItem","position":1,"name":"Startseite","item":"https:\/\/dlb-aoer.de\/dreieich\/"},{"@type":"ListItem","position":2,"name":"Stra\u00dfen","item":"https:\/\/dlb-aoer.de\/dreieich\/strassen\/"},{"@type":"ListItem","position":3,"name":"Stra\u00dfenreinigung"}]},{"@type":"WebSite","@id":"https:\/\/dlb-aoer.de\/dreieich\/#website","url":"https:\/\/dlb-aoer.de\/dreieich\/","name":"DLB Dreieich","description":"","publisher":{"@id":"https:\/\/dlb-aoer.de\/dreieich\/#organization"},"potentialAction":[{"@type":"SearchAction","target":{"@type":"EntryPoint","urlTemplate":"https:\/\/dlb-aoer.de\/dreieich\/?s={search_term_string}"},"query-input":"required name=search_term_string"}],"inLanguage":"de"},{"@type":"Organization","@id":"https:\/\/dlb-aoer.de\/dreieich\/#organization","name":"Dienstleistungsbetrieb Dreieich und Neu-Isenburg A\u00f6R","url":"https:\/\/dlb-aoer.de\/dreieich\/","logo":{"@type":"ImageObject","inLanguage":"de","@id":"https:\/\/dlb-aoer.de\/dreieich\/#\/schema\/logo\/image\/","url":"https:\/\/dlb-aoer.de\/dreieich\/wp-content\/uploads\/sites\/4\/2019\/10\/DLB_Logo_orange.svg","contentUrl":"https:\/\/dlb-aoer.de\/dreieich\/wp-content\/uploads\/sites\/4\/2019\/10\/DLB_Logo_orange.svg","width":1,"height":1,"caption":"Dienstleistungsbetrieb Dreieich und Neu-Isenburg A\u00f6R"},"image":{"@id":"https:\/\/dlb-aoer.de\/dreieich\/#\/schema\/logo\/image\/"}}]}},"_links":{"self":[{"href":"https:\/\/dlb-aoer.de\/dreieich\/wp-json\/wp\/v2\/pages\/323","targetHints":{"allow":["GET"]}}],"collection":[{"href":"https:\/\/dlb-aoer.de\/dreieich\/wp-json\/wp\/v2\/pages"}],"about":[{"href":"https:\/\/dlb-aoer.de\/dreieich\/wp-json\/wp\/v2\/types\/page"}],"author":[{"embeddable":true,"href":"https:\/\/dlb-aoer.de\/dreieich\/wp-json\/wp\/v2\/users\/2"}],"replies":[{"embeddable":true,"href":"https:\/\/dlb-aoer.de\/dreieich\/wp-json\/wp\/v2\/comments?post=323"}],"version-history":[{"count":47,"href":"https:\/\/dlb-aoer.de\/dreieich\/wp-json\/wp\/v2\/pages\/323\/revisions"}],"predecessor-version":[{"id":4839,"href":"https:\/\/dlb-aoer.de\/dreieich\/wp-json\/wp\/v2\/pages\/323\/revisions\/4839"}],"up":[{"embeddable":true,"href":"https:\/\/dlb-aoer.de\/dreieich\/wp-json\/wp\/v2\/pages\/19"}],"wp:featuredmedia":[{"embeddable":true,"href":"https:\/\/dlb-aoer.de\/dreieich\/wp-json\/wp\/v2\/media\/726"}],"wp:attachment":[{"href":"https:\/\/dlb-aoer.de\/dreieich\/wp-json\/wp\/v2\/media?parent=323"}],"curies":[{"name":"wp","href":"https:\/\/api.w.org\/{rel}","templated":true}]}}