{"id":286,"date":"2019-05-12T18:45:41","date_gmt":"2019-05-12T16:45:41","guid":{"rendered":"https:\/\/www.dlb-aoer.de\/dreieich\/?page_id=286"},"modified":"2025-11-13T09:56:45","modified_gmt":"2025-11-13T08:56:45","slug":"baumspenden-patenschaften","status":"publish","type":"page","link":"https:\/\/dlb-aoer.de\/dreieich\/gruen-spiel-sport\/baeume\/baumspenden-patenschaften\/","title":{"rendered":"Baumspenden\/ Patenschaften"},"content":{"rendered":"\t\t<div data-elementor-type=\"wp-post\" data-elementor-id=\"286\" class=\"elementor elementor-286\">\n\t\t\t\t\t\t\t\t\t<section class=\"elementor-section elementor-top-section elementor-element elementor-element-b037432 elementor-section-stretched elementor-section-boxed elementor-section-height-default elementor-section-height-default\" data-id=\"b037432\" data-element_type=\"section\" data-settings=\"{&quot;stretch_section&quot;:&quot;section-stretched&quot;}\">\n\t\t\t\t\t\t<div class=\"elementor-container elementor-column-gap-default\">\n\t\t\t\t\t<div class=\"elementor-column elementor-col-100 elementor-top-column elementor-element elementor-element-3830977\" data-id=\"3830977\" data-element_type=\"column\">\n\t\t\t<div class=\"elementor-widget-wrap elementor-element-populated\">\n\t\t\t\t\t\t\t\t<section class=\"elementor-section elementor-inner-section elementor-element elementor-element-7b3bf7e border-plus-margin elementor-section-boxed elementor-section-height-default elementor-section-height-default\" data-id=\"7b3bf7e\" data-element_type=\"section\">\n\t\t\t\t\t\t<div class=\"elementor-container elementor-column-gap-default\">\n\t\t\t\t\t<div class=\"elementor-column elementor-col-50 elementor-inner-column elementor-element elementor-element-301d8e9\" data-id=\"301d8e9\" data-element_type=\"column\">\n\t\t\t<div class=\"elementor-widget-wrap elementor-element-populated\">\n\t\t\t\t\t\t\t\t<div class=\"elementor-element elementor-element-8f19766 elementor-widget elementor-widget-image\" data-id=\"8f19766\" data-element_type=\"widget\" data-widget_type=\"image.default\">\n\t\t\t\t<div class=\"elementor-widget-container\">\n\t\t\t\t\t\t\t\t\t\t\t\t\t\t\t<img loading=\"lazy\" decoding=\"async\" width=\"1024\" height=\"387\" src=\"https:\/\/dlb-aoer.de\/dreieich\/wp-content\/uploads\/sites\/4\/2021\/02\/9-1024x387.jpg\" class=\"attachment-large size-large wp-image-1449\" alt=\"Baumspenden und Patenschaften. Zu sehen sind einige B\u00e4ume vor der Dreieichenhainer Burg.\" srcset=\"https:\/\/dlb-aoer.de\/dreieich\/wp-content\/uploads\/sites\/4\/2021\/02\/9-1024x387.jpg 1024w, https:\/\/dlb-aoer.de\/dreieich\/wp-content\/uploads\/sites\/4\/2021\/02\/9-300x113.jpg 300w, https:\/\/dlb-aoer.de\/dreieich\/wp-content\/uploads\/sites\/4\/2021\/02\/9-768x290.jpg 768w, https:\/\/dlb-aoer.de\/dreieich\/wp-content\/uploads\/sites\/4\/2021\/02\/9-1536x580.jpg 1536w, https:\/\/dlb-aoer.de\/dreieich\/wp-content\/uploads\/sites\/4\/2021\/02\/9-2048x774.jpg 2048w, https:\/\/dlb-aoer.de\/dreieich\/wp-content\/uploads\/sites\/4\/2021\/02\/9-830x314.jpg 830w, https:\/\/dlb-aoer.de\/dreieich\/wp-content\/uploads\/sites\/4\/2021\/02\/9-230x87.jpg 230w, https:\/\/dlb-aoer.de\/dreieich\/wp-content\/uploads\/sites\/4\/2021\/02\/9-350x132.jpg 350w, https:\/\/dlb-aoer.de\/dreieich\/wp-content\/uploads\/sites\/4\/2021\/02\/9-480x181.jpg 480w\" sizes=\"auto, (max-width: 1024px) 100vw, 1024px\" \/>\t\t\t\t\t\t\t\t\t\t\t\t\t\t\t<\/div>\n\t\t\t\t<\/div>\n\t\t\t\t\t<\/div>\n\t\t<\/div>\n\t\t\t\t<div class=\"elementor-column elementor-col-50 elementor-inner-column elementor-element elementor-element-898bab7\" data-id=\"898bab7\" data-element_type=\"column\">\n\t\t\t<div class=\"elementor-widget-wrap elementor-element-populated\">\n\t\t\t\t\t\t\t\t<div class=\"elementor-element elementor-element-c9233b9 elementor-widget elementor-widget-text-editor\" data-id=\"c9233b9\" data-element_type=\"widget\" data-widget_type=\"text-editor.default\">\n\t\t\t\t<div class=\"elementor-widget-container\">\n\t\t\t\t\t\t\t<p><strong>Ansprechpartner:<\/strong><\/p><p>Sylvio J\u00e4ckel<br \/>Tel. 06102-3702-355<\/p><p><a href=\"mailto:gruen-spiel-sport@dlb-aoer.de\"><img loading=\"lazy\" decoding=\"async\" class=\"alignnone wp-image-2828\" src=\"https:\/\/dlb-aoer.de\/dreieich\/wp-content\/uploads\/sites\/4\/2022\/08\/Email3.png\" alt=\"E-Mail schreiben\" width=\"45\" height=\"37\" srcset=\"https:\/\/dlb-aoer.de\/dreieich\/wp-content\/uploads\/sites\/4\/2022\/08\/Email3.png 288w, https:\/\/dlb-aoer.de\/dreieich\/wp-content\/uploads\/sites\/4\/2022\/08\/Email3-230x190.png 230w\" sizes=\"auto, (max-width: 45px) 100vw, 45px\" \/><\/a>\u00a0 \u00a0<\/p><p><a href=\"https:\/\/dlb-aoer.de\/dreieich\/wp-content\/uploads\/sites\/4\/2022\/01\/DLB-Flyer-Baumpate-2022.pdf\">DLB Flyer Baumspenden \/-patenschaften<\/a><\/p>\t\t\t\t\t\t<\/div>\n\t\t\t\t<\/div>\n\t\t\t\t\t<\/div>\n\t\t<\/div>\n\t\t\t\t\t\t\t<\/div>\n\t\t<\/section>\n\t\t\t\t<section class=\"elementor-section elementor-inner-section elementor-element elementor-element-9e1e8bf border-plus-margin elementor-section-boxed elementor-section-height-default elementor-section-height-default\" data-id=\"9e1e8bf\" data-element_type=\"section\">\n\t\t\t\t\t\t<div class=\"elementor-container elementor-column-gap-default\">\n\t\t\t\t\t<div class=\"elementor-column elementor-col-100 elementor-inner-column elementor-element elementor-element-97869fa\" data-id=\"97869fa\" data-element_type=\"column\">\n\t\t\t<div class=\"elementor-widget-wrap elementor-element-populated\">\n\t\t\t\t\t\t\t\t<div class=\"elementor-element elementor-element-b5e8479 elementor-widget elementor-widget-heading\" data-id=\"b5e8479\" data-element_type=\"widget\" data-widget_type=\"heading.default\">\n\t\t\t\t<div class=\"elementor-widget-container\">\n\t\t\t<h2 class=\"elementor-heading-title elementor-size-default\">B\u00e4ume <\/h2>\t\t<\/div>\n\t\t\t\t<\/div>\n\t\t\t\t<div class=\"elementor-element elementor-element-1cde00b elementor-widget elementor-widget-text-editor\" data-id=\"1cde00b\" data-element_type=\"widget\" data-widget_type=\"text-editor.default\">\n\t\t\t\t<div class=\"elementor-widget-container\">\n\t\t\t\t\t\t\t<p>Stadtb\u00e4ume haben wichtige \u00f6kologische Funktionen. Sie pr\u00e4gen das Erscheinungsbild unserer St\u00e4dte, produzieren Sauerstoff, binden Staub, k\u00fchlen die Luft, mildern Strahlungsintensit\u00e4t, L\u00e4rm und Wind. Allerdings sind die Lebensbedingungen gerade der Stadtb\u00e4ume besonders hart. Helfen Sie, mit einer Baumspende und\/oder einer Baumpatenschaft unsere wichtigen Stadtb\u00e4ume zu erhalten.<\/p><p>Informationen rund um die Baumspende und die Baumpatenschaft finden Sie in unserem <a href=\"https:\/\/dlb-aoer.de\/dreieich\/wp-content\/uploads\/sites\/4\/2022\/01\/DLB-Flyer-Baumpate-2022.pdf\">Flyer<\/a>.<\/p>\t\t\t\t\t\t<\/div>\n\t\t\t\t<\/div>\n\t\t\t\t\t<\/div>\n\t\t<\/div>\n\t\t\t\t\t\t\t<\/div>\n\t\t<\/section>\n\t\t\t\t<section class=\"elementor-section elementor-inner-section elementor-element elementor-element-462a5b1 elementor-section-boxed elementor-section-height-default elementor-section-height-default\" data-id=\"462a5b1\" data-element_type=\"section\">\n\t\t\t\t\t\t<div class=\"elementor-container elementor-column-gap-default\">\n\t\t\t\t\t<div class=\"elementor-column elementor-col-100 elementor-inner-column elementor-element elementor-element-856429b\" data-id=\"856429b\" data-element_type=\"column\" data-settings=\"{&quot;background_background&quot;:&quot;classic&quot;}\">\n\t\t\t<div class=\"elementor-widget-wrap elementor-element-populated\">\n\t\t\t\t\t\t\t\t<div class=\"elementor-element elementor-element-02d0fa8 elementor-widget elementor-widget-heading\" data-id=\"02d0fa8\" data-element_type=\"widget\" data-widget_type=\"heading.default\">\n\t\t\t\t<div class=\"elementor-widget-container\">\n\t\t\t<h2 class=\"elementor-heading-title elementor-size-default\">Baumspenden<\/h2>\t\t<\/div>\n\t\t\t\t<\/div>\n\t\t\t\t\t<\/div>\n\t\t<\/div>\n\t\t\t\t\t\t\t<\/div>\n\t\t<\/section>\n\t\t\t\t<section class=\"elementor-section elementor-inner-section elementor-element elementor-element-8b430ce border-plus-margin elementor-section-boxed elementor-section-height-default elementor-section-height-default\" data-id=\"8b430ce\" data-element_type=\"section\">\n\t\t\t\t\t\t<div class=\"elementor-container elementor-column-gap-default\">\n\t\t\t\t\t<div class=\"elementor-column elementor-col-100 elementor-inner-column elementor-element elementor-element-3bdaec7\" data-id=\"3bdaec7\" data-element_type=\"column\">\n\t\t\t<div class=\"elementor-widget-wrap elementor-element-populated\">\n\t\t\t\t\t\t\t\t<div class=\"elementor-element elementor-element-ed9f371 elementor-widget elementor-widget-text-editor\" data-id=\"ed9f371\" data-element_type=\"widget\" data-widget_type=\"text-editor.default\">\n\t\t\t\t<div class=\"elementor-widget-container\">\n\t\t\t\t\t\t\t<p>Jedes Jahr m\u00fcssen viele absterbende und kranke B\u00e4ume gef\u00e4llt werden. Durch den Klimawandel erh\u00f6ht sich die Sterberate im Baumbestand. Der Ersatz dieser B\u00e4ume ist uns ein besonderes Anliegen. Helfen Sie mit und leisten Sie mit einer Baumspende einen Beitrag f\u00fcr den Erhalt und die Zukunft des \u00f6ffentlichen Gr\u00fcns in Dreieich und Neu-Isenburg. Damit f\u00fcr jeden gef\u00e4llten Baum mindestens ein Neuer gepflanzt werden kann.<\/p><h6>Mit einer Spende von 500 Euro<\/h6><p>&#8230;kann ein neuer Baum gekauft\u00a0 und gepflanzt werden. Die weitere Pflege ab der Pflanzung \u00fcbernimmt die DLB A\u00f6R. Der Baum kann als engagierte Geste f\u00fcr mehr Lebensqualit\u00e4t, als nachhaltiges Geschenk f\u00fcr ein besonderes Familienereignis oder zur Imagebildung z.B. einer Firma oder eines Vereins gespendet werden. Baumspender und Baumspenderinnen erhalten eine Urkunde sowie eine\u00a0 Baumspendenplakette an der Baumverankerung. Gerne k\u00f6nnen auch Teilbetr\u00e4ge gespendet werden.<\/p><p>\u00dcber unsere interaktive Karte gelangen Sie zu den Baumstandorten.<\/p>\t\t\t\t\t\t<\/div>\n\t\t\t\t<\/div>\n\t\t\t\t\t<\/div>\n\t\t<\/div>\n\t\t\t\t\t\t\t<\/div>\n\t\t<\/section>\n\t\t\t\t<section class=\"elementor-section elementor-inner-section elementor-element elementor-element-13d8db7 border-plus-margin elementor-section-boxed elementor-section-height-default elementor-section-height-default\" data-id=\"13d8db7\" data-element_type=\"section\">\n\t\t\t\t\t\t<div class=\"elementor-container elementor-column-gap-default\">\n\t\t\t\t\t<div class=\"elementor-column elementor-col-100 elementor-inner-column elementor-element elementor-element-166acbe\" data-id=\"166acbe\" data-element_type=\"column\">\n\t\t\t<div class=\"elementor-widget-wrap elementor-element-populated\">\n\t\t\t\t\t\t\t\t<div class=\"elementor-element elementor-element-e57fd7c elementor-widget elementor-widget-heading\" data-id=\"e57fd7c\" data-element_type=\"widget\" data-widget_type=\"heading.default\">\n\t\t\t\t<div class=\"elementor-widget-container\">\n\t\t\t<h2 class=\"elementor-heading-title elementor-size-default\">Ablauf einer Baumspende<\/h2>\t\t<\/div>\n\t\t\t\t<\/div>\n\t\t\t\t<div class=\"elementor-element elementor-element-f8411e1 elementor-widget elementor-widget-text-editor\" data-id=\"f8411e1\" data-element_type=\"widget\" data-widget_type=\"text-editor.default\">\n\t\t\t\t<div class=\"elementor-widget-container\">\n\t\t\t\t\t\t\t<p>Hier finden Sie die <a href=\"https:\/\/dreieich.mein-abfallkalender.online\/app\/containerstandorte.html?iframe=1&amp;container_type_group=leasure-5&amp;container_type_group=leasure-6\" target=\"_blank\" rel=\"noopener\">Interaktive Karte<\/a> zur Auswahl eines Spendenbaums.<\/p>\t\t\t\t\t\t<\/div>\n\t\t\t\t<\/div>\n\t\t\t\t<div class=\"elementor-element elementor-element-8ab0072 elementor-widget elementor-widget-image\" data-id=\"8ab0072\" data-element_type=\"widget\" data-widget_type=\"image.default\">\n\t\t\t\t<div class=\"elementor-widget-container\">\n\t\t\t\t\t\t\t\t\t\t\t\t\t\t\t\t<a href=\"https:\/\/dreieich.mein-abfallkalender.online\/app\/containerstandorte.html?iframe=1&#038;container_type_group=leasure-5&#038;container_type_group=leasure-6\" target=\"_blank\">\n\t\t\t\t\t\t\t<img loading=\"lazy\" decoding=\"async\" width=\"1024\" height=\"233\" src=\"https:\/\/dlb-aoer.de\/dreieich\/wp-content\/uploads\/sites\/4\/2022\/08\/DREIEICH-1024x233.jpg\" class=\"attachment-large size-large wp-image-2986\" alt=\"Kartenausschnitt Dreieich mit wei\u00dfen und gr\u00fcnen Baumpins\" srcset=\"https:\/\/dlb-aoer.de\/dreieich\/wp-content\/uploads\/sites\/4\/2022\/08\/DREIEICH-1024x233.jpg 1024w, https:\/\/dlb-aoer.de\/dreieich\/wp-content\/uploads\/sites\/4\/2022\/08\/DREIEICH-300x68.jpg 300w, https:\/\/dlb-aoer.de\/dreieich\/wp-content\/uploads\/sites\/4\/2022\/08\/DREIEICH-768x175.jpg 768w, https:\/\/dlb-aoer.de\/dreieich\/wp-content\/uploads\/sites\/4\/2022\/08\/DREIEICH-1536x349.jpg 1536w, https:\/\/dlb-aoer.de\/dreieich\/wp-content\/uploads\/sites\/4\/2022\/08\/DREIEICH-2048x466.jpg 2048w, https:\/\/dlb-aoer.de\/dreieich\/wp-content\/uploads\/sites\/4\/2022\/08\/DREIEICH-830x189.jpg 830w, https:\/\/dlb-aoer.de\/dreieich\/wp-content\/uploads\/sites\/4\/2022\/08\/DREIEICH-230x52.jpg 230w, https:\/\/dlb-aoer.de\/dreieich\/wp-content\/uploads\/sites\/4\/2022\/08\/DREIEICH-350x80.jpg 350w, https:\/\/dlb-aoer.de\/dreieich\/wp-content\/uploads\/sites\/4\/2022\/08\/DREIEICH-480x109.jpg 480w\" sizes=\"auto, (max-width: 1024px) 100vw, 1024px\" \/>\t\t\t\t\t\t\t\t<\/a>\n\t\t\t\t\t\t\t\t\t\t\t\t\t\t\t<\/div>\n\t\t\t\t<\/div>\n\t\t\t\t<div class=\"elementor-element elementor-element-a912c3b elementor-widget elementor-widget-text-editor\" data-id=\"a912c3b\" data-element_type=\"widget\" data-widget_type=\"text-editor.default\">\n\t\t\t\t<div class=\"elementor-widget-container\">\n\t\t\t\t\t\t\t<ol><li>Suchen Sie sich einen Baum aus der Karte raus, der f\u00fcr eine Spende zur Verf\u00fcgung steht (Baum mit wei\u00dfer Krone). B\u00e4ume mit gr\u00fcner Krone sind bereits gespendete B\u00e4ume. Mit einem Klick auf den Baum erhalten Sie weitere Informationen.<\/li><li>Klicken Sie auf den Baum.<\/li><li>\u00dcber den Schriftzug \u201eBaumspende anfragen\u201c wird automatisch eine E-Mail an den DLB ge\u00f6ffnet, mit allen ben\u00f6tigten Informationen.<\/li><li>Das hat nicht funktioniert? Oder Sie m\u00f6chten einen Baum an einem ganz bestimmten Standort spenden, der nicht in der Karte vermerkt ist? <br \/>Dann schicken Sie hier eine <a href=\"mailto:s.jaeckel@dlb-aoer.de\">E-Mail<\/a> an Sylvio J\u00e4ckel mit nachfolgenden Informationen:<br \/>\u2022 Stra\u00dfenname<br \/>\u2022 Baumnummer<br \/>\u2022 Einverst\u00e4ndnis, dass der Name bei erfolgter Baumspende auf der Karte angezeigt werden darf (ja\/nein)<\/li><li>Wir nehmen pers\u00f6nlich Kontakt mit Ihnen bez\u00fcglich der weiteren Vorgehensweise auf.<\/li><li>Nach erfolgreicher Spende, erhalten Sie eine Baumspendenplakette an der Baumverankerung Ihres Baumes sowie eine Urkunde als Dankesch\u00f6n. Eine Spendenquittung wird auf Wunsch ausgestellt.<\/li><\/ol>\t\t\t\t\t\t<\/div>\n\t\t\t\t<\/div>\n\t\t\t\t\t<\/div>\n\t\t<\/div>\n\t\t\t\t\t\t\t<\/div>\n\t\t<\/section>\n\t\t\t\t<section class=\"elementor-section elementor-inner-section elementor-element elementor-element-1a232bb border-plus-margin elementor-section-boxed elementor-section-height-default elementor-section-height-default\" data-id=\"1a232bb\" data-element_type=\"section\">\n\t\t\t\t\t\t<div class=\"elementor-container elementor-column-gap-default\">\n\t\t\t\t\t<div class=\"elementor-column elementor-col-100 elementor-inner-column elementor-element elementor-element-7b9adc6\" data-id=\"7b9adc6\" data-element_type=\"column\">\n\t\t\t<div class=\"elementor-widget-wrap elementor-element-populated\">\n\t\t\t\t\t\t\t\t<div class=\"elementor-element elementor-element-8525e23 elementor-widget elementor-widget-heading\" data-id=\"8525e23\" data-element_type=\"widget\" data-widget_type=\"heading.default\">\n\t\t\t\t<div class=\"elementor-widget-container\">\n\t\t\t<h2 class=\"elementor-heading-title elementor-size-default\">Baumpatenschaften<\/h2>\t\t<\/div>\n\t\t\t\t<\/div>\n\t\t\t\t<div class=\"elementor-element elementor-element-41bff47 elementor-widget elementor-widget-text-editor\" data-id=\"41bff47\" data-element_type=\"widget\" data-widget_type=\"text-editor.default\">\n\t\t\t\t<div class=\"elementor-widget-container\">\n\t\t\t\t\t\t\t<p>Mit einer Baumpatenschaft helfen Sie Ihrem Patenbaum direkt. Diese ist unabh\u00e4ngig von einer Baumspende und ist gerade f\u00fcr\u00a0 B\u00e4ume in Ihrer unmittelbaren Nachbarschaft interessant. Sie \u00fcbernehmen direkt pflegende und erhaltende Ma\u00dfnahmen:<\/p><ul><li>Sie w\u00e4ssern Ihren Patenbaum in Trockenzeiten je nach\u00a0 Aufnahmef\u00e4higkeit des Bodens mit 50 bis 80 l sauberem Wasser (kein Putz- und Sp\u00fclwasser).<\/li><li>Sie entfernen Unrat und Unkraut.<\/li><li>Sie k\u00f6nnen nach Absprache mit\u00a0 uns die Fl\u00e4che um Ihren\u00a0 Patenbaum (Baumscheibe) auch nach Ihren Ideen bepflanzen.<\/li><\/ul><p>Baumpaten und Baumpatinnen erhalten eine Patenschaftsvereinbarung sowie eine Urkunde. Au\u00dferdem werden Sie pers\u00f6nlich zum Tag der offenen T\u00fcr eingeladen.<\/p>\t\t\t\t\t\t<\/div>\n\t\t\t\t<\/div>\n\t\t\t\t\t<\/div>\n\t\t<\/div>\n\t\t\t\t\t\t\t<\/div>\n\t\t<\/section>\n\t\t\t\t\t<\/div>\n\t\t<\/div>\n\t\t\t\t\t\t\t<\/div>\n\t\t<\/section>\n\t\t\t\t\t\t\t<\/div>\n\t\t","protected":false},"excerpt":{"rendered":"<p>Stadtb\u00e4ume haben wichtige \u00f6kologische Funktionen. Sie pr\u00e4gen das Erscheinungsbild unserer St\u00e4dte, produzieren Sauerstoff, binden Staub, k\u00fchlen<\/p>\n","protected":false},"author":2,"featured_media":2773,"parent":1433,"menu_order":7,"comment_status":"closed","ping_status":"closed","template":"","meta":{"inline_featured_image":false,"footnotes":"","_links_to":"","_links_to_target":""},"class_list":["post-286","page","type-page","status-publish","has-post-thumbnail","hentry"],"yoast_head":"<!-- This site is optimized with the Yoast SEO plugin v21.6 - https:\/\/yoast.com\/wordpress\/plugins\/seo\/ -->\n<title>Baumspenden\/ Patenschaften - DLB Dreieich<\/title>\n<meta name=\"robots\" content=\"index, follow, max-snippet:-1, max-image-preview:large, max-video-preview:-1\" \/>\n<link rel=\"canonical\" href=\"https:\/\/dlb-aoer.de\/dreieich\/gruen-spiel-sport\/baeume\/baumspenden-patenschaften\/\" \/>\n<meta property=\"og:locale\" content=\"de_DE\" \/>\n<meta property=\"og:type\" content=\"article\" \/>\n<meta property=\"og:title\" content=\"Baumspenden\/ Patenschaften - DLB Dreieich\" \/>\n<meta property=\"og:description\" content=\"Stadtb\u00e4ume haben wichtige \u00f6kologische Funktionen. Sie pr\u00e4gen das Erscheinungsbild unserer St\u00e4dte, produzieren Sauerstoff, binden Staub, k\u00fchlen\" \/>\n<meta property=\"og:url\" content=\"https:\/\/dlb-aoer.de\/dreieich\/gruen-spiel-sport\/baeume\/baumspenden-patenschaften\/\" \/>\n<meta property=\"og:site_name\" content=\"DLB Dreieich\" \/>\n<meta property=\"article:modified_time\" content=\"2025-11-13T08:56:45+00:00\" \/>\n<meta property=\"og:image\" content=\"https:\/\/dlb-aoer.de\/dreieich\/wp-content\/uploads\/sites\/4\/2022\/07\/Baumspende-scaled.jpg\" \/>\n\t<meta property=\"og:image:width\" content=\"2500\" \/>\n\t<meta property=\"og:image:height\" content=\"2560\" \/>\n\t<meta property=\"og:image:type\" content=\"image\/jpeg\" \/>\n<meta name=\"twitter:card\" content=\"summary_large_image\" \/>\n<meta name=\"twitter:label1\" content=\"Gesch\u00e4tzte Lesezeit\" \/>\n\t<meta name=\"twitter:data1\" content=\"4\u00a0Minuten\" \/>\n<script type=\"application\/ld+json\" class=\"yoast-schema-graph\">{\"@context\":\"https:\/\/schema.org\",\"@graph\":[{\"@type\":\"WebPage\",\"@id\":\"https:\/\/dlb-aoer.de\/dreieich\/gruen-spiel-sport\/baeume\/baumspenden-patenschaften\/\",\"url\":\"https:\/\/dlb-aoer.de\/dreieich\/gruen-spiel-sport\/baeume\/baumspenden-patenschaften\/\",\"name\":\"Baumspenden\/ Patenschaften - DLB Dreieich\",\"isPartOf\":{\"@id\":\"https:\/\/dlb-aoer.de\/dreieich\/#website\"},\"datePublished\":\"2019-05-12T16:45:41+00:00\",\"dateModified\":\"2025-11-13T08:56:45+00:00\",\"breadcrumb\":{\"@id\":\"https:\/\/dlb-aoer.de\/dreieich\/gruen-spiel-sport\/baeume\/baumspenden-patenschaften\/#breadcrumb\"},\"inLanguage\":\"de\",\"potentialAction\":[{\"@type\":\"ReadAction\",\"target\":[\"https:\/\/dlb-aoer.de\/dreieich\/gruen-spiel-sport\/baeume\/baumspenden-patenschaften\/\"]}]},{\"@type\":\"BreadcrumbList\",\"@id\":\"https:\/\/dlb-aoer.de\/dreieich\/gruen-spiel-sport\/baeume\/baumspenden-patenschaften\/#breadcrumb\",\"itemListElement\":[{\"@type\":\"ListItem\",\"position\":1,\"name\":\"Startseite\",\"item\":\"https:\/\/dlb-aoer.de\/dreieich\/\"},{\"@type\":\"ListItem\",\"position\":2,\"name\":\"Gr\u00fcn\/Spiel\/Sport\",\"item\":\"https:\/\/dlb-aoer.de\/dreieich\/gruen-spiel-sport\/\"},{\"@type\":\"ListItem\",\"position\":3,\"name\":\"B\u00e4ume\",\"item\":\"https:\/\/dlb-aoer.de\/dreieich\/gruen-spiel-sport\/baeume\/\"},{\"@type\":\"ListItem\",\"position\":4,\"name\":\"Baumspenden\/ Patenschaften\"}]},{\"@type\":\"WebSite\",\"@id\":\"https:\/\/dlb-aoer.de\/dreieich\/#website\",\"url\":\"https:\/\/dlb-aoer.de\/dreieich\/\",\"name\":\"DLB Dreieich\",\"description\":\"\",\"publisher\":{\"@id\":\"https:\/\/dlb-aoer.de\/dreieich\/#organization\"},\"potentialAction\":[{\"@type\":\"SearchAction\",\"target\":{\"@type\":\"EntryPoint\",\"urlTemplate\":\"https:\/\/dlb-aoer.de\/dreieich\/?s={search_term_string}\"},\"query-input\":\"required name=search_term_string\"}],\"inLanguage\":\"de\"},{\"@type\":\"Organization\",\"@id\":\"https:\/\/dlb-aoer.de\/dreieich\/#organization\",\"name\":\"Dienstleistungsbetrieb Dreieich und Neu-Isenburg A\u00f6R\",\"url\":\"https:\/\/dlb-aoer.de\/dreieich\/\",\"logo\":{\"@type\":\"ImageObject\",\"inLanguage\":\"de\",\"@id\":\"https:\/\/dlb-aoer.de\/dreieich\/#\/schema\/logo\/image\/\",\"url\":\"https:\/\/dlb-aoer.de\/dreieich\/wp-content\/uploads\/sites\/4\/2019\/10\/DLB_Logo_orange.svg\",\"contentUrl\":\"https:\/\/dlb-aoer.de\/dreieich\/wp-content\/uploads\/sites\/4\/2019\/10\/DLB_Logo_orange.svg\",\"width\":1,\"height\":1,\"caption\":\"Dienstleistungsbetrieb Dreieich und Neu-Isenburg A\u00f6R\"},\"image\":{\"@id\":\"https:\/\/dlb-aoer.de\/dreieich\/#\/schema\/logo\/image\/\"}}]}<\/script>\n<!-- \/ Yoast SEO plugin. -->","yoast_head_json":{"title":"Baumspenden\/ Patenschaften - DLB Dreieich","robots":{"index":"index","follow":"follow","max-snippet":"max-snippet:-1","max-image-preview":"max-image-preview:large","max-video-preview":"max-video-preview:-1"},"canonical":"https:\/\/dlb-aoer.de\/dreieich\/gruen-spiel-sport\/baeume\/baumspenden-patenschaften\/","og_locale":"de_DE","og_type":"article","og_title":"Baumspenden\/ Patenschaften - DLB Dreieich","og_description":"Stadtb\u00e4ume haben wichtige \u00f6kologische Funktionen. Sie pr\u00e4gen das Erscheinungsbild unserer St\u00e4dte, produzieren Sauerstoff, binden Staub, k\u00fchlen","og_url":"https:\/\/dlb-aoer.de\/dreieich\/gruen-spiel-sport\/baeume\/baumspenden-patenschaften\/","og_site_name":"DLB Dreieich","article_modified_time":"2025-11-13T08:56:45+00:00","og_image":[{"width":2500,"height":2560,"url":"https:\/\/dlb-aoer.de\/dreieich\/wp-content\/uploads\/sites\/4\/2022\/07\/Baumspende-scaled.jpg","type":"image\/jpeg"}],"twitter_card":"summary_large_image","twitter_misc":{"Gesch\u00e4tzte Lesezeit":"4\u00a0Minuten"},"schema":{"@context":"https:\/\/schema.org","@graph":[{"@type":"WebPage","@id":"https:\/\/dlb-aoer.de\/dreieich\/gruen-spiel-sport\/baeume\/baumspenden-patenschaften\/","url":"https:\/\/dlb-aoer.de\/dreieich\/gruen-spiel-sport\/baeume\/baumspenden-patenschaften\/","name":"Baumspenden\/ Patenschaften - DLB Dreieich","isPartOf":{"@id":"https:\/\/dlb-aoer.de\/dreieich\/#website"},"datePublished":"2019-05-12T16:45:41+00:00","dateModified":"2025-11-13T08:56:45+00:00","breadcrumb":{"@id":"https:\/\/dlb-aoer.de\/dreieich\/gruen-spiel-sport\/baeume\/baumspenden-patenschaften\/#breadcrumb"},"inLanguage":"de","potentialAction":[{"@type":"ReadAction","target":["https:\/\/dlb-aoer.de\/dreieich\/gruen-spiel-sport\/baeume\/baumspenden-patenschaften\/"]}]},{"@type":"BreadcrumbList","@id":"https:\/\/dlb-aoer.de\/dreieich\/gruen-spiel-sport\/baeume\/baumspenden-patenschaften\/#breadcrumb","itemListElement":[{"@type":"ListItem","position":1,"name":"Startseite","item":"https:\/\/dlb-aoer.de\/dreieich\/"},{"@type":"ListItem","position":2,"name":"Gr\u00fcn\/Spiel\/Sport","item":"https:\/\/dlb-aoer.de\/dreieich\/gruen-spiel-sport\/"},{"@type":"ListItem","position":3,"name":"B\u00e4ume","item":"https:\/\/dlb-aoer.de\/dreieich\/gruen-spiel-sport\/baeume\/"},{"@type":"ListItem","position":4,"name":"Baumspenden\/ Patenschaften"}]},{"@type":"WebSite","@id":"https:\/\/dlb-aoer.de\/dreieich\/#website","url":"https:\/\/dlb-aoer.de\/dreieich\/","name":"DLB Dreieich","description":"","publisher":{"@id":"https:\/\/dlb-aoer.de\/dreieich\/#organization"},"potentialAction":[{"@type":"SearchAction","target":{"@type":"EntryPoint","urlTemplate":"https:\/\/dlb-aoer.de\/dreieich\/?s={search_term_string}"},"query-input":"required name=search_term_string"}],"inLanguage":"de"},{"@type":"Organization","@id":"https:\/\/dlb-aoer.de\/dreieich\/#organization","name":"Dienstleistungsbetrieb Dreieich und Neu-Isenburg A\u00f6R","url":"https:\/\/dlb-aoer.de\/dreieich\/","logo":{"@type":"ImageObject","inLanguage":"de","@id":"https:\/\/dlb-aoer.de\/dreieich\/#\/schema\/logo\/image\/","url":"https:\/\/dlb-aoer.de\/dreieich\/wp-content\/uploads\/sites\/4\/2019\/10\/DLB_Logo_orange.svg","contentUrl":"https:\/\/dlb-aoer.de\/dreieich\/wp-content\/uploads\/sites\/4\/2019\/10\/DLB_Logo_orange.svg","width":1,"height":1,"caption":"Dienstleistungsbetrieb Dreieich und Neu-Isenburg A\u00f6R"},"image":{"@id":"https:\/\/dlb-aoer.de\/dreieich\/#\/schema\/logo\/image\/"}}]}},"_links":{"self":[{"href":"https:\/\/dlb-aoer.de\/dreieich\/wp-json\/wp\/v2\/pages\/286","targetHints":{"allow":["GET"]}}],"collection":[{"href":"https:\/\/dlb-aoer.de\/dreieich\/wp-json\/wp\/v2\/pages"}],"about":[{"href":"https:\/\/dlb-aoer.de\/dreieich\/wp-json\/wp\/v2\/types\/page"}],"author":[{"embeddable":true,"href":"https:\/\/dlb-aoer.de\/dreieich\/wp-json\/wp\/v2\/users\/2"}],"replies":[{"embeddable":true,"href":"https:\/\/dlb-aoer.de\/dreieich\/wp-json\/wp\/v2\/comments?post=286"}],"version-history":[{"count":65,"href":"https:\/\/dlb-aoer.de\/dreieich\/wp-json\/wp\/v2\/pages\/286\/revisions"}],"predecessor-version":[{"id":4880,"href":"https:\/\/dlb-aoer.de\/dreieich\/wp-json\/wp\/v2\/pages\/286\/revisions\/4880"}],"up":[{"embeddable":true,"href":"https:\/\/dlb-aoer.de\/dreieich\/wp-json\/wp\/v2\/pages\/1433"}],"wp:featuredmedia":[{"embeddable":true,"href":"https:\/\/dlb-aoer.de\/dreieich\/wp-json\/wp\/v2\/media\/2773"}],"wp:attachment":[{"href":"https:\/\/dlb-aoer.de\/dreieich\/wp-json\/wp\/v2\/media?parent=286"}],"curies":[{"name":"wp","href":"https:\/\/api.w.org\/{rel}","templated":true}]}}