{"id":276,"date":"2019-05-12T18:44:34","date_gmt":"2019-05-12T16:44:34","guid":{"rendered":"https:\/\/www.dlb-aoer.de\/dreieich\/?page_id=276"},"modified":"2024-07-05T09:29:44","modified_gmt":"2024-07-05T07:29:44","slug":"baumschutzsatzung","status":"publish","type":"page","link":"https:\/\/dlb-aoer.de\/dreieich\/gruen-spiel-sport\/baeume\/baumschutzsatzung\/","title":{"rendered":"Baumschutzsatzung"},"content":{"rendered":"\t\t<div data-elementor-type=\"wp-post\" data-elementor-id=\"276\" class=\"elementor elementor-276\">\n\t\t\t\t\t\t\t\t\t<section class=\"elementor-section elementor-top-section elementor-element elementor-element-dfcc7c2 elementor-section-stretched elementor-section-boxed elementor-section-height-default elementor-section-height-default\" data-id=\"dfcc7c2\" data-element_type=\"section\" data-settings=\"{&quot;stretch_section&quot;:&quot;section-stretched&quot;}\">\n\t\t\t\t\t\t<div class=\"elementor-container elementor-column-gap-default\">\n\t\t\t\t\t<div class=\"elementor-column elementor-col-100 elementor-top-column elementor-element elementor-element-9306ce1\" data-id=\"9306ce1\" data-element_type=\"column\">\n\t\t\t<div class=\"elementor-widget-wrap elementor-element-populated\">\n\t\t\t\t\t\t\t\t<section class=\"elementor-section elementor-inner-section elementor-element elementor-element-eecfa74 border-plus-margin elementor-section-boxed elementor-section-height-default elementor-section-height-default\" data-id=\"eecfa74\" data-element_type=\"section\">\n\t\t\t\t\t\t<div class=\"elementor-container elementor-column-gap-default\">\n\t\t\t\t\t<div class=\"elementor-column elementor-col-50 elementor-inner-column elementor-element elementor-element-8d6a117\" data-id=\"8d6a117\" data-element_type=\"column\">\n\t\t\t<div class=\"elementor-widget-wrap elementor-element-populated\">\n\t\t\t\t\t\t\t\t<div class=\"elementor-element elementor-element-1be4f2d elementor-widget elementor-widget-image\" data-id=\"1be4f2d\" data-element_type=\"widget\" data-widget_type=\"image.default\">\n\t\t\t\t<div class=\"elementor-widget-container\">\n\t\t\t\t\t\t\t\t\t\t\t\t\t\t\t<img loading=\"lazy\" decoding=\"async\" width=\"1024\" height=\"387\" src=\"https:\/\/dlb-aoer.de\/dreieich\/wp-content\/uploads\/sites\/4\/2021\/02\/1-1024x387.jpg\" class=\"attachment-large size-large wp-image-1441\" alt=\"\" srcset=\"https:\/\/dlb-aoer.de\/dreieich\/wp-content\/uploads\/sites\/4\/2021\/02\/1-1024x387.jpg 1024w, https:\/\/dlb-aoer.de\/dreieich\/wp-content\/uploads\/sites\/4\/2021\/02\/1-300x113.jpg 300w, https:\/\/dlb-aoer.de\/dreieich\/wp-content\/uploads\/sites\/4\/2021\/02\/1-768x290.jpg 768w, https:\/\/dlb-aoer.de\/dreieich\/wp-content\/uploads\/sites\/4\/2021\/02\/1-1536x580.jpg 1536w, https:\/\/dlb-aoer.de\/dreieich\/wp-content\/uploads\/sites\/4\/2021\/02\/1-2048x774.jpg 2048w, https:\/\/dlb-aoer.de\/dreieich\/wp-content\/uploads\/sites\/4\/2021\/02\/1-830x314.jpg 830w, https:\/\/dlb-aoer.de\/dreieich\/wp-content\/uploads\/sites\/4\/2021\/02\/1-230x87.jpg 230w, https:\/\/dlb-aoer.de\/dreieich\/wp-content\/uploads\/sites\/4\/2021\/02\/1-350x132.jpg 350w, https:\/\/dlb-aoer.de\/dreieich\/wp-content\/uploads\/sites\/4\/2021\/02\/1-480x181.jpg 480w\" sizes=\"auto, (max-width: 1024px) 100vw, 1024px\" \/>\t\t\t\t\t\t\t\t\t\t\t\t\t\t\t<\/div>\n\t\t\t\t<\/div>\n\t\t\t\t\t<\/div>\n\t\t<\/div>\n\t\t\t\t<div class=\"elementor-column elementor-col-50 elementor-inner-column elementor-element elementor-element-fd3ed73\" data-id=\"fd3ed73\" data-element_type=\"column\">\n\t\t\t<div class=\"elementor-widget-wrap elementor-element-populated\">\n\t\t\t\t\t\t\t\t<div class=\"elementor-element elementor-element-801774c elementor-widget elementor-widget-text-editor\" data-id=\"801774c\" data-element_type=\"widget\" data-widget_type=\"text-editor.default\">\n\t\t\t\t<div class=\"elementor-widget-container\">\n\t\t\t\t\t\t\t<p><strong>Ansprechpartner:<\/strong><\/p><p>Sylvio J\u00e4ckel<br \/>Tel. 06102-3702-355<\/p><p><a href=\"mailto:gruen-spiel-sport@dlb-aoer.de\"><img loading=\"lazy\" decoding=\"async\" class=\"alignnone wp-image-2828\" src=\"https:\/\/dlb-aoer.de\/dreieich\/wp-content\/uploads\/sites\/4\/2022\/08\/Email3.png\" alt=\"E-Mail schreiben\" width=\"45\" height=\"37\" srcset=\"https:\/\/dlb-aoer.de\/dreieich\/wp-content\/uploads\/sites\/4\/2022\/08\/Email3.png 288w, https:\/\/dlb-aoer.de\/dreieich\/wp-content\/uploads\/sites\/4\/2022\/08\/Email3-230x190.png 230w\" sizes=\"auto, (max-width: 45px) 100vw, 45px\" \/><\/a>\u00a0 \u00a0<\/p><p><a href=\"\/dreieich\/wp-content\/uploads\/sites\/4\/2019\/10\/20140131_Dreieicher-Baumschutzsatzung1.pdf\" target=\"_blank\" rel=\"noopener\">Baumschutzsatzung<\/a><br \/><a href=\"https:\/\/www.dreieich.de\/rathaus-service\/buergerservice\/online-dienstleistungen\/baumfaellantrag.pdf?cid=12ss\">Formular F\u00e4llantrag<\/a><br \/><a href=\"https:\/\/dlb-aoer.de\/dreieich\/wp-content\/uploads\/sites\/4\/2024\/07\/Merkblatt-Baumschutz-DLB-24.pdf\">Merkblatt Baumschutz<\/a><\/p>\t\t\t\t\t\t<\/div>\n\t\t\t\t<\/div>\n\t\t\t\t\t<\/div>\n\t\t<\/div>\n\t\t\t\t\t\t\t<\/div>\n\t\t<\/section>\n\t\t\t\t<section class=\"elementor-section elementor-inner-section elementor-element elementor-element-7a48489 border-plus-margin elementor-section-boxed elementor-section-height-default elementor-section-height-default\" data-id=\"7a48489\" data-element_type=\"section\">\n\t\t\t\t\t\t<div class=\"elementor-container elementor-column-gap-default\">\n\t\t\t\t\t<div class=\"elementor-column elementor-col-100 elementor-inner-column elementor-element elementor-element-d7c1f21\" data-id=\"d7c1f21\" data-element_type=\"column\">\n\t\t\t<div class=\"elementor-widget-wrap elementor-element-populated\">\n\t\t\t\t\t\t\t\t<div class=\"elementor-element elementor-element-3d46ebb elementor-widget elementor-widget-heading\" data-id=\"3d46ebb\" data-element_type=\"widget\" data-widget_type=\"heading.default\">\n\t\t\t\t<div class=\"elementor-widget-container\">\n\t\t\t<h2 class=\"elementor-heading-title elementor-size-default\">Baumschutzsatzung<\/h2>\t\t<\/div>\n\t\t\t\t<\/div>\n\t\t\t\t<div class=\"elementor-element elementor-element-74ad6f7 elementor-widget elementor-widget-text-editor\" data-id=\"74ad6f7\" data-element_type=\"widget\" data-widget_type=\"text-editor.default\">\n\t\t\t\t<div class=\"elementor-widget-container\">\n\t\t\t\t\t\t\t<p>Neben den st\u00e4dtischen B\u00e4umen entlang von Stra\u00dfen, in Gr\u00fcnanlagen, Sportanlagen und Kinderg\u00e4rten besitzen auch Privatb\u00e4ume in Hausg\u00e4rten und Gewerbefl\u00e4chen wertvolle Funktionen f\u00fcr das st\u00e4dtische Gr\u00fcn. Gro\u00dfe und alte Laubb\u00e4ume spielen bei der Durchgr\u00fcnung des Stadtgebietes eine zentrale Rolle.<\/p><p>Unter Schutz stehen <strong>Laubb\u00e4ume ab einem Stammumfang von 90 cm<\/strong> im bebauten Innenbereich.<\/p><p>Liegen Gr\u00fcnde vor, die eine Baumf\u00e4llung unumg\u00e4nglich machen, so muss nach der <a href=\"\/dreieich\/wp-content\/uploads\/sites\/4\/2019\/10\/20140131_Dreieicher-Baumschutzsatzung1.pdf\" target=\"_blank\" rel=\"noopener\">Baumschutzsatzung<\/a> Ersatz gepflanzt werden.<\/p><p>\u00a0<\/p>\t\t\t\t\t\t<\/div>\n\t\t\t\t<\/div>\n\t\t\t\t\t<\/div>\n\t\t<\/div>\n\t\t\t\t\t\t\t<\/div>\n\t\t<\/section>\n\t\t\t\t<section class=\"elementor-section elementor-inner-section elementor-element elementor-element-ec89ea3 border-plus-margin elementor-section-boxed elementor-section-height-default elementor-section-height-default\" data-id=\"ec89ea3\" data-element_type=\"section\">\n\t\t\t\t\t\t<div class=\"elementor-container elementor-column-gap-default\">\n\t\t\t\t\t<div class=\"elementor-column elementor-col-100 elementor-inner-column elementor-element elementor-element-8f2906f\" data-id=\"8f2906f\" data-element_type=\"column\">\n\t\t\t<div class=\"elementor-widget-wrap elementor-element-populated\">\n\t\t\t\t\t\t\t\t<div class=\"elementor-element elementor-element-84763a8 elementor-widget elementor-widget-heading\" data-id=\"84763a8\" data-element_type=\"widget\" data-widget_type=\"heading.default\">\n\t\t\t\t<div class=\"elementor-widget-container\">\n\t\t\t<h2 class=\"elementor-heading-title elementor-size-default\">F\u00e4llantrag<\/h2>\t\t<\/div>\n\t\t\t\t<\/div>\n\t\t\t\t<div class=\"elementor-element elementor-element-c7be871 elementor-widget elementor-widget-text-editor\" data-id=\"c7be871\" data-element_type=\"widget\" data-widget_type=\"text-editor.default\">\n\t\t\t\t<div class=\"elementor-widget-container\">\n\t\t\t\t\t\t\t<p>Ein Antrag zur F\u00e4llung von gesch\u00fctzten B\u00e4umen oder eines wesentlichen Eingriffs in Krone oder Wurzelraum kann nur vom Baumeigent\u00fcmer gestellt werden. Der Antrag ist schriftlich zu stellen.<\/p><p>Die Arbeiten d\u00fcrfen erst nach erteilter Genehmigung begonnen werden.<\/p><p>Bitte senden Sie uns Ihren Antrag per <a href=\"mailto:faellantrag@dlb-aoer.de\">E-Mail<\/a> oder Fax an 06102 \/ 3702-499.<\/p><p><strong>Das Formular zum F\u00e4llantrag finden Sie<a href=\"https:\/\/www.dreieich.de\/rathaus-service\/buergerservice\/online-dienstleistungen\/baumfaellantrag.pdf?cid=12ss\"> <u>hier<\/u><\/a><\/strong>.<\/p><p>Die Kosten f\u00fcr einen Bescheid belaufen sich auf 40,00 \u20ac<\/p>\t\t\t\t\t\t<\/div>\n\t\t\t\t<\/div>\n\t\t\t\t\t<\/div>\n\t\t<\/div>\n\t\t\t\t\t\t\t<\/div>\n\t\t<\/section>\n\t\t\t\t<section class=\"elementor-section elementor-inner-section elementor-element elementor-element-93e8ea6 border-plus-margin elementor-section-boxed elementor-section-height-default elementor-section-height-default\" data-id=\"93e8ea6\" data-element_type=\"section\">\n\t\t\t\t\t\t<div class=\"elementor-container elementor-column-gap-default\">\n\t\t\t\t\t<div class=\"elementor-column elementor-col-100 elementor-inner-column elementor-element elementor-element-9f55a7e\" data-id=\"9f55a7e\" data-element_type=\"column\">\n\t\t\t<div class=\"elementor-widget-wrap elementor-element-populated\">\n\t\t\t\t\t\t\t\t<div class=\"elementor-element elementor-element-1c362ce elementor-widget elementor-widget-heading\" data-id=\"1c362ce\" data-element_type=\"widget\" data-widget_type=\"heading.default\">\n\t\t\t\t<div class=\"elementor-widget-container\">\n\t\t\t<h2 class=\"elementor-heading-title elementor-size-default\">Baumschutz auf Baustellen<\/h2>\t\t<\/div>\n\t\t\t\t<\/div>\n\t\t\t\t<div class=\"elementor-element elementor-element-4e120ac elementor-widget elementor-widget-text-editor\" data-id=\"4e120ac\" data-element_type=\"widget\" data-widget_type=\"text-editor.default\">\n\t\t\t\t<div class=\"elementor-widget-container\">\n\t\t\t\t\t\t\t<p>B\u00e4ume werden durch Bauma\u00dfnahmen h\u00e4ufig nachhaltig gesch\u00e4digt. Das kann leicht vermieden werden, wenn rechtzeitig Vorkehrungen zum Schutz der B\u00e4ume auf einer Baustelle getroffen werden. Die nachfolgenden Informationen sollen helfen die n\u00f6tigen Schutzma\u00dfnahmen vor Baubeginn durchzuf\u00fchren.<\/p><p>Sch\u00e4digungen am Baumbestand k\u00f6nnen als Ordnungswidrigkeit mit einer Geldbu\u00dfe belegt werden.<\/p><p><a href=\"https:\/\/dlb-aoer.de\/dreieich\/wp-content\/uploads\/sites\/4\/2024\/07\/Merkblatt-Baumschutz-DLB-24.pdf\">Merkblatt Baumschutz<\/a><\/p>\t\t\t\t\t\t<\/div>\n\t\t\t\t<\/div>\n\t\t\t\t\t<\/div>\n\t\t<\/div>\n\t\t\t\t\t\t\t<\/div>\n\t\t<\/section>\n\t\t\t\t<section class=\"elementor-section elementor-inner-section elementor-element elementor-element-82ca41b border-plus-margin elementor-section-boxed elementor-section-height-default elementor-section-height-default\" data-id=\"82ca41b\" data-element_type=\"section\">\n\t\t\t\t\t\t<div class=\"elementor-container elementor-column-gap-default\">\n\t\t\t\t\t<div class=\"elementor-column elementor-col-100 elementor-inner-column elementor-element elementor-element-8820c88\" data-id=\"8820c88\" data-element_type=\"column\">\n\t\t\t<div class=\"elementor-widget-wrap elementor-element-populated\">\n\t\t\t\t\t\t\t\t<div class=\"elementor-element elementor-element-76298ef elementor-widget elementor-widget-heading\" data-id=\"76298ef\" data-element_type=\"widget\" data-widget_type=\"heading.default\">\n\t\t\t\t<div class=\"elementor-widget-container\">\n\t\t\t<h2 class=\"elementor-heading-title elementor-size-default\">Baumf\u00e4llungen im Au\u00dfenbereich und Artenschutz<\/h2>\t\t<\/div>\n\t\t\t\t<\/div>\n\t\t\t\t<div class=\"elementor-element elementor-element-f4cc061 elementor-widget elementor-widget-text-editor\" data-id=\"f4cc061\" data-element_type=\"widget\" data-widget_type=\"text-editor.default\">\n\t\t\t\t<div class=\"elementor-widget-container\">\n\t\t\t\t\t\t\t<p><strong>Baumf\u00e4llungen im unbebauten Au\u00dfenbereich<\/strong><\/p><p>Generell unterliegen alle Baumf\u00e4llungen au\u00dferhalb des Geltungsbereichs der Baumschutzsatzung (Au\u00dfenbereich) der Genehmigungspflicht durch die Untere Naturschutzbeh\u00f6rde.<\/p><p><strong>Artenschutz<\/strong><\/p><p>Unber\u00fchrt von den Bestimmungen zum in der Baumschutzsatzung geregelten \u00f6rtlichen Baumschutz bleiben die Genehmigungsvorschriften des Bundesnaturschutzgesetzes (BNatSchG). Insbesondere wenn durch eine Baumf\u00e4llung artenschutzrechtliche Belange betroffen sind. So ist es nach \u00a7 44 BNatSchG u.a. verboten, B\u00e4ume aller Art, die als Fortpflanzungs- oder Ruhest\u00e4tten f\u00fcr wildlebende Tiere der besonders gesch\u00fctzten Arten dienen, zu sch\u00e4digen oder zu beseitigen. Ausnahmen bed\u00fcrfen in diesen F\u00e4llen \u2013 gegebenenfalls auch zus\u00e4tzlich zur Baumf\u00e4llgenehmigung \u2013 nach \u00a7 45 Abs. 7 BNatSchG der Genehmigung durch die Untere Naturschutzbeh\u00f6rde.<\/p><p>Kontakt:<br \/>Kreis Offenbach<br \/>Fachdienst Umwelt<br \/>Untere Naturschutzbeh\u00f6rde<br \/>Werner-Hilpert-Stra\u00dfe 1<br \/>63128 Dietzenbach<br \/>Tel. 06074 8180-0<\/p>\t\t\t\t\t\t<\/div>\n\t\t\t\t<\/div>\n\t\t\t\t\t<\/div>\n\t\t<\/div>\n\t\t\t\t\t\t\t<\/div>\n\t\t<\/section>\n\t\t\t\t\t<\/div>\n\t\t<\/div>\n\t\t\t\t\t\t\t<\/div>\n\t\t<\/section>\n\t\t\t\t\t\t\t<\/div>\n\t\t","protected":false},"excerpt":{"rendered":"<p>Neben den st\u00e4dtischen B\u00e4umen entlang von Stra\u00dfen, in Gr\u00fcnanlagen, Sportanlagen und Kinderg\u00e4rten besitzen auch Privatb\u00e4ume in Hausg\u00e4rten und<\/p>\n","protected":false},"author":2,"featured_media":1441,"parent":1433,"menu_order":1,"comment_status":"closed","ping_status":"closed","template":"","meta":{"inline_featured_image":false,"footnotes":"","_links_to":"","_links_to_target":""},"class_list":["post-276","page","type-page","status-publish","has-post-thumbnail","hentry"],"yoast_head":"<!-- This site is optimized with the Yoast SEO plugin v21.6 - https:\/\/yoast.com\/wordpress\/plugins\/seo\/ -->\n<title>Baumschutzsatzung - DLB Dreieich<\/title>\n<meta name=\"robots\" content=\"index, follow, max-snippet:-1, max-image-preview:large, max-video-preview:-1\" \/>\n<link rel=\"canonical\" href=\"https:\/\/dlb-aoer.de\/dreieich\/gruen-spiel-sport\/baeume\/baumschutzsatzung\/\" \/>\n<meta property=\"og:locale\" content=\"de_DE\" \/>\n<meta property=\"og:type\" content=\"article\" \/>\n<meta property=\"og:title\" content=\"Baumschutzsatzung - DLB Dreieich\" \/>\n<meta property=\"og:description\" content=\"Neben den st\u00e4dtischen B\u00e4umen entlang von Stra\u00dfen, in Gr\u00fcnanlagen, Sportanlagen und Kinderg\u00e4rten besitzen auch Privatb\u00e4ume in Hausg\u00e4rten und\" \/>\n<meta property=\"og:url\" content=\"https:\/\/dlb-aoer.de\/dreieich\/gruen-spiel-sport\/baeume\/baumschutzsatzung\/\" \/>\n<meta property=\"og:site_name\" content=\"DLB Dreieich\" \/>\n<meta property=\"article:modified_time\" content=\"2024-07-05T07:29:44+00:00\" \/>\n<meta property=\"og:image\" content=\"https:\/\/dlb-aoer.de\/dreieich\/wp-content\/uploads\/sites\/4\/2021\/02\/1-scaled.jpg\" \/>\n\t<meta property=\"og:image:width\" content=\"2560\" \/>\n\t<meta property=\"og:image:height\" content=\"967\" \/>\n\t<meta property=\"og:image:type\" content=\"image\/jpeg\" \/>\n<meta name=\"twitter:card\" content=\"summary_large_image\" \/>\n<meta name=\"twitter:label1\" content=\"Gesch\u00e4tzte Lesezeit\" \/>\n\t<meta name=\"twitter:data1\" content=\"3\u00a0Minuten\" \/>\n<script type=\"application\/ld+json\" class=\"yoast-schema-graph\">{\"@context\":\"https:\/\/schema.org\",\"@graph\":[{\"@type\":\"WebPage\",\"@id\":\"https:\/\/dlb-aoer.de\/dreieich\/gruen-spiel-sport\/baeume\/baumschutzsatzung\/\",\"url\":\"https:\/\/dlb-aoer.de\/dreieich\/gruen-spiel-sport\/baeume\/baumschutzsatzung\/\",\"name\":\"Baumschutzsatzung - DLB Dreieich\",\"isPartOf\":{\"@id\":\"https:\/\/dlb-aoer.de\/dreieich\/#website\"},\"datePublished\":\"2019-05-12T16:44:34+00:00\",\"dateModified\":\"2024-07-05T07:29:44+00:00\",\"breadcrumb\":{\"@id\":\"https:\/\/dlb-aoer.de\/dreieich\/gruen-spiel-sport\/baeume\/baumschutzsatzung\/#breadcrumb\"},\"inLanguage\":\"de\",\"potentialAction\":[{\"@type\":\"ReadAction\",\"target\":[\"https:\/\/dlb-aoer.de\/dreieich\/gruen-spiel-sport\/baeume\/baumschutzsatzung\/\"]}]},{\"@type\":\"BreadcrumbList\",\"@id\":\"https:\/\/dlb-aoer.de\/dreieich\/gruen-spiel-sport\/baeume\/baumschutzsatzung\/#breadcrumb\",\"itemListElement\":[{\"@type\":\"ListItem\",\"position\":1,\"name\":\"Startseite\",\"item\":\"https:\/\/dlb-aoer.de\/dreieich\/\"},{\"@type\":\"ListItem\",\"position\":2,\"name\":\"Gr\u00fcn\/Spiel\/Sport\",\"item\":\"https:\/\/dlb-aoer.de\/dreieich\/gruen-spiel-sport\/\"},{\"@type\":\"ListItem\",\"position\":3,\"name\":\"B\u00e4ume\",\"item\":\"https:\/\/dlb-aoer.de\/dreieich\/gruen-spiel-sport\/baeume\/\"},{\"@type\":\"ListItem\",\"position\":4,\"name\":\"Baumschutzsatzung\"}]},{\"@type\":\"WebSite\",\"@id\":\"https:\/\/dlb-aoer.de\/dreieich\/#website\",\"url\":\"https:\/\/dlb-aoer.de\/dreieich\/\",\"name\":\"DLB Dreieich\",\"description\":\"\",\"publisher\":{\"@id\":\"https:\/\/dlb-aoer.de\/dreieich\/#organization\"},\"potentialAction\":[{\"@type\":\"SearchAction\",\"target\":{\"@type\":\"EntryPoint\",\"urlTemplate\":\"https:\/\/dlb-aoer.de\/dreieich\/?s={search_term_string}\"},\"query-input\":\"required name=search_term_string\"}],\"inLanguage\":\"de\"},{\"@type\":\"Organization\",\"@id\":\"https:\/\/dlb-aoer.de\/dreieich\/#organization\",\"name\":\"Dienstleistungsbetrieb Dreieich und Neu-Isenburg A\u00f6R\",\"url\":\"https:\/\/dlb-aoer.de\/dreieich\/\",\"logo\":{\"@type\":\"ImageObject\",\"inLanguage\":\"de\",\"@id\":\"https:\/\/dlb-aoer.de\/dreieich\/#\/schema\/logo\/image\/\",\"url\":\"https:\/\/dlb-aoer.de\/dreieich\/wp-content\/uploads\/sites\/4\/2019\/10\/DLB_Logo_orange.svg\",\"contentUrl\":\"https:\/\/dlb-aoer.de\/dreieich\/wp-content\/uploads\/sites\/4\/2019\/10\/DLB_Logo_orange.svg\",\"width\":1,\"height\":1,\"caption\":\"Dienstleistungsbetrieb Dreieich und Neu-Isenburg A\u00f6R\"},\"image\":{\"@id\":\"https:\/\/dlb-aoer.de\/dreieich\/#\/schema\/logo\/image\/\"}}]}<\/script>\n<!-- \/ Yoast SEO plugin. -->","yoast_head_json":{"title":"Baumschutzsatzung - DLB Dreieich","robots":{"index":"index","follow":"follow","max-snippet":"max-snippet:-1","max-image-preview":"max-image-preview:large","max-video-preview":"max-video-preview:-1"},"canonical":"https:\/\/dlb-aoer.de\/dreieich\/gruen-spiel-sport\/baeume\/baumschutzsatzung\/","og_locale":"de_DE","og_type":"article","og_title":"Baumschutzsatzung - DLB Dreieich","og_description":"Neben den st\u00e4dtischen B\u00e4umen entlang von Stra\u00dfen, in Gr\u00fcnanlagen, Sportanlagen und Kinderg\u00e4rten besitzen auch Privatb\u00e4ume in Hausg\u00e4rten und","og_url":"https:\/\/dlb-aoer.de\/dreieich\/gruen-spiel-sport\/baeume\/baumschutzsatzung\/","og_site_name":"DLB Dreieich","article_modified_time":"2024-07-05T07:29:44+00:00","og_image":[{"width":2560,"height":967,"url":"https:\/\/dlb-aoer.de\/dreieich\/wp-content\/uploads\/sites\/4\/2021\/02\/1-scaled.jpg","type":"image\/jpeg"}],"twitter_card":"summary_large_image","twitter_misc":{"Gesch\u00e4tzte Lesezeit":"3\u00a0Minuten"},"schema":{"@context":"https:\/\/schema.org","@graph":[{"@type":"WebPage","@id":"https:\/\/dlb-aoer.de\/dreieich\/gruen-spiel-sport\/baeume\/baumschutzsatzung\/","url":"https:\/\/dlb-aoer.de\/dreieich\/gruen-spiel-sport\/baeume\/baumschutzsatzung\/","name":"Baumschutzsatzung - DLB Dreieich","isPartOf":{"@id":"https:\/\/dlb-aoer.de\/dreieich\/#website"},"datePublished":"2019-05-12T16:44:34+00:00","dateModified":"2024-07-05T07:29:44+00:00","breadcrumb":{"@id":"https:\/\/dlb-aoer.de\/dreieich\/gruen-spiel-sport\/baeume\/baumschutzsatzung\/#breadcrumb"},"inLanguage":"de","potentialAction":[{"@type":"ReadAction","target":["https:\/\/dlb-aoer.de\/dreieich\/gruen-spiel-sport\/baeume\/baumschutzsatzung\/"]}]},{"@type":"BreadcrumbList","@id":"https:\/\/dlb-aoer.de\/dreieich\/gruen-spiel-sport\/baeume\/baumschutzsatzung\/#breadcrumb","itemListElement":[{"@type":"ListItem","position":1,"name":"Startseite","item":"https:\/\/dlb-aoer.de\/dreieich\/"},{"@type":"ListItem","position":2,"name":"Gr\u00fcn\/Spiel\/Sport","item":"https:\/\/dlb-aoer.de\/dreieich\/gruen-spiel-sport\/"},{"@type":"ListItem","position":3,"name":"B\u00e4ume","item":"https:\/\/dlb-aoer.de\/dreieich\/gruen-spiel-sport\/baeume\/"},{"@type":"ListItem","position":4,"name":"Baumschutzsatzung"}]},{"@type":"WebSite","@id":"https:\/\/dlb-aoer.de\/dreieich\/#website","url":"https:\/\/dlb-aoer.de\/dreieich\/","name":"DLB Dreieich","description":"","publisher":{"@id":"https:\/\/dlb-aoer.de\/dreieich\/#organization"},"potentialAction":[{"@type":"SearchAction","target":{"@type":"EntryPoint","urlTemplate":"https:\/\/dlb-aoer.de\/dreieich\/?s={search_term_string}"},"query-input":"required name=search_term_string"}],"inLanguage":"de"},{"@type":"Organization","@id":"https:\/\/dlb-aoer.de\/dreieich\/#organization","name":"Dienstleistungsbetrieb Dreieich und Neu-Isenburg A\u00f6R","url":"https:\/\/dlb-aoer.de\/dreieich\/","logo":{"@type":"ImageObject","inLanguage":"de","@id":"https:\/\/dlb-aoer.de\/dreieich\/#\/schema\/logo\/image\/","url":"https:\/\/dlb-aoer.de\/dreieich\/wp-content\/uploads\/sites\/4\/2019\/10\/DLB_Logo_orange.svg","contentUrl":"https:\/\/dlb-aoer.de\/dreieich\/wp-content\/uploads\/sites\/4\/2019\/10\/DLB_Logo_orange.svg","width":1,"height":1,"caption":"Dienstleistungsbetrieb Dreieich und Neu-Isenburg A\u00f6R"},"image":{"@id":"https:\/\/dlb-aoer.de\/dreieich\/#\/schema\/logo\/image\/"}}]}},"_links":{"self":[{"href":"https:\/\/dlb-aoer.de\/dreieich\/wp-json\/wp\/v2\/pages\/276","targetHints":{"allow":["GET"]}}],"collection":[{"href":"https:\/\/dlb-aoer.de\/dreieich\/wp-json\/wp\/v2\/pages"}],"about":[{"href":"https:\/\/dlb-aoer.de\/dreieich\/wp-json\/wp\/v2\/types\/page"}],"author":[{"embeddable":true,"href":"https:\/\/dlb-aoer.de\/dreieich\/wp-json\/wp\/v2\/users\/2"}],"replies":[{"embeddable":true,"href":"https:\/\/dlb-aoer.de\/dreieich\/wp-json\/wp\/v2\/comments?post=276"}],"version-history":[{"count":46,"href":"https:\/\/dlb-aoer.de\/dreieich\/wp-json\/wp\/v2\/pages\/276\/revisions"}],"predecessor-version":[{"id":4260,"href":"https:\/\/dlb-aoer.de\/dreieich\/wp-json\/wp\/v2\/pages\/276\/revisions\/4260"}],"up":[{"embeddable":true,"href":"https:\/\/dlb-aoer.de\/dreieich\/wp-json\/wp\/v2\/pages\/1433"}],"wp:featuredmedia":[{"embeddable":true,"href":"https:\/\/dlb-aoer.de\/dreieich\/wp-json\/wp\/v2\/media\/1441"}],"wp:attachment":[{"href":"https:\/\/dlb-aoer.de\/dreieich\/wp-json\/wp\/v2\/media?parent=276"}],"curies":[{"name":"wp","href":"https:\/\/api.w.org\/{rel}","templated":true}]}}