{"id":2417,"date":"2022-02-10T09:40:53","date_gmt":"2022-02-10T08:40:53","guid":{"rendered":"https:\/\/dlb-aoer.de\/dreieich\/?page_id=2417"},"modified":"2024-01-23T10:37:23","modified_gmt":"2024-01-23T09:37:23","slug":"interaktiver-stadtplan","status":"publish","type":"page","link":"https:\/\/dlb-aoer.de\/dreieich\/home\/interaktiver-stadtplan\/","title":{"rendered":"Interaktiver Stadtplan"},"content":{"rendered":"\t\t<div data-elementor-type=\"wp-post\" data-elementor-id=\"2417\" class=\"elementor elementor-2417\">\n\t\t\t\t\t\t\t\t\t<section class=\"elementor-section elementor-top-section elementor-element elementor-element-3cedc44 elementor-section-boxed elementor-section-height-default elementor-section-height-default\" data-id=\"3cedc44\" data-element_type=\"section\">\n\t\t\t\t\t\t<div class=\"elementor-container elementor-column-gap-default\">\n\t\t\t\t\t<div class=\"elementor-column elementor-col-100 elementor-top-column elementor-element elementor-element-57bcc6a\" data-id=\"57bcc6a\" data-element_type=\"column\">\n\t\t\t<div class=\"elementor-widget-wrap elementor-element-populated\">\n\t\t\t\t\t\t\t\t<div class=\"elementor-element elementor-element-f36f553 elementor-widget elementor-widget-heading\" data-id=\"f36f553\" data-element_type=\"widget\" data-widget_type=\"heading.default\">\n\t\t\t\t<div class=\"elementor-widget-container\">\n\t\t\t<h2 class=\"elementor-heading-title elementor-size-default\">Interaktiver Stadtplan<\/h2>\t\t<\/div>\n\t\t\t\t<\/div>\n\t\t\t\t\t<\/div>\n\t\t<\/div>\n\t\t\t\t\t\t\t<\/div>\n\t\t<\/section>\n\t\t\t\t<section class=\"elementor-section elementor-top-section elementor-element elementor-element-0dae5f5 elementor-section-boxed elementor-section-height-default elementor-section-height-default\" data-id=\"0dae5f5\" data-element_type=\"section\">\n\t\t\t\t\t\t<div class=\"elementor-container elementor-column-gap-default\">\n\t\t\t\t\t<div class=\"elementor-column elementor-col-100 elementor-top-column elementor-element elementor-element-dade424\" data-id=\"dade424\" data-element_type=\"column\">\n\t\t\t<div class=\"elementor-widget-wrap elementor-element-populated\">\n\t\t\t\t\t\t\t\t<div class=\"elementor-element elementor-element-2a8e487 elementor-widget elementor-widget-text-editor\" data-id=\"2a8e487\" data-element_type=\"widget\" data-widget_type=\"text-editor.default\">\n\t\t\t\t<div class=\"elementor-widget-container\">\n\t\t\t\t\t\t\t<p><span style=\"background-color: transparent; color: #443f3f; font-family: -apple-system, BlinkMacSystemFont, 'Segoe UI', Roboto, Oxygen-Sans, Ubuntu, Cantarell, 'Helvetica Neue', sans-serif; font-size: 16px;\">In der dargestellten Karte k\u00f6nnen Sie sich einen \u00dcberblick \u00fcber die Lage verschiedener Einrichtungen in Dreieich verschaffen. Dazu geh\u00f6ren: Containerstandorte, Dogstations, Standort Schadstoffmobil, <\/span><span style=\"background-color: transparent; color: #443f3f; font-family: -apple-system, BlinkMacSystemFont, 'Segoe UI', Roboto, Oxygen-Sans, Ubuntu, Cantarell, 'Helvetica Neue', sans-serif; font-size: 16px;\">Bankstandorte,\u00a0<\/span><span style=\"background-color: transparent; color: #443f3f; font-family: -apple-system, BlinkMacSystemFont, 'Segoe UI', Roboto, Oxygen-Sans, Ubuntu, Cantarell, 'Helvetica Neue', sans-serif; font-size: 16px;\">Spielpl\u00e4tze,\u00a0<\/span><span style=\"background-color: transparent; color: #443f3f; font-family: -apple-system, BlinkMacSystemFont, 'Segoe UI', Roboto, Oxygen-Sans, Ubuntu, Cantarell, 'Helvetica Neue', sans-serif; font-size: 16px;\">naturnahe Gr\u00fcnfl\u00e4chen und\u00a0<\/span><span style=\"background-color: transparent; color: #443f3f; font-family: -apple-system, BlinkMacSystemFont, 'Segoe UI', Roboto, Oxygen-Sans, Ubuntu, Cantarell, 'Helvetica Neue', sans-serif; font-size: 16px;\">Wiesen. \u00dcber die Auswahl der Standorte k\u00f6nnen Sie die jeweilige Anzeige filtern.<\/span><\/p>\t\t\t\t\t\t<\/div>\n\t\t\t\t<\/div>\n\t\t\t\t<div class=\"elementor-element elementor-element-f57594f elementor-widget elementor-widget-html\" data-id=\"f57594f\" data-element_type=\"widget\" data-widget_type=\"html.default\">\n\t\t\t\t<div class=\"elementor-widget-container\">\n\t\t\t<script type=\"text\/javascript\" src=\"https:\/\/demo.mein-abfallkalender.online\/js\/porthole.min.js\"><\/script>\n<iframe loading=\"lazy\" id=\"mein-abfallkalender\" src=\"https:\/\/dreieich.mein-abfallkalender.online\/app\/containerstandorte.html?iframe=1&container_type_group=glass&container_type_group=cloth&container_type_group=recycling&container_type_group=toxic&container_type_group=dogbag&container_type_group=leasure-1&container_type_group=leasure-2&container_type_group=leasure-3&container_type_group=leasure-4&container_type_group_hide=leasure-4\" name=\"mein-abfallkalender\" width=\"100%\" height=\"300\" frameborder=\"0\" scrolling=\"no\"><\/iframe>\n<script>\nvar guestDomain = 'dreieich.mein-abfallkalender.online';\n  \n  function onMessage(messageEvent) {  \nconsole.log('messageEvent = ' + messageEvent.data[\"height\"] + ':' + messageEvent.origin)\n    if (messageEvent.origin == \"https:\/\/\" + guestDomain) {\n      if (messageEvent.data[\"height\"]) {\n        el = document.getElementById(\"mein-abfallkalender\");\n\/\/console.log(el)\n        el.setAttribute(\"height\", messageEvent.data[\"height\"] + \"px\");\n      };\n      if (messageEvent.data[\"scrollto\"]) {\n        el = document.getElementById(\"mein-abfallkalender\");\n        basic_offset = findPos(el);\n        transmitted_offset = parseInt(messageEvent.data[\"scrollto\"],10);\n        full_offset = basic_offset + transmitted_offset;\n        \/\/alert(full_offset);\n        window.scrollTo(0,full_offset);\n      };\n    }\n  }\n\n  var windowProxy;\n  window.onload=function(){ \n      \/\/ Create a proxy window to send to and receive message from the guest iframe\n      windowProxy = new Porthole.WindowProxy('https:\/\/' + guestDomain +  '\/app\/js\/proxy.html', 'mein-abfallkalender');\n      windowProxy.addEventListener(onMessage);\n  };\n\n  function findPos(obj){\n    var posX = obj.offsetLeft, posY = obj.offsetTop;\n    while(obj.offsetParent){\n      posX=posX+obj.offsetParent.offsetLeft;\n      posY=posY+obj.offsetParent.offsetTop;\n      if(obj==document.getElementsByTagName('body')[0]){break}\n      else{obj=obj.offsetParent;}\n      }\n    return posY;\n  }\n<\/script>\t\t<\/div>\n\t\t\t\t<\/div>\n\t\t\t\t\t<\/div>\n\t\t<\/div>\n\t\t\t\t\t\t\t<\/div>\n\t\t<\/section>\n\t\t\t\t\t\t\t<\/div>\n\t\t","protected":false},"excerpt":{"rendered":"<p>Im Bereich Gr\u00fcn sind in Dreieich circa 20 Mitarbeiterinnen und Mitarbeiter des DLB f\u00fcr Sie unterwegs.<\/p>\n","protected":false},"author":2,"featured_media":2716,"parent":7,"menu_order":2,"comment_status":"closed","ping_status":"closed","template":"elementor_header_footer","meta":{"inline_featured_image":false,"footnotes":"","_links_to":"","_links_to_target":""},"class_list":["post-2417","page","type-page","status-publish","has-post-thumbnail","hentry"],"yoast_head":"<!-- This site is optimized with the Yoast SEO plugin v21.6 - https:\/\/yoast.com\/wordpress\/plugins\/seo\/ -->\n<title>Interaktiver Stadtplan - DLB Dreieich<\/title>\n<meta name=\"robots\" content=\"index, follow, max-snippet:-1, max-image-preview:large, max-video-preview:-1\" \/>\n<link rel=\"canonical\" href=\"https:\/\/dlb-aoer.de\/dreieich\/home\/interaktiver-stadtplan\/\" \/>\n<meta property=\"og:locale\" content=\"de_DE\" \/>\n<meta property=\"og:type\" content=\"article\" \/>\n<meta property=\"og:title\" content=\"Interaktiver Stadtplan - DLB Dreieich\" \/>\n<meta property=\"og:description\" content=\"Im Bereich Gr\u00fcn sind in Dreieich circa 20 Mitarbeiterinnen und Mitarbeiter des DLB f\u00fcr Sie unterwegs.\" \/>\n<meta property=\"og:url\" content=\"https:\/\/dlb-aoer.de\/dreieich\/home\/interaktiver-stadtplan\/\" \/>\n<meta property=\"og:site_name\" content=\"DLB Dreieich\" \/>\n<meta property=\"article:modified_time\" content=\"2024-01-23T09:37:23+00:00\" \/>\n<meta property=\"og:image\" content=\"https:\/\/dlb-aoer.de\/dreieich\/wp-content\/uploads\/sites\/4\/2022\/06\/interaktiver-Stadtplan-Ausschnitt-Dreieich.jpg\" \/>\n\t<meta property=\"og:image:width\" content=\"728\" \/>\n\t<meta property=\"og:image:height\" content=\"491\" \/>\n\t<meta property=\"og:image:type\" content=\"image\/jpeg\" \/>\n<meta name=\"twitter:card\" content=\"summary_large_image\" \/>\n<meta name=\"twitter:label1\" content=\"Gesch\u00e4tzte Lesezeit\" \/>\n\t<meta name=\"twitter:data1\" content=\"1\u00a0Minute\" \/>\n<script type=\"application\/ld+json\" class=\"yoast-schema-graph\">{\"@context\":\"https:\/\/schema.org\",\"@graph\":[{\"@type\":\"WebPage\",\"@id\":\"https:\/\/dlb-aoer.de\/dreieich\/home\/interaktiver-stadtplan\/\",\"url\":\"https:\/\/dlb-aoer.de\/dreieich\/home\/interaktiver-stadtplan\/\",\"name\":\"Interaktiver Stadtplan - DLB Dreieich\",\"isPartOf\":{\"@id\":\"https:\/\/dlb-aoer.de\/dreieich\/#website\"},\"datePublished\":\"2022-02-10T08:40:53+00:00\",\"dateModified\":\"2024-01-23T09:37:23+00:00\",\"breadcrumb\":{\"@id\":\"https:\/\/dlb-aoer.de\/dreieich\/home\/interaktiver-stadtplan\/#breadcrumb\"},\"inLanguage\":\"de\",\"potentialAction\":[{\"@type\":\"ReadAction\",\"target\":[\"https:\/\/dlb-aoer.de\/dreieich\/home\/interaktiver-stadtplan\/\"]}]},{\"@type\":\"BreadcrumbList\",\"@id\":\"https:\/\/dlb-aoer.de\/dreieich\/home\/interaktiver-stadtplan\/#breadcrumb\",\"itemListElement\":[{\"@type\":\"ListItem\",\"position\":1,\"name\":\"Startseite\",\"item\":\"https:\/\/dlb-aoer.de\/dreieich\/\"},{\"@type\":\"ListItem\",\"position\":2,\"name\":\"Home\",\"item\":\"https:\/\/dlb-aoer.de\/dreieich\/\"},{\"@type\":\"ListItem\",\"position\":3,\"name\":\"Interaktiver Stadtplan\"}]},{\"@type\":\"WebSite\",\"@id\":\"https:\/\/dlb-aoer.de\/dreieich\/#website\",\"url\":\"https:\/\/dlb-aoer.de\/dreieich\/\",\"name\":\"DLB Dreieich\",\"description\":\"\",\"publisher\":{\"@id\":\"https:\/\/dlb-aoer.de\/dreieich\/#organization\"},\"potentialAction\":[{\"@type\":\"SearchAction\",\"target\":{\"@type\":\"EntryPoint\",\"urlTemplate\":\"https:\/\/dlb-aoer.de\/dreieich\/?s={search_term_string}\"},\"query-input\":\"required name=search_term_string\"}],\"inLanguage\":\"de\"},{\"@type\":\"Organization\",\"@id\":\"https:\/\/dlb-aoer.de\/dreieich\/#organization\",\"name\":\"Dienstleistungsbetrieb Dreieich und Neu-Isenburg A\u00f6R\",\"url\":\"https:\/\/dlb-aoer.de\/dreieich\/\",\"logo\":{\"@type\":\"ImageObject\",\"inLanguage\":\"de\",\"@id\":\"https:\/\/dlb-aoer.de\/dreieich\/#\/schema\/logo\/image\/\",\"url\":\"https:\/\/dlb-aoer.de\/dreieich\/wp-content\/uploads\/sites\/4\/2019\/10\/DLB_Logo_orange.svg\",\"contentUrl\":\"https:\/\/dlb-aoer.de\/dreieich\/wp-content\/uploads\/sites\/4\/2019\/10\/DLB_Logo_orange.svg\",\"width\":1,\"height\":1,\"caption\":\"Dienstleistungsbetrieb Dreieich und Neu-Isenburg A\u00f6R\"},\"image\":{\"@id\":\"https:\/\/dlb-aoer.de\/dreieich\/#\/schema\/logo\/image\/\"}}]}<\/script>\n<!-- \/ Yoast SEO plugin. -->","yoast_head_json":{"title":"Interaktiver Stadtplan - DLB Dreieich","robots":{"index":"index","follow":"follow","max-snippet":"max-snippet:-1","max-image-preview":"max-image-preview:large","max-video-preview":"max-video-preview:-1"},"canonical":"https:\/\/dlb-aoer.de\/dreieich\/home\/interaktiver-stadtplan\/","og_locale":"de_DE","og_type":"article","og_title":"Interaktiver Stadtplan - DLB Dreieich","og_description":"Im Bereich Gr\u00fcn sind in Dreieich circa 20 Mitarbeiterinnen und Mitarbeiter des DLB f\u00fcr Sie unterwegs.","og_url":"https:\/\/dlb-aoer.de\/dreieich\/home\/interaktiver-stadtplan\/","og_site_name":"DLB Dreieich","article_modified_time":"2024-01-23T09:37:23+00:00","og_image":[{"width":728,"height":491,"url":"https:\/\/dlb-aoer.de\/dreieich\/wp-content\/uploads\/sites\/4\/2022\/06\/interaktiver-Stadtplan-Ausschnitt-Dreieich.jpg","type":"image\/jpeg"}],"twitter_card":"summary_large_image","twitter_misc":{"Gesch\u00e4tzte Lesezeit":"1\u00a0Minute"},"schema":{"@context":"https:\/\/schema.org","@graph":[{"@type":"WebPage","@id":"https:\/\/dlb-aoer.de\/dreieich\/home\/interaktiver-stadtplan\/","url":"https:\/\/dlb-aoer.de\/dreieich\/home\/interaktiver-stadtplan\/","name":"Interaktiver Stadtplan - DLB Dreieich","isPartOf":{"@id":"https:\/\/dlb-aoer.de\/dreieich\/#website"},"datePublished":"2022-02-10T08:40:53+00:00","dateModified":"2024-01-23T09:37:23+00:00","breadcrumb":{"@id":"https:\/\/dlb-aoer.de\/dreieich\/home\/interaktiver-stadtplan\/#breadcrumb"},"inLanguage":"de","potentialAction":[{"@type":"ReadAction","target":["https:\/\/dlb-aoer.de\/dreieich\/home\/interaktiver-stadtplan\/"]}]},{"@type":"BreadcrumbList","@id":"https:\/\/dlb-aoer.de\/dreieich\/home\/interaktiver-stadtplan\/#breadcrumb","itemListElement":[{"@type":"ListItem","position":1,"name":"Startseite","item":"https:\/\/dlb-aoer.de\/dreieich\/"},{"@type":"ListItem","position":2,"name":"Home","item":"https:\/\/dlb-aoer.de\/dreieich\/"},{"@type":"ListItem","position":3,"name":"Interaktiver Stadtplan"}]},{"@type":"WebSite","@id":"https:\/\/dlb-aoer.de\/dreieich\/#website","url":"https:\/\/dlb-aoer.de\/dreieich\/","name":"DLB Dreieich","description":"","publisher":{"@id":"https:\/\/dlb-aoer.de\/dreieich\/#organization"},"potentialAction":[{"@type":"SearchAction","target":{"@type":"EntryPoint","urlTemplate":"https:\/\/dlb-aoer.de\/dreieich\/?s={search_term_string}"},"query-input":"required name=search_term_string"}],"inLanguage":"de"},{"@type":"Organization","@id":"https:\/\/dlb-aoer.de\/dreieich\/#organization","name":"Dienstleistungsbetrieb Dreieich und Neu-Isenburg A\u00f6R","url":"https:\/\/dlb-aoer.de\/dreieich\/","logo":{"@type":"ImageObject","inLanguage":"de","@id":"https:\/\/dlb-aoer.de\/dreieich\/#\/schema\/logo\/image\/","url":"https:\/\/dlb-aoer.de\/dreieich\/wp-content\/uploads\/sites\/4\/2019\/10\/DLB_Logo_orange.svg","contentUrl":"https:\/\/dlb-aoer.de\/dreieich\/wp-content\/uploads\/sites\/4\/2019\/10\/DLB_Logo_orange.svg","width":1,"height":1,"caption":"Dienstleistungsbetrieb Dreieich und Neu-Isenburg A\u00f6R"},"image":{"@id":"https:\/\/dlb-aoer.de\/dreieich\/#\/schema\/logo\/image\/"}}]}},"_links":{"self":[{"href":"https:\/\/dlb-aoer.de\/dreieich\/wp-json\/wp\/v2\/pages\/2417","targetHints":{"allow":["GET"]}}],"collection":[{"href":"https:\/\/dlb-aoer.de\/dreieich\/wp-json\/wp\/v2\/pages"}],"about":[{"href":"https:\/\/dlb-aoer.de\/dreieich\/wp-json\/wp\/v2\/types\/page"}],"author":[{"embeddable":true,"href":"https:\/\/dlb-aoer.de\/dreieich\/wp-json\/wp\/v2\/users\/2"}],"replies":[{"embeddable":true,"href":"https:\/\/dlb-aoer.de\/dreieich\/wp-json\/wp\/v2\/comments?post=2417"}],"version-history":[{"count":16,"href":"https:\/\/dlb-aoer.de\/dreieich\/wp-json\/wp\/v2\/pages\/2417\/revisions"}],"predecessor-version":[{"id":3887,"href":"https:\/\/dlb-aoer.de\/dreieich\/wp-json\/wp\/v2\/pages\/2417\/revisions\/3887"}],"up":[{"embeddable":true,"href":"https:\/\/dlb-aoer.de\/dreieich\/wp-json\/wp\/v2\/pages\/7"}],"wp:featuredmedia":[{"embeddable":true,"href":"https:\/\/dlb-aoer.de\/dreieich\/wp-json\/wp\/v2\/media\/2716"}],"wp:attachment":[{"href":"https:\/\/dlb-aoer.de\/dreieich\/wp-json\/wp\/v2\/media?parent=2417"}],"curies":[{"name":"wp","href":"https:\/\/api.w.org\/{rel}","templated":true}]}}