{"id":175,"date":"2019-05-12T18:20:53","date_gmt":"2019-05-12T16:20:53","guid":{"rendered":"https:\/\/www.dlb-aoer.de\/dreieich\/?page_id=175"},"modified":"2022-08-08T11:01:33","modified_gmt":"2022-08-08T09:01:33","slug":"aktion-korken-fuer-kork","status":"publish","type":"page","link":"https:\/\/dlb-aoer.de\/dreieich\/abfall\/wertstoffhof\/aktion-korken-fuer-kork\/","title":{"rendered":"Aktion Korken f\u00fcr Kork"},"content":{"rendered":"\t\t<div data-elementor-type=\"wp-post\" data-elementor-id=\"175\" class=\"elementor elementor-175\">\n\t\t\t\t\t\t\t\t\t<section class=\"elementor-section elementor-top-section elementor-element elementor-element-35e61e2 elementor-section-stretched elementor-section-boxed elementor-section-height-default elementor-section-height-default\" data-id=\"35e61e2\" data-element_type=\"section\" data-settings=\"{&quot;stretch_section&quot;:&quot;section-stretched&quot;}\">\n\t\t\t\t\t\t<div class=\"elementor-container elementor-column-gap-default\">\n\t\t\t\t\t<div class=\"elementor-column elementor-col-100 elementor-top-column elementor-element elementor-element-662a9b2\" data-id=\"662a9b2\" data-element_type=\"column\">\n\t\t\t<div class=\"elementor-widget-wrap elementor-element-populated\">\n\t\t\t\t\t\t\t\t<section class=\"elementor-section elementor-inner-section elementor-element elementor-element-eeb6937 border-plus-margin elementor-section-boxed elementor-section-height-default elementor-section-height-default\" data-id=\"eeb6937\" data-element_type=\"section\">\n\t\t\t\t\t\t<div class=\"elementor-container elementor-column-gap-default\">\n\t\t\t\t\t<div class=\"elementor-column elementor-col-100 elementor-inner-column elementor-element elementor-element-9944c68\" data-id=\"9944c68\" data-element_type=\"column\">\n\t\t\t<div class=\"elementor-widget-wrap elementor-element-populated\">\n\t\t\t\t\t\t\t\t<div class=\"elementor-element elementor-element-36a5898 elementor-widget elementor-widget-text-editor\" data-id=\"36a5898\" data-element_type=\"widget\" data-widget_type=\"text-editor.default\">\n\t\t\t\t<div class=\"elementor-widget-container\">\n\t\t\t\t\t\t\t<p>Die Sammelaktion \u201eKorken f\u00fcr Kork\u201c ist ein Projekt der Diakonie Kork. Seit 1991 sammelt die Diakonie gebrauchte Flaschenkorken und verarbeitet diese zu einem D\u00e4mmstoff f\u00fcr den \u00f6kologischen Hausbau. Diese Art des Kork-Recyclings schafft Arbeitspl\u00e4tze f\u00fcr behinderte Menschen, die in den Werkst\u00e4tten der Diakonie t\u00e4tig sind.<\/p><p>Seit Mai 2013 unterst\u00fctzt der DLB mit Sammelbeh\u00e4ltern auf dem\u00a0Wertstoffhof\u00a0 diese Aktion.\u00a0<\/p><p>Weitere Informationen finden Sie auf der\u00a0<a href=\"http:\/\/www.diakonie-kork.de\/de\/arbeit-foerderung-betreuung\/Produktion-und-Dienstleistung\/Korken-fuer-Kork.php\" target=\"_blank\" rel=\"noopener\">Internetseite der Diakonie Kork<\/a>.<\/p>\t\t\t\t\t\t<\/div>\n\t\t\t\t<\/div>\n\t\t\t\t<div class=\"elementor-element elementor-element-6cfd6d8 elementor-widget elementor-widget-image\" data-id=\"6cfd6d8\" data-element_type=\"widget\" data-widget_type=\"image.default\">\n\t\t\t\t<div class=\"elementor-widget-container\">\n\t\t\t\t\t\t\t\t\t\t\t\t\t\t\t<img loading=\"lazy\" decoding=\"async\" width=\"300\" height=\"200\" src=\"https:\/\/dlb-aoer.de\/dreieich\/wp-content\/uploads\/sites\/4\/2019\/05\/KorkenFuerKork-300x200.jpg\" class=\"attachment-medium size-medium wp-image-573\" alt=\"\" srcset=\"https:\/\/dlb-aoer.de\/dreieich\/wp-content\/uploads\/sites\/4\/2019\/05\/KorkenFuerKork-300x200.jpg 300w, https:\/\/dlb-aoer.de\/dreieich\/wp-content\/uploads\/sites\/4\/2019\/05\/KorkenFuerKork-768x512.jpg 768w, https:\/\/dlb-aoer.de\/dreieich\/wp-content\/uploads\/sites\/4\/2019\/05\/KorkenFuerKork-230x153.jpg 230w, https:\/\/dlb-aoer.de\/dreieich\/wp-content\/uploads\/sites\/4\/2019\/05\/KorkenFuerKork-350x233.jpg 350w, https:\/\/dlb-aoer.de\/dreieich\/wp-content\/uploads\/sites\/4\/2019\/05\/KorkenFuerKork-480x320.jpg 480w, https:\/\/dlb-aoer.de\/dreieich\/wp-content\/uploads\/sites\/4\/2019\/05\/KorkenFuerKork.jpg 800w\" sizes=\"auto, (max-width: 300px) 100vw, 300px\" \/>\t\t\t\t\t\t\t\t\t\t\t\t\t\t\t<\/div>\n\t\t\t\t<\/div>\n\t\t\t\t\t<\/div>\n\t\t<\/div>\n\t\t\t\t\t\t\t<\/div>\n\t\t<\/section>\n\t\t\t\t\t<\/div>\n\t\t<\/div>\n\t\t\t\t\t\t\t<\/div>\n\t\t<\/section>\n\t\t\t\t\t\t\t<\/div>\n\t\t","protected":false},"excerpt":{"rendered":"<p>Die Sammelaktion \u201eKorken f\u00fcr Kork\u201c ist ein Projekt der Diakonie Kork. Seit 1991 sammelt die Diakonie gebrauchte Flaschenkorken und verarbeitet diese zu [&hellip;]<\/p>\n","protected":false},"author":2,"featured_media":0,"parent":155,"menu_order":1,"comment_status":"closed","ping_status":"closed","template":"","meta":{"inline_featured_image":false,"footnotes":"","_links_to":"","_links_to_target":""},"class_list":["post-175","page","type-page","status-publish","hentry"],"yoast_head":"<!-- This site is optimized with the Yoast SEO plugin v21.6 - https:\/\/yoast.com\/wordpress\/plugins\/seo\/ -->\n<title>Aktion Korken f\u00fcr Kork - DLB Dreieich<\/title>\n<meta name=\"robots\" content=\"index, follow, max-snippet:-1, max-image-preview:large, max-video-preview:-1\" \/>\n<link rel=\"canonical\" href=\"https:\/\/dlb-aoer.de\/dreieich\/abfall\/wertstoffhof\/aktion-korken-fuer-kork\/\" \/>\n<meta property=\"og:locale\" content=\"de_DE\" \/>\n<meta property=\"og:type\" content=\"article\" \/>\n<meta property=\"og:title\" content=\"Aktion Korken f\u00fcr Kork - DLB Dreieich\" \/>\n<meta property=\"og:description\" content=\"Die Sammelaktion \u201eKorken f\u00fcr Kork\u201c ist ein Projekt der Diakonie Kork. Seit 1991 sammelt die Diakonie gebrauchte Flaschenkorken und verarbeitet diese zu [&hellip;]\" \/>\n<meta property=\"og:url\" content=\"https:\/\/dlb-aoer.de\/dreieich\/abfall\/wertstoffhof\/aktion-korken-fuer-kork\/\" \/>\n<meta property=\"og:site_name\" content=\"DLB Dreieich\" \/>\n<meta property=\"article:modified_time\" content=\"2022-08-08T09:01:33+00:00\" \/>\n<meta property=\"og:image\" content=\"https:\/\/dlb-aoer.de\/dreieich\/wp-content\/uploads\/sites\/4\/2019\/05\/KorkenFuerKork-300x200.jpg\" \/>\n<meta name=\"twitter:card\" content=\"summary_large_image\" \/>\n<script type=\"application\/ld+json\" class=\"yoast-schema-graph\">{\"@context\":\"https:\/\/schema.org\",\"@graph\":[{\"@type\":\"WebPage\",\"@id\":\"https:\/\/dlb-aoer.de\/dreieich\/abfall\/wertstoffhof\/aktion-korken-fuer-kork\/\",\"url\":\"https:\/\/dlb-aoer.de\/dreieich\/abfall\/wertstoffhof\/aktion-korken-fuer-kork\/\",\"name\":\"Aktion Korken f\u00fcr Kork - DLB Dreieich\",\"isPartOf\":{\"@id\":\"https:\/\/dlb-aoer.de\/dreieich\/#website\"},\"datePublished\":\"2019-05-12T16:20:53+00:00\",\"dateModified\":\"2022-08-08T09:01:33+00:00\",\"breadcrumb\":{\"@id\":\"https:\/\/dlb-aoer.de\/dreieich\/abfall\/wertstoffhof\/aktion-korken-fuer-kork\/#breadcrumb\"},\"inLanguage\":\"de\",\"potentialAction\":[{\"@type\":\"ReadAction\",\"target\":[\"https:\/\/dlb-aoer.de\/dreieich\/abfall\/wertstoffhof\/aktion-korken-fuer-kork\/\"]}]},{\"@type\":\"BreadcrumbList\",\"@id\":\"https:\/\/dlb-aoer.de\/dreieich\/abfall\/wertstoffhof\/aktion-korken-fuer-kork\/#breadcrumb\",\"itemListElement\":[{\"@type\":\"ListItem\",\"position\":1,\"name\":\"Startseite\",\"item\":\"https:\/\/dlb-aoer.de\/dreieich\/\"},{\"@type\":\"ListItem\",\"position\":2,\"name\":\"Abfall\",\"item\":\"https:\/\/dlb-aoer.de\/dreieich\/abfall\/\"},{\"@type\":\"ListItem\",\"position\":3,\"name\":\"Wertstoffhof\",\"item\":\"https:\/\/dlb-aoer.de\/dreieich\/abfall\/wertstoffhof\/\"},{\"@type\":\"ListItem\",\"position\":4,\"name\":\"Aktion Korken f\u00fcr Kork\"}]},{\"@type\":\"WebSite\",\"@id\":\"https:\/\/dlb-aoer.de\/dreieich\/#website\",\"url\":\"https:\/\/dlb-aoer.de\/dreieich\/\",\"name\":\"DLB Dreieich\",\"description\":\"\",\"publisher\":{\"@id\":\"https:\/\/dlb-aoer.de\/dreieich\/#organization\"},\"potentialAction\":[{\"@type\":\"SearchAction\",\"target\":{\"@type\":\"EntryPoint\",\"urlTemplate\":\"https:\/\/dlb-aoer.de\/dreieich\/?s={search_term_string}\"},\"query-input\":\"required name=search_term_string\"}],\"inLanguage\":\"de\"},{\"@type\":\"Organization\",\"@id\":\"https:\/\/dlb-aoer.de\/dreieich\/#organization\",\"name\":\"Dienstleistungsbetrieb Dreieich und Neu-Isenburg A\u00f6R\",\"url\":\"https:\/\/dlb-aoer.de\/dreieich\/\",\"logo\":{\"@type\":\"ImageObject\",\"inLanguage\":\"de\",\"@id\":\"https:\/\/dlb-aoer.de\/dreieich\/#\/schema\/logo\/image\/\",\"url\":\"https:\/\/dlb-aoer.de\/dreieich\/wp-content\/uploads\/sites\/4\/2019\/10\/DLB_Logo_orange.svg\",\"contentUrl\":\"https:\/\/dlb-aoer.de\/dreieich\/wp-content\/uploads\/sites\/4\/2019\/10\/DLB_Logo_orange.svg\",\"width\":1,\"height\":1,\"caption\":\"Dienstleistungsbetrieb Dreieich und Neu-Isenburg A\u00f6R\"},\"image\":{\"@id\":\"https:\/\/dlb-aoer.de\/dreieich\/#\/schema\/logo\/image\/\"}}]}<\/script>\n<!-- \/ Yoast SEO plugin. -->","yoast_head_json":{"title":"Aktion Korken f\u00fcr Kork - DLB Dreieich","robots":{"index":"index","follow":"follow","max-snippet":"max-snippet:-1","max-image-preview":"max-image-preview:large","max-video-preview":"max-video-preview:-1"},"canonical":"https:\/\/dlb-aoer.de\/dreieich\/abfall\/wertstoffhof\/aktion-korken-fuer-kork\/","og_locale":"de_DE","og_type":"article","og_title":"Aktion Korken f\u00fcr Kork - DLB Dreieich","og_description":"Die Sammelaktion \u201eKorken f\u00fcr Kork\u201c ist ein Projekt der Diakonie Kork. Seit 1991 sammelt die Diakonie gebrauchte Flaschenkorken und verarbeitet diese zu [&hellip;]","og_url":"https:\/\/dlb-aoer.de\/dreieich\/abfall\/wertstoffhof\/aktion-korken-fuer-kork\/","og_site_name":"DLB Dreieich","article_modified_time":"2022-08-08T09:01:33+00:00","og_image":[{"url":"https:\/\/dlb-aoer.de\/dreieich\/wp-content\/uploads\/sites\/4\/2019\/05\/KorkenFuerKork-300x200.jpg"}],"twitter_card":"summary_large_image","schema":{"@context":"https:\/\/schema.org","@graph":[{"@type":"WebPage","@id":"https:\/\/dlb-aoer.de\/dreieich\/abfall\/wertstoffhof\/aktion-korken-fuer-kork\/","url":"https:\/\/dlb-aoer.de\/dreieich\/abfall\/wertstoffhof\/aktion-korken-fuer-kork\/","name":"Aktion Korken f\u00fcr Kork - DLB Dreieich","isPartOf":{"@id":"https:\/\/dlb-aoer.de\/dreieich\/#website"},"datePublished":"2019-05-12T16:20:53+00:00","dateModified":"2022-08-08T09:01:33+00:00","breadcrumb":{"@id":"https:\/\/dlb-aoer.de\/dreieich\/abfall\/wertstoffhof\/aktion-korken-fuer-kork\/#breadcrumb"},"inLanguage":"de","potentialAction":[{"@type":"ReadAction","target":["https:\/\/dlb-aoer.de\/dreieich\/abfall\/wertstoffhof\/aktion-korken-fuer-kork\/"]}]},{"@type":"BreadcrumbList","@id":"https:\/\/dlb-aoer.de\/dreieich\/abfall\/wertstoffhof\/aktion-korken-fuer-kork\/#breadcrumb","itemListElement":[{"@type":"ListItem","position":1,"name":"Startseite","item":"https:\/\/dlb-aoer.de\/dreieich\/"},{"@type":"ListItem","position":2,"name":"Abfall","item":"https:\/\/dlb-aoer.de\/dreieich\/abfall\/"},{"@type":"ListItem","position":3,"name":"Wertstoffhof","item":"https:\/\/dlb-aoer.de\/dreieich\/abfall\/wertstoffhof\/"},{"@type":"ListItem","position":4,"name":"Aktion Korken f\u00fcr Kork"}]},{"@type":"WebSite","@id":"https:\/\/dlb-aoer.de\/dreieich\/#website","url":"https:\/\/dlb-aoer.de\/dreieich\/","name":"DLB Dreieich","description":"","publisher":{"@id":"https:\/\/dlb-aoer.de\/dreieich\/#organization"},"potentialAction":[{"@type":"SearchAction","target":{"@type":"EntryPoint","urlTemplate":"https:\/\/dlb-aoer.de\/dreieich\/?s={search_term_string}"},"query-input":"required name=search_term_string"}],"inLanguage":"de"},{"@type":"Organization","@id":"https:\/\/dlb-aoer.de\/dreieich\/#organization","name":"Dienstleistungsbetrieb Dreieich und Neu-Isenburg A\u00f6R","url":"https:\/\/dlb-aoer.de\/dreieich\/","logo":{"@type":"ImageObject","inLanguage":"de","@id":"https:\/\/dlb-aoer.de\/dreieich\/#\/schema\/logo\/image\/","url":"https:\/\/dlb-aoer.de\/dreieich\/wp-content\/uploads\/sites\/4\/2019\/10\/DLB_Logo_orange.svg","contentUrl":"https:\/\/dlb-aoer.de\/dreieich\/wp-content\/uploads\/sites\/4\/2019\/10\/DLB_Logo_orange.svg","width":1,"height":1,"caption":"Dienstleistungsbetrieb Dreieich und Neu-Isenburg A\u00f6R"},"image":{"@id":"https:\/\/dlb-aoer.de\/dreieich\/#\/schema\/logo\/image\/"}}]}},"_links":{"self":[{"href":"https:\/\/dlb-aoer.de\/dreieich\/wp-json\/wp\/v2\/pages\/175","targetHints":{"allow":["GET"]}}],"collection":[{"href":"https:\/\/dlb-aoer.de\/dreieich\/wp-json\/wp\/v2\/pages"}],"about":[{"href":"https:\/\/dlb-aoer.de\/dreieich\/wp-json\/wp\/v2\/types\/page"}],"author":[{"embeddable":true,"href":"https:\/\/dlb-aoer.de\/dreieich\/wp-json\/wp\/v2\/users\/2"}],"replies":[{"embeddable":true,"href":"https:\/\/dlb-aoer.de\/dreieich\/wp-json\/wp\/v2\/comments?post=175"}],"version-history":[{"count":6,"href":"https:\/\/dlb-aoer.de\/dreieich\/wp-json\/wp\/v2\/pages\/175\/revisions"}],"predecessor-version":[{"id":2958,"href":"https:\/\/dlb-aoer.de\/dreieich\/wp-json\/wp\/v2\/pages\/175\/revisions\/2958"}],"up":[{"embeddable":true,"href":"https:\/\/dlb-aoer.de\/dreieich\/wp-json\/wp\/v2\/pages\/155"}],"wp:attachment":[{"href":"https:\/\/dlb-aoer.de\/dreieich\/wp-json\/wp\/v2\/media?parent=175"}],"curies":[{"name":"wp","href":"https:\/\/api.w.org\/{rel}","templated":true}]}}