{"id":173,"date":"2019-05-12T18:20:23","date_gmt":"2019-05-12T16:20:23","guid":{"rendered":"https:\/\/www.dlb-aoer.de\/dreieich\/?page_id=173"},"modified":"2025-10-22T10:10:16","modified_gmt":"2025-10-22T08:10:16","slug":"standorte-altkleidercontainer","status":"publish","type":"page","link":"https:\/\/dlb-aoer.de\/dreieich\/abfall\/abfallentsorgung\/standorte-altkleidercontainer\/","title":{"rendered":"Standorte Altkleidercontainer"},"content":{"rendered":"\t\t<div data-elementor-type=\"wp-post\" data-elementor-id=\"173\" class=\"elementor elementor-173\">\n\t\t\t\t\t\t\t\t\t<section class=\"elementor-section elementor-top-section elementor-element elementor-element-429c782 elementor-section-stretched elementor-section-boxed elementor-section-height-default elementor-section-height-default\" data-id=\"429c782\" data-element_type=\"section\" data-settings=\"{&quot;stretch_section&quot;:&quot;section-stretched&quot;}\">\n\t\t\t\t\t\t<div class=\"elementor-container elementor-column-gap-default\">\n\t\t\t\t\t<div class=\"elementor-column elementor-col-100 elementor-top-column elementor-element elementor-element-3ebfe41 border-plus-margin\" data-id=\"3ebfe41\" data-element_type=\"column\">\n\t\t\t<div class=\"elementor-widget-wrap elementor-element-populated\">\n\t\t\t\t\t\t\t\t<div class=\"elementor-element elementor-element-e2eb3de elementor-widget elementor-widget-text-editor\" data-id=\"e2eb3de\" data-element_type=\"widget\" data-widget_type=\"text-editor.default\">\n\t\t\t\t<div class=\"elementor-widget-container\">\n\t\t\t\t\t\t\t<p><strong>Getrenntsammlungspflicht f\u00fcr Alttextilien seit 01. Januar 2025<\/strong><\/p><p>Ab dem 1. Januar 2025 gilt in Deutschland die gesetzliche Pflicht zur getrennten Sammlung von Alttextilien gem\u00e4\u00df EU-Abfallrahmenrichtlinie und Kreislaufwirtschaftsgesetz (KrWG). Dies ist ein wichtiger Schritt zur F\u00f6rderung der Wiederverwendung und des Recyclings von Alttextilien.<\/p><p><strong>Wie und wo k\u00f6nnen Alttextilien entsorgt werden?<\/strong><\/p><p>Die DLB Dreieich und Neu-Isenburg A\u00f6R bietet vielf\u00e4ltige M\u00f6glichkeiten zur Abgabe von Alttextilien:<\/p><p>Auf dem <a href=\"https:\/\/dlb-aoer.de\/dreieich\/abfall\/wertstoffhof\/\">Wertstoffhof<\/a> sind Altkleidercontainer f\u00fcr die geb\u00fchrenfreie Abgabe von gebrauchsf\u00e4higen, sauberen und trockenen Textilien sowie Schuhen bereitgestellt. Zus\u00e4tzlich gibt es zahlreiche gemeinn\u00fctzige und gewerbliche Sammelcontainer im Stadtgebiet. Standorte der Altkleidercontainer finden Sie <strong><a href=\"https:\/\/dreieich.mein-abfallkalender.online\/containerstandorte_os\">hier<\/a>.<\/strong><\/p><p><strong>Was geh\u00f6rt in die Altkleidercontainer?<\/strong><\/p><p><span style=\"color: #008000;\"><strong>Erw\u00fcnscht: <\/strong><\/span>Gebrauchsf\u00e4hige, saubere und trockene Kleidung sowie paarweise zusammengebundene Schuhe. Nur solche Alttextilien k\u00f6nnen wiederverwendet oder m\u00f6glichst hochwertig wiederverwertet werden.<\/p><p><span style=\"color: #ff0000;\"><strong>Nicht erw\u00fcnscht: <\/strong><\/span>Zerschlissene, verschmutzte oder kontaminierte Textilien. Diese geh\u00f6ren weiterhin in die Restm\u00fclltonnen.<\/p><p><strong>Kleidungskonsum \u00fcberdenken<\/strong><\/p><p>Neben der umweltgerechten Entsorgung ist das Vermeiden von FastFashion oder das Nutzen von Second-Hand-Shops ein weiterer Baustein zu einer \u00f6kologischen Alttextilwirtschaft. Gebrauchte, noch nutzbare Kleidung k\u00f6nnen Sie auch \u00fcber den Tausch- und Verschenkmarkt weitergeben.<\/p>\t\t\t\t\t\t<\/div>\n\t\t\t\t<\/div>\n\t\t\t\t\t<\/div>\n\t\t<\/div>\n\t\t\t\t\t\t\t<\/div>\n\t\t<\/section>\n\t\t\t\t<section class=\"elementor-section elementor-top-section elementor-element elementor-element-6e305f8 elementor-section-stretched elementor-section-boxed elementor-section-height-default elementor-section-height-default\" data-id=\"6e305f8\" data-element_type=\"section\" data-settings=\"{&quot;stretch_section&quot;:&quot;section-stretched&quot;}\">\n\t\t\t\t\t\t<div class=\"elementor-container elementor-column-gap-default\">\n\t\t\t\t\t<div class=\"elementor-column elementor-col-100 elementor-top-column elementor-element elementor-element-fd0b9db border-plus-margin\" data-id=\"fd0b9db\" data-element_type=\"column\">\n\t\t\t<div class=\"elementor-widget-wrap elementor-element-populated\">\n\t\t\t\t\t\t\t\t<div class=\"elementor-element elementor-element-1f9bb91 elementor-widget elementor-widget-text-editor\" data-id=\"1f9bb91\" data-element_type=\"widget\" data-widget_type=\"text-editor.default\">\n\t\t\t\t<div class=\"elementor-widget-container\">\n\t\t\t\t\t\t\t<p>Die aktuellen Standorte finden Sie hier oder im <a href=\"https:\/\/dreieich.mein-abfallkalender.online\/containerstandorte_os\" data-wplink-edit=\"true\">Abfallkalender-Online<\/a> (Angabe ohne Gew\u00e4hr):<\/p>\n<p>Standorte in Buchschlag:<\/p>\n<ul>\n<li>Buchwaldstra\u00dfe \/ Wiesenweg<\/li>\n<li>Im Bachgrund \/ Karl-Duchmann-Weg<\/li>\n<li>Eleonorenanlage \/ Falltorweg<\/li>\n<li>Im Steingrund (Industriegebiet)<\/li>\n<\/ul>\n<p>Standorte in Dreieichenhain:<\/p>\n<ul>\n<li>Solmische-Weiher-Stra\u00dfe \/ Taunusstra\u00dfe<\/li>\n<li>Hainer Chaussee \/ Danziger Stra\u00dfe<\/li>\n<li>Kennedystra\u00dfe \/ Odenwaldring<\/li>\n<li>Kennedystra\u00dfe \/ An der Winkelsm\u00fchle<\/li>\n<li>Daimlerstra\u00dfe (Lagerhof bei Fa. Totzek)<\/li>\n<li>Daimlerstra\u00dfe<\/li>\n<li>Koberst\u00e4dter Stra\u00dfe (Parkplatz TVD)<\/li>\n<\/ul>\n<p>Standorte in G\u00f6tzenhain<\/p>\n<ul>\n<li>Schie\u00dfgartenstra\u00dfe \/ H\u00f6llgartenstra\u00dfe<\/li>\n<li>Rheinstra\u00dfe (Lagerhof)<\/li>\n<li>Vor der Pforte \/ Im H\u00f6chsten (Spielplatz)<\/li>\n<li>Am Lachengraben<\/li>\n<li>Hainer Weg (Agip Tankstelle)<\/li>\n<li>Langener Stra\u00dfe (HSV-Halle)<\/li>\n<\/ul>\n<p>Standorte in Offenthal<\/p>\n<ul>\n<li>Friedhofstra\u00dfe (Lagerhof)<\/li>\n<li>Am Sportplatz<\/li>\n<li>Bahnhofstra\u00dfe (am Bahnhof)<\/li>\n<li>Wernher-von-Braun-Stra\u00dfe<\/li>\n<\/ul>\n<p>Standorte in Sprendlingen<\/p>\n<ul>\n<li>Hainer Chausse \/ Theisenm\u00fchle<\/li>\n<li>Rost\u00e4dter Stra\u00dfe (au\u00dferhalb Wertstoffhof)<\/li>\n<li>Parkplatz Hauptstra\u00dfe (Eggenberger)<\/li>\n<li>Am Hergertsbaum \/ Am Herrnacker<\/li>\n<li>Am Schlagsbach<\/li>\n<li>Konrad-Adenauer-Stra\u00dfe (Schule)<\/li>\n<li>Lise-Meitner-Stra\u00dfe<\/li>\n<li>Fichtestra\u00dfe \/ Seegewann<\/li>\n<li>Am Wilhelmshof \/ Leibnizstra\u00dfe<\/li>\n<li>Lindenstra\u00dfe (an der Kirche)<\/li>\n<li>Lindenstra\u00dfe (Heinrich-Heine-Schule)<\/li>\n<li>Wilhelmsplatz \/ Karlstra\u00dfe<\/li>\n<li>Liebknechtstra\u00dfe \/ Nelkenstra\u00dfe<\/li>\n<li>Oisterwijker Stra\u00dfe \/ Eisenbahnstra\u00dfe<\/li>\n<li>Eisenbahnstra\u00dfe (Stadtwerke)<\/li>\n<li>Frankfurter Stra\u00dfe\/Kurt-Schumacher-Ring<\/li>\n<li>Kurt-Schumacher-Ring<\/li>\n<li>Am Hirschsprung \/ Damaschkestra\u00dfe<\/li>\n<li>Sudetenring \/ Damaschkestra\u00dfe<\/li>\n<li>Kurt-Schumacher-Ring \/ Sudetenring<\/li>\n<li>Hegelstra\u00dfe (am Ende)<\/li>\n<li>Schlagfeldstra\u00dfe<\/li>\n<\/ul>\t\t\t\t\t\t<\/div>\n\t\t\t\t<\/div>\n\t\t\t\t\t<\/div>\n\t\t<\/div>\n\t\t\t\t\t\t\t<\/div>\n\t\t<\/section>\n\t\t\t\t\t\t\t<\/div>\n\t\t","protected":false},"excerpt":{"rendered":"<p>Informationen zu Altkleider-Containerstandorten.<\/p>\n","protected":false},"author":2,"featured_media":2187,"parent":61,"menu_order":9,"comment_status":"closed","ping_status":"closed","template":"","meta":{"inline_featured_image":false,"footnotes":"","_links_to":"","_links_to_target":""},"class_list":["post-173","page","type-page","status-publish","has-post-thumbnail","hentry"],"yoast_head":"<!-- This site is optimized with the Yoast SEO plugin v21.6 - https:\/\/yoast.com\/wordpress\/plugins\/seo\/ -->\n<title>Standorte Altkleidercontainer - DLB Dreieich<\/title>\n<meta name=\"robots\" content=\"index, follow, max-snippet:-1, max-image-preview:large, max-video-preview:-1\" \/>\n<link rel=\"canonical\" href=\"https:\/\/dlb-aoer.de\/dreieich\/abfall\/abfallentsorgung\/standorte-altkleidercontainer\/\" \/>\n<meta property=\"og:locale\" content=\"de_DE\" \/>\n<meta property=\"og:type\" content=\"article\" \/>\n<meta property=\"og:title\" content=\"Standorte Altkleidercontainer - DLB Dreieich\" \/>\n<meta property=\"og:description\" content=\"Informationen zu Altkleider-Containerstandorten.\" \/>\n<meta property=\"og:url\" content=\"https:\/\/dlb-aoer.de\/dreieich\/abfall\/abfallentsorgung\/standorte-altkleidercontainer\/\" \/>\n<meta property=\"og:site_name\" content=\"DLB Dreieich\" \/>\n<meta property=\"article:modified_time\" content=\"2025-10-22T08:10:16+00:00\" \/>\n<meta property=\"og:image\" content=\"https:\/\/dlb-aoer.de\/dreieich\/wp-content\/uploads\/sites\/4\/2021\/12\/altkleider.jpg\" \/>\n\t<meta property=\"og:image:width\" content=\"650\" \/>\n\t<meta property=\"og:image:height\" content=\"597\" \/>\n\t<meta property=\"og:image:type\" content=\"image\/jpeg\" \/>\n<meta name=\"twitter:card\" content=\"summary_large_image\" \/>\n<meta name=\"twitter:label1\" content=\"Gesch\u00e4tzte Lesezeit\" \/>\n\t<meta name=\"twitter:data1\" content=\"2\u00a0Minuten\" \/>\n<script type=\"application\/ld+json\" class=\"yoast-schema-graph\">{\"@context\":\"https:\/\/schema.org\",\"@graph\":[{\"@type\":\"WebPage\",\"@id\":\"https:\/\/dlb-aoer.de\/dreieich\/abfall\/abfallentsorgung\/standorte-altkleidercontainer\/\",\"url\":\"https:\/\/dlb-aoer.de\/dreieich\/abfall\/abfallentsorgung\/standorte-altkleidercontainer\/\",\"name\":\"Standorte Altkleidercontainer - DLB Dreieich\",\"isPartOf\":{\"@id\":\"https:\/\/dlb-aoer.de\/dreieich\/#website\"},\"datePublished\":\"2019-05-12T16:20:23+00:00\",\"dateModified\":\"2025-10-22T08:10:16+00:00\",\"breadcrumb\":{\"@id\":\"https:\/\/dlb-aoer.de\/dreieich\/abfall\/abfallentsorgung\/standorte-altkleidercontainer\/#breadcrumb\"},\"inLanguage\":\"de\",\"potentialAction\":[{\"@type\":\"ReadAction\",\"target\":[\"https:\/\/dlb-aoer.de\/dreieich\/abfall\/abfallentsorgung\/standorte-altkleidercontainer\/\"]}]},{\"@type\":\"BreadcrumbList\",\"@id\":\"https:\/\/dlb-aoer.de\/dreieich\/abfall\/abfallentsorgung\/standorte-altkleidercontainer\/#breadcrumb\",\"itemListElement\":[{\"@type\":\"ListItem\",\"position\":1,\"name\":\"Startseite\",\"item\":\"https:\/\/dlb-aoer.de\/dreieich\/\"},{\"@type\":\"ListItem\",\"position\":2,\"name\":\"Abfall\",\"item\":\"https:\/\/dlb-aoer.de\/dreieich\/abfall\/\"},{\"@type\":\"ListItem\",\"position\":3,\"name\":\"Abfallentsorgung\",\"item\":\"https:\/\/dlb-aoer.de\/dreieich\/abfall\/abfallentsorgung\/\"},{\"@type\":\"ListItem\",\"position\":4,\"name\":\"Standorte Altkleidercontainer\"}]},{\"@type\":\"WebSite\",\"@id\":\"https:\/\/dlb-aoer.de\/dreieich\/#website\",\"url\":\"https:\/\/dlb-aoer.de\/dreieich\/\",\"name\":\"DLB Dreieich\",\"description\":\"\",\"publisher\":{\"@id\":\"https:\/\/dlb-aoer.de\/dreieich\/#organization\"},\"potentialAction\":[{\"@type\":\"SearchAction\",\"target\":{\"@type\":\"EntryPoint\",\"urlTemplate\":\"https:\/\/dlb-aoer.de\/dreieich\/?s={search_term_string}\"},\"query-input\":\"required name=search_term_string\"}],\"inLanguage\":\"de\"},{\"@type\":\"Organization\",\"@id\":\"https:\/\/dlb-aoer.de\/dreieich\/#organization\",\"name\":\"Dienstleistungsbetrieb Dreieich und Neu-Isenburg A\u00f6R\",\"url\":\"https:\/\/dlb-aoer.de\/dreieich\/\",\"logo\":{\"@type\":\"ImageObject\",\"inLanguage\":\"de\",\"@id\":\"https:\/\/dlb-aoer.de\/dreieich\/#\/schema\/logo\/image\/\",\"url\":\"https:\/\/dlb-aoer.de\/dreieich\/wp-content\/uploads\/sites\/4\/2019\/10\/DLB_Logo_orange.svg\",\"contentUrl\":\"https:\/\/dlb-aoer.de\/dreieich\/wp-content\/uploads\/sites\/4\/2019\/10\/DLB_Logo_orange.svg\",\"width\":1,\"height\":1,\"caption\":\"Dienstleistungsbetrieb Dreieich und Neu-Isenburg A\u00f6R\"},\"image\":{\"@id\":\"https:\/\/dlb-aoer.de\/dreieich\/#\/schema\/logo\/image\/\"}}]}<\/script>\n<!-- \/ Yoast SEO plugin. -->","yoast_head_json":{"title":"Standorte Altkleidercontainer - DLB Dreieich","robots":{"index":"index","follow":"follow","max-snippet":"max-snippet:-1","max-image-preview":"max-image-preview:large","max-video-preview":"max-video-preview:-1"},"canonical":"https:\/\/dlb-aoer.de\/dreieich\/abfall\/abfallentsorgung\/standorte-altkleidercontainer\/","og_locale":"de_DE","og_type":"article","og_title":"Standorte Altkleidercontainer - DLB Dreieich","og_description":"Informationen zu Altkleider-Containerstandorten.","og_url":"https:\/\/dlb-aoer.de\/dreieich\/abfall\/abfallentsorgung\/standorte-altkleidercontainer\/","og_site_name":"DLB Dreieich","article_modified_time":"2025-10-22T08:10:16+00:00","og_image":[{"width":650,"height":597,"url":"https:\/\/dlb-aoer.de\/dreieich\/wp-content\/uploads\/sites\/4\/2021\/12\/altkleider.jpg","type":"image\/jpeg"}],"twitter_card":"summary_large_image","twitter_misc":{"Gesch\u00e4tzte Lesezeit":"2\u00a0Minuten"},"schema":{"@context":"https:\/\/schema.org","@graph":[{"@type":"WebPage","@id":"https:\/\/dlb-aoer.de\/dreieich\/abfall\/abfallentsorgung\/standorte-altkleidercontainer\/","url":"https:\/\/dlb-aoer.de\/dreieich\/abfall\/abfallentsorgung\/standorte-altkleidercontainer\/","name":"Standorte Altkleidercontainer - DLB Dreieich","isPartOf":{"@id":"https:\/\/dlb-aoer.de\/dreieich\/#website"},"datePublished":"2019-05-12T16:20:23+00:00","dateModified":"2025-10-22T08:10:16+00:00","breadcrumb":{"@id":"https:\/\/dlb-aoer.de\/dreieich\/abfall\/abfallentsorgung\/standorte-altkleidercontainer\/#breadcrumb"},"inLanguage":"de","potentialAction":[{"@type":"ReadAction","target":["https:\/\/dlb-aoer.de\/dreieich\/abfall\/abfallentsorgung\/standorte-altkleidercontainer\/"]}]},{"@type":"BreadcrumbList","@id":"https:\/\/dlb-aoer.de\/dreieich\/abfall\/abfallentsorgung\/standorte-altkleidercontainer\/#breadcrumb","itemListElement":[{"@type":"ListItem","position":1,"name":"Startseite","item":"https:\/\/dlb-aoer.de\/dreieich\/"},{"@type":"ListItem","position":2,"name":"Abfall","item":"https:\/\/dlb-aoer.de\/dreieich\/abfall\/"},{"@type":"ListItem","position":3,"name":"Abfallentsorgung","item":"https:\/\/dlb-aoer.de\/dreieich\/abfall\/abfallentsorgung\/"},{"@type":"ListItem","position":4,"name":"Standorte Altkleidercontainer"}]},{"@type":"WebSite","@id":"https:\/\/dlb-aoer.de\/dreieich\/#website","url":"https:\/\/dlb-aoer.de\/dreieich\/","name":"DLB Dreieich","description":"","publisher":{"@id":"https:\/\/dlb-aoer.de\/dreieich\/#organization"},"potentialAction":[{"@type":"SearchAction","target":{"@type":"EntryPoint","urlTemplate":"https:\/\/dlb-aoer.de\/dreieich\/?s={search_term_string}"},"query-input":"required name=search_term_string"}],"inLanguage":"de"},{"@type":"Organization","@id":"https:\/\/dlb-aoer.de\/dreieich\/#organization","name":"Dienstleistungsbetrieb Dreieich und Neu-Isenburg A\u00f6R","url":"https:\/\/dlb-aoer.de\/dreieich\/","logo":{"@type":"ImageObject","inLanguage":"de","@id":"https:\/\/dlb-aoer.de\/dreieich\/#\/schema\/logo\/image\/","url":"https:\/\/dlb-aoer.de\/dreieich\/wp-content\/uploads\/sites\/4\/2019\/10\/DLB_Logo_orange.svg","contentUrl":"https:\/\/dlb-aoer.de\/dreieich\/wp-content\/uploads\/sites\/4\/2019\/10\/DLB_Logo_orange.svg","width":1,"height":1,"caption":"Dienstleistungsbetrieb Dreieich und Neu-Isenburg A\u00f6R"},"image":{"@id":"https:\/\/dlb-aoer.de\/dreieich\/#\/schema\/logo\/image\/"}}]}},"_links":{"self":[{"href":"https:\/\/dlb-aoer.de\/dreieich\/wp-json\/wp\/v2\/pages\/173","targetHints":{"allow":["GET"]}}],"collection":[{"href":"https:\/\/dlb-aoer.de\/dreieich\/wp-json\/wp\/v2\/pages"}],"about":[{"href":"https:\/\/dlb-aoer.de\/dreieich\/wp-json\/wp\/v2\/types\/page"}],"author":[{"embeddable":true,"href":"https:\/\/dlb-aoer.de\/dreieich\/wp-json\/wp\/v2\/users\/2"}],"replies":[{"embeddable":true,"href":"https:\/\/dlb-aoer.de\/dreieich\/wp-json\/wp\/v2\/comments?post=173"}],"version-history":[{"count":27,"href":"https:\/\/dlb-aoer.de\/dreieich\/wp-json\/wp\/v2\/pages\/173\/revisions"}],"predecessor-version":[{"id":4855,"href":"https:\/\/dlb-aoer.de\/dreieich\/wp-json\/wp\/v2\/pages\/173\/revisions\/4855"}],"up":[{"embeddable":true,"href":"https:\/\/dlb-aoer.de\/dreieich\/wp-json\/wp\/v2\/pages\/61"}],"wp:featuredmedia":[{"embeddable":true,"href":"https:\/\/dlb-aoer.de\/dreieich\/wp-json\/wp\/v2\/media\/2187"}],"wp:attachment":[{"href":"https:\/\/dlb-aoer.de\/dreieich\/wp-json\/wp\/v2\/media?parent=173"}],"curies":[{"name":"wp","href":"https:\/\/api.w.org\/{rel}","templated":true}]}}