{"id":163,"date":"2019-05-12T18:19:18","date_gmt":"2019-05-12T16:19:18","guid":{"rendered":"https:\/\/www.dlb-aoer.de\/dreieich\/?page_id=163"},"modified":"2023-04-28T09:33:21","modified_gmt":"2023-04-28T07:33:21","slug":"gelber-sack","status":"publish","type":"page","link":"https:\/\/dlb-aoer.de\/dreieich\/abfall\/abfallentsorgung\/gelber-sack\/","title":{"rendered":"Gelber Sack"},"content":{"rendered":"\t\t<div data-elementor-type=\"wp-post\" data-elementor-id=\"163\" class=\"elementor elementor-163\">\n\t\t\t\t\t\t\t\t\t<section class=\"elementor-section elementor-top-section elementor-element elementor-element-e453cea elementor-section-stretched elementor-section-boxed elementor-section-height-default elementor-section-height-default\" data-id=\"e453cea\" data-element_type=\"section\" data-settings=\"{&quot;stretch_section&quot;:&quot;section-stretched&quot;}\">\n\t\t\t\t\t\t<div class=\"elementor-container elementor-column-gap-default\">\n\t\t\t\t\t<div class=\"elementor-column elementor-col-100 elementor-top-column elementor-element elementor-element-0e03d66 border-plus-margin\" data-id=\"0e03d66\" data-element_type=\"column\">\n\t\t\t<div class=\"elementor-widget-wrap elementor-element-populated\">\n\t\t\t\t\t\t\t\t<div class=\"elementor-element elementor-element-8e1c89d elementor-widget elementor-widget-heading\" data-id=\"8e1c89d\" data-element_type=\"widget\" data-widget_type=\"heading.default\">\n\t\t\t\t<div class=\"elementor-widget-container\">\n\t\t\t<h2 class=\"elementor-heading-title elementor-size-default\">Informationen zur richtigen Sortierung<\/h2>\t\t<\/div>\n\t\t\t\t<\/div>\n\t\t\t\t<section class=\"elementor-section elementor-inner-section elementor-element elementor-element-421eb95 elementor-section-boxed elementor-section-height-default elementor-section-height-default\" data-id=\"421eb95\" data-element_type=\"section\">\n\t\t\t\t\t\t<div class=\"elementor-container elementor-column-gap-default\">\n\t\t\t\t\t<div class=\"elementor-column elementor-col-50 elementor-inner-column elementor-element elementor-element-9de6c3a\" data-id=\"9de6c3a\" data-element_type=\"column\">\n\t\t\t<div class=\"elementor-widget-wrap elementor-element-populated\">\n\t\t\t\t\t\t\t\t<div class=\"elementor-element elementor-element-6faf596 elementor-widget elementor-widget-image\" data-id=\"6faf596\" data-element_type=\"widget\" data-widget_type=\"image.default\">\n\t\t\t\t<div class=\"elementor-widget-container\">\n\t\t\t\t\t\t\t\t\t\t\t\t\t\t\t<img loading=\"lazy\" decoding=\"async\" width=\"98\" height=\"108\" src=\"https:\/\/dlb-aoer.de\/dreieich\/wp-content\/uploads\/sites\/4\/2019\/07\/Unbenannt-3.png\" class=\"attachment-full size-full wp-image-748\" alt=\"\" \/>\t\t\t\t\t\t\t\t\t\t\t\t\t\t\t<\/div>\n\t\t\t\t<\/div>\n\t\t\t\t<div class=\"elementor-element elementor-element-7661710 elementor-widget elementor-widget-heading\" data-id=\"7661710\" data-element_type=\"widget\" data-widget_type=\"heading.default\">\n\t\t\t\t<div class=\"elementor-widget-container\">\n\t\t\t<h4 class=\"elementor-heading-title elementor-size-default\">In den Gelben Sack geh\u00f6ren:<\/h4>\t\t<\/div>\n\t\t\t\t<\/div>\n\t\t\t\t<div class=\"elementor-element elementor-element-5096309 elementor-widget elementor-widget-text-editor\" data-id=\"5096309\" data-element_type=\"widget\" data-widget_type=\"text-editor.default\">\n\t\t\t\t<div class=\"elementor-widget-container\">\n\t\t\t\t\t\t\t<ul><li>Leichtverpackungen aus Kunststoff, Wei\u00dfblech, Alu oder Verbundmaterial.<br \/>Bitte achten Sie darauf, dass sich keine Inhaltsreste mehr in der Verpackung befinden, ausgesp\u00fclt werden m\u00fcssen sie nicht. Hilfestellung gibt Ihnen auch der Aufdruck auf dem gelben Sack.<\/li><\/ul>\t\t\t\t\t\t<\/div>\n\t\t\t\t<\/div>\n\t\t\t\t\t<\/div>\n\t\t<\/div>\n\t\t\t\t<div class=\"elementor-column elementor-col-50 elementor-inner-column elementor-element elementor-element-82be6f4\" data-id=\"82be6f4\" data-element_type=\"column\">\n\t\t\t<div class=\"elementor-widget-wrap elementor-element-populated\">\n\t\t\t\t\t\t\t\t<div class=\"elementor-element elementor-element-5da0a91 elementor-widget elementor-widget-image\" data-id=\"5da0a91\" data-element_type=\"widget\" data-widget_type=\"image.default\">\n\t\t\t\t<div class=\"elementor-widget-container\">\n\t\t\t\t\t\t\t\t\t\t\t\t\t\t\t<img decoding=\"async\" src=\"https:\/\/dlb-aoer.de\/dreieich\/wp-content\/uploads\/sites\/4\/elementor\/thumbs\/Mu\u0308lleimer1-odtg9xc4tufgauvmxlpslysdemqn610c0cerxs0m9k.png\" title=\"Mu\u0308lleimer1\" alt=\"Mu\u0308lleimer1\" loading=\"lazy\" \/>\t\t\t\t\t\t\t\t\t\t\t\t\t\t\t<\/div>\n\t\t\t\t<\/div>\n\t\t\t\t<div class=\"elementor-element elementor-element-78fd6d4 elementor-widget elementor-widget-heading\" data-id=\"78fd6d4\" data-element_type=\"widget\" data-widget_type=\"heading.default\">\n\t\t\t\t<div class=\"elementor-widget-container\">\n\t\t\t<h4 class=\"elementor-heading-title elementor-size-default\">In den Gelben Sack geh\u00f6ren nicht:<\/h4>\t\t<\/div>\n\t\t\t\t<\/div>\n\t\t\t\t<div class=\"elementor-element elementor-element-390c983 elementor-widget elementor-widget-text-editor\" data-id=\"390c983\" data-element_type=\"widget\" data-widget_type=\"text-editor.default\">\n\t\t\t\t<div class=\"elementor-widget-container\">\n\t\t\t\t\t\t\t<ul><li>Glas, Papier (unbeschichtet), Restabfall<\/li><\/ul><ul><li>Kunststoffe, die keine Verpackungen sind ,wie z.B. Plastikst\u00fchle, Gummienten oder Plastikbecher.<\/li><\/ul>\t\t\t\t\t\t<\/div>\n\t\t\t\t<\/div>\n\t\t\t\t\t<\/div>\n\t\t<\/div>\n\t\t\t\t\t\t\t<\/div>\n\t\t<\/section>\n\t\t\t\t\t<\/div>\n\t\t<\/div>\n\t\t\t\t\t\t\t<\/div>\n\t\t<\/section>\n\t\t\t\t<section class=\"elementor-section elementor-top-section elementor-element elementor-element-2f5bbee elementor-section-stretched elementor-section-boxed elementor-section-height-default elementor-section-height-default\" data-id=\"2f5bbee\" data-element_type=\"section\" data-settings=\"{&quot;stretch_section&quot;:&quot;section-stretched&quot;}\">\n\t\t\t\t\t\t<div class=\"elementor-container elementor-column-gap-default\">\n\t\t\t\t\t<div class=\"elementor-column elementor-col-100 elementor-top-column elementor-element elementor-element-77339b1 border-plus-margin\" data-id=\"77339b1\" data-element_type=\"column\">\n\t\t\t<div class=\"elementor-widget-wrap elementor-element-populated\">\n\t\t\t\t\t\t\t\t<div class=\"elementor-element elementor-element-fcd9b94 elementor-widget elementor-widget-heading\" data-id=\"fcd9b94\" data-element_type=\"widget\" data-widget_type=\"heading.default\">\n\t\t\t\t<div class=\"elementor-widget-container\">\n\t\t\t<h2 class=\"elementor-heading-title elementor-size-default\">Wie erhalte ich Gelbe S\u00e4cke?<\/h2>\t\t<\/div>\n\t\t\t\t<\/div>\n\t\t\t\t<div class=\"elementor-element elementor-element-15df373 elementor-widget elementor-widget-text-editor\" data-id=\"15df373\" data-element_type=\"widget\" data-widget_type=\"text-editor.default\">\n\t\t\t\t<div class=\"elementor-widget-container\">\n\t\t\t\t\t\t\t<p>Gelbe S\u00e4cke k\u00f6nnen im Rathaus in Sprendlingen und auf dem Wertstoffhof kostenfrei abgeholt werden.<\/p><p>F\u00fcr gr\u00f6\u00dfere Anfallstellen k\u00f6nnen vom jeweiligen Sammelunternehmen Beh\u00e4lter zur Verf\u00fcgung gestellt werden. N\u00e4heres erfahren Sie direkt beim Entsorger Remondis GmbH&amp;Co.KG unter 06151 \/ 428480.<\/p>\t\t\t\t\t\t<\/div>\n\t\t\t\t<\/div>\n\t\t\t\t\t<\/div>\n\t\t<\/div>\n\t\t\t\t\t\t\t<\/div>\n\t\t<\/section>\n\t\t\t\t<section class=\"elementor-section elementor-top-section elementor-element elementor-element-08cb575 elementor-section-stretched elementor-section-boxed elementor-section-height-default elementor-section-height-default\" data-id=\"08cb575\" data-element_type=\"section\" data-settings=\"{&quot;stretch_section&quot;:&quot;section-stretched&quot;}\">\n\t\t\t\t\t\t<div class=\"elementor-container elementor-column-gap-default\">\n\t\t\t\t\t<div class=\"elementor-column elementor-col-100 elementor-top-column elementor-element elementor-element-36049c6 border-plus-margin\" data-id=\"36049c6\" data-element_type=\"column\">\n\t\t\t<div class=\"elementor-widget-wrap elementor-element-populated\">\n\t\t\t\t\t\t\t\t<div class=\"elementor-element elementor-element-3e41cf3 elementor-widget elementor-widget-heading\" data-id=\"3e41cf3\" data-element_type=\"widget\" data-widget_type=\"heading.default\">\n\t\t\t\t<div class=\"elementor-widget-container\">\n\t\t\t<h2 class=\"elementor-heading-title elementor-size-default\">Abfuhr<\/h2>\t\t<\/div>\n\t\t\t\t<\/div>\n\t\t\t\t<div class=\"elementor-element elementor-element-81e5a99 elementor-widget elementor-widget-text-editor\" data-id=\"81e5a99\" data-element_type=\"widget\" data-widget_type=\"text-editor.default\">\n\t\t\t\t<div class=\"elementor-widget-container\">\n\t\t\t\t\t\t\t<p>Die Abfuhr erfolgt 14-t\u00e4gig durch die Firma Remondis GmbH&amp;CoKG.<br \/>Die S\u00e4cke sind\u00a0<strong>bis 6.00 Uhr am Abfuhrtag<\/strong>\u00a0an der Grundst\u00fccksgrenze bereitzustellen. Ihren Abfuhrbezirk entnehmen Sie bitte dem aktuellen\u00a0<a title=\"Abfallkalender (PDF)\" href=\"https:\/\/dlb-aoer.de\/dreieich\/abfall\/abfallkalender\/\" target=\"_blank\" rel=\"noopener\">Abfallkalender.<\/a><\/p><p>Sie k\u00f6nnen uns Ihre Gelben S\u00e4cke auch gerne zu den \u00d6ffnungszeiten unseres\u00a0<a title=\"Wertstoffhof\" href=\"\/dreieich\/abfall\/wertstoffhof\/\">Wertstoffhofes<\/a> in der Rost\u00e4dter Str. 15 vorbeibringen.<\/p><p>Haben Sie Fragen? Unsere Abfallberatung steht Ihnen unter 06102\/ 3702-349 zur Verf\u00fcgung.<\/p><p><span style=\"color: #ff0000;\"><strong>Fragen zur Sammlung beantwortet Ihnen die Remondis GmbH&amp;Co.KG unter 06151 \/ 428480.\u00a0<\/strong><\/span><\/p><p>Informationen zu den Gelben S\u00e4cken, der richtigen Sortierung und den Verwertungswegen k\u00f6nnen auch direkt bei den \u201eDualen Systemen Deutschland\u201c \u00fcber die Initiative\u00a0 <a href=\"https:\/\/www.muelltrennung-wirkt.de\/\">M\u00fclltrennung wirkt<\/a> abgerufen werden.<\/p>\t\t\t\t\t\t<\/div>\n\t\t\t\t<\/div>\n\t\t\t\t\t<\/div>\n\t\t<\/div>\n\t\t\t\t\t\t\t<\/div>\n\t\t<\/section>\n\t\t\t\t\t\t\t<\/div>\n\t\t","protected":false},"excerpt":{"rendered":"<p>Informationen zu Gelben S\u00e4cken\/Verpackungsabf\u00e4llen.<\/p>\n","protected":false},"author":2,"featured_media":801,"parent":61,"menu_order":4,"comment_status":"closed","ping_status":"closed","template":"","meta":{"inline_featured_image":false,"footnotes":"","_links_to":"","_links_to_target":""},"class_list":["post-163","page","type-page","status-publish","has-post-thumbnail","hentry"],"yoast_head":"<!-- This site is optimized with the Yoast SEO plugin v21.6 - https:\/\/yoast.com\/wordpress\/plugins\/seo\/ -->\n<title>Gelber Sack - DLB Dreieich<\/title>\n<meta name=\"robots\" content=\"index, follow, max-snippet:-1, max-image-preview:large, max-video-preview:-1\" \/>\n<link rel=\"canonical\" href=\"https:\/\/dlb-aoer.de\/dreieich\/abfall\/abfallentsorgung\/gelber-sack\/\" \/>\n<meta property=\"og:locale\" content=\"de_DE\" \/>\n<meta property=\"og:type\" content=\"article\" \/>\n<meta property=\"og:title\" content=\"Gelber Sack - DLB Dreieich\" \/>\n<meta property=\"og:description\" content=\"Informationen zu Gelben S\u00e4cken\/Verpackungsabf\u00e4llen.\" \/>\n<meta property=\"og:url\" content=\"https:\/\/dlb-aoer.de\/dreieich\/abfall\/abfallentsorgung\/gelber-sack\/\" \/>\n<meta property=\"og:site_name\" content=\"DLB Dreieich\" \/>\n<meta property=\"article:modified_time\" content=\"2023-04-28T07:33:21+00:00\" \/>\n<meta property=\"og:image\" content=\"https:\/\/dlb-aoer.de\/dreieich\/wp-content\/uploads\/sites\/4\/2019\/07\/LVP-DLB-e1639045218684.jpg\" \/>\n\t<meta property=\"og:image:width\" content=\"500\" \/>\n\t<meta property=\"og:image:height\" content=\"400\" \/>\n\t<meta property=\"og:image:type\" content=\"image\/jpeg\" \/>\n<meta name=\"twitter:card\" content=\"summary_large_image\" \/>\n<meta name=\"twitter:label1\" content=\"Gesch\u00e4tzte Lesezeit\" \/>\n\t<meta name=\"twitter:data1\" content=\"1\u00a0Minute\" \/>\n<script type=\"application\/ld+json\" class=\"yoast-schema-graph\">{\"@context\":\"https:\/\/schema.org\",\"@graph\":[{\"@type\":\"WebPage\",\"@id\":\"https:\/\/dlb-aoer.de\/dreieich\/abfall\/abfallentsorgung\/gelber-sack\/\",\"url\":\"https:\/\/dlb-aoer.de\/dreieich\/abfall\/abfallentsorgung\/gelber-sack\/\",\"name\":\"Gelber Sack - DLB Dreieich\",\"isPartOf\":{\"@id\":\"https:\/\/dlb-aoer.de\/dreieich\/#website\"},\"datePublished\":\"2019-05-12T16:19:18+00:00\",\"dateModified\":\"2023-04-28T07:33:21+00:00\",\"breadcrumb\":{\"@id\":\"https:\/\/dlb-aoer.de\/dreieich\/abfall\/abfallentsorgung\/gelber-sack\/#breadcrumb\"},\"inLanguage\":\"de\",\"potentialAction\":[{\"@type\":\"ReadAction\",\"target\":[\"https:\/\/dlb-aoer.de\/dreieich\/abfall\/abfallentsorgung\/gelber-sack\/\"]}]},{\"@type\":\"BreadcrumbList\",\"@id\":\"https:\/\/dlb-aoer.de\/dreieich\/abfall\/abfallentsorgung\/gelber-sack\/#breadcrumb\",\"itemListElement\":[{\"@type\":\"ListItem\",\"position\":1,\"name\":\"Startseite\",\"item\":\"https:\/\/dlb-aoer.de\/dreieich\/\"},{\"@type\":\"ListItem\",\"position\":2,\"name\":\"Abfall\",\"item\":\"https:\/\/dlb-aoer.de\/dreieich\/abfall\/\"},{\"@type\":\"ListItem\",\"position\":3,\"name\":\"Abfallentsorgung\",\"item\":\"https:\/\/dlb-aoer.de\/dreieich\/abfall\/abfallentsorgung\/\"},{\"@type\":\"ListItem\",\"position\":4,\"name\":\"Gelber Sack\"}]},{\"@type\":\"WebSite\",\"@id\":\"https:\/\/dlb-aoer.de\/dreieich\/#website\",\"url\":\"https:\/\/dlb-aoer.de\/dreieich\/\",\"name\":\"DLB Dreieich\",\"description\":\"\",\"publisher\":{\"@id\":\"https:\/\/dlb-aoer.de\/dreieich\/#organization\"},\"potentialAction\":[{\"@type\":\"SearchAction\",\"target\":{\"@type\":\"EntryPoint\",\"urlTemplate\":\"https:\/\/dlb-aoer.de\/dreieich\/?s={search_term_string}\"},\"query-input\":\"required name=search_term_string\"}],\"inLanguage\":\"de\"},{\"@type\":\"Organization\",\"@id\":\"https:\/\/dlb-aoer.de\/dreieich\/#organization\",\"name\":\"Dienstleistungsbetrieb Dreieich und Neu-Isenburg A\u00f6R\",\"url\":\"https:\/\/dlb-aoer.de\/dreieich\/\",\"logo\":{\"@type\":\"ImageObject\",\"inLanguage\":\"de\",\"@id\":\"https:\/\/dlb-aoer.de\/dreieich\/#\/schema\/logo\/image\/\",\"url\":\"https:\/\/dlb-aoer.de\/dreieich\/wp-content\/uploads\/sites\/4\/2019\/10\/DLB_Logo_orange.svg\",\"contentUrl\":\"https:\/\/dlb-aoer.de\/dreieich\/wp-content\/uploads\/sites\/4\/2019\/10\/DLB_Logo_orange.svg\",\"width\":1,\"height\":1,\"caption\":\"Dienstleistungsbetrieb Dreieich und Neu-Isenburg A\u00f6R\"},\"image\":{\"@id\":\"https:\/\/dlb-aoer.de\/dreieich\/#\/schema\/logo\/image\/\"}}]}<\/script>\n<!-- \/ Yoast SEO plugin. -->","yoast_head_json":{"title":"Gelber Sack - DLB Dreieich","robots":{"index":"index","follow":"follow","max-snippet":"max-snippet:-1","max-image-preview":"max-image-preview:large","max-video-preview":"max-video-preview:-1"},"canonical":"https:\/\/dlb-aoer.de\/dreieich\/abfall\/abfallentsorgung\/gelber-sack\/","og_locale":"de_DE","og_type":"article","og_title":"Gelber Sack - DLB Dreieich","og_description":"Informationen zu Gelben S\u00e4cken\/Verpackungsabf\u00e4llen.","og_url":"https:\/\/dlb-aoer.de\/dreieich\/abfall\/abfallentsorgung\/gelber-sack\/","og_site_name":"DLB Dreieich","article_modified_time":"2023-04-28T07:33:21+00:00","og_image":[{"width":500,"height":400,"url":"https:\/\/dlb-aoer.de\/dreieich\/wp-content\/uploads\/sites\/4\/2019\/07\/LVP-DLB-e1639045218684.jpg","type":"image\/jpeg"}],"twitter_card":"summary_large_image","twitter_misc":{"Gesch\u00e4tzte Lesezeit":"1\u00a0Minute"},"schema":{"@context":"https:\/\/schema.org","@graph":[{"@type":"WebPage","@id":"https:\/\/dlb-aoer.de\/dreieich\/abfall\/abfallentsorgung\/gelber-sack\/","url":"https:\/\/dlb-aoer.de\/dreieich\/abfall\/abfallentsorgung\/gelber-sack\/","name":"Gelber Sack - DLB Dreieich","isPartOf":{"@id":"https:\/\/dlb-aoer.de\/dreieich\/#website"},"datePublished":"2019-05-12T16:19:18+00:00","dateModified":"2023-04-28T07:33:21+00:00","breadcrumb":{"@id":"https:\/\/dlb-aoer.de\/dreieich\/abfall\/abfallentsorgung\/gelber-sack\/#breadcrumb"},"inLanguage":"de","potentialAction":[{"@type":"ReadAction","target":["https:\/\/dlb-aoer.de\/dreieich\/abfall\/abfallentsorgung\/gelber-sack\/"]}]},{"@type":"BreadcrumbList","@id":"https:\/\/dlb-aoer.de\/dreieich\/abfall\/abfallentsorgung\/gelber-sack\/#breadcrumb","itemListElement":[{"@type":"ListItem","position":1,"name":"Startseite","item":"https:\/\/dlb-aoer.de\/dreieich\/"},{"@type":"ListItem","position":2,"name":"Abfall","item":"https:\/\/dlb-aoer.de\/dreieich\/abfall\/"},{"@type":"ListItem","position":3,"name":"Abfallentsorgung","item":"https:\/\/dlb-aoer.de\/dreieich\/abfall\/abfallentsorgung\/"},{"@type":"ListItem","position":4,"name":"Gelber Sack"}]},{"@type":"WebSite","@id":"https:\/\/dlb-aoer.de\/dreieich\/#website","url":"https:\/\/dlb-aoer.de\/dreieich\/","name":"DLB Dreieich","description":"","publisher":{"@id":"https:\/\/dlb-aoer.de\/dreieich\/#organization"},"potentialAction":[{"@type":"SearchAction","target":{"@type":"EntryPoint","urlTemplate":"https:\/\/dlb-aoer.de\/dreieich\/?s={search_term_string}"},"query-input":"required name=search_term_string"}],"inLanguage":"de"},{"@type":"Organization","@id":"https:\/\/dlb-aoer.de\/dreieich\/#organization","name":"Dienstleistungsbetrieb Dreieich und Neu-Isenburg A\u00f6R","url":"https:\/\/dlb-aoer.de\/dreieich\/","logo":{"@type":"ImageObject","inLanguage":"de","@id":"https:\/\/dlb-aoer.de\/dreieich\/#\/schema\/logo\/image\/","url":"https:\/\/dlb-aoer.de\/dreieich\/wp-content\/uploads\/sites\/4\/2019\/10\/DLB_Logo_orange.svg","contentUrl":"https:\/\/dlb-aoer.de\/dreieich\/wp-content\/uploads\/sites\/4\/2019\/10\/DLB_Logo_orange.svg","width":1,"height":1,"caption":"Dienstleistungsbetrieb Dreieich und Neu-Isenburg A\u00f6R"},"image":{"@id":"https:\/\/dlb-aoer.de\/dreieich\/#\/schema\/logo\/image\/"}}]}},"_links":{"self":[{"href":"https:\/\/dlb-aoer.de\/dreieich\/wp-json\/wp\/v2\/pages\/163","targetHints":{"allow":["GET"]}}],"collection":[{"href":"https:\/\/dlb-aoer.de\/dreieich\/wp-json\/wp\/v2\/pages"}],"about":[{"href":"https:\/\/dlb-aoer.de\/dreieich\/wp-json\/wp\/v2\/types\/page"}],"author":[{"embeddable":true,"href":"https:\/\/dlb-aoer.de\/dreieich\/wp-json\/wp\/v2\/users\/2"}],"replies":[{"embeddable":true,"href":"https:\/\/dlb-aoer.de\/dreieich\/wp-json\/wp\/v2\/comments?post=163"}],"version-history":[{"count":24,"href":"https:\/\/dlb-aoer.de\/dreieich\/wp-json\/wp\/v2\/pages\/163\/revisions"}],"predecessor-version":[{"id":3488,"href":"https:\/\/dlb-aoer.de\/dreieich\/wp-json\/wp\/v2\/pages\/163\/revisions\/3488"}],"up":[{"embeddable":true,"href":"https:\/\/dlb-aoer.de\/dreieich\/wp-json\/wp\/v2\/pages\/61"}],"wp:featuredmedia":[{"embeddable":true,"href":"https:\/\/dlb-aoer.de\/dreieich\/wp-json\/wp\/v2\/media\/801"}],"wp:attachment":[{"href":"https:\/\/dlb-aoer.de\/dreieich\/wp-json\/wp\/v2\/media?parent=163"}],"curies":[{"name":"wp","href":"https:\/\/api.w.org\/{rel}","templated":true}]}}