{"id":159,"date":"2019-05-12T18:18:53","date_gmt":"2019-05-12T16:18:53","guid":{"rendered":"https:\/\/www.dlb-aoer.de\/dreieich\/?page_id=159"},"modified":"2024-07-03T10:19:13","modified_gmt":"2024-07-03T08:19:13","slug":"biomuell","status":"publish","type":"page","link":"https:\/\/dlb-aoer.de\/dreieich\/abfall\/abfallentsorgung\/biomuell\/","title":{"rendered":"Biom\u00fcll"},"content":{"rendered":"\t\t<div data-elementor-type=\"wp-post\" data-elementor-id=\"159\" class=\"elementor elementor-159\">\n\t\t\t\t\t\t\t\t\t<section class=\"elementor-section elementor-top-section elementor-element elementor-element-c6ec078 elementor-section-stretched elementor-section-boxed elementor-section-height-default elementor-section-height-default\" data-id=\"c6ec078\" data-element_type=\"section\" data-settings=\"{&quot;stretch_section&quot;:&quot;section-stretched&quot;}\">\n\t\t\t\t\t\t<div class=\"elementor-container elementor-column-gap-default\">\n\t\t\t\t\t<div class=\"elementor-column elementor-col-100 elementor-top-column elementor-element elementor-element-d2bfc7d border-plus-margin\" data-id=\"d2bfc7d\" data-element_type=\"column\">\n\t\t\t<div class=\"elementor-widget-wrap elementor-element-populated\">\n\t\t\t\t\t\t\t\t<div class=\"elementor-element elementor-element-5bd6ad4 elementor-widget elementor-widget-heading\" data-id=\"5bd6ad4\" data-element_type=\"widget\" data-widget_type=\"heading.default\">\n\t\t\t\t<div class=\"elementor-widget-container\">\n\t\t\t<h2 class=\"elementor-heading-title elementor-size-default\">Was ist Biom\u00fcll und warum wird er getrennt gesammelt?<\/h2>\t\t<\/div>\n\t\t\t\t<\/div>\n\t\t\t\t<div class=\"elementor-element elementor-element-77aeb73 elementor-widget elementor-widget-text-editor\" data-id=\"77aeb73\" data-element_type=\"widget\" data-widget_type=\"text-editor.default\">\n\t\t\t\t<div class=\"elementor-widget-container\">\n\t\t\t\t\t\t\t<p>Gem\u00e4\u00df aktuellem Kreislaufwirtschaftsgesetz ist seit 2015 im gesamten Bundesgebiet die Biotonne verpflichtend.<\/p><p>Bioabf\u00e4lle sind organische Abf\u00e4lle pflanzlichen oder tierischen Ursprungs.<\/p><p>Erst die Getrenntsammlung erm\u00f6glicht es, durch Kompostierung oder Verg\u00e4rung den Bioabfall als Kompost in die Natur zur\u00fcckzuf\u00fchren oder als Biogas zur Strom-und W\u00e4rmeproduktion zu nutzen.\u00a0<a href=\"\/dreieich\/wp-content\/uploads\/sites\/4\/2019\/05\/RMB.pdf\" target=\"_blank\" rel=\"noopener\">Info der Rhein-Main Biokompost GmbH (pdf).<\/a><\/p><p><strong>Wichtig:<\/strong>\u00a0Bitte achten Sie bei der Getrenntsammlung auf die korrekte Sortierung (siehe unten) und nutzen Sie keine Plastikt\u00fcten.<\/p><h6><span style=\"color: #ff0000;\">Sogenannte Bio-Kunststoffbeutel sind ebenfalls von der Abfuhr ausgeschlossen (Vorgabe des Kreises Offenbach).<\/span><\/h6><p><a href=\"https:\/\/dlb-aoer.de\/dreieich\/abfall\/abfallentsorgung\/plastik-ist-kein-biomuell-tag-der-nachhaltigkeit\/\">Infos zur Aktion &#8222;Plastik ist kein Bioabfall&#8220;.<\/a><\/p>\t\t\t\t\t\t<\/div>\n\t\t\t\t<\/div>\n\t\t\t\t\t<\/div>\n\t\t<\/div>\n\t\t\t\t\t\t\t<\/div>\n\t\t<\/section>\n\t\t\t\t<section class=\"elementor-section elementor-top-section elementor-element elementor-element-5ade189 elementor-section-stretched elementor-section-boxed elementor-section-height-default elementor-section-height-default\" data-id=\"5ade189\" data-element_type=\"section\" data-settings=\"{&quot;stretch_section&quot;:&quot;section-stretched&quot;}\">\n\t\t\t\t\t\t<div class=\"elementor-container elementor-column-gap-default\">\n\t\t\t\t\t<div class=\"elementor-column elementor-col-100 elementor-top-column elementor-element elementor-element-a2cbdc6 border-plus-margin\" data-id=\"a2cbdc6\" data-element_type=\"column\">\n\t\t\t<div class=\"elementor-widget-wrap elementor-element-populated\">\n\t\t\t\t\t\t\t\t<div class=\"elementor-element elementor-element-5e7a134 elementor-widget elementor-widget-heading\" data-id=\"5e7a134\" data-element_type=\"widget\" data-widget_type=\"heading.default\">\n\t\t\t\t<div class=\"elementor-widget-container\">\n\t\t\t<h2 class=\"elementor-heading-title elementor-size-default\">Informationen zur richtigen Sortierung<\/h2>\t\t<\/div>\n\t\t\t\t<\/div>\n\t\t\t\t<section class=\"elementor-section elementor-inner-section elementor-element elementor-element-48b1277 elementor-section-boxed elementor-section-height-default elementor-section-height-default\" data-id=\"48b1277\" data-element_type=\"section\">\n\t\t\t\t\t\t<div class=\"elementor-container elementor-column-gap-default\">\n\t\t\t\t\t<div class=\"elementor-column elementor-col-50 elementor-inner-column elementor-element elementor-element-5b0b6cc\" data-id=\"5b0b6cc\" data-element_type=\"column\">\n\t\t\t<div class=\"elementor-widget-wrap elementor-element-populated\">\n\t\t\t\t\t\t\t\t<div class=\"elementor-element elementor-element-4bbf30b elementor-widget elementor-widget-image\" data-id=\"4bbf30b\" data-element_type=\"widget\" data-widget_type=\"image.default\">\n\t\t\t\t<div class=\"elementor-widget-container\">\n\t\t\t\t\t\t\t\t\t\t\t\t\t\t\t<img decoding=\"async\" src=\"https:\/\/dlb-aoer.de\/dreieich\/wp-content\/uploads\/sites\/4\/elementor\/thumbs\/Unbenannt-3-odtgiykaiisnvxr86iapkopuxy7n5avgl24rzimego.png\" title=\"Unbenannt-3\" alt=\"Unbenannt-3\" loading=\"lazy\" \/>\t\t\t\t\t\t\t\t\t\t\t\t\t\t\t<\/div>\n\t\t\t\t<\/div>\n\t\t\t\t<div class=\"elementor-element elementor-element-e5fbf1e elementor-widget elementor-widget-heading\" data-id=\"e5fbf1e\" data-element_type=\"widget\" data-widget_type=\"heading.default\">\n\t\t\t\t<div class=\"elementor-widget-container\">\n\t\t\t<h3 class=\"elementor-heading-title elementor-size-default\">Zum Biom\u00fcll geh\u00f6ren:<\/h3>\t\t<\/div>\n\t\t\t\t<\/div>\n\t\t\t\t<div class=\"elementor-element elementor-element-28126f0 elementor-widget elementor-widget-text-editor\" data-id=\"28126f0\" data-element_type=\"widget\" data-widget_type=\"text-editor.default\">\n\t\t\t\t<div class=\"elementor-widget-container\">\n\t\t\t\t\t\t\t<ul><li>Speisereste, roh, gekocht, verdorben ( haushalts\u00fcbliche Mengen m\u00f6glichst in Zeitungspapier eingewickelt)<\/li><li>Obst- und Gem\u00fcsereste<\/li><li>Fisch-, Fleisch- und Wurstreste, Knochen (in kleinen haushalts\u00fcblichen Mengen m\u00f6glichst in Zeitungspapier eingewickelt)<\/li><li>Brot- und Backwarenreste<\/li><li>Kaffee- und Teefilter, Kaffeesatz, Teereste<\/li><li>Gartenabf\u00e4lle<\/li><li>Blumen, Zimmerpflanzen, kleine Mengen Blumenerde<\/li><li>kleine Mengen Heu, Stroh<\/li><li>Kleintierstreu (nur aus biologisch abbaubarem Material)<\/li><li>Holzwolle, Holzsp\u00e4ne, S\u00e4gesp\u00e4ne (nur von unbehandeltem Holz)<\/li><li>Kleine Mengen K\u00fcchenpapier, Papierhandt\u00fccher, Papiertaschent\u00fccher, Servietten, die u.a. zum Einwickeln von Biom\u00fcll genutzt werden k\u00f6nnen<\/li><\/ul>\t\t\t\t\t\t<\/div>\n\t\t\t\t<\/div>\n\t\t\t\t\t<\/div>\n\t\t<\/div>\n\t\t\t\t<div class=\"elementor-column elementor-col-50 elementor-inner-column elementor-element elementor-element-6742af5\" data-id=\"6742af5\" data-element_type=\"column\">\n\t\t\t<div class=\"elementor-widget-wrap elementor-element-populated\">\n\t\t\t\t\t\t\t\t<div class=\"elementor-element elementor-element-4561661 elementor-widget elementor-widget-image\" data-id=\"4561661\" data-element_type=\"widget\" data-widget_type=\"image.default\">\n\t\t\t\t<div class=\"elementor-widget-container\">\n\t\t\t\t\t\t\t\t\t\t\t\t\t\t\t<img decoding=\"async\" src=\"https:\/\/dlb-aoer.de\/dreieich\/wp-content\/uploads\/sites\/4\/elementor\/thumbs\/Mu\u0308lleimer1-odtg9xc4tufgauvmxlpslysdemqn610c0cerxs0m9k.png\" title=\"Mu\u0308lleimer1\" alt=\"Mu\u0308lleimer1\" loading=\"lazy\" \/>\t\t\t\t\t\t\t\t\t\t\t\t\t\t\t<\/div>\n\t\t\t\t<\/div>\n\t\t\t\t<div class=\"elementor-element elementor-element-0b4c725 elementor-widget elementor-widget-heading\" data-id=\"0b4c725\" data-element_type=\"widget\" data-widget_type=\"heading.default\">\n\t\t\t\t<div class=\"elementor-widget-container\">\n\t\t\t<h3 class=\"elementor-heading-title elementor-size-default\">Zum Biom\u00fcll geh\u00f6ren nicht:<\/h3>\t\t<\/div>\n\t\t\t\t<\/div>\n\t\t\t\t<div class=\"elementor-element elementor-element-6b15024 elementor-widget elementor-widget-text-editor\" data-id=\"6b15024\" data-element_type=\"widget\" data-widget_type=\"text-editor.default\">\n\t\t\t\t<div class=\"elementor-widget-container\">\n\t\t\t\t\t\t\t<ul><li>Asche, Ru\u00df, Zigarettenkippen<\/li><li>Milch<\/li><li>Kehricht, Staubsaugerbeutel<\/li><li>Plastikt\u00fcten, Verpackungen<\/li><li>Produkte, die mit \u201ekompostierbar\u201c beworben werden. (kompostierbare Verpackungen, Kaffeekapseln, Trink- und Joghurtbecher oder Cateringgeschirr und -besteck k\u00f6nnen in der Kompost- und Verg\u00e4rungsanlagen nicht schnell genug zersetzt werden.)<\/li><li>Windeln, Hygieneartikel<\/li><li>Medikamente, Verbandmaterial<\/li><li>Katzenstreu<\/li><li>Kleintierstreu (aus nicht biologisch abbaubarem Material)<\/li><li>Holzreste, behandeltes Holz, M\u00f6belholz, Spanplattenholz<\/li><li>Tapeten, Tapetenreste<\/li><li>Textilien, Putzlappen, -t\u00fccher<\/li><li>Tierkot<\/li><li>Blument\u00f6pfe, Keramik, Porzellan<\/li><li>Kerzen und Kerzenreste<\/li><li>alle nicht biologisch abbaubaren Materialien<\/li><\/ul>\t\t\t\t\t\t<\/div>\n\t\t\t\t<\/div>\n\t\t\t\t\t<\/div>\n\t\t<\/div>\n\t\t\t\t\t\t\t<\/div>\n\t\t<\/section>\n\t\t\t\t\t<\/div>\n\t\t<\/div>\n\t\t\t\t\t\t\t<\/div>\n\t\t<\/section>\n\t\t\t\t<section class=\"elementor-section elementor-top-section elementor-element elementor-element-503eb55 elementor-section-stretched elementor-section-boxed elementor-section-height-default elementor-section-height-default\" data-id=\"503eb55\" data-element_type=\"section\" data-settings=\"{&quot;stretch_section&quot;:&quot;section-stretched&quot;}\">\n\t\t\t\t\t\t<div class=\"elementor-container elementor-column-gap-default\">\n\t\t\t\t\t<div class=\"elementor-column elementor-col-100 elementor-top-column elementor-element elementor-element-1d4cf6e border-plus-margin\" data-id=\"1d4cf6e\" data-element_type=\"column\">\n\t\t\t<div class=\"elementor-widget-wrap elementor-element-populated\">\n\t\t\t\t\t\t\t\t<div class=\"elementor-element elementor-element-4e0b580 elementor-widget elementor-widget-heading\" data-id=\"4e0b580\" data-element_type=\"widget\" data-widget_type=\"heading.default\">\n\t\t\t\t<div class=\"elementor-widget-container\">\n\t\t\t<h2 class=\"elementor-heading-title elementor-size-default\">Abfuhr<\/h2>\t\t<\/div>\n\t\t\t\t<\/div>\n\t\t\t\t<div class=\"elementor-element elementor-element-ed41b26 elementor-widget elementor-widget-text-editor\" data-id=\"ed41b26\" data-element_type=\"widget\" data-widget_type=\"text-editor.default\">\n\t\t\t\t<div class=\"elementor-widget-container\">\n\t\t\t\t\t\t\t<p>Die Abfuhr der Biotonne erfolgt 14-t\u00e4gig.\u00a0<\/p><p>Es werden Gef\u00e4\u00dfe mit 120 und 240 Liter Inhalt ausgegeben. Die Ma\u00dfe der M\u00fcllgef\u00e4\u00dfe k\u00f6nnen Sie\u00a0<a href=\"\/dreieich\/wp-content\/uploads\/sites\/2\/2019\/05\/Masse-Muellgefaesse.pdf\" target=\"_blank\" rel=\"noopener\">hier<\/a>\u00a0abrufen.<\/p>\t\t\t\t\t\t<\/div>\n\t\t\t\t<\/div>\n\t\t\t\t\t<\/div>\n\t\t<\/div>\n\t\t\t\t\t\t\t<\/div>\n\t\t<\/section>\n\t\t\t\t<section class=\"elementor-section elementor-top-section elementor-element elementor-element-6003c5c elementor-section-stretched elementor-section-boxed elementor-section-height-default elementor-section-height-default\" data-id=\"6003c5c\" data-element_type=\"section\" data-settings=\"{&quot;stretch_section&quot;:&quot;section-stretched&quot;}\">\n\t\t\t\t\t\t<div class=\"elementor-container elementor-column-gap-default\">\n\t\t\t\t\t<div class=\"elementor-column elementor-col-100 elementor-top-column elementor-element elementor-element-9e3154a border-plus-margin\" data-id=\"9e3154a\" data-element_type=\"column\">\n\t\t\t<div class=\"elementor-widget-wrap elementor-element-populated\">\n\t\t\t\t\t\t\t\t<div class=\"elementor-element elementor-element-4d2325b elementor-widget elementor-widget-heading\" data-id=\"4d2325b\" data-element_type=\"widget\" data-widget_type=\"heading.default\">\n\t\t\t\t<div class=\"elementor-widget-container\">\n\t\t\t<h2 class=\"elementor-heading-title elementor-size-default\">Weitere Informationen<\/h2>\t\t<\/div>\n\t\t\t\t<\/div>\n\t\t\t\t<div class=\"elementor-element elementor-element-e7733d3 elementor-widget elementor-widget-heading\" data-id=\"e7733d3\" data-element_type=\"widget\" data-widget_type=\"heading.default\">\n\t\t\t\t<div class=\"elementor-widget-container\">\n\t\t\t<h3 class=\"elementor-heading-title elementor-size-default\">Eigenkompostierung<\/h3>\t\t<\/div>\n\t\t\t\t<\/div>\n\t\t\t\t<div class=\"elementor-element elementor-element-24cb605 elementor-widget elementor-widget-text-editor\" data-id=\"24cb605\" data-element_type=\"widget\" data-widget_type=\"text-editor.default\">\n\t\t\t\t<div class=\"elementor-widget-container\">\n\t\t\t\t\t\t\t<p>Eigenkompostierer k\u00f6nnen einen Antrag auf Befreiung von der Biotonne stellen. Hierzu m\u00fcssen pro Grundst\u00fccksbewohner 25qm g\u00e4rtnerisch oder landwirtschaftlich genutzte Fl\u00e4che auf dem Wohngrundst\u00fcck vorhanden sein. Ein entsprechendes Formular finden Sie\u00a0<a href=\"\/dreieich\/wp-content\/uploads\/sites\/2\/2019\/05\/Antragsformular-BIO-Eigenkompostierer.pdf\" target=\"_blank\" rel=\"noopener\">hier<\/a>.<\/p>\t\t\t\t\t\t<\/div>\n\t\t\t\t<\/div>\n\t\t\t\t<div class=\"elementor-element elementor-element-521db92 elementor-widget elementor-widget-heading\" data-id=\"521db92\" data-element_type=\"widget\" data-widget_type=\"heading.default\">\n\t\t\t\t<div class=\"elementor-widget-container\">\n\t\t\t<h3 class=\"elementor-heading-title elementor-size-default\">Nachbarschaftstonne<\/h3>\t\t<\/div>\n\t\t\t\t<\/div>\n\t\t\t\t<div class=\"elementor-element elementor-element-146c7ac elementor-widget elementor-widget-text-editor\" data-id=\"146c7ac\" data-element_type=\"widget\" data-widget_type=\"text-editor.default\">\n\t\t\t\t<div class=\"elementor-widget-container\">\n\t\t\t\t\t\t\t<p>Ja, bis zu 3 benachbarte Grundst\u00fccke k\u00f6nnen eine gemeinsame Biotonne nutzen. Ein Antrag kann ab sofort beim DLB gestellt werden, das entsprechende Formular finden Sie\u00a0<a href=\"\/neu-isenburg\/wp-content\/uploads\/sites\/2\/2019\/05\/Antragsformular-BIO-Nachbarschaftstonne.pdf\" target=\"_blank\" rel=\"noopener\">hier<\/a>.<\/p>\t\t\t\t\t\t<\/div>\n\t\t\t\t<\/div>\n\t\t\t\t<div class=\"elementor-element elementor-element-5bf5599 elementor-widget elementor-widget-heading\" data-id=\"5bf5599\" data-element_type=\"widget\" data-widget_type=\"heading.default\">\n\t\t\t\t<div class=\"elementor-widget-container\">\n\t\t\t<h3 class=\"elementor-heading-title elementor-size-default\">Tipps zum Umgang mit der Biotonne<\/h3>\t\t<\/div>\n\t\t\t\t<\/div>\n\t\t\t\t<div class=\"elementor-element elementor-element-fbfffcc elementor-widget elementor-widget-text-editor\" data-id=\"fbfffcc\" data-element_type=\"widget\" data-widget_type=\"text-editor.default\">\n\t\t\t\t<div class=\"elementor-widget-container\">\n\t\t\t\t\t\t\t<ul><li>K\u00fcchenabf\u00e4lle in Zeitungspapier oder K\u00fcchenpapier einwickeln.<\/li><\/ul><ul><li>Zeitungspapier auf den Boden der Biotonne legen, dieses nimmt entstehendes Wasser auf und reduziert F\u00e4ulnis- oder Gefrierprozesse.<\/li><\/ul><ul><li>Keine fl\u00fcssigen Speisereste einf\u00fcllen<\/li><\/ul><ul><li>Biotonne im Sommer in den Schatten stellen und im Winter an einen frostgesch\u00fctzten Platz.<\/li><\/ul><ul><li>Den Deckel der Biotonne stets geschlossen halten. Das verhindert die Ansiedlung von Insekten.<\/li><\/ul><ul><li>Den Biom\u00fcll nicht verpressen.<\/li><\/ul><ul><li>Feuchten Rasenschnitt erst kurz vor der Leerung in die Biotonne f\u00fcllen<\/li><\/ul>\t\t\t\t\t\t<\/div>\n\t\t\t\t<\/div>\n\t\t\t\t<div class=\"elementor-element elementor-element-ce9b2cd elementor-widget elementor-widget-heading\" data-id=\"ce9b2cd\" data-element_type=\"widget\" data-widget_type=\"heading.default\">\n\t\t\t\t<div class=\"elementor-widget-container\">\n\t\t\t<h3 class=\"elementor-heading-title elementor-size-default\">Vorsortierung leicht gemacht!<\/h3>\t\t<\/div>\n\t\t\t\t<\/div>\n\t\t\t\t<div class=\"elementor-element elementor-element-2f7b9a3 elementor-widget elementor-widget-text-editor\" data-id=\"2f7b9a3\" data-element_type=\"widget\" data-widget_type=\"text-editor.default\">\n\t\t\t\t<div class=\"elementor-widget-container\">\n\t\t\t\t\t\t\t<p>Um eine Getrenntsammlung der Bioabf\u00e4lle in der Wohnung zu vereinfachen k\u00f6nnen Vorsortiergef\u00e4\u00dfe kostenpflichtig beim DLB erworben werden.<\/p><p>Dar\u00fcber hinaus k\u00f6nnen Bio-Beutel beim DLB und den bekannten Verkaufsstellen f\u00fcr die Restabfalls\u00e4cke f\u00fcr 1,50 EUR \/20 St\u00fcck erworben werden. Auch der Handel bietet geeignete Papierbeutel an.<\/p><p>Der DLB bittet in diesem Zusammenhang,\u00a0<strong>f\u00fcr die Sammlung der Bioabf\u00e4lle\u00a0<span style=\"color: #ff0000\">keine\u00a0<\/span>Plastikt\u00fcten zu verwenden.<\/strong><\/p>\t\t\t\t\t\t<\/div>\n\t\t\t\t<\/div>\n\t\t\t\t<div class=\"elementor-element elementor-element-9682b8e elementor-widget elementor-widget-heading\" data-id=\"9682b8e\" data-element_type=\"widget\" data-widget_type=\"heading.default\">\n\t\t\t\t<div class=\"elementor-widget-container\">\n\t\t\t<h3 class=\"elementor-heading-title elementor-size-default\">Wie bekomme ich weitere Informationen?<\/h3>\t\t<\/div>\n\t\t\t\t<\/div>\n\t\t\t\t<div class=\"elementor-element elementor-element-63a6c7b elementor-widget elementor-widget-text-editor\" data-id=\"63a6c7b\" data-element_type=\"widget\" data-widget_type=\"text-editor.default\">\n\t\t\t\t<div class=\"elementor-widget-container\">\n\t\t\t\t\t\t\t<p>F\u00fcr weitergehende Fragen steht Ihnen unsere telefonische Beratung unter 06102-3702-349 zur Verf\u00fcgung. Weitere Informationen werden Sie auch in den n\u00e4chsten Monaten \u00fcber die \u00f6rtliche Presse erfahren.<\/p>\t\t\t\t\t\t<\/div>\n\t\t\t\t<\/div>\n\t\t\t\t\t<\/div>\n\t\t<\/div>\n\t\t\t\t\t\t\t<\/div>\n\t\t<\/section>\n\t\t\t\t\t\t\t<\/div>\n\t\t","protected":false},"excerpt":{"rendered":"<p>Informationen zum Biom\u00fcll und dessen Sortierung.<\/p>\n","protected":false},"author":2,"featured_media":799,"parent":61,"menu_order":2,"comment_status":"closed","ping_status":"closed","template":"","meta":{"inline_featured_image":false,"footnotes":"","_links_to":"","_links_to_target":""},"class_list":["post-159","page","type-page","status-publish","has-post-thumbnail","hentry"],"yoast_head":"<!-- This site is optimized with the Yoast SEO plugin v21.6 - https:\/\/yoast.com\/wordpress\/plugins\/seo\/ -->\n<title>Biom\u00fcll - DLB Dreieich<\/title>\n<meta name=\"robots\" content=\"index, follow, max-snippet:-1, max-image-preview:large, max-video-preview:-1\" \/>\n<link rel=\"canonical\" href=\"https:\/\/dlb-aoer.de\/dreieich\/abfall\/abfallentsorgung\/biomuell\/\" \/>\n<meta property=\"og:locale\" content=\"de_DE\" \/>\n<meta property=\"og:type\" content=\"article\" \/>\n<meta property=\"og:title\" content=\"Biom\u00fcll - DLB Dreieich\" \/>\n<meta property=\"og:description\" content=\"Informationen zum Biom\u00fcll und dessen Sortierung.\" \/>\n<meta property=\"og:url\" content=\"https:\/\/dlb-aoer.de\/dreieich\/abfall\/abfallentsorgung\/biomuell\/\" \/>\n<meta property=\"og:site_name\" content=\"DLB Dreieich\" \/>\n<meta property=\"article:modified_time\" content=\"2024-07-03T08:19:13+00:00\" \/>\n<meta property=\"og:image\" content=\"https:\/\/dlb-aoer.de\/dreieich\/wp-content\/uploads\/sites\/4\/2019\/07\/Biomuell_DLB-e1639045236812.jpg\" \/>\n\t<meta property=\"og:image:width\" content=\"500\" \/>\n\t<meta property=\"og:image:height\" content=\"400\" \/>\n\t<meta property=\"og:image:type\" content=\"image\/jpeg\" \/>\n<meta name=\"twitter:card\" content=\"summary_large_image\" \/>\n<meta name=\"twitter:label1\" content=\"Gesch\u00e4tzte Lesezeit\" \/>\n\t<meta name=\"twitter:data1\" content=\"4\u00a0Minuten\" \/>\n<script type=\"application\/ld+json\" class=\"yoast-schema-graph\">{\"@context\":\"https:\/\/schema.org\",\"@graph\":[{\"@type\":\"WebPage\",\"@id\":\"https:\/\/dlb-aoer.de\/dreieich\/abfall\/abfallentsorgung\/biomuell\/\",\"url\":\"https:\/\/dlb-aoer.de\/dreieich\/abfall\/abfallentsorgung\/biomuell\/\",\"name\":\"Biom\u00fcll - DLB Dreieich\",\"isPartOf\":{\"@id\":\"https:\/\/dlb-aoer.de\/dreieich\/#website\"},\"datePublished\":\"2019-05-12T16:18:53+00:00\",\"dateModified\":\"2024-07-03T08:19:13+00:00\",\"breadcrumb\":{\"@id\":\"https:\/\/dlb-aoer.de\/dreieich\/abfall\/abfallentsorgung\/biomuell\/#breadcrumb\"},\"inLanguage\":\"de\",\"potentialAction\":[{\"@type\":\"ReadAction\",\"target\":[\"https:\/\/dlb-aoer.de\/dreieich\/abfall\/abfallentsorgung\/biomuell\/\"]}]},{\"@type\":\"BreadcrumbList\",\"@id\":\"https:\/\/dlb-aoer.de\/dreieich\/abfall\/abfallentsorgung\/biomuell\/#breadcrumb\",\"itemListElement\":[{\"@type\":\"ListItem\",\"position\":1,\"name\":\"Startseite\",\"item\":\"https:\/\/dlb-aoer.de\/dreieich\/\"},{\"@type\":\"ListItem\",\"position\":2,\"name\":\"Abfall\",\"item\":\"https:\/\/dlb-aoer.de\/dreieich\/abfall\/\"},{\"@type\":\"ListItem\",\"position\":3,\"name\":\"Abfallentsorgung\",\"item\":\"https:\/\/dlb-aoer.de\/dreieich\/abfall\/abfallentsorgung\/\"},{\"@type\":\"ListItem\",\"position\":4,\"name\":\"Biom\u00fcll\"}]},{\"@type\":\"WebSite\",\"@id\":\"https:\/\/dlb-aoer.de\/dreieich\/#website\",\"url\":\"https:\/\/dlb-aoer.de\/dreieich\/\",\"name\":\"DLB Dreieich\",\"description\":\"\",\"publisher\":{\"@id\":\"https:\/\/dlb-aoer.de\/dreieich\/#organization\"},\"potentialAction\":[{\"@type\":\"SearchAction\",\"target\":{\"@type\":\"EntryPoint\",\"urlTemplate\":\"https:\/\/dlb-aoer.de\/dreieich\/?s={search_term_string}\"},\"query-input\":\"required name=search_term_string\"}],\"inLanguage\":\"de\"},{\"@type\":\"Organization\",\"@id\":\"https:\/\/dlb-aoer.de\/dreieich\/#organization\",\"name\":\"Dienstleistungsbetrieb Dreieich und Neu-Isenburg A\u00f6R\",\"url\":\"https:\/\/dlb-aoer.de\/dreieich\/\",\"logo\":{\"@type\":\"ImageObject\",\"inLanguage\":\"de\",\"@id\":\"https:\/\/dlb-aoer.de\/dreieich\/#\/schema\/logo\/image\/\",\"url\":\"https:\/\/dlb-aoer.de\/dreieich\/wp-content\/uploads\/sites\/4\/2019\/10\/DLB_Logo_orange.svg\",\"contentUrl\":\"https:\/\/dlb-aoer.de\/dreieich\/wp-content\/uploads\/sites\/4\/2019\/10\/DLB_Logo_orange.svg\",\"width\":1,\"height\":1,\"caption\":\"Dienstleistungsbetrieb Dreieich und Neu-Isenburg A\u00f6R\"},\"image\":{\"@id\":\"https:\/\/dlb-aoer.de\/dreieich\/#\/schema\/logo\/image\/\"}}]}<\/script>\n<!-- \/ Yoast SEO plugin. -->","yoast_head_json":{"title":"Biom\u00fcll - DLB Dreieich","robots":{"index":"index","follow":"follow","max-snippet":"max-snippet:-1","max-image-preview":"max-image-preview:large","max-video-preview":"max-video-preview:-1"},"canonical":"https:\/\/dlb-aoer.de\/dreieich\/abfall\/abfallentsorgung\/biomuell\/","og_locale":"de_DE","og_type":"article","og_title":"Biom\u00fcll - DLB Dreieich","og_description":"Informationen zum Biom\u00fcll und dessen Sortierung.","og_url":"https:\/\/dlb-aoer.de\/dreieich\/abfall\/abfallentsorgung\/biomuell\/","og_site_name":"DLB Dreieich","article_modified_time":"2024-07-03T08:19:13+00:00","og_image":[{"width":500,"height":400,"url":"https:\/\/dlb-aoer.de\/dreieich\/wp-content\/uploads\/sites\/4\/2019\/07\/Biomuell_DLB-e1639045236812.jpg","type":"image\/jpeg"}],"twitter_card":"summary_large_image","twitter_misc":{"Gesch\u00e4tzte Lesezeit":"4\u00a0Minuten"},"schema":{"@context":"https:\/\/schema.org","@graph":[{"@type":"WebPage","@id":"https:\/\/dlb-aoer.de\/dreieich\/abfall\/abfallentsorgung\/biomuell\/","url":"https:\/\/dlb-aoer.de\/dreieich\/abfall\/abfallentsorgung\/biomuell\/","name":"Biom\u00fcll - DLB Dreieich","isPartOf":{"@id":"https:\/\/dlb-aoer.de\/dreieich\/#website"},"datePublished":"2019-05-12T16:18:53+00:00","dateModified":"2024-07-03T08:19:13+00:00","breadcrumb":{"@id":"https:\/\/dlb-aoer.de\/dreieich\/abfall\/abfallentsorgung\/biomuell\/#breadcrumb"},"inLanguage":"de","potentialAction":[{"@type":"ReadAction","target":["https:\/\/dlb-aoer.de\/dreieich\/abfall\/abfallentsorgung\/biomuell\/"]}]},{"@type":"BreadcrumbList","@id":"https:\/\/dlb-aoer.de\/dreieich\/abfall\/abfallentsorgung\/biomuell\/#breadcrumb","itemListElement":[{"@type":"ListItem","position":1,"name":"Startseite","item":"https:\/\/dlb-aoer.de\/dreieich\/"},{"@type":"ListItem","position":2,"name":"Abfall","item":"https:\/\/dlb-aoer.de\/dreieich\/abfall\/"},{"@type":"ListItem","position":3,"name":"Abfallentsorgung","item":"https:\/\/dlb-aoer.de\/dreieich\/abfall\/abfallentsorgung\/"},{"@type":"ListItem","position":4,"name":"Biom\u00fcll"}]},{"@type":"WebSite","@id":"https:\/\/dlb-aoer.de\/dreieich\/#website","url":"https:\/\/dlb-aoer.de\/dreieich\/","name":"DLB Dreieich","description":"","publisher":{"@id":"https:\/\/dlb-aoer.de\/dreieich\/#organization"},"potentialAction":[{"@type":"SearchAction","target":{"@type":"EntryPoint","urlTemplate":"https:\/\/dlb-aoer.de\/dreieich\/?s={search_term_string}"},"query-input":"required name=search_term_string"}],"inLanguage":"de"},{"@type":"Organization","@id":"https:\/\/dlb-aoer.de\/dreieich\/#organization","name":"Dienstleistungsbetrieb Dreieich und Neu-Isenburg A\u00f6R","url":"https:\/\/dlb-aoer.de\/dreieich\/","logo":{"@type":"ImageObject","inLanguage":"de","@id":"https:\/\/dlb-aoer.de\/dreieich\/#\/schema\/logo\/image\/","url":"https:\/\/dlb-aoer.de\/dreieich\/wp-content\/uploads\/sites\/4\/2019\/10\/DLB_Logo_orange.svg","contentUrl":"https:\/\/dlb-aoer.de\/dreieich\/wp-content\/uploads\/sites\/4\/2019\/10\/DLB_Logo_orange.svg","width":1,"height":1,"caption":"Dienstleistungsbetrieb Dreieich und Neu-Isenburg A\u00f6R"},"image":{"@id":"https:\/\/dlb-aoer.de\/dreieich\/#\/schema\/logo\/image\/"}}]}},"_links":{"self":[{"href":"https:\/\/dlb-aoer.de\/dreieich\/wp-json\/wp\/v2\/pages\/159","targetHints":{"allow":["GET"]}}],"collection":[{"href":"https:\/\/dlb-aoer.de\/dreieich\/wp-json\/wp\/v2\/pages"}],"about":[{"href":"https:\/\/dlb-aoer.de\/dreieich\/wp-json\/wp\/v2\/types\/page"}],"author":[{"embeddable":true,"href":"https:\/\/dlb-aoer.de\/dreieich\/wp-json\/wp\/v2\/users\/2"}],"replies":[{"embeddable":true,"href":"https:\/\/dlb-aoer.de\/dreieich\/wp-json\/wp\/v2\/comments?post=159"}],"version-history":[{"count":32,"href":"https:\/\/dlb-aoer.de\/dreieich\/wp-json\/wp\/v2\/pages\/159\/revisions"}],"predecessor-version":[{"id":4252,"href":"https:\/\/dlb-aoer.de\/dreieich\/wp-json\/wp\/v2\/pages\/159\/revisions\/4252"}],"up":[{"embeddable":true,"href":"https:\/\/dlb-aoer.de\/dreieich\/wp-json\/wp\/v2\/pages\/61"}],"wp:featuredmedia":[{"embeddable":true,"href":"https:\/\/dlb-aoer.de\/dreieich\/wp-json\/wp\/v2\/media\/799"}],"wp:attachment":[{"href":"https:\/\/dlb-aoer.de\/dreieich\/wp-json\/wp\/v2\/media?parent=159"}],"curies":[{"name":"wp","href":"https:\/\/api.w.org\/{rel}","templated":true}]}}