{"id":1556,"date":"2021-03-01T09:43:29","date_gmt":"2021-03-01T08:43:29","guid":{"rendered":"https:\/\/dlb-aoer.de\/dreieich\/?page_id=1556"},"modified":"2022-02-04T07:55:57","modified_gmt":"2022-02-04T06:55:57","slug":"g1-hainer-weg","status":"publish","type":"page","link":"https:\/\/dlb-aoer.de\/dreieich\/gruen-spiel-sport\/gruenflachen\/g1-hainer-weg\/","title":{"rendered":"G\u00f6tzenhain \u2013 G1-Hainer Weg"},"content":{"rendered":"\t\t<div data-elementor-type=\"wp-post\" data-elementor-id=\"1556\" class=\"elementor elementor-1556\">\n\t\t\t\t\t\t\t\t\t<section class=\"elementor-section elementor-top-section elementor-element elementor-element-6860763 elementor-section-boxed elementor-section-height-default elementor-section-height-default\" data-id=\"6860763\" data-element_type=\"section\">\n\t\t\t\t\t\t<div class=\"elementor-container elementor-column-gap-default\">\n\t\t\t\t\t<div class=\"elementor-column elementor-col-100 elementor-top-column elementor-element elementor-element-2374f86\" data-id=\"2374f86\" data-element_type=\"column\">\n\t\t\t<div class=\"elementor-widget-wrap elementor-element-populated\">\n\t\t\t\t\t\t\t\t<section class=\"elementor-section elementor-inner-section elementor-element elementor-element-bfebca4 elementor-section-boxed elementor-section-height-default elementor-section-height-default\" data-id=\"bfebca4\" data-element_type=\"section\">\n\t\t\t\t\t\t<div class=\"elementor-container elementor-column-gap-default\">\n\t\t\t\t\t<div class=\"elementor-column elementor-col-50 elementor-inner-column elementor-element elementor-element-e0d9c13\" data-id=\"e0d9c13\" data-element_type=\"column\">\n\t\t\t<div class=\"elementor-widget-wrap elementor-element-populated\">\n\t\t\t\t\t\t\t\t<div class=\"elementor-element elementor-element-88be8a4 elementor-widget elementor-widget-image\" data-id=\"88be8a4\" data-element_type=\"widget\" data-widget_type=\"image.default\">\n\t\t\t\t<div class=\"elementor-widget-container\">\n\t\t\t\t\t\t\t\t\t\t\t\t<figure class=\"wp-caption\">\n\t\t\t\t\t\t\t\t\t\t\t<a href=\"https:\/\/dlb-aoer.de\/dreieich\/wp-content\/uploads\/sites\/4\/2021\/03\/G1-vorher-2018.jpg\" data-elementor-open-lightbox=\"yes\" data-elementor-lightbox-title=\"G1-Hainer Weg: Vorher 2018\" data-e-action-hash=\"#elementor-action%3Aaction%3Dlightbox%26settings%3DeyJpZCI6MTY4OSwidXJsIjoiaHR0cHM6XC9cL2RsYi1hb2VyLmRlXC9kcmVpZWljaFwvd3AtY29udGVudFwvdXBsb2Fkc1wvc2l0ZXNcLzRcLzIwMjFcLzAzXC9HMS12b3JoZXItMjAxOC5qcGcifQ%3D%3D\">\n\t\t\t\t\t\t\t<img loading=\"lazy\" decoding=\"async\" width=\"591\" height=\"591\" src=\"https:\/\/dlb-aoer.de\/dreieich\/wp-content\/uploads\/sites\/4\/2021\/03\/G1-vorher-2018.jpg\" class=\"attachment-large size-large wp-image-1689\" alt=\"\" srcset=\"https:\/\/dlb-aoer.de\/dreieich\/wp-content\/uploads\/sites\/4\/2021\/03\/G1-vorher-2018.jpg 591w, https:\/\/dlb-aoer.de\/dreieich\/wp-content\/uploads\/sites\/4\/2021\/03\/G1-vorher-2018-300x300.jpg 300w, https:\/\/dlb-aoer.de\/dreieich\/wp-content\/uploads\/sites\/4\/2021\/03\/G1-vorher-2018-150x150.jpg 150w, https:\/\/dlb-aoer.de\/dreieich\/wp-content\/uploads\/sites\/4\/2021\/03\/G1-vorher-2018-230x230.jpg 230w, https:\/\/dlb-aoer.de\/dreieich\/wp-content\/uploads\/sites\/4\/2021\/03\/G1-vorher-2018-350x350.jpg 350w, https:\/\/dlb-aoer.de\/dreieich\/wp-content\/uploads\/sites\/4\/2021\/03\/G1-vorher-2018-480x480.jpg 480w\" sizes=\"auto, (max-width: 591px) 100vw, 591px\" \/>\t\t\t\t\t\t\t\t<\/a>\n\t\t\t\t\t\t\t\t\t\t\t<figcaption class=\"widget-image-caption wp-caption-text\">Vorher<\/figcaption>\n\t\t\t\t\t\t\t\t\t\t<\/figure>\n\t\t\t\t\t\t\t\t\t<\/div>\n\t\t\t\t<\/div>\n\t\t\t\t\t<\/div>\n\t\t<\/div>\n\t\t\t\t<div class=\"elementor-column elementor-col-50 elementor-inner-column elementor-element elementor-element-4bba562\" data-id=\"4bba562\" data-element_type=\"column\">\n\t\t\t<div class=\"elementor-widget-wrap elementor-element-populated\">\n\t\t\t\t\t\t\t\t<div class=\"elementor-element elementor-element-84ae4ad elementor-widget elementor-widget-image\" data-id=\"84ae4ad\" data-element_type=\"widget\" data-widget_type=\"image.default\">\n\t\t\t\t<div class=\"elementor-widget-container\">\n\t\t\t\t\t\t\t\t\t\t\t\t<figure class=\"wp-caption\">\n\t\t\t\t\t\t\t\t\t\t\t<a href=\"https:\/\/dlb-aoer.de\/dreieich\/wp-content\/uploads\/sites\/4\/2022\/02\/G1-Hainer-Weg-Nachher.jpg\" data-elementor-open-lightbox=\"yes\" data-elementor-lightbox-title=\"G1 Hainer Weg Nachher\" data-e-action-hash=\"#elementor-action%3Aaction%3Dlightbox%26settings%3DeyJpZCI6MjMxOSwidXJsIjoiaHR0cHM6XC9cL2RsYi1hb2VyLmRlXC9kcmVpZWljaFwvd3AtY29udGVudFwvdXBsb2Fkc1wvc2l0ZXNcLzRcLzIwMjJcLzAyXC9HMS1IYWluZXItV2VnLU5hY2hoZXIuanBnIn0%3D\">\n\t\t\t\t\t\t\t<img loading=\"lazy\" decoding=\"async\" width=\"1024\" height=\"1024\" src=\"https:\/\/dlb-aoer.de\/dreieich\/wp-content\/uploads\/sites\/4\/2022\/02\/G1-Hainer-Weg-Nachher-1024x1024.jpg\" class=\"attachment-large size-large wp-image-2319\" alt=\"neu geschaffener Pflanzstreifen am Stra\u00dfenrand. \u00dcppig bewachsen mit verschiedenen Stauden und Gr\u00e4sern. Die Stauden bl\u00fchen in Lila, Violett, wei\u00df und rosa. Der Bewuchs ist teilweise \u00fcber einen Meter hoch.\" srcset=\"https:\/\/dlb-aoer.de\/dreieich\/wp-content\/uploads\/sites\/4\/2022\/02\/G1-Hainer-Weg-Nachher-1024x1024.jpg 1024w, https:\/\/dlb-aoer.de\/dreieich\/wp-content\/uploads\/sites\/4\/2022\/02\/G1-Hainer-Weg-Nachher-300x300.jpg 300w, https:\/\/dlb-aoer.de\/dreieich\/wp-content\/uploads\/sites\/4\/2022\/02\/G1-Hainer-Weg-Nachher-150x150.jpg 150w, https:\/\/dlb-aoer.de\/dreieich\/wp-content\/uploads\/sites\/4\/2022\/02\/G1-Hainer-Weg-Nachher-768x768.jpg 768w, https:\/\/dlb-aoer.de\/dreieich\/wp-content\/uploads\/sites\/4\/2022\/02\/G1-Hainer-Weg-Nachher-830x830.jpg 830w, https:\/\/dlb-aoer.de\/dreieich\/wp-content\/uploads\/sites\/4\/2022\/02\/G1-Hainer-Weg-Nachher-230x230.jpg 230w, https:\/\/dlb-aoer.de\/dreieich\/wp-content\/uploads\/sites\/4\/2022\/02\/G1-Hainer-Weg-Nachher-350x350.jpg 350w, https:\/\/dlb-aoer.de\/dreieich\/wp-content\/uploads\/sites\/4\/2022\/02\/G1-Hainer-Weg-Nachher-480x480.jpg 480w, https:\/\/dlb-aoer.de\/dreieich\/wp-content\/uploads\/sites\/4\/2022\/02\/G1-Hainer-Weg-Nachher.jpg 1200w\" sizes=\"auto, (max-width: 1024px) 100vw, 1024px\" \/>\t\t\t\t\t\t\t\t<\/a>\n\t\t\t\t\t\t\t\t\t\t\t<figcaption class=\"widget-image-caption wp-caption-text\">Nachher<\/figcaption>\n\t\t\t\t\t\t\t\t\t\t<\/figure>\n\t\t\t\t\t\t\t\t\t<\/div>\n\t\t\t\t<\/div>\n\t\t\t\t\t<\/div>\n\t\t<\/div>\n\t\t\t\t\t\t\t<\/div>\n\t\t<\/section>\n\t\t\t\t<div class=\"elementor-element elementor-element-d861cb5 elementor-widget elementor-widget-text-editor\" data-id=\"d861cb5\" data-element_type=\"widget\" data-widget_type=\"text-editor.default\">\n\t\t\t\t<div class=\"elementor-widget-container\">\n\t\t\t\t\t\t\t<p><span style=\"text-decoration: underline;\"><strong>Neu angelegt in: <\/strong><\/span>2019<\/p><p><strong><span style=\"text-decoration: underline;\">Funktion:<\/span>\u00a0<\/strong>Gro\u00dffl\u00e4chige Entsiegelungsma\u00dfnahme mit Staudenmischpflanzung als Nahrungsquelle f\u00fcr Insekten.<\/p><p><span style=\"text-decoration: underline;\"><strong>Standortbedingungen:<\/strong><\/span><\/p><ul><li>m\u00e4\u00dfig trocken, gut durchl\u00e4ssig<\/li><li>sonnig<\/li><li>gen\u00fcgend Lehmgehalt<\/li><\/ul><p><strong><span style=\"text-decoration: underline;\">Pflanzliste verwendeter Pflanzen:<\/span><\/strong> \u00dcbersicht als <a href=\"https:\/\/dlb-aoer.de\/dreieich\/wp-content\/uploads\/sites\/4\/2021\/05\/G1-Hainer-Weg.pdf\">PDF-Datei<\/a>.<\/p>\t\t\t\t\t\t<\/div>\n\t\t\t\t<\/div>\n\t\t\t\t\t<\/div>\n\t\t<\/div>\n\t\t\t\t\t\t\t<\/div>\n\t\t<\/section>\n\t\t\t\t\t\t\t<\/div>\n\t\t","protected":false},"excerpt":{"rendered":"<p>Gr\u00fcnfl\u00e4chen mit dem Label Natur Pur k\u00f6nnen hier eingesehen werden.<\/p>\n","protected":false},"author":2,"featured_media":1348,"parent":270,"menu_order":22,"comment_status":"closed","ping_status":"closed","template":"","meta":{"inline_featured_image":false,"footnotes":"","_links_to":"","_links_to_target":""},"class_list":["post-1556","page","type-page","status-publish","has-post-thumbnail","hentry"],"yoast_head":"<!-- This site is optimized with the Yoast SEO plugin v21.6 - https:\/\/yoast.com\/wordpress\/plugins\/seo\/ -->\n<title>G\u00f6tzenhain \u2013 G1-Hainer Weg - DLB Dreieich<\/title>\n<meta name=\"robots\" content=\"index, follow, max-snippet:-1, max-image-preview:large, max-video-preview:-1\" \/>\n<link rel=\"canonical\" href=\"https:\/\/dlb-aoer.de\/dreieich\/gruen-spiel-sport\/gruenflachen\/g1-hainer-weg\/\" \/>\n<meta property=\"og:locale\" content=\"de_DE\" \/>\n<meta property=\"og:type\" content=\"article\" \/>\n<meta property=\"og:title\" content=\"G\u00f6tzenhain \u2013 G1-Hainer Weg - DLB Dreieich\" \/>\n<meta property=\"og:description\" content=\"Gr\u00fcnfl\u00e4chen mit dem Label Natur Pur k\u00f6nnen hier eingesehen werden.\" \/>\n<meta property=\"og:url\" content=\"https:\/\/dlb-aoer.de\/dreieich\/gruen-spiel-sport\/gruenflachen\/g1-hainer-weg\/\" \/>\n<meta property=\"og:site_name\" content=\"DLB Dreieich\" \/>\n<meta property=\"article:modified_time\" content=\"2022-02-04T06:55:57+00:00\" \/>\n<meta property=\"og:image\" content=\"https:\/\/dlb-aoer.de\/dreieich\/wp-content\/uploads\/sites\/4\/2020\/12\/4Stauden-Kurt-Schumacher-Stra\u00dfe-e1608715088924.jpg\" \/>\n\t<meta property=\"og:image:width\" content=\"1217\" \/>\n\t<meta property=\"og:image:height\" content=\"1090\" \/>\n\t<meta property=\"og:image:type\" content=\"image\/jpeg\" \/>\n<meta name=\"twitter:card\" content=\"summary_large_image\" \/>\n<script type=\"application\/ld+json\" class=\"yoast-schema-graph\">{\"@context\":\"https:\/\/schema.org\",\"@graph\":[{\"@type\":\"WebPage\",\"@id\":\"https:\/\/dlb-aoer.de\/dreieich\/gruen-spiel-sport\/gruenflachen\/g1-hainer-weg\/\",\"url\":\"https:\/\/dlb-aoer.de\/dreieich\/gruen-spiel-sport\/gruenflachen\/g1-hainer-weg\/\",\"name\":\"G\u00f6tzenhain \u2013 G1-Hainer Weg - DLB Dreieich\",\"isPartOf\":{\"@id\":\"https:\/\/dlb-aoer.de\/dreieich\/#website\"},\"datePublished\":\"2021-03-01T08:43:29+00:00\",\"dateModified\":\"2022-02-04T06:55:57+00:00\",\"breadcrumb\":{\"@id\":\"https:\/\/dlb-aoer.de\/dreieich\/gruen-spiel-sport\/gruenflachen\/g1-hainer-weg\/#breadcrumb\"},\"inLanguage\":\"de\",\"potentialAction\":[{\"@type\":\"ReadAction\",\"target\":[\"https:\/\/dlb-aoer.de\/dreieich\/gruen-spiel-sport\/gruenflachen\/g1-hainer-weg\/\"]}]},{\"@type\":\"BreadcrumbList\",\"@id\":\"https:\/\/dlb-aoer.de\/dreieich\/gruen-spiel-sport\/gruenflachen\/g1-hainer-weg\/#breadcrumb\",\"itemListElement\":[{\"@type\":\"ListItem\",\"position\":1,\"name\":\"Startseite\",\"item\":\"https:\/\/dlb-aoer.de\/dreieich\/\"},{\"@type\":\"ListItem\",\"position\":2,\"name\":\"Gr\u00fcn\/Spiel\/Sport\",\"item\":\"https:\/\/dlb-aoer.de\/dreieich\/gruen-spiel-sport\/\"},{\"@type\":\"ListItem\",\"position\":3,\"name\":\"Gr\u00fcnfl\u00e4chen\",\"item\":\"https:\/\/dlb-aoer.de\/dreieich\/gruen-spiel-sport\/gruenflachen\/\"},{\"@type\":\"ListItem\",\"position\":4,\"name\":\"G\u00f6tzenhain \u2013 G1-Hainer Weg\"}]},{\"@type\":\"WebSite\",\"@id\":\"https:\/\/dlb-aoer.de\/dreieich\/#website\",\"url\":\"https:\/\/dlb-aoer.de\/dreieich\/\",\"name\":\"DLB Dreieich\",\"description\":\"\",\"publisher\":{\"@id\":\"https:\/\/dlb-aoer.de\/dreieich\/#organization\"},\"potentialAction\":[{\"@type\":\"SearchAction\",\"target\":{\"@type\":\"EntryPoint\",\"urlTemplate\":\"https:\/\/dlb-aoer.de\/dreieich\/?s={search_term_string}\"},\"query-input\":\"required name=search_term_string\"}],\"inLanguage\":\"de\"},{\"@type\":\"Organization\",\"@id\":\"https:\/\/dlb-aoer.de\/dreieich\/#organization\",\"name\":\"Dienstleistungsbetrieb Dreieich und Neu-Isenburg A\u00f6R\",\"url\":\"https:\/\/dlb-aoer.de\/dreieich\/\",\"logo\":{\"@type\":\"ImageObject\",\"inLanguage\":\"de\",\"@id\":\"https:\/\/dlb-aoer.de\/dreieich\/#\/schema\/logo\/image\/\",\"url\":\"https:\/\/dlb-aoer.de\/dreieich\/wp-content\/uploads\/sites\/4\/2019\/10\/DLB_Logo_orange.svg\",\"contentUrl\":\"https:\/\/dlb-aoer.de\/dreieich\/wp-content\/uploads\/sites\/4\/2019\/10\/DLB_Logo_orange.svg\",\"width\":1,\"height\":1,\"caption\":\"Dienstleistungsbetrieb Dreieich und Neu-Isenburg A\u00f6R\"},\"image\":{\"@id\":\"https:\/\/dlb-aoer.de\/dreieich\/#\/schema\/logo\/image\/\"}}]}<\/script>\n<!-- \/ Yoast SEO plugin. -->","yoast_head_json":{"title":"G\u00f6tzenhain \u2013 G1-Hainer Weg - DLB Dreieich","robots":{"index":"index","follow":"follow","max-snippet":"max-snippet:-1","max-image-preview":"max-image-preview:large","max-video-preview":"max-video-preview:-1"},"canonical":"https:\/\/dlb-aoer.de\/dreieich\/gruen-spiel-sport\/gruenflachen\/g1-hainer-weg\/","og_locale":"de_DE","og_type":"article","og_title":"G\u00f6tzenhain \u2013 G1-Hainer Weg - DLB Dreieich","og_description":"Gr\u00fcnfl\u00e4chen mit dem Label Natur Pur k\u00f6nnen hier eingesehen werden.","og_url":"https:\/\/dlb-aoer.de\/dreieich\/gruen-spiel-sport\/gruenflachen\/g1-hainer-weg\/","og_site_name":"DLB Dreieich","article_modified_time":"2022-02-04T06:55:57+00:00","og_image":[{"width":1217,"height":1090,"url":"https:\/\/dlb-aoer.de\/dreieich\/wp-content\/uploads\/sites\/4\/2020\/12\/4Stauden-Kurt-Schumacher-Stra\u00dfe-e1608715088924.jpg","type":"image\/jpeg"}],"twitter_card":"summary_large_image","schema":{"@context":"https:\/\/schema.org","@graph":[{"@type":"WebPage","@id":"https:\/\/dlb-aoer.de\/dreieich\/gruen-spiel-sport\/gruenflachen\/g1-hainer-weg\/","url":"https:\/\/dlb-aoer.de\/dreieich\/gruen-spiel-sport\/gruenflachen\/g1-hainer-weg\/","name":"G\u00f6tzenhain \u2013 G1-Hainer Weg - DLB Dreieich","isPartOf":{"@id":"https:\/\/dlb-aoer.de\/dreieich\/#website"},"datePublished":"2021-03-01T08:43:29+00:00","dateModified":"2022-02-04T06:55:57+00:00","breadcrumb":{"@id":"https:\/\/dlb-aoer.de\/dreieich\/gruen-spiel-sport\/gruenflachen\/g1-hainer-weg\/#breadcrumb"},"inLanguage":"de","potentialAction":[{"@type":"ReadAction","target":["https:\/\/dlb-aoer.de\/dreieich\/gruen-spiel-sport\/gruenflachen\/g1-hainer-weg\/"]}]},{"@type":"BreadcrumbList","@id":"https:\/\/dlb-aoer.de\/dreieich\/gruen-spiel-sport\/gruenflachen\/g1-hainer-weg\/#breadcrumb","itemListElement":[{"@type":"ListItem","position":1,"name":"Startseite","item":"https:\/\/dlb-aoer.de\/dreieich\/"},{"@type":"ListItem","position":2,"name":"Gr\u00fcn\/Spiel\/Sport","item":"https:\/\/dlb-aoer.de\/dreieich\/gruen-spiel-sport\/"},{"@type":"ListItem","position":3,"name":"Gr\u00fcnfl\u00e4chen","item":"https:\/\/dlb-aoer.de\/dreieich\/gruen-spiel-sport\/gruenflachen\/"},{"@type":"ListItem","position":4,"name":"G\u00f6tzenhain \u2013 G1-Hainer Weg"}]},{"@type":"WebSite","@id":"https:\/\/dlb-aoer.de\/dreieich\/#website","url":"https:\/\/dlb-aoer.de\/dreieich\/","name":"DLB Dreieich","description":"","publisher":{"@id":"https:\/\/dlb-aoer.de\/dreieich\/#organization"},"potentialAction":[{"@type":"SearchAction","target":{"@type":"EntryPoint","urlTemplate":"https:\/\/dlb-aoer.de\/dreieich\/?s={search_term_string}"},"query-input":"required name=search_term_string"}],"inLanguage":"de"},{"@type":"Organization","@id":"https:\/\/dlb-aoer.de\/dreieich\/#organization","name":"Dienstleistungsbetrieb Dreieich und Neu-Isenburg A\u00f6R","url":"https:\/\/dlb-aoer.de\/dreieich\/","logo":{"@type":"ImageObject","inLanguage":"de","@id":"https:\/\/dlb-aoer.de\/dreieich\/#\/schema\/logo\/image\/","url":"https:\/\/dlb-aoer.de\/dreieich\/wp-content\/uploads\/sites\/4\/2019\/10\/DLB_Logo_orange.svg","contentUrl":"https:\/\/dlb-aoer.de\/dreieich\/wp-content\/uploads\/sites\/4\/2019\/10\/DLB_Logo_orange.svg","width":1,"height":1,"caption":"Dienstleistungsbetrieb Dreieich und Neu-Isenburg A\u00f6R"},"image":{"@id":"https:\/\/dlb-aoer.de\/dreieich\/#\/schema\/logo\/image\/"}}]}},"_links":{"self":[{"href":"https:\/\/dlb-aoer.de\/dreieich\/wp-json\/wp\/v2\/pages\/1556","targetHints":{"allow":["GET"]}}],"collection":[{"href":"https:\/\/dlb-aoer.de\/dreieich\/wp-json\/wp\/v2\/pages"}],"about":[{"href":"https:\/\/dlb-aoer.de\/dreieich\/wp-json\/wp\/v2\/types\/page"}],"author":[{"embeddable":true,"href":"https:\/\/dlb-aoer.de\/dreieich\/wp-json\/wp\/v2\/users\/2"}],"replies":[{"embeddable":true,"href":"https:\/\/dlb-aoer.de\/dreieich\/wp-json\/wp\/v2\/comments?post=1556"}],"version-history":[{"count":11,"href":"https:\/\/dlb-aoer.de\/dreieich\/wp-json\/wp\/v2\/pages\/1556\/revisions"}],"predecessor-version":[{"id":2322,"href":"https:\/\/dlb-aoer.de\/dreieich\/wp-json\/wp\/v2\/pages\/1556\/revisions\/2322"}],"up":[{"embeddable":true,"href":"https:\/\/dlb-aoer.de\/dreieich\/wp-json\/wp\/v2\/pages\/270"}],"wp:featuredmedia":[{"embeddable":true,"href":"https:\/\/dlb-aoer.de\/dreieich\/wp-json\/wp\/v2\/media\/1348"}],"wp:attachment":[{"href":"https:\/\/dlb-aoer.de\/dreieich\/wp-json\/wp\/v2\/media?parent=1556"}],"curies":[{"name":"wp","href":"https:\/\/api.w.org\/{rel}","templated":true}]}}