{"id":1554,"date":"2021-03-01T09:42:59","date_gmt":"2021-03-01T08:42:59","guid":{"rendered":"https:\/\/dlb-aoer.de\/dreieich\/?page_id=1554"},"modified":"2021-06-29T10:22:00","modified_gmt":"2021-06-29T08:22:00","slug":"d3-am-friedhof","status":"publish","type":"page","link":"https:\/\/dlb-aoer.de\/dreieich\/gruen-spiel-sport\/gruenflachen\/d3-am-friedhof\/","title":{"rendered":"Dreieichenhain &#8211; D3-Am Friedhof"},"content":{"rendered":"\t\t<div data-elementor-type=\"wp-post\" data-elementor-id=\"1554\" class=\"elementor elementor-1554\">\n\t\t\t\t\t\t\t\t\t<section class=\"elementor-section elementor-top-section elementor-element elementor-element-2e905c8 elementor-section-boxed elementor-section-height-default elementor-section-height-default\" data-id=\"2e905c8\" data-element_type=\"section\">\n\t\t\t\t\t\t<div class=\"elementor-container elementor-column-gap-default\">\n\t\t\t\t\t<div class=\"elementor-column elementor-col-100 elementor-top-column elementor-element elementor-element-33b2c77\" data-id=\"33b2c77\" data-element_type=\"column\">\n\t\t\t<div class=\"elementor-widget-wrap elementor-element-populated\">\n\t\t\t\t\t\t\t\t<section class=\"elementor-section elementor-inner-section elementor-element elementor-element-4b838ba elementor-section-boxed elementor-section-height-default elementor-section-height-default\" data-id=\"4b838ba\" data-element_type=\"section\">\n\t\t\t\t\t\t<div class=\"elementor-container elementor-column-gap-default\">\n\t\t\t\t\t<div class=\"elementor-column elementor-col-50 elementor-inner-column elementor-element elementor-element-d41ac2b\" data-id=\"d41ac2b\" data-element_type=\"column\">\n\t\t\t<div class=\"elementor-widget-wrap elementor-element-populated\">\n\t\t\t\t\t\t\t\t<div class=\"elementor-element elementor-element-5b82013 elementor-widget elementor-widget-image\" data-id=\"5b82013\" data-element_type=\"widget\" data-widget_type=\"image.default\">\n\t\t\t\t<div class=\"elementor-widget-container\">\n\t\t\t\t\t\t\t\t\t\t\t\t<figure class=\"wp-caption\">\n\t\t\t\t\t\t\t\t\t\t\t<a href=\"https:\/\/dlb-aoer.de\/dreieich\/wp-content\/uploads\/sites\/4\/2021\/03\/D3-Vorher-2015.jpg\" data-elementor-open-lightbox=\"yes\" data-elementor-lightbox-title=\"D3-Am Friedhof: Vorher\" data-e-action-hash=\"#elementor-action%3Aaction%3Dlightbox%26settings%3DeyJpZCI6MTYzNywidXJsIjoiaHR0cHM6XC9cL2RsYi1hb2VyLmRlXC9kcmVpZWljaFwvd3AtY29udGVudFwvdXBsb2Fkc1wvc2l0ZXNcLzRcLzIwMjFcLzAzXC9EMy1Wb3JoZXItMjAxNS5qcGcifQ%3D%3D\">\n\t\t\t\t\t\t\t<img loading=\"lazy\" decoding=\"async\" width=\"591\" height=\"591\" src=\"https:\/\/dlb-aoer.de\/dreieich\/wp-content\/uploads\/sites\/4\/2021\/03\/D3-Vorher-2015.jpg\" class=\"attachment-large size-large wp-image-1637\" alt=\"\" srcset=\"https:\/\/dlb-aoer.de\/dreieich\/wp-content\/uploads\/sites\/4\/2021\/03\/D3-Vorher-2015.jpg 591w, https:\/\/dlb-aoer.de\/dreieich\/wp-content\/uploads\/sites\/4\/2021\/03\/D3-Vorher-2015-300x300.jpg 300w, https:\/\/dlb-aoer.de\/dreieich\/wp-content\/uploads\/sites\/4\/2021\/03\/D3-Vorher-2015-150x150.jpg 150w, https:\/\/dlb-aoer.de\/dreieich\/wp-content\/uploads\/sites\/4\/2021\/03\/D3-Vorher-2015-230x230.jpg 230w, https:\/\/dlb-aoer.de\/dreieich\/wp-content\/uploads\/sites\/4\/2021\/03\/D3-Vorher-2015-350x350.jpg 350w, https:\/\/dlb-aoer.de\/dreieich\/wp-content\/uploads\/sites\/4\/2021\/03\/D3-Vorher-2015-480x480.jpg 480w\" sizes=\"auto, (max-width: 591px) 100vw, 591px\" \/>\t\t\t\t\t\t\t\t<\/a>\n\t\t\t\t\t\t\t\t\t\t\t<figcaption class=\"widget-image-caption wp-caption-text\">Vorher<\/figcaption>\n\t\t\t\t\t\t\t\t\t\t<\/figure>\n\t\t\t\t\t\t\t\t\t<\/div>\n\t\t\t\t<\/div>\n\t\t\t\t\t<\/div>\n\t\t<\/div>\n\t\t\t\t<div class=\"elementor-column elementor-col-50 elementor-inner-column elementor-element elementor-element-e094637\" data-id=\"e094637\" data-element_type=\"column\">\n\t\t\t<div class=\"elementor-widget-wrap elementor-element-populated\">\n\t\t\t\t\t\t\t\t<div class=\"elementor-element elementor-element-2a3571d elementor-widget elementor-widget-image\" data-id=\"2a3571d\" data-element_type=\"widget\" data-widget_type=\"image.default\">\n\t\t\t\t<div class=\"elementor-widget-container\">\n\t\t\t\t\t\t\t\t\t\t\t\t<figure class=\"wp-caption\">\n\t\t\t\t\t\t\t\t\t\t\t<a href=\"https:\/\/dlb-aoer.de\/dreieich\/wp-content\/uploads\/sites\/4\/2021\/06\/D3-Friedhof-nachher.jpg\" data-elementor-open-lightbox=\"yes\" data-elementor-lightbox-title=\"D3 Friedhof: Nachher\" data-e-action-hash=\"#elementor-action%3Aaction%3Dlightbox%26settings%3DeyJpZCI6MjEyMCwidXJsIjoiaHR0cHM6XC9cL2RsYi1hb2VyLmRlXC9kcmVpZWljaFwvd3AtY29udGVudFwvdXBsb2Fkc1wvc2l0ZXNcLzRcLzIwMjFcLzA2XC9EMy1GcmllZGhvZi1uYWNoaGVyLmpwZyJ9\">\n\t\t\t\t\t\t\t<img loading=\"lazy\" decoding=\"async\" width=\"591\" height=\"591\" src=\"https:\/\/dlb-aoer.de\/dreieich\/wp-content\/uploads\/sites\/4\/2021\/06\/D3-Friedhof-nachher.jpg\" class=\"attachment-large size-large wp-image-2120\" alt=\"Staudenbeet vor einem flachen wei\u00dfen Haus mit Torbogen. Die Pflanzung ist noch jung und klein.\" srcset=\"https:\/\/dlb-aoer.de\/dreieich\/wp-content\/uploads\/sites\/4\/2021\/06\/D3-Friedhof-nachher.jpg 591w, https:\/\/dlb-aoer.de\/dreieich\/wp-content\/uploads\/sites\/4\/2021\/06\/D3-Friedhof-nachher-300x300.jpg 300w, https:\/\/dlb-aoer.de\/dreieich\/wp-content\/uploads\/sites\/4\/2021\/06\/D3-Friedhof-nachher-150x150.jpg 150w, https:\/\/dlb-aoer.de\/dreieich\/wp-content\/uploads\/sites\/4\/2021\/06\/D3-Friedhof-nachher-230x230.jpg 230w, https:\/\/dlb-aoer.de\/dreieich\/wp-content\/uploads\/sites\/4\/2021\/06\/D3-Friedhof-nachher-350x350.jpg 350w, https:\/\/dlb-aoer.de\/dreieich\/wp-content\/uploads\/sites\/4\/2021\/06\/D3-Friedhof-nachher-480x480.jpg 480w\" sizes=\"auto, (max-width: 591px) 100vw, 591px\" \/>\t\t\t\t\t\t\t\t<\/a>\n\t\t\t\t\t\t\t\t\t\t\t<figcaption class=\"widget-image-caption wp-caption-text\">Nachher<\/figcaption>\n\t\t\t\t\t\t\t\t\t\t<\/figure>\n\t\t\t\t\t\t\t\t\t<\/div>\n\t\t\t\t<\/div>\n\t\t\t\t\t<\/div>\n\t\t<\/div>\n\t\t\t\t\t\t\t<\/div>\n\t\t<\/section>\n\t\t\t\t<div class=\"elementor-element elementor-element-80972fe elementor-widget elementor-widget-text-editor\" data-id=\"80972fe\" data-element_type=\"widget\" data-widget_type=\"text-editor.default\">\n\t\t\t\t<div class=\"elementor-widget-container\">\n\t\t\t\t\t\t\t<p><span style=\"text-decoration: underline;\"><strong>Neu angelegt in<\/strong>:<\/span> 2015<\/p><p><strong><span style=\"text-decoration: underline;\">Funktion:<\/span>\u00a0<\/strong>Rasenfl\u00e4che, die zum Parken zweckentfremdet wurde gemeinsam mit dem Bienenzuchtverein in insektenfreundliche Staudenmischpflanzung umwandeln.<\/p><p><span style=\"text-decoration: underline;\"><strong>Standortbedingungen:<\/strong><\/span><\/p><ul><li>m\u00e4\u00dfig trocken<\/li><li>halbschattig bis sonnig<\/li><li>Unterpflanzung von B\u00e4umen<\/li><\/ul><p><span style=\"text-decoration: underline;\"><strong>Pflanzliste verwendeter Pflanzen:<\/strong><\/span> \u00dcbersicht als <a href=\"https:\/\/dlb-aoer.de\/dreieich\/wp-content\/uploads\/sites\/4\/2021\/06\/D3-Am-Friedhof.pdf\">PDF-Datei<\/a>.<\/p><p><strong><span style=\"text-decoration: underline;\">Weitergehende Infos<\/span>: <\/strong>In 2003 wurde die Fl\u00e4che f\u00fcr ein tempor\u00e4res Kunstobjekt verwendet. Nach dem R\u00fcckbau wurde die Fl\u00e4che als Rasen, bzw. als Parkplatzfl\u00e4che genutzt.<strong>\u00a0<\/strong><\/p>\t\t\t\t\t\t<\/div>\n\t\t\t\t<\/div>\n\t\t\t\t<div class=\"elementor-element elementor-element-172ca01 elementor-widget elementor-widget-image\" data-id=\"172ca01\" data-element_type=\"widget\" data-widget_type=\"image.default\">\n\t\t\t\t<div class=\"elementor-widget-container\">\n\t\t\t\t\t\t\t\t\t\t\t\t<figure class=\"wp-caption\">\n\t\t\t\t\t\t\t\t\t\t<img loading=\"lazy\" decoding=\"async\" width=\"300\" height=\"300\" src=\"https:\/\/dlb-aoer.de\/dreieich\/wp-content\/uploads\/sites\/4\/2021\/03\/D3-2003-Kunst_Waldfriedhof-1-300x300.jpg\" class=\"attachment-medium size-medium wp-image-1641\" alt=\"\" srcset=\"https:\/\/dlb-aoer.de\/dreieich\/wp-content\/uploads\/sites\/4\/2021\/03\/D3-2003-Kunst_Waldfriedhof-1-300x300.jpg 300w, https:\/\/dlb-aoer.de\/dreieich\/wp-content\/uploads\/sites\/4\/2021\/03\/D3-2003-Kunst_Waldfriedhof-1-150x150.jpg 150w, https:\/\/dlb-aoer.de\/dreieich\/wp-content\/uploads\/sites\/4\/2021\/03\/D3-2003-Kunst_Waldfriedhof-1-230x230.jpg 230w, https:\/\/dlb-aoer.de\/dreieich\/wp-content\/uploads\/sites\/4\/2021\/03\/D3-2003-Kunst_Waldfriedhof-1-350x350.jpg 350w, https:\/\/dlb-aoer.de\/dreieich\/wp-content\/uploads\/sites\/4\/2021\/03\/D3-2003-Kunst_Waldfriedhof-1-480x480.jpg 480w, https:\/\/dlb-aoer.de\/dreieich\/wp-content\/uploads\/sites\/4\/2021\/03\/D3-2003-Kunst_Waldfriedhof-1.jpg 591w\" sizes=\"auto, (max-width: 300px) 100vw, 300px\" \/>\t\t\t\t\t\t\t\t\t\t\t<figcaption class=\"widget-image-caption wp-caption-text\">Kunstobjekt<\/figcaption>\n\t\t\t\t\t\t\t\t\t\t<\/figure>\n\t\t\t\t\t\t\t\t\t<\/div>\n\t\t\t\t<\/div>\n\t\t\t\t<div class=\"elementor-element elementor-element-1bd4e92 elementor-widget elementor-widget-text-editor\" data-id=\"1bd4e92\" data-element_type=\"widget\" data-widget_type=\"text-editor.default\">\n\t\t\t\t<div class=\"elementor-widget-container\">\n\t\t\t\t\t\t\t<p>Die Pflanzung der Staudenmischung fand in 2015 als gemeinsame Aktion mit dem DLB und dem Dreieicher Bienenzuchtverein statt.<\/p><p><span style=\"text-decoration: underline;\"><strong>Weitere Informationen:<\/strong><\/span><\/p><p><a href=\"https:\/\/dlb-aoer.de\/dreieich\/wp-content\/uploads\/sites\/4\/2021\/04\/D3-Pressemitteilung-20151111.pdf\">Pressemitteilung DLB 11.11.2015<\/a><\/p>\t\t\t\t\t\t<\/div>\n\t\t\t\t<\/div>\n\t\t\t\t\t<\/div>\n\t\t<\/div>\n\t\t\t\t\t\t\t<\/div>\n\t\t<\/section>\n\t\t\t\t\t\t\t<\/div>\n\t\t","protected":false},"excerpt":{"rendered":"<p>Gr\u00fcnfl\u00e4chen mit dem Label Natur Pur k\u00f6nnen hier eingesehen werden.<\/p>\n","protected":false},"author":2,"featured_media":1348,"parent":270,"menu_order":21,"comment_status":"closed","ping_status":"closed","template":"","meta":{"inline_featured_image":false,"footnotes":"","_links_to":"","_links_to_target":""},"class_list":["post-1554","page","type-page","status-publish","has-post-thumbnail","hentry"],"yoast_head":"<!-- This site is optimized with the Yoast SEO plugin v21.6 - https:\/\/yoast.com\/wordpress\/plugins\/seo\/ -->\n<title>Dreieichenhain - D3-Am Friedhof - DLB Dreieich<\/title>\n<meta name=\"robots\" content=\"index, follow, max-snippet:-1, max-image-preview:large, max-video-preview:-1\" \/>\n<link rel=\"canonical\" href=\"https:\/\/dlb-aoer.de\/dreieich\/gruen-spiel-sport\/gruenflachen\/d3-am-friedhof\/\" \/>\n<meta property=\"og:locale\" content=\"de_DE\" \/>\n<meta property=\"og:type\" content=\"article\" \/>\n<meta property=\"og:title\" content=\"Dreieichenhain - D3-Am Friedhof - DLB Dreieich\" \/>\n<meta property=\"og:description\" content=\"Gr\u00fcnfl\u00e4chen mit dem Label Natur Pur k\u00f6nnen hier eingesehen werden.\" \/>\n<meta property=\"og:url\" content=\"https:\/\/dlb-aoer.de\/dreieich\/gruen-spiel-sport\/gruenflachen\/d3-am-friedhof\/\" \/>\n<meta property=\"og:site_name\" content=\"DLB Dreieich\" \/>\n<meta property=\"article:modified_time\" content=\"2021-06-29T08:22:00+00:00\" \/>\n<meta property=\"og:image\" content=\"https:\/\/dlb-aoer.de\/dreieich\/wp-content\/uploads\/sites\/4\/2020\/12\/4Stauden-Kurt-Schumacher-Stra\u00dfe-e1608715088924.jpg\" \/>\n\t<meta property=\"og:image:width\" content=\"1217\" \/>\n\t<meta property=\"og:image:height\" content=\"1090\" \/>\n\t<meta property=\"og:image:type\" content=\"image\/jpeg\" \/>\n<meta name=\"twitter:card\" content=\"summary_large_image\" \/>\n<script type=\"application\/ld+json\" class=\"yoast-schema-graph\">{\"@context\":\"https:\/\/schema.org\",\"@graph\":[{\"@type\":\"WebPage\",\"@id\":\"https:\/\/dlb-aoer.de\/dreieich\/gruen-spiel-sport\/gruenflachen\/d3-am-friedhof\/\",\"url\":\"https:\/\/dlb-aoer.de\/dreieich\/gruen-spiel-sport\/gruenflachen\/d3-am-friedhof\/\",\"name\":\"Dreieichenhain - D3-Am Friedhof - DLB Dreieich\",\"isPartOf\":{\"@id\":\"https:\/\/dlb-aoer.de\/dreieich\/#website\"},\"datePublished\":\"2021-03-01T08:42:59+00:00\",\"dateModified\":\"2021-06-29T08:22:00+00:00\",\"breadcrumb\":{\"@id\":\"https:\/\/dlb-aoer.de\/dreieich\/gruen-spiel-sport\/gruenflachen\/d3-am-friedhof\/#breadcrumb\"},\"inLanguage\":\"de\",\"potentialAction\":[{\"@type\":\"ReadAction\",\"target\":[\"https:\/\/dlb-aoer.de\/dreieich\/gruen-spiel-sport\/gruenflachen\/d3-am-friedhof\/\"]}]},{\"@type\":\"BreadcrumbList\",\"@id\":\"https:\/\/dlb-aoer.de\/dreieich\/gruen-spiel-sport\/gruenflachen\/d3-am-friedhof\/#breadcrumb\",\"itemListElement\":[{\"@type\":\"ListItem\",\"position\":1,\"name\":\"Startseite\",\"item\":\"https:\/\/dlb-aoer.de\/dreieich\/\"},{\"@type\":\"ListItem\",\"position\":2,\"name\":\"Gr\u00fcn\/Spiel\/Sport\",\"item\":\"https:\/\/dlb-aoer.de\/dreieich\/gruen-spiel-sport\/\"},{\"@type\":\"ListItem\",\"position\":3,\"name\":\"Gr\u00fcnfl\u00e4chen\",\"item\":\"https:\/\/dlb-aoer.de\/dreieich\/gruen-spiel-sport\/gruenflachen\/\"},{\"@type\":\"ListItem\",\"position\":4,\"name\":\"Dreieichenhain &#8211; D3-Am Friedhof\"}]},{\"@type\":\"WebSite\",\"@id\":\"https:\/\/dlb-aoer.de\/dreieich\/#website\",\"url\":\"https:\/\/dlb-aoer.de\/dreieich\/\",\"name\":\"DLB Dreieich\",\"description\":\"\",\"publisher\":{\"@id\":\"https:\/\/dlb-aoer.de\/dreieich\/#organization\"},\"potentialAction\":[{\"@type\":\"SearchAction\",\"target\":{\"@type\":\"EntryPoint\",\"urlTemplate\":\"https:\/\/dlb-aoer.de\/dreieich\/?s={search_term_string}\"},\"query-input\":\"required name=search_term_string\"}],\"inLanguage\":\"de\"},{\"@type\":\"Organization\",\"@id\":\"https:\/\/dlb-aoer.de\/dreieich\/#organization\",\"name\":\"Dienstleistungsbetrieb Dreieich und Neu-Isenburg A\u00f6R\",\"url\":\"https:\/\/dlb-aoer.de\/dreieich\/\",\"logo\":{\"@type\":\"ImageObject\",\"inLanguage\":\"de\",\"@id\":\"https:\/\/dlb-aoer.de\/dreieich\/#\/schema\/logo\/image\/\",\"url\":\"https:\/\/dlb-aoer.de\/dreieich\/wp-content\/uploads\/sites\/4\/2019\/10\/DLB_Logo_orange.svg\",\"contentUrl\":\"https:\/\/dlb-aoer.de\/dreieich\/wp-content\/uploads\/sites\/4\/2019\/10\/DLB_Logo_orange.svg\",\"width\":1,\"height\":1,\"caption\":\"Dienstleistungsbetrieb Dreieich und Neu-Isenburg A\u00f6R\"},\"image\":{\"@id\":\"https:\/\/dlb-aoer.de\/dreieich\/#\/schema\/logo\/image\/\"}}]}<\/script>\n<!-- \/ Yoast SEO plugin. -->","yoast_head_json":{"title":"Dreieichenhain - D3-Am Friedhof - DLB Dreieich","robots":{"index":"index","follow":"follow","max-snippet":"max-snippet:-1","max-image-preview":"max-image-preview:large","max-video-preview":"max-video-preview:-1"},"canonical":"https:\/\/dlb-aoer.de\/dreieich\/gruen-spiel-sport\/gruenflachen\/d3-am-friedhof\/","og_locale":"de_DE","og_type":"article","og_title":"Dreieichenhain - D3-Am Friedhof - DLB Dreieich","og_description":"Gr\u00fcnfl\u00e4chen mit dem Label Natur Pur k\u00f6nnen hier eingesehen werden.","og_url":"https:\/\/dlb-aoer.de\/dreieich\/gruen-spiel-sport\/gruenflachen\/d3-am-friedhof\/","og_site_name":"DLB Dreieich","article_modified_time":"2021-06-29T08:22:00+00:00","og_image":[{"width":1217,"height":1090,"url":"https:\/\/dlb-aoer.de\/dreieich\/wp-content\/uploads\/sites\/4\/2020\/12\/4Stauden-Kurt-Schumacher-Stra\u00dfe-e1608715088924.jpg","type":"image\/jpeg"}],"twitter_card":"summary_large_image","schema":{"@context":"https:\/\/schema.org","@graph":[{"@type":"WebPage","@id":"https:\/\/dlb-aoer.de\/dreieich\/gruen-spiel-sport\/gruenflachen\/d3-am-friedhof\/","url":"https:\/\/dlb-aoer.de\/dreieich\/gruen-spiel-sport\/gruenflachen\/d3-am-friedhof\/","name":"Dreieichenhain - D3-Am Friedhof - DLB Dreieich","isPartOf":{"@id":"https:\/\/dlb-aoer.de\/dreieich\/#website"},"datePublished":"2021-03-01T08:42:59+00:00","dateModified":"2021-06-29T08:22:00+00:00","breadcrumb":{"@id":"https:\/\/dlb-aoer.de\/dreieich\/gruen-spiel-sport\/gruenflachen\/d3-am-friedhof\/#breadcrumb"},"inLanguage":"de","potentialAction":[{"@type":"ReadAction","target":["https:\/\/dlb-aoer.de\/dreieich\/gruen-spiel-sport\/gruenflachen\/d3-am-friedhof\/"]}]},{"@type":"BreadcrumbList","@id":"https:\/\/dlb-aoer.de\/dreieich\/gruen-spiel-sport\/gruenflachen\/d3-am-friedhof\/#breadcrumb","itemListElement":[{"@type":"ListItem","position":1,"name":"Startseite","item":"https:\/\/dlb-aoer.de\/dreieich\/"},{"@type":"ListItem","position":2,"name":"Gr\u00fcn\/Spiel\/Sport","item":"https:\/\/dlb-aoer.de\/dreieich\/gruen-spiel-sport\/"},{"@type":"ListItem","position":3,"name":"Gr\u00fcnfl\u00e4chen","item":"https:\/\/dlb-aoer.de\/dreieich\/gruen-spiel-sport\/gruenflachen\/"},{"@type":"ListItem","position":4,"name":"Dreieichenhain &#8211; D3-Am Friedhof"}]},{"@type":"WebSite","@id":"https:\/\/dlb-aoer.de\/dreieich\/#website","url":"https:\/\/dlb-aoer.de\/dreieich\/","name":"DLB Dreieich","description":"","publisher":{"@id":"https:\/\/dlb-aoer.de\/dreieich\/#organization"},"potentialAction":[{"@type":"SearchAction","target":{"@type":"EntryPoint","urlTemplate":"https:\/\/dlb-aoer.de\/dreieich\/?s={search_term_string}"},"query-input":"required name=search_term_string"}],"inLanguage":"de"},{"@type":"Organization","@id":"https:\/\/dlb-aoer.de\/dreieich\/#organization","name":"Dienstleistungsbetrieb Dreieich und Neu-Isenburg A\u00f6R","url":"https:\/\/dlb-aoer.de\/dreieich\/","logo":{"@type":"ImageObject","inLanguage":"de","@id":"https:\/\/dlb-aoer.de\/dreieich\/#\/schema\/logo\/image\/","url":"https:\/\/dlb-aoer.de\/dreieich\/wp-content\/uploads\/sites\/4\/2019\/10\/DLB_Logo_orange.svg","contentUrl":"https:\/\/dlb-aoer.de\/dreieich\/wp-content\/uploads\/sites\/4\/2019\/10\/DLB_Logo_orange.svg","width":1,"height":1,"caption":"Dienstleistungsbetrieb Dreieich und Neu-Isenburg A\u00f6R"},"image":{"@id":"https:\/\/dlb-aoer.de\/dreieich\/#\/schema\/logo\/image\/"}}]}},"_links":{"self":[{"href":"https:\/\/dlb-aoer.de\/dreieich\/wp-json\/wp\/v2\/pages\/1554","targetHints":{"allow":["GET"]}}],"collection":[{"href":"https:\/\/dlb-aoer.de\/dreieich\/wp-json\/wp\/v2\/pages"}],"about":[{"href":"https:\/\/dlb-aoer.de\/dreieich\/wp-json\/wp\/v2\/types\/page"}],"author":[{"embeddable":true,"href":"https:\/\/dlb-aoer.de\/dreieich\/wp-json\/wp\/v2\/users\/2"}],"replies":[{"embeddable":true,"href":"https:\/\/dlb-aoer.de\/dreieich\/wp-json\/wp\/v2\/comments?post=1554"}],"version-history":[{"count":18,"href":"https:\/\/dlb-aoer.de\/dreieich\/wp-json\/wp\/v2\/pages\/1554\/revisions"}],"predecessor-version":[{"id":2143,"href":"https:\/\/dlb-aoer.de\/dreieich\/wp-json\/wp\/v2\/pages\/1554\/revisions\/2143"}],"up":[{"embeddable":true,"href":"https:\/\/dlb-aoer.de\/dreieich\/wp-json\/wp\/v2\/pages\/270"}],"wp:featuredmedia":[{"embeddable":true,"href":"https:\/\/dlb-aoer.de\/dreieich\/wp-json\/wp\/v2\/media\/1348"}],"wp:attachment":[{"href":"https:\/\/dlb-aoer.de\/dreieich\/wp-json\/wp\/v2\/media?parent=1554"}],"curies":[{"name":"wp","href":"https:\/\/api.w.org\/{rel}","templated":true}]}}