{"id":155,"date":"2019-05-12T18:07:13","date_gmt":"2019-05-12T16:07:13","guid":{"rendered":"https:\/\/www.dlb-aoer.de\/dreieich\/?page_id=155"},"modified":"2026-01-02T10:37:45","modified_gmt":"2026-01-02T09:37:45","slug":"wertstoffhof","status":"publish","type":"page","link":"https:\/\/dlb-aoer.de\/dreieich\/abfall\/wertstoffhof\/","title":{"rendered":"Wertstoffhof"},"content":{"rendered":"\t\t<div data-elementor-type=\"wp-post\" data-elementor-id=\"155\" class=\"elementor elementor-155\">\n\t\t\t\t\t\t\t\t\t<section class=\"elementor-section elementor-top-section elementor-element elementor-element-b007e27 elementor-section-stretched elementor-section-boxed elementor-section-height-default elementor-section-height-default\" data-id=\"b007e27\" data-element_type=\"section\" data-settings=\"{&quot;stretch_section&quot;:&quot;section-stretched&quot;}\">\n\t\t\t\t\t\t<div class=\"elementor-container elementor-column-gap-default\">\n\t\t\t\t\t<div class=\"elementor-column elementor-col-100 elementor-top-column elementor-element elementor-element-b227d7b\" data-id=\"b227d7b\" data-element_type=\"column\">\n\t\t\t<div class=\"elementor-widget-wrap elementor-element-populated\">\n\t\t\t\t\t\t\t\t<section class=\"elementor-section elementor-inner-section elementor-element elementor-element-6e0a9e2 border-plus-margin elementor-section-boxed elementor-section-height-default elementor-section-height-default\" data-id=\"6e0a9e2\" data-element_type=\"section\">\n\t\t\t\t\t\t<div class=\"elementor-container elementor-column-gap-default\">\n\t\t\t\t\t<div class=\"elementor-column elementor-col-50 elementor-inner-column elementor-element elementor-element-3654bb3\" data-id=\"3654bb3\" data-element_type=\"column\">\n\t\t\t<div class=\"elementor-widget-wrap elementor-element-populated\">\n\t\t\t\t\t\t\t\t<div class=\"elementor-element elementor-element-f476183 elementor-widget elementor-widget-image\" data-id=\"f476183\" data-element_type=\"widget\" data-widget_type=\"image.default\">\n\t\t\t\t<div class=\"elementor-widget-container\">\n\t\t\t\t\t\t\t\t\t\t\t\t\t\t\t<img loading=\"lazy\" decoding=\"async\" width=\"1024\" height=\"388\" src=\"https:\/\/dlb-aoer.de\/dreieich\/wp-content\/uploads\/sites\/4\/2022\/08\/Wertstoffhof-1024x388.jpg\" class=\"attachment-large size-large wp-image-2968\" alt=\"Wertstoffhof Dreieich. Gro\u00dfer Platz mit einigen gro\u00dfen orangen Containern.\" srcset=\"https:\/\/dlb-aoer.de\/dreieich\/wp-content\/uploads\/sites\/4\/2022\/08\/Wertstoffhof-1024x388.jpg 1024w, https:\/\/dlb-aoer.de\/dreieich\/wp-content\/uploads\/sites\/4\/2022\/08\/Wertstoffhof-300x114.jpg 300w, https:\/\/dlb-aoer.de\/dreieich\/wp-content\/uploads\/sites\/4\/2022\/08\/Wertstoffhof-768x291.jpg 768w, https:\/\/dlb-aoer.de\/dreieich\/wp-content\/uploads\/sites\/4\/2022\/08\/Wertstoffhof-1536x581.jpg 1536w, https:\/\/dlb-aoer.de\/dreieich\/wp-content\/uploads\/sites\/4\/2022\/08\/Wertstoffhof-2048x775.jpg 2048w, https:\/\/dlb-aoer.de\/dreieich\/wp-content\/uploads\/sites\/4\/2022\/08\/Wertstoffhof-830x314.jpg 830w, https:\/\/dlb-aoer.de\/dreieich\/wp-content\/uploads\/sites\/4\/2022\/08\/Wertstoffhof-230x87.jpg 230w, https:\/\/dlb-aoer.de\/dreieich\/wp-content\/uploads\/sites\/4\/2022\/08\/Wertstoffhof-350x132.jpg 350w, https:\/\/dlb-aoer.de\/dreieich\/wp-content\/uploads\/sites\/4\/2022\/08\/Wertstoffhof-480x182.jpg 480w\" sizes=\"auto, (max-width: 1024px) 100vw, 1024px\" \/>\t\t\t\t\t\t\t\t\t\t\t\t\t\t\t<\/div>\n\t\t\t\t<\/div>\n\t\t\t\t\t<\/div>\n\t\t<\/div>\n\t\t\t\t<div class=\"elementor-column elementor-col-50 elementor-inner-column elementor-element elementor-element-c7c2d19\" data-id=\"c7c2d19\" data-element_type=\"column\">\n\t\t\t<div class=\"elementor-widget-wrap elementor-element-populated\">\n\t\t\t\t\t\t\t\t<div class=\"elementor-element elementor-element-2b24e8b elementor-widget elementor-widget-text-editor\" data-id=\"2b24e8b\" data-element_type=\"widget\" data-widget_type=\"text-editor.default\">\n\t\t\t\t<div class=\"elementor-widget-container\">\n\t\t\t\t\t\t\t<p><strong>Adresse Wertstoffhof:<\/strong><\/p><p>Rost\u00e4dter Stra\u00dfe 15, 6303 Dreieich<\/p><p>\u00a0<\/p><p>Informationen zu <a href=\"https:\/\/dlb-aoer.de\/dreieich\/abfall\/wertstoffhof\/lagerhoefe-und-kompostplatz\/\">Kompostplatz und Lagerh\u00f6fen<\/a>.<\/p>\t\t\t\t\t\t<\/div>\n\t\t\t\t<\/div>\n\t\t\t\t\t<\/div>\n\t\t<\/div>\n\t\t\t\t\t\t\t<\/div>\n\t\t<\/section>\n\t\t\t\t<section class=\"elementor-section elementor-inner-section elementor-element elementor-element-b52b9dc border-plus-margin elementor-section-boxed elementor-section-height-default elementor-section-height-default\" data-id=\"b52b9dc\" data-element_type=\"section\">\n\t\t\t\t\t\t<div class=\"elementor-container elementor-column-gap-default\">\n\t\t\t\t\t<div class=\"elementor-column elementor-col-100 elementor-inner-column elementor-element elementor-element-4ee9910\" data-id=\"4ee9910\" data-element_type=\"column\">\n\t\t\t<div class=\"elementor-widget-wrap elementor-element-populated\">\n\t\t\t\t\t\t\t\t<div class=\"elementor-element elementor-element-9113adf elementor-widget elementor-widget-heading\" data-id=\"9113adf\" data-element_type=\"widget\" data-widget_type=\"heading.default\">\n\t\t\t\t<div class=\"elementor-widget-container\">\n\t\t\t<h2 class=\"elementor-heading-title elementor-size-default\">\u00d6ffnungszeiten<\/h2>\t\t<\/div>\n\t\t\t\t<\/div>\n\t\t\t\t<div class=\"elementor-element elementor-element-7ca4d0c elementor-widget elementor-widget-text-editor\" data-id=\"7ca4d0c\" data-element_type=\"widget\" data-widget_type=\"text-editor.default\">\n\t\t\t\t<div class=\"elementor-widget-container\">\n\t\t\t\t\t\t\t<table class=\" aligncenter\" style=\"height: 249px;\" width=\"388\"><tbody><tr><td style=\"text-align: left;\">Montag<\/td><td>11.00 Uhr \u2013 19.00 Uhr<\/td><\/tr><tr><td>Dienstag<\/td><td>08.00 Uhr \u2013 16.00Uhr<\/td><\/tr><tr><td>Mittwoch<\/td><td>geschlossen<\/td><\/tr><tr><td>Donnerstag<\/td><td>08.00 Uhr \u2013 16.00 Uhr<\/td><\/tr><tr><td>Freitag<\/td><td>08.00 Uhr \u2013 16.00 Uhr<\/td><\/tr><tr><td>Samstag<\/td><td>08.00 Uhr \u2013 14.00 Uhr<\/td><\/tr><tr><td>Sonntag<\/td><td>geschlossen<\/td><\/tr><\/tbody><\/table>\t\t\t\t\t\t<\/div>\n\t\t\t\t<\/div>\n\t\t\t\t<div class=\"elementor-element elementor-element-a53a1b7 elementor-widget elementor-widget-text-editor\" data-id=\"a53a1b7\" data-element_type=\"widget\" data-widget_type=\"text-editor.default\">\n\t\t\t\t<div class=\"elementor-widget-container\">\n\t\t\t\t\t\t\t<p>In der Regel bleibt der Wertstoffhof an allen im Bundesland Hessen geltenden gesetzlichen Feiertagen geschlossen. Informationen zu weiteren Schlie\u00dfterminen werden hier stets aktuell bekannt gegeben.<\/p><p>Am 24.12. und 31.12. bleibt der Wertstoffhof geschlossen.<\/p>\t\t\t\t\t\t<\/div>\n\t\t\t\t<\/div>\n\t\t\t\t\t<\/div>\n\t\t<\/div>\n\t\t\t\t\t\t\t<\/div>\n\t\t<\/section>\n\t\t\t\t<section class=\"elementor-section elementor-inner-section elementor-element elementor-element-173fef3 border-plus-margin elementor-section-boxed elementor-section-height-default elementor-section-height-default\" data-id=\"173fef3\" data-element_type=\"section\">\n\t\t\t\t\t\t<div class=\"elementor-container elementor-column-gap-default\">\n\t\t\t\t\t<div class=\"elementor-column elementor-col-100 elementor-inner-column elementor-element elementor-element-44710b1\" data-id=\"44710b1\" data-element_type=\"column\">\n\t\t\t<div class=\"elementor-widget-wrap elementor-element-populated\">\n\t\t\t\t\t\t\t\t<div class=\"elementor-element elementor-element-07c1eeb elementor-widget elementor-widget-heading\" data-id=\"07c1eeb\" data-element_type=\"widget\" data-widget_type=\"heading.default\">\n\t\t\t\t<div class=\"elementor-widget-container\">\n\t\t\t<h2 class=\"elementor-heading-title elementor-size-default\">Wertstoffannahme<\/h2>\t\t<\/div>\n\t\t\t\t<\/div>\n\t\t\t\t<div class=\"elementor-element elementor-element-842abb7 elementor-widget elementor-widget-text-editor\" data-id=\"842abb7\" data-element_type=\"widget\" data-widget_type=\"text-editor.default\">\n\t\t\t\t<div class=\"elementor-widget-container\">\n\t\t\t\t\t\t\t<p>F\u00fcr Dreieicher B\u00fcrgerInnen ist die Abgabe von Wertstoffen, Elektroger\u00e4ten und\u00a0<strong>haushalts\u00fcblichen Mengen<\/strong>\u00a0Sperrm\u00fcll auf unserem Wertstoffhof 1 x w\u00f6chentlich\u00a0<strong>kostenfrei. <\/strong>Gr\u00f6\u00dfere Mengen oder h\u00e4ufigere Anlieferungen sind mit Kosten verbunden.<\/p>\t\t\t\t\t\t<\/div>\n\t\t\t\t<\/div>\n\t\t\t\t<div class=\"elementor-element elementor-element-5f54bde elementor-widget elementor-widget-text-editor\" data-id=\"5f54bde\" data-element_type=\"widget\" data-widget_type=\"text-editor.default\">\n\t\t\t\t<div class=\"elementor-widget-container\">\n\t\t\t\t\t\t\t<p><strong>Folgende Abf\u00e4lle nehmen wir an:<\/strong><\/p><ul><li>Wertstoffe (Altglas, Altpapier, Gelber Sack, Metalle, <a title=\"Aktion Korken f\u00fcr Kork\" href=\"\/dreieich\/abfall\/wertstoffhof\/aktion-korken-fuer-kork\/\">Korken)<\/a><\/li><li>Elektroger\u00e4te (Wasch- und Sp\u00fclmaschinen, Trockner, Herde, K\u00fchlschr\u00e4nke, Fernseher und Monitore, Elektrokleinger\u00e4te, Elektronikschrott, Alle anderen elektrisch betriebenen Ger\u00e4te<\/li><li>Bauschutt <strong>(auf 100 Liter begrenzt)<\/strong><\/li><li>Batterien<\/li><li>Daten- und Tontr\u00e4ger<\/li><li>Druckerpatronen, Toner<\/li><li>Leuchtstoffr\u00f6hren<\/li><li>Reifen mit und ohne Felgen (4,00 \u20ac\/Stk. auf 4 St\u00fcck begrenzt)<\/li><li>Holz (unbelastet, nicht mit Holzschutzmitteln behandelt)<\/li><li><a title=\"Sperrm\u00fcll\" href=\"\/dreieich\/abfall\/abfallentsorgung\/sperrmuell\/\">Sperrm\u00fcll<\/a><\/li><li><a title=\"Gr\u00fcnschnitt\" href=\"\/dreieich\/abfall\/abfallentsorgung\/gruenschnitt\/\">Gr\u00fcnschnitt<\/a><\/li><\/ul>\t\t\t\t\t\t<\/div>\n\t\t\t\t<\/div>\n\t\t\t\t<div class=\"elementor-element elementor-element-eed7451 elementor-widget elementor-widget-text-editor\" data-id=\"eed7451\" data-element_type=\"widget\" data-widget_type=\"text-editor.default\">\n\t\t\t\t<div class=\"elementor-widget-container\">\n\t\t\t\t\t\t\t<p><strong>Von der Annahme ausgeschlossen:<\/strong><\/p><ul><li>Gasflaschen, belastetes Holz, Farben, Schadstoffe, etc. mehr Infos zu Abf\u00e4llen und deren Entsorgung finden Sie in der Rubrik <a href=\"https:\/\/dlb-aoer.de\/neu-isenburg\/abfall\/abfaelle-von-a-z\/\">Abf\u00e4lle von A bis Z<\/a><\/li><\/ul>\t\t\t\t\t\t<\/div>\n\t\t\t\t<\/div>\n\t\t\t\t\t<\/div>\n\t\t<\/div>\n\t\t\t\t\t\t\t<\/div>\n\t\t<\/section>\n\t\t\t\t<section class=\"elementor-section elementor-inner-section elementor-element elementor-element-1fb4759 border-plus-margin elementor-section-boxed elementor-section-height-default elementor-section-height-default\" data-id=\"1fb4759\" data-element_type=\"section\">\n\t\t\t\t\t\t<div class=\"elementor-container elementor-column-gap-default\">\n\t\t\t\t\t<div class=\"elementor-column elementor-col-100 elementor-inner-column elementor-element elementor-element-ac9e527\" data-id=\"ac9e527\" data-element_type=\"column\">\n\t\t\t<div class=\"elementor-widget-wrap elementor-element-populated\">\n\t\t\t\t\t\t\t\t<div class=\"elementor-element elementor-element-67954e3 elementor-widget elementor-widget-heading\" data-id=\"67954e3\" data-element_type=\"widget\" data-widget_type=\"heading.default\">\n\t\t\t\t<div class=\"elementor-widget-container\">\n\t\t\t<h2 class=\"elementor-heading-title elementor-size-default\">Entgelte f\u00fcr Anlieferer<\/h2>\t\t<\/div>\n\t\t\t\t<\/div>\n\t\t\t\t<div class=\"elementor-element elementor-element-a199043 elementor-widget elementor-widget-text-editor\" data-id=\"a199043\" data-element_type=\"widget\" data-widget_type=\"text-editor.default\">\n\t\t\t\t<div class=\"elementor-widget-container\">\n\t\t\t\t\t\t\t<p style=\"text-align: left;\">Die Entsorgung von gewerblichen Abf\u00e4llen ist grunds\u00e4tzlich kostenpflichtig.<\/p><table width=\"503\"><tbody><tr><td style=\"text-align: left;\" colspan=\"2\" width=\"210\">Anlieferungen von haushalts\u00fcblichen Mengen<\/td><td style=\"text-align: left;\" width=\"208\">\u00a0bis 0,5 m\u00b3<\/td><td style=\"text-align: left;\" width=\"85\">kostenlos<\/td><\/tr><tr><td style=\"text-align: left;\">\u00a0<\/td><td style=\"text-align: left;\">\u00a0<\/td><td style=\"text-align: left;\">ab 0,5 m\u00b3<\/td><td style=\"text-align: left;\">5,00\u20ac\/m\u00b3<\/td><\/tr><tr><td style=\"text-align: left;\">Reifen\u00a0<\/td><td style=\"text-align: left;\">\u00a0<\/td><td style=\"text-align: left;\">\u00a0<\/td><td style=\"text-align: left;\">4,00\u20ac\/St\u00fcck<\/td><\/tr><tr><td>Bauschutt<\/td><td>\u00a0<\/td><td>bis 100 l\u00a0\u00a0<\/td><td>kostenlos<\/td><\/tr><tr><td colspan=\"3\">M\u00fclls\u00e4cke f\u00fcr Restm\u00fcll (Hausm\u00fcll, Tapeten, etc.)<\/td><td>4,70 \u20ac\/Sack<\/td><\/tr><tr><td>\u00a0<\/td><td>\u00a0<\/td><td>\u00a0<\/td><td>\u00a0<\/td><\/tr><tr><td colspan=\"3\">N\u00e4heres regelt die <a href=\"https:\/\/dlb-aoer.de\/dreieich\/wp-content\/uploads\/sites\/4\/2022\/01\/Anlage_Benutzungsordnung-2022.pdf\" target=\"_blank\" rel=\"noopener\">Benutzungsordnung<\/a> f\u00fcr den Wertstoffhof und die Lagerh\u00f6fe der Stadt Dreieich<\/td><td style=\"text-align: left;\">\u00a0<\/td><\/tr><tr><td style=\"text-align: left;\" colspan=\"3\">\u00a0<\/td><td style=\"text-align: left;\">\u00a0<\/td><\/tr><\/tbody><\/table>\t\t\t\t\t\t<\/div>\n\t\t\t\t<\/div>\n\t\t\t\t\t<\/div>\n\t\t<\/div>\n\t\t\t\t\t\t\t<\/div>\n\t\t<\/section>\n\t\t\t\t<section class=\"elementor-section elementor-inner-section elementor-element elementor-element-8557e74 border-plus-margin elementor-section-boxed elementor-section-height-default elementor-section-height-default\" data-id=\"8557e74\" data-element_type=\"section\">\n\t\t\t\t\t\t<div class=\"elementor-container elementor-column-gap-default\">\n\t\t\t\t\t<div class=\"elementor-column elementor-col-100 elementor-inner-column elementor-element elementor-element-b82670f\" data-id=\"b82670f\" data-element_type=\"column\">\n\t\t\t<div class=\"elementor-widget-wrap elementor-element-populated\">\n\t\t\t\t\t\t\t\t<div class=\"elementor-element elementor-element-41547c6 elementor-widget elementor-widget-heading\" data-id=\"41547c6\" data-element_type=\"widget\" data-widget_type=\"heading.default\">\n\t\t\t\t<div class=\"elementor-widget-container\">\n\t\t\t<h2 class=\"elementor-heading-title elementor-size-default\">Ansprechpartner<\/h2>\t\t<\/div>\n\t\t\t\t<\/div>\n\t\t\t\t<div class=\"elementor-element elementor-element-031ed75 elementor-widget elementor-widget-text-editor\" data-id=\"031ed75\" data-element_type=\"widget\" data-widget_type=\"text-editor.default\">\n\t\t\t\t<div class=\"elementor-widget-container\">\n\t\t\t\t\t\t\t<p>Fragen zur Wertstoffannahme beantworten wir Ihnen gern unter 06102-3702-349 oder per <a href=\"mailto:abfallwirtschaft@dlb-aoer.de\">E-Mail<\/a>.<\/p>\t\t\t\t\t\t<\/div>\n\t\t\t\t<\/div>\n\t\t\t\t\t<\/div>\n\t\t<\/div>\n\t\t\t\t\t\t\t<\/div>\n\t\t<\/section>\n\t\t\t\t\t<\/div>\n\t\t<\/div>\n\t\t\t\t\t\t\t<\/div>\n\t\t<\/section>\n\t\t\t\t\t\t\t<\/div>\n\t\t","protected":false},"excerpt":{"rendered":"<p>Informationen zu \u00d6ffnungszeiten und der Wertstoffannahme.<\/p>\n","protected":false},"author":2,"featured_media":2966,"parent":13,"menu_order":4,"comment_status":"closed","ping_status":"closed","template":"","meta":{"inline_featured_image":false,"footnotes":"","_links_to":"","_links_to_target":""},"class_list":["post-155","page","type-page","status-publish","has-post-thumbnail","hentry"],"yoast_head":"<!-- This site is optimized with the Yoast SEO plugin v21.6 - https:\/\/yoast.com\/wordpress\/plugins\/seo\/ -->\n<title>Wertstoffhof - DLB Dreieich<\/title>\n<meta name=\"robots\" content=\"index, follow, max-snippet:-1, max-image-preview:large, max-video-preview:-1\" \/>\n<link rel=\"canonical\" href=\"https:\/\/dlb-aoer.de\/dreieich\/abfall\/wertstoffhof\/\" \/>\n<meta property=\"og:locale\" content=\"de_DE\" \/>\n<meta property=\"og:type\" content=\"article\" \/>\n<meta property=\"og:title\" content=\"Wertstoffhof - DLB Dreieich\" \/>\n<meta property=\"og:description\" content=\"Informationen zu \u00d6ffnungszeiten und der Wertstoffannahme.\" \/>\n<meta property=\"og:url\" content=\"https:\/\/dlb-aoer.de\/dreieich\/abfall\/wertstoffhof\/\" \/>\n<meta property=\"og:site_name\" content=\"DLB Dreieich\" \/>\n<meta property=\"article:modified_time\" content=\"2026-01-02T09:37:45+00:00\" \/>\n<meta property=\"og:image\" content=\"https:\/\/dlb-aoer.de\/dreieich\/wp-content\/uploads\/sites\/4\/2022\/08\/Wertstoffhof-Dreieich.jpg\" \/>\n\t<meta property=\"og:image:width\" content=\"1446\" \/>\n\t<meta property=\"og:image:height\" content=\"852\" \/>\n\t<meta property=\"og:image:type\" content=\"image\/jpeg\" \/>\n<meta name=\"twitter:card\" content=\"summary_large_image\" \/>\n<meta name=\"twitter:label1\" content=\"Gesch\u00e4tzte Lesezeit\" \/>\n\t<meta name=\"twitter:data1\" content=\"2\u00a0Minuten\" \/>\n<script type=\"application\/ld+json\" class=\"yoast-schema-graph\">{\"@context\":\"https:\/\/schema.org\",\"@graph\":[{\"@type\":\"WebPage\",\"@id\":\"https:\/\/dlb-aoer.de\/dreieich\/abfall\/wertstoffhof\/\",\"url\":\"https:\/\/dlb-aoer.de\/dreieich\/abfall\/wertstoffhof\/\",\"name\":\"Wertstoffhof - DLB Dreieich\",\"isPartOf\":{\"@id\":\"https:\/\/dlb-aoer.de\/dreieich\/#website\"},\"datePublished\":\"2019-05-12T16:07:13+00:00\",\"dateModified\":\"2026-01-02T09:37:45+00:00\",\"breadcrumb\":{\"@id\":\"https:\/\/dlb-aoer.de\/dreieich\/abfall\/wertstoffhof\/#breadcrumb\"},\"inLanguage\":\"de\",\"potentialAction\":[{\"@type\":\"ReadAction\",\"target\":[\"https:\/\/dlb-aoer.de\/dreieich\/abfall\/wertstoffhof\/\"]}]},{\"@type\":\"BreadcrumbList\",\"@id\":\"https:\/\/dlb-aoer.de\/dreieich\/abfall\/wertstoffhof\/#breadcrumb\",\"itemListElement\":[{\"@type\":\"ListItem\",\"position\":1,\"name\":\"Startseite\",\"item\":\"https:\/\/dlb-aoer.de\/dreieich\/\"},{\"@type\":\"ListItem\",\"position\":2,\"name\":\"Abfall\",\"item\":\"https:\/\/dlb-aoer.de\/dreieich\/abfall\/\"},{\"@type\":\"ListItem\",\"position\":3,\"name\":\"Wertstoffhof\"}]},{\"@type\":\"WebSite\",\"@id\":\"https:\/\/dlb-aoer.de\/dreieich\/#website\",\"url\":\"https:\/\/dlb-aoer.de\/dreieich\/\",\"name\":\"DLB Dreieich\",\"description\":\"\",\"publisher\":{\"@id\":\"https:\/\/dlb-aoer.de\/dreieich\/#organization\"},\"potentialAction\":[{\"@type\":\"SearchAction\",\"target\":{\"@type\":\"EntryPoint\",\"urlTemplate\":\"https:\/\/dlb-aoer.de\/dreieich\/?s={search_term_string}\"},\"query-input\":\"required name=search_term_string\"}],\"inLanguage\":\"de\"},{\"@type\":\"Organization\",\"@id\":\"https:\/\/dlb-aoer.de\/dreieich\/#organization\",\"name\":\"Dienstleistungsbetrieb Dreieich und Neu-Isenburg A\u00f6R\",\"url\":\"https:\/\/dlb-aoer.de\/dreieich\/\",\"logo\":{\"@type\":\"ImageObject\",\"inLanguage\":\"de\",\"@id\":\"https:\/\/dlb-aoer.de\/dreieich\/#\/schema\/logo\/image\/\",\"url\":\"https:\/\/dlb-aoer.de\/dreieich\/wp-content\/uploads\/sites\/4\/2019\/10\/DLB_Logo_orange.svg\",\"contentUrl\":\"https:\/\/dlb-aoer.de\/dreieich\/wp-content\/uploads\/sites\/4\/2019\/10\/DLB_Logo_orange.svg\",\"width\":1,\"height\":1,\"caption\":\"Dienstleistungsbetrieb Dreieich und Neu-Isenburg A\u00f6R\"},\"image\":{\"@id\":\"https:\/\/dlb-aoer.de\/dreieich\/#\/schema\/logo\/image\/\"}}]}<\/script>\n<!-- \/ Yoast SEO plugin. -->","yoast_head_json":{"title":"Wertstoffhof - DLB Dreieich","robots":{"index":"index","follow":"follow","max-snippet":"max-snippet:-1","max-image-preview":"max-image-preview:large","max-video-preview":"max-video-preview:-1"},"canonical":"https:\/\/dlb-aoer.de\/dreieich\/abfall\/wertstoffhof\/","og_locale":"de_DE","og_type":"article","og_title":"Wertstoffhof - DLB Dreieich","og_description":"Informationen zu \u00d6ffnungszeiten und der Wertstoffannahme.","og_url":"https:\/\/dlb-aoer.de\/dreieich\/abfall\/wertstoffhof\/","og_site_name":"DLB Dreieich","article_modified_time":"2026-01-02T09:37:45+00:00","og_image":[{"width":1446,"height":852,"url":"https:\/\/dlb-aoer.de\/dreieich\/wp-content\/uploads\/sites\/4\/2022\/08\/Wertstoffhof-Dreieich.jpg","type":"image\/jpeg"}],"twitter_card":"summary_large_image","twitter_misc":{"Gesch\u00e4tzte Lesezeit":"2\u00a0Minuten"},"schema":{"@context":"https:\/\/schema.org","@graph":[{"@type":"WebPage","@id":"https:\/\/dlb-aoer.de\/dreieich\/abfall\/wertstoffhof\/","url":"https:\/\/dlb-aoer.de\/dreieich\/abfall\/wertstoffhof\/","name":"Wertstoffhof - DLB Dreieich","isPartOf":{"@id":"https:\/\/dlb-aoer.de\/dreieich\/#website"},"datePublished":"2019-05-12T16:07:13+00:00","dateModified":"2026-01-02T09:37:45+00:00","breadcrumb":{"@id":"https:\/\/dlb-aoer.de\/dreieich\/abfall\/wertstoffhof\/#breadcrumb"},"inLanguage":"de","potentialAction":[{"@type":"ReadAction","target":["https:\/\/dlb-aoer.de\/dreieich\/abfall\/wertstoffhof\/"]}]},{"@type":"BreadcrumbList","@id":"https:\/\/dlb-aoer.de\/dreieich\/abfall\/wertstoffhof\/#breadcrumb","itemListElement":[{"@type":"ListItem","position":1,"name":"Startseite","item":"https:\/\/dlb-aoer.de\/dreieich\/"},{"@type":"ListItem","position":2,"name":"Abfall","item":"https:\/\/dlb-aoer.de\/dreieich\/abfall\/"},{"@type":"ListItem","position":3,"name":"Wertstoffhof"}]},{"@type":"WebSite","@id":"https:\/\/dlb-aoer.de\/dreieich\/#website","url":"https:\/\/dlb-aoer.de\/dreieich\/","name":"DLB Dreieich","description":"","publisher":{"@id":"https:\/\/dlb-aoer.de\/dreieich\/#organization"},"potentialAction":[{"@type":"SearchAction","target":{"@type":"EntryPoint","urlTemplate":"https:\/\/dlb-aoer.de\/dreieich\/?s={search_term_string}"},"query-input":"required name=search_term_string"}],"inLanguage":"de"},{"@type":"Organization","@id":"https:\/\/dlb-aoer.de\/dreieich\/#organization","name":"Dienstleistungsbetrieb Dreieich und Neu-Isenburg A\u00f6R","url":"https:\/\/dlb-aoer.de\/dreieich\/","logo":{"@type":"ImageObject","inLanguage":"de","@id":"https:\/\/dlb-aoer.de\/dreieich\/#\/schema\/logo\/image\/","url":"https:\/\/dlb-aoer.de\/dreieich\/wp-content\/uploads\/sites\/4\/2019\/10\/DLB_Logo_orange.svg","contentUrl":"https:\/\/dlb-aoer.de\/dreieich\/wp-content\/uploads\/sites\/4\/2019\/10\/DLB_Logo_orange.svg","width":1,"height":1,"caption":"Dienstleistungsbetrieb Dreieich und Neu-Isenburg A\u00f6R"},"image":{"@id":"https:\/\/dlb-aoer.de\/dreieich\/#\/schema\/logo\/image\/"}}]}},"_links":{"self":[{"href":"https:\/\/dlb-aoer.de\/dreieich\/wp-json\/wp\/v2\/pages\/155","targetHints":{"allow":["GET"]}}],"collection":[{"href":"https:\/\/dlb-aoer.de\/dreieich\/wp-json\/wp\/v2\/pages"}],"about":[{"href":"https:\/\/dlb-aoer.de\/dreieich\/wp-json\/wp\/v2\/types\/page"}],"author":[{"embeddable":true,"href":"https:\/\/dlb-aoer.de\/dreieich\/wp-json\/wp\/v2\/users\/2"}],"replies":[{"embeddable":true,"href":"https:\/\/dlb-aoer.de\/dreieich\/wp-json\/wp\/v2\/comments?post=155"}],"version-history":[{"count":47,"href":"https:\/\/dlb-aoer.de\/dreieich\/wp-json\/wp\/v2\/pages\/155\/revisions"}],"predecessor-version":[{"id":4928,"href":"https:\/\/dlb-aoer.de\/dreieich\/wp-json\/wp\/v2\/pages\/155\/revisions\/4928"}],"up":[{"embeddable":true,"href":"https:\/\/dlb-aoer.de\/dreieich\/wp-json\/wp\/v2\/pages\/13"}],"wp:featuredmedia":[{"embeddable":true,"href":"https:\/\/dlb-aoer.de\/dreieich\/wp-json\/wp\/v2\/media\/2966"}],"wp:attachment":[{"href":"https:\/\/dlb-aoer.de\/dreieich\/wp-json\/wp\/v2\/media?parent=155"}],"curies":[{"name":"wp","href":"https:\/\/api.w.org\/{rel}","templated":true}]}}