{"id":153,"date":"2019-05-12T18:06:59","date_gmt":"2019-05-12T16:06:59","guid":{"rendered":"https:\/\/www.dlb-aoer.de\/dreieich\/?page_id=153"},"modified":"2026-01-28T13:32:01","modified_gmt":"2026-01-28T12:32:01","slug":"abfallgebuehren","status":"publish","type":"page","link":"https:\/\/dlb-aoer.de\/dreieich\/abfall\/abfallgebuehren\/","title":{"rendered":"Abfallgeb\u00fchren\/Satzung"},"content":{"rendered":"\t\t<div data-elementor-type=\"wp-post\" data-elementor-id=\"153\" class=\"elementor elementor-153\">\n\t\t\t\t\t\t\t\t\t<section class=\"elementor-section elementor-top-section elementor-element elementor-element-5a5895a elementor-section-stretched elementor-section-boxed elementor-section-height-default elementor-section-height-default\" data-id=\"5a5895a\" data-element_type=\"section\" data-settings=\"{&quot;stretch_section&quot;:&quot;section-stretched&quot;}\">\n\t\t\t\t\t\t<div class=\"elementor-container elementor-column-gap-default\">\n\t\t\t\t\t<div class=\"elementor-column elementor-col-100 elementor-top-column elementor-element elementor-element-6563bd1\" data-id=\"6563bd1\" data-element_type=\"column\">\n\t\t\t<div class=\"elementor-widget-wrap elementor-element-populated\">\n\t\t\t\t\t\t\t\t<section class=\"elementor-section elementor-inner-section elementor-element elementor-element-94f192b border-plus-margin elementor-section-boxed elementor-section-height-default elementor-section-height-default\" data-id=\"94f192b\" data-element_type=\"section\">\n\t\t\t\t\t\t<div class=\"elementor-container elementor-column-gap-default\">\n\t\t\t\t\t<div class=\"elementor-column elementor-col-100 elementor-inner-column elementor-element elementor-element-a9f8d31\" data-id=\"a9f8d31\" data-element_type=\"column\">\n\t\t\t<div class=\"elementor-widget-wrap elementor-element-populated\">\n\t\t\t\t\t\t\t\t<div class=\"elementor-element elementor-element-e8eb9ba elementor-widget elementor-widget-heading\" data-id=\"e8eb9ba\" data-element_type=\"widget\" data-widget_type=\"heading.default\">\n\t\t\t\t<div class=\"elementor-widget-container\">\n\t\t\t<h2 class=\"elementor-heading-title elementor-size-default\">Abfallsatzung<\/h2>\t\t<\/div>\n\t\t\t\t<\/div>\n\t\t\t\t<div class=\"elementor-element elementor-element-9bf3dbb elementor-widget elementor-widget-text-editor\" data-id=\"9bf3dbb\" data-element_type=\"widget\" data-widget_type=\"text-editor.default\">\n\t\t\t\t<div class=\"elementor-widget-container\">\n\t\t\t\t\t\t\t<div class=\"ce_text noborder nomargin block\"><p>Die Abfallwirtschaft der Stadt Neu-Isenburg wird in der <a href=\"https:\/\/dlb-aoer.de\/dreieich\/wp-content\/uploads\/sites\/4\/2026\/01\/6.003-abfallsatzung-ab-01.01.2026-internet.pdf\">Abfallsatzung<\/a> geregelt.<\/p><p>Gem\u00e4\u00df der <a href=\"https:\/\/dlb-aoer.de\/dreieich\/wp-content\/uploads\/sites\/4\/2026\/01\/6.003-abfallsatzung-ab-01.01.2026-internet.pdf\">Abfallsatzung<\/a>\u00a0der Stadt Dreieich h\u00e4ngt die H\u00f6he Ihrer Abfallgeb\u00fchr von der Gr\u00f6\u00dfe des von Ihnen genutzten Hausm\u00fcllgef\u00e4\u00dfes ab. Dieses muss mit einem Chip und einem Etikett versehen sein.<\/p><\/div>\t\t\t\t\t\t<\/div>\n\t\t\t\t<\/div>\n\t\t\t\t\t<\/div>\n\t\t<\/div>\n\t\t\t\t\t\t\t<\/div>\n\t\t<\/section>\n\t\t\t\t<section class=\"elementor-section elementor-inner-section elementor-element elementor-element-6e99e5e border-plus-margin elementor-section-boxed elementor-section-height-default elementor-section-height-default\" data-id=\"6e99e5e\" data-element_type=\"section\">\n\t\t\t\t\t\t<div class=\"elementor-container elementor-column-gap-default\">\n\t\t\t\t\t<div class=\"elementor-column elementor-col-100 elementor-inner-column elementor-element elementor-element-4834ea4\" data-id=\"4834ea4\" data-element_type=\"column\">\n\t\t\t<div class=\"elementor-widget-wrap elementor-element-populated\">\n\t\t\t\t\t\t\t\t<div class=\"elementor-element elementor-element-3f48f23 elementor-widget elementor-widget-heading\" data-id=\"3f48f23\" data-element_type=\"widget\" data-widget_type=\"heading.default\">\n\t\t\t\t<div class=\"elementor-widget-container\">\n\t\t\t<h2 class=\"elementor-heading-title elementor-size-default\">Abfallgeb\u00fchren<\/h2>\t\t<\/div>\n\t\t\t\t<\/div>\n\t\t\t\t<div class=\"elementor-element elementor-element-3abc009 elementor-widget elementor-widget-text-editor\" data-id=\"3abc009\" data-element_type=\"widget\" data-widget_type=\"text-editor.default\">\n\t\t\t\t<div class=\"elementor-widget-container\">\n\t\t\t\t\t\t\t<div>\n<p>&nbsp;<a style=\"font-weight: bold; background-color: #f2f2f2;\" tabindex=\"0\">Entsorgungsgeb\u00fchr ab 01.01.2026:<\/a><\/p>\n<div style=\"padding: 15px; border-bottom: 1px solid #d5d8dc;\" role=\"region\" data-tab=\"1\" aria-labelledby=\"elementor-tab-title-1681\">\n<table style=\"width: 414.208px;\">\n<tbody>\n<tr align=\"left\">\n<td><br><\/td>\n<td>&nbsp;<\/td>\n<\/tr>\n<tr align=\"left\">\n<td>40 Liter<\/td>\n<td>9,84 \u20ac\/Monat \u2013 bei 14t\u00e4glicher Leerung<\/td>\n<\/tr>\n<tr align=\"left\">\n<td>60 Liter<\/td>\n<td>14,76 \u20ac\/Monat \u2013 bei 14t\u00e4glicher Leerung<\/td>\n<\/tr>\n<tr align=\"left\">\n<td>80 Liter<\/td>\n<td>19,68 \u20ac\/Monat \u2013 bei 14t\u00e4glicher Leerung<\/td>\n<\/tr>\n<tr align=\"left\">\n<td>120 Liter<\/td>\n<td>29,52 \u20ac\/Monat \u2013 bei 14t\u00e4glicher Leerung<\/td>\n<\/tr>\n<tr align=\"left\">\n<td>240 Liter<\/td>\n<td>59,04 \u20ac\/Monat \u2013 bei 14t\u00e4glicher Leerung<\/td>\n<\/tr>\n<tr align=\"left\">\n<td>&nbsp;<\/td>\n<td>118,08 \u20ac\/Monat \u2013 bei w\u00f6chentlicher Leerung<\/td>\n<\/tr>\n<tr align=\"left\">\n<td><span style=\"font-weight: 600;\">Container<\/span><\/td>\n<td>&nbsp;<\/td>\n<\/tr>\n<tr align=\"left\">\n<td>770 Liter<\/td>\n<td>189,41 \u20ac\/Monat \u2013 bei 14t\u00e4glicher Leerung<\/td>\n<\/tr>\n<tr align=\"left\">\n<td>&nbsp;<\/td>\n<td>378,82 \u20ac\/Monat \u2013 bei w\u00f6chentlicher Leerung<\/td>\n<\/tr>\n<tr align=\"left\">\n<td>1.100 Liter<\/td>\n<td>270,59 \u20ac\/Monat \u2013 bei 14t\u00e4glicher Leerung<\/td>\n<\/tr>\n<tr align=\"left\">\n<td>&nbsp;<\/td>\n<td>541,18 \u20ac\/Monat \u2013 bei w\u00f6chentlicher Leerung<\/td>\n<\/tr>\n<\/tbody>\n<\/table>\n<\/div>\n<\/div>\t\t\t\t\t\t<\/div>\n\t\t\t\t<\/div>\n\t\t\t\t<div class=\"elementor-element elementor-element-a0a50f6 elementor-widget elementor-widget-toggle\" data-id=\"a0a50f6\" data-element_type=\"widget\" data-widget_type=\"toggle.default\">\n\t\t\t\t<div class=\"elementor-widget-container\">\n\t\t\t\t\t<div class=\"elementor-toggle\">\n\t\t\t\t\t\t\t<div class=\"elementor-toggle-item\">\n\t\t\t\t\t<div id=\"elementor-tab-title-1681\" class=\"elementor-tab-title\" data-tab=\"1\" role=\"button\" aria-controls=\"elementor-tab-content-1681\" aria-expanded=\"false\">\n\t\t\t\t\t\t\t\t\t\t\t\t<span class=\"elementor-toggle-icon elementor-toggle-icon-left\" aria-hidden=\"true\">\n\t\t\t\t\t\t\t\t\t\t\t\t\t\t\t<span class=\"elementor-toggle-icon-closed\"><i class=\"fas fa-caret-right\"><\/i><\/span>\n\t\t\t\t\t\t\t\t<span class=\"elementor-toggle-icon-opened\"><i class=\"elementor-toggle-icon-opened fas fa-caret-up\"><\/i><\/span>\n\t\t\t\t\t\t\t\t\t\t\t\t\t<\/span>\n\t\t\t\t\t\t\t\t\t\t\t\t<a class=\"elementor-toggle-title\" tabindex=\"0\">Als Entsorgungsgeb\u00fchr werden bis 31. Dezember 2025 erhoben:<\/a>\n\t\t\t\t\t<\/div>\n\n\t\t\t\t\t<div id=\"elementor-tab-content-1681\" class=\"elementor-tab-content elementor-clearfix\" data-tab=\"1\" role=\"region\" aria-labelledby=\"elementor-tab-title-1681\"><p>\u00a0<\/p><table style=\"background-color: #f2f2f2; width: 414.208px;\"><tbody><tr align=\"left\"><td>40 Liter<span style=\"font-weight: 600;\"><br \/><\/span><\/td><td>8,98 \u20ac\/Monat &#8211; bei 14-t\u00e4giger Leerung<\/td><\/tr><tr align=\"left\"><td>60 Liter<\/td><td>13,48 \u20ac\/Monat \u2013 bei 14t\u00e4giger Leerung<\/td><\/tr><tr align=\"left\"><td>80 Liter<\/td><td>17,97 \u20ac\/Monat \u2013 bei 14t\u00e4giger Leerung<\/td><\/tr><tr align=\"left\"><td>120 Liter<\/td><td>26,96 \u20ac\/Monat \u2013 bei 14t\u00e4giger Leerung<\/td><\/tr><tr align=\"left\"><td>240 Liter<\/td><td>53,92 \u20ac\/Monat \u2013 bei 14t\u00e4giger Leerung<\/td><\/tr><tr align=\"left\"><td>\u00a0<\/td><td>107,85 \u20ac\/Monat \u2013 bei w\u00f6chentlicher Leerung<\/td><\/tr><tr align=\"left\"><td><span style=\"font-weight: 600;\">Container<\/span><\/td><td>\u00a0<\/td><\/tr><tr align=\"left\"><td>770 Liter<\/td><td>173,01 \u20ac\/Monat \u2013 bei 14t\u00e4giger Leerung<\/td><\/tr><tr align=\"left\"><td>\u00a0<\/td><td>346,03 \u20ac\/Monat \u2013 bei w\u00f6chentlicher Leerung<\/td><\/tr><tr align=\"left\"><td>1.100 Liter<\/td><td>247,17 \u20ac\/Monat \u2013 bei 14t\u00e4giger Leerung<\/td><\/tr><tr align=\"left\"><td>\u00a0<\/td><td>494,34 \u20ac\/Monat \u2013 bei w\u00f6chentlicher Leerung<\/td><\/tr><\/tbody><\/table><p>\u00a0<\/p><\/div>\n\t\t\t\t<\/div>\n\t\t\t\t\t\t\t\t<\/div>\n\t\t\t\t<\/div>\n\t\t\t\t<\/div>\n\t\t\t\t<div class=\"elementor-element elementor-element-45afaee elementor-widget elementor-widget-text-editor\" data-id=\"45afaee\" data-element_type=\"widget\" data-widget_type=\"text-editor.default\">\n\t\t\t\t<div class=\"elementor-widget-container\">\n\t\t\t\t\t\t\t<div>\u00a0<\/div><div class=\"clearing\">Fragen zu Abfallgeb\u00fchren beantworten wir Ihnen gerne unter der 06102 \/ 3702-349.<\/div>\t\t\t\t\t\t<\/div>\n\t\t\t\t<\/div>\n\t\t\t\t\t<\/div>\n\t\t<\/div>\n\t\t\t\t\t\t\t<\/div>\n\t\t<\/section>\n\t\t\t\t<section class=\"elementor-section elementor-inner-section elementor-element elementor-element-267cdcd border-plus-margin elementor-section-boxed elementor-section-height-default elementor-section-height-default\" data-id=\"267cdcd\" data-element_type=\"section\">\n\t\t\t\t\t\t<div class=\"elementor-container elementor-column-gap-default\">\n\t\t\t\t\t<div class=\"elementor-column elementor-col-100 elementor-inner-column elementor-element elementor-element-cc7dfd3\" data-id=\"cc7dfd3\" data-element_type=\"column\">\n\t\t\t<div class=\"elementor-widget-wrap elementor-element-populated\">\n\t\t\t\t\t\t\t\t<div class=\"elementor-element elementor-element-78226f2 elementor-widget elementor-widget-heading\" data-id=\"78226f2\" data-element_type=\"widget\" data-widget_type=\"heading.default\">\n\t\t\t\t<div class=\"elementor-widget-container\">\n\t\t\t<h2 class=\"elementor-heading-title elementor-size-default\">Sonderleerung<\/h2>\t\t<\/div>\n\t\t\t\t<\/div>\n\t\t\t\t<div class=\"elementor-element elementor-element-862d566 elementor-widget elementor-widget-text-editor\" data-id=\"862d566\" data-element_type=\"widget\" data-widget_type=\"text-editor.default\">\n\t\t\t\t<div class=\"elementor-widget-container\">\n\t\t\t\t\t\t\t<p>Sollte eine Leerung des Restm\u00fcllgef\u00e4\u00dfes au\u00dferhalb des regul\u00e4ren Leerungsrhythmus erfolgen, so werden Geb\u00fchren f\u00fcr eine Sonderleerung erhoben. Eine solche Sonderleerung muss schriftlich bei der DLB Dreieich und Neu-Isenburg A\u00f6R beantragt werden.<\/p><p>Die Geb\u00fchr f\u00fcr eine einmalige Sonderleerung finden Sie in der aktuellen <a href=\"https:\/\/dlb-aoer.de\/dreieich\/wp-content\/uploads\/sites\/4\/2026\/01\/6.003-abfallsatzung-ab-01.01.2026-internet.pdf\">Abfallsatzung<\/a><\/p><p>Die Geb\u00fchr f\u00fcr eine einmalige Sonderleerung betr\u00e4gt:<\/p><p>40 Liter 4,60 Euro<br \/>60 Liter 6,90 Euro<br \/>80 Liter 9,20 Euro<br \/>120 Liter 13,80 Euro<br \/>240 Liter 27,60 Euro<br \/>770 Liter 88,55 Euro<br \/>1.100 Liter 126,50 Euro<\/p>\t\t\t\t\t\t<\/div>\n\t\t\t\t<\/div>\n\t\t\t\t\t<\/div>\n\t\t<\/div>\n\t\t\t\t\t\t\t<\/div>\n\t\t<\/section>\n\t\t\t\t<section class=\"elementor-section elementor-inner-section elementor-element elementor-element-89d95c3 border-plus-margin elementor-section-boxed elementor-section-height-default elementor-section-height-default\" data-id=\"89d95c3\" data-element_type=\"section\">\n\t\t\t\t\t\t<div class=\"elementor-container elementor-column-gap-default\">\n\t\t\t\t\t<div class=\"elementor-column elementor-col-100 elementor-inner-column elementor-element elementor-element-8a936bf\" data-id=\"8a936bf\" data-element_type=\"column\">\n\t\t\t<div class=\"elementor-widget-wrap elementor-element-populated\">\n\t\t\t\t\t\t\t\t<div class=\"elementor-element elementor-element-063a5a0 elementor-widget elementor-widget-heading\" data-id=\"063a5a0\" data-element_type=\"widget\" data-widget_type=\"heading.default\">\n\t\t\t\t<div class=\"elementor-widget-container\">\n\t\t\t<h2 class=\"elementor-heading-title elementor-size-default\">Zus\u00e4tzliche Biotonne<\/h2>\t\t<\/div>\n\t\t\t\t<\/div>\n\t\t\t\t<div class=\"elementor-element elementor-element-44d9359 elementor-widget elementor-widget-text-editor\" data-id=\"44d9359\" data-element_type=\"widget\" data-widget_type=\"text-editor.default\">\n\t\t\t\t<div class=\"elementor-widget-container\">\n\t\t\t\t\t\t\t<p>Die Regelausstattung mit Biotonnen ist kostenlos. F\u00fcr die auf Wunsch des Anschlusspflichtigen \u00fcber die Regelausstattung hinaus zugeteilten Bio-Tonnen werden folgende zus\u00e4tzlichen Geb\u00fchren erhoben:\u00a0<\/p><p>120 Liter 4,50 \u20ac\/Monat<br \/>240 Liter 9,00 \u20ac\/Monat<\/p><p>Fragen zur zus\u00e4tzlichen Biotonne beantworten wir Ihnen gerne unter der 06102 \/ 3702-349.<\/p>\t\t\t\t\t\t<\/div>\n\t\t\t\t<\/div>\n\t\t\t\t\t<\/div>\n\t\t<\/div>\n\t\t\t\t\t\t\t<\/div>\n\t\t<\/section>\n\t\t\t\t\t<\/div>\n\t\t<\/div>\n\t\t\t\t\t\t\t<\/div>\n\t\t<\/section>\n\t\t\t\t\t\t\t<\/div>\n\t\t","protected":false},"excerpt":{"rendered":"<p>Hier finden Sie die aktuellen Abfallgeb\u00fchren.<\/p>\n","protected":false},"author":2,"featured_media":2961,"parent":13,"menu_order":6,"comment_status":"closed","ping_status":"closed","template":"","meta":{"inline_featured_image":false,"footnotes":"","_links_to":"","_links_to_target":""},"class_list":["post-153","page","type-page","status-publish","has-post-thumbnail","hentry"],"yoast_head":"<!-- This site is optimized with the Yoast SEO plugin v21.6 - https:\/\/yoast.com\/wordpress\/plugins\/seo\/ -->\n<title>Abfallgeb\u00fchren\/Satzung - DLB Dreieich<\/title>\n<meta name=\"robots\" content=\"index, follow, max-snippet:-1, max-image-preview:large, max-video-preview:-1\" \/>\n<link rel=\"canonical\" href=\"https:\/\/dlb-aoer.de\/dreieich\/abfall\/abfallgebuehren\/\" \/>\n<meta property=\"og:locale\" content=\"de_DE\" \/>\n<meta property=\"og:type\" content=\"article\" \/>\n<meta property=\"og:title\" content=\"Abfallgeb\u00fchren\/Satzung - DLB Dreieich\" \/>\n<meta property=\"og:description\" content=\"Hier finden Sie die aktuellen Abfallgeb\u00fchren.\" \/>\n<meta property=\"og:url\" content=\"https:\/\/dlb-aoer.de\/dreieich\/abfall\/abfallgebuehren\/\" \/>\n<meta property=\"og:site_name\" content=\"DLB Dreieich\" \/>\n<meta property=\"article:modified_time\" content=\"2026-01-28T12:32:01+00:00\" \/>\n<meta property=\"og:image\" content=\"https:\/\/dlb-aoer.de\/dreieich\/wp-content\/uploads\/sites\/4\/2022\/08\/Geb\u00fchren.jpg\" \/>\n\t<meta property=\"og:image:width\" content=\"1920\" \/>\n\t<meta property=\"og:image:height\" content=\"1441\" \/>\n\t<meta property=\"og:image:type\" content=\"image\/jpeg\" \/>\n<meta name=\"twitter:card\" content=\"summary_large_image\" \/>\n<meta name=\"twitter:label1\" content=\"Gesch\u00e4tzte Lesezeit\" \/>\n\t<meta name=\"twitter:data1\" content=\"2\u00a0Minuten\" \/>\n<script type=\"application\/ld+json\" class=\"yoast-schema-graph\">{\"@context\":\"https:\/\/schema.org\",\"@graph\":[{\"@type\":\"WebPage\",\"@id\":\"https:\/\/dlb-aoer.de\/dreieich\/abfall\/abfallgebuehren\/\",\"url\":\"https:\/\/dlb-aoer.de\/dreieich\/abfall\/abfallgebuehren\/\",\"name\":\"Abfallgeb\u00fchren\/Satzung - DLB Dreieich\",\"isPartOf\":{\"@id\":\"https:\/\/dlb-aoer.de\/dreieich\/#website\"},\"datePublished\":\"2019-05-12T16:06:59+00:00\",\"dateModified\":\"2026-01-28T12:32:01+00:00\",\"breadcrumb\":{\"@id\":\"https:\/\/dlb-aoer.de\/dreieich\/abfall\/abfallgebuehren\/#breadcrumb\"},\"inLanguage\":\"de\",\"potentialAction\":[{\"@type\":\"ReadAction\",\"target\":[\"https:\/\/dlb-aoer.de\/dreieich\/abfall\/abfallgebuehren\/\"]}]},{\"@type\":\"BreadcrumbList\",\"@id\":\"https:\/\/dlb-aoer.de\/dreieich\/abfall\/abfallgebuehren\/#breadcrumb\",\"itemListElement\":[{\"@type\":\"ListItem\",\"position\":1,\"name\":\"Startseite\",\"item\":\"https:\/\/dlb-aoer.de\/dreieich\/\"},{\"@type\":\"ListItem\",\"position\":2,\"name\":\"Abfall\",\"item\":\"https:\/\/dlb-aoer.de\/dreieich\/abfall\/\"},{\"@type\":\"ListItem\",\"position\":3,\"name\":\"Abfallgeb\u00fchren\/Satzung\"}]},{\"@type\":\"WebSite\",\"@id\":\"https:\/\/dlb-aoer.de\/dreieich\/#website\",\"url\":\"https:\/\/dlb-aoer.de\/dreieich\/\",\"name\":\"DLB Dreieich\",\"description\":\"\",\"publisher\":{\"@id\":\"https:\/\/dlb-aoer.de\/dreieich\/#organization\"},\"potentialAction\":[{\"@type\":\"SearchAction\",\"target\":{\"@type\":\"EntryPoint\",\"urlTemplate\":\"https:\/\/dlb-aoer.de\/dreieich\/?s={search_term_string}\"},\"query-input\":\"required name=search_term_string\"}],\"inLanguage\":\"de\"},{\"@type\":\"Organization\",\"@id\":\"https:\/\/dlb-aoer.de\/dreieich\/#organization\",\"name\":\"Dienstleistungsbetrieb Dreieich und Neu-Isenburg A\u00f6R\",\"url\":\"https:\/\/dlb-aoer.de\/dreieich\/\",\"logo\":{\"@type\":\"ImageObject\",\"inLanguage\":\"de\",\"@id\":\"https:\/\/dlb-aoer.de\/dreieich\/#\/schema\/logo\/image\/\",\"url\":\"https:\/\/dlb-aoer.de\/dreieich\/wp-content\/uploads\/sites\/4\/2019\/10\/DLB_Logo_orange.svg\",\"contentUrl\":\"https:\/\/dlb-aoer.de\/dreieich\/wp-content\/uploads\/sites\/4\/2019\/10\/DLB_Logo_orange.svg\",\"width\":1,\"height\":1,\"caption\":\"Dienstleistungsbetrieb Dreieich und Neu-Isenburg A\u00f6R\"},\"image\":{\"@id\":\"https:\/\/dlb-aoer.de\/dreieich\/#\/schema\/logo\/image\/\"}}]}<\/script>\n<!-- \/ Yoast SEO plugin. -->","yoast_head_json":{"title":"Abfallgeb\u00fchren\/Satzung - DLB Dreieich","robots":{"index":"index","follow":"follow","max-snippet":"max-snippet:-1","max-image-preview":"max-image-preview:large","max-video-preview":"max-video-preview:-1"},"canonical":"https:\/\/dlb-aoer.de\/dreieich\/abfall\/abfallgebuehren\/","og_locale":"de_DE","og_type":"article","og_title":"Abfallgeb\u00fchren\/Satzung - DLB Dreieich","og_description":"Hier finden Sie die aktuellen Abfallgeb\u00fchren.","og_url":"https:\/\/dlb-aoer.de\/dreieich\/abfall\/abfallgebuehren\/","og_site_name":"DLB Dreieich","article_modified_time":"2026-01-28T12:32:01+00:00","og_image":[{"width":1920,"height":1441,"url":"https:\/\/dlb-aoer.de\/dreieich\/wp-content\/uploads\/sites\/4\/2022\/08\/Geb\u00fchren.jpg","type":"image\/jpeg"}],"twitter_card":"summary_large_image","twitter_misc":{"Gesch\u00e4tzte Lesezeit":"2\u00a0Minuten"},"schema":{"@context":"https:\/\/schema.org","@graph":[{"@type":"WebPage","@id":"https:\/\/dlb-aoer.de\/dreieich\/abfall\/abfallgebuehren\/","url":"https:\/\/dlb-aoer.de\/dreieich\/abfall\/abfallgebuehren\/","name":"Abfallgeb\u00fchren\/Satzung - DLB Dreieich","isPartOf":{"@id":"https:\/\/dlb-aoer.de\/dreieich\/#website"},"datePublished":"2019-05-12T16:06:59+00:00","dateModified":"2026-01-28T12:32:01+00:00","breadcrumb":{"@id":"https:\/\/dlb-aoer.de\/dreieich\/abfall\/abfallgebuehren\/#breadcrumb"},"inLanguage":"de","potentialAction":[{"@type":"ReadAction","target":["https:\/\/dlb-aoer.de\/dreieich\/abfall\/abfallgebuehren\/"]}]},{"@type":"BreadcrumbList","@id":"https:\/\/dlb-aoer.de\/dreieich\/abfall\/abfallgebuehren\/#breadcrumb","itemListElement":[{"@type":"ListItem","position":1,"name":"Startseite","item":"https:\/\/dlb-aoer.de\/dreieich\/"},{"@type":"ListItem","position":2,"name":"Abfall","item":"https:\/\/dlb-aoer.de\/dreieich\/abfall\/"},{"@type":"ListItem","position":3,"name":"Abfallgeb\u00fchren\/Satzung"}]},{"@type":"WebSite","@id":"https:\/\/dlb-aoer.de\/dreieich\/#website","url":"https:\/\/dlb-aoer.de\/dreieich\/","name":"DLB Dreieich","description":"","publisher":{"@id":"https:\/\/dlb-aoer.de\/dreieich\/#organization"},"potentialAction":[{"@type":"SearchAction","target":{"@type":"EntryPoint","urlTemplate":"https:\/\/dlb-aoer.de\/dreieich\/?s={search_term_string}"},"query-input":"required name=search_term_string"}],"inLanguage":"de"},{"@type":"Organization","@id":"https:\/\/dlb-aoer.de\/dreieich\/#organization","name":"Dienstleistungsbetrieb Dreieich und Neu-Isenburg A\u00f6R","url":"https:\/\/dlb-aoer.de\/dreieich\/","logo":{"@type":"ImageObject","inLanguage":"de","@id":"https:\/\/dlb-aoer.de\/dreieich\/#\/schema\/logo\/image\/","url":"https:\/\/dlb-aoer.de\/dreieich\/wp-content\/uploads\/sites\/4\/2019\/10\/DLB_Logo_orange.svg","contentUrl":"https:\/\/dlb-aoer.de\/dreieich\/wp-content\/uploads\/sites\/4\/2019\/10\/DLB_Logo_orange.svg","width":1,"height":1,"caption":"Dienstleistungsbetrieb Dreieich und Neu-Isenburg A\u00f6R"},"image":{"@id":"https:\/\/dlb-aoer.de\/dreieich\/#\/schema\/logo\/image\/"}}]}},"_links":{"self":[{"href":"https:\/\/dlb-aoer.de\/dreieich\/wp-json\/wp\/v2\/pages\/153","targetHints":{"allow":["GET"]}}],"collection":[{"href":"https:\/\/dlb-aoer.de\/dreieich\/wp-json\/wp\/v2\/pages"}],"about":[{"href":"https:\/\/dlb-aoer.de\/dreieich\/wp-json\/wp\/v2\/types\/page"}],"author":[{"embeddable":true,"href":"https:\/\/dlb-aoer.de\/dreieich\/wp-json\/wp\/v2\/users\/2"}],"replies":[{"embeddable":true,"href":"https:\/\/dlb-aoer.de\/dreieich\/wp-json\/wp\/v2\/comments?post=153"}],"version-history":[{"count":43,"href":"https:\/\/dlb-aoer.de\/dreieich\/wp-json\/wp\/v2\/pages\/153\/revisions"}],"predecessor-version":[{"id":4980,"href":"https:\/\/dlb-aoer.de\/dreieich\/wp-json\/wp\/v2\/pages\/153\/revisions\/4980"}],"up":[{"embeddable":true,"href":"https:\/\/dlb-aoer.de\/dreieich\/wp-json\/wp\/v2\/pages\/13"}],"wp:featuredmedia":[{"embeddable":true,"href":"https:\/\/dlb-aoer.de\/dreieich\/wp-json\/wp\/v2\/media\/2961"}],"wp:attachment":[{"href":"https:\/\/dlb-aoer.de\/dreieich\/wp-json\/wp\/v2\/media?parent=153"}],"curies":[{"name":"wp","href":"https:\/\/api.w.org\/{rel}","templated":true}]}}