{"id":1523,"date":"2021-02-26T12:17:25","date_gmt":"2021-02-26T11:17:25","guid":{"rendered":"https:\/\/dlb-aoer.de\/dreieich\/?page_id=1523"},"modified":"2022-02-04T07:57:45","modified_gmt":"2022-02-04T06:57:45","slug":"s5-buergerpark","status":"publish","type":"page","link":"https:\/\/dlb-aoer.de\/dreieich\/gruen-spiel-sport\/gruenflachen\/s5-buergerpark\/","title":{"rendered":"Sprendlingen \u2013 S5-B\u00fcrgerpark"},"content":{"rendered":"\t\t<div data-elementor-type=\"wp-post\" data-elementor-id=\"1523\" class=\"elementor elementor-1523\">\n\t\t\t\t\t\t\t\t\t<section class=\"elementor-section elementor-top-section elementor-element elementor-element-6860763 elementor-section-boxed elementor-section-height-default elementor-section-height-default\" data-id=\"6860763\" data-element_type=\"section\">\n\t\t\t\t\t\t<div class=\"elementor-container elementor-column-gap-default\">\n\t\t\t\t\t<div class=\"elementor-column elementor-col-100 elementor-top-column elementor-element elementor-element-2374f86\" data-id=\"2374f86\" data-element_type=\"column\">\n\t\t\t<div class=\"elementor-widget-wrap elementor-element-populated\">\n\t\t\t\t\t\t\t\t<section class=\"elementor-section elementor-inner-section elementor-element elementor-element-bfebca4 elementor-section-boxed elementor-section-height-default elementor-section-height-default\" data-id=\"bfebca4\" data-element_type=\"section\">\n\t\t\t\t\t\t<div class=\"elementor-container elementor-column-gap-default\">\n\t\t\t\t\t<div class=\"elementor-column elementor-col-50 elementor-inner-column elementor-element elementor-element-e0d9c13\" data-id=\"e0d9c13\" data-element_type=\"column\">\n\t\t\t<div class=\"elementor-widget-wrap\">\n\t\t\t\t\t\t\t\t\t<\/div>\n\t\t<\/div>\n\t\t\t\t<div class=\"elementor-column elementor-col-50 elementor-inner-column elementor-element elementor-element-4bba562\" data-id=\"4bba562\" data-element_type=\"column\">\n\t\t\t<div class=\"elementor-widget-wrap\">\n\t\t\t\t\t\t\t\t\t<\/div>\n\t\t<\/div>\n\t\t\t\t\t\t\t<\/div>\n\t\t<\/section>\n\t\t\t\t<div class=\"elementor-element elementor-element-26b589d elementor-widget elementor-widget-text-editor\" data-id=\"26b589d\" data-element_type=\"widget\" data-widget_type=\"text-editor.default\">\n\t\t\t\t<div class=\"elementor-widget-container\">\n\t\t\t\t\t\t\t<p><span style=\"text-decoration: underline;\"><strong>Neu angelegt in: <\/strong><\/span>1981<\/p><p>Neue Pflanzungen sukzessive ab 2017<\/p><p><span style=\"text-decoration: underline;\"><strong>Funktion: <\/strong><\/span>Die gr\u00f6\u00dfte Parkanlage in Dreieich. Mit dem Weiher, den Spielpl\u00e4tzen und Sitzgelegenheiten ist der Park f\u00fcr Jung und Alt ein Aufenthaltsmagnet. Nachdem in 2016 die Politik den B\u00fcrgerpark wieder in den Fokus ger\u00fcckt hat, wurden viele Bereiche aktiv angegangen und umgestaltet.<\/p><p>Ganz im Sinne \u201eStadtgr\u00fcn naturnah\u201c wird nach M\u00f6glichkeit naturnah umgestaltet oder gepflegt.<\/p><p><span style=\"text-decoration: underline;\"><strong>Uferbereiche:<br \/><\/strong><\/span>Die Randbereiche am Ufer rund um den Weiher werden nur noch 1x im Fr\u00fchjahr abgem\u00e4ht.<\/p><p>Diese Uferbereiche bilden Lebensraum f\u00fcr viele Insekten und Tiere.<\/p><p><span style=\"text-decoration: underline;\"><strong>Geh\u00f6lzsaumbereiche:<br \/><\/strong><\/span>Die Randbereiche zu Geh\u00f6lzstreifen werden als \u00dcbergang zum Rasen als Wiesenstreifen stehen gelassen, sodass sich hier auch Kleintiere und Insekten zur\u00fcckziehen k\u00f6nnen.<\/p>\t\t\t\t\t\t<\/div>\n\t\t\t\t<\/div>\n\t\t\t\t<section class=\"elementor-section elementor-inner-section elementor-element elementor-element-c144318 elementor-section-boxed elementor-section-height-default elementor-section-height-default\" data-id=\"c144318\" data-element_type=\"section\">\n\t\t\t\t\t\t<div class=\"elementor-container elementor-column-gap-default\">\n\t\t\t\t\t<div class=\"elementor-column elementor-col-50 elementor-inner-column elementor-element elementor-element-435baf7\" data-id=\"435baf7\" data-element_type=\"column\">\n\t\t\t<div class=\"elementor-widget-wrap elementor-element-populated\">\n\t\t\t\t\t\t\t\t<div class=\"elementor-element elementor-element-88be8a4 elementor-widget elementor-widget-image\" data-id=\"88be8a4\" data-element_type=\"widget\" data-widget_type=\"image.default\">\n\t\t\t\t<div class=\"elementor-widget-container\">\n\t\t\t\t\t\t\t\t\t\t\t\t<figure class=\"wp-caption\">\n\t\t\t\t\t\t\t\t\t\t\t<a href=\"https:\/\/dlb-aoer.de\/dreieich\/wp-content\/uploads\/sites\/4\/2021\/03\/S5VorherRosenh\u00fcgel.jpg\" data-elementor-open-lightbox=\"yes\" data-elementor-lightbox-title=\"S5-B\u00fcrgerpark: Rosenh\u00fcgel vorher\" data-e-action-hash=\"#elementor-action%3Aaction%3Dlightbox%26settings%3DeyJpZCI6MTc4MSwidXJsIjoiaHR0cHM6XC9cL2RsYi1hb2VyLmRlXC9kcmVpZWljaFwvd3AtY29udGVudFwvdXBsb2Fkc1wvc2l0ZXNcLzRcLzIwMjFcLzAzXC9TNVZvcmhlclJvc2VuaFx1MDBmY2dlbC5qcGcifQ%3D%3D\">\n\t\t\t\t\t\t\t<img loading=\"lazy\" decoding=\"async\" width=\"591\" height=\"591\" src=\"https:\/\/dlb-aoer.de\/dreieich\/wp-content\/uploads\/sites\/4\/2021\/03\/S5VorherRosenh\u00fcgel.jpg\" class=\"attachment-large size-large wp-image-1781\" alt=\"\" srcset=\"https:\/\/dlb-aoer.de\/dreieich\/wp-content\/uploads\/sites\/4\/2021\/03\/S5VorherRosenh\u00fcgel.jpg 591w, https:\/\/dlb-aoer.de\/dreieich\/wp-content\/uploads\/sites\/4\/2021\/03\/S5VorherRosenh\u00fcgel-300x300.jpg 300w, https:\/\/dlb-aoer.de\/dreieich\/wp-content\/uploads\/sites\/4\/2021\/03\/S5VorherRosenh\u00fcgel-150x150.jpg 150w, https:\/\/dlb-aoer.de\/dreieich\/wp-content\/uploads\/sites\/4\/2021\/03\/S5VorherRosenh\u00fcgel-230x230.jpg 230w, https:\/\/dlb-aoer.de\/dreieich\/wp-content\/uploads\/sites\/4\/2021\/03\/S5VorherRosenh\u00fcgel-350x350.jpg 350w, https:\/\/dlb-aoer.de\/dreieich\/wp-content\/uploads\/sites\/4\/2021\/03\/S5VorherRosenh\u00fcgel-480x480.jpg 480w\" sizes=\"auto, (max-width: 591px) 100vw, 591px\" \/>\t\t\t\t\t\t\t\t<\/a>\n\t\t\t\t\t\t\t\t\t\t\t<figcaption class=\"widget-image-caption wp-caption-text\">Rosenh\u00fcgel vorher<\/figcaption>\n\t\t\t\t\t\t\t\t\t\t<\/figure>\n\t\t\t\t\t\t\t\t\t<\/div>\n\t\t\t\t<\/div>\n\t\t\t\t\t<\/div>\n\t\t<\/div>\n\t\t\t\t<div class=\"elementor-column elementor-col-50 elementor-inner-column elementor-element elementor-element-4780705\" data-id=\"4780705\" data-element_type=\"column\">\n\t\t\t<div class=\"elementor-widget-wrap elementor-element-populated\">\n\t\t\t\t\t\t\t\t<div class=\"elementor-element elementor-element-ce571b7 elementor-widget elementor-widget-image\" data-id=\"ce571b7\" data-element_type=\"widget\" data-widget_type=\"image.default\">\n\t\t\t\t<div class=\"elementor-widget-container\">\n\t\t\t\t\t\t\t\t\t\t\t\t<figure class=\"wp-caption\">\n\t\t\t\t\t\t\t\t\t\t\t<a href=\"https:\/\/dlb-aoer.de\/dreieich\/wp-content\/uploads\/sites\/4\/2022\/02\/S5-Rosenh\u00fcgel-nachher.jpg\" data-elementor-open-lightbox=\"yes\" data-elementor-lightbox-title=\"S5 Rosenh\u00fcgel nachher\" data-e-action-hash=\"#elementor-action%3Aaction%3Dlightbox%26settings%3DeyJpZCI6MjMyMSwidXJsIjoiaHR0cHM6XC9cL2RsYi1hb2VyLmRlXC9kcmVpZWljaFwvd3AtY29udGVudFwvdXBsb2Fkc1wvc2l0ZXNcLzRcLzIwMjJcLzAyXC9TNS1Sb3NlbmhcdTAwZmNnZWwtbmFjaGhlci5qcGcifQ%3D%3D\">\n\t\t\t\t\t\t\t<img loading=\"lazy\" decoding=\"async\" width=\"1024\" height=\"1024\" src=\"https:\/\/dlb-aoer.de\/dreieich\/wp-content\/uploads\/sites\/4\/2022\/02\/S5-Rosenh\u00fcgel-nachher-1024x1024.jpg\" class=\"attachment-large size-large wp-image-2321\" alt=\"Rosenh\u00fcgel mit herbstlich bl\u00fchender Bepflanzung.\" srcset=\"https:\/\/dlb-aoer.de\/dreieich\/wp-content\/uploads\/sites\/4\/2022\/02\/S5-Rosenh\u00fcgel-nachher-1024x1024.jpg 1024w, https:\/\/dlb-aoer.de\/dreieich\/wp-content\/uploads\/sites\/4\/2022\/02\/S5-Rosenh\u00fcgel-nachher-300x300.jpg 300w, https:\/\/dlb-aoer.de\/dreieich\/wp-content\/uploads\/sites\/4\/2022\/02\/S5-Rosenh\u00fcgel-nachher-150x150.jpg 150w, https:\/\/dlb-aoer.de\/dreieich\/wp-content\/uploads\/sites\/4\/2022\/02\/S5-Rosenh\u00fcgel-nachher-768x768.jpg 768w, https:\/\/dlb-aoer.de\/dreieich\/wp-content\/uploads\/sites\/4\/2022\/02\/S5-Rosenh\u00fcgel-nachher-830x830.jpg 830w, https:\/\/dlb-aoer.de\/dreieich\/wp-content\/uploads\/sites\/4\/2022\/02\/S5-Rosenh\u00fcgel-nachher-230x230.jpg 230w, https:\/\/dlb-aoer.de\/dreieich\/wp-content\/uploads\/sites\/4\/2022\/02\/S5-Rosenh\u00fcgel-nachher-350x350.jpg 350w, https:\/\/dlb-aoer.de\/dreieich\/wp-content\/uploads\/sites\/4\/2022\/02\/S5-Rosenh\u00fcgel-nachher-480x480.jpg 480w, https:\/\/dlb-aoer.de\/dreieich\/wp-content\/uploads\/sites\/4\/2022\/02\/S5-Rosenh\u00fcgel-nachher.jpg 1200w\" sizes=\"auto, (max-width: 1024px) 100vw, 1024px\" \/>\t\t\t\t\t\t\t\t<\/a>\n\t\t\t\t\t\t\t\t\t\t\t<figcaption class=\"widget-image-caption wp-caption-text\">Rosenh\u00fcgel nachher<\/figcaption>\n\t\t\t\t\t\t\t\t\t\t<\/figure>\n\t\t\t\t\t\t\t\t\t<\/div>\n\t\t\t\t<\/div>\n\t\t\t\t\t<\/div>\n\t\t<\/div>\n\t\t\t\t\t\t\t<\/div>\n\t\t<\/section>\n\t\t\t\t<div class=\"elementor-element elementor-element-6dbdb0e elementor-widget elementor-widget-text-editor\" data-id=\"6dbdb0e\" data-element_type=\"widget\" data-widget_type=\"text-editor.default\">\n\t\t\t\t<div class=\"elementor-widget-container\">\n\t\t\t\t\t\t\t<p><strong><span style=\"text-decoration: underline;\">Rosenh\u00fcgel:<\/span><br \/><\/strong>Die Pflanzung war bisher von Kiefern, Feuerdornhecken und Berberitzen dominiert und \u00fcber die Jahre extrem zugewachsen.<\/p><p>In 2018 wurde der Rosenh\u00fcgel ausgelichtet und neue Pflanzen gesetzt, darunter auch Beet- und Wildrosen, die den Rosenh\u00fcgel seinem Namen wieder alle Ehre machen lassen.<\/p><p><span style=\"text-decoration: underline;\"><strong>Standortbedingungen:<\/strong><\/span><\/p><ul><li>trocken<\/li><li>sonnig bis halbschattig<\/li><li>zum Teil B\u00f6schungsneigung<\/li><\/ul><p><span style=\"text-decoration: underline;\"><strong>Pflanzliste verwendeter Pflanzen:<\/strong><\/span> \u00dcbersicht als <a href=\"https:\/\/dlb-aoer.de\/dreieich\/wp-content\/uploads\/sites\/4\/2021\/05\/S5-B\u00fcrgerpark-Rosenh\u00fcgel.pdf\">PDF-Datei<\/a>.<\/p><p><u>Presseartikel Rosenpflanzung<\/u> (Artikel Dreieich Zeitung 23-5-18 Rosenh\u00fcgel)<\/p>\t\t\t\t\t\t<\/div>\n\t\t\t\t<\/div>\n\t\t\t\t<section class=\"elementor-section elementor-inner-section elementor-element elementor-element-6f61d79 elementor-section-boxed elementor-section-height-default elementor-section-height-default\" data-id=\"6f61d79\" data-element_type=\"section\">\n\t\t\t\t\t\t<div class=\"elementor-container elementor-column-gap-default\">\n\t\t\t\t\t<div class=\"elementor-column elementor-col-50 elementor-inner-column elementor-element elementor-element-7041977\" data-id=\"7041977\" data-element_type=\"column\">\n\t\t\t<div class=\"elementor-widget-wrap elementor-element-populated\">\n\t\t\t\t\t\t\t\t<div class=\"elementor-element elementor-element-87e5c5f elementor-widget elementor-widget-image\" data-id=\"87e5c5f\" data-element_type=\"widget\" data-widget_type=\"image.default\">\n\t\t\t\t<div class=\"elementor-widget-container\">\n\t\t\t\t\t\t\t\t\t\t\t\t<figure class=\"wp-caption\">\n\t\t\t\t\t\t\t\t\t\t\t<a href=\"https:\/\/dlb-aoer.de\/dreieich\/wp-content\/uploads\/sites\/4\/2021\/04\/S5Vorher-Zeitschwangere.jpg\" data-elementor-open-lightbox=\"yes\" data-elementor-lightbox-title=\"S5 B\u00fcrgerpark: Vorher Zeitschwangere\" data-e-action-hash=\"#elementor-action%3Aaction%3Dlightbox%26settings%3DeyJpZCI6MTg4NywidXJsIjoiaHR0cHM6XC9cL2RsYi1hb2VyLmRlXC9kcmVpZWljaFwvd3AtY29udGVudFwvdXBsb2Fkc1wvc2l0ZXNcLzRcLzIwMjFcLzA0XC9TNVZvcmhlci1aZWl0c2Nod2FuZ2VyZS5qcGcifQ%3D%3D\">\n\t\t\t\t\t\t\t<img loading=\"lazy\" decoding=\"async\" width=\"591\" height=\"591\" src=\"https:\/\/dlb-aoer.de\/dreieich\/wp-content\/uploads\/sites\/4\/2021\/04\/S5Vorher-Zeitschwangere.jpg\" class=\"attachment-large size-large wp-image-1887\" alt=\"\" srcset=\"https:\/\/dlb-aoer.de\/dreieich\/wp-content\/uploads\/sites\/4\/2021\/04\/S5Vorher-Zeitschwangere.jpg 591w, https:\/\/dlb-aoer.de\/dreieich\/wp-content\/uploads\/sites\/4\/2021\/04\/S5Vorher-Zeitschwangere-300x300.jpg 300w, https:\/\/dlb-aoer.de\/dreieich\/wp-content\/uploads\/sites\/4\/2021\/04\/S5Vorher-Zeitschwangere-150x150.jpg 150w, https:\/\/dlb-aoer.de\/dreieich\/wp-content\/uploads\/sites\/4\/2021\/04\/S5Vorher-Zeitschwangere-230x230.jpg 230w, https:\/\/dlb-aoer.de\/dreieich\/wp-content\/uploads\/sites\/4\/2021\/04\/S5Vorher-Zeitschwangere-350x350.jpg 350w, https:\/\/dlb-aoer.de\/dreieich\/wp-content\/uploads\/sites\/4\/2021\/04\/S5Vorher-Zeitschwangere-480x480.jpg 480w\" sizes=\"auto, (max-width: 591px) 100vw, 591px\" \/>\t\t\t\t\t\t\t\t<\/a>\n\t\t\t\t\t\t\t\t\t\t\t<figcaption class=\"widget-image-caption wp-caption-text\">Zeitschwangere vorher<\/figcaption>\n\t\t\t\t\t\t\t\t\t\t<\/figure>\n\t\t\t\t\t\t\t\t\t<\/div>\n\t\t\t\t<\/div>\n\t\t\t\t\t<\/div>\n\t\t<\/div>\n\t\t\t\t<div class=\"elementor-column elementor-col-50 elementor-inner-column elementor-element elementor-element-37e4887\" data-id=\"37e4887\" data-element_type=\"column\">\n\t\t\t<div class=\"elementor-widget-wrap elementor-element-populated\">\n\t\t\t\t\t\t\t\t<div class=\"elementor-element elementor-element-0689cd0 elementor-widget elementor-widget-image\" data-id=\"0689cd0\" data-element_type=\"widget\" data-widget_type=\"image.default\">\n\t\t\t\t<div class=\"elementor-widget-container\">\n\t\t\t\t\t\t\t\t\t\t\t\t<figure class=\"wp-caption\">\n\t\t\t\t\t\t\t\t\t\t\t<a href=\"https:\/\/dlb-aoer.de\/dreieich\/wp-content\/uploads\/sites\/4\/2021\/04\/S5Nachher-Zeitschwangere.jpg\" data-elementor-open-lightbox=\"yes\" data-elementor-lightbox-title=\"S5-B\u00fcrgerpark: Nachher Zeitschwangere\" data-e-action-hash=\"#elementor-action%3Aaction%3Dlightbox%26settings%3DeyJpZCI6MTg4NiwidXJsIjoiaHR0cHM6XC9cL2RsYi1hb2VyLmRlXC9kcmVpZWljaFwvd3AtY29udGVudFwvdXBsb2Fkc1wvc2l0ZXNcLzRcLzIwMjFcLzA0XC9TNU5hY2hoZXItWmVpdHNjaHdhbmdlcmUuanBnIn0%3D\">\n\t\t\t\t\t\t\t<img loading=\"lazy\" decoding=\"async\" width=\"591\" height=\"591\" src=\"https:\/\/dlb-aoer.de\/dreieich\/wp-content\/uploads\/sites\/4\/2021\/04\/S5Nachher-Zeitschwangere.jpg\" class=\"attachment-large size-large wp-image-1886\" alt=\"\" srcset=\"https:\/\/dlb-aoer.de\/dreieich\/wp-content\/uploads\/sites\/4\/2021\/04\/S5Nachher-Zeitschwangere.jpg 591w, https:\/\/dlb-aoer.de\/dreieich\/wp-content\/uploads\/sites\/4\/2021\/04\/S5Nachher-Zeitschwangere-300x300.jpg 300w, https:\/\/dlb-aoer.de\/dreieich\/wp-content\/uploads\/sites\/4\/2021\/04\/S5Nachher-Zeitschwangere-150x150.jpg 150w, https:\/\/dlb-aoer.de\/dreieich\/wp-content\/uploads\/sites\/4\/2021\/04\/S5Nachher-Zeitschwangere-230x230.jpg 230w, https:\/\/dlb-aoer.de\/dreieich\/wp-content\/uploads\/sites\/4\/2021\/04\/S5Nachher-Zeitschwangere-350x350.jpg 350w, https:\/\/dlb-aoer.de\/dreieich\/wp-content\/uploads\/sites\/4\/2021\/04\/S5Nachher-Zeitschwangere-480x480.jpg 480w\" sizes=\"auto, (max-width: 591px) 100vw, 591px\" \/>\t\t\t\t\t\t\t\t<\/a>\n\t\t\t\t\t\t\t\t\t\t\t<figcaption class=\"widget-image-caption wp-caption-text\">Zeitschwangere nachher<\/figcaption>\n\t\t\t\t\t\t\t\t\t\t<\/figure>\n\t\t\t\t\t\t\t\t\t<\/div>\n\t\t\t\t<\/div>\n\t\t\t\t\t<\/div>\n\t\t<\/div>\n\t\t\t\t\t\t\t<\/div>\n\t\t<\/section>\n\t\t\t\t<div class=\"elementor-element elementor-element-70c011d elementor-widget elementor-widget-text-editor\" data-id=\"70c011d\" data-element_type=\"widget\" data-widget_type=\"text-editor.default\">\n\t\t\t\t<div class=\"elementor-widget-container\">\n\t\t\t\t\t\t\t<p><strong><span style=\"text-decoration: underline;\">Zeitschwangere:<\/span><br \/><\/strong>Der Sitzplatz wurde bisher ebenfalls von Kiefern dominiert. Nach einer Rodung, die die Sichtbeziehungen zum Sitzplatz wiederherstellte, wurden in 2017 erg\u00e4nzend Stauden gepflanzt.<\/p><p><span style=\"text-decoration: underline;\"><strong>Standortbedingungen:<\/strong><\/span><\/p><ul><li>trocken, gut durchl\u00e4ssig<\/li><li>sonnig bis halbschattig<\/li><\/ul><p><span style=\"text-decoration: underline;\"><strong>Pflanzliste verwendeter Pflanzen:<\/strong><\/span> \u00dcbersicht als <a href=\"https:\/\/dlb-aoer.de\/dreieich\/wp-content\/uploads\/sites\/4\/2021\/05\/S5-B\u00fcrgerpark-Zeitschwangere.pdf\">PDF-Datei<\/a>.<\/p>\t\t\t\t\t\t<\/div>\n\t\t\t\t<\/div>\n\t\t\t\t\t<\/div>\n\t\t<\/div>\n\t\t\t\t\t\t\t<\/div>\n\t\t<\/section>\n\t\t\t\t\t\t\t<\/div>\n\t\t","protected":false},"excerpt":{"rendered":"<p>Gr\u00fcnfl\u00e4chen mit dem Label Natur Pur k\u00f6nnen hier eingesehen werden.<\/p>\n","protected":false},"author":2,"featured_media":1348,"parent":270,"menu_order":7,"comment_status":"closed","ping_status":"closed","template":"","meta":{"inline_featured_image":false,"footnotes":"","_links_to":"","_links_to_target":""},"class_list":["post-1523","page","type-page","status-publish","has-post-thumbnail","hentry"],"yoast_head":"<!-- This site is optimized with the Yoast SEO plugin v21.6 - https:\/\/yoast.com\/wordpress\/plugins\/seo\/ -->\n<title>Sprendlingen \u2013 S5-B\u00fcrgerpark - DLB Dreieich<\/title>\n<meta name=\"robots\" content=\"index, follow, max-snippet:-1, max-image-preview:large, max-video-preview:-1\" \/>\n<link rel=\"canonical\" href=\"https:\/\/dlb-aoer.de\/dreieich\/gruen-spiel-sport\/gruenflachen\/s5-buergerpark\/\" \/>\n<meta property=\"og:locale\" content=\"de_DE\" \/>\n<meta property=\"og:type\" content=\"article\" \/>\n<meta property=\"og:title\" content=\"Sprendlingen \u2013 S5-B\u00fcrgerpark - DLB Dreieich\" \/>\n<meta property=\"og:description\" content=\"Gr\u00fcnfl\u00e4chen mit dem Label Natur Pur k\u00f6nnen hier eingesehen werden.\" \/>\n<meta property=\"og:url\" content=\"https:\/\/dlb-aoer.de\/dreieich\/gruen-spiel-sport\/gruenflachen\/s5-buergerpark\/\" \/>\n<meta property=\"og:site_name\" content=\"DLB Dreieich\" \/>\n<meta property=\"article:modified_time\" content=\"2022-02-04T06:57:45+00:00\" \/>\n<meta property=\"og:image\" content=\"https:\/\/dlb-aoer.de\/dreieich\/wp-content\/uploads\/sites\/4\/2020\/12\/4Stauden-Kurt-Schumacher-Stra\u00dfe-e1608715088924.jpg\" \/>\n\t<meta property=\"og:image:width\" content=\"1217\" \/>\n\t<meta property=\"og:image:height\" content=\"1090\" \/>\n\t<meta property=\"og:image:type\" content=\"image\/jpeg\" \/>\n<meta name=\"twitter:card\" content=\"summary_large_image\" \/>\n<meta name=\"twitter:label1\" content=\"Gesch\u00e4tzte Lesezeit\" \/>\n\t<meta name=\"twitter:data1\" content=\"1\u00a0Minute\" \/>\n<script type=\"application\/ld+json\" class=\"yoast-schema-graph\">{\"@context\":\"https:\/\/schema.org\",\"@graph\":[{\"@type\":\"WebPage\",\"@id\":\"https:\/\/dlb-aoer.de\/dreieich\/gruen-spiel-sport\/gruenflachen\/s5-buergerpark\/\",\"url\":\"https:\/\/dlb-aoer.de\/dreieich\/gruen-spiel-sport\/gruenflachen\/s5-buergerpark\/\",\"name\":\"Sprendlingen \u2013 S5-B\u00fcrgerpark - DLB Dreieich\",\"isPartOf\":{\"@id\":\"https:\/\/dlb-aoer.de\/dreieich\/#website\"},\"datePublished\":\"2021-02-26T11:17:25+00:00\",\"dateModified\":\"2022-02-04T06:57:45+00:00\",\"breadcrumb\":{\"@id\":\"https:\/\/dlb-aoer.de\/dreieich\/gruen-spiel-sport\/gruenflachen\/s5-buergerpark\/#breadcrumb\"},\"inLanguage\":\"de\",\"potentialAction\":[{\"@type\":\"ReadAction\",\"target\":[\"https:\/\/dlb-aoer.de\/dreieich\/gruen-spiel-sport\/gruenflachen\/s5-buergerpark\/\"]}]},{\"@type\":\"BreadcrumbList\",\"@id\":\"https:\/\/dlb-aoer.de\/dreieich\/gruen-spiel-sport\/gruenflachen\/s5-buergerpark\/#breadcrumb\",\"itemListElement\":[{\"@type\":\"ListItem\",\"position\":1,\"name\":\"Startseite\",\"item\":\"https:\/\/dlb-aoer.de\/dreieich\/\"},{\"@type\":\"ListItem\",\"position\":2,\"name\":\"Gr\u00fcn\/Spiel\/Sport\",\"item\":\"https:\/\/dlb-aoer.de\/dreieich\/gruen-spiel-sport\/\"},{\"@type\":\"ListItem\",\"position\":3,\"name\":\"Gr\u00fcnfl\u00e4chen\",\"item\":\"https:\/\/dlb-aoer.de\/dreieich\/gruen-spiel-sport\/gruenflachen\/\"},{\"@type\":\"ListItem\",\"position\":4,\"name\":\"Sprendlingen \u2013 S5-B\u00fcrgerpark\"}]},{\"@type\":\"WebSite\",\"@id\":\"https:\/\/dlb-aoer.de\/dreieich\/#website\",\"url\":\"https:\/\/dlb-aoer.de\/dreieich\/\",\"name\":\"DLB Dreieich\",\"description\":\"\",\"publisher\":{\"@id\":\"https:\/\/dlb-aoer.de\/dreieich\/#organization\"},\"potentialAction\":[{\"@type\":\"SearchAction\",\"target\":{\"@type\":\"EntryPoint\",\"urlTemplate\":\"https:\/\/dlb-aoer.de\/dreieich\/?s={search_term_string}\"},\"query-input\":\"required name=search_term_string\"}],\"inLanguage\":\"de\"},{\"@type\":\"Organization\",\"@id\":\"https:\/\/dlb-aoer.de\/dreieich\/#organization\",\"name\":\"Dienstleistungsbetrieb Dreieich und Neu-Isenburg A\u00f6R\",\"url\":\"https:\/\/dlb-aoer.de\/dreieich\/\",\"logo\":{\"@type\":\"ImageObject\",\"inLanguage\":\"de\",\"@id\":\"https:\/\/dlb-aoer.de\/dreieich\/#\/schema\/logo\/image\/\",\"url\":\"https:\/\/dlb-aoer.de\/dreieich\/wp-content\/uploads\/sites\/4\/2019\/10\/DLB_Logo_orange.svg\",\"contentUrl\":\"https:\/\/dlb-aoer.de\/dreieich\/wp-content\/uploads\/sites\/4\/2019\/10\/DLB_Logo_orange.svg\",\"width\":1,\"height\":1,\"caption\":\"Dienstleistungsbetrieb Dreieich und Neu-Isenburg A\u00f6R\"},\"image\":{\"@id\":\"https:\/\/dlb-aoer.de\/dreieich\/#\/schema\/logo\/image\/\"}}]}<\/script>\n<!-- \/ Yoast SEO plugin. -->","yoast_head_json":{"title":"Sprendlingen \u2013 S5-B\u00fcrgerpark - DLB Dreieich","robots":{"index":"index","follow":"follow","max-snippet":"max-snippet:-1","max-image-preview":"max-image-preview:large","max-video-preview":"max-video-preview:-1"},"canonical":"https:\/\/dlb-aoer.de\/dreieich\/gruen-spiel-sport\/gruenflachen\/s5-buergerpark\/","og_locale":"de_DE","og_type":"article","og_title":"Sprendlingen \u2013 S5-B\u00fcrgerpark - DLB Dreieich","og_description":"Gr\u00fcnfl\u00e4chen mit dem Label Natur Pur k\u00f6nnen hier eingesehen werden.","og_url":"https:\/\/dlb-aoer.de\/dreieich\/gruen-spiel-sport\/gruenflachen\/s5-buergerpark\/","og_site_name":"DLB Dreieich","article_modified_time":"2022-02-04T06:57:45+00:00","og_image":[{"width":1217,"height":1090,"url":"https:\/\/dlb-aoer.de\/dreieich\/wp-content\/uploads\/sites\/4\/2020\/12\/4Stauden-Kurt-Schumacher-Stra\u00dfe-e1608715088924.jpg","type":"image\/jpeg"}],"twitter_card":"summary_large_image","twitter_misc":{"Gesch\u00e4tzte Lesezeit":"1\u00a0Minute"},"schema":{"@context":"https:\/\/schema.org","@graph":[{"@type":"WebPage","@id":"https:\/\/dlb-aoer.de\/dreieich\/gruen-spiel-sport\/gruenflachen\/s5-buergerpark\/","url":"https:\/\/dlb-aoer.de\/dreieich\/gruen-spiel-sport\/gruenflachen\/s5-buergerpark\/","name":"Sprendlingen \u2013 S5-B\u00fcrgerpark - DLB Dreieich","isPartOf":{"@id":"https:\/\/dlb-aoer.de\/dreieich\/#website"},"datePublished":"2021-02-26T11:17:25+00:00","dateModified":"2022-02-04T06:57:45+00:00","breadcrumb":{"@id":"https:\/\/dlb-aoer.de\/dreieich\/gruen-spiel-sport\/gruenflachen\/s5-buergerpark\/#breadcrumb"},"inLanguage":"de","potentialAction":[{"@type":"ReadAction","target":["https:\/\/dlb-aoer.de\/dreieich\/gruen-spiel-sport\/gruenflachen\/s5-buergerpark\/"]}]},{"@type":"BreadcrumbList","@id":"https:\/\/dlb-aoer.de\/dreieich\/gruen-spiel-sport\/gruenflachen\/s5-buergerpark\/#breadcrumb","itemListElement":[{"@type":"ListItem","position":1,"name":"Startseite","item":"https:\/\/dlb-aoer.de\/dreieich\/"},{"@type":"ListItem","position":2,"name":"Gr\u00fcn\/Spiel\/Sport","item":"https:\/\/dlb-aoer.de\/dreieich\/gruen-spiel-sport\/"},{"@type":"ListItem","position":3,"name":"Gr\u00fcnfl\u00e4chen","item":"https:\/\/dlb-aoer.de\/dreieich\/gruen-spiel-sport\/gruenflachen\/"},{"@type":"ListItem","position":4,"name":"Sprendlingen \u2013 S5-B\u00fcrgerpark"}]},{"@type":"WebSite","@id":"https:\/\/dlb-aoer.de\/dreieich\/#website","url":"https:\/\/dlb-aoer.de\/dreieich\/","name":"DLB Dreieich","description":"","publisher":{"@id":"https:\/\/dlb-aoer.de\/dreieich\/#organization"},"potentialAction":[{"@type":"SearchAction","target":{"@type":"EntryPoint","urlTemplate":"https:\/\/dlb-aoer.de\/dreieich\/?s={search_term_string}"},"query-input":"required name=search_term_string"}],"inLanguage":"de"},{"@type":"Organization","@id":"https:\/\/dlb-aoer.de\/dreieich\/#organization","name":"Dienstleistungsbetrieb Dreieich und Neu-Isenburg A\u00f6R","url":"https:\/\/dlb-aoer.de\/dreieich\/","logo":{"@type":"ImageObject","inLanguage":"de","@id":"https:\/\/dlb-aoer.de\/dreieich\/#\/schema\/logo\/image\/","url":"https:\/\/dlb-aoer.de\/dreieich\/wp-content\/uploads\/sites\/4\/2019\/10\/DLB_Logo_orange.svg","contentUrl":"https:\/\/dlb-aoer.de\/dreieich\/wp-content\/uploads\/sites\/4\/2019\/10\/DLB_Logo_orange.svg","width":1,"height":1,"caption":"Dienstleistungsbetrieb Dreieich und Neu-Isenburg A\u00f6R"},"image":{"@id":"https:\/\/dlb-aoer.de\/dreieich\/#\/schema\/logo\/image\/"}}]}},"_links":{"self":[{"href":"https:\/\/dlb-aoer.de\/dreieich\/wp-json\/wp\/v2\/pages\/1523","targetHints":{"allow":["GET"]}}],"collection":[{"href":"https:\/\/dlb-aoer.de\/dreieich\/wp-json\/wp\/v2\/pages"}],"about":[{"href":"https:\/\/dlb-aoer.de\/dreieich\/wp-json\/wp\/v2\/types\/page"}],"author":[{"embeddable":true,"href":"https:\/\/dlb-aoer.de\/dreieich\/wp-json\/wp\/v2\/users\/2"}],"replies":[{"embeddable":true,"href":"https:\/\/dlb-aoer.de\/dreieich\/wp-json\/wp\/v2\/comments?post=1523"}],"version-history":[{"count":12,"href":"https:\/\/dlb-aoer.de\/dreieich\/wp-json\/wp\/v2\/pages\/1523\/revisions"}],"predecessor-version":[{"id":2324,"href":"https:\/\/dlb-aoer.de\/dreieich\/wp-json\/wp\/v2\/pages\/1523\/revisions\/2324"}],"up":[{"embeddable":true,"href":"https:\/\/dlb-aoer.de\/dreieich\/wp-json\/wp\/v2\/pages\/270"}],"wp:featuredmedia":[{"embeddable":true,"href":"https:\/\/dlb-aoer.de\/dreieich\/wp-json\/wp\/v2\/media\/1348"}],"wp:attachment":[{"href":"https:\/\/dlb-aoer.de\/dreieich\/wp-json\/wp\/v2\/media?parent=1523"}],"curies":[{"name":"wp","href":"https:\/\/api.w.org\/{rel}","templated":true}]}}