{"id":151,"date":"2019-05-12T18:06:43","date_gmt":"2019-05-12T16:06:43","guid":{"rendered":"https:\/\/www.dlb-aoer.de\/dreieich\/?page_id=151"},"modified":"2025-12-18T12:40:01","modified_gmt":"2025-12-18T11:40:01","slug":"muellgefaesse-saecke","status":"publish","type":"page","link":"https:\/\/dlb-aoer.de\/dreieich\/abfall\/muellgefaesse-saecke\/","title":{"rendered":"M\u00fcllgef\u00e4\u00dfe und S\u00e4cke"},"content":{"rendered":"\t\t<div data-elementor-type=\"wp-post\" data-elementor-id=\"151\" class=\"elementor elementor-151\">\n\t\t\t\t\t\t\t\t\t<section class=\"elementor-section elementor-top-section elementor-element elementor-element-19b0a95 elementor-section-stretched elementor-section-boxed elementor-section-height-default elementor-section-height-default\" data-id=\"19b0a95\" data-element_type=\"section\" data-settings=\"{&quot;stretch_section&quot;:&quot;section-stretched&quot;,&quot;background_background&quot;:&quot;classic&quot;}\">\n\t\t\t\t\t\t<div class=\"elementor-container elementor-column-gap-default\">\n\t\t\t\t\t<div class=\"elementor-column elementor-col-100 elementor-top-column elementor-element elementor-element-52e661d\" data-id=\"52e661d\" data-element_type=\"column\" data-settings=\"{&quot;background_background&quot;:&quot;classic&quot;}\">\n\t\t\t<div class=\"elementor-widget-wrap elementor-element-populated\">\n\t\t\t\t\t\t\t\t<section class=\"elementor-section elementor-inner-section elementor-element elementor-element-952163b border-plus-margin elementor-section-boxed elementor-section-height-default elementor-section-height-default\" data-id=\"952163b\" data-element_type=\"section\">\n\t\t\t\t\t\t<div class=\"elementor-container elementor-column-gap-default\">\n\t\t\t\t\t<div class=\"elementor-column elementor-col-50 elementor-inner-column elementor-element elementor-element-cbf96a1\" data-id=\"cbf96a1\" data-element_type=\"column\">\n\t\t\t<div class=\"elementor-widget-wrap elementor-element-populated\">\n\t\t\t\t\t\t\t\t<div class=\"elementor-element elementor-element-e56d4af elementor-widget elementor-widget-image\" data-id=\"e56d4af\" data-element_type=\"widget\" data-widget_type=\"image.default\">\n\t\t\t\t<div class=\"elementor-widget-container\">\n\t\t\t\t\t\t\t\t\t\t\t\t\t\t\t<img decoding=\"async\" src=\"https:\/\/dlb-aoer.de\/neu-isenburg\/wp-content\/uploads\/sites\/2\/2021\/12\/DLB-August-2010-529-3977x1503-1-scaled-e1639637527256.jpg\" title=\"\" alt=\"\" loading=\"lazy\" \/>\t\t\t\t\t\t\t\t\t\t\t\t\t\t\t<\/div>\n\t\t\t\t<\/div>\n\t\t\t\t\t<\/div>\n\t\t<\/div>\n\t\t\t\t<div class=\"elementor-column elementor-col-50 elementor-inner-column elementor-element elementor-element-08d5a92\" data-id=\"08d5a92\" data-element_type=\"column\">\n\t\t\t<div class=\"elementor-widget-wrap elementor-element-populated\">\n\t\t\t\t\t\t\t\t<div class=\"elementor-element elementor-element-6d92926 elementor-widget elementor-widget-text-editor\" data-id=\"6d92926\" data-element_type=\"widget\" data-widget_type=\"text-editor.default\">\n\t\t\t\t<div class=\"elementor-widget-container\">\n\t\t\t\t\t\t\t<p><strong style=\"background-color: transparent;\">Ansprechpartner:<\/strong><\/p><p>Tel. 06102-3702-349<br \/>Fax. 06102-3702-499<\/p><p><a href=\"mailto:abfallwirtschaft@dlb-aoer.de\"><img loading=\"lazy\" decoding=\"async\" class=\"alignnone wp-image-2828\" src=\"https:\/\/dlb-aoer.de\/dreieich\/wp-content\/uploads\/sites\/4\/2022\/08\/Email3.png\" alt=\"E-Mail schreiben\" width=\"45\" height=\"37\" srcset=\"https:\/\/dlb-aoer.de\/dreieich\/wp-content\/uploads\/sites\/4\/2022\/08\/Email3.png 288w, https:\/\/dlb-aoer.de\/dreieich\/wp-content\/uploads\/sites\/4\/2022\/08\/Email3-230x190.png 230w\" sizes=\"auto, (max-width: 45px) 100vw, 45px\" \/><\/a><\/p><p><a href=\"https:\/\/dlb-aoer.de\/dreieich\/abfall\/formulare\/\">Antragsformulare<\/a><\/p>\t\t\t\t\t\t<\/div>\n\t\t\t\t<\/div>\n\t\t\t\t\t<\/div>\n\t\t<\/div>\n\t\t\t\t\t\t\t<\/div>\n\t\t<\/section>\n\t\t\t\t<section class=\"elementor-section elementor-inner-section elementor-element elementor-element-c5257f4 border-plus-margin elementor-section-boxed elementor-section-height-default elementor-section-height-default\" data-id=\"c5257f4\" data-element_type=\"section\">\n\t\t\t\t\t\t<div class=\"elementor-container elementor-column-gap-default\">\n\t\t\t\t\t<div class=\"elementor-column elementor-col-100 elementor-inner-column elementor-element elementor-element-2182171\" data-id=\"2182171\" data-element_type=\"column\">\n\t\t\t<div class=\"elementor-widget-wrap elementor-element-populated\">\n\t\t\t\t\t\t\t\t<div class=\"elementor-element elementor-element-c932c25 elementor-widget elementor-widget-heading\" data-id=\"c932c25\" data-element_type=\"widget\" data-widget_type=\"heading.default\">\n\t\t\t\t<div class=\"elementor-widget-container\">\n\t\t\t<h2 class=\"elementor-heading-title elementor-size-default\">Arten und Gr\u00f6\u00dfen von M\u00fcllgef\u00e4\u00dfen<\/h2>\t\t<\/div>\n\t\t\t\t<\/div>\n\t\t\t\t<div class=\"elementor-element elementor-element-e37bc67 elementor-widget elementor-widget-text-editor\" data-id=\"e37bc67\" data-element_type=\"widget\" data-widget_type=\"text-editor.default\">\n\t\t\t\t<div class=\"elementor-widget-container\">\n\t\t\t\t\t\t\t<table><tbody><tr><td>Restm\u00fcll:<\/td><td>\u00a040, 60, 80, 120, 240, 770 oder 1.100 Liter<\/td><\/tr><tr><td>Biom\u00fcll:<\/td><td>120 oder 240 Liter<\/td><\/tr><tr><td>Altpapier:<\/td><td>120, 240 oder 1.100 Liter<\/td><\/tr><tr><td>\u00a0<\/td><td>\u00a0<\/td><\/tr><\/tbody><\/table><p>Bei allen Gr\u00f6\u00dfen handelt es sich um Kunststoffbeh\u00e4lter &#8211; Metallbeh\u00e4lter werden nicht mehr ausgegeben. Informationen zu den Geb\u00fchren der jeweiligen Beh\u00e4ltergr\u00f6\u00dfen entnehmen Sie bitte der Rubrik <a href=\"\/dreieich\/abfall\/abfallgebuehren\/\">Abfallgeb\u00fchren<\/a>.<\/p>\t\t\t\t\t\t<\/div>\n\t\t\t\t<\/div>\n\t\t\t\t\t<\/div>\n\t\t<\/div>\n\t\t\t\t\t\t\t<\/div>\n\t\t<\/section>\n\t\t\t\t<section class=\"elementor-section elementor-inner-section elementor-element elementor-element-52240d5 border-plus-margin elementor-section-boxed elementor-section-height-default elementor-section-height-default\" data-id=\"52240d5\" data-element_type=\"section\">\n\t\t\t\t\t\t<div class=\"elementor-container elementor-column-gap-default\">\n\t\t\t\t\t<div class=\"elementor-column elementor-col-100 elementor-inner-column elementor-element elementor-element-e912d51\" data-id=\"e912d51\" data-element_type=\"column\">\n\t\t\t<div class=\"elementor-widget-wrap elementor-element-populated\">\n\t\t\t\t\t\t\t\t<div class=\"elementor-element elementor-element-5946bdc elementor-widget elementor-widget-heading\" data-id=\"5946bdc\" data-element_type=\"widget\" data-widget_type=\"heading.default\">\n\t\t\t\t<div class=\"elementor-widget-container\">\n\t\t\t<h2 class=\"elementor-heading-title elementor-size-default\">Anmeldung\/ Abmeldung\/ Ummeldung eines M\u00fcllgef\u00e4\u00dfes<\/h2>\t\t<\/div>\n\t\t\t\t<\/div>\n\t\t\t\t<div class=\"elementor-element elementor-element-4b0cfab elementor-widget elementor-widget-text-editor\" data-id=\"4b0cfab\" data-element_type=\"widget\" data-widget_type=\"text-editor.default\">\n\t\t\t\t<div class=\"elementor-widget-container\">\n\t\t\t\t\t\t\t<p>Voraussetzung: Sie m\u00fcssen Eigent\u00fcmer\/in bzw. Bevollm\u00e4chtigte\/r der jeweiligen Liegenschaft sein.<\/p><p>Ist diese Voraussetzung erf\u00fcllt, so senden Sie uns einen formlosen <a href=\"https:\/\/dlb-aoer.de\/dreieich\/abfall\/formulare\/\">\u00c4nderungsantrag<\/a> mit Ihren Kontaktdaten per <a href=\"mailto:abfallwirtschaft@dlb-aoer.de\">E-Mail<\/a>, Post oder Fax zu und Ihr Antrag wird schnellstm\u00f6glich bearbeitet. Gern k\u00f6nnen Sie auch pers\u00f6nlich vorbeikommen und uns Ihren \u00c4nderungswunsch mitteilen.<br \/>Fragen beantworten wir Ihnen gerne unter 06102 \/ 3702-349.<\/p><p>Bitte beachten Sie die <a href=\"https:\/\/dlb-aoer.de\/dreieich\/wp-content\/uploads\/sites\/4\/2022\/01\/Abfallsatzung_ab_01.01.2022.pdf\">Abfallsatzung<\/a> der Stadt Dreieich, die ein Mindestvolumen von 7,5 Liter pro angemeldeter Person und Woche f\u00fcr Ihr Restm\u00fcllgef\u00e4\u00df vorgibt.<\/p>\t\t\t\t\t\t<\/div>\n\t\t\t\t<\/div>\n\t\t\t\t\t<\/div>\n\t\t<\/div>\n\t\t\t\t\t\t\t<\/div>\n\t\t<\/section>\n\t\t\t\t<section class=\"elementor-section elementor-inner-section elementor-element elementor-element-d9f3745 border-plus-margin elementor-section-boxed elementor-section-height-default elementor-section-height-default\" data-id=\"d9f3745\" data-element_type=\"section\">\n\t\t\t\t\t\t<div class=\"elementor-container elementor-column-gap-default\">\n\t\t\t\t\t<div class=\"elementor-column elementor-col-100 elementor-inner-column elementor-element elementor-element-a155dda\" data-id=\"a155dda\" data-element_type=\"column\">\n\t\t\t<div class=\"elementor-widget-wrap elementor-element-populated\">\n\t\t\t\t\t\t\t\t<div class=\"elementor-element elementor-element-1365acd elementor-widget elementor-widget-heading\" data-id=\"1365acd\" data-element_type=\"widget\" data-widget_type=\"heading.default\">\n\t\t\t\t<div class=\"elementor-widget-container\">\n\t\t\t<h2 class=\"elementor-heading-title elementor-size-default\">Anschaffung M\u00fcllbeh\u00e4lter<\/h2>\t\t<\/div>\n\t\t\t\t<\/div>\n\t\t\t\t<div class=\"elementor-element elementor-element-df794c1 elementor-widget elementor-widget-text-editor\" data-id=\"df794c1\" data-element_type=\"widget\" data-widget_type=\"text-editor.default\">\n\t\t\t\t<div class=\"elementor-widget-container\">\n\t\t\t\t\t\t\t<table><tbody><tr align=\"left\" valign=\"top\"><td valign=\"top\">Restm\u00fcll, Biom\u00fcll und Altpapier:<\/td><td valign=\"top\">werden kostenlos bereitgestellt (Leihgabe des DLB)<\/td><\/tr><\/tbody><\/table>\t\t\t\t\t\t<\/div>\n\t\t\t\t<\/div>\n\t\t\t\t\t<\/div>\n\t\t<\/div>\n\t\t\t\t\t\t\t<\/div>\n\t\t<\/section>\n\t\t\t\t<section class=\"elementor-section elementor-inner-section elementor-element elementor-element-8771b56 border-plus-margin elementor-section-boxed elementor-section-height-default elementor-section-height-default\" data-id=\"8771b56\" data-element_type=\"section\">\n\t\t\t\t\t\t<div class=\"elementor-container elementor-column-gap-default\">\n\t\t\t\t\t<div class=\"elementor-column elementor-col-100 elementor-inner-column elementor-element elementor-element-74a707a\" data-id=\"74a707a\" data-element_type=\"column\">\n\t\t\t<div class=\"elementor-widget-wrap elementor-element-populated\">\n\t\t\t\t\t\t\t\t<div class=\"elementor-element elementor-element-86eb44e elementor-widget elementor-widget-heading\" data-id=\"86eb44e\" data-element_type=\"widget\" data-widget_type=\"heading.default\">\n\t\t\t\t<div class=\"elementor-widget-container\">\n\t\t\t<h2 class=\"elementor-heading-title elementor-size-default\">M\u00fclls\u00e4cke, Biom\u00fclls\u00e4cke, Windels\u00e4cke, Laubs\u00e4cke<\/h2>\t\t<\/div>\n\t\t\t\t<\/div>\n\t\t\t\t<div class=\"elementor-element elementor-element-2e50fa4 elementor-widget elementor-widget-text-editor\" data-id=\"2e50fa4\" data-element_type=\"widget\" data-widget_type=\"text-editor.default\">\n\t\t\t\t<div class=\"elementor-widget-container\">\n\t\t\t\t\t\t\t<table>\n<tbody>\n<tr>\n<td valign=\"top\">M\u00fclls\u00e4cke:<\/td>\n<td>\n<p>bei gelegentlichem Mehraufkommen von Restm\u00fcll<br>60 l Sack zum St\u00fcckpreis von 5,00 \u20ac<br>die Abfuhr erfolgt gemeinsam mit der Restm\u00fcllabfuhr<\/p>\n<\/td>\n<\/tr>\n<tr>\n<td valign=\"top\">Biom\u00fclls\u00e4cke:<\/td>\n<td>\n<p>optional zur Vorsortierung im Haushalt, 1,50\u20ac\/20 Stk..<\/p>\n<\/td>\n<\/tr>\n<tr>\n<td valign=\"top\">Windels\u00e4cke:<\/td>\n<td>\n<p>Erhalt bei Nachweis von Geburt oder Pflegefall<br>die Abfuhr erfolgt gemeinsam mit der Restm\u00fcllabfuhr. St\u00fcckpreis 2,00 \u20ac<\/p>\n<\/td>\n<\/tr>\n<tr>\n<td valign=\"top\">Laubs\u00e4cke:<\/td>\n<td>f\u00fcr Laub und Gr\u00fcnschnitt<br>zum St\u00fcckpreis von 1,00 \u20ac<br>die Abfuhr erfolgt in den Monaten Oktober bis Dezember (siehe <a href=\"https:\/\/dlb-aoer.de\/dreieich\/abfall\/abfallkalender\/\">Abfallkalender<\/a>)<\/td>\n<\/tr>\n<\/tbody>\n<\/table>\n<p>Die aufgef\u00fchrten S\u00e4cke erhalten Sie an den im&nbsp;<a href=\"https:\/\/dlb-aoer.de\/dreieich\/abfall\/abfallkalender\/\">Abfallkalender<\/a>&nbsp;aufgef\u00fchrten Stellen.<\/p>\t\t\t\t\t\t<\/div>\n\t\t\t\t<\/div>\n\t\t\t\t\t<\/div>\n\t\t<\/div>\n\t\t\t\t\t\t\t<\/div>\n\t\t<\/section>\n\t\t\t\t\t<\/div>\n\t\t<\/div>\n\t\t\t\t\t\t\t<\/div>\n\t\t<\/section>\n\t\t\t\t\t\t\t<\/div>\n\t\t","protected":false},"excerpt":{"rendered":"<p>Informationen zu Arten und Gr\u00f6\u00dfen von M\u00fcllgef\u00e4\u00dfen, sowie deren An-,Ab-,Ummeldung.<\/p>\n","protected":false},"author":2,"featured_media":431,"parent":13,"menu_order":5,"comment_status":"closed","ping_status":"closed","template":"","meta":{"inline_featured_image":false,"footnotes":"","_links_to":"","_links_to_target":""},"class_list":["post-151","page","type-page","status-publish","has-post-thumbnail","hentry"],"yoast_head":"<!-- This site is optimized with the Yoast SEO plugin v21.6 - https:\/\/yoast.com\/wordpress\/plugins\/seo\/ -->\n<title>M\u00fcllgef\u00e4\u00dfe und S\u00e4cke - DLB Dreieich<\/title>\n<meta name=\"robots\" content=\"index, follow, max-snippet:-1, max-image-preview:large, max-video-preview:-1\" \/>\n<link rel=\"canonical\" href=\"https:\/\/dlb-aoer.de\/dreieich\/abfall\/muellgefaesse-saecke\/\" \/>\n<meta property=\"og:locale\" content=\"de_DE\" \/>\n<meta property=\"og:type\" content=\"article\" \/>\n<meta property=\"og:title\" content=\"M\u00fcllgef\u00e4\u00dfe und S\u00e4cke - DLB Dreieich\" \/>\n<meta property=\"og:description\" content=\"Informationen zu Arten und Gr\u00f6\u00dfen von M\u00fcllgef\u00e4\u00dfen, sowie deren An-,Ab-,Ummeldung.\" \/>\n<meta property=\"og:url\" content=\"https:\/\/dlb-aoer.de\/dreieich\/abfall\/muellgefaesse-saecke\/\" \/>\n<meta property=\"og:site_name\" content=\"DLB Dreieich\" \/>\n<meta property=\"article:modified_time\" content=\"2025-12-18T11:40:01+00:00\" \/>\n<meta property=\"og:image\" content=\"https:\/\/dlb-aoer.de\/dreieich\/wp-content\/uploads\/sites\/4\/2019\/05\/Abfall_Muellgefaesse.jpg\" \/>\n\t<meta property=\"og:image:width\" content=\"600\" \/>\n\t<meta property=\"og:image:height\" content=\"450\" \/>\n\t<meta property=\"og:image:type\" content=\"image\/jpeg\" \/>\n<meta name=\"twitter:card\" content=\"summary_large_image\" \/>\n<meta name=\"twitter:label1\" content=\"Gesch\u00e4tzte Lesezeit\" \/>\n\t<meta name=\"twitter:data1\" content=\"2\u00a0Minuten\" \/>\n<script type=\"application\/ld+json\" class=\"yoast-schema-graph\">{\"@context\":\"https:\/\/schema.org\",\"@graph\":[{\"@type\":\"WebPage\",\"@id\":\"https:\/\/dlb-aoer.de\/dreieich\/abfall\/muellgefaesse-saecke\/\",\"url\":\"https:\/\/dlb-aoer.de\/dreieich\/abfall\/muellgefaesse-saecke\/\",\"name\":\"M\u00fcllgef\u00e4\u00dfe und S\u00e4cke - DLB Dreieich\",\"isPartOf\":{\"@id\":\"https:\/\/dlb-aoer.de\/dreieich\/#website\"},\"datePublished\":\"2019-05-12T16:06:43+00:00\",\"dateModified\":\"2025-12-18T11:40:01+00:00\",\"breadcrumb\":{\"@id\":\"https:\/\/dlb-aoer.de\/dreieich\/abfall\/muellgefaesse-saecke\/#breadcrumb\"},\"inLanguage\":\"de\",\"potentialAction\":[{\"@type\":\"ReadAction\",\"target\":[\"https:\/\/dlb-aoer.de\/dreieich\/abfall\/muellgefaesse-saecke\/\"]}]},{\"@type\":\"BreadcrumbList\",\"@id\":\"https:\/\/dlb-aoer.de\/dreieich\/abfall\/muellgefaesse-saecke\/#breadcrumb\",\"itemListElement\":[{\"@type\":\"ListItem\",\"position\":1,\"name\":\"Startseite\",\"item\":\"https:\/\/dlb-aoer.de\/dreieich\/\"},{\"@type\":\"ListItem\",\"position\":2,\"name\":\"Abfall\",\"item\":\"https:\/\/dlb-aoer.de\/dreieich\/abfall\/\"},{\"@type\":\"ListItem\",\"position\":3,\"name\":\"M\u00fcllgef\u00e4\u00dfe und S\u00e4cke\"}]},{\"@type\":\"WebSite\",\"@id\":\"https:\/\/dlb-aoer.de\/dreieich\/#website\",\"url\":\"https:\/\/dlb-aoer.de\/dreieich\/\",\"name\":\"DLB Dreieich\",\"description\":\"\",\"publisher\":{\"@id\":\"https:\/\/dlb-aoer.de\/dreieich\/#organization\"},\"potentialAction\":[{\"@type\":\"SearchAction\",\"target\":{\"@type\":\"EntryPoint\",\"urlTemplate\":\"https:\/\/dlb-aoer.de\/dreieich\/?s={search_term_string}\"},\"query-input\":\"required name=search_term_string\"}],\"inLanguage\":\"de\"},{\"@type\":\"Organization\",\"@id\":\"https:\/\/dlb-aoer.de\/dreieich\/#organization\",\"name\":\"Dienstleistungsbetrieb Dreieich und Neu-Isenburg A\u00f6R\",\"url\":\"https:\/\/dlb-aoer.de\/dreieich\/\",\"logo\":{\"@type\":\"ImageObject\",\"inLanguage\":\"de\",\"@id\":\"https:\/\/dlb-aoer.de\/dreieich\/#\/schema\/logo\/image\/\",\"url\":\"https:\/\/dlb-aoer.de\/dreieich\/wp-content\/uploads\/sites\/4\/2019\/10\/DLB_Logo_orange.svg\",\"contentUrl\":\"https:\/\/dlb-aoer.de\/dreieich\/wp-content\/uploads\/sites\/4\/2019\/10\/DLB_Logo_orange.svg\",\"width\":1,\"height\":1,\"caption\":\"Dienstleistungsbetrieb Dreieich und Neu-Isenburg A\u00f6R\"},\"image\":{\"@id\":\"https:\/\/dlb-aoer.de\/dreieich\/#\/schema\/logo\/image\/\"}}]}<\/script>\n<!-- \/ Yoast SEO plugin. -->","yoast_head_json":{"title":"M\u00fcllgef\u00e4\u00dfe und S\u00e4cke - DLB Dreieich","robots":{"index":"index","follow":"follow","max-snippet":"max-snippet:-1","max-image-preview":"max-image-preview:large","max-video-preview":"max-video-preview:-1"},"canonical":"https:\/\/dlb-aoer.de\/dreieich\/abfall\/muellgefaesse-saecke\/","og_locale":"de_DE","og_type":"article","og_title":"M\u00fcllgef\u00e4\u00dfe und S\u00e4cke - DLB Dreieich","og_description":"Informationen zu Arten und Gr\u00f6\u00dfen von M\u00fcllgef\u00e4\u00dfen, sowie deren An-,Ab-,Ummeldung.","og_url":"https:\/\/dlb-aoer.de\/dreieich\/abfall\/muellgefaesse-saecke\/","og_site_name":"DLB Dreieich","article_modified_time":"2025-12-18T11:40:01+00:00","og_image":[{"width":600,"height":450,"url":"https:\/\/dlb-aoer.de\/dreieich\/wp-content\/uploads\/sites\/4\/2019\/05\/Abfall_Muellgefaesse.jpg","type":"image\/jpeg"}],"twitter_card":"summary_large_image","twitter_misc":{"Gesch\u00e4tzte Lesezeit":"2\u00a0Minuten"},"schema":{"@context":"https:\/\/schema.org","@graph":[{"@type":"WebPage","@id":"https:\/\/dlb-aoer.de\/dreieich\/abfall\/muellgefaesse-saecke\/","url":"https:\/\/dlb-aoer.de\/dreieich\/abfall\/muellgefaesse-saecke\/","name":"M\u00fcllgef\u00e4\u00dfe und S\u00e4cke - DLB Dreieich","isPartOf":{"@id":"https:\/\/dlb-aoer.de\/dreieich\/#website"},"datePublished":"2019-05-12T16:06:43+00:00","dateModified":"2025-12-18T11:40:01+00:00","breadcrumb":{"@id":"https:\/\/dlb-aoer.de\/dreieich\/abfall\/muellgefaesse-saecke\/#breadcrumb"},"inLanguage":"de","potentialAction":[{"@type":"ReadAction","target":["https:\/\/dlb-aoer.de\/dreieich\/abfall\/muellgefaesse-saecke\/"]}]},{"@type":"BreadcrumbList","@id":"https:\/\/dlb-aoer.de\/dreieich\/abfall\/muellgefaesse-saecke\/#breadcrumb","itemListElement":[{"@type":"ListItem","position":1,"name":"Startseite","item":"https:\/\/dlb-aoer.de\/dreieich\/"},{"@type":"ListItem","position":2,"name":"Abfall","item":"https:\/\/dlb-aoer.de\/dreieich\/abfall\/"},{"@type":"ListItem","position":3,"name":"M\u00fcllgef\u00e4\u00dfe und S\u00e4cke"}]},{"@type":"WebSite","@id":"https:\/\/dlb-aoer.de\/dreieich\/#website","url":"https:\/\/dlb-aoer.de\/dreieich\/","name":"DLB Dreieich","description":"","publisher":{"@id":"https:\/\/dlb-aoer.de\/dreieich\/#organization"},"potentialAction":[{"@type":"SearchAction","target":{"@type":"EntryPoint","urlTemplate":"https:\/\/dlb-aoer.de\/dreieich\/?s={search_term_string}"},"query-input":"required name=search_term_string"}],"inLanguage":"de"},{"@type":"Organization","@id":"https:\/\/dlb-aoer.de\/dreieich\/#organization","name":"Dienstleistungsbetrieb Dreieich und Neu-Isenburg A\u00f6R","url":"https:\/\/dlb-aoer.de\/dreieich\/","logo":{"@type":"ImageObject","inLanguage":"de","@id":"https:\/\/dlb-aoer.de\/dreieich\/#\/schema\/logo\/image\/","url":"https:\/\/dlb-aoer.de\/dreieich\/wp-content\/uploads\/sites\/4\/2019\/10\/DLB_Logo_orange.svg","contentUrl":"https:\/\/dlb-aoer.de\/dreieich\/wp-content\/uploads\/sites\/4\/2019\/10\/DLB_Logo_orange.svg","width":1,"height":1,"caption":"Dienstleistungsbetrieb Dreieich und Neu-Isenburg A\u00f6R"},"image":{"@id":"https:\/\/dlb-aoer.de\/dreieich\/#\/schema\/logo\/image\/"}}]}},"_links":{"self":[{"href":"https:\/\/dlb-aoer.de\/dreieich\/wp-json\/wp\/v2\/pages\/151","targetHints":{"allow":["GET"]}}],"collection":[{"href":"https:\/\/dlb-aoer.de\/dreieich\/wp-json\/wp\/v2\/pages"}],"about":[{"href":"https:\/\/dlb-aoer.de\/dreieich\/wp-json\/wp\/v2\/types\/page"}],"author":[{"embeddable":true,"href":"https:\/\/dlb-aoer.de\/dreieich\/wp-json\/wp\/v2\/users\/2"}],"replies":[{"embeddable":true,"href":"https:\/\/dlb-aoer.de\/dreieich\/wp-json\/wp\/v2\/comments?post=151"}],"version-history":[{"count":38,"href":"https:\/\/dlb-aoer.de\/dreieich\/wp-json\/wp\/v2\/pages\/151\/revisions"}],"predecessor-version":[{"id":4915,"href":"https:\/\/dlb-aoer.de\/dreieich\/wp-json\/wp\/v2\/pages\/151\/revisions\/4915"}],"up":[{"embeddable":true,"href":"https:\/\/dlb-aoer.de\/dreieich\/wp-json\/wp\/v2\/pages\/13"}],"wp:featuredmedia":[{"embeddable":true,"href":"https:\/\/dlb-aoer.de\/dreieich\/wp-json\/wp\/v2\/media\/431"}],"wp:attachment":[{"href":"https:\/\/dlb-aoer.de\/dreieich\/wp-json\/wp\/v2\/media?parent=151"}],"curies":[{"name":"wp","href":"https:\/\/api.w.org\/{rel}","templated":true}]}}