{"id":1433,"date":"2021-03-12T11:22:34","date_gmt":"2021-03-12T10:22:34","guid":{"rendered":"https:\/\/dlb-aoer.de\/dreieich\/?page_id=1433"},"modified":"2022-08-05T07:39:01","modified_gmt":"2022-08-05T05:39:01","slug":"baeume","status":"publish","type":"page","link":"https:\/\/dlb-aoer.de\/dreieich\/gruen-spiel-sport\/baeume\/","title":{"rendered":"B\u00e4ume"},"content":{"rendered":"\t\t<div data-elementor-type=\"wp-post\" data-elementor-id=\"1433\" class=\"elementor elementor-1433\">\n\t\t\t\t\t\t\t\t\t<section class=\"elementor-section elementor-top-section elementor-element elementor-element-37ff4fe elementor-section-boxed elementor-section-height-default elementor-section-height-default\" data-id=\"37ff4fe\" data-element_type=\"section\">\n\t\t\t\t\t\t<div class=\"elementor-container elementor-column-gap-default\">\n\t\t\t\t\t<div class=\"elementor-column elementor-col-100 elementor-top-column elementor-element elementor-element-bd1f6b9\" data-id=\"bd1f6b9\" data-element_type=\"column\">\n\t\t\t<div class=\"elementor-widget-wrap elementor-element-populated\">\n\t\t\t\t\t\t\t\t<div class=\"elementor-element elementor-element-4beeed8 elementor-widget elementor-widget-heading\" data-id=\"4beeed8\" data-element_type=\"widget\" data-widget_type=\"heading.default\">\n\t\t\t\t<div class=\"elementor-widget-container\">\n\t\t\t<h1 class=\"elementor-heading-title elementor-size-default\">\u00d6ffentliche und private Stadtb\u00e4ume<\/h1>\t\t<\/div>\n\t\t\t\t<\/div>\n\t\t\t\t<div class=\"elementor-element elementor-element-ed80c66 elementor-widget elementor-widget-eael-post-grid\" data-id=\"ed80c66\" data-element_type=\"widget\" data-widget_type=\"eael-post-grid.default\">\n\t\t\t\t<div class=\"elementor-widget-container\">\n\t\t\t\t\t<div id=\"eael-post-grid-ed80c66\" class=\"eael-post-grid-container eael-col-3\">\n\t\t    <div class=\"eael-post-grid eael-post-appender-ed80c66\">\n\t\t\t<article class=\"eael-grid-post eael-post-grid-column\">\n    <div class=\"eael-grid-post-holder\">\n        <div class=\"eael-grid-post-holder-inner\">\n                            <div class=\"eael-entry-medianone\">\n                                            <div class=\"eael-entry-overlay fade-in\">\n                                                            <i class=\"fa fa-long-arrow-right\" aria-hidden=\"true\"><\/i>\n                                                        <a href=\"https:\/\/dlb-aoer.de\/dreieich\/gruen-spiel-sport\/baeume\/baumpflege\/\"><\/a>\n                        <\/div>\n                    \n                                            <div class=\"eael-entry-thumbnail\">\n                            <img decoding=\"async\" src=\"https:\/\/dlb-aoer.de\/dreieich\/wp-content\/uploads\/sites\/4\/2021\/02\/5-550x400.jpg\" alt=\"\">\n                        <\/div>\n                                    <\/div>\n            \n                            <div class=\"eael-entry-wrapper\">\n                    <header class=\"eael-entry-header\">\n                                                    <h2 class=\"eael-entry-title\"><a class=\"eael-grid-post-link\" href=\"https:\/\/dlb-aoer.de\/dreieich\/gruen-spiel-sport\/baeume\/baumpflege\/\" title=\"Baumpflege und Kontrolle\">Baumpflege und Kontrolle<\/a><\/h2>\n                        \n                                            <\/header>\n\n                                    <\/div>\n\n                                    <\/div>\n    <\/div>\n<\/article>\n<article class=\"eael-grid-post eael-post-grid-column\">\n    <div class=\"eael-grid-post-holder\">\n        <div class=\"eael-grid-post-holder-inner\">\n                            <div class=\"eael-entry-medianone\">\n                                            <div class=\"eael-entry-overlay fade-in\">\n                                                            <i class=\"fa fa-long-arrow-right\" aria-hidden=\"true\"><\/i>\n                                                        <a href=\"https:\/\/dlb-aoer.de\/dreieich\/gruen-spiel-sport\/baeume\/baumschutzsatzung\/\"><\/a>\n                        <\/div>\n                    \n                                            <div class=\"eael-entry-thumbnail\">\n                            <img decoding=\"async\" src=\"https:\/\/dlb-aoer.de\/dreieich\/wp-content\/uploads\/sites\/4\/2021\/02\/1-550x400.jpg\" alt=\"\">\n                        <\/div>\n                                    <\/div>\n            \n                            <div class=\"eael-entry-wrapper\">\n                    <header class=\"eael-entry-header\">\n                                                    <h2 class=\"eael-entry-title\"><a class=\"eael-grid-post-link\" href=\"https:\/\/dlb-aoer.de\/dreieich\/gruen-spiel-sport\/baeume\/baumschutzsatzung\/\" title=\"Baumschutzsatzung\">Baumschutzsatzung<\/a><\/h2>\n                        \n                                            <\/header>\n\n                                    <\/div>\n\n                                    <\/div>\n    <\/div>\n<\/article>\n<article class=\"eael-grid-post eael-post-grid-column\">\n    <div class=\"eael-grid-post-holder\">\n        <div class=\"eael-grid-post-holder-inner\">\n                            <div class=\"eael-entry-medianone\">\n                                            <div class=\"eael-entry-overlay fade-in\">\n                                                            <i class=\"fa fa-long-arrow-right\" aria-hidden=\"true\"><\/i>\n                                                        <a href=\"https:\/\/dlb-aoer.de\/dreieich\/gruen-spiel-sport\/baeume\/baumspenden-patenschaften\/\"><\/a>\n                        <\/div>\n                    \n                                            <div class=\"eael-entry-thumbnail\">\n                            <img decoding=\"async\" src=\"https:\/\/dlb-aoer.de\/dreieich\/wp-content\/uploads\/sites\/4\/2022\/07\/Baumspende-550x400.jpg\" alt=\"Baumspenden und Baumpatenschaften\">\n                        <\/div>\n                                    <\/div>\n            \n                            <div class=\"eael-entry-wrapper\">\n                    <header class=\"eael-entry-header\">\n                                                    <h2 class=\"eael-entry-title\"><a class=\"eael-grid-post-link\" href=\"https:\/\/dlb-aoer.de\/dreieich\/gruen-spiel-sport\/baeume\/baumspenden-patenschaften\/\" title=\"Baumspenden\/ Patenschaften\">Baumspenden\/ Patenschaften<\/a><\/h2>\n                        \n                                            <\/header>\n\n                                    <\/div>\n\n                                    <\/div>\n    <\/div>\n<\/article>\n<article class=\"eael-grid-post eael-post-grid-column\">\n    <div class=\"eael-grid-post-holder\">\n        <div class=\"eael-grid-post-holder-inner\">\n                            <div class=\"eael-entry-medianone\">\n                                            <div class=\"eael-entry-overlay fade-in\">\n                                                            <i class=\"fa fa-long-arrow-right\" aria-hidden=\"true\"><\/i>\n                                                        <a href=\"https:\/\/dlb-aoer.de\/dreieich\/gruen-spiel-sport\/baeume\/eichenprozessionsspinner\/\"><\/a>\n                        <\/div>\n                    \n                                            <div class=\"eael-entry-thumbnail\">\n                            <img decoding=\"async\" src=\"https:\/\/dlb-aoer.de\/dreieich\/wp-content\/uploads\/sites\/4\/2021\/02\/4-550x400.jpg\" alt=\"\">\n                        <\/div>\n                                    <\/div>\n            \n                            <div class=\"eael-entry-wrapper\">\n                    <header class=\"eael-entry-header\">\n                                                    <h2 class=\"eael-entry-title\"><a class=\"eael-grid-post-link\" href=\"https:\/\/dlb-aoer.de\/dreieich\/gruen-spiel-sport\/baeume\/eichenprozessionsspinner\/\" title=\"Eichenprozessionsspinner\">Eichenprozessionsspinner<\/a><\/h2>\n                        \n                                            <\/header>\n\n                                    <\/div>\n\n                                    <\/div>\n    <\/div>\n<\/article>\n<article class=\"eael-grid-post eael-post-grid-column\">\n    <div class=\"eael-grid-post-holder\">\n        <div class=\"eael-grid-post-holder-inner\">\n                            <div class=\"eael-entry-medianone\">\n                                            <div class=\"eael-entry-overlay fade-in\">\n                                                            <i class=\"fa fa-long-arrow-right\" aria-hidden=\"true\"><\/i>\n                                                        <a href=\"https:\/\/dlb-aoer.de\/dreieich\/gruen-spiel-sport\/baeume\/natur-und-artenschutz\/\"><\/a>\n                        <\/div>\n                    \n                                            <div class=\"eael-entry-thumbnail\">\n                            <img decoding=\"async\" src=\"https:\/\/dlb-aoer.de\/dreieich\/wp-content\/uploads\/sites\/4\/2021\/02\/2-550x400.jpg\" alt=\"\">\n                        <\/div>\n                                    <\/div>\n            \n                            <div class=\"eael-entry-wrapper\">\n                    <header class=\"eael-entry-header\">\n                                                    <h2 class=\"eael-entry-title\"><a class=\"eael-grid-post-link\" href=\"https:\/\/dlb-aoer.de\/dreieich\/gruen-spiel-sport\/baeume\/natur-und-artenschutz\/\" title=\"Natur- und Artenschutz\">Natur- und Artenschutz<\/a><\/h2>\n                        \n                                            <\/header>\n\n                                    <\/div>\n\n                                    <\/div>\n    <\/div>\n<\/article>\n<article class=\"eael-grid-post eael-post-grid-column\">\n    <div class=\"eael-grid-post-holder\">\n        <div class=\"eael-grid-post-holder-inner\">\n                            <div class=\"eael-entry-medianone\">\n                                            <div class=\"eael-entry-overlay fade-in\">\n                                                            <i class=\"fa fa-long-arrow-right\" aria-hidden=\"true\"><\/i>\n                                                        <a href=\"https:\/\/dlb-aoer.de\/dreieich\/gruen-spiel-sport\/baeume\/schadensmeldungen\/\"><\/a>\n                        <\/div>\n                    \n                                            <div class=\"eael-entry-thumbnail\">\n                            <img decoding=\"async\" src=\"https:\/\/dlb-aoer.de\/dreieich\/wp-content\/uploads\/sites\/4\/2021\/02\/10-550x400.jpg\" alt=\"\">\n                        <\/div>\n                                    <\/div>\n            \n                            <div class=\"eael-entry-wrapper\">\n                    <header class=\"eael-entry-header\">\n                                                    <h2 class=\"eael-entry-title\"><a class=\"eael-grid-post-link\" href=\"https:\/\/dlb-aoer.de\/dreieich\/gruen-spiel-sport\/baeume\/schadensmeldungen\/\" title=\"Schadensmeldungen\">Schadensmeldungen<\/a><\/h2>\n                        \n                                            <\/header>\n\n                                    <\/div>\n\n                                    <\/div>\n    <\/div>\n<\/article>\n\t\t    <\/div>\n\t\t    <div class=\"clearfix\"><\/div>\n\t\t<\/div>\n\t\t\t\t<\/div>\n\t\t\t\t<\/div>\n\t\t\t\t\t<\/div>\n\t\t<\/div>\n\t\t\t\t\t\t\t<\/div>\n\t\t<\/section>\n\t\t\t\t\t\t\t<\/div>\n\t\t","protected":false},"excerpt":{"rendered":"<p>B\u00e4ume beleben und gliedern das Stadtbild, sichern die Leistungsf\u00e4higkeit des Naturhaushaltes und dienen zur Abwehr sch\u00e4dlicher&#8230;<\/p>\n","protected":false},"author":2,"featured_media":1441,"parent":17,"menu_order":1,"comment_status":"closed","ping_status":"closed","template":"elementor_header_footer","meta":{"inline_featured_image":false,"footnotes":"","_links_to":"","_links_to_target":""},"class_list":["post-1433","page","type-page","status-publish","has-post-thumbnail","hentry"],"yoast_head":"<!-- This site is optimized with the Yoast SEO plugin v21.6 - https:\/\/yoast.com\/wordpress\/plugins\/seo\/ -->\n<title>B\u00e4ume - DLB Dreieich<\/title>\n<meta name=\"robots\" content=\"index, follow, max-snippet:-1, max-image-preview:large, max-video-preview:-1\" \/>\n<link rel=\"canonical\" href=\"https:\/\/dlb-aoer.de\/dreieich\/gruen-spiel-sport\/baeume\/\" \/>\n<meta property=\"og:locale\" content=\"de_DE\" \/>\n<meta property=\"og:type\" content=\"article\" \/>\n<meta property=\"og:title\" content=\"B\u00e4ume - DLB Dreieich\" \/>\n<meta property=\"og:description\" content=\"B\u00e4ume beleben und gliedern das Stadtbild, sichern die Leistungsf\u00e4higkeit des Naturhaushaltes und dienen zur Abwehr sch\u00e4dlicher...\" \/>\n<meta property=\"og:url\" content=\"https:\/\/dlb-aoer.de\/dreieich\/gruen-spiel-sport\/baeume\/\" \/>\n<meta property=\"og:site_name\" content=\"DLB Dreieich\" \/>\n<meta property=\"article:modified_time\" content=\"2022-08-05T05:39:01+00:00\" \/>\n<meta property=\"og:image\" content=\"https:\/\/dlb-aoer.de\/dreieich\/wp-content\/uploads\/sites\/4\/2021\/02\/1-scaled.jpg\" \/>\n\t<meta property=\"og:image:width\" content=\"2560\" \/>\n\t<meta property=\"og:image:height\" content=\"967\" \/>\n\t<meta property=\"og:image:type\" content=\"image\/jpeg\" \/>\n<meta name=\"twitter:card\" content=\"summary_large_image\" \/>\n<script type=\"application\/ld+json\" class=\"yoast-schema-graph\">{\"@context\":\"https:\/\/schema.org\",\"@graph\":[{\"@type\":\"WebPage\",\"@id\":\"https:\/\/dlb-aoer.de\/dreieich\/gruen-spiel-sport\/baeume\/\",\"url\":\"https:\/\/dlb-aoer.de\/dreieich\/gruen-spiel-sport\/baeume\/\",\"name\":\"B\u00e4ume - DLB Dreieich\",\"isPartOf\":{\"@id\":\"https:\/\/dlb-aoer.de\/dreieich\/#website\"},\"datePublished\":\"2021-03-12T10:22:34+00:00\",\"dateModified\":\"2022-08-05T05:39:01+00:00\",\"breadcrumb\":{\"@id\":\"https:\/\/dlb-aoer.de\/dreieich\/gruen-spiel-sport\/baeume\/#breadcrumb\"},\"inLanguage\":\"de\",\"potentialAction\":[{\"@type\":\"ReadAction\",\"target\":[\"https:\/\/dlb-aoer.de\/dreieich\/gruen-spiel-sport\/baeume\/\"]}]},{\"@type\":\"BreadcrumbList\",\"@id\":\"https:\/\/dlb-aoer.de\/dreieich\/gruen-spiel-sport\/baeume\/#breadcrumb\",\"itemListElement\":[{\"@type\":\"ListItem\",\"position\":1,\"name\":\"Startseite\",\"item\":\"https:\/\/dlb-aoer.de\/dreieich\/\"},{\"@type\":\"ListItem\",\"position\":2,\"name\":\"Gr\u00fcn\/Spiel\/Sport\",\"item\":\"https:\/\/dlb-aoer.de\/dreieich\/gruen-spiel-sport\/\"},{\"@type\":\"ListItem\",\"position\":3,\"name\":\"B\u00e4ume\"}]},{\"@type\":\"WebSite\",\"@id\":\"https:\/\/dlb-aoer.de\/dreieich\/#website\",\"url\":\"https:\/\/dlb-aoer.de\/dreieich\/\",\"name\":\"DLB Dreieich\",\"description\":\"\",\"publisher\":{\"@id\":\"https:\/\/dlb-aoer.de\/dreieich\/#organization\"},\"potentialAction\":[{\"@type\":\"SearchAction\",\"target\":{\"@type\":\"EntryPoint\",\"urlTemplate\":\"https:\/\/dlb-aoer.de\/dreieich\/?s={search_term_string}\"},\"query-input\":\"required name=search_term_string\"}],\"inLanguage\":\"de\"},{\"@type\":\"Organization\",\"@id\":\"https:\/\/dlb-aoer.de\/dreieich\/#organization\",\"name\":\"Dienstleistungsbetrieb Dreieich und Neu-Isenburg A\u00f6R\",\"url\":\"https:\/\/dlb-aoer.de\/dreieich\/\",\"logo\":{\"@type\":\"ImageObject\",\"inLanguage\":\"de\",\"@id\":\"https:\/\/dlb-aoer.de\/dreieich\/#\/schema\/logo\/image\/\",\"url\":\"https:\/\/dlb-aoer.de\/dreieich\/wp-content\/uploads\/sites\/4\/2019\/10\/DLB_Logo_orange.svg\",\"contentUrl\":\"https:\/\/dlb-aoer.de\/dreieich\/wp-content\/uploads\/sites\/4\/2019\/10\/DLB_Logo_orange.svg\",\"width\":1,\"height\":1,\"caption\":\"Dienstleistungsbetrieb Dreieich und Neu-Isenburg A\u00f6R\"},\"image\":{\"@id\":\"https:\/\/dlb-aoer.de\/dreieich\/#\/schema\/logo\/image\/\"}}]}<\/script>\n<!-- \/ Yoast SEO plugin. -->","yoast_head_json":{"title":"B\u00e4ume - DLB Dreieich","robots":{"index":"index","follow":"follow","max-snippet":"max-snippet:-1","max-image-preview":"max-image-preview:large","max-video-preview":"max-video-preview:-1"},"canonical":"https:\/\/dlb-aoer.de\/dreieich\/gruen-spiel-sport\/baeume\/","og_locale":"de_DE","og_type":"article","og_title":"B\u00e4ume - DLB Dreieich","og_description":"B\u00e4ume beleben und gliedern das Stadtbild, sichern die Leistungsf\u00e4higkeit des Naturhaushaltes und dienen zur Abwehr sch\u00e4dlicher...","og_url":"https:\/\/dlb-aoer.de\/dreieich\/gruen-spiel-sport\/baeume\/","og_site_name":"DLB Dreieich","article_modified_time":"2022-08-05T05:39:01+00:00","og_image":[{"width":2560,"height":967,"url":"https:\/\/dlb-aoer.de\/dreieich\/wp-content\/uploads\/sites\/4\/2021\/02\/1-scaled.jpg","type":"image\/jpeg"}],"twitter_card":"summary_large_image","schema":{"@context":"https:\/\/schema.org","@graph":[{"@type":"WebPage","@id":"https:\/\/dlb-aoer.de\/dreieich\/gruen-spiel-sport\/baeume\/","url":"https:\/\/dlb-aoer.de\/dreieich\/gruen-spiel-sport\/baeume\/","name":"B\u00e4ume - DLB Dreieich","isPartOf":{"@id":"https:\/\/dlb-aoer.de\/dreieich\/#website"},"datePublished":"2021-03-12T10:22:34+00:00","dateModified":"2022-08-05T05:39:01+00:00","breadcrumb":{"@id":"https:\/\/dlb-aoer.de\/dreieich\/gruen-spiel-sport\/baeume\/#breadcrumb"},"inLanguage":"de","potentialAction":[{"@type":"ReadAction","target":["https:\/\/dlb-aoer.de\/dreieich\/gruen-spiel-sport\/baeume\/"]}]},{"@type":"BreadcrumbList","@id":"https:\/\/dlb-aoer.de\/dreieich\/gruen-spiel-sport\/baeume\/#breadcrumb","itemListElement":[{"@type":"ListItem","position":1,"name":"Startseite","item":"https:\/\/dlb-aoer.de\/dreieich\/"},{"@type":"ListItem","position":2,"name":"Gr\u00fcn\/Spiel\/Sport","item":"https:\/\/dlb-aoer.de\/dreieich\/gruen-spiel-sport\/"},{"@type":"ListItem","position":3,"name":"B\u00e4ume"}]},{"@type":"WebSite","@id":"https:\/\/dlb-aoer.de\/dreieich\/#website","url":"https:\/\/dlb-aoer.de\/dreieich\/","name":"DLB Dreieich","description":"","publisher":{"@id":"https:\/\/dlb-aoer.de\/dreieich\/#organization"},"potentialAction":[{"@type":"SearchAction","target":{"@type":"EntryPoint","urlTemplate":"https:\/\/dlb-aoer.de\/dreieich\/?s={search_term_string}"},"query-input":"required name=search_term_string"}],"inLanguage":"de"},{"@type":"Organization","@id":"https:\/\/dlb-aoer.de\/dreieich\/#organization","name":"Dienstleistungsbetrieb Dreieich und Neu-Isenburg A\u00f6R","url":"https:\/\/dlb-aoer.de\/dreieich\/","logo":{"@type":"ImageObject","inLanguage":"de","@id":"https:\/\/dlb-aoer.de\/dreieich\/#\/schema\/logo\/image\/","url":"https:\/\/dlb-aoer.de\/dreieich\/wp-content\/uploads\/sites\/4\/2019\/10\/DLB_Logo_orange.svg","contentUrl":"https:\/\/dlb-aoer.de\/dreieich\/wp-content\/uploads\/sites\/4\/2019\/10\/DLB_Logo_orange.svg","width":1,"height":1,"caption":"Dienstleistungsbetrieb Dreieich und Neu-Isenburg A\u00f6R"},"image":{"@id":"https:\/\/dlb-aoer.de\/dreieich\/#\/schema\/logo\/image\/"}}]}},"_links":{"self":[{"href":"https:\/\/dlb-aoer.de\/dreieich\/wp-json\/wp\/v2\/pages\/1433","targetHints":{"allow":["GET"]}}],"collection":[{"href":"https:\/\/dlb-aoer.de\/dreieich\/wp-json\/wp\/v2\/pages"}],"about":[{"href":"https:\/\/dlb-aoer.de\/dreieich\/wp-json\/wp\/v2\/types\/page"}],"author":[{"embeddable":true,"href":"https:\/\/dlb-aoer.de\/dreieich\/wp-json\/wp\/v2\/users\/2"}],"replies":[{"embeddable":true,"href":"https:\/\/dlb-aoer.de\/dreieich\/wp-json\/wp\/v2\/comments?post=1433"}],"version-history":[{"count":15,"href":"https:\/\/dlb-aoer.de\/dreieich\/wp-json\/wp\/v2\/pages\/1433\/revisions"}],"predecessor-version":[{"id":2913,"href":"https:\/\/dlb-aoer.de\/dreieich\/wp-json\/wp\/v2\/pages\/1433\/revisions\/2913"}],"up":[{"embeddable":true,"href":"https:\/\/dlb-aoer.de\/dreieich\/wp-json\/wp\/v2\/pages\/17"}],"wp:featuredmedia":[{"embeddable":true,"href":"https:\/\/dlb-aoer.de\/dreieich\/wp-json\/wp\/v2\/media\/1441"}],"wp:attachment":[{"href":"https:\/\/dlb-aoer.de\/dreieich\/wp-json\/wp\/v2\/media?parent=1433"}],"curies":[{"name":"wp","href":"https:\/\/api.w.org\/{rel}","templated":true}]}}